{"id":738,"date":"2024-06-03T16:31:11","date_gmt":"2024-06-03T16:31:11","guid":{"rendered":"https:\/\/cheri-heater.com\/esp\/?page_id=738"},"modified":"2024-07-31T21:46:18","modified_gmt":"2024-07-31T21:46:18","slug":"about-us","status":"publish","type":"page","link":"https:\/\/cheri-heater.com\/esp\/about-us\/","title":{"rendered":"About Us"},"content":{"rendered":"\t\t<div data-elementor-type=\"wp-page\" data-elementor-id=\"738\" class=\"elementor elementor-738\" data-elementor-post-type=\"page\">\n\t\t\t\t<div class=\"elementor-element elementor-element-bb5efb9 e-con-full e-flex e-con e-parent\" data-id=\"bb5efb9\" data-element_type=\"container\" data-e-type=\"container\" data-settings=\"{&quot;background_background&quot;:&quot;classic&quot;}\">\n\t\t\t\t<div class=\"elementor-element elementor-element-277df25 elementor-widget elementor-widget-heading\" data-id=\"277df25\" data-element_type=\"widget\" data-e-type=\"widget\" data-widget_type=\"heading.default\">\n\t\t\t\t<div class=\"elementor-widget-container\">\n\t\t\t\t\t<h1 class=\"elementor-heading-title elementor-size-default\">Sobre Nosotros<\/h1>\t\t\t\t<\/div>\n\t\t\t\t<\/div>\n\t\t\t\t<\/div>\n\t\t<div class=\"elementor-element elementor-element-398da0a e-con-full e-flex e-con e-parent\" data-id=\"398da0a\" data-element_type=\"container\" data-e-type=\"container\" data-settings=\"{&quot;background_background&quot;:&quot;classic&quot;}\">\n\t\t\t\t<div class=\"elementor-element elementor-element-276b9c4 elementor-widget elementor-widget-woocommerce-breadcrumb\" data-id=\"276b9c4\" data-element_type=\"widget\" data-e-type=\"widget\" data-widget_type=\"woocommerce-breadcrumb.default\">\n\t\t\t\t<div class=\"elementor-widget-container\">\n\t\t\t\t\t<nav class=\"woocommerce-breadcrumb\" aria-label=\"Breadcrumb\">Home<\/nav>\t\t\t\t<\/div>\n\t\t\t\t<\/div>\n\t\t\t\t<\/div>\n\t\t<div class=\"elementor-element elementor-element-ca81484 e-con-full e-flex e-con e-parent\" data-id=\"ca81484\" data-element_type=\"container\" data-e-type=\"container\">\n\t\t<div class=\"elementor-element elementor-element-2d95ec7 e-con-full e-flex e-con e-child\" data-id=\"2d95ec7\" data-element_type=\"container\" data-e-type=\"container\" data-settings=\"{&quot;background_background&quot;:&quot;video&quot;,&quot;background_video_link&quot;:&quot;https:\\\/\\\/www.youtube.com\\\/watch?v=nivzp4Ywl7U&quot;,&quot;background_play_on_mobile&quot;:&quot;yes&quot;,&quot;background_video_start&quot;:10}\">\n\t\t<div class=\"elementor-background-video-container\">\n\t\t\t\t\t\t\t<div class=\"elementor-background-video-embed\" role=\"presentation\"><\/div>\n\t\t\t\t\t\t<\/div>\t\t<div class=\"elementor-element elementor-element-18c991f elementor-widget elementor-widget-image\" data-id=\"18c991f\" data-element_type=\"widget\" data-e-type=\"widget\" data-widget_type=\"image.default\">\n\t\t\t\t<div class=\"elementor-widget-container\">\n\t\t\t\t\t\t\t\t\t\t\t\t\t\t\t<img decoding=\"async\" width=\"346\" height=\"99\" data-src=\"https:\/\/cheri-heater.com\/esp\/wp-content\/uploads\/2024\/06\/cropped-logo-resize.png\" class=\"attachment-full size-full wp-image-21 lazyload\" alt=\"\" data-srcset=\"https:\/\/cheri-heater.com\/esp\/wp-content\/uploads\/2024\/06\/cropped-logo-resize.png 346w, https:\/\/cheri-heater.com\/esp\/wp-content\/uploads\/2024\/06\/cropped-logo-resize-300x86.png 300w\" data-sizes=\"(max-width: 346px) 100vw, 346px\" src=\"data:image\/svg+xml;base64,PHN2ZyB3aWR0aD0iMSIgaGVpZ2h0PSIxIiB4bWxucz0iaHR0cDovL3d3dy53My5vcmcvMjAwMC9zdmciPjwvc3ZnPg==\" style=\"--smush-placeholder-width: 346px; --smush-placeholder-aspect-ratio: 346\/99;\" \/>\t\t\t\t\t\t\t\t\t\t\t\t\t\t\t<\/div>\n\t\t\t\t<\/div>\n\t\t\t\t<\/div>\n\t\t<div class=\"elementor-element elementor-element-08730a7 e-con-full e-flex e-con e-child\" data-id=\"08730a7\" data-element_type=\"container\" data-e-type=\"container\">\n\t\t\t\t<div class=\"elementor-element elementor-element-80a72f2 elementor-widget elementor-widget-heading\" data-id=\"80a72f2\" data-element_type=\"widget\" data-e-type=\"widget\" data-widget_type=\"heading.default\">\n\t\t\t\t<div class=\"elementor-widget-container\">\n\t\t\t\t\t<div class=\"elementor-heading-title elementor-size-default\">Sobre Nosotros<\/div>\t\t\t\t<\/div>\n\t\t\t\t<\/div>\n\t\t\t\t<div class=\"elementor-element elementor-element-2d08514 elementor-widget elementor-widget-heading\" data-id=\"2d08514\" data-element_type=\"widget\" data-e-type=\"widget\" data-widget_type=\"heading.default\">\n\t\t\t\t<div class=\"elementor-widget-container\">\n\t\t\t\t\t<div class=\"elementor-heading-title elementor-size-default\"><span>Cheri Calentador Technology Co., Ltd.<\/span><\/div>\t\t\t\t<\/div>\n\t\t\t\t<\/div>\n\t\t\t\t<div class=\"elementor-element elementor-element-58b383e elementor-widget elementor-widget-text-editor\" data-id=\"58b383e\" data-element_type=\"widget\" data-e-type=\"widget\" data-widget_type=\"text-editor.default\">\n\t\t\t\t<div class=\"elementor-widget-container\">\n\t\t\t\t\t\t\t\t\t<p>Cheri Heater Technology Co., Ltd., una empresa certificada ISO 9001:2008 y CE, es uno de los principales fabricantes de calentadores industriales de alta calidad. Producimos calentadores de cartucho (baja densidad y alta densidad), termopares, calentadores de boquilla, calentadores tubulares, calentadores de banda de mica y cer\u00e1mica, etc.<\/p><p>Cheri Heater Technology Co., Ltd. fue incorporada en 2003 por nuestro fundador. Durante sus 20 a\u00f1os de servicio en la industria, \u00e9l percibi\u00f3 una fuerte necesidad de calentadores industriales de buena calidad y dise\u00f1o personalizado.<\/p><p>A lo largo de los a\u00f1os, hemos ampliado nuestra cartera de productos y base de clientes, expandiendo nuestras capacidades de fabricaci\u00f3n y t\u00e9cnicas, manteniendo la calidad del producto y un modelo de negocio orientado al cliente. Ahora, contamos con capacidades internas de corte, conformado, mecanizado, dimensionado y acabado. Dise\u00f1amos nuestros propios calentadores, manteniendo costos competitivos y controlando la calidad.<\/p>\t\t\t\t\t\t\t\t<\/div>\n\t\t\t\t<\/div>\n\t\t\t\t<\/div>\n\t\t\t\t<\/div>\n\t\t<div class=\"elementor-element elementor-element-bc79b83 e-con-full e-flex e-con e-parent\" data-id=\"bc79b83\" data-element_type=\"container\" data-e-type=\"container\">\n\t\t<div class=\"elementor-element elementor-element-bb6b7bd e-con-full e-flex e-con e-child\" data-id=\"bb6b7bd\" data-element_type=\"container\" data-e-type=\"container\">\n\t\t\t\t<div class=\"elementor-element elementor-element-7e36285 elementor-widget elementor-widget-heading\" data-id=\"7e36285\" data-element_type=\"widget\" data-e-type=\"widget\" data-widget_type=\"heading.default\">\n\t\t\t\t<div class=\"elementor-widget-container\">\n\t\t\t\t\t<div class=\"elementor-heading-title elementor-size-default\">Soluciones Integrales de Calentamiento Industrial: Excelencia en Dise\u00f1o, Fabricaci\u00f3n y Satisfacci\u00f3n del Cliente<\/div>\t\t\t\t<\/div>\n\t\t\t\t<\/div>\n\t\t\t\t<div class=\"elementor-element elementor-element-0d125b3 elementor-widget elementor-widget-text-editor\" data-id=\"0d125b3\" data-element_type=\"widget\" data-e-type=\"widget\" data-widget_type=\"text-editor.default\">\n\t\t\t\t<div class=\"elementor-widget-container\">\n\t\t\t\t\t\t\t\t\t<p>En la actualidad, contamos con una instalaci\u00f3n de fabricaci\u00f3n de \u00faltima generaci\u00f3n, una instalaci\u00f3n de investigaci\u00f3n y desarrollo, y un laboratorio de pruebas, todo bajo un mismo techo. Hasta ahora, hemos dise\u00f1ado y fabricado miles de calentadores industriales seg\u00fan los requisitos de los clientes, con un rendimiento superior al precio m\u00e1s bajo. Entendemos el valor de los negocios recurrentes.<\/p><p>Estamos comprometidos a proporcionar una satisfacci\u00f3n total al cliente mediante mejoras continuas en nuestros productos, procesos y personal.<\/p>\t\t\t\t\t\t\t\t<\/div>\n\t\t\t\t<\/div>\n\t\t\t\t<\/div>\n\t\t<div class=\"elementor-element elementor-element-6d567ab e-con-full e-flex e-con e-child\" data-id=\"6d567ab\" data-element_type=\"container\" data-e-type=\"container\" data-settings=\"{&quot;background_background&quot;:&quot;video&quot;,&quot;background_video_link&quot;:&quot;https:\\\/\\\/youtu.be\\\/KVdWeNMSoTo?si=XJ65geJKVIBUdw97&quot;,&quot;background_play_on_mobile&quot;:&quot;yes&quot;,&quot;background_video_start&quot;:10}\">\n\t\t<div class=\"elementor-background-video-container\">\n\t\t\t\t\t\t\t<div class=\"elementor-background-video-embed\" role=\"presentation\"><\/div>\n\t\t\t\t\t\t<\/div>\t\t<div class=\"elementor-element elementor-element-a8e447f elementor-widget elementor-widget-image\" data-id=\"a8e447f\" data-element_type=\"widget\" data-e-type=\"widget\" data-widget_type=\"image.default\">\n\t\t\t\t<div class=\"elementor-widget-container\">\n\t\t\t\t\t\t\t\t\t\t\t\t\t\t\t<img decoding=\"async\" width=\"346\" height=\"99\" data-src=\"https:\/\/cheri-heater.com\/esp\/wp-content\/uploads\/2024\/06\/cropped-logo-resize.png\" class=\"attachment-full size-full wp-image-21 lazyload\" alt=\"\" data-srcset=\"https:\/\/cheri-heater.com\/esp\/wp-content\/uploads\/2024\/06\/cropped-logo-resize.png 346w, https:\/\/cheri-heater.com\/esp\/wp-content\/uploads\/2024\/06\/cropped-logo-resize-300x86.png 300w\" data-sizes=\"(max-width: 346px) 100vw, 346px\" src=\"data:image\/svg+xml;base64,PHN2ZyB3aWR0aD0iMSIgaGVpZ2h0PSIxIiB4bWxucz0iaHR0cDovL3d3dy53My5vcmcvMjAwMC9zdmciPjwvc3ZnPg==\" style=\"--smush-placeholder-width: 346px; --smush-placeholder-aspect-ratio: 346\/99;\" \/>\t\t\t\t\t\t\t\t\t\t\t\t\t\t\t<\/div>\n\t\t\t\t<\/div>\n\t\t\t\t<\/div>\n\t\t\t\t<\/div>\n\t\t<div class=\"elementor-element elementor-element-22927ef e-con-full e-flex e-con e-parent\" data-id=\"22927ef\" data-element_type=\"container\" data-e-type=\"container\" data-settings=\"{&quot;background_background&quot;:&quot;classic&quot;}\">\n\t\t\t\t<\/div>\n\t\t<div class=\"elementor-element elementor-element-cf983fe e-con-full e-flex e-con e-parent\" data-id=\"cf983fe\" data-element_type=\"container\" data-e-type=\"container\" data-settings=\"{&quot;background_background&quot;:&quot;classic&quot;}\">\n\t\t\t\t<\/div>\n\t\t<div class=\"elementor-element elementor-element-6812ba9 e-con-full e-flex e-con e-parent\" data-id=\"6812ba9\" data-element_type=\"container\" data-e-type=\"container\">\n\t\t<div class=\"elementor-element elementor-element-4d974bb e-con-full e-flex e-con e-child\" data-id=\"4d974bb\" data-element_type=\"container\" data-e-type=\"container\">\n\t\t\t\t<div class=\"elementor-element elementor-element-4ecafe5 elementor-widget elementor-widget-heading\" data-id=\"4ecafe5\" data-element_type=\"widget\" data-e-type=\"widget\" data-widget_type=\"heading.default\">\n\t\t\t\t<div class=\"elementor-widget-container\">\n\t\t\t\t\t<div class=\"elementor-heading-title elementor-size-default\">Dise\u00f1o y desarrollo innovadores<\/div>\t\t\t\t<\/div>\n\t\t\t\t<\/div>\n\t\t\t\t<div class=\"elementor-element elementor-element-0675a08 elementor-widget elementor-widget-image\" data-id=\"0675a08\" data-element_type=\"widget\" data-e-type=\"widget\" data-widget_type=\"image.default\">\n\t\t\t\t<div class=\"elementor-widget-container\">\n\t\t\t\t\t\t\t\t\t\t\t\t\t\t\t<img fetchpriority=\"high\" decoding=\"async\" width=\"704\" height=\"704\" src=\"https:\/\/cheri-heater.com\/esp\/wp-content\/uploads\/2024\/06\/dOeHx5VZ5qg-VzBiR89gQOd6DXiN2bSb-1.png\" class=\"attachment-full size-full wp-image-778\" alt=\"\" srcset=\"https:\/\/cheri-heater.com\/esp\/wp-content\/uploads\/2024\/06\/dOeHx5VZ5qg-VzBiR89gQOd6DXiN2bSb-1.png 704w, https:\/\/cheri-heater.com\/esp\/wp-content\/uploads\/2024\/06\/dOeHx5VZ5qg-VzBiR89gQOd6DXiN2bSb-1-300x300.png 300w, https:\/\/cheri-heater.com\/esp\/wp-content\/uploads\/2024\/06\/dOeHx5VZ5qg-VzBiR89gQOd6DXiN2bSb-1-100x100.png 100w, https:\/\/cheri-heater.com\/esp\/wp-content\/uploads\/2024\/06\/dOeHx5VZ5qg-VzBiR89gQOd6DXiN2bSb-1-600x600.png 600w, https:\/\/cheri-heater.com\/esp\/wp-content\/uploads\/2024\/06\/dOeHx5VZ5qg-VzBiR89gQOd6DXiN2bSb-1-150x150.png 150w\" sizes=\"(max-width: 704px) 100vw, 704px\" \/>\t\t\t\t\t\t\t\t\t\t\t\t\t\t\t<\/div>\n\t\t\t\t<\/div>\n\t\t\t\t<div class=\"elementor-element elementor-element-a35a166 elementor-widget elementor-widget-text-editor\" data-id=\"a35a166\" data-element_type=\"widget\" data-e-type=\"widget\" data-widget_type=\"text-editor.default\">\n\t\t\t\t<div class=\"elementor-widget-container\">\n\t\t\t\t\t\t\t\t\t<p>Calentadores industriales personalizados seg\u00fan los requisitos espec\u00edficos del cliente. Miles de calentadores industriales dise\u00f1ados y fabricados.<\/p>\t\t\t\t\t\t\t\t<\/div>\n\t\t\t\t<\/div>\n\t\t\t\t<\/div>\n\t\t<div class=\"elementor-element elementor-element-4ac647b e-con-full e-flex e-con e-child\" data-id=\"4ac647b\" data-element_type=\"container\" data-e-type=\"container\">\n\t\t\t\t<div class=\"elementor-element elementor-element-d695e7b elementor-widget elementor-widget-heading\" data-id=\"d695e7b\" data-element_type=\"widget\" data-e-type=\"widget\" data-widget_type=\"heading.default\">\n\t\t\t\t<div class=\"elementor-widget-container\">\n\t\t\t\t\t<div class=\"elementor-heading-title elementor-size-default\">Compromiso con la calidad\n<\/div>\t\t\t\t<\/div>\n\t\t\t\t<\/div>\n\t\t\t\t<div class=\"elementor-element elementor-element-16c8f51 elementor-widget elementor-widget-image\" data-id=\"16c8f51\" data-element_type=\"widget\" data-e-type=\"widget\" data-widget_type=\"image.default\">\n\t\t\t\t<div class=\"elementor-widget-container\">\n\t\t\t\t\t\t\t\t\t\t\t\t\t\t\t<img decoding=\"async\" width=\"990\" height=\"990\" data-src=\"https:\/\/cheri-heater.com\/esp\/wp-content\/uploads\/2024\/06\/nr_pE0X1BCErtojMZqDNXldSPxVH7CIRu4fI91Em2I1r8pFL-UGRHRTbrBKpP1zJIii3euxz-1.jpg\" class=\"attachment-full size-full wp-image-779 lazyload\" alt=\"\" data-srcset=\"https:\/\/cheri-heater.com\/esp\/wp-content\/uploads\/2024\/06\/nr_pE0X1BCErtojMZqDNXldSPxVH7CIRu4fI91Em2I1r8pFL-UGRHRTbrBKpP1zJIii3euxz-1.jpg 990w, https:\/\/cheri-heater.com\/esp\/wp-content\/uploads\/2024\/06\/nr_pE0X1BCErtojMZqDNXldSPxVH7CIRu4fI91Em2I1r8pFL-UGRHRTbrBKpP1zJIii3euxz-1-300x300.jpg 300w, https:\/\/cheri-heater.com\/esp\/wp-content\/uploads\/2024\/06\/nr_pE0X1BCErtojMZqDNXldSPxVH7CIRu4fI91Em2I1r8pFL-UGRHRTbrBKpP1zJIii3euxz-1-100x100.jpg 100w, https:\/\/cheri-heater.com\/esp\/wp-content\/uploads\/2024\/06\/nr_pE0X1BCErtojMZqDNXldSPxVH7CIRu4fI91Em2I1r8pFL-UGRHRTbrBKpP1zJIii3euxz-1-600x600.jpg 600w, https:\/\/cheri-heater.com\/esp\/wp-content\/uploads\/2024\/06\/nr_pE0X1BCErtojMZqDNXldSPxVH7CIRu4fI91Em2I1r8pFL-UGRHRTbrBKpP1zJIii3euxz-1-150x150.jpg 150w, https:\/\/cheri-heater.com\/esp\/wp-content\/uploads\/2024\/06\/nr_pE0X1BCErtojMZqDNXldSPxVH7CIRu4fI91Em2I1r8pFL-UGRHRTbrBKpP1zJIii3euxz-1-768x768.jpg 768w\" data-sizes=\"(max-width: 990px) 100vw, 990px\" src=\"data:image\/svg+xml;base64,PHN2ZyB3aWR0aD0iMSIgaGVpZ2h0PSIxIiB4bWxucz0iaHR0cDovL3d3dy53My5vcmcvMjAwMC9zdmciPjwvc3ZnPg==\" style=\"--smush-placeholder-width: 990px; --smush-placeholder-aspect-ratio: 990\/990;\" \/>\t\t\t\t\t\t\t\t\t\t\t\t\t\t\t<\/div>\n\t\t\t\t<\/div>\n\t\t\t\t<div class=\"elementor-element elementor-element-49dabd1 elementor-widget elementor-widget-text-editor\" data-id=\"49dabd1\" data-element_type=\"widget\" data-e-type=\"widget\" data-widget_type=\"text-editor.default\">\n\t\t\t\t<div class=\"elementor-widget-container\">\n\t\t\t\t\t\t\t\t\t<p>M\u00e1s de 20 a\u00f1os de experiencia. Laboratorio de pruebas, investigaci\u00f3n y desarrollo de \u00faltima generaci\u00f3n. Soluciones dise\u00f1adas a medida con rendimiento superior a precios competitivos.<\/p>\t\t\t\t\t\t\t\t<\/div>\n\t\t\t\t<\/div>\n\t\t\t\t<\/div>\n\t\t<div class=\"elementor-element elementor-element-91ad04f e-con-full e-flex e-con e-child\" data-id=\"91ad04f\" data-element_type=\"container\" data-e-type=\"container\">\n\t\t\t\t<div class=\"elementor-element elementor-element-f0ba558 elementor-widget elementor-widget-heading\" data-id=\"f0ba558\" data-element_type=\"widget\" data-e-type=\"widget\" data-widget_type=\"heading.default\">\n\t\t\t\t<div class=\"elementor-widget-container\">\n\t\t\t\t\t<div class=\"elementor-heading-title elementor-size-default\">Control de calidad<\/div>\t\t\t\t<\/div>\n\t\t\t\t<\/div>\n\t\t\t\t<div class=\"elementor-element elementor-element-22df1e8 elementor-widget elementor-widget-image\" data-id=\"22df1e8\" data-element_type=\"widget\" data-e-type=\"widget\" data-widget_type=\"image.default\">\n\t\t\t\t<div class=\"elementor-widget-container\">\n\t\t\t\t\t\t\t\t\t\t\t\t\t\t\t<img decoding=\"async\" width=\"1080\" height=\"1080\" data-src=\"https:\/\/cheri-heater.com\/esp\/wp-content\/uploads\/2024\/06\/5f6330f6d79c21f746e526f7_Muenchner-Kindl92-Instagram-1.jpg\" class=\"attachment-full size-full wp-image-780 lazyload\" alt=\"\" data-srcset=\"https:\/\/cheri-heater.com\/esp\/wp-content\/uploads\/2024\/06\/5f6330f6d79c21f746e526f7_Muenchner-Kindl92-Instagram-1.jpg 1080w, https:\/\/cheri-heater.com\/esp\/wp-content\/uploads\/2024\/06\/5f6330f6d79c21f746e526f7_Muenchner-Kindl92-Instagram-1-300x300.jpg 300w, https:\/\/cheri-heater.com\/esp\/wp-content\/uploads\/2024\/06\/5f6330f6d79c21f746e526f7_Muenchner-Kindl92-Instagram-1-100x100.jpg 100w, https:\/\/cheri-heater.com\/esp\/wp-content\/uploads\/2024\/06\/5f6330f6d79c21f746e526f7_Muenchner-Kindl92-Instagram-1-600x600.jpg 600w, https:\/\/cheri-heater.com\/esp\/wp-content\/uploads\/2024\/06\/5f6330f6d79c21f746e526f7_Muenchner-Kindl92-Instagram-1-1024x1024.jpg 1024w, https:\/\/cheri-heater.com\/esp\/wp-content\/uploads\/2024\/06\/5f6330f6d79c21f746e526f7_Muenchner-Kindl92-Instagram-1-150x150.jpg 150w, https:\/\/cheri-heater.com\/esp\/wp-content\/uploads\/2024\/06\/5f6330f6d79c21f746e526f7_Muenchner-Kindl92-Instagram-1-768x768.jpg 768w\" data-sizes=\"(max-width: 1080px) 100vw, 1080px\" src=\"data:image\/svg+xml;base64,PHN2ZyB3aWR0aD0iMSIgaGVpZ2h0PSIxIiB4bWxucz0iaHR0cDovL3d3dy53My5vcmcvMjAwMC9zdmciPjwvc3ZnPg==\" style=\"--smush-placeholder-width: 1080px; --smush-placeholder-aspect-ratio: 1080\/1080;\" \/>\t\t\t\t\t\t\t\t\t\t\t\t\t\t\t<\/div>\n\t\t\t\t<\/div>\n\t\t\t\t<div class=\"elementor-element elementor-element-48a17b3 elementor-widget elementor-widget-text-editor\" data-id=\"48a17b3\" data-element_type=\"widget\" data-e-type=\"widget\" data-widget_type=\"text-editor.default\">\n\t\t\t\t<div class=\"elementor-widget-container\">\n\t\t\t\t\t\t\t\t\t<p>Mantener costos competitivos garantizando al mismo tiempo altos est\u00e1ndares de calidad. Mejoras continuas en productos, procesos y personal.<\/p>\t\t\t\t\t\t\t\t<\/div>\n\t\t\t\t<\/div>\n\t\t\t\t<\/div>\n\t\t\t\t<\/div>\n\t\t\t\t<\/div>\n\t\t","protected":false},"excerpt":{"rendered":"<p>Sobre Nosotros Sobre Nosotros Cheri Calentador Technology Co., Ltd. Cheri Heater Technology Co., Ltd., una empresa certificada ISO 9001:2008 y CE, es uno de los principales fabricantes de calentadores industriales de alta calidad. Producimos calentadores de cartucho (baja densidad y alta densidad), termopares, calentadores de boquilla, calentadores tubulares, calentadores de banda de mica y cer\u00e1mica, [&hellip;]<\/p>\n","protected":false},"author":1,"featured_media":0,"parent":0,"menu_order":0,"comment_status":"closed","ping_status":"closed","template":"","meta":{"footnotes":""},"class_list":["post-738","page","type-page","status-publish","hentry"],"yoast_head":"<!-- This site is optimized with the Yoast SEO plugin v27.4 - https:\/\/yoast.com\/product\/yoast-seo-wordpress\/ -->\n<title>About Us - Cheri Heater Technology Co.,Ltd.<\/title>\n<meta name=\"robots\" content=\"index, follow, max-snippet:-1, max-image-preview:large, max-video-preview:-1\" \/>\n<link rel=\"canonical\" href=\"https:\/\/cheri-heater.com\/esp\/about-us\/\" \/>\n<meta property=\"og:locale\" content=\"en_US\" \/>\n<meta property=\"og:type\" content=\"article\" \/>\n<meta property=\"og:title\" content=\"About Us - Cheri Heater Technology Co.,Ltd.\" \/>\n<meta property=\"og:description\" content=\"Sobre Nosotros Sobre Nosotros Cheri Calentador Technology Co., Ltd. Cheri Heater Technology Co., Ltd., una empresa certificada ISO 9001:2008 y CE, es uno de los principales fabricantes de calentadores industriales de alta calidad. Producimos calentadores de cartucho (baja densidad y alta densidad), termopares, calentadores de boquilla, calentadores tubulares, calentadores de banda de mica y cer\u00e1mica, [&hellip;]\" \/>\n<meta property=\"og:url\" content=\"https:\/\/cheri-heater.com\/esp\/about-us\/\" \/>\n<meta property=\"og:site_name\" content=\"Cheri Heater Technology Co.,Ltd.\" \/>\n<meta property=\"article:modified_time\" content=\"2024-07-31T21:46:18+00:00\" \/>\n<meta property=\"og:image\" content=\"https:\/\/cheri-heater.com\/esp\/wp-content\/uploads\/2024\/06\/cropped-logo-resize.png\" \/>\n<meta name=\"twitter:card\" content=\"summary_large_image\" \/>\n<meta name=\"twitter:label1\" content=\"Est. reading time\" \/>\n\t<meta name=\"twitter:data1\" content=\"3 minutes\" \/>\n<!-- \/ Yoast SEO plugin. -->","yoast_head_json":{"title":"About Us - Cheri Heater Technology Co.,Ltd.","robots":{"index":"index","follow":"follow","max-snippet":"max-snippet:-1","max-image-preview":"max-image-preview:large","max-video-preview":"max-video-preview:-1"},"canonical":"https:\/\/cheri-heater.com\/esp\/about-us\/","og_locale":"en_US","og_type":"article","og_title":"About Us - Cheri Heater Technology Co.,Ltd.","og_description":"Sobre Nosotros Sobre Nosotros Cheri Calentador Technology Co., Ltd. Cheri Heater Technology Co., Ltd., una empresa certificada ISO 9001:2008 y CE, es uno de los principales fabricantes de calentadores industriales de alta calidad. Producimos calentadores de cartucho (baja densidad y alta densidad), termopares, calentadores de boquilla, calentadores tubulares, calentadores de banda de mica y cer\u00e1mica, [&hellip;]","og_url":"https:\/\/cheri-heater.com\/esp\/about-us\/","og_site_name":"Cheri Heater Technology Co.,Ltd.","article_modified_time":"2024-07-31T21:46:18+00:00","og_image":[{"url":"https:\/\/cheri-heater.com\/esp\/wp-content\/uploads\/2024\/06\/cropped-logo-resize.png","type":"","width":"","height":""}],"twitter_card":"summary_large_image","twitter_misc":{"Est. reading time":"3 minutes"},"schema":{"@context":"https:\/\/schema.org","@graph":[{"@type":"WebPage","@id":"https:\/\/cheri-heater.com\/esp\/about-us\/","url":"https:\/\/cheri-heater.com\/esp\/about-us\/","name":"About Us - Cheri Heater Technology Co.,Ltd.","isPartOf":{"@id":"https:\/\/cheri-heater.com\/esp\/#website"},"primaryImageOfPage":{"@id":"https:\/\/cheri-heater.com\/esp\/about-us\/#primaryimage"},"image":{"@id":"https:\/\/cheri-heater.com\/esp\/about-us\/#primaryimage"},"thumbnailUrl":"https:\/\/cheri-heater.com\/esp\/wp-content\/uploads\/2024\/06\/cropped-logo-resize.png","datePublished":"2024-06-03T16:31:11+00:00","dateModified":"2024-07-31T21:46:18+00:00","breadcrumb":{"@id":"https:\/\/cheri-heater.com\/esp\/about-us\/#breadcrumb"},"inLanguage":"en-US","potentialAction":[{"@type":"ReadAction","target":["https:\/\/cheri-heater.com\/esp\/about-us\/"]}]},{"@type":"ImageObject","inLanguage":"en-US","@id":"https:\/\/cheri-heater.com\/esp\/about-us\/#primaryimage","url":"https:\/\/cheri-heater.com\/esp\/wp-content\/uploads\/2024\/06\/cropped-logo-resize.png","contentUrl":"https:\/\/cheri-heater.com\/esp\/wp-content\/uploads\/2024\/06\/cropped-logo-resize.png","width":346,"height":99},{"@type":"BreadcrumbList","@id":"https:\/\/cheri-heater.com\/esp\/about-us\/#breadcrumb","itemListElement":[{"@type":"ListItem","position":1,"name":"Home","item":"https:\/\/cheri-heater.com\/esp\/"},{"@type":"ListItem","position":2,"name":"About Us"}]},{"@type":"WebSite","@id":"https:\/\/cheri-heater.com\/esp\/#website","url":"https:\/\/cheri-heater.com\/esp\/","name":"Cheri Heater Technology Co.,Ltd.","description":"","publisher":{"@id":"https:\/\/cheri-heater.com\/esp\/#organization"},"potentialAction":[{"@type":"SearchAction","target":{"@type":"EntryPoint","urlTemplate":"https:\/\/cheri-heater.com\/esp\/?s={search_term_string}"},"query-input":{"@type":"PropertyValueSpecification","valueRequired":true,"valueName":"search_term_string"}}],"inLanguage":"en-US"},{"@type":"Organization","@id":"https:\/\/cheri-heater.com\/esp\/#organization","name":"Cheri Heater Technology Co.,Ltd.","url":"https:\/\/cheri-heater.com\/esp\/","logo":{"@type":"ImageObject","inLanguage":"en-US","@id":"https:\/\/cheri-heater.com\/esp\/#\/schema\/logo\/image\/","url":"https:\/\/cheri-heater.com\/esp\/wp-content\/uploads\/2024\/06\/cropped-logo-resize.png","contentUrl":"https:\/\/cheri-heater.com\/esp\/wp-content\/uploads\/2024\/06\/cropped-logo-resize.png","width":346,"height":99,"caption":"Cheri Heater Technology Co.,Ltd."},"image":{"@id":"https:\/\/cheri-heater.com\/esp\/#\/schema\/logo\/image\/"}}]}},"_links":{"self":[{"href":"https:\/\/cheri-heater.com\/esp\/wp-json\/wp\/v2\/pages\/738","targetHints":{"allow":["GET"]}}],"collection":[{"href":"https:\/\/cheri-heater.com\/esp\/wp-json\/wp\/v2\/pages"}],"about":[{"href":"https:\/\/cheri-heater.com\/esp\/wp-json\/wp\/v2\/types\/page"}],"author":[{"embeddable":true,"href":"https:\/\/cheri-heater.com\/esp\/wp-json\/wp\/v2\/users\/1"}],"replies":[{"embeddable":true,"href":"https:\/\/cheri-heater.com\/esp\/wp-json\/wp\/v2\/comments?post=738"}],"version-history":[{"count":58,"href":"https:\/\/cheri-heater.com\/esp\/wp-json\/wp\/v2\/pages\/738\/revisions"}],"predecessor-version":[{"id":1766,"href":"https:\/\/cheri-heater.com\/esp\/wp-json\/wp\/v2\/pages\/738\/revisions\/1766"}],"wp:attachment":[{"href":"https:\/\/cheri-heater.com\/esp\/wp-json\/wp\/v2\/media?parent=738"}],"curies":[{"name":"wp","href":"https:\/\/api.w.org\/{rel}","templated":true}]}}