{"id":1014,"date":"2024-06-04T18:28:49","date_gmt":"2024-06-04T18:28:49","guid":{"rendered":"https:\/\/cheri-heater.com\/esp\/?post_type=product&#038;p=1014"},"modified":"2024-07-27T12:11:16","modified_gmt":"2024-07-27T12:11:16","slug":"warm-floor-cable","status":"publish","type":"product","link":"https:\/\/cheri-heater.com\/esp\/product\/warm-floor-cable\/","title":{"rendered":"cable para calefacci\u00f3n de suelo"},"content":{"rendered":"<p align=\"left\"><strong class=\"western\"><span style=\"color: #000000;\"><span style=\"font-family: Arial, sans-serif;\"><span style=\"font-size: x-large;\"><b><span style=\"font-size: medium;\">Datos T\u00e9cnicos:<\/span><\/b><\/span><\/span><\/span><\/strong><\/p>\n<p class=\"western\" align=\"left\"><span style=\"font-size: large;\"><span style=\"font-family: Arial, sans-serif;\">Nombre del Producto: Cable de calefacci\u00f3n de fibra de carbono<\/span><\/span><\/p>\n<p class=\"western\" align=\"left\"><span style=\"font-size: large;\"><span style=\"font-family: Arial, sans-serif;\">Material aislante: Caucho de silicona<\/span><\/span><\/p>\n<p class=\"western\" align=\"left\"><span style=\"font-size: large;\"><span style=\"font-family: Arial, sans-serif;\">Temperatura m\u00e1xima de resistencia: 200\u00b0C<\/span><\/span><\/p>\n<p class=\"western\" align=\"left\"><span style=\"font-size: large;\"><span style=\"font-family: Arial, sans-serif;\">Temperatura de calefacci\u00f3n: Basada en la longitud de uso<\/span><\/span><\/p>\n<p class=\"western\" align=\"left\"><span style=\"font-size: large;\"><span style=\"font-family: Arial, sans-serif;\">Conductor de calefacci\u00f3n: 12K<\/span><\/span><\/p>\n<p class=\"western\" align=\"left\"><span style=\"font-size: large;\"><span style=\"font-family: Arial, sans-serif;\">Corriente de fuga: 0.05mA\/m<\/span><\/span><\/p>\n<p class=\"western\" align=\"left\"><span style=\"font-size: large;\"><span style=\"font-family: Arial, sans-serif;\">El producto puede soportar una potencia m\u00e1xima: 25W\/M<\/span><\/span><\/p>\n<p class=\"western\" align=\"left\"><span style=\"color: #000000;\"><span style=\"font-family: Arial, sans-serif;\"><span style=\"font-size: large;\"><span lang=\"en-US\">Di\u00e1metro: 3\u00b10.1 MM (<\/span><\/span><\/span><\/span><span style=\"color: #000000;\"><span style=\"font-family: Arial, sans-serif;\"><span style=\"font-size: large;\"><span lang=\"en-US\"><b><strong class=\"western\">M\u00e1s grueso y seguro<\/strong><\/b><\/span><\/span><\/span><\/span><span style=\"color: #000000;\"><span style=\"font-family: Arial, sans-serif;\"><span style=\"font-size: large;\"><span lang=\"en-US\">)<\/span><\/span><\/span><\/span><\/p>\n<p class=\"western\" align=\"left\"><span style=\"font-size: large;\"><span style=\"font-family: Arial, sans-serif;\">Colores: Rojo<\/span><\/span><\/p>\n<p class=\"western\" align=\"left\"><span style=\"font-size: large;\"><span style=\"font-family: Arial, sans-serif;\">Longitud de onda infrarroja: 8UM-18UM<\/span><\/span><\/p>\n<p class=\"western\" align=\"left\"><span style=\"font-size: large;\"><span style=\"font-family: Arial, sans-serif;\">Resistencia del conductor: 33\u00b110% \u03a9\/m<\/span><\/span><\/p>\n<p class=\"western\" align=\"left\"><span style=\"color: #000000;\"><span style=\"font-family: Arial, sans-serif;\"><span style=\"font-size: x-large;\"><span lang=\"en-US\"><b><strong class=\"western\">\u00bfC\u00f3mo calcular la potencia?<\/strong><\/b><\/span><\/span><\/span><\/span><\/p>\n<p class=\"western\" align=\"left\"><span style=\"font-size: large;\"><span style=\"font-family: Arial, sans-serif;\">Voltaje*Voltaje \u00f7 resistencia = potencia el\u00e9ctrica<\/span><\/span><\/p>\n<p class=\"western\" align=\"left\"><span style=\"font-size: large;\"><span style=\"font-family: Arial, sans-serif;\">12K = 33 ohmios\/metro<\/span><\/span><\/p>\n<p class=\"western\" align=\"left\"><span style=\"font-size: large;\"><span style=\"font-family: Arial, sans-serif;\">Por ejemplo, usando un cable de fibra de carbono de 10m 12K a 220V, la potencia es:<\/span><\/span><\/p>\n<p class=\"western\" align=\"left\"><span style=\"font-size: large;\"><span style=\"font-family: Arial, sans-serif;\">220V * 220V \u00f7 (10 metros * 33\u03a9) = 150W<\/span><\/span><\/p>\n<p class=\"western\" align=\"left\"><span style=\"font-family: Arial, sans-serif;\"><span style=\"font-size: large;\"><span lang=\"en-US\">Por ejemplo,\u00a0<\/span><\/span><\/span><span style=\"font-family: Arial, sans-serif;\"><span style=\"font-size: small;\"><span lang=\"en-US\">\u00a0<\/span><\/span><\/span><span style=\"font-family: Arial, sans-serif;\"><span style=\"font-size: large;\"><span lang=\"en-US\">usando\u00a0<\/span><\/span><\/span><span style=\"font-family: Arial, sans-serif;\"><span style=\"font-size: small;\"><span lang=\"en-US\">\u00a0<\/span><\/span><\/span><span style=\"font-family: Arial, sans-serif;\"><span style=\"font-size: large;\"><span lang=\"en-US\">15m de cable de fibra de carbono 12K a 220V, la potencia es:<\/span><\/span><\/span><\/p>\n<p class=\"western\" align=\"left\"><span style=\"font-size: large;\"><span style=\"font-family: Arial, sans-serif;\">220V * 220V \u00f7 (15 metros * 33\u03a9) = 100W<\/span><\/span><\/p>\n<p class=\"western\" align=\"left\"><span style=\"font-size: large;\"><span style=\"font-family: Arial, sans-serif;\">Cuanto mayor es la longitud, menor es la potencia y m\u00e1s baja la temperatura de calefacci\u00f3n.<\/span><\/span><\/p>\n<p align=\"left\"><strong class=\"western\"><span style=\"color: #000000;\"><span style=\"font-family: Arial, sans-serif;\"><span style=\"font-size: x-large;\"><b><span style=\"font-size: medium;\">Preguntas y Respuestas:<\/span><\/b><\/span><\/span><\/span><\/strong><\/p>\n<p class=\"western\" align=\"left\"><span style=\"color: #000000;\"><span style=\"font-family: Arial, sans-serif;\"><span style=\"font-size: medium;\"><span lang=\"en-US\"><b><strong class=\"western\">P1:<\/strong><\/b><\/span><\/span><\/span><\/span><span style=\"color: #000000;\"><span style=\"font-family: Arial, sans-serif;\"><span style=\"font-size: medium;\"><span lang=\"en-US\"> \u00bfQu\u00e9 significa &#8220;12K&#8221;? \u00bfY cu\u00e1l es la diferencia entre 12K y 24K?<\/span><\/span><\/span><\/span><\/p>\n<p class=\"western\" align=\"left\"><span style=\"color: #000000;\"><span style=\"font-family: Arial, sans-serif;\"><span style=\"font-size: medium;\"><span lang=\"en-US\"><b><strong class=\"western\">R1:<\/strong><\/b><\/span><\/span><\/span><\/span><span style=\"color: #000000;\"><span style=\"font-family: Arial, sans-serif;\"><span style=\"font-size: medium;\"><span lang=\"en-US\"> &#8220;K&#8221; significa mil, por lo que 12K son 12 mil, es decir, el conductor del cable de calefacci\u00f3n de fibra de carbono 12K est\u00e1 compuesto por 12000 piezas de fibra de carbono, con una resistencia de 33 Ohm\/m. El conductor del cable 24K est\u00e1 compuesto por 24000 piezas de fibra de carbono, con una resistencia de 17 Ohm\/m.<\/span><\/span><\/span><\/span><\/p>\n<p class=\"western\" align=\"left\"><span style=\"color: #000000;\"><span style=\"font-family: Arial, sans-serif;\"><span style=\"font-size: medium;\"><span lang=\"en-US\"><b><strong class=\"western\">P2:<\/strong><\/b><\/span><\/span><\/span><\/span><span style=\"color: #000000;\"><span style=\"font-family: Arial, sans-serif;\"><span style=\"font-size: medium;\"><span lang=\"en-US\"> \u00bfCu\u00e1l es la diferencia entre una funda de goma y una de tefl\u00f3n?<\/span><\/span><\/span><\/span><\/p>\n<p class=\"western\" align=\"left\"><span style=\"color: #000000;\"><span style=\"font-family: Arial, sans-serif;\"><span style=\"font-size: medium;\"><span lang=\"en-US\"><b><strong class=\"western\">R2:<\/strong><\/b><\/span><\/span><\/span><\/span><span style=\"color: #000000;\"><span style=\"font-family: Arial, sans-serif;\"><span style=\"font-size: medium;\"><span lang=\"en-US\"> 1. La funda de goma es m\u00e1s flexible y m\u00e1s gruesa, y tendr\u00e1 un olor que desaparecer\u00e1 despu\u00e9s de unos d\u00edas de uso.<\/span><\/span><\/span><\/span><\/p>\n<p class=\"western\" align=\"left\">       <span style=\"font-family: Arial, sans-serif;\"><span style=\"font-size: medium;\">2. La funda de tefl\u00f3n es un poco dura y m\u00e1s delgada que la de goma, pero no tiene olor y tiene una buena resistencia a la corrosi\u00f3n.<\/span><\/span><\/p>\n<p class=\"western\" align=\"left\"><span style=\"color: #000000;\"><span style=\"font-family: Arial, sans-serif;\"><span style=\"font-size: medium;\"><span lang=\"en-US\"><b><strong class=\"western\">P3: <\/strong><\/b><\/span><\/span><\/span><\/span><span style=\"color: #000000;\"><span style=\"font-family: Arial, sans-serif;\"><span style=\"font-size: medium;\"><span lang=\"en-US\">\u00bfCu\u00e1l es la potencia del cable? \u00bfY cu\u00e1l es la temperatura de calefacci\u00f3n?<\/span><\/span><\/span><\/span><\/p>\n<p class=\"western\" align=\"left\"><span style=\"color: #000000;\"><span style=\"font-family: Arial, sans-serif;\"><span style=\"font-size: medium;\"><span lang=\"en-US\"><b><strong class=\"western\">R3:<\/strong><\/b><\/span><\/span><\/span><\/span><span style=\"color: #000000;\"><span style=\"font-family: Arial, sans-serif;\"><span style=\"font-size: medium;\"><span lang=\"en-US\"> 1. La potencia del cable se basa en la longitud que utilice; puede calcular la potencia seg\u00fan los ejemplos anteriores.<\/span><\/span><\/span><\/span><\/p>\n<p class=\"western\" align=\"left\">       <span style=\"font-family: Arial, sans-serif;\"><span style=\"font-size: medium;\">2. Potencia = 5W\/m, la temperatura es aproximadamente 30~40\u00b0C;<\/span><\/span><\/p>\n<p class=\"western\" align=\"left\">           <span style=\"font-family: Arial, sans-serif;\"><span style=\"font-size: medium;\">Potencia = 10W\/m, la temperatura es aproximadamente 40~50\u00b0C;<\/span><\/span><\/p>\n<p class=\"western\" align=\"left\">           <span style=\"font-family: Arial, sans-serif;\"><span style=\"font-size: medium;\">Potencia = 15W\/m, la temperatura es aproximadamente 50~60\u00b0C;<\/span><\/span><\/p>\n<p class=\"western\" align=\"left\">           <span style=\"font-family: Arial, sans-serif;\"><span style=\"font-size: medium;\">Potencia = 20W\/m, la temperatura es aproximadamente 60~70\u00b0C;<\/span><\/span><\/p>\n<p class=\"western\" align=\"left\">           <span style=\"font-family: Arial, sans-serif;\"><span style=\"font-size: medium;\">Potencia = 25W\/m, la temperatura es aproximadamente 70~90\u00b0C. Tenga en cuenta que esto es solo para su referencia, no es exacto debido a las diferentes condiciones de prueba.<\/span><\/span><\/p>\n<p align=\"left\"><img fetchpriority=\"high\" decoding=\"async\" class=\"aligncenter size-full wp-image-1018\" src=\"https:\/\/cheri-heater.com\/esp\/wp-content\/uploads\/2024\/06\/description-2.jpg\" alt=\"\" width=\"720\" height=\"498\" srcset=\"https:\/\/cheri-heater.com\/esp\/wp-content\/uploads\/2024\/06\/description-2.jpg 720w, https:\/\/cheri-heater.com\/esp\/wp-content\/uploads\/2024\/06\/description-2-600x415.jpg 600w, https:\/\/cheri-heater.com\/esp\/wp-content\/uploads\/2024\/06\/description-2-300x208.jpg 300w\" sizes=\"(max-width: 720px) 100vw, 720px\" \/><\/p>\n<p align=\"left\"><img decoding=\"async\" class=\"aligncenter size-full wp-image-1019 lazyload\" data-src=\"https:\/\/cheri-heater.com\/esp\/wp-content\/uploads\/2024\/06\/description2-3.jpg\" alt=\"\" width=\"1000\" height=\"857\" data-srcset=\"https:\/\/cheri-heater.com\/esp\/wp-content\/uploads\/2024\/06\/description2-3.jpg 1000w, https:\/\/cheri-heater.com\/esp\/wp-content\/uploads\/2024\/06\/description2-3-600x514.jpg 600w, https:\/\/cheri-heater.com\/esp\/wp-content\/uploads\/2024\/06\/description2-3-300x257.jpg 300w, https:\/\/cheri-heater.com\/esp\/wp-content\/uploads\/2024\/06\/description2-3-768x658.jpg 768w\" data-sizes=\"(max-width: 1000px) 100vw, 1000px\" src=\"data:image\/svg+xml;base64,PHN2ZyB3aWR0aD0iMSIgaGVpZ2h0PSIxIiB4bWxucz0iaHR0cDovL3d3dy53My5vcmcvMjAwMC9zdmciPjwvc3ZnPg==\" style=\"--smush-placeholder-width: 1000px; --smush-placeholder-aspect-ratio: 1000\/857;\" \/><\/p>\n","protected":false},"excerpt":{"rendered":"<p>Datos T\u00e9cnicos: Nombre del Producto: Cable de calefacci\u00f3n de fibra de carbono Material aislante: Caucho de silicona Temperatura m\u00e1xima de resistencia: 200\u00b0C Temperatura de calefacci\u00f3n: Basada en la longitud de uso Conductor de calefacci\u00f3n: 12K Corriente de fuga: 0.05mA\/m El producto puede soportar una potencia m\u00e1xima: 25W\/M Di\u00e1metro: 3\u00b10.1 MM (M\u00e1s grueso y seguro) Colores: [&hellip;]<\/p>\n","protected":false},"featured_media":1017,"template":"","meta":[],"product_brand":[],"product_cat":[22],"product_tag":[156],"class_list":{"0":"post-1014","1":"product","2":"type-product","3":"status-publish","4":"has-post-thumbnail","6":"product_cat-heating-cable","7":"product_tag-warm-floor-cable","9":"first","10":"instock","11":"shipping-taxable","12":"product-type-simple"},"yoast_head":"<!-- This site is optimized with the Yoast SEO plugin v27.4 - https:\/\/yoast.com\/product\/yoast-seo-wordpress\/ -->\n<title>Fabricantes de cables calefactores para suelos de primera calidad | Cheri-heater.com<\/title>\n<meta name=\"description\" content=\"Cables calefactores para suelos de primera calidad para una calefacci\u00f3n por suelo eficiente. Nuestros cables de alta calidad garantizan una distribuci\u00f3n uniforme del calor y ahorro energ\u00e9tico, creando un espacio acogedor y c\u00f3modo. \u00a1Cont\u00e1ctenos hoy para instalaci\u00f3n y soporte expertos!\" \/>\n<meta name=\"robots\" content=\"index, follow, max-snippet:-1, max-image-preview:large, max-video-preview:-1\" \/>\n<link rel=\"canonical\" href=\"https:\/\/cheri-heater.com\/esp\/product\/warm-floor-cable\/\" \/>\n<meta property=\"og:locale\" content=\"en_US\" \/>\n<meta property=\"og:type\" content=\"article\" \/>\n<meta property=\"og:title\" content=\"Fabricantes de cables calefactores para suelos de primera calidad | Cheri-heater.com\" \/>\n<meta property=\"og:description\" content=\"Cables calefactores para suelos de primera calidad para una calefacci\u00f3n por suelo eficiente. Nuestros cables de alta calidad garantizan una distribuci\u00f3n uniforme del calor y ahorro energ\u00e9tico, creando un espacio acogedor y c\u00f3modo. \u00a1Cont\u00e1ctenos hoy para instalaci\u00f3n y soporte expertos!\" \/>\n<meta property=\"og:url\" content=\"https:\/\/cheri-heater.com\/esp\/product\/warm-floor-cable\/\" \/>\n<meta property=\"og:site_name\" content=\"Cheri Heater Technology Co.,Ltd.\" \/>\n<meta property=\"article:modified_time\" content=\"2024-07-27T12:11:16+00:00\" \/>\n<meta property=\"og:image\" content=\"https:\/\/cheri-heater.com\/esp\/wp-content\/uploads\/2024\/06\/H725fe4e01ae94c68b8d1262a9d01f9afU-1.jpg_720x720q50-1.jpg\" \/>\n\t<meta property=\"og:image:width\" content=\"720\" \/>\n\t<meta property=\"og:image:height\" content=\"720\" \/>\n\t<meta property=\"og:image:type\" content=\"image\/jpeg\" \/>\n<meta name=\"twitter:card\" content=\"summary_large_image\" \/>\n<meta name=\"twitter:label1\" content=\"Est. reading time\" \/>\n\t<meta name=\"twitter:data1\" content=\"2 minutes\" \/>\n<!-- \/ Yoast SEO plugin. -->","yoast_head_json":{"title":"Fabricantes de cables calefactores para suelos de primera calidad | Cheri-heater.com","description":"Cables calefactores para suelos de primera calidad para una calefacci\u00f3n por suelo eficiente. Nuestros cables de alta calidad garantizan una distribuci\u00f3n uniforme del calor y ahorro energ\u00e9tico, creando un espacio acogedor y c\u00f3modo. \u00a1Cont\u00e1ctenos hoy para instalaci\u00f3n y soporte expertos!","robots":{"index":"index","follow":"follow","max-snippet":"max-snippet:-1","max-image-preview":"max-image-preview:large","max-video-preview":"max-video-preview:-1"},"canonical":"https:\/\/cheri-heater.com\/esp\/product\/warm-floor-cable\/","og_locale":"en_US","og_type":"article","og_title":"Fabricantes de cables calefactores para suelos de primera calidad | Cheri-heater.com","og_description":"Cables calefactores para suelos de primera calidad para una calefacci\u00f3n por suelo eficiente. Nuestros cables de alta calidad garantizan una distribuci\u00f3n uniforme del calor y ahorro energ\u00e9tico, creando un espacio acogedor y c\u00f3modo. \u00a1Cont\u00e1ctenos hoy para instalaci\u00f3n y soporte expertos!","og_url":"https:\/\/cheri-heater.com\/esp\/product\/warm-floor-cable\/","og_site_name":"Cheri Heater Technology Co.,Ltd.","article_modified_time":"2024-07-27T12:11:16+00:00","og_image":[{"width":720,"height":720,"url":"https:\/\/cheri-heater.com\/esp\/wp-content\/uploads\/2024\/06\/H725fe4e01ae94c68b8d1262a9d01f9afU-1.jpg_720x720q50-1.jpg","type":"image\/jpeg"}],"twitter_card":"summary_large_image","twitter_misc":{"Est. reading time":"2 minutes"},"schema":{"@context":"https:\/\/schema.org","@graph":[{"@type":"WebPage","@id":"https:\/\/cheri-heater.com\/esp\/product\/warm-floor-cable\/","url":"https:\/\/cheri-heater.com\/esp\/product\/warm-floor-cable\/","name":"Fabricantes de cables calefactores para suelos de primera calidad | Cheri-heater.com","isPartOf":{"@id":"https:\/\/cheri-heater.com\/esp\/#website"},"primaryImageOfPage":{"@id":"https:\/\/cheri-heater.com\/esp\/product\/warm-floor-cable\/#primaryimage"},"image":{"@id":"https:\/\/cheri-heater.com\/esp\/product\/warm-floor-cable\/#primaryimage"},"thumbnailUrl":"https:\/\/cheri-heater.com\/esp\/wp-content\/uploads\/2024\/06\/H725fe4e01ae94c68b8d1262a9d01f9afU-1.jpg_720x720q50-1.jpg","datePublished":"2024-06-04T18:28:49+00:00","dateModified":"2024-07-27T12:11:16+00:00","description":"Cables calefactores para suelos de primera calidad para una calefacci\u00f3n por suelo eficiente. Nuestros cables de alta calidad garantizan una distribuci\u00f3n uniforme del calor y ahorro energ\u00e9tico, creando un espacio acogedor y c\u00f3modo. \u00a1Cont\u00e1ctenos hoy para instalaci\u00f3n y soporte expertos!","breadcrumb":{"@id":"https:\/\/cheri-heater.com\/esp\/product\/warm-floor-cable\/#breadcrumb"},"inLanguage":"en-US","potentialAction":[{"@type":"ReadAction","target":["https:\/\/cheri-heater.com\/esp\/product\/warm-floor-cable\/"]}]},{"@type":"ImageObject","inLanguage":"en-US","@id":"https:\/\/cheri-heater.com\/esp\/product\/warm-floor-cable\/#primaryimage","url":"https:\/\/cheri-heater.com\/esp\/wp-content\/uploads\/2024\/06\/H725fe4e01ae94c68b8d1262a9d01f9afU-1.jpg_720x720q50-1.jpg","contentUrl":"https:\/\/cheri-heater.com\/esp\/wp-content\/uploads\/2024\/06\/H725fe4e01ae94c68b8d1262a9d01f9afU-1.jpg_720x720q50-1.jpg","width":720,"height":720},{"@type":"BreadcrumbList","@id":"https:\/\/cheri-heater.com\/esp\/product\/warm-floor-cable\/#breadcrumb","itemListElement":[{"@type":"ListItem","position":1,"name":"Home","item":"https:\/\/cheri-heater.com\/esp\/"},{"@type":"ListItem","position":2,"name":"Products","item":"https:\/\/cheri-heater.com\/esp\/products\/"},{"@type":"ListItem","position":3,"name":"cable para calefacci\u00f3n de suelo"}]},{"@type":"WebSite","@id":"https:\/\/cheri-heater.com\/esp\/#website","url":"https:\/\/cheri-heater.com\/esp\/","name":"Cheri Heater Technology Co.,Ltd.","description":"","publisher":{"@id":"https:\/\/cheri-heater.com\/esp\/#organization"},"potentialAction":[{"@type":"SearchAction","target":{"@type":"EntryPoint","urlTemplate":"https:\/\/cheri-heater.com\/esp\/?s={search_term_string}"},"query-input":{"@type":"PropertyValueSpecification","valueRequired":true,"valueName":"search_term_string"}}],"inLanguage":"en-US"},{"@type":"Organization","@id":"https:\/\/cheri-heater.com\/esp\/#organization","name":"Cheri Heater Technology Co.,Ltd.","url":"https:\/\/cheri-heater.com\/esp\/","logo":{"@type":"ImageObject","inLanguage":"en-US","@id":"https:\/\/cheri-heater.com\/esp\/#\/schema\/logo\/image\/","url":"https:\/\/cheri-heater.com\/esp\/wp-content\/uploads\/2024\/06\/cropped-logo-resize.png","contentUrl":"https:\/\/cheri-heater.com\/esp\/wp-content\/uploads\/2024\/06\/cropped-logo-resize.png","width":346,"height":99,"caption":"Cheri Heater Technology Co.,Ltd."},"image":{"@id":"https:\/\/cheri-heater.com\/esp\/#\/schema\/logo\/image\/"}}]}},"_links":{"self":[{"href":"https:\/\/cheri-heater.com\/esp\/wp-json\/wp\/v2\/product\/1014","targetHints":{"allow":["GET"]}}],"collection":[{"href":"https:\/\/cheri-heater.com\/esp\/wp-json\/wp\/v2\/product"}],"about":[{"href":"https:\/\/cheri-heater.com\/esp\/wp-json\/wp\/v2\/types\/product"}],"wp:featuredmedia":[{"embeddable":true,"href":"https:\/\/cheri-heater.com\/esp\/wp-json\/wp\/v2\/media\/1017"}],"wp:attachment":[{"href":"https:\/\/cheri-heater.com\/esp\/wp-json\/wp\/v2\/media?parent=1014"}],"wp:term":[{"taxonomy":"product_brand","embeddable":true,"href":"https:\/\/cheri-heater.com\/esp\/wp-json\/wp\/v2\/product_brand?post=1014"},{"taxonomy":"product_cat","embeddable":true,"href":"https:\/\/cheri-heater.com\/esp\/wp-json\/wp\/v2\/product_cat?post=1014"},{"taxonomy":"product_tag","embeddable":true,"href":"https:\/\/cheri-heater.com\/esp\/wp-json\/wp\/v2\/product_tag?post=1014"}],"curies":[{"name":"wp","href":"https:\/\/api.w.org\/{rel}","templated":true}]}}