{"id":1020,"date":"2024-06-04T18:32:03","date_gmt":"2024-06-04T18:32:03","guid":{"rendered":"https:\/\/cheri-heater.com\/esp\/?post_type=product&#038;p=1020"},"modified":"2024-07-27T12:20:19","modified_gmt":"2024-07-27T12:20:19","slug":"mica-heat-proof-cable","status":"publish","type":"product","link":"https:\/\/cheri-heater.com\/esp\/product\/mica-heat-proof-cable\/","title":{"rendered":"cable resistente al calor con mica"},"content":{"rendered":"<p align=\"left\"><strong class=\"western\"><span style=\"color: #333333;\"><span style=\"font-family: Arial, sans-serif;\"><span style=\"font-size: large;\"><b><span style=\"font-size: medium;\">Especificaciones<\/span><\/b><\/span><\/span><\/span><\/strong><span style=\"color: #333333;\"> <\/span><\/p>\n<table cellspacing=\"0\" cellpadding=\"2\">\n<tbody>\n<tr>\n<td bgcolor=\"#ffffff\" height=\"24\">\n<p class=\"western\" align=\"center\"><span style=\"font-family: Arial, sans-serif;\"><span style=\"font-size: large;\"><span lang=\"en-US\"><b><strong class=\"western\">Nombre<\/strong><\/b><\/span><\/span><\/span><\/p>\n<\/td>\n<td bgcolor=\"#ffffff\">\n<p class=\"western\" align=\"center\"><span style=\"font-family: Arial, sans-serif;\"><span style=\"font-size: large;\"><span lang=\"en-US\"><b><strong class=\"western\">Temperatura de uso<\/strong><\/b><\/span><\/span><\/span><\/p>\n<\/td>\n<td bgcolor=\"#ffffff\">\n<p class=\"western\" align=\"center\"><span style=\"font-family: Arial, sans-serif;\"><span style=\"font-size: large;\"><span lang=\"en-US\"><b><strong class=\"western\">Material del conductor<\/strong><\/b><\/span><\/span><\/span><\/p>\n<\/td>\n<td bgcolor=\"#ffffff\">\n<p class=\"western\" align=\"center\"><span style=\"font-family: Arial, sans-serif;\"><span style=\"font-size: large;\"><span lang=\"en-US\"><b><strong class=\"western\">Material del aislamiento<\/strong><\/b><\/span><\/span><\/span><\/p>\n<\/td>\n<\/tr>\n<tr>\n<td bgcolor=\"#ffffff\" height=\"20\">\n<p align=\"center\"><span style=\"font-size: medium;\"><span style=\"font-family: Arial, sans-serif;\">GN 500<\/span><\/span><\/p>\n<\/td>\n<td bgcolor=\"#ffffff\">\n<p class=\"western\" align=\"center\"><span style=\"font-size: medium;\"><span style=\"font-family: Arial, sans-serif;\">500\u00b0C<\/span><\/span><\/p>\n<\/td>\n<td bgcolor=\"#ffffff\">\n<p class=\"western\" align=\"center\"><span style=\"font-size: medium;\"><span style=\"font-family: Arial, sans-serif;\">Cable de cobre puro<\/span><\/span><\/p>\n<\/td>\n<td bgcolor=\"#ffffff\">\n<p class=\"western\" align=\"center\"><span style=\"font-size: medium;\"><span style=\"font-family: Arial, sans-serif;\">Fibra de vidrio + cinta de mica + fibra de vidrio<\/span><\/span><\/p>\n<\/td>\n<\/tr>\n<tr>\n<td bgcolor=\"#ffffff\" height=\"44\">\n<p class=\"western\" align=\"center\"><span style=\"font-size: medium;\"><span style=\"font-family: Arial, sans-serif;\">GN 600<\/span><\/span><\/p>\n<\/td>\n<td bgcolor=\"#ffffff\">\n<p class=\"western\" align=\"center\"><span style=\"font-size: medium;\"><span style=\"font-family: Arial, sans-serif;\">600\u00b0C<\/span><\/span><\/p>\n<\/td>\n<td bgcolor=\"#ffffff\">\n<p class=\"western\" align=\"center\"><span style=\"font-size: medium;\"><span style=\"font-family: Arial, sans-serif;\">Cable de cobre niquelado<\/span><\/span><\/p>\n<\/td>\n<td bgcolor=\"#ffffff\">\n<p class=\"western\" align=\"center\"><span style=\"font-size: medium;\"><span style=\"font-family: Verdana;\">Fibra de vidrio + cinta de mica + fibra de vidrio<\/span><\/span><\/p>\n<\/td>\n<\/tr>\n<tr>\n<td bgcolor=\"#ffffff\" height=\"20\">\n<p class=\"western\" align=\"center\"><span style=\"font-size: medium;\"><span style=\"font-family: Arial, sans-serif;\">GN 800<\/span><\/span><\/p>\n<\/td>\n<td bgcolor=\"#ffffff\">\n<p class=\"western\" align=\"center\"><span style=\"font-size: medium;\"><span style=\"font-family: Arial, sans-serif;\">800\u00b0C<\/span><\/span><\/p>\n<\/td>\n<td bgcolor=\"#ffffff\">\n<p class=\"western\" align=\"center\"><span style=\"font-size: medium;\"><span style=\"font-family: Arial, sans-serif;\">Cable de n\u00edquel puro<\/span><\/span><\/p>\n<\/td>\n<td bgcolor=\"#ffffff\">\n<p class=\"western\" align=\"center\"><span style=\"font-size: medium;\"><span style=\"font-family: Verdana;\">Fibra de vidrio + cinta de mica + fibra de vidrio<\/span><\/span><\/p>\n<\/td>\n<\/tr>\n<tr>\n<td bgcolor=\"#ffffff\" height=\"43\">\n<p class=\"western\" align=\"center\"><span style=\"font-size: medium;\"><span style=\"font-family: Arial, sans-serif;\">GN 1000<\/span><\/span><\/p>\n<\/td>\n<td bgcolor=\"#ffffff\">\n<p class=\"western\" align=\"center\"><span style=\"font-size: medium;\"><span style=\"font-family: Arial, sans-serif;\">1000\u00b0C<\/span><\/span><\/p>\n<\/td>\n<td bgcolor=\"#ffffff\">\n<p class=\"western\" align=\"center\"><span style=\"font-size: medium;\"><span style=\"font-family: Arial, sans-serif;\">Cable de n\u00edquel puro de alta temperatura<\/span><\/span><\/p>\n<\/td>\n<td bgcolor=\"#ffffff\">\n<p class=\"western\" align=\"center\"><span style=\"font-size: medium;\"><span style=\"font-family: Verdana;\">Fibra cer\u00e1mica + cinta de mica + fibra cer\u00e1mica<\/span><\/span><\/p>\n<\/td>\n<\/tr>\n<\/tbody>\n<\/table>\n<p><img decoding=\"async\" class=\"aligncenter size-full wp-image-1027 lazyload\" data-src=\"https:\/\/cheri-heater.com\/esp\/wp-content\/uploads\/2024\/06\/13723875654_740155133.jpg\" alt=\"\" height=\"208\" data-srcset=\"https:\/\/cheri-heater.com\/esp\/wp-content\/uploads\/2024\/06\/13723875654_740155133.jpg 793w, https:\/\/cheri-heater.com\/esp\/wp-content\/uploads\/2024\/06\/13723875654_740155133-600x157.jpg 600w, https:\/\/cheri-heater.com\/esp\/wp-content\/uploads\/2024\/06\/13723875654_740155133-300x79.jpg 300w, https:\/\/cheri-heater.com\/esp\/wp-content\/uploads\/2024\/06\/13723875654_740155133-768x201.jpg 768w\" data-sizes=\"(max-width: 793px) 100vw, 793px\" src=\"data:image\/svg+xml;base64,PHN2ZyB3aWR0aD0iMSIgaGVpZ2h0PSIxIiB4bWxucz0iaHR0cDovL3d3dy53My5vcmcvMjAwMC9zdmciPjwvc3ZnPg==\" style=\"--smush-placeholder-width: 793px; --smush-placeholder-aspect-ratio: 793\/208;\" \/> <img decoding=\"async\" class=\"aligncenter size-full wp-image-1028 lazyload\" data-src=\"https:\/\/cheri-heater.com\/esp\/wp-content\/uploads\/2024\/06\/O1CN01a2Xfgz1Mzn7NP0lmx_6000000001506-0-cib.jpg_Q75_\u526f\u672c.jpg\" alt=\"\" height=\"497\" data-srcset=\"https:\/\/cheri-heater.com\/esp\/wp-content\/uploads\/2024\/06\/O1CN01a2Xfgz1Mzn7NP0lmx_6000000001506-0-cib.jpg_Q75_\u526f\u672c.jpg 447w, https:\/\/cheri-heater.com\/esp\/wp-content\/uploads\/2024\/06\/O1CN01a2Xfgz1Mzn7NP0lmx_6000000001506-0-cib.jpg_Q75_\u526f\u672c-270x300.jpg 270w\" data-sizes=\"(max-width: 447px) 100vw, 447px\" src=\"data:image\/svg+xml;base64,PHN2ZyB3aWR0aD0iMSIgaGVpZ2h0PSIxIiB4bWxucz0iaHR0cDovL3d3dy53My5vcmcvMjAwMC9zdmciPjwvc3ZnPg==\" style=\"--smush-placeholder-width: 447px; --smush-placeholder-aspect-ratio: 447\/497;\" \/><\/p>\n","protected":false},"excerpt":{"rendered":"<h1><span style=\"color: #000000;\">Fabricante de Cables Resitentes al Calor de Mica de Alta Calidad<\/span><\/h1>\n<p><span style=\"color: #000000;\">Cheri Heater Technology Co., Ltd ha estado a la vanguardia en la entrega de soluciones de calefacci\u00f3n industrial de primera calidad desde 2003. Nuestra amplia gama de productos incluye el Cable Resistente al Calor de Mica, dise\u00f1ado para satisfacer las exigentes demandas de los entornos industriales.<\/span><\/p>\n<h2><span style=\"color: #000000;\">Liderando la Industria con Cables Resistentes al Calor de Mica<\/span><\/h2>\n<p><span style=\"color: #000000;\">En Cheri Heater, entendemos la importancia cr\u00edtica de la fiabilidad y el rendimiento en las aplicaciones industriales. Nuestros Cables Resistentes al Calor de Mica est\u00e1n meticulosamente elaborados para soportar temperaturas extremas, lo que los convierte en una opci\u00f3n ideal para aplicaciones en metalurgia y otros entornos especializados. Aprovechando nuestras capacidades internas de corte, conformado, mecanizado, sujeci\u00f3n y acabado, producimos consistentemente Cables Resistentes al Calor de Mica que ofrecen un rendimiento y durabilidad constantes.<\/span><\/p>\n<h3><span style=\"color: #000000;\">\u00bfPor Qu\u00e9 Elegir a Cheri Heater para los Cables Resistentes al Calor de Mica?<\/span><\/h3>\n<p><span style=\"color: #000000;\">Al elegir a Cheri Heater Technology Co., Ltd como su fabricante de Cables Resistentes al Calor de Mica, obtiene acceso a una experiencia inigualable, soporte al cliente y un compromiso con la elaboraci\u00f3n de soluciones de calefacci\u00f3n a medida para satisfacer las necesidades \u00fanicas de sus aplicaciones industriales. Nuestros calentadores industriales certificados ISO 9001:2008 y CE, incluidos los Cables Resistentes al Calor de Mica, se producen utilizando materiales de primera calidad para garantizar un rendimiento t\u00e9rmico \u00f3ptimo, un consumo m\u00ednimo de energ\u00eda y longevidad. Tambi\u00e9n ofrecemos garant\u00edas s\u00f3lidas y proporcionamos un servicio postventa integral para asegurar su completa satisfacci\u00f3n.<\/span><\/p>\n<h4><span style=\"color: #000000;\">Descubra Nuestras Soluciones de Calefacci\u00f3n Industrial<\/span><\/h4>\n<p><span style=\"color: #000000;\">Adem\u00e1s de los Cables Resistentes al Calor de Mica, <a style=\"color: #000000;\" href=\"https:\/\/cheri-heater.com\/esp\/\">Cheri Heater<\/a> ofrece una extensa selecci\u00f3n de elementos de calefacci\u00f3n industrial, incluyendo calentadores de cartucho, calentadores tubulares, termopares y m\u00e1s. Nuestros productos est\u00e1n elaborados con precisi\u00f3n y cumplen con los m\u00e1s altos est\u00e1ndares de la industria, lo que nos convierte en la opci\u00f3n preferida para empresas que buscan soluciones de calefacci\u00f3n fiables.<\/span><br \/>\n\u00a0<\/p>\n","protected":false},"featured_media":1024,"template":"","meta":[],"product_brand":[],"product_cat":[23],"product_tag":[42,43],"class_list":{"0":"post-1020","1":"product","2":"type-product","3":"status-publish","4":"has-post-thumbnail","6":"product_cat-high-temperature-cable","7":"product_tag-mica-heat-proof-cable","8":"product_tag-mica-heat-proof-cable-manufacturer","10":"first","11":"instock","12":"shipping-taxable","13":"product-type-simple"},"yoast_head":"<!-- This site is optimized with the Yoast SEO plugin v27.3 - https:\/\/yoast.com\/product\/yoast-seo-wordpress\/ -->\n<title>Fabricante de cables resistentes al calor con mica | Cables duraderos y fiables<\/title>\n<meta name=\"description\" content=\"Descubra cables resistentes al calor con mica de alta calidad del fabricante l\u00edder. Nuestros cables duraderos y fiables est\u00e1n dise\u00f1ados para soportar temperaturas extremas, garantizando seguridad y eficiencia en sus aplicaciones. \u00a1Cont\u00e1ctenos hoy para soluciones personalizadas!\" \/>\n<meta name=\"robots\" content=\"index, follow, max-snippet:-1, max-image-preview:large, max-video-preview:-1\" \/>\n<link rel=\"canonical\" href=\"https:\/\/cheri-heater.com\/esp\/product\/mica-heat-proof-cable\/\" \/>\n<meta property=\"og:locale\" content=\"en_US\" \/>\n<meta property=\"og:type\" content=\"article\" \/>\n<meta property=\"og:title\" content=\"Fabricante de cables resistentes al calor con mica | Cables duraderos y fiables\" \/>\n<meta property=\"og:description\" content=\"Descubra cables resistentes al calor con mica de alta calidad del fabricante l\u00edder. Nuestros cables duraderos y fiables est\u00e1n dise\u00f1ados para soportar temperaturas extremas, garantizando seguridad y eficiencia en sus aplicaciones. \u00a1Cont\u00e1ctenos hoy para soluciones personalizadas!\" \/>\n<meta property=\"og:url\" content=\"https:\/\/cheri-heater.com\/esp\/product\/mica-heat-proof-cable\/\" \/>\n<meta property=\"og:site_name\" content=\"Cheri Heater Technology Co.,Ltd.\" \/>\n<meta property=\"article:modified_time\" content=\"2024-07-27T12:20:19+00:00\" \/>\n<meta property=\"og:image\" content=\"https:\/\/cheri-heater.com\/esp\/wp-content\/uploads\/2024\/06\/19117442473_740155133.jpg\" \/>\n\t<meta property=\"og:image:width\" content=\"800\" \/>\n\t<meta property=\"og:image:height\" content=\"800\" \/>\n\t<meta property=\"og:image:type\" content=\"image\/jpeg\" \/>\n<meta name=\"twitter:card\" content=\"summary_large_image\" \/>\n<meta name=\"twitter:label1\" content=\"Est. reading time\" \/>\n\t<meta name=\"twitter:data1\" content=\"1 minute\" \/>\n<!-- \/ Yoast SEO plugin. -->","yoast_head_json":{"title":"Fabricante de cables resistentes al calor con mica | Cables duraderos y fiables","description":"Descubra cables resistentes al calor con mica de alta calidad del fabricante l\u00edder. Nuestros cables duraderos y fiables est\u00e1n dise\u00f1ados para soportar temperaturas extremas, garantizando seguridad y eficiencia en sus aplicaciones. \u00a1Cont\u00e1ctenos hoy para soluciones personalizadas!","robots":{"index":"index","follow":"follow","max-snippet":"max-snippet:-1","max-image-preview":"max-image-preview:large","max-video-preview":"max-video-preview:-1"},"canonical":"https:\/\/cheri-heater.com\/esp\/product\/mica-heat-proof-cable\/","og_locale":"en_US","og_type":"article","og_title":"Fabricante de cables resistentes al calor con mica | Cables duraderos y fiables","og_description":"Descubra cables resistentes al calor con mica de alta calidad del fabricante l\u00edder. Nuestros cables duraderos y fiables est\u00e1n dise\u00f1ados para soportar temperaturas extremas, garantizando seguridad y eficiencia en sus aplicaciones. \u00a1Cont\u00e1ctenos hoy para soluciones personalizadas!","og_url":"https:\/\/cheri-heater.com\/esp\/product\/mica-heat-proof-cable\/","og_site_name":"Cheri Heater Technology Co.,Ltd.","article_modified_time":"2024-07-27T12:20:19+00:00","og_image":[{"width":800,"height":800,"url":"https:\/\/cheri-heater.com\/esp\/wp-content\/uploads\/2024\/06\/19117442473_740155133.jpg","type":"image\/jpeg"}],"twitter_card":"summary_large_image","twitter_misc":{"Est. reading time":"1 minute"},"schema":{"@context":"https:\/\/schema.org","@graph":[{"@type":"WebPage","@id":"https:\/\/cheri-heater.com\/esp\/product\/mica-heat-proof-cable\/","url":"https:\/\/cheri-heater.com\/esp\/product\/mica-heat-proof-cable\/","name":"Fabricante de cables resistentes al calor con mica | Cables duraderos y fiables","isPartOf":{"@id":"https:\/\/cheri-heater.com\/esp\/#website"},"primaryImageOfPage":{"@id":"https:\/\/cheri-heater.com\/esp\/product\/mica-heat-proof-cable\/#primaryimage"},"image":{"@id":"https:\/\/cheri-heater.com\/esp\/product\/mica-heat-proof-cable\/#primaryimage"},"thumbnailUrl":"https:\/\/cheri-heater.com\/esp\/wp-content\/uploads\/2024\/06\/19117442473_740155133.jpg","datePublished":"2024-06-04T18:32:03+00:00","dateModified":"2024-07-27T12:20:19+00:00","description":"Descubra cables resistentes al calor con mica de alta calidad del fabricante l\u00edder. Nuestros cables duraderos y fiables est\u00e1n dise\u00f1ados para soportar temperaturas extremas, garantizando seguridad y eficiencia en sus aplicaciones. \u00a1Cont\u00e1ctenos hoy para soluciones personalizadas!","breadcrumb":{"@id":"https:\/\/cheri-heater.com\/esp\/product\/mica-heat-proof-cable\/#breadcrumb"},"inLanguage":"en-US","potentialAction":[{"@type":"ReadAction","target":["https:\/\/cheri-heater.com\/esp\/product\/mica-heat-proof-cable\/"]}]},{"@type":"ImageObject","inLanguage":"en-US","@id":"https:\/\/cheri-heater.com\/esp\/product\/mica-heat-proof-cable\/#primaryimage","url":"https:\/\/cheri-heater.com\/esp\/wp-content\/uploads\/2024\/06\/19117442473_740155133.jpg","contentUrl":"https:\/\/cheri-heater.com\/esp\/wp-content\/uploads\/2024\/06\/19117442473_740155133.jpg","width":800,"height":800},{"@type":"BreadcrumbList","@id":"https:\/\/cheri-heater.com\/esp\/product\/mica-heat-proof-cable\/#breadcrumb","itemListElement":[{"@type":"ListItem","position":1,"name":"Home","item":"https:\/\/cheri-heater.com\/esp\/"},{"@type":"ListItem","position":2,"name":"Products","item":"https:\/\/cheri-heater.com\/esp\/products\/"},{"@type":"ListItem","position":3,"name":"cable resistente al calor con mica"}]},{"@type":"WebSite","@id":"https:\/\/cheri-heater.com\/esp\/#website","url":"https:\/\/cheri-heater.com\/esp\/","name":"Cheri Heater Technology Co.,Ltd.","description":"","publisher":{"@id":"https:\/\/cheri-heater.com\/esp\/#organization"},"potentialAction":[{"@type":"SearchAction","target":{"@type":"EntryPoint","urlTemplate":"https:\/\/cheri-heater.com\/esp\/?s={search_term_string}"},"query-input":{"@type":"PropertyValueSpecification","valueRequired":true,"valueName":"search_term_string"}}],"inLanguage":"en-US"},{"@type":"Organization","@id":"https:\/\/cheri-heater.com\/esp\/#organization","name":"Cheri Heater Technology Co.,Ltd.","url":"https:\/\/cheri-heater.com\/esp\/","logo":{"@type":"ImageObject","inLanguage":"en-US","@id":"https:\/\/cheri-heater.com\/esp\/#\/schema\/logo\/image\/","url":"https:\/\/cheri-heater.com\/esp\/wp-content\/uploads\/2024\/06\/cropped-logo-resize.png","contentUrl":"https:\/\/cheri-heater.com\/esp\/wp-content\/uploads\/2024\/06\/cropped-logo-resize.png","width":346,"height":99,"caption":"Cheri Heater Technology Co.,Ltd."},"image":{"@id":"https:\/\/cheri-heater.com\/esp\/#\/schema\/logo\/image\/"}}]}},"_links":{"self":[{"href":"https:\/\/cheri-heater.com\/esp\/wp-json\/wp\/v2\/product\/1020","targetHints":{"allow":["GET"]}}],"collection":[{"href":"https:\/\/cheri-heater.com\/esp\/wp-json\/wp\/v2\/product"}],"about":[{"href":"https:\/\/cheri-heater.com\/esp\/wp-json\/wp\/v2\/types\/product"}],"wp:featuredmedia":[{"embeddable":true,"href":"https:\/\/cheri-heater.com\/esp\/wp-json\/wp\/v2\/media\/1024"}],"wp:attachment":[{"href":"https:\/\/cheri-heater.com\/esp\/wp-json\/wp\/v2\/media?parent=1020"}],"wp:term":[{"taxonomy":"product_brand","embeddable":true,"href":"https:\/\/cheri-heater.com\/esp\/wp-json\/wp\/v2\/product_brand?post=1020"},{"taxonomy":"product_cat","embeddable":true,"href":"https:\/\/cheri-heater.com\/esp\/wp-json\/wp\/v2\/product_cat?post=1020"},{"taxonomy":"product_tag","embeddable":true,"href":"https:\/\/cheri-heater.com\/esp\/wp-json\/wp\/v2\/product_tag?post=1020"}],"curies":[{"name":"wp","href":"https:\/\/api.w.org\/{rel}","templated":true}]}}