{"id":1029,"date":"2024-06-04T18:36:02","date_gmt":"2024-06-04T18:36:02","guid":{"rendered":"https:\/\/cheri-heater.com\/esp\/?post_type=product&#038;p=1029"},"modified":"2024-07-27T12:24:24","modified_gmt":"2024-07-27T12:24:24","slug":"silicone-fiberglass-cable","status":"publish","type":"product","link":"https:\/\/cheri-heater.com\/esp\/product\/silicone-fiberglass-cable\/","title":{"rendered":"Cable de silicona con refuerzo de fibra de vidrio"},"content":{"rendered":"<p class=\"western\" lang=\"es-ES\" align=\"left\"><span style=\"color: #333333;\"><span style=\"font-family: Arial, serif;\"><span style=\"font-size: small;\"><span lang=\"es-ES\">Nombre del Producto: Cable de alta temperatura trenzado de silicona<\/span><\/span><\/span><\/span><\/p>\n<p class=\"western\" lang=\"es-ES\" align=\"left\"><span style=\"color: #333333;\"><span style=\"font-family: Arial, serif;\"><span style=\"font-size: small;\"><span lang=\"es-ES\">Especificaciones del producto:<\/span><\/span><\/span><\/span><\/p>\n<p class=\"western\" lang=\"es-ES\" align=\"left\"><span style=\"color: #333333;\"><span style=\"font-family: Arial, serif;\"><span style=\"font-size: small;\"><span lang=\"es-ES\">22AWG (0.3 mil\u00edmetros cuadrados)<\/span><\/span><\/span><\/span><\/p>\n<p class=\"western\" lang=\"es-ES\" align=\"left\"><span style=\"color: #333333;\"><span style=\"font-family: Arial, serif;\"><span style=\"font-size: small;\"><span lang=\"es-ES\">20AWG (0.5 mil\u00edmetros cuadrados)<\/span><\/span><\/span><\/span><\/p>\n<p class=\"western\" lang=\"es-ES\" align=\"left\"><span style=\"color: #333333;\"><span style=\"font-family: Arial, serif;\"><span style=\"font-size: small;\"><span lang=\"es-ES\">18AWG (0.75 mil\u00edmetros cuadrados)<\/span><\/span><\/span><\/span><\/p>\n<p class=\"western\" lang=\"es-ES\" align=\"left\"><span style=\"color: #333333;\"><span style=\"font-family: Arial, serif;\"><span style=\"font-size: small;\"><span lang=\"es-ES\">17AWG (1.0 mil\u00edmetros cuadrados)<\/span><\/span><\/span><\/span><\/p>\n<p class=\"western\" lang=\"es-ES\" align=\"left\"><span style=\"color: #333333;\"><span style=\"font-family: Arial, serif;\"><span style=\"font-size: small;\"><span lang=\"es-ES\">15AWG (1.5 mil\u00edmetros cuadrados)<\/span><\/span><\/span><\/span><\/p>\n<p class=\"western\" lang=\"es-ES\" align=\"left\"><span style=\"color: #333333;\"><span style=\"font-family: Arial, serif;\"><span style=\"font-size: small;\"><span lang=\"es-ES\">13AWG (2.5 mil\u00edmetros cuadrados)<\/span><\/span><\/span><\/span><\/p>\n<p class=\"western\" lang=\"es-ES\" align=\"left\"><span style=\"color: #333333;\"><span style=\"font-family: Arial, serif;\"><span style=\"font-size: small;\"><span lang=\"es-ES\">11AWG (4.0 mil\u00edmetros cuadrados)<\/span><\/span><\/span><\/span><\/p>\n<p class=\"western\" lang=\"es-ES\" align=\"left\"><span style=\"color: #333333;\"><span style=\"font-family: Arial, serif;\"><span style=\"font-size: small;\"><span lang=\"es-ES\">9AWG (6.0 mil\u00edmetros cuadrados)<\/span><\/span><\/span><\/span><\/p>\n<p class=\"western\" lang=\"es-ES\" align=\"left\"><span style=\"color: #333333;\"><span style=\"font-family: Arial, serif;\"><span style=\"font-size: small;\"><span lang=\"es-ES\">Color: rojo, negro, amarillo, azul, blanco, verde (opcional)<\/span><\/span><\/span><\/span><\/p>\n<p class=\"western\" lang=\"es-ES\" align=\"left\"><span style=\"color: #333333;\"><span style=\"font-family: Arial, serif;\"><span style=\"font-size: small;\"><span lang=\"es-ES\">\u00c1mbito de aplicaci\u00f3n:<\/span><\/span><\/span><\/span><\/p>\n<p class=\"western\" lang=\"es-ES\" align=\"left\"><span style=\"color: #333333;\">\u00a0<\/span><span style=\"color: #333333;\"><span style=\"font-family: Arial, serif;\"><span style=\"font-size: small;\"><span lang=\"es-ES\">Se utiliza ampliamente en la fabricaci\u00f3n de maquinaria en entornos especiales como metalurgia, petr\u00f3leo, qu\u00edmica, refinaci\u00f3n de petr\u00f3leo, gas, etc. Requiere cables y alambres resistentes al fuego con diversas propiedades el\u00e9ctricas, as\u00ed como diversos equipos el\u00e9ctricos y equipos de calefacci\u00f3n el\u00e9ctrica.<\/span><\/span><\/span><\/span><\/p>\n<p class=\"western\" lang=\"es-ES\" align=\"left\"><span style=\"color: #333333;\"><span style=\"font-family: Arial, serif;\"><span style=\"font-size: small;\"><span lang=\"es-ES\">Voltaje nominal: 500V.<\/span><\/span><\/span><\/span><\/p>\n<p class=\"western\" lang=\"es-ES\" align=\"left\"><span style=\"color: #333333;\"><span style=\"font-family: Arial, serif;\"><span style=\"font-size: small;\"><span lang=\"es-ES\">Temperatura nominal: 300\u00b0C (resistencia a bajas temperaturas -60\u00b0C)<\/span><\/span><\/span><\/span><\/p>\n<p class=\"western\" lang=\"es-ES\" align=\"left\"><span style=\"color: #333333;\"><span style=\"font-family: Arial, serif;\"><span style=\"font-size: small;\"><span lang=\"es-ES\">Caracter\u00edsticas:<\/span><\/span><\/span><\/span><\/p>\n<p class=\"western\" lang=\"es-ES\" align=\"left\"><span style=\"color: #333333;\"><span style=\"font-family: Arial, serif;\"><span style=\"font-size: small;\"><span lang=\"es-ES\">Refractario, resistente a altas temperaturas, resistente al envejecimiento, resistente a la abrasi\u00f3n, suave y el\u00e1stico, flexible, no inflamable, retardante de llama, larga vida \u00fatil.<\/span><\/span><\/span><\/span><\/p>\n","protected":false},"excerpt":{"rendered":"<p class=\"western\" lang=\"es-ES\" align=\"left\"><span style=\"color: #333333;\"><span style=\"font-family: Arial, serif;\"><span style=\"font-size: small;\"><span lang=\"es-ES\">Utiliza aislamiento de alambre desnudo puro, embalaje tejido de fibra de vidrio resistente a altas temperaturas, y una funda exterior de fibra de vidrio tejida, con alta resistencia a la temperatura, a prueba de fuego, impermeable, resistente al envejecimiento, al desgaste y protecci\u00f3n de seguridad!<\/span><\/span><\/span><\/span><\/p>\n","protected":false},"featured_media":1036,"template":"","meta":[],"product_brand":[],"product_cat":[23],"product_tag":[157],"class_list":{"0":"post-1029","1":"product","2":"type-product","3":"status-publish","4":"has-post-thumbnail","6":"product_cat-high-temperature-cable","7":"product_tag-silicone-fiberglass-cable","9":"first","10":"instock","11":"shipping-taxable","12":"product-type-simple"},"yoast_head":"<!-- This site is optimized with the Yoast SEO plugin v27.3 - https:\/\/yoast.com\/product\/yoast-seo-wordpress\/ -->\n<title>Fabricantes de cables de silicona con refuerzo de fibra de vidrio de alta calidad<\/title>\n<meta name=\"description\" content=\"Cables de silicona con refuerzo de fibra de vidrio de alto rendimiento dise\u00f1ados para durabilidad y resistencia al calor. Ideales para aplicaciones industriales exigentes, nuestros cables garantizan un rendimiento fiable en condiciones extremas. \u00a1Cont\u00e1ctenos hoy para soluciones personalizadas y soporte experto\" \/>\n<meta name=\"robots\" content=\"index, follow, max-snippet:-1, max-image-preview:large, max-video-preview:-1\" \/>\n<link rel=\"canonical\" href=\"https:\/\/cheri-heater.com\/esp\/product\/silicone-fiberglass-cable\/\" \/>\n<meta property=\"og:locale\" content=\"en_US\" \/>\n<meta property=\"og:type\" content=\"article\" \/>\n<meta property=\"og:title\" content=\"Fabricantes de cables de silicona con refuerzo de fibra de vidrio de alta calidad\" \/>\n<meta property=\"og:description\" content=\"Cables de silicona con refuerzo de fibra de vidrio de alto rendimiento dise\u00f1ados para durabilidad y resistencia al calor. Ideales para aplicaciones industriales exigentes, nuestros cables garantizan un rendimiento fiable en condiciones extremas. \u00a1Cont\u00e1ctenos hoy para soluciones personalizadas y soporte experto\" \/>\n<meta property=\"og:url\" content=\"https:\/\/cheri-heater.com\/esp\/product\/silicone-fiberglass-cable\/\" \/>\n<meta property=\"og:site_name\" content=\"Cheri Heater Technology Co.,Ltd.\" \/>\n<meta property=\"article:modified_time\" content=\"2024-07-27T12:24:24+00:00\" \/>\n<meta property=\"og:image\" content=\"https:\/\/cheri-heater.com\/esp\/wp-content\/uploads\/2024\/06\/O1CN010mJouR27kwLoHm0Cb_1858937836-0-cib.jpg\" \/>\n\t<meta property=\"og:image:width\" content=\"800\" \/>\n\t<meta property=\"og:image:height\" content=\"800\" \/>\n\t<meta property=\"og:image:type\" content=\"image\/jpeg\" \/>\n<meta name=\"twitter:card\" content=\"summary_large_image\" \/>\n<meta name=\"twitter:label1\" content=\"Est. reading time\" \/>\n\t<meta name=\"twitter:data1\" content=\"1 minute\" \/>\n<!-- \/ Yoast SEO plugin. -->","yoast_head_json":{"title":"Fabricantes de cables de silicona con refuerzo de fibra de vidrio de alta calidad","description":"Cables de silicona con refuerzo de fibra de vidrio de alto rendimiento dise\u00f1ados para durabilidad y resistencia al calor. Ideales para aplicaciones industriales exigentes, nuestros cables garantizan un rendimiento fiable en condiciones extremas. \u00a1Cont\u00e1ctenos hoy para soluciones personalizadas y soporte experto","robots":{"index":"index","follow":"follow","max-snippet":"max-snippet:-1","max-image-preview":"max-image-preview:large","max-video-preview":"max-video-preview:-1"},"canonical":"https:\/\/cheri-heater.com\/esp\/product\/silicone-fiberglass-cable\/","og_locale":"en_US","og_type":"article","og_title":"Fabricantes de cables de silicona con refuerzo de fibra de vidrio de alta calidad","og_description":"Cables de silicona con refuerzo de fibra de vidrio de alto rendimiento dise\u00f1ados para durabilidad y resistencia al calor. Ideales para aplicaciones industriales exigentes, nuestros cables garantizan un rendimiento fiable en condiciones extremas. \u00a1Cont\u00e1ctenos hoy para soluciones personalizadas y soporte experto","og_url":"https:\/\/cheri-heater.com\/esp\/product\/silicone-fiberglass-cable\/","og_site_name":"Cheri Heater Technology Co.,Ltd.","article_modified_time":"2024-07-27T12:24:24+00:00","og_image":[{"width":800,"height":800,"url":"https:\/\/cheri-heater.com\/esp\/wp-content\/uploads\/2024\/06\/O1CN010mJouR27kwLoHm0Cb_1858937836-0-cib.jpg","type":"image\/jpeg"}],"twitter_card":"summary_large_image","twitter_misc":{"Est. reading time":"1 minute"},"schema":{"@context":"https:\/\/schema.org","@graph":[{"@type":"WebPage","@id":"https:\/\/cheri-heater.com\/esp\/product\/silicone-fiberglass-cable\/","url":"https:\/\/cheri-heater.com\/esp\/product\/silicone-fiberglass-cable\/","name":"Fabricantes de cables de silicona con refuerzo de fibra de vidrio de alta calidad","isPartOf":{"@id":"https:\/\/cheri-heater.com\/esp\/#website"},"primaryImageOfPage":{"@id":"https:\/\/cheri-heater.com\/esp\/product\/silicone-fiberglass-cable\/#primaryimage"},"image":{"@id":"https:\/\/cheri-heater.com\/esp\/product\/silicone-fiberglass-cable\/#primaryimage"},"thumbnailUrl":"https:\/\/cheri-heater.com\/esp\/wp-content\/uploads\/2024\/06\/O1CN010mJouR27kwLoHm0Cb_1858937836-0-cib.jpg","datePublished":"2024-06-04T18:36:02+00:00","dateModified":"2024-07-27T12:24:24+00:00","description":"Cables de silicona con refuerzo de fibra de vidrio de alto rendimiento dise\u00f1ados para durabilidad y resistencia al calor. Ideales para aplicaciones industriales exigentes, nuestros cables garantizan un rendimiento fiable en condiciones extremas. \u00a1Cont\u00e1ctenos hoy para soluciones personalizadas y soporte experto","breadcrumb":{"@id":"https:\/\/cheri-heater.com\/esp\/product\/silicone-fiberglass-cable\/#breadcrumb"},"inLanguage":"en-US","potentialAction":[{"@type":"ReadAction","target":["https:\/\/cheri-heater.com\/esp\/product\/silicone-fiberglass-cable\/"]}]},{"@type":"ImageObject","inLanguage":"en-US","@id":"https:\/\/cheri-heater.com\/esp\/product\/silicone-fiberglass-cable\/#primaryimage","url":"https:\/\/cheri-heater.com\/esp\/wp-content\/uploads\/2024\/06\/O1CN010mJouR27kwLoHm0Cb_1858937836-0-cib.jpg","contentUrl":"https:\/\/cheri-heater.com\/esp\/wp-content\/uploads\/2024\/06\/O1CN010mJouR27kwLoHm0Cb_1858937836-0-cib.jpg","width":800,"height":800},{"@type":"BreadcrumbList","@id":"https:\/\/cheri-heater.com\/esp\/product\/silicone-fiberglass-cable\/#breadcrumb","itemListElement":[{"@type":"ListItem","position":1,"name":"Home","item":"https:\/\/cheri-heater.com\/esp\/"},{"@type":"ListItem","position":2,"name":"Products","item":"https:\/\/cheri-heater.com\/esp\/products\/"},{"@type":"ListItem","position":3,"name":"Cable de silicona con refuerzo de fibra de vidrio"}]},{"@type":"WebSite","@id":"https:\/\/cheri-heater.com\/esp\/#website","url":"https:\/\/cheri-heater.com\/esp\/","name":"Cheri Heater Technology Co.,Ltd.","description":"","publisher":{"@id":"https:\/\/cheri-heater.com\/esp\/#organization"},"potentialAction":[{"@type":"SearchAction","target":{"@type":"EntryPoint","urlTemplate":"https:\/\/cheri-heater.com\/esp\/?s={search_term_string}"},"query-input":{"@type":"PropertyValueSpecification","valueRequired":true,"valueName":"search_term_string"}}],"inLanguage":"en-US"},{"@type":"Organization","@id":"https:\/\/cheri-heater.com\/esp\/#organization","name":"Cheri Heater Technology Co.,Ltd.","url":"https:\/\/cheri-heater.com\/esp\/","logo":{"@type":"ImageObject","inLanguage":"en-US","@id":"https:\/\/cheri-heater.com\/esp\/#\/schema\/logo\/image\/","url":"https:\/\/cheri-heater.com\/esp\/wp-content\/uploads\/2024\/06\/cropped-logo-resize.png","contentUrl":"https:\/\/cheri-heater.com\/esp\/wp-content\/uploads\/2024\/06\/cropped-logo-resize.png","width":346,"height":99,"caption":"Cheri Heater Technology Co.,Ltd."},"image":{"@id":"https:\/\/cheri-heater.com\/esp\/#\/schema\/logo\/image\/"}}]}},"_links":{"self":[{"href":"https:\/\/cheri-heater.com\/esp\/wp-json\/wp\/v2\/product\/1029","targetHints":{"allow":["GET"]}}],"collection":[{"href":"https:\/\/cheri-heater.com\/esp\/wp-json\/wp\/v2\/product"}],"about":[{"href":"https:\/\/cheri-heater.com\/esp\/wp-json\/wp\/v2\/types\/product"}],"wp:featuredmedia":[{"embeddable":true,"href":"https:\/\/cheri-heater.com\/esp\/wp-json\/wp\/v2\/media\/1036"}],"wp:attachment":[{"href":"https:\/\/cheri-heater.com\/esp\/wp-json\/wp\/v2\/media?parent=1029"}],"wp:term":[{"taxonomy":"product_brand","embeddable":true,"href":"https:\/\/cheri-heater.com\/esp\/wp-json\/wp\/v2\/product_brand?post=1029"},{"taxonomy":"product_cat","embeddable":true,"href":"https:\/\/cheri-heater.com\/esp\/wp-json\/wp\/v2\/product_cat?post=1029"},{"taxonomy":"product_tag","embeddable":true,"href":"https:\/\/cheri-heater.com\/esp\/wp-json\/wp\/v2\/product_tag?post=1029"}],"curies":[{"name":"wp","href":"https:\/\/api.w.org\/{rel}","templated":true}]}}