{"id":1037,"date":"2024-06-04T18:38:29","date_gmt":"2024-06-04T18:38:29","guid":{"rendered":"https:\/\/cheri-heater.com\/esp\/?post_type=product&#038;p=1037"},"modified":"2024-07-30T03:17:32","modified_gmt":"2024-07-30T03:17:32","slug":"hot-runner-heater","status":"publish","type":"product","link":"https:\/\/cheri-heater.com\/esp\/product\/hot-runner-heater\/","title":{"rendered":"Calentador de corredor caliente"},"content":{"rendered":"<p class=\"western\" align=\"left\"><span style=\"font-family: Helvetica, Arial, sans-serif;\"><span style=\"font-size: small;\"><span style=\"color: #333333;\">Con alta temperatura de trabajo, calentamiento r\u00e1pido, precisi\u00f3n uniforme en el calentamiento, larga vida \u00fatil, \u00e1rea de control autom\u00e1tico, alta conducci\u00f3n t\u00e9rmica, mientras que el material de calefacci\u00f3n interno est\u00e1 da\u00f1ado, el exterior puede reutilizarse. Los calefactores se recocen para adquirir maleabilidad y poder doblarse en cualquier forma. Tambi\u00e9n est\u00e1n disponibles calefactores para corredores calientes con termopares integrados.<\/span><\/span><\/span><\/p>\n<table width=\"750\" cellspacing=\"0\" cellpadding=\"0\">\n<tbody>\n<tr valign=\"top\">\n<td width=\"198\">\n<p class=\"western\" align=\"left\"><span style=\"font-size: small;\"><b><span style=\"font-family: \u5b8b\u4f53;\">Material del Recubrimiento<\/span><\/b><\/span><\/p>\n<\/td>\n<td width=\"121\">\n<p class=\"western\" align=\"left\"><span style=\"font-size: small;\"><span style=\"font-family: \u5b8b\u4f53;\">Acero Cr Ni<\/span><\/span><\/p>\n<\/td>\n<td width=\"225\">\n<p class=\"western\" align=\"left\"><span style=\"font-size: small;\"><b><span style=\"font-family: \u5b8b\u4f53;\">Termopar<\/span><\/b><\/span><\/p>\n<\/td>\n<td width=\"205\">\n<p class=\"western\" align=\"left\"><span style=\"font-size: small;\"><span style=\"font-family: \u5b8b\u4f53;\">Tipo J (est\u00e1ndar); Tipo K<\/span><\/span><\/p>\n<\/td>\n<\/tr>\n<tr valign=\"top\">\n<td width=\"198\">\n<p class=\"western\" align=\"left\"><span style=\"font-size: small;\"><b><span style=\"font-family: \u5b8b\u4f53;\">Material de Aislamiento<\/span><\/b><\/span><\/p>\n<\/td>\n<td width=\"121\">\n<p class=\"western\" align=\"left\"><span style=\"font-size: small;\"><span style=\"font-family: \u5b8b\u4f53;\">MgO<\/span><\/span><\/p>\n<\/td>\n<td width=\"225\">\n<p class=\"western\" align=\"left\"><span style=\"font-size: small;\"><b><span style=\"font-family: \u5b8b\u4f53;\">Tolerancia de Longitud (recta)<\/span><\/b><\/span><\/p>\n<\/td>\n<td width=\"205\">\n<p class=\"western\" align=\"left\"><span style=\"font-size: small;\"><span style=\"font-family: \u5b8b\u4f53;\">5%<\/span><\/span><\/p>\n<\/td>\n<\/tr>\n<tr valign=\"top\">\n<td width=\"198\">\n<p class=\"western\" align=\"left\"><span style=\"font-size: small;\"><b><span style=\"font-family: \u5b8b\u4f53;\">Cable de Resistencia<\/span><\/b><\/span><\/p>\n<\/td>\n<td width=\"121\">\n<p class=\"western\" align=\"left\"><span style=\"font-size: small;\"><span style=\"font-family: \u5b8b\u4f53;\">NiCr 80-20<\/span><\/span><\/p>\n<\/td>\n<td width=\"225\">\n<p class=\"western\" align=\"left\"><span style=\"font-size: small;\"><b><span style=\"font-family: \u5b8b\u4f53;\">Tolerancia de Potencia<\/span><\/b><\/span><\/p>\n<\/td>\n<td width=\"205\">\n<p class=\"western\" align=\"left\"><span style=\"font-size: small;\"><span style=\"font-family: \u5b8b\u4f53;\">5%<\/span><\/span><\/p>\n<\/td>\n<\/tr>\n<tr valign=\"top\">\n<td width=\"198\">\n<p class=\"western\" align=\"left\"><span style=\"font-size: small;\"><b><span style=\"font-family: \u5b8b\u4f53;\">Termopar<\/span><\/b><\/span><\/p>\n<\/td>\n<td width=\"121\">\n<p class=\"western\" align=\"left\"><span style=\"font-size: small;\"><span style=\"font-family: \u5b8b\u4f53;\">Tipo J; Tipo K<\/span><\/span><\/p>\n<\/td>\n<td width=\"225\">\n<p class=\"western\" align=\"left\"><span style=\"font-size: small;\"><b><span style=\"font-family: \u5b8b\u4f53;\">Tolerancia de Resistencia<\/span><\/b><\/span><\/p>\n<\/td>\n<td width=\"205\">\n<p class=\"western\" align=\"left\"><span style=\"font-size: small;\"><span style=\"font-family: \u5b8b\u4f53;\">5%<\/span><\/span><\/p>\n<\/td>\n<\/tr>\n<tr valign=\"top\">\n<td width=\"198\">\n<p class=\"western\" align=\"left\"><span style=\"font-size: small;\"><b><span style=\"font-family: \u5b8b\u4f53;\">Temperatura M\u00e1x. del Recubrimiento<\/span><\/b><\/span><\/p>\n<\/td>\n<td width=\"121\">\n<p class=\"western\" align=\"left\"><span style=\"font-size: small;\"><span style=\"font-family: \u5b8b\u4f53;\">650\u00b0C<\/span><\/span><\/p>\n<\/td>\n<td width=\"225\">\n<p class=\"western\" align=\"left\"><span style=\"font-size: small;\"><b><span style=\"font-family: \u5b8b\u4f53;\">Longitud No Calentada<\/span><\/b><\/span><\/p>\n<\/td>\n<td width=\"205\">\n<p class=\"western\" align=\"left\"><span style=\"font-size: small;\"><span style=\"font-family: \u5b8b\u4f53;\">35mm (est\u00e1ndar)<\/span><\/span><\/p>\n<\/td>\n<\/tr>\n<tr valign=\"top\">\n<td width=\"198\">\n<p class=\"western\" align=\"left\"><span style=\"font-size: small;\"><b><span style=\"font-family: \u5b8b\u4f53;\">Resistencia Dielectrica<\/span><\/b><\/span><\/p>\n<\/td>\n<td width=\"121\">\n<p class=\"western\" align=\"left\"><span style=\"font-size: small;\"><span style=\"font-family: \u5b8b\u4f53;\">800V A\/C<\/span><\/span><\/p>\n<\/td>\n<td rowspan=\"2\" width=\"225\">\n<p class=\"western\" align=\"center\"><span style=\"font-size: small;\"><b><span style=\"font-family: \u5b8b\u4f53;\">Tolerancia Dimensional<\/span><\/b><\/span><\/p>\n<\/td>\n<td width=\"205\">\n<p class=\"western\" align=\"left\"><span style=\"font-size: small;\"><span style=\"font-family: \u5b8b\u4f53;\">Di\u00e1metro interior del rollo + 0.1~0.2mm<\/span><\/span><\/p>\n<\/td>\n<\/tr>\n<tr valign=\"top\">\n<td width=\"198\">\n<p class=\"western\" align=\"left\"><span style=\"font-size: small;\"><b><span style=\"font-family: \u5b8b\u4f53;\">Aislamiento<\/span><\/b><\/span><\/p>\n<\/td>\n<td width=\"121\">\n<p class=\"western\" align=\"left\"><span style=\"font-size: small;\"><span style=\"font-family: \u5b8b\u4f53;\">&gt;5MW<\/span><\/span><\/p>\n<\/td>\n<td width=\"205\">\n<p class=\"western\" align=\"left\"><span style=\"font-size: small;\"><span style=\"font-family: \u5b8b\u4f53;\">Longitud del rollo +1mm<\/span><\/span><\/p>\n<\/td>\n<\/tr>\n<\/tbody>\n<\/table>\n<p>&nbsp;<\/p>\n<p><img fetchpriority=\"high\" decoding=\"async\" class=\"aligncenter size-full wp-image-1048\" src=\"https:\/\/cheri-heater.com\/esp\/wp-content\/uploads\/2024\/06\/H73bf5cf87a994a70be1b61577df4bc1d0.jpg\" alt=\"\" width=\"1000\" height=\"747\" srcset=\"https:\/\/cheri-heater.com\/esp\/wp-content\/uploads\/2024\/06\/H73bf5cf87a994a70be1b61577df4bc1d0.jpg 1000w, https:\/\/cheri-heater.com\/esp\/wp-content\/uploads\/2024\/06\/H73bf5cf87a994a70be1b61577df4bc1d0-600x448.jpg 600w, https:\/\/cheri-heater.com\/esp\/wp-content\/uploads\/2024\/06\/H73bf5cf87a994a70be1b61577df4bc1d0-300x224.jpg 300w, https:\/\/cheri-heater.com\/esp\/wp-content\/uploads\/2024\/06\/H73bf5cf87a994a70be1b61577df4bc1d0-768x574.jpg 768w\" sizes=\"(max-width: 1000px) 100vw, 1000px\" \/><\/p>\n","protected":false},"excerpt":{"rendered":"<p class=\"western\" align=\"left\"><span style=\"color: #333333;\"><span style=\"font-family: Arial, sans-serif;\"><span style=\"font-size: medium;\">El elemento calefactor de bobina de inyector industrial para corredores calientes est\u00e1 compactado para una transferencia de calor m\u00e1s r\u00e1pida y eficiente. Generalmente, el anillo calefactor largo de 20-3000 mm, utiliza un tubo de acero Ni-Cr de alta calidad en el exterior y un \u00f3xido de magnesio de alta pureza junto con un cable de resistencia a alta temperatura en el interior.<\/span><\/span><\/span><\/p>\n","protected":false},"featured_media":1047,"template":"","meta":[],"product_brand":[],"product_cat":[33],"product_tag":[],"class_list":{"0":"post-1037","1":"product","2":"type-product","3":"status-publish","4":"has-post-thumbnail","6":"product_cat-hot-runner-heater","8":"first","9":"instock","10":"shipping-taxable","11":"product-type-simple"},"yoast_head":"<!-- This site is optimized with the Yoast SEO plugin v27.3 - https:\/\/yoast.com\/product\/yoast-seo-wordpress\/ -->\n<title>Calentador de corredor caliente - Cheri Heater Technology Co.,Ltd.<\/title>\n<meta name=\"robots\" content=\"index, follow, max-snippet:-1, max-image-preview:large, max-video-preview:-1\" \/>\n<link rel=\"canonical\" href=\"https:\/\/cheri-heater.com\/esp\/product\/hot-runner-heater\/\" \/>\n<meta property=\"og:locale\" content=\"en_US\" \/>\n<meta property=\"og:type\" content=\"article\" \/>\n<meta property=\"og:title\" content=\"Calentador de corredor caliente - Cheri Heater Technology Co.,Ltd.\" \/>\n<meta property=\"og:description\" content=\"El elemento calefactor de bobina de inyector industrial para corredores calientes est\u00e1 compactado para una transferencia de calor m\u00e1s r\u00e1pida y eficiente. Generalmente, el anillo calefactor largo de 20-3000 mm, utiliza un tubo de acero Ni-Cr de alta calidad en el exterior y un \u00f3xido de magnesio de alta pureza junto con un cable de resistencia a alta temperatura en el interior.\" \/>\n<meta property=\"og:url\" content=\"https:\/\/cheri-heater.com\/esp\/product\/hot-runner-heater\/\" \/>\n<meta property=\"og:site_name\" content=\"Cheri Heater Technology Co.,Ltd.\" \/>\n<meta property=\"article:modified_time\" content=\"2024-07-30T03:17:32+00:00\" \/>\n<meta property=\"og:image\" content=\"https:\/\/cheri-heater.com\/esp\/wp-content\/uploads\/2024\/06\/H51a98d732aa84388a57c4fecf7a365bfg.jpg_720x720q50.jpg\" \/>\n\t<meta property=\"og:image:width\" content=\"720\" \/>\n\t<meta property=\"og:image:height\" content=\"720\" \/>\n\t<meta property=\"og:image:type\" content=\"image\/jpeg\" \/>\n<meta name=\"twitter:card\" content=\"summary_large_image\" \/>\n<meta name=\"twitter:label1\" content=\"Est. reading time\" \/>\n\t<meta name=\"twitter:data1\" content=\"1 minute\" \/>\n<!-- \/ Yoast SEO plugin. -->","yoast_head_json":{"title":"Calentador de corredor caliente - Cheri Heater Technology Co.,Ltd.","robots":{"index":"index","follow":"follow","max-snippet":"max-snippet:-1","max-image-preview":"max-image-preview:large","max-video-preview":"max-video-preview:-1"},"canonical":"https:\/\/cheri-heater.com\/esp\/product\/hot-runner-heater\/","og_locale":"en_US","og_type":"article","og_title":"Calentador de corredor caliente - Cheri Heater Technology Co.,Ltd.","og_description":"El elemento calefactor de bobina de inyector industrial para corredores calientes est\u00e1 compactado para una transferencia de calor m\u00e1s r\u00e1pida y eficiente. Generalmente, el anillo calefactor largo de 20-3000 mm, utiliza un tubo de acero Ni-Cr de alta calidad en el exterior y un \u00f3xido de magnesio de alta pureza junto con un cable de resistencia a alta temperatura en el interior.","og_url":"https:\/\/cheri-heater.com\/esp\/product\/hot-runner-heater\/","og_site_name":"Cheri Heater Technology Co.,Ltd.","article_modified_time":"2024-07-30T03:17:32+00:00","og_image":[{"width":720,"height":720,"url":"https:\/\/cheri-heater.com\/esp\/wp-content\/uploads\/2024\/06\/H51a98d732aa84388a57c4fecf7a365bfg.jpg_720x720q50.jpg","type":"image\/jpeg"}],"twitter_card":"summary_large_image","twitter_misc":{"Est. reading time":"1 minute"},"schema":{"@context":"https:\/\/schema.org","@graph":[{"@type":"WebPage","@id":"https:\/\/cheri-heater.com\/esp\/product\/hot-runner-heater\/","url":"https:\/\/cheri-heater.com\/esp\/product\/hot-runner-heater\/","name":"Calentador de corredor caliente - Cheri Heater Technology Co.,Ltd.","isPartOf":{"@id":"https:\/\/cheri-heater.com\/esp\/#website"},"primaryImageOfPage":{"@id":"https:\/\/cheri-heater.com\/esp\/product\/hot-runner-heater\/#primaryimage"},"image":{"@id":"https:\/\/cheri-heater.com\/esp\/product\/hot-runner-heater\/#primaryimage"},"thumbnailUrl":"https:\/\/cheri-heater.com\/esp\/wp-content\/uploads\/2024\/06\/H51a98d732aa84388a57c4fecf7a365bfg.jpg_720x720q50.jpg","datePublished":"2024-06-04T18:38:29+00:00","dateModified":"2024-07-30T03:17:32+00:00","breadcrumb":{"@id":"https:\/\/cheri-heater.com\/esp\/product\/hot-runner-heater\/#breadcrumb"},"inLanguage":"en-US","potentialAction":[{"@type":"ReadAction","target":["https:\/\/cheri-heater.com\/esp\/product\/hot-runner-heater\/"]}]},{"@type":"ImageObject","inLanguage":"en-US","@id":"https:\/\/cheri-heater.com\/esp\/product\/hot-runner-heater\/#primaryimage","url":"https:\/\/cheri-heater.com\/esp\/wp-content\/uploads\/2024\/06\/H51a98d732aa84388a57c4fecf7a365bfg.jpg_720x720q50.jpg","contentUrl":"https:\/\/cheri-heater.com\/esp\/wp-content\/uploads\/2024\/06\/H51a98d732aa84388a57c4fecf7a365bfg.jpg_720x720q50.jpg","width":720,"height":720},{"@type":"BreadcrumbList","@id":"https:\/\/cheri-heater.com\/esp\/product\/hot-runner-heater\/#breadcrumb","itemListElement":[{"@type":"ListItem","position":1,"name":"Home","item":"https:\/\/cheri-heater.com\/esp\/"},{"@type":"ListItem","position":2,"name":"Products","item":"https:\/\/cheri-heater.com\/esp\/products\/"},{"@type":"ListItem","position":3,"name":"Calentador de corredor caliente"}]},{"@type":"WebSite","@id":"https:\/\/cheri-heater.com\/esp\/#website","url":"https:\/\/cheri-heater.com\/esp\/","name":"Cheri Heater Technology Co.,Ltd.","description":"","publisher":{"@id":"https:\/\/cheri-heater.com\/esp\/#organization"},"potentialAction":[{"@type":"SearchAction","target":{"@type":"EntryPoint","urlTemplate":"https:\/\/cheri-heater.com\/esp\/?s={search_term_string}"},"query-input":{"@type":"PropertyValueSpecification","valueRequired":true,"valueName":"search_term_string"}}],"inLanguage":"en-US"},{"@type":"Organization","@id":"https:\/\/cheri-heater.com\/esp\/#organization","name":"Cheri Heater Technology Co.,Ltd.","url":"https:\/\/cheri-heater.com\/esp\/","logo":{"@type":"ImageObject","inLanguage":"en-US","@id":"https:\/\/cheri-heater.com\/esp\/#\/schema\/logo\/image\/","url":"https:\/\/cheri-heater.com\/esp\/wp-content\/uploads\/2024\/06\/cropped-logo-resize.png","contentUrl":"https:\/\/cheri-heater.com\/esp\/wp-content\/uploads\/2024\/06\/cropped-logo-resize.png","width":346,"height":99,"caption":"Cheri Heater Technology Co.,Ltd."},"image":{"@id":"https:\/\/cheri-heater.com\/esp\/#\/schema\/logo\/image\/"}}]}},"_links":{"self":[{"href":"https:\/\/cheri-heater.com\/esp\/wp-json\/wp\/v2\/product\/1037","targetHints":{"allow":["GET"]}}],"collection":[{"href":"https:\/\/cheri-heater.com\/esp\/wp-json\/wp\/v2\/product"}],"about":[{"href":"https:\/\/cheri-heater.com\/esp\/wp-json\/wp\/v2\/types\/product"}],"wp:featuredmedia":[{"embeddable":true,"href":"https:\/\/cheri-heater.com\/esp\/wp-json\/wp\/v2\/media\/1047"}],"wp:attachment":[{"href":"https:\/\/cheri-heater.com\/esp\/wp-json\/wp\/v2\/media?parent=1037"}],"wp:term":[{"taxonomy":"product_brand","embeddable":true,"href":"https:\/\/cheri-heater.com\/esp\/wp-json\/wp\/v2\/product_brand?post=1037"},{"taxonomy":"product_cat","embeddable":true,"href":"https:\/\/cheri-heater.com\/esp\/wp-json\/wp\/v2\/product_cat?post=1037"},{"taxonomy":"product_tag","embeddable":true,"href":"https:\/\/cheri-heater.com\/esp\/wp-json\/wp\/v2\/product_tag?post=1037"}],"curies":[{"name":"wp","href":"https:\/\/api.w.org\/{rel}","templated":true}]}}