{"id":1056,"date":"2024-06-04T18:44:01","date_gmt":"2024-06-04T18:44:01","guid":{"rendered":"https:\/\/cheri-heater.com\/esp\/?post_type=product&#038;p=1056"},"modified":"2024-07-30T03:18:41","modified_gmt":"2024-07-30T03:18:41","slug":"silicone-rubber-heater","status":"publish","type":"product","link":"https:\/\/cheri-heater.com\/esp\/product\/silicone-rubber-heater\/","title":{"rendered":"Calentador de goma de silicona"},"content":{"rendered":"<table width=\"1060\" cellspacing=\"0\" cellpadding=\"2\">\n<tbody>\n<tr>\n<td bgcolor=\"#f3f4f8\" width=\"283\">\n<p class=\"western\" align=\"center\"><span style=\"font-size: small;\"><span style=\"font-family: Arial, sans-serif;\">Tama\u00f1o<\/span><\/span><\/p>\n<\/td>\n<td bgcolor=\"#ffffff\" width=\"767\">\n<p class=\"western\" align=\"left\"><span style=\"font-size: small;\"><span style=\"font-family: Arial, sans-serif;\">Rect\u00e1ngulo (Largo*Ancho), Redondo (Di\u00e1metro), o proporcione los dibujos<\/span><\/span><\/p>\n<\/td>\n<\/tr>\n<tr>\n<td bgcolor=\"#f3f4f8\" width=\"283\">\n<p class=\"western\" align=\"center\"><span style=\"font-size: small;\"><span style=\"font-family: Arial, sans-serif;\">Forma<\/span><\/span><\/p>\n<\/td>\n<td bgcolor=\"#ffffff\" width=\"767\">\n<p class=\"western\" align=\"left\"><span style=\"font-size: small;\"><span style=\"font-family: Arial, sans-serif;\">Redondo, Rect\u00e1ngulo, Cuadrado, cualquier forma seg\u00fan su requisito<\/span><\/span><\/p>\n<\/td>\n<\/tr>\n<tr>\n<td bgcolor=\"#f3f4f8\" width=\"283\">\n<p class=\"western\" align=\"center\"><span style=\"font-size: small;\"><span style=\"font-family: Arial, sans-serif;\">Rango de Voltaje<\/span><\/span><\/p>\n<\/td>\n<td bgcolor=\"#ffffff\" width=\"767\">\n<p class=\"western\" align=\"left\"><span style=\"font-size: small;\"><span style=\"font-family: Arial, sans-serif;\">1.5V~400V<\/span><\/span><\/p>\n<\/td>\n<\/tr>\n<tr>\n<td bgcolor=\"#f3f4f8\" width=\"283\">\n<p class=\"western\" align=\"center\"><span style=\"font-size: small;\"><span style=\"font-family: Arial, sans-serif;\">Rango de Densidad de Potencia<\/span><\/span><\/p>\n<\/td>\n<td bgcolor=\"#ffffff\" width=\"767\">\n<p class=\"western\" align=\"left\"><span style=\"font-size: small;\"><span style=\"font-family: Arial, sans-serif;\">0.1w\/cm\u00b2 &#8211; 2.5w\/cm\u00b2<\/span><\/span><\/p>\n<\/td>\n<\/tr>\n<tr>\n<td bgcolor=\"#f3f4f8\" width=\"283\">\n<p class=\"western\" align=\"center\"><span style=\"font-size: small;\"><span style=\"font-family: Arial, sans-serif;\">Tama\u00f1o del Calentador<\/span><\/span><\/p>\n<\/td>\n<td bgcolor=\"#ffffff\" width=\"767\">\n<p class=\"western\" align=\"left\"><span style=\"font-size: small;\"><span style=\"font-family: Arial, sans-serif;\">10mm~1000mm<\/span><\/span><\/p>\n<\/td>\n<\/tr>\n<tr>\n<td bgcolor=\"#f3f4f8\" width=\"283\">\n<p class=\"western\" align=\"center\"><span style=\"font-size: small;\"><span style=\"font-family: Arial, sans-serif;\">Espesor de los Calentadores<\/span><\/span><\/p>\n<\/td>\n<td bgcolor=\"#ffffff\" width=\"767\">\n<p class=\"western\" align=\"left\"><span style=\"font-size: small;\"><span style=\"font-family: Arial, sans-serif;\">1.5mm<\/span><\/span><\/p>\n<\/td>\n<\/tr>\n<tr>\n<td bgcolor=\"#f3f4f8\" width=\"283\">\n<p class=\"western\" align=\"center\"><span style=\"font-size: small;\"><span style=\"font-family: Arial, sans-serif;\">Rango de Temperatura de Uso<\/span><\/span><\/p>\n<\/td>\n<td bgcolor=\"#ffffff\" width=\"767\">\n<p class=\"western\" align=\"left\"><span style=\"font-size: small;\"><span style=\"font-family: Arial, sans-serif;\">0\u00baC~180\u00baC<\/span><\/span><\/p>\n<\/td>\n<\/tr>\n<tr>\n<td bgcolor=\"#f3f4f8\" width=\"283\">\n<p class=\"western\" align=\"center\"><span style=\"font-size: small;\"><span style=\"font-family: Arial, sans-serif;\">Material de Calentamiento<\/span><\/span><\/p>\n<\/td>\n<td bgcolor=\"#ffffff\" width=\"767\">\n<p class=\"western\" align=\"left\"><span style=\"font-size: small;\"><span style=\"font-family: Arial, sans-serif;\">Folios de n\u00edquel cromo grabados<\/span><\/span><\/p>\n<\/td>\n<\/tr>\n<tr>\n<td bgcolor=\"#f3f4f8\" width=\"283\">\n<p class=\"western\" align=\"center\"><span style=\"font-size: small;\"><span style=\"font-family: Arial, sans-serif;\">Material de Aislante<\/span><\/span><\/p>\n<\/td>\n<td bgcolor=\"#ffffff\" width=\"767\">\n<p class=\"western\" align=\"left\"><span style=\"font-size: small;\"><span style=\"font-family: Arial, sans-serif;\">Goma de Silicona<\/span><\/span><\/p>\n<\/td>\n<\/tr>\n<tr>\n<td bgcolor=\"#f3f4f8\" width=\"283\">\n<p class=\"western\" align=\"center\"><span style=\"font-size: small;\"><span style=\"font-family: Arial, sans-serif;\">Cable de Conexi\u00f3n<\/span><\/span><\/p>\n<\/td>\n<td bgcolor=\"#ffffff\" width=\"767\">\n<p class=\"western\" align=\"left\"><span style=\"font-size: small;\"><span style=\"font-family: Arial, sans-serif;\">Cables aislados de kapton o silicona<\/span><\/span><\/p>\n<\/td>\n<\/tr>\n<\/tbody>\n<\/table>\n<p align=\"left\"><span style=\"color: #212529;\"><span style=\"font-family: Arial, sans-serif;\"><span style=\"font-size: small;\"><span style=\"font-size: medium;\"><br \/>\n<\/span><\/span><\/span><\/span><span style=\"color: #333333;\"><span style=\"font-family: Arial, sans-serif;\"><span style=\"font-size: small;\"><b>Resumen<\/b><\/span><\/span><\/span><span style=\"color: #333333;\"><span style=\"font-family: Arial, sans-serif;\"><span style=\"font-size: medium;\"><br \/>\n&#8212; Tiene las caracter\u00edsticas de calentamiento r\u00e1pido, temperatura uniforme, alta eficiencia t\u00e9rmica, alta resistencia, uso conveniente, larga vida \u00fatil, no es propenso a la degradaci\u00f3n y puede doblar y deformar la superficie del objeto, de manera que el calor se transmita uniformemente a cada parte en contacto con el objeto a calentar.<\/span><\/span><\/span><\/p>\n<p><span style=\"color: #212529;\"><span style=\"font-family: Arial, sans-serif;\"><span style=\"font-size: small;\"><b>Caracter\u00edsticas<\/b><\/span><\/span><\/span><\/p>\n<p class=\"western\" align=\"left\"><span style=\"font-family: Arial, sans-serif;\"><span style=\"font-size: small;\"><span style=\"color: #333333;\">* Los calentadores de goma de silicona tienen la ventaja de ser delgados, ligeros y flexibles;<\/span><\/span><\/span><\/p>\n<p class=\"western\" align=\"left\"><span style=\"color: #333333;\"><span style=\"font-family: Arial, sans-serif;\"><span style=\"font-size: small;\"><span lang=\"en-US\">* El calentador de goma de silicona puede mejorar la transferencia de calor, acelerar el calentamiento y disminuir el consumo de energ\u00eda durante el proceso de operaci\u00f3n;<br \/>\n* La silicona de goma reforzada con fibra de vidrio estabiliza las dimensiones de los calentadores;<br \/>\n* La potencia m\u00e1xima del calentador de goma de silicona puede ser de 1 w\/cm\u00b2;<br \/>\n* El calentador de goma de silicona se puede fabricar en cualquier tama\u00f1o y forma.<\/span><\/span><\/span><\/span><\/p>\n<p>&nbsp;<\/p>\n<p><img fetchpriority=\"high\" decoding=\"async\" class=\"aligncenter size-full wp-image-1066\" src=\"https:\/\/cheri-heater.com\/esp\/wp-content\/uploads\/2024\/06\/\u5fae\u4fe1\u56fe\u7247_20240428145609.jpg\" alt=\"\" width=\"750\" height=\"836\" srcset=\"https:\/\/cheri-heater.com\/esp\/wp-content\/uploads\/2024\/06\/\u5fae\u4fe1\u56fe\u7247_20240428145609.jpg 750w, https:\/\/cheri-heater.com\/esp\/wp-content\/uploads\/2024\/06\/\u5fae\u4fe1\u56fe\u7247_20240428145609-600x669.jpg 600w, https:\/\/cheri-heater.com\/esp\/wp-content\/uploads\/2024\/06\/\u5fae\u4fe1\u56fe\u7247_20240428145609-269x300.jpg 269w\" sizes=\"(max-width: 750px) 100vw, 750px\" \/><\/p>\n","protected":false},"excerpt":{"rendered":"<p class=\"western\" align=\"justify\"><span style=\"color: #333333;\"><span style=\"font-family: Arial, sans-serif;\"><span style=\"font-size: medium;\">&#8212; El calentador de silicona est\u00e1 compuesto principalmente por un cable el\u00e9ctrico de aleaci\u00f3n de n\u00edquel-cromo y una tela aislante de goma de silicona reforzada con fibra de vidrio.<\/span><\/span><\/span><\/p>\n","protected":false},"featured_media":1057,"template":"","meta":[],"product_brand":[],"product_cat":[35],"product_tag":[],"class_list":{"0":"post-1056","1":"product","2":"type-product","3":"status-publish","4":"has-post-thumbnail","6":"product_cat-silicone-rubber-heater","8":"first","9":"instock","10":"shipping-taxable","11":"product-type-simple"},"yoast_head":"<!-- This site is optimized with the Yoast SEO plugin v27.3 - https:\/\/yoast.com\/product\/yoast-seo-wordpress\/ -->\n<title>Calentador de goma de silicona - Cheri Heater Technology Co.,Ltd.<\/title>\n<meta name=\"robots\" content=\"index, follow, max-snippet:-1, max-image-preview:large, max-video-preview:-1\" \/>\n<link rel=\"canonical\" href=\"https:\/\/cheri-heater.com\/esp\/product\/silicone-rubber-heater\/\" \/>\n<meta property=\"og:locale\" content=\"en_US\" \/>\n<meta property=\"og:type\" content=\"article\" \/>\n<meta property=\"og:title\" content=\"Calentador de goma de silicona - Cheri Heater Technology Co.,Ltd.\" \/>\n<meta property=\"og:description\" content=\"-- El calentador de silicona est\u00e1 compuesto principalmente por un cable el\u00e9ctrico de aleaci\u00f3n de n\u00edquel-cromo y una tela aislante de goma de silicona reforzada con fibra de vidrio.\" \/>\n<meta property=\"og:url\" content=\"https:\/\/cheri-heater.com\/esp\/product\/silicone-rubber-heater\/\" \/>\n<meta property=\"og:site_name\" content=\"Cheri Heater Technology Co.,Ltd.\" \/>\n<meta property=\"article:modified_time\" content=\"2024-07-30T03:18:41+00:00\" \/>\n<meta property=\"og:image\" content=\"https:\/\/cheri-heater.com\/esp\/wp-content\/uploads\/2024\/06\/\u52a0\u70ed\u5e26\u52a0\u6e29\u63a72.jpg\" \/>\n\t<meta property=\"og:image:width\" content=\"2000\" \/>\n\t<meta property=\"og:image:height\" content=\"2000\" \/>\n\t<meta property=\"og:image:type\" content=\"image\/jpeg\" \/>\n<meta name=\"twitter:card\" content=\"summary_large_image\" \/>\n<meta name=\"twitter:label1\" content=\"Est. reading time\" \/>\n\t<meta name=\"twitter:data1\" content=\"2 minutes\" \/>\n<!-- \/ Yoast SEO plugin. -->","yoast_head_json":{"title":"Calentador de goma de silicona - Cheri Heater Technology Co.,Ltd.","robots":{"index":"index","follow":"follow","max-snippet":"max-snippet:-1","max-image-preview":"max-image-preview:large","max-video-preview":"max-video-preview:-1"},"canonical":"https:\/\/cheri-heater.com\/esp\/product\/silicone-rubber-heater\/","og_locale":"en_US","og_type":"article","og_title":"Calentador de goma de silicona - Cheri Heater Technology Co.,Ltd.","og_description":"-- El calentador de silicona est\u00e1 compuesto principalmente por un cable el\u00e9ctrico de aleaci\u00f3n de n\u00edquel-cromo y una tela aislante de goma de silicona reforzada con fibra de vidrio.","og_url":"https:\/\/cheri-heater.com\/esp\/product\/silicone-rubber-heater\/","og_site_name":"Cheri Heater Technology Co.,Ltd.","article_modified_time":"2024-07-30T03:18:41+00:00","og_image":[{"width":2000,"height":2000,"url":"https:\/\/cheri-heater.com\/esp\/wp-content\/uploads\/2024\/06\/\u52a0\u70ed\u5e26\u52a0\u6e29\u63a72.jpg","type":"image\/jpeg"}],"twitter_card":"summary_large_image","twitter_misc":{"Est. reading time":"2 minutes"},"schema":{"@context":"https:\/\/schema.org","@graph":[{"@type":"WebPage","@id":"https:\/\/cheri-heater.com\/esp\/product\/silicone-rubber-heater\/","url":"https:\/\/cheri-heater.com\/esp\/product\/silicone-rubber-heater\/","name":"Calentador de goma de silicona - Cheri Heater Technology Co.,Ltd.","isPartOf":{"@id":"https:\/\/cheri-heater.com\/esp\/#website"},"primaryImageOfPage":{"@id":"https:\/\/cheri-heater.com\/esp\/product\/silicone-rubber-heater\/#primaryimage"},"image":{"@id":"https:\/\/cheri-heater.com\/esp\/product\/silicone-rubber-heater\/#primaryimage"},"thumbnailUrl":"https:\/\/cheri-heater.com\/esp\/wp-content\/uploads\/2024\/06\/\u52a0\u70ed\u5e26\u52a0\u6e29\u63a72.jpg","datePublished":"2024-06-04T18:44:01+00:00","dateModified":"2024-07-30T03:18:41+00:00","breadcrumb":{"@id":"https:\/\/cheri-heater.com\/esp\/product\/silicone-rubber-heater\/#breadcrumb"},"inLanguage":"en-US","potentialAction":[{"@type":"ReadAction","target":["https:\/\/cheri-heater.com\/esp\/product\/silicone-rubber-heater\/"]}]},{"@type":"ImageObject","inLanguage":"en-US","@id":"https:\/\/cheri-heater.com\/esp\/product\/silicone-rubber-heater\/#primaryimage","url":"https:\/\/cheri-heater.com\/esp\/wp-content\/uploads\/2024\/06\/\u52a0\u70ed\u5e26\u52a0\u6e29\u63a72.jpg","contentUrl":"https:\/\/cheri-heater.com\/esp\/wp-content\/uploads\/2024\/06\/\u52a0\u70ed\u5e26\u52a0\u6e29\u63a72.jpg","width":2000,"height":2000},{"@type":"BreadcrumbList","@id":"https:\/\/cheri-heater.com\/esp\/product\/silicone-rubber-heater\/#breadcrumb","itemListElement":[{"@type":"ListItem","position":1,"name":"Home","item":"https:\/\/cheri-heater.com\/esp\/"},{"@type":"ListItem","position":2,"name":"Products","item":"https:\/\/cheri-heater.com\/esp\/products\/"},{"@type":"ListItem","position":3,"name":"Calentador de goma de silicona"}]},{"@type":"WebSite","@id":"https:\/\/cheri-heater.com\/esp\/#website","url":"https:\/\/cheri-heater.com\/esp\/","name":"Cheri Heater Technology Co.,Ltd.","description":"","publisher":{"@id":"https:\/\/cheri-heater.com\/esp\/#organization"},"potentialAction":[{"@type":"SearchAction","target":{"@type":"EntryPoint","urlTemplate":"https:\/\/cheri-heater.com\/esp\/?s={search_term_string}"},"query-input":{"@type":"PropertyValueSpecification","valueRequired":true,"valueName":"search_term_string"}}],"inLanguage":"en-US"},{"@type":"Organization","@id":"https:\/\/cheri-heater.com\/esp\/#organization","name":"Cheri Heater Technology Co.,Ltd.","url":"https:\/\/cheri-heater.com\/esp\/","logo":{"@type":"ImageObject","inLanguage":"en-US","@id":"https:\/\/cheri-heater.com\/esp\/#\/schema\/logo\/image\/","url":"https:\/\/cheri-heater.com\/esp\/wp-content\/uploads\/2024\/06\/cropped-logo-resize.png","contentUrl":"https:\/\/cheri-heater.com\/esp\/wp-content\/uploads\/2024\/06\/cropped-logo-resize.png","width":346,"height":99,"caption":"Cheri Heater Technology Co.,Ltd."},"image":{"@id":"https:\/\/cheri-heater.com\/esp\/#\/schema\/logo\/image\/"}}]}},"_links":{"self":[{"href":"https:\/\/cheri-heater.com\/esp\/wp-json\/wp\/v2\/product\/1056","targetHints":{"allow":["GET"]}}],"collection":[{"href":"https:\/\/cheri-heater.com\/esp\/wp-json\/wp\/v2\/product"}],"about":[{"href":"https:\/\/cheri-heater.com\/esp\/wp-json\/wp\/v2\/types\/product"}],"wp:featuredmedia":[{"embeddable":true,"href":"https:\/\/cheri-heater.com\/esp\/wp-json\/wp\/v2\/media\/1057"}],"wp:attachment":[{"href":"https:\/\/cheri-heater.com\/esp\/wp-json\/wp\/v2\/media?parent=1056"}],"wp:term":[{"taxonomy":"product_brand","embeddable":true,"href":"https:\/\/cheri-heater.com\/esp\/wp-json\/wp\/v2\/product_brand?post=1056"},{"taxonomy":"product_cat","embeddable":true,"href":"https:\/\/cheri-heater.com\/esp\/wp-json\/wp\/v2\/product_cat?post=1056"},{"taxonomy":"product_tag","embeddable":true,"href":"https:\/\/cheri-heater.com\/esp\/wp-json\/wp\/v2\/product_tag?post=1056"}],"curies":[{"name":"wp","href":"https:\/\/api.w.org\/{rel}","templated":true}]}}