{"id":1082,"date":"2024-06-05T17:08:06","date_gmt":"2024-06-05T17:08:06","guid":{"rendered":"https:\/\/cheri-heater.com\/esp\/?post_type=product&#038;p=1082"},"modified":"2024-07-27T14:33:45","modified_gmt":"2024-07-27T14:33:45","slug":"kejtn-type-thermocouple","status":"publish","type":"product","link":"https:\/\/cheri-heater.com\/esp\/product\/kejtn-type-thermocouple\/","title":{"rendered":"Termopares tipo K, E, J, T, N"},"content":{"rendered":"<h3 class=\"western\"><span style=\"font-size: large;\"><b><span style=\"font-family: Arial, sans-serif;\">Descripci\u00f3n del Termopar Tipo K:<\/span><\/b><\/span><\/h3>\n<p class=\"western\" align=\"left\"><span style=\"color: #000000;\"><span style=\"font-family: Arial, sans-serif;\"><span style=\"font-size: small;\"><span lang=\"en-US\"><b>Tipo K<\/b><\/span><\/span><\/span><\/span><span style=\"color: #000000;\"><span style=\"font-family: Arial, sans-serif;\"><span style=\"font-size: small;\"><span lang=\"en-US\"> de termopares son sensores de temperatura muy simples y duraderos. Los termopares vienen con diferentes combinaciones de materiales que permiten una amplia gama de aplicaciones. Las diferentes composiciones est\u00e1n estandarizadas en tipos de termopares. Los diferentes tipos tienen nombres con letras que est\u00e1n estandarizados en la industria.<\/span><\/span><\/span><\/span><span style=\"color: #000000;\"><span style=\"font-family: Arial, sans-serif;\"><span style=\"font-size: small;\"><span lang=\"en-US\"><b>Tipo K<\/b><\/span><\/span><\/span><\/span><span style=\"color: #000000;\"><span style=\"font-family: Arial, sans-serif;\"><span style=\"font-size: small;\"><span lang=\"en-US\"> de termopares se fabrican en muchas configuraciones diferentes para una multitud de aplicaciones. Los di\u00e1metros, longitudes, materiales del revestimiento, longitudes de los cables y materiales del sensor son solo algunas de las variables que se consideran al determinar el estilo de termopar durante la fabricaci\u00f3n. Los principales factores determinantes del tipo de termopar que debe usarse en una aplicaci\u00f3n son la temperatura, el entorno, el tiempo de respuesta y la precisi\u00f3n. La uni\u00f3n del termopar puede estar aterrizada, no aterrizada o expuesta.<\/span><\/span><\/span><\/span><span style=\"color: #000000;\"><span style=\"font-family: Arial, sans-serif;\"><span style=\"font-size: small;\"><span lang=\"en-US\"><b>Tipo K<\/b><\/span><\/span><\/span><\/span><span style=\"color: #000000;\"><span style=\"font-family: Arial, sans-serif;\"><span style=\"font-size: small;\"><span lang=\"en-US\"> de termopares son f\u00e1ciles de usar. Los termopares son los sensores de temperatura m\u00e1s populares. Son baratos, intercambiables, tienen conectores est\u00e1ndar y pueden medir una amplia gama de temperaturas, tanto termopares como sensores RTD pt100.<\/span><\/span><\/span><\/span><\/p>\n<p class=\"western\" align=\"left\"><span style=\"font-size: large;\"><b><span style=\"font-family: Arial, sans-serif;\">Tipo de termopar a elegir:<\/span><\/b><\/span><\/p>\n<table dir=\"ltr\" width=\"750\" cellspacing=\"0\" cellpadding=\"0\" align=\"left\">\n<tbody>\n<tr valign=\"top\">\n<td bgcolor=\"#f3f4f8\" width=\"130\">\n<p class=\"western\" align=\"left\"><span style=\"font-size: small;\"><span style=\"font-family: Arial, sans-serif;\">Producto<\/span><\/span><\/p>\n<\/td>\n<td bgcolor=\"#f7f8fa\" width=\"160\">\n<p class=\"western\" align=\"left\"><span style=\"font-size: small;\"><span style=\"font-family: Arial, sans-serif;\">Material del conductor<\/span><\/span><\/p>\n<\/td>\n<td bgcolor=\"#f7f8fa\" width=\"39\">\n<p class=\"western\" align=\"left\"><span style=\"font-size: small;\"><span style=\"font-family: Arial, sans-serif;\">Tipo<\/span><\/span><\/p>\n<\/td>\n<td bgcolor=\"#f7f8fa\" width=\"77\">\n<p class=\"western\" align=\"left\"><span style=\"font-size: small;\"><span style=\"font-family: Arial, sans-serif;\">Graduaci\u00f3n<\/span><\/span><\/p>\n<\/td>\n<td bgcolor=\"#f7f8fa\" width=\"210\">\n<p class=\"western\" align=\"left\"><span style=\"font-size: small;\"><span style=\"font-family: Arial, sans-serif;\">Temperatura de uso\u00b0C (corto tiempo)<\/span><\/span><\/p>\n<\/td>\n<td bgcolor=\"#f7f8fa\" width=\"131\">\n<p class=\"western\" align=\"left\"><span style=\"font-size: small;\"><span style=\"font-family: Arial, sans-serif;\">Temperatura de uso\u00b0C<\/span><\/span><\/p>\n<\/td>\n<\/tr>\n<tr valign=\"top\">\n<td bgcolor=\"#f3f4f8\" width=\"130\">\n<p class=\"western\" align=\"left\"><span style=\"font-size: small;\"><span style=\"font-family: Arial, sans-serif;\">Termopar<\/span><\/span><\/p>\n<\/td>\n<td width=\"160\">\n<p class=\"western\" align=\"left\"><span style=\"font-size: small;\"><span style=\"font-family: Arial, sans-serif;\">PtRh30-Ptrh6<\/span><\/span><\/p>\n<\/td>\n<td width=\"39\">\n<p class=\"western\" align=\"left\"><span style=\"font-size: small;\"><span style=\"font-family: Arial, sans-serif;\">WRR<\/span><\/span><\/p>\n<\/td>\n<td width=\"77\">\n<p class=\"western\" align=\"left\"><span style=\"font-size: small;\"><span style=\"font-family: Arial, sans-serif;\">B<\/span><\/span><\/p>\n<\/td>\n<td width=\"210\">\n<p class=\"western\" align=\"left\"><span style=\"font-size: small;\"><span style=\"font-family: Arial, sans-serif;\">0-1800\u00b0C<\/span><\/span><\/p>\n<\/td>\n<td width=\"131\">\n<p class=\"western\" align=\"left\"><span style=\"font-size: small;\"><span style=\"font-family: Arial, sans-serif;\">0-1600\u00b0C<\/span><\/span><\/p>\n<\/td>\n<\/tr>\n<tr valign=\"top\">\n<td bgcolor=\"#f3f4f8\" width=\"130\"><\/td>\n<td width=\"160\">\n<p class=\"western\" align=\"left\"><span style=\"font-size: small;\"><span style=\"font-family: Arial, sans-serif;\">PtRh10-Pt<\/span><\/span><\/p>\n<\/td>\n<td width=\"39\">\n<p class=\"western\" align=\"left\"><span style=\"font-size: small;\"><span style=\"font-family: Arial, sans-serif;\">WRP<\/span><\/span><\/p>\n<\/td>\n<td width=\"77\">\n<p class=\"western\" align=\"left\"><span style=\"font-size: small;\"><span style=\"font-family: Arial, sans-serif;\">R<\/span><\/span><\/p>\n<\/td>\n<td width=\"210\">\n<p class=\"western\" align=\"left\"><span style=\"font-size: small;\"><span style=\"font-family: Arial, sans-serif;\">0-1600\u00b0C<\/span><\/span><\/p>\n<\/td>\n<td width=\"131\">\n<p class=\"western\" align=\"left\"><span style=\"font-size: small;\"><span style=\"font-family: Arial, sans-serif;\">0-1300\u00b0C<\/span><\/span><\/p>\n<\/td>\n<\/tr>\n<tr valign=\"top\">\n<td bgcolor=\"#f3f4f8\" width=\"130\"><\/td>\n<td width=\"160\">\n<p class=\"western\" align=\"left\"><span style=\"font-size: small;\"><span style=\"font-family: Arial, sans-serif;\">PtRh13-Pt<\/span><\/span><\/p>\n<\/td>\n<td width=\"39\">\n<p class=\"western\" align=\"left\"><span style=\"font-size: small;\"><span style=\"font-family: Arial, sans-serif;\">WRB<\/span><\/span><\/p>\n<\/td>\n<td width=\"77\">\n<p class=\"western\" align=\"left\"><span style=\"font-size: small;\"><span style=\"font-family: Arial, sans-serif;\">S<\/span><\/span><\/p>\n<\/td>\n<td width=\"210\">\n<p class=\"western\" align=\"left\"><span style=\"font-size: small;\"><span style=\"font-family: Arial, sans-serif;\">0-1600\u00b0C<\/span><\/span><\/p>\n<\/td>\n<td width=\"131\">\n<p class=\"western\" align=\"left\"><span style=\"font-size: small;\"><span style=\"font-family: Arial, sans-serif;\">0-1300\u00b0C<\/span><\/span><\/p>\n<\/td>\n<\/tr>\n<tr valign=\"top\">\n<td bgcolor=\"#f3f4f8\" width=\"130\"><\/td>\n<td width=\"160\">\n<p class=\"western\" align=\"left\"><span style=\"font-size: small;\"><span style=\"font-family: Arial, sans-serif;\">NiCrSi-NiSi<\/span><\/span><\/p>\n<\/td>\n<td width=\"39\">\n<p class=\"western\" align=\"left\"><span style=\"font-size: small;\"><span style=\"font-family: Arial, sans-serif;\">WRM<\/span><\/span><\/p>\n<\/td>\n<td width=\"77\">\n<p class=\"western\" align=\"left\"><span style=\"font-size: small;\"><span style=\"font-family: Arial, sans-serif;\">N<\/span><\/span><\/p>\n<\/td>\n<td width=\"210\">\n<p class=\"western\" align=\"left\"><span style=\"font-size: small;\"><span style=\"font-family: Arial, sans-serif;\">0-1000\u00b0C<\/span><\/span><\/p>\n<\/td>\n<td width=\"131\">\n<p class=\"western\" align=\"left\"><span style=\"font-size: small;\"><span style=\"font-family: Arial, sans-serif;\">0-1000\u00b0C<\/span><\/span><\/p>\n<\/td>\n<\/tr>\n<tr valign=\"top\">\n<td bgcolor=\"#f3f4f8\" width=\"130\"><\/td>\n<td width=\"160\">\n<p class=\"western\" align=\"left\"><span style=\"font-size: small;\"><span style=\"font-family: Arial, sans-serif;\">NiCr-NiAl(Si)<\/span><\/span><\/p>\n<\/td>\n<td width=\"39\">\n<p class=\"western\" align=\"left\"><span style=\"font-size: small;\"><span style=\"font-family: Arial, sans-serif;\">WRN<\/span><\/span><\/p>\n<\/td>\n<td width=\"77\">\n<p class=\"western\" align=\"left\"><span style=\"font-size: small;\"><span style=\"font-family: Arial, sans-serif;\">K<\/span><\/span><\/p>\n<\/td>\n<td width=\"210\">\n<p class=\"western\" align=\"left\"><span style=\"font-size: small;\"><span style=\"font-family: Arial, sans-serif;\">0-1200\u00b0C<\/span><\/span><\/p>\n<\/td>\n<td width=\"131\">\n<p class=\"western\" align=\"left\"><span style=\"font-size: small;\"><span style=\"font-family: Arial, sans-serif;\">0-900\u00b0C<\/span><\/span><\/p>\n<\/td>\n<\/tr>\n<tr valign=\"top\">\n<td bgcolor=\"#f3f4f8\" width=\"130\"><\/td>\n<td width=\"160\">\n<p class=\"western\" align=\"left\"><span style=\"font-size: small;\"><span style=\"font-family: Arial, sans-serif;\">NrCr-constantan<\/span><\/span><\/p>\n<\/td>\n<td width=\"39\">\n<p class=\"western\" align=\"left\"><span style=\"font-size: small;\"><span style=\"font-family: Arial, sans-serif;\">WRE<\/span><\/span><\/p>\n<\/td>\n<td width=\"77\">\n<p class=\"western\" align=\"left\"><span style=\"font-size: small;\"><span style=\"font-family: Arial, sans-serif;\">E<\/span><\/span><\/p>\n<\/td>\n<td width=\"210\">\n<p class=\"western\" align=\"left\"><span style=\"font-size: small;\"><span style=\"font-family: Arial, sans-serif;\">0-700\u00b0C<\/span><\/span><\/p>\n<\/td>\n<td width=\"131\">\n<p class=\"western\" align=\"left\"><span style=\"font-size: small;\"><span style=\"font-family: Arial, sans-serif;\">0-600\u00b0C<\/span><\/span><\/p>\n<\/td>\n<\/tr>\n<tr valign=\"top\">\n<td bgcolor=\"#f3f4f8\" width=\"130\"><\/td>\n<td width=\"160\">\n<p class=\"western\" align=\"left\"><span style=\"font-size: small;\"><span style=\"font-family: Arial, sans-serif;\">Hierro- Constantan<\/span><\/span><\/p>\n<\/td>\n<td width=\"39\">\n<p class=\"western\" align=\"left\"><span style=\"font-size: small;\"><span style=\"font-family: Arial, sans-serif;\">WRF<\/span><\/span><\/p>\n<\/td>\n<td width=\"77\">\n<p class=\"western\" align=\"left\"><span style=\"font-size: small;\"><span style=\"font-family: Arial, sans-serif;\">T<\/span><\/span><\/p>\n<\/td>\n<td width=\"210\">\n<p class=\"western\" align=\"left\"><span style=\"font-size: small;\"><span style=\"font-family: Arial, sans-serif;\">0-600\u00b0C<\/span><\/span><\/p>\n<\/td>\n<td width=\"131\">\n<p class=\"western\" align=\"left\"><span style=\"font-size: small;\"><span style=\"font-family: Arial, sans-serif;\">0-500\u00b0C<\/span><\/span><\/p>\n<\/td>\n<\/tr>\n<tr valign=\"top\">\n<td bgcolor=\"#f3f4f8\" width=\"130\"><\/td>\n<td width=\"160\">\n<p class=\"western\" align=\"left\"><span style=\"font-size: small;\"><span style=\"font-family: Arial, sans-serif;\">Cobre-Constantan<\/span><\/span><\/p>\n<\/td>\n<td width=\"39\">\n<p class=\"western\" align=\"left\"><span style=\"font-size: small;\"><span style=\"font-family: Arial, sans-serif;\">WRC<\/span><\/span><\/p>\n<\/td>\n<td width=\"77\">\n<p class=\"western\" align=\"left\"><span style=\"font-size: small;\"><span style=\"font-family: Arial, sans-serif;\">J<\/span><\/span><\/p>\n<\/td>\n<td width=\"210\">\n<p class=\"western\" align=\"left\"><span style=\"font-size: small;\"><span style=\"font-family: Arial, sans-serif;\">0-400\u00b0C<\/span><\/span><\/p>\n<\/td>\n<td width=\"131\">\n<p class=\"western\" align=\"left\"><span style=\"font-size: small;\"><span style=\"font-family: Arial, sans-serif;\">0-350\u00b0C<\/span><\/span><\/p>\n<\/td>\n<\/tr>\n<tr valign=\"top\">\n<td bgcolor=\"#f3f4f8\" width=\"130\">\n<p class=\"western\" align=\"left\"><span style=\"font-size: small;\"><span style=\"font-family: Arial, sans-serif;\">Resistencia t\u00e9rmica<\/span><\/span><\/p>\n<\/td>\n<td width=\"160\">\n<p class=\"western\" align=\"left\"><span style=\"font-size: small;\"><span style=\"font-family: Arial, sans-serif;\">Resistencia al calor del cobre<\/span><\/span><\/p>\n<\/td>\n<td width=\"39\"><\/td>\n<td width=\"77\">\n<p class=\"western\" align=\"left\"><span style=\"font-size: small;\"><span style=\"font-family: Arial, sans-serif;\">Cu50<\/span><\/span><\/p>\n<\/td>\n<td width=\"210\"><\/td>\n<td width=\"131\">\n<p class=\"western\" align=\"left\"><span style=\"font-size: small;\"><span style=\"font-family: Arial, sans-serif;\">-50-150\u00b0C<\/span><\/span><\/p>\n<\/td>\n<\/tr>\n<tr valign=\"top\">\n<td bgcolor=\"#f3f4f8\" width=\"130\"><\/td>\n<td width=\"160\"><\/td>\n<td width=\"39\"><\/td>\n<td width=\"77\">\n<p class=\"western\" align=\"left\"><span style=\"font-size: small;\"><span style=\"font-family: Arial, sans-serif;\">Cu100<\/span><\/span><\/p>\n<\/td>\n<td width=\"210\"><\/td>\n<td width=\"131\">\n<p class=\"western\" align=\"left\"><span style=\"font-size: small;\"><span style=\"font-family: Arial, sans-serif;\">-50-150\u00b0C<\/span><\/span><\/p>\n<\/td>\n<\/tr>\n<tr valign=\"top\">\n<td bgcolor=\"#f3f4f8\" width=\"130\"><\/td>\n<td width=\"160\"><\/td>\n<td width=\"39\"><\/td>\n<td width=\"77\">\n<p class=\"western\" align=\"left\"><span style=\"font-size: small;\"><span style=\"font-family: Arial, sans-serif;\">PT100<\/span><\/span><\/p>\n<\/td>\n<td width=\"210\"><\/td>\n<td width=\"131\">\n<p class=\"western\" align=\"left\"><span style=\"font-size: small;\"><span style=\"font-family: Arial, sans-serif;\">-200-600\u00b0C<\/span><\/span><\/p>\n<\/td>\n<\/tr>\n<\/tbody>\n<\/table>\n<p><img fetchpriority=\"high\" decoding=\"async\" class=\"aligncenter size-full wp-image-1093\" src=\"https:\/\/cheri-heater.com\/esp\/wp-content\/uploads\/2024\/06\/description-1-1.jpg\" alt=\"\" width=\"750\" height=\"766\" srcset=\"https:\/\/cheri-heater.com\/esp\/wp-content\/uploads\/2024\/06\/description-1-1.jpg 750w, https:\/\/cheri-heater.com\/esp\/wp-content\/uploads\/2024\/06\/description-1-1-600x613.jpg 600w, https:\/\/cheri-heater.com\/esp\/wp-content\/uploads\/2024\/06\/description-1-1-294x300.jpg 294w\" sizes=\"(max-width: 750px) 100vw, 750px\" \/><br \/>\n<img decoding=\"async\" class=\"aligncenter size-full wp-image-1094 lazyload\" data-src=\"https:\/\/cheri-heater.com\/esp\/wp-content\/uploads\/2024\/06\/description-2-1.jpg\" alt=\"\" width=\"750\" height=\"750\" data-srcset=\"https:\/\/cheri-heater.com\/esp\/wp-content\/uploads\/2024\/06\/description-2-1.jpg 750w, https:\/\/cheri-heater.com\/esp\/wp-content\/uploads\/2024\/06\/description-2-1-300x300.jpg 300w, https:\/\/cheri-heater.com\/esp\/wp-content\/uploads\/2024\/06\/description-2-1-100x100.jpg 100w, https:\/\/cheri-heater.com\/esp\/wp-content\/uploads\/2024\/06\/description-2-1-600x600.jpg 600w, https:\/\/cheri-heater.com\/esp\/wp-content\/uploads\/2024\/06\/description-2-1-150x150.jpg 150w\" data-sizes=\"(max-width: 750px) 100vw, 750px\" src=\"data:image\/svg+xml;base64,PHN2ZyB3aWR0aD0iMSIgaGVpZ2h0PSIxIiB4bWxucz0iaHR0cDovL3d3dy53My5vcmcvMjAwMC9zdmciPjwvc3ZnPg==\" style=\"--smush-placeholder-width: 750px; --smush-placeholder-aspect-ratio: 750\/750;\" \/><br \/>\n<img decoding=\"async\" class=\"aligncenter size-full wp-image-1095 lazyload\" data-src=\"https:\/\/cheri-heater.com\/esp\/wp-content\/uploads\/2024\/06\/description-3.jpg\" alt=\"\" width=\"750\" height=\"651\" data-srcset=\"https:\/\/cheri-heater.com\/esp\/wp-content\/uploads\/2024\/06\/description-3.jpg 750w, https:\/\/cheri-heater.com\/esp\/wp-content\/uploads\/2024\/06\/description-3-600x521.jpg 600w, https:\/\/cheri-heater.com\/esp\/wp-content\/uploads\/2024\/06\/description-3-300x260.jpg 300w\" data-sizes=\"(max-width: 750px) 100vw, 750px\" src=\"data:image\/svg+xml;base64,PHN2ZyB3aWR0aD0iMSIgaGVpZ2h0PSIxIiB4bWxucz0iaHR0cDovL3d3dy53My5vcmcvMjAwMC9zdmciPjwvc3ZnPg==\" style=\"--smush-placeholder-width: 750px; --smush-placeholder-aspect-ratio: 750\/651;\" \/><br \/>\n<img decoding=\"async\" class=\"aligncenter size-full wp-image-1096 lazyload\" data-src=\"https:\/\/cheri-heater.com\/esp\/wp-content\/uploads\/2024\/06\/description-4.jpg\" alt=\"\" width=\"741\" height=\"596\" data-srcset=\"https:\/\/cheri-heater.com\/esp\/wp-content\/uploads\/2024\/06\/description-4.jpg 741w, https:\/\/cheri-heater.com\/esp\/wp-content\/uploads\/2024\/06\/description-4-600x483.jpg 600w, https:\/\/cheri-heater.com\/esp\/wp-content\/uploads\/2024\/06\/description-4-300x241.jpg 300w\" data-sizes=\"(max-width: 741px) 100vw, 741px\" src=\"data:image\/svg+xml;base64,PHN2ZyB3aWR0aD0iMSIgaGVpZ2h0PSIxIiB4bWxucz0iaHR0cDovL3d3dy53My5vcmcvMjAwMC9zdmciPjwvc3ZnPg==\" style=\"--smush-placeholder-width: 741px; --smush-placeholder-aspect-ratio: 741\/596;\" \/><\/p>\n","protected":false},"excerpt":{"rendered":"<p class=\"western\" align=\"left\"><span style=\"color: #000000;\"><span style=\"font-family: Arial, sans-serif;\"><span style=\"font-size: small;\"><span lang=\"en-US\"><b>Tipo K<\/b><\/span><\/span><\/span><\/span><span style=\"color: #000000;\"><span style=\"font-family: Arial, sans-serif;\"><span style=\"font-size: small;\"><span lang=\"en-US\"> de termopares son sensores de temperatura muy simples y duraderos. Los termopares vienen con diferentes combinaciones de materiales que permiten una amplia gama de aplicaciones.<\/span><\/span><\/span><\/span><\/p>\n","protected":false},"featured_media":1086,"template":"","meta":[],"product_brand":[],"product_cat":[27],"product_tag":[160],"class_list":{"0":"post-1082","1":"product","2":"type-product","3":"status-publish","4":"has-post-thumbnail","6":"product_cat-thermocouple","7":"product_tag-kejtn-type-thermocouple","9":"first","10":"instock","11":"shipping-taxable","12":"product-type-simple"},"yoast_head":"<!-- This site is optimized with the Yoast SEO plugin v27.3 - https:\/\/yoast.com\/product\/yoast-seo-wordpress\/ -->\n<title>Mejores termopares de tipo K, E, J, T, N | Cheri-heater.com<\/title>\n<meta name=\"description\" content=\"Descubra nuestra gama de termopares vers\u00e1tiles, incluyendo tipos K, E, J, T y N, dise\u00f1ados para medici\u00f3n precisa de temperatura en diversas aplicaciones. Conf\u00ede en nuestros termopares de calidad para lecturas exactas y un rendimiento fiable. \u00a1Explore ahora\" \/>\n<meta name=\"robots\" content=\"index, follow, max-snippet:-1, max-image-preview:large, max-video-preview:-1\" \/>\n<link rel=\"canonical\" href=\"https:\/\/cheri-heater.com\/esp\/product\/kejtn-type-thermocouple\/\" \/>\n<meta property=\"og:locale\" content=\"en_US\" \/>\n<meta property=\"og:type\" content=\"article\" \/>\n<meta property=\"og:title\" content=\"Mejores termopares de tipo K, E, J, T, N | Cheri-heater.com\" \/>\n<meta property=\"og:description\" content=\"Descubra nuestra gama de termopares vers\u00e1tiles, incluyendo tipos K, E, J, T y N, dise\u00f1ados para medici\u00f3n precisa de temperatura en diversas aplicaciones. Conf\u00ede en nuestros termopares de calidad para lecturas exactas y un rendimiento fiable. \u00a1Explore ahora\" \/>\n<meta property=\"og:url\" content=\"https:\/\/cheri-heater.com\/esp\/product\/kejtn-type-thermocouple\/\" \/>\n<meta property=\"og:site_name\" content=\"Cheri Heater Technology Co.,Ltd.\" \/>\n<meta property=\"article:modified_time\" content=\"2024-07-27T14:33:45+00:00\" \/>\n<meta property=\"og:image\" content=\"https:\/\/cheri-heater.com\/esp\/wp-content\/uploads\/2024\/06\/\u5fae\u4fe1\u56fe\u7247_202303061512584.jpg\" \/>\n\t<meta property=\"og:image:width\" content=\"760\" \/>\n\t<meta property=\"og:image:height\" content=\"760\" \/>\n\t<meta property=\"og:image:type\" content=\"image\/jpeg\" \/>\n<meta name=\"twitter:card\" content=\"summary_large_image\" \/>\n<meta name=\"twitter:label1\" content=\"Est. reading time\" \/>\n\t<meta name=\"twitter:data1\" content=\"2 minutes\" \/>\n<!-- \/ Yoast SEO plugin. -->","yoast_head_json":{"title":"Mejores termopares de tipo K, E, J, T, N | Cheri-heater.com","description":"Descubra nuestra gama de termopares vers\u00e1tiles, incluyendo tipos K, E, J, T y N, dise\u00f1ados para medici\u00f3n precisa de temperatura en diversas aplicaciones. Conf\u00ede en nuestros termopares de calidad para lecturas exactas y un rendimiento fiable. \u00a1Explore ahora","robots":{"index":"index","follow":"follow","max-snippet":"max-snippet:-1","max-image-preview":"max-image-preview:large","max-video-preview":"max-video-preview:-1"},"canonical":"https:\/\/cheri-heater.com\/esp\/product\/kejtn-type-thermocouple\/","og_locale":"en_US","og_type":"article","og_title":"Mejores termopares de tipo K, E, J, T, N | Cheri-heater.com","og_description":"Descubra nuestra gama de termopares vers\u00e1tiles, incluyendo tipos K, E, J, T y N, dise\u00f1ados para medici\u00f3n precisa de temperatura en diversas aplicaciones. Conf\u00ede en nuestros termopares de calidad para lecturas exactas y un rendimiento fiable. \u00a1Explore ahora","og_url":"https:\/\/cheri-heater.com\/esp\/product\/kejtn-type-thermocouple\/","og_site_name":"Cheri Heater Technology Co.,Ltd.","article_modified_time":"2024-07-27T14:33:45+00:00","og_image":[{"width":760,"height":760,"url":"https:\/\/cheri-heater.com\/esp\/wp-content\/uploads\/2024\/06\/\u5fae\u4fe1\u56fe\u7247_202303061512584.jpg","type":"image\/jpeg"}],"twitter_card":"summary_large_image","twitter_misc":{"Est. reading time":"2 minutes"},"schema":{"@context":"https:\/\/schema.org","@graph":[{"@type":"WebPage","@id":"https:\/\/cheri-heater.com\/esp\/product\/kejtn-type-thermocouple\/","url":"https:\/\/cheri-heater.com\/esp\/product\/kejtn-type-thermocouple\/","name":"Mejores termopares de tipo K, E, J, T, N | Cheri-heater.com","isPartOf":{"@id":"https:\/\/cheri-heater.com\/esp\/#website"},"primaryImageOfPage":{"@id":"https:\/\/cheri-heater.com\/esp\/product\/kejtn-type-thermocouple\/#primaryimage"},"image":{"@id":"https:\/\/cheri-heater.com\/esp\/product\/kejtn-type-thermocouple\/#primaryimage"},"thumbnailUrl":"https:\/\/cheri-heater.com\/esp\/wp-content\/uploads\/2024\/06\/\u5fae\u4fe1\u56fe\u7247_202303061512584.jpg","datePublished":"2024-06-05T17:08:06+00:00","dateModified":"2024-07-27T14:33:45+00:00","description":"Descubra nuestra gama de termopares vers\u00e1tiles, incluyendo tipos K, E, J, T y N, dise\u00f1ados para medici\u00f3n precisa de temperatura en diversas aplicaciones. Conf\u00ede en nuestros termopares de calidad para lecturas exactas y un rendimiento fiable. \u00a1Explore ahora","breadcrumb":{"@id":"https:\/\/cheri-heater.com\/esp\/product\/kejtn-type-thermocouple\/#breadcrumb"},"inLanguage":"en-US","potentialAction":[{"@type":"ReadAction","target":["https:\/\/cheri-heater.com\/esp\/product\/kejtn-type-thermocouple\/"]}]},{"@type":"ImageObject","inLanguage":"en-US","@id":"https:\/\/cheri-heater.com\/esp\/product\/kejtn-type-thermocouple\/#primaryimage","url":"https:\/\/cheri-heater.com\/esp\/wp-content\/uploads\/2024\/06\/\u5fae\u4fe1\u56fe\u7247_202303061512584.jpg","contentUrl":"https:\/\/cheri-heater.com\/esp\/wp-content\/uploads\/2024\/06\/\u5fae\u4fe1\u56fe\u7247_202303061512584.jpg","width":760,"height":760},{"@type":"BreadcrumbList","@id":"https:\/\/cheri-heater.com\/esp\/product\/kejtn-type-thermocouple\/#breadcrumb","itemListElement":[{"@type":"ListItem","position":1,"name":"Home","item":"https:\/\/cheri-heater.com\/esp\/"},{"@type":"ListItem","position":2,"name":"Products","item":"https:\/\/cheri-heater.com\/esp\/products\/"},{"@type":"ListItem","position":3,"name":"Termopares tipo K, E, J, T, N"}]},{"@type":"WebSite","@id":"https:\/\/cheri-heater.com\/esp\/#website","url":"https:\/\/cheri-heater.com\/esp\/","name":"Cheri Heater Technology Co.,Ltd.","description":"","publisher":{"@id":"https:\/\/cheri-heater.com\/esp\/#organization"},"potentialAction":[{"@type":"SearchAction","target":{"@type":"EntryPoint","urlTemplate":"https:\/\/cheri-heater.com\/esp\/?s={search_term_string}"},"query-input":{"@type":"PropertyValueSpecification","valueRequired":true,"valueName":"search_term_string"}}],"inLanguage":"en-US"},{"@type":"Organization","@id":"https:\/\/cheri-heater.com\/esp\/#organization","name":"Cheri Heater Technology Co.,Ltd.","url":"https:\/\/cheri-heater.com\/esp\/","logo":{"@type":"ImageObject","inLanguage":"en-US","@id":"https:\/\/cheri-heater.com\/esp\/#\/schema\/logo\/image\/","url":"https:\/\/cheri-heater.com\/esp\/wp-content\/uploads\/2024\/06\/cropped-logo-resize.png","contentUrl":"https:\/\/cheri-heater.com\/esp\/wp-content\/uploads\/2024\/06\/cropped-logo-resize.png","width":346,"height":99,"caption":"Cheri Heater Technology Co.,Ltd."},"image":{"@id":"https:\/\/cheri-heater.com\/esp\/#\/schema\/logo\/image\/"}}]}},"_links":{"self":[{"href":"https:\/\/cheri-heater.com\/esp\/wp-json\/wp\/v2\/product\/1082","targetHints":{"allow":["GET"]}}],"collection":[{"href":"https:\/\/cheri-heater.com\/esp\/wp-json\/wp\/v2\/product"}],"about":[{"href":"https:\/\/cheri-heater.com\/esp\/wp-json\/wp\/v2\/types\/product"}],"wp:featuredmedia":[{"embeddable":true,"href":"https:\/\/cheri-heater.com\/esp\/wp-json\/wp\/v2\/media\/1086"}],"wp:attachment":[{"href":"https:\/\/cheri-heater.com\/esp\/wp-json\/wp\/v2\/media?parent=1082"}],"wp:term":[{"taxonomy":"product_brand","embeddable":true,"href":"https:\/\/cheri-heater.com\/esp\/wp-json\/wp\/v2\/product_brand?post=1082"},{"taxonomy":"product_cat","embeddable":true,"href":"https:\/\/cheri-heater.com\/esp\/wp-json\/wp\/v2\/product_cat?post=1082"},{"taxonomy":"product_tag","embeddable":true,"href":"https:\/\/cheri-heater.com\/esp\/wp-json\/wp\/v2\/product_tag?post=1082"}],"curies":[{"name":"wp","href":"https:\/\/api.w.org\/{rel}","templated":true}]}}