{"id":1097,"date":"2024-06-05T17:08:13","date_gmt":"2024-06-05T17:08:13","guid":{"rendered":"https:\/\/cheri-heater.com\/esp\/?post_type=product&#038;p=1097"},"modified":"2024-07-30T03:19:14","modified_gmt":"2024-07-30T03:19:14","slug":"rtd-sensor","status":"publish","type":"product","link":"https:\/\/cheri-heater.com\/esp\/product\/rtd-sensor\/","title":{"rendered":"Sensor RTD"},"content":{"rendered":"<p>Los Detectores de Temperatura por Resistencia (RTD) son sensores de temperatura que contienen un resistor cuya resistencia cambia a medida que cambia la temperatura. Se han utilizado durante muchos a\u00f1os para medir la temperatura en procesos de laboratorio e industriales, y han desarrollado una reputaci\u00f3n por su precisi\u00f3n, repetibilidad y estabilidad. El RTD es uno de los sensores de temperatura m\u00e1s precisos. No solo ofrece una buena precisi\u00f3n, sino tambi\u00e9n una excelente estabilidad y repetibilidad. Los RTDs son relativamente inmunes al ruido el\u00e9ctrico y, por lo tanto, son muy adecuados para la medici\u00f3n de temperatura en entornos industriales, especialmente alrededor de motores, generadores y otros equipos de alta tensi\u00f3n<\/p>\n","protected":false},"excerpt":{"rendered":"<p>Los Detectores de Temperatura por Resistencia (RTD) son sensores de temperatura que contienen un resistor cuya resistencia cambia a medida que cambia la temperatura. Se han utilizado durante muchos a\u00f1os para medir la temperatura en procesos de laboratorio e industriales, y han desarrollado una reputaci\u00f3n por su precisi\u00f3n, repetibilidad y estabilidad. El RTD es uno [&hellip;]<\/p>\n","protected":false},"featured_media":1101,"template":"","meta":[],"product_brand":[],"product_cat":[27],"product_tag":[161],"class_list":{"0":"post-1097","1":"product","2":"type-product","3":"status-publish","4":"has-post-thumbnail","6":"product_cat-thermocouple","7":"product_tag-rtd-sensor","9":"first","10":"instock","11":"shipping-taxable","12":"product-type-simple"},"yoast_head":"<!-- This site is optimized with the Yoast SEO plugin v27.3 - https:\/\/yoast.com\/product\/yoast-seo-wordpress\/ -->\n<title>Principales fabricantes de sensores RTD | Cheri-heater.com<\/title>\n<meta name=\"description\" content=\"Encuentre sensores RTD de alta calidad de un fabricante confiable para soluciones precisas de detecci\u00f3n de temperatura. Explore nuestra gama de sensores RTD fiables, dise\u00f1ados para ofrecer precisi\u00f3n y durabilidad en diversas industrias. \u00a1Cont\u00e1ctenos hoy para sus necesidades de medici\u00f3n de temperatura\" \/>\n<meta name=\"robots\" content=\"index, follow, max-snippet:-1, max-image-preview:large, max-video-preview:-1\" \/>\n<link rel=\"canonical\" href=\"https:\/\/cheri-heater.com\/esp\/product\/rtd-sensor\/\" \/>\n<meta property=\"og:locale\" content=\"en_US\" \/>\n<meta property=\"og:type\" content=\"article\" \/>\n<meta property=\"og:title\" content=\"Principales fabricantes de sensores RTD | Cheri-heater.com\" \/>\n<meta property=\"og:description\" content=\"Encuentre sensores RTD de alta calidad de un fabricante confiable para soluciones precisas de detecci\u00f3n de temperatura. Explore nuestra gama de sensores RTD fiables, dise\u00f1ados para ofrecer precisi\u00f3n y durabilidad en diversas industrias. \u00a1Cont\u00e1ctenos hoy para sus necesidades de medici\u00f3n de temperatura\" \/>\n<meta property=\"og:url\" content=\"https:\/\/cheri-heater.com\/esp\/product\/rtd-sensor\/\" \/>\n<meta property=\"og:site_name\" content=\"Cheri Heater Technology Co.,Ltd.\" \/>\n<meta property=\"article:modified_time\" content=\"2024-07-30T03:19:14+00:00\" \/>\n<meta property=\"og:image\" content=\"https:\/\/cheri-heater.com\/esp\/wp-content\/uploads\/2024\/06\/\u5fae\u4fe1\u56fe\u7247_20230221123322.jpg\" \/>\n\t<meta property=\"og:image:width\" content=\"973\" \/>\n\t<meta property=\"og:image:height\" content=\"760\" \/>\n\t<meta property=\"og:image:type\" content=\"image\/jpeg\" \/>\n<meta name=\"twitter:card\" content=\"summary_large_image\" \/>\n<meta name=\"twitter:label1\" content=\"Est. reading time\" \/>\n\t<meta name=\"twitter:data1\" content=\"1 minute\" \/>\n<!-- \/ Yoast SEO plugin. -->","yoast_head_json":{"title":"Principales fabricantes de sensores RTD | Cheri-heater.com","description":"Encuentre sensores RTD de alta calidad de un fabricante confiable para soluciones precisas de detecci\u00f3n de temperatura. Explore nuestra gama de sensores RTD fiables, dise\u00f1ados para ofrecer precisi\u00f3n y durabilidad en diversas industrias. \u00a1Cont\u00e1ctenos hoy para sus necesidades de medici\u00f3n de temperatura","robots":{"index":"index","follow":"follow","max-snippet":"max-snippet:-1","max-image-preview":"max-image-preview:large","max-video-preview":"max-video-preview:-1"},"canonical":"https:\/\/cheri-heater.com\/esp\/product\/rtd-sensor\/","og_locale":"en_US","og_type":"article","og_title":"Principales fabricantes de sensores RTD | Cheri-heater.com","og_description":"Encuentre sensores RTD de alta calidad de un fabricante confiable para soluciones precisas de detecci\u00f3n de temperatura. Explore nuestra gama de sensores RTD fiables, dise\u00f1ados para ofrecer precisi\u00f3n y durabilidad en diversas industrias. \u00a1Cont\u00e1ctenos hoy para sus necesidades de medici\u00f3n de temperatura","og_url":"https:\/\/cheri-heater.com\/esp\/product\/rtd-sensor\/","og_site_name":"Cheri Heater Technology Co.,Ltd.","article_modified_time":"2024-07-30T03:19:14+00:00","og_image":[{"width":973,"height":760,"url":"https:\/\/cheri-heater.com\/esp\/wp-content\/uploads\/2024\/06\/\u5fae\u4fe1\u56fe\u7247_20230221123322.jpg","type":"image\/jpeg"}],"twitter_card":"summary_large_image","twitter_misc":{"Est. reading time":"1 minute"},"schema":{"@context":"https:\/\/schema.org","@graph":[{"@type":"WebPage","@id":"https:\/\/cheri-heater.com\/esp\/product\/rtd-sensor\/","url":"https:\/\/cheri-heater.com\/esp\/product\/rtd-sensor\/","name":"Principales fabricantes de sensores RTD | Cheri-heater.com","isPartOf":{"@id":"https:\/\/cheri-heater.com\/esp\/#website"},"primaryImageOfPage":{"@id":"https:\/\/cheri-heater.com\/esp\/product\/rtd-sensor\/#primaryimage"},"image":{"@id":"https:\/\/cheri-heater.com\/esp\/product\/rtd-sensor\/#primaryimage"},"thumbnailUrl":"https:\/\/cheri-heater.com\/esp\/wp-content\/uploads\/2024\/06\/\u5fae\u4fe1\u56fe\u7247_20230221123322.jpg","datePublished":"2024-06-05T17:08:13+00:00","dateModified":"2024-07-30T03:19:14+00:00","description":"Encuentre sensores RTD de alta calidad de un fabricante confiable para soluciones precisas de detecci\u00f3n de temperatura. Explore nuestra gama de sensores RTD fiables, dise\u00f1ados para ofrecer precisi\u00f3n y durabilidad en diversas industrias. \u00a1Cont\u00e1ctenos hoy para sus necesidades de medici\u00f3n de temperatura","breadcrumb":{"@id":"https:\/\/cheri-heater.com\/esp\/product\/rtd-sensor\/#breadcrumb"},"inLanguage":"en-US","potentialAction":[{"@type":"ReadAction","target":["https:\/\/cheri-heater.com\/esp\/product\/rtd-sensor\/"]}]},{"@type":"ImageObject","inLanguage":"en-US","@id":"https:\/\/cheri-heater.com\/esp\/product\/rtd-sensor\/#primaryimage","url":"https:\/\/cheri-heater.com\/esp\/wp-content\/uploads\/2024\/06\/\u5fae\u4fe1\u56fe\u7247_20230221123322.jpg","contentUrl":"https:\/\/cheri-heater.com\/esp\/wp-content\/uploads\/2024\/06\/\u5fae\u4fe1\u56fe\u7247_20230221123322.jpg","width":973,"height":760},{"@type":"BreadcrumbList","@id":"https:\/\/cheri-heater.com\/esp\/product\/rtd-sensor\/#breadcrumb","itemListElement":[{"@type":"ListItem","position":1,"name":"Home","item":"https:\/\/cheri-heater.com\/esp\/"},{"@type":"ListItem","position":2,"name":"Products","item":"https:\/\/cheri-heater.com\/esp\/products\/"},{"@type":"ListItem","position":3,"name":"Sensor RTD"}]},{"@type":"WebSite","@id":"https:\/\/cheri-heater.com\/esp\/#website","url":"https:\/\/cheri-heater.com\/esp\/","name":"Cheri Heater Technology Co.,Ltd.","description":"","publisher":{"@id":"https:\/\/cheri-heater.com\/esp\/#organization"},"potentialAction":[{"@type":"SearchAction","target":{"@type":"EntryPoint","urlTemplate":"https:\/\/cheri-heater.com\/esp\/?s={search_term_string}"},"query-input":{"@type":"PropertyValueSpecification","valueRequired":true,"valueName":"search_term_string"}}],"inLanguage":"en-US"},{"@type":"Organization","@id":"https:\/\/cheri-heater.com\/esp\/#organization","name":"Cheri Heater Technology Co.,Ltd.","url":"https:\/\/cheri-heater.com\/esp\/","logo":{"@type":"ImageObject","inLanguage":"en-US","@id":"https:\/\/cheri-heater.com\/esp\/#\/schema\/logo\/image\/","url":"https:\/\/cheri-heater.com\/esp\/wp-content\/uploads\/2024\/06\/cropped-logo-resize.png","contentUrl":"https:\/\/cheri-heater.com\/esp\/wp-content\/uploads\/2024\/06\/cropped-logo-resize.png","width":346,"height":99,"caption":"Cheri Heater Technology Co.,Ltd."},"image":{"@id":"https:\/\/cheri-heater.com\/esp\/#\/schema\/logo\/image\/"}}]}},"_links":{"self":[{"href":"https:\/\/cheri-heater.com\/esp\/wp-json\/wp\/v2\/product\/1097","targetHints":{"allow":["GET"]}}],"collection":[{"href":"https:\/\/cheri-heater.com\/esp\/wp-json\/wp\/v2\/product"}],"about":[{"href":"https:\/\/cheri-heater.com\/esp\/wp-json\/wp\/v2\/types\/product"}],"wp:featuredmedia":[{"embeddable":true,"href":"https:\/\/cheri-heater.com\/esp\/wp-json\/wp\/v2\/media\/1101"}],"wp:attachment":[{"href":"https:\/\/cheri-heater.com\/esp\/wp-json\/wp\/v2\/media?parent=1097"}],"wp:term":[{"taxonomy":"product_brand","embeddable":true,"href":"https:\/\/cheri-heater.com\/esp\/wp-json\/wp\/v2\/product_brand?post=1097"},{"taxonomy":"product_cat","embeddable":true,"href":"https:\/\/cheri-heater.com\/esp\/wp-json\/wp\/v2\/product_cat?post=1097"},{"taxonomy":"product_tag","embeddable":true,"href":"https:\/\/cheri-heater.com\/esp\/wp-json\/wp\/v2\/product_tag?post=1097"}],"curies":[{"name":"wp","href":"https:\/\/api.w.org\/{rel}","templated":true}]}}