{"id":1106,"date":"2024-06-05T17:09:59","date_gmt":"2024-06-05T17:09:59","guid":{"rendered":"https:\/\/cheri-heater.com\/esp\/?post_type=product&#038;p=1106"},"modified":"2024-07-27T14:40:27","modified_gmt":"2024-07-27T14:40:27","slug":"sbr-type-pt-rh-thermocouple","status":"publish","type":"product","link":"https:\/\/cheri-heater.com\/esp\/product\/sbr-type-pt-rh-thermocouple\/","title":{"rendered":"Termopares Pt-Rh tipo S, B, R"},"content":{"rendered":"<table dir=\"ltr\" width=\"750\" cellspacing=\"0\" cellpadding=\"0\" align=\"left\">\n<tbody>\n<tr valign=\"top\">\n<td rowspan=\"2\" bgcolor=\"#f3f4f8\" width=\"127\">\n<p class=\"western\" align=\"center\"><span style=\"font-size: small;\"><b><span style=\"font-family: \u5b8b\u4f53;\">Material del conductor<\/span><\/b><\/span><\/p>\n<\/td>\n<td rowspan=\"2\" width=\"29\">\n<p class=\"western\" align=\"center\"><span style=\"font-size: small;\"><b><span style=\"font-family: \u5b8b\u4f53;\">Tipo<\/span><\/b><\/span><\/p>\n<\/td>\n<td rowspan=\"2\" width=\"36\">\n<p class=\"western\" align=\"center\"><span style=\"font-size: small;\"><b><span style=\"font-family: \u5b8b\u4f53;\">Grado<\/span><\/b><\/span><\/p>\n<\/td>\n<td colspan=\"4\" width=\"463\">\n<p class=\"western\" align=\"center\"><span style=\"font-size: small;\"><b><span style=\"font-family: \u5b8b\u4f53;\">Especificaci\u00f3n del tubo de protecci\u00f3n (mm)<\/span><\/b><\/span><\/p>\n<\/td>\n<td rowspan=\"2\" width=\"92\">\n<p class=\"western\" align=\"left\"><span style=\"font-size: small;\"><b><span style=\"font-family: \u5b8b\u4f53;\">Temperatura (\u00b0C)<\/span><\/b><\/span><\/p>\n<\/td>\n<\/tr>\n<tr valign=\"top\">\n<td width=\"86\">\n<p class=\"western\" align=\"left\"><span style=\"font-size: small;\"><b><span style=\"font-family: \u5b8b\u4f53;\">Longitud total<\/span><\/b><\/span><\/p>\n<\/td>\n<td width=\"114\">\n<p class=\"western\" align=\"left\"><span style=\"font-size: small;\"><b><span style=\"font-family: \u5b8b\u4f53;\">Longitud de inmersi\u00f3n<\/span><\/b><\/span><\/p>\n<\/td>\n<td width=\"71\">\n<p class=\"western\" align=\"left\"><span style=\"font-size: small;\"><b><span style=\"font-family: \u5b8b\u4f53;\">Di\u00e1metro<\/span><\/b><\/span><\/p>\n<\/td>\n<td width=\"192\">\n<p class=\"western\" align=\"left\"><span style=\"font-size: small;\"><b><span style=\"font-family: \u5b8b\u4f53;\">Material del tubo de protecci\u00f3n<\/span><\/b><\/span><\/p>\n<\/td>\n<\/tr>\n<tr valign=\"top\">\n<td bgcolor=\"#f3f4f8\" width=\"127\">\n<p class=\"western\" align=\"center\"><span style=\"font-size: small;\"><span style=\"font-family: \u5b8b\u4f53;\">PtRh10-Pt<\/span><\/span><\/p>\n<\/td>\n<td width=\"29\">\n<p class=\"western\" align=\"center\"><span style=\"font-size: small;\"><span style=\"font-family: \u5b8b\u4f53;\">WRP<\/span><\/span><\/p>\n<\/td>\n<td width=\"36\">\n<p class=\"western\" align=\"center\"><span style=\"font-size: small;\"><span style=\"font-family: \u5b8b\u4f53;\">S<\/span><\/span><\/p>\n<\/td>\n<td rowspan=\"3\" width=\"86\">\n<p class=\"western\" align=\"center\"><span style=\"font-size: small;\"><span style=\"font-family: \u5b8b\u4f53;\">300<\/span><\/span><\/p>\n<p class=\"western\" align=\"center\"><span style=\"font-size: small;\"><span style=\"font-family: \u5b8b\u4f53;\">350<\/span><\/span><\/p>\n<p class=\"western\" align=\"center\"><span style=\"font-size: small;\"><span style=\"font-family: \u5b8b\u4f53;\">400<\/span><\/span><\/p>\n<p class=\"western\" align=\"center\"><span style=\"font-size: small;\"><span style=\"font-family: \u5b8b\u4f53;\">450<\/span><\/span><\/p>\n<p class=\"western\" align=\"center\"><span style=\"font-size: small;\"><span style=\"font-family: \u5b8b\u4f53;\">550<\/span><\/span><\/p>\n<p class=\"western\" align=\"center\"><span style=\"font-size: small;\"><span style=\"font-family: \u5b8b\u4f53;\">650<\/span><\/span><\/p>\n<p class=\"western\" align=\"center\"><span style=\"font-size: small;\"><span style=\"font-family: \u5b8b\u4f53;\">900<\/span><\/span><\/p>\n<p class=\"western\" align=\"center\"><span style=\"font-size: small;\"><span style=\"font-family: \u5b8b\u4f53;\">1150<\/span><\/span><\/p>\n<p class=\"western\" align=\"center\"><span style=\"font-size: small;\"><span style=\"font-family: \u5b8b\u4f53;\">1300<\/span><\/span><\/p>\n<\/td>\n<td rowspan=\"3\" width=\"114\">\n<p class=\"western\" align=\"center\"><span style=\"font-size: small;\"><span style=\"font-family: \u5b8b\u4f53;\">150<\/span><\/span><\/p>\n<p class=\"western\" align=\"center\"><span style=\"font-size: small;\"><span style=\"font-family: \u5b8b\u4f53;\">200<\/span><\/span><\/p>\n<p class=\"western\" align=\"center\"><span style=\"font-size: small;\"><span style=\"font-family: \u5b8b\u4f53;\">250<\/span><\/span><\/p>\n<p class=\"western\" align=\"center\"><span style=\"font-size: small;\"><span style=\"font-family: \u5b8b\u4f53;\">300<\/span><\/span><\/p>\n<p class=\"western\" align=\"center\"><span style=\"font-size: small;\"><span style=\"font-family: \u5b8b\u4f53;\">400<\/span><\/span><\/p>\n<p class=\"western\" align=\"center\"><span style=\"font-size: small;\"><span style=\"font-family: \u5b8b\u4f53;\">500<\/span><\/span><\/p>\n<p class=\"western\" align=\"center\"><span style=\"font-size: small;\"><span style=\"font-family: \u5b8b\u4f53;\">750<\/span><\/span><\/p>\n<p class=\"western\" align=\"center\"><span style=\"font-size: small;\"><span style=\"font-family: \u5b8b\u4f53;\">1000<\/span><\/span><\/p>\n<p class=\"western\" align=\"center\"><span style=\"font-size: small;\"><span style=\"font-family: \u5b8b\u4f53;\">1100<\/span><\/span><\/p>\n<\/td>\n<td rowspan=\"4\" width=\"71\">\n<p class=\"western\" align=\"left\"><span style=\"font-size: small;\"><span style=\"font-family: \u5b8b\u4f53;\">8\/10\/16\/25<\/span><\/span><\/p>\n<\/td>\n<td width=\"192\">\n<p class=\"western\" align=\"left\"><span style=\"font-size: small;\"><span style=\"font-family: \u5b8b\u4f53;\">Cer\u00e1mica de Al2O3 99.9%<\/span><\/span><\/p>\n<\/td>\n<td width=\"92\">\n<p class=\"western\" align=\"center\"><span style=\"font-size: small;\"><span style=\"font-family: \u5b8b\u4f53;\">0-1300<\/span><\/span><\/p>\n<\/td>\n<\/tr>\n<tr valign=\"top\">\n<td bgcolor=\"#f3f4f8\" width=\"127\">\n<p class=\"western\" align=\"center\"><span style=\"font-size: small;\"><span style=\"font-family: \u5b8b\u4f53;\">Pt-Rh30-Pt6<\/span><\/span><\/p>\n<\/td>\n<td width=\"29\">\n<p class=\"western\" align=\"center\"><span style=\"font-size: small;\"><span style=\"font-family: \u5b8b\u4f53;\">WRR<\/span><\/span><\/p>\n<\/td>\n<td width=\"36\">\n<p class=\"western\" align=\"center\"><span style=\"font-size: small;\"><span style=\"font-family: \u5b8b\u4f53;\">B<\/span><\/span><\/p>\n<\/td>\n<td width=\"192\">\n<p class=\"western\" align=\"left\"><span style=\"font-size: small;\"><span style=\"font-family: \u5b8b\u4f53;\">Cer\u00e1mica de Al2O3 99.9%<\/span><\/span><\/p>\n<\/td>\n<td width=\"92\">\n<p class=\"western\" align=\"center\"><span style=\"font-size: small;\"><span style=\"font-family: \u5b8b\u4f53;\">0-1600<\/span><\/span><\/p>\n<\/td>\n<\/tr>\n<tr valign=\"top\">\n<td bgcolor=\"#f3f4f8\" width=\"127\">\n<p class=\"western\" align=\"center\"><span style=\"font-size: small;\"><span style=\"font-family: \u5b8b\u4f53;\">PtRh13-Pt<\/span><\/span><\/p>\n<\/td>\n<td width=\"29\">\n<p class=\"western\" align=\"center\"><span style=\"font-size: small;\"><span style=\"font-family: \u5b8b\u4f53;\">WRQ<\/span><\/span><\/p>\n<\/td>\n<td width=\"36\">\n<p class=\"western\" align=\"center\"><span style=\"font-size: small;\"><span style=\"font-family: \u5b8b\u4f53;\">R<\/span><\/span><\/p>\n<\/td>\n<td width=\"192\">\n<p class=\"western\" align=\"left\"><span style=\"font-size: small;\"><span style=\"font-family: \u5b8b\u4f53;\">Cer\u00e1mica de Al2O3 99.9%<\/span><\/span><\/p>\n<\/td>\n<td width=\"92\">\n<p class=\"western\" align=\"center\"><span style=\"font-size: small;\"><span style=\"font-family: \u5b8b\u4f53;\">0-1300<\/span><\/span><\/p>\n<\/td>\n<\/tr>\n<tr valign=\"top\">\n<td bgcolor=\"#f3f4f8\" width=\"127\">\n<p class=\"western\" align=\"center\"><span style=\"font-size: small;\"><span style=\"font-family: \u5b8b\u4f53;\">Mini PtRh10-Pt<\/span><\/span><\/p>\n<\/td>\n<td width=\"29\">\n<p class=\"western\" align=\"center\"><span style=\"font-size: small;\"><span style=\"font-family: \u5b8b\u4f53;\">WRP<\/span><\/span><\/p>\n<\/td>\n<td width=\"36\">\n<p class=\"western\" align=\"center\"><span style=\"font-size: small;\"><span style=\"font-family: \u5b8b\u4f53;\">S<\/span><\/span><\/p>\n<\/td>\n<td width=\"86\">\n<p class=\"western\" align=\"left\"><span style=\"font-size: small;\"><span style=\"font-family: \u5b8b\u4f53;\">150-1500<\/span><\/span><\/p>\n<\/td>\n<td width=\"114\">\n<p class=\"western\" align=\"left\"><span style=\"font-size: small;\"><span style=\"font-family: \u5b8b\u4f53;\">150-1500<\/span><\/span><\/p>\n<\/td>\n<td width=\"192\">\n<p class=\"western\" align=\"left\"><span style=\"font-size: small;\"><span style=\"font-family: \u5b8b\u4f53;\">Cer\u00e1mica de Al2O3 99.9%<\/span><\/span><\/p>\n<\/td>\n<td width=\"92\">\n<p class=\"western\" align=\"center\"><span style=\"font-size: small;\"><span style=\"font-family: \u5b8b\u4f53;\">0-1300<\/span><\/span><\/p>\n<\/td>\n<\/tr>\n<\/tbody>\n<\/table>\n<p><img fetchpriority=\"high\" decoding=\"async\" class=\"aligncenter size-full wp-image-1114\" src=\"https:\/\/cheri-heater.com\/esp\/wp-content\/uploads\/2024\/06\/description-1-2.jpg\" alt=\"\" width=\"800\" height=\"800\" srcset=\"https:\/\/cheri-heater.com\/esp\/wp-content\/uploads\/2024\/06\/description-1-2.jpg 800w, https:\/\/cheri-heater.com\/esp\/wp-content\/uploads\/2024\/06\/description-1-2-300x300.jpg 300w, https:\/\/cheri-heater.com\/esp\/wp-content\/uploads\/2024\/06\/description-1-2-100x100.jpg 100w, https:\/\/cheri-heater.com\/esp\/wp-content\/uploads\/2024\/06\/description-1-2-600x600.jpg 600w, https:\/\/cheri-heater.com\/esp\/wp-content\/uploads\/2024\/06\/description-1-2-150x150.jpg 150w, https:\/\/cheri-heater.com\/esp\/wp-content\/uploads\/2024\/06\/description-1-2-768x768.jpg 768w\" sizes=\"(max-width: 800px) 100vw, 800px\" \/><br \/>\n<img decoding=\"async\" class=\"aligncenter size-full wp-image-1115 lazyload\" data-src=\"https:\/\/cheri-heater.com\/esp\/wp-content\/uploads\/2024\/06\/description-2-2.jpg\" alt=\"\" width=\"800\" height=\"800\" data-srcset=\"https:\/\/cheri-heater.com\/esp\/wp-content\/uploads\/2024\/06\/description-2-2.jpg 800w, https:\/\/cheri-heater.com\/esp\/wp-content\/uploads\/2024\/06\/description-2-2-300x300.jpg 300w, https:\/\/cheri-heater.com\/esp\/wp-content\/uploads\/2024\/06\/description-2-2-100x100.jpg 100w, https:\/\/cheri-heater.com\/esp\/wp-content\/uploads\/2024\/06\/description-2-2-600x600.jpg 600w, https:\/\/cheri-heater.com\/esp\/wp-content\/uploads\/2024\/06\/description-2-2-150x150.jpg 150w, https:\/\/cheri-heater.com\/esp\/wp-content\/uploads\/2024\/06\/description-2-2-768x768.jpg 768w\" data-sizes=\"(max-width: 800px) 100vw, 800px\" src=\"data:image\/svg+xml;base64,PHN2ZyB3aWR0aD0iMSIgaGVpZ2h0PSIxIiB4bWxucz0iaHR0cDovL3d3dy53My5vcmcvMjAwMC9zdmciPjwvc3ZnPg==\" style=\"--smush-placeholder-width: 800px; --smush-placeholder-aspect-ratio: 800\/800;\" \/><br \/>\n<img decoding=\"async\" class=\"aligncenter size-full wp-image-1116 lazyload\" data-src=\"https:\/\/cheri-heater.com\/esp\/wp-content\/uploads\/2024\/06\/description-3-1.jpg\" alt=\"\" width=\"800\" height=\"800\" data-srcset=\"https:\/\/cheri-heater.com\/esp\/wp-content\/uploads\/2024\/06\/description-3-1.jpg 800w, https:\/\/cheri-heater.com\/esp\/wp-content\/uploads\/2024\/06\/description-3-1-300x300.jpg 300w, https:\/\/cheri-heater.com\/esp\/wp-content\/uploads\/2024\/06\/description-3-1-100x100.jpg 100w, https:\/\/cheri-heater.com\/esp\/wp-content\/uploads\/2024\/06\/description-3-1-600x600.jpg 600w, https:\/\/cheri-heater.com\/esp\/wp-content\/uploads\/2024\/06\/description-3-1-150x150.jpg 150w, https:\/\/cheri-heater.com\/esp\/wp-content\/uploads\/2024\/06\/description-3-1-768x768.jpg 768w\" data-sizes=\"(max-width: 800px) 100vw, 800px\" src=\"data:image\/svg+xml;base64,PHN2ZyB3aWR0aD0iMSIgaGVpZ2h0PSIxIiB4bWxucz0iaHR0cDovL3d3dy53My5vcmcvMjAwMC9zdmciPjwvc3ZnPg==\" style=\"--smush-placeholder-width: 800px; --smush-placeholder-aspect-ratio: 800\/800;\" \/><br \/>\n<img decoding=\"async\" class=\"aligncenter size-full wp-image-1117 lazyload\" data-src=\"https:\/\/cheri-heater.com\/esp\/wp-content\/uploads\/2024\/06\/description-4-1.jpg\" alt=\"\" width=\"788\" height=\"1598\" data-srcset=\"https:\/\/cheri-heater.com\/esp\/wp-content\/uploads\/2024\/06\/description-4-1.jpg 788w, https:\/\/cheri-heater.com\/esp\/wp-content\/uploads\/2024\/06\/description-4-1-600x1217.jpg 600w, https:\/\/cheri-heater.com\/esp\/wp-content\/uploads\/2024\/06\/description-4-1-148x300.jpg 148w, https:\/\/cheri-heater.com\/esp\/wp-content\/uploads\/2024\/06\/description-4-1-505x1024.jpg 505w, https:\/\/cheri-heater.com\/esp\/wp-content\/uploads\/2024\/06\/description-4-1-768x1557.jpg 768w, https:\/\/cheri-heater.com\/esp\/wp-content\/uploads\/2024\/06\/description-4-1-757x1536.jpg 757w\" data-sizes=\"(max-width: 788px) 100vw, 788px\" src=\"data:image\/svg+xml;base64,PHN2ZyB3aWR0aD0iMSIgaGVpZ2h0PSIxIiB4bWxucz0iaHR0cDovL3d3dy53My5vcmcvMjAwMC9zdmciPjwvc3ZnPg==\" style=\"--smush-placeholder-width: 788px; --smush-placeholder-aspect-ratio: 788\/1598;\" \/><\/p>\n","protected":false},"excerpt":{"rendered":"<p>El termopar de platino-rhodio de tipo ensamblado se utiliza ampliamente en lugares de producci\u00f3n con alta temperatura. Se emplea principalmente para medir la temperatura en la industria del vidrio y la cer\u00e1mica, as\u00ed como en hornos industriales de sal<\/p>\n","protected":false},"featured_media":1111,"template":"","meta":[],"product_brand":[],"product_cat":[27],"product_tag":[162],"class_list":{"0":"post-1106","1":"product","2":"type-product","3":"status-publish","4":"has-post-thumbnail","6":"product_cat-thermocouple","7":"product_tag-sbr-type-pt-rh-thermocouple","9":"first","10":"instock","11":"shipping-taxable","12":"product-type-simple"},"yoast_head":"<!-- This site is optimized with the Yoast SEO plugin v27.3 - https:\/\/yoast.com\/product\/yoast-seo-wordpress\/ -->\n<title>Termopares Pt-Rh tipo S, B, R de primera calidad para medici\u00f3n precisa de temperatura<\/title>\n<meta name=\"description\" content=\"Nuestra selecci\u00f3n premium de termopares Pt-Rh tipo S, B, R, dise\u00f1ados para una medici\u00f3n precisa de temperatura en entornos exigentes. Conf\u00ede en la precisi\u00f3n y fiabilidad de nuestros termopares para sus necesidades cr\u00edticas de monitoreo de temperatura. \u00a1Explore nuestra gama ahora\" \/>\n<meta name=\"robots\" content=\"index, follow, max-snippet:-1, max-image-preview:large, max-video-preview:-1\" \/>\n<link rel=\"canonical\" href=\"https:\/\/cheri-heater.com\/esp\/product\/sbr-type-pt-rh-thermocouple\/\" \/>\n<meta property=\"og:locale\" content=\"en_US\" \/>\n<meta property=\"og:type\" content=\"article\" \/>\n<meta property=\"og:title\" content=\"Termopares Pt-Rh tipo S, B, R de primera calidad para medici\u00f3n precisa de temperatura\" \/>\n<meta property=\"og:description\" content=\"Nuestra selecci\u00f3n premium de termopares Pt-Rh tipo S, B, R, dise\u00f1ados para una medici\u00f3n precisa de temperatura en entornos exigentes. Conf\u00ede en la precisi\u00f3n y fiabilidad de nuestros termopares para sus necesidades cr\u00edticas de monitoreo de temperatura. \u00a1Explore nuestra gama ahora\" \/>\n<meta property=\"og:url\" content=\"https:\/\/cheri-heater.com\/esp\/product\/sbr-type-pt-rh-thermocouple\/\" \/>\n<meta property=\"og:site_name\" content=\"Cheri Heater Technology Co.,Ltd.\" \/>\n<meta property=\"article:modified_time\" content=\"2024-07-27T14:40:27+00:00\" \/>\n<meta property=\"og:image\" content=\"https:\/\/cheri-heater.com\/esp\/wp-content\/uploads\/2024\/06\/\u5fae\u4fe1\u56fe\u7247_202303151621482.jpg\" \/>\n\t<meta property=\"og:image:width\" content=\"760\" \/>\n\t<meta property=\"og:image:height\" content=\"760\" \/>\n\t<meta property=\"og:image:type\" content=\"image\/jpeg\" \/>\n<meta name=\"twitter:card\" content=\"summary_large_image\" \/>\n<meta name=\"twitter:label1\" content=\"Est. reading time\" \/>\n\t<meta name=\"twitter:data1\" content=\"2 minutes\" \/>\n<!-- \/ Yoast SEO plugin. -->","yoast_head_json":{"title":"Termopares Pt-Rh tipo S, B, R de primera calidad para medici\u00f3n precisa de temperatura","description":"Nuestra selecci\u00f3n premium de termopares Pt-Rh tipo S, B, R, dise\u00f1ados para una medici\u00f3n precisa de temperatura en entornos exigentes. Conf\u00ede en la precisi\u00f3n y fiabilidad de nuestros termopares para sus necesidades cr\u00edticas de monitoreo de temperatura. \u00a1Explore nuestra gama ahora","robots":{"index":"index","follow":"follow","max-snippet":"max-snippet:-1","max-image-preview":"max-image-preview:large","max-video-preview":"max-video-preview:-1"},"canonical":"https:\/\/cheri-heater.com\/esp\/product\/sbr-type-pt-rh-thermocouple\/","og_locale":"en_US","og_type":"article","og_title":"Termopares Pt-Rh tipo S, B, R de primera calidad para medici\u00f3n precisa de temperatura","og_description":"Nuestra selecci\u00f3n premium de termopares Pt-Rh tipo S, B, R, dise\u00f1ados para una medici\u00f3n precisa de temperatura en entornos exigentes. Conf\u00ede en la precisi\u00f3n y fiabilidad de nuestros termopares para sus necesidades cr\u00edticas de monitoreo de temperatura. \u00a1Explore nuestra gama ahora","og_url":"https:\/\/cheri-heater.com\/esp\/product\/sbr-type-pt-rh-thermocouple\/","og_site_name":"Cheri Heater Technology Co.,Ltd.","article_modified_time":"2024-07-27T14:40:27+00:00","og_image":[{"width":760,"height":760,"url":"https:\/\/cheri-heater.com\/esp\/wp-content\/uploads\/2024\/06\/\u5fae\u4fe1\u56fe\u7247_202303151621482.jpg","type":"image\/jpeg"}],"twitter_card":"summary_large_image","twitter_misc":{"Est. reading time":"2 minutes"},"schema":{"@context":"https:\/\/schema.org","@graph":[{"@type":"WebPage","@id":"https:\/\/cheri-heater.com\/esp\/product\/sbr-type-pt-rh-thermocouple\/","url":"https:\/\/cheri-heater.com\/esp\/product\/sbr-type-pt-rh-thermocouple\/","name":"Termopares Pt-Rh tipo S, B, R de primera calidad para medici\u00f3n precisa de temperatura","isPartOf":{"@id":"https:\/\/cheri-heater.com\/esp\/#website"},"primaryImageOfPage":{"@id":"https:\/\/cheri-heater.com\/esp\/product\/sbr-type-pt-rh-thermocouple\/#primaryimage"},"image":{"@id":"https:\/\/cheri-heater.com\/esp\/product\/sbr-type-pt-rh-thermocouple\/#primaryimage"},"thumbnailUrl":"https:\/\/cheri-heater.com\/esp\/wp-content\/uploads\/2024\/06\/\u5fae\u4fe1\u56fe\u7247_202303151621482.jpg","datePublished":"2024-06-05T17:09:59+00:00","dateModified":"2024-07-27T14:40:27+00:00","description":"Nuestra selecci\u00f3n premium de termopares Pt-Rh tipo S, B, R, dise\u00f1ados para una medici\u00f3n precisa de temperatura en entornos exigentes. Conf\u00ede en la precisi\u00f3n y fiabilidad de nuestros termopares para sus necesidades cr\u00edticas de monitoreo de temperatura. \u00a1Explore nuestra gama ahora","breadcrumb":{"@id":"https:\/\/cheri-heater.com\/esp\/product\/sbr-type-pt-rh-thermocouple\/#breadcrumb"},"inLanguage":"en-US","potentialAction":[{"@type":"ReadAction","target":["https:\/\/cheri-heater.com\/esp\/product\/sbr-type-pt-rh-thermocouple\/"]}]},{"@type":"ImageObject","inLanguage":"en-US","@id":"https:\/\/cheri-heater.com\/esp\/product\/sbr-type-pt-rh-thermocouple\/#primaryimage","url":"https:\/\/cheri-heater.com\/esp\/wp-content\/uploads\/2024\/06\/\u5fae\u4fe1\u56fe\u7247_202303151621482.jpg","contentUrl":"https:\/\/cheri-heater.com\/esp\/wp-content\/uploads\/2024\/06\/\u5fae\u4fe1\u56fe\u7247_202303151621482.jpg","width":760,"height":760},{"@type":"BreadcrumbList","@id":"https:\/\/cheri-heater.com\/esp\/product\/sbr-type-pt-rh-thermocouple\/#breadcrumb","itemListElement":[{"@type":"ListItem","position":1,"name":"Home","item":"https:\/\/cheri-heater.com\/esp\/"},{"@type":"ListItem","position":2,"name":"Products","item":"https:\/\/cheri-heater.com\/esp\/products\/"},{"@type":"ListItem","position":3,"name":"Termopares Pt-Rh tipo S, B, R"}]},{"@type":"WebSite","@id":"https:\/\/cheri-heater.com\/esp\/#website","url":"https:\/\/cheri-heater.com\/esp\/","name":"Cheri Heater Technology Co.,Ltd.","description":"","publisher":{"@id":"https:\/\/cheri-heater.com\/esp\/#organization"},"potentialAction":[{"@type":"SearchAction","target":{"@type":"EntryPoint","urlTemplate":"https:\/\/cheri-heater.com\/esp\/?s={search_term_string}"},"query-input":{"@type":"PropertyValueSpecification","valueRequired":true,"valueName":"search_term_string"}}],"inLanguage":"en-US"},{"@type":"Organization","@id":"https:\/\/cheri-heater.com\/esp\/#organization","name":"Cheri Heater Technology Co.,Ltd.","url":"https:\/\/cheri-heater.com\/esp\/","logo":{"@type":"ImageObject","inLanguage":"en-US","@id":"https:\/\/cheri-heater.com\/esp\/#\/schema\/logo\/image\/","url":"https:\/\/cheri-heater.com\/esp\/wp-content\/uploads\/2024\/06\/cropped-logo-resize.png","contentUrl":"https:\/\/cheri-heater.com\/esp\/wp-content\/uploads\/2024\/06\/cropped-logo-resize.png","width":346,"height":99,"caption":"Cheri Heater Technology Co.,Ltd."},"image":{"@id":"https:\/\/cheri-heater.com\/esp\/#\/schema\/logo\/image\/"}}]}},"_links":{"self":[{"href":"https:\/\/cheri-heater.com\/esp\/wp-json\/wp\/v2\/product\/1106","targetHints":{"allow":["GET"]}}],"collection":[{"href":"https:\/\/cheri-heater.com\/esp\/wp-json\/wp\/v2\/product"}],"about":[{"href":"https:\/\/cheri-heater.com\/esp\/wp-json\/wp\/v2\/types\/product"}],"wp:featuredmedia":[{"embeddable":true,"href":"https:\/\/cheri-heater.com\/esp\/wp-json\/wp\/v2\/media\/1111"}],"wp:attachment":[{"href":"https:\/\/cheri-heater.com\/esp\/wp-json\/wp\/v2\/media?parent=1106"}],"wp:term":[{"taxonomy":"product_brand","embeddable":true,"href":"https:\/\/cheri-heater.com\/esp\/wp-json\/wp\/v2\/product_brand?post=1106"},{"taxonomy":"product_cat","embeddable":true,"href":"https:\/\/cheri-heater.com\/esp\/wp-json\/wp\/v2\/product_cat?post=1106"},{"taxonomy":"product_tag","embeddable":true,"href":"https:\/\/cheri-heater.com\/esp\/wp-json\/wp\/v2\/product_tag?post=1106"}],"curies":[{"name":"wp","href":"https:\/\/api.w.org\/{rel}","templated":true}]}}