{"id":1118,"date":"2024-06-05T17:12:41","date_gmt":"2024-06-05T17:12:41","guid":{"rendered":"https:\/\/cheri-heater.com\/esp\/?post_type=product&#038;p=1118"},"modified":"2024-07-30T03:21:26","modified_gmt":"2024-07-30T03:21:26","slug":"spring-thermocouple","status":"publish","type":"product","link":"https:\/\/cheri-heater.com\/esp\/product\/spring-thermocouple\/","title":{"rendered":"Termopar de resorte"},"content":{"rendered":"<p class=\"western\" align=\"justify\"><span style=\"color: #333333;\"><span style=\"font-family: Arial, sans-serif;\"><span style=\"font-size: medium;\">Puede medir directamente la temperatura superficial de s\u00f3lidos en el rango de 0~400\u2103 y -200~400\u2103 en varios procesos de producci\u00f3n. Tiene un tama\u00f1o peque\u00f1o, una r\u00e1pida respuesta t\u00e9rmica, y un cable de retardo largo que puede ser doblado arbitrariamente, estructura simple y f\u00e1cil de usar, entre otras caracter\u00edsticas. Es adecuado para maquinaria pl\u00e1stica, textiles, la industria alimentaria, etc.<\/span><\/span><\/span><\/p>\n<p><img fetchpriority=\"high\" decoding=\"async\" class=\"aligncenter size-full wp-image-1121\" src=\"https:\/\/cheri-heater.com\/esp\/wp-content\/uploads\/2024\/06\/description-1-3.jpg\" alt=\"\" width=\"790\" height=\"1018\" srcset=\"https:\/\/cheri-heater.com\/esp\/wp-content\/uploads\/2024\/06\/description-1-3.jpg 790w, https:\/\/cheri-heater.com\/esp\/wp-content\/uploads\/2024\/06\/description-1-3-600x773.jpg 600w, https:\/\/cheri-heater.com\/esp\/wp-content\/uploads\/2024\/06\/description-1-3-233x300.jpg 233w, https:\/\/cheri-heater.com\/esp\/wp-content\/uploads\/2024\/06\/description-1-3-768x990.jpg 768w\" sizes=\"(max-width: 790px) 100vw, 790px\" \/><\/p>\n<p><img decoding=\"async\" class=\"aligncenter size-full wp-image-1122 lazyload\" data-src=\"https:\/\/cheri-heater.com\/esp\/wp-content\/uploads\/2024\/06\/description-2-3.jpg\" alt=\"\" width=\"790\" height=\"462\" data-srcset=\"https:\/\/cheri-heater.com\/esp\/wp-content\/uploads\/2024\/06\/description-2-3.jpg 790w, https:\/\/cheri-heater.com\/esp\/wp-content\/uploads\/2024\/06\/description-2-3-600x351.jpg 600w, https:\/\/cheri-heater.com\/esp\/wp-content\/uploads\/2024\/06\/description-2-3-300x175.jpg 300w, https:\/\/cheri-heater.com\/esp\/wp-content\/uploads\/2024\/06\/description-2-3-768x449.jpg 768w\" data-sizes=\"(max-width: 790px) 100vw, 790px\" src=\"data:image\/svg+xml;base64,PHN2ZyB3aWR0aD0iMSIgaGVpZ2h0PSIxIiB4bWxucz0iaHR0cDovL3d3dy53My5vcmcvMjAwMC9zdmciPjwvc3ZnPg==\" style=\"--smush-placeholder-width: 790px; --smush-placeholder-aspect-ratio: 790\/462;\" \/><\/p>\n<p><img decoding=\"async\" class=\"aligncenter size-full wp-image-1123 lazyload\" data-src=\"https:\/\/cheri-heater.com\/esp\/wp-content\/uploads\/2024\/06\/description-3-2.jpg\" alt=\"\" width=\"790\" height=\"270\" data-srcset=\"https:\/\/cheri-heater.com\/esp\/wp-content\/uploads\/2024\/06\/description-3-2.jpg 790w, https:\/\/cheri-heater.com\/esp\/wp-content\/uploads\/2024\/06\/description-3-2-600x205.jpg 600w, https:\/\/cheri-heater.com\/esp\/wp-content\/uploads\/2024\/06\/description-3-2-300x103.jpg 300w, https:\/\/cheri-heater.com\/esp\/wp-content\/uploads\/2024\/06\/description-3-2-768x262.jpg 768w\" data-sizes=\"(max-width: 790px) 100vw, 790px\" src=\"data:image\/svg+xml;base64,PHN2ZyB3aWR0aD0iMSIgaGVpZ2h0PSIxIiB4bWxucz0iaHR0cDovL3d3dy53My5vcmcvMjAwMC9zdmciPjwvc3ZnPg==\" style=\"--smush-placeholder-width: 790px; --smush-placeholder-aspect-ratio: 790\/270;\" \/><\/p>\n","protected":false},"excerpt":{"rendered":"<p>Estos simples termopares peque\u00f1os y resistencias t\u00e9rmicas se utilizan como sensores de temperatura, generalmente en combinaci\u00f3n con instrumentos de visualizaci\u00f3n, instrumentos de registro y reguladores electr\u00f3nicos.<\/p>\n","protected":false},"featured_media":1119,"template":"","meta":[],"product_brand":[],"product_cat":[27],"product_tag":[],"class_list":{"0":"post-1118","1":"product","2":"type-product","3":"status-publish","4":"has-post-thumbnail","6":"product_cat-thermocouple","8":"first","9":"instock","10":"shipping-taxable","11":"product-type-simple"},"yoast_head":"<!-- This site is optimized with the Yoast SEO plugin v27.4 - https:\/\/yoast.com\/product\/yoast-seo-wordpress\/ -->\n<title>Fabricantes de termopares de resorte de calidad | Cheri-heater.com<\/title>\n<meta name=\"description\" content=\"Nuestros termopares de resorte de alto rendimiento, dise\u00f1ados para una detecci\u00f3n de temperatura flexible y confiable en diversas aplicaciones. Asegure mediciones precisas y consistentes con nuestros termopares de resorte duraderos y vers\u00e1tiles. \u00a1Compre ahora y mejore sus soluciones de monitoreo de temperatura!\" \/>\n<meta name=\"robots\" content=\"index, follow, max-snippet:-1, max-image-preview:large, max-video-preview:-1\" \/>\n<link rel=\"canonical\" href=\"https:\/\/cheri-heater.com\/esp\/product\/spring-thermocouple\/\" \/>\n<meta property=\"og:locale\" content=\"en_US\" \/>\n<meta property=\"og:type\" content=\"article\" \/>\n<meta property=\"og:title\" content=\"Fabricantes de termopares de resorte de calidad | Cheri-heater.com\" \/>\n<meta property=\"og:description\" content=\"Nuestros termopares de resorte de alto rendimiento, dise\u00f1ados para una detecci\u00f3n de temperatura flexible y confiable en diversas aplicaciones. Asegure mediciones precisas y consistentes con nuestros termopares de resorte duraderos y vers\u00e1tiles. \u00a1Compre ahora y mejore sus soluciones de monitoreo de temperatura!\" \/>\n<meta property=\"og:url\" content=\"https:\/\/cheri-heater.com\/esp\/product\/spring-thermocouple\/\" \/>\n<meta property=\"og:site_name\" content=\"Cheri Heater Technology Co.,Ltd.\" \/>\n<meta property=\"article:modified_time\" content=\"2024-07-30T03:21:26+00:00\" \/>\n<meta property=\"og:image\" content=\"https:\/\/cheri-heater.com\/esp\/wp-content\/uploads\/2024\/06\/front-1.jpg\" \/>\n\t<meta property=\"og:image:width\" content=\"720\" \/>\n\t<meta property=\"og:image:height\" content=\"720\" \/>\n\t<meta property=\"og:image:type\" content=\"image\/jpeg\" \/>\n<meta name=\"twitter:card\" content=\"summary_large_image\" \/>\n<meta name=\"twitter:label1\" content=\"Est. reading time\" \/>\n\t<meta name=\"twitter:data1\" content=\"2 minutes\" \/>\n<!-- \/ Yoast SEO plugin. -->","yoast_head_json":{"title":"Fabricantes de termopares de resorte de calidad | Cheri-heater.com","description":"Nuestros termopares de resorte de alto rendimiento, dise\u00f1ados para una detecci\u00f3n de temperatura flexible y confiable en diversas aplicaciones. Asegure mediciones precisas y consistentes con nuestros termopares de resorte duraderos y vers\u00e1tiles. \u00a1Compre ahora y mejore sus soluciones de monitoreo de temperatura!","robots":{"index":"index","follow":"follow","max-snippet":"max-snippet:-1","max-image-preview":"max-image-preview:large","max-video-preview":"max-video-preview:-1"},"canonical":"https:\/\/cheri-heater.com\/esp\/product\/spring-thermocouple\/","og_locale":"en_US","og_type":"article","og_title":"Fabricantes de termopares de resorte de calidad | Cheri-heater.com","og_description":"Nuestros termopares de resorte de alto rendimiento, dise\u00f1ados para una detecci\u00f3n de temperatura flexible y confiable en diversas aplicaciones. Asegure mediciones precisas y consistentes con nuestros termopares de resorte duraderos y vers\u00e1tiles. \u00a1Compre ahora y mejore sus soluciones de monitoreo de temperatura!","og_url":"https:\/\/cheri-heater.com\/esp\/product\/spring-thermocouple\/","og_site_name":"Cheri Heater Technology Co.,Ltd.","article_modified_time":"2024-07-30T03:21:26+00:00","og_image":[{"width":720,"height":720,"url":"https:\/\/cheri-heater.com\/esp\/wp-content\/uploads\/2024\/06\/front-1.jpg","type":"image\/jpeg"}],"twitter_card":"summary_large_image","twitter_misc":{"Est. reading time":"2 minutes"},"schema":{"@context":"https:\/\/schema.org","@graph":[{"@type":"WebPage","@id":"https:\/\/cheri-heater.com\/esp\/product\/spring-thermocouple\/","url":"https:\/\/cheri-heater.com\/esp\/product\/spring-thermocouple\/","name":"Fabricantes de termopares de resorte de calidad | Cheri-heater.com","isPartOf":{"@id":"https:\/\/cheri-heater.com\/esp\/#website"},"primaryImageOfPage":{"@id":"https:\/\/cheri-heater.com\/esp\/product\/spring-thermocouple\/#primaryimage"},"image":{"@id":"https:\/\/cheri-heater.com\/esp\/product\/spring-thermocouple\/#primaryimage"},"thumbnailUrl":"https:\/\/cheri-heater.com\/esp\/wp-content\/uploads\/2024\/06\/front-1.jpg","datePublished":"2024-06-05T17:12:41+00:00","dateModified":"2024-07-30T03:21:26+00:00","description":"Nuestros termopares de resorte de alto rendimiento, dise\u00f1ados para una detecci\u00f3n de temperatura flexible y confiable en diversas aplicaciones. Asegure mediciones precisas y consistentes con nuestros termopares de resorte duraderos y vers\u00e1tiles. \u00a1Compre ahora y mejore sus soluciones de monitoreo de temperatura!","breadcrumb":{"@id":"https:\/\/cheri-heater.com\/esp\/product\/spring-thermocouple\/#breadcrumb"},"inLanguage":"en-US","potentialAction":[{"@type":"ReadAction","target":["https:\/\/cheri-heater.com\/esp\/product\/spring-thermocouple\/"]}]},{"@type":"ImageObject","inLanguage":"en-US","@id":"https:\/\/cheri-heater.com\/esp\/product\/spring-thermocouple\/#primaryimage","url":"https:\/\/cheri-heater.com\/esp\/wp-content\/uploads\/2024\/06\/front-1.jpg","contentUrl":"https:\/\/cheri-heater.com\/esp\/wp-content\/uploads\/2024\/06\/front-1.jpg","width":720,"height":720},{"@type":"BreadcrumbList","@id":"https:\/\/cheri-heater.com\/esp\/product\/spring-thermocouple\/#breadcrumb","itemListElement":[{"@type":"ListItem","position":1,"name":"Home","item":"https:\/\/cheri-heater.com\/esp\/"},{"@type":"ListItem","position":2,"name":"Products","item":"https:\/\/cheri-heater.com\/esp\/products\/"},{"@type":"ListItem","position":3,"name":"Termopar de resorte"}]},{"@type":"WebSite","@id":"https:\/\/cheri-heater.com\/esp\/#website","url":"https:\/\/cheri-heater.com\/esp\/","name":"Cheri Heater Technology Co.,Ltd.","description":"","publisher":{"@id":"https:\/\/cheri-heater.com\/esp\/#organization"},"potentialAction":[{"@type":"SearchAction","target":{"@type":"EntryPoint","urlTemplate":"https:\/\/cheri-heater.com\/esp\/?s={search_term_string}"},"query-input":{"@type":"PropertyValueSpecification","valueRequired":true,"valueName":"search_term_string"}}],"inLanguage":"en-US"},{"@type":"Organization","@id":"https:\/\/cheri-heater.com\/esp\/#organization","name":"Cheri Heater Technology Co.,Ltd.","url":"https:\/\/cheri-heater.com\/esp\/","logo":{"@type":"ImageObject","inLanguage":"en-US","@id":"https:\/\/cheri-heater.com\/esp\/#\/schema\/logo\/image\/","url":"https:\/\/cheri-heater.com\/esp\/wp-content\/uploads\/2024\/06\/cropped-logo-resize.png","contentUrl":"https:\/\/cheri-heater.com\/esp\/wp-content\/uploads\/2024\/06\/cropped-logo-resize.png","width":346,"height":99,"caption":"Cheri Heater Technology Co.,Ltd."},"image":{"@id":"https:\/\/cheri-heater.com\/esp\/#\/schema\/logo\/image\/"}}]}},"_links":{"self":[{"href":"https:\/\/cheri-heater.com\/esp\/wp-json\/wp\/v2\/product\/1118","targetHints":{"allow":["GET"]}}],"collection":[{"href":"https:\/\/cheri-heater.com\/esp\/wp-json\/wp\/v2\/product"}],"about":[{"href":"https:\/\/cheri-heater.com\/esp\/wp-json\/wp\/v2\/types\/product"}],"wp:featuredmedia":[{"embeddable":true,"href":"https:\/\/cheri-heater.com\/esp\/wp-json\/wp\/v2\/media\/1119"}],"wp:attachment":[{"href":"https:\/\/cheri-heater.com\/esp\/wp-json\/wp\/v2\/media?parent=1118"}],"wp:term":[{"taxonomy":"product_brand","embeddable":true,"href":"https:\/\/cheri-heater.com\/esp\/wp-json\/wp\/v2\/product_brand?post=1118"},{"taxonomy":"product_cat","embeddable":true,"href":"https:\/\/cheri-heater.com\/esp\/wp-json\/wp\/v2\/product_cat?post=1118"},{"taxonomy":"product_tag","embeddable":true,"href":"https:\/\/cheri-heater.com\/esp\/wp-json\/wp\/v2\/product_tag?post=1118"}],"curies":[{"name":"wp","href":"https:\/\/api.w.org\/{rel}","templated":true}]}}