{"id":1126,"date":"2024-06-05T17:21:32","date_gmt":"2024-06-05T17:21:32","guid":{"rendered":"https:\/\/cheri-heater.com\/esp\/?post_type=product&#038;p=1126"},"modified":"2024-07-30T03:23:24","modified_gmt":"2024-07-30T03:23:24","slug":"flange-tubular-heater","status":"publish","type":"product","link":"https:\/\/cheri-heater.com\/esp\/product\/flange-tubular-heater\/","title":{"rendered":"Calentadores tubulares con brida"},"content":{"rendered":"<table width=\"750\" cellspacing=\"0\" cellpadding=\"0\">\n<tbody>\n<tr valign=\"top\">\n<td bgcolor=\"#f3f4f8\" width=\"226\">\n<p class=\"western\" align=\"left\"><span style=\"font-family: \u9ed1\u4f53;\"><span style=\"font-size: medium;\"><span style=\"color: #333333;\">Nombre del Producto<\/span><\/span><\/span><\/p>\n<\/td>\n<td bgcolor=\"#f7f8fa\" width=\"522\">\n<p class=\"western\" align=\"left\"><span style=\"font-family: \u9ed1\u4f53;\"><span style=\"font-size: medium;\"><span style=\"color: #333333;\">Calentador de Inmersi\u00f3n con Flange<\/span><\/span><\/span><\/p>\n<\/td>\n<\/tr>\n<tr valign=\"top\">\n<td bgcolor=\"#f3f4f8\" width=\"226\">\n<p class=\"western\" align=\"left\"><span style=\"font-family: \u9ed1\u4f53;\"><span style=\"font-size: medium;\"><span style=\"color: #333333;\">Tolerancia de Potencia<\/span><\/span><\/span><\/p>\n<\/td>\n<td bgcolor=\"#ffffff\" width=\"522\">\n<p class=\"western\" align=\"left\"><span style=\"font-family: \u9ed1\u4f53;\"><span style=\"font-size: medium;\"><span style=\"color: #333333;\">+5%, -10%<\/span><\/span><\/span><\/p>\n<\/td>\n<\/tr>\n<tr valign=\"top\">\n<td bgcolor=\"#f3f4f8\" width=\"226\">\n<p class=\"western\" align=\"left\"><span style=\"font-family: \u9ed1\u4f53;\"><span style=\"font-size: medium;\"><span style=\"color: #333333;\">Tolerancia de Resistencia<\/span><\/span><\/span><\/p>\n<\/td>\n<td bgcolor=\"#f7f8fa\" width=\"522\">\n<p class=\"western\" align=\"left\"><span style=\"font-family: \u9ed1\u4f53;\"><span style=\"font-size: medium;\"><span style=\"color: #333333;\">+10%, -5%<\/span><\/span><\/span><\/p>\n<\/td>\n<\/tr>\n<tr valign=\"top\">\n<td bgcolor=\"#f3f4f8\" width=\"226\">\n<p class=\"western\" align=\"left\"><span style=\"font-family: \u9ed1\u4f53;\"><span style=\"font-size: medium;\"><span style=\"color: #333333;\">Resistencia de Aislamiento (fr\u00edo)<\/span><\/span><\/span><\/p>\n<\/td>\n<td bgcolor=\"#ffffff\" width=\"522\">\n<p class=\"western\" align=\"left\"><span style=\"color: #333333;\">\u2265 <span style=\"font-family: \u9ed1\u4f53;\"><span style=\"font-size: medium;\">500 M\u03a9<\/span><\/span><\/span><\/p>\n<\/td>\n<\/tr>\n<tr valign=\"top\">\n<td bgcolor=\"#f3f4f8\" width=\"226\">\n<p class=\"western\" align=\"left\"><span style=\"font-family: \u9ed1\u4f53;\"><span style=\"font-size: medium;\"><span style=\"color: #333333;\">Corriente de fuga m\u00e1xima (fr\u00edo)<\/span><\/span><\/span><\/p>\n<\/td>\n<td bgcolor=\"#f7f8fa\" width=\"522\">\n<p class=\"western\" align=\"left\"><span style=\"color: #333333;\">\u2264 <span style=\"font-family: \u9ed1\u4f53;\"><span style=\"font-size: medium;\">0.5 mA<\/span><\/span><\/span><\/p>\n<\/td>\n<\/tr>\n<tr valign=\"top\">\n<td bgcolor=\"#f3f4f8\" width=\"226\">\n<p class=\"western\" align=\"left\"><span style=\"font-family: \u9ed1\u4f53;\"><span style=\"font-size: medium;\"><span style=\"color: #333333;\">Di\u00e1metro del Tubo<\/span><\/span><\/span><\/p>\n<\/td>\n<td bgcolor=\"#ffffff\" width=\"522\">\n<p class=\"western\" align=\"left\"><span style=\"font-family: \u9ed1\u4f53;\"><span style=\"font-size: medium;\"><span style=\"color: #333333;\">\u03a66.5mm-\u03a620mm<\/span><\/span><\/span><\/p>\n<\/td>\n<\/tr>\n<tr valign=\"top\">\n<td bgcolor=\"#f3f4f8\" width=\"226\">\n<p class=\"western\" align=\"left\"><span style=\"font-family: \u9ed1\u4f53;\"><span style=\"font-size: medium;\"><span style=\"color: #333333;\">Material de Aislamiento<\/span><\/span><\/span><\/p>\n<\/td>\n<td bgcolor=\"#f7f8fa\" width=\"522\">\n<p class=\"western\" align=\"left\"><span style=\"font-family: \u9ed1\u4f53;\"><span style=\"font-size: medium;\"><span style=\"color: #333333;\">MgO de alta pureza<\/span><\/span><\/span><\/p>\n<\/td>\n<\/tr>\n<tr valign=\"top\">\n<td bgcolor=\"#f3f4f8\" width=\"226\">\n<p class=\"western\" align=\"left\"><span style=\"font-family: \u9ed1\u4f53;\"><span style=\"font-size: medium;\"><span style=\"color: #333333;\">Elemento de Alambre de Resistencia<\/span><\/span><\/span><\/p>\n<\/td>\n<td bgcolor=\"#ffffff\" width=\"522\">\n<p class=\"western\" align=\"left\"><span style=\"font-family: \u9ed1\u4f53;\"><span style=\"font-size: medium;\"><span style=\"color: #333333;\">Ni-Cr o FeCr<\/span><\/span><\/span><\/p>\n<\/td>\n<\/tr>\n<tr valign=\"top\">\n<td bgcolor=\"#f3f4f8\" width=\"226\">\n<p class=\"western\" align=\"left\"><span style=\"font-family: \u9ed1\u4f53;\"><span style=\"font-size: medium;\"><span style=\"color: #333333;\">Opciones de Conexi\u00f3n de Cables<\/span><\/span><\/span><\/p>\n<\/td>\n<td bgcolor=\"#f7f8fa\" width=\"522\">\n<p class=\"western\" align=\"left\"><span style=\"font-family: \u9ed1\u4f53;\"><span style=\"font-size: medium;\"><span style=\"color: #333333;\">Cables crimpados o prensados<\/span><\/span><\/span><\/p>\n<\/td>\n<\/tr>\n<tr valign=\"top\">\n<td bgcolor=\"#f3f4f8\" width=\"226\">\n<p class=\"western\" align=\"left\"><span style=\"font-family: \u9ed1\u4f53;\"><span style=\"font-size: medium;\"><span style=\"color: #333333;\">Voltaje y Potencia<\/span><\/span><\/span><\/p>\n<\/td>\n<td bgcolor=\"#ffffff\" width=\"522\">\n<p class=\"western\" align=\"left\"><span style=\"font-family: \u9ed1\u4f53;\"><span style=\"font-size: medium;\"><span style=\"color: #333333;\">personalizado<\/span><\/span><\/span><\/p>\n<\/td>\n<\/tr>\n<tr valign=\"top\">\n<td bgcolor=\"#f3f4f8\" width=\"226\">\n<p class=\"western\" align=\"left\"><span style=\"font-family: \u9ed1\u4f53;\"><span style=\"font-size: medium;\"><span style=\"color: #333333;\">Garant\u00eda<\/span><\/span><\/span><\/p>\n<\/td>\n<td bgcolor=\"#f7f8fa\" width=\"522\">\n<p class=\"western\" align=\"left\"><span style=\"font-family: \u9ed1\u4f53;\"><span style=\"font-size: medium;\"><span style=\"color: #333333;\">un a\u00f1o<\/span><\/span><\/span><\/p>\n<\/td>\n<\/tr>\n<tr valign=\"top\">\n<td bgcolor=\"#f3f4f8\" width=\"226\">\n<p class=\"western\" align=\"left\"><span style=\"font-family: \u9ed1\u4f53;\"><span style=\"font-size: medium;\"><span style=\"color: #333333;\">Material<\/span><\/span><\/span><\/p>\n<\/td>\n<td bgcolor=\"#ffffff\" width=\"522\">\n<p class=\"western\" align=\"left\"><span style=\"font-family: \u9ed1\u4f53;\"><span style=\"font-size: medium;\"><span style=\"color: #333333;\">SUS304 SUS321 SUS316 y otras personalizaciones<\/span><\/span><\/span><\/p>\n<\/td>\n<\/tr>\n<tr valign=\"top\">\n<td bgcolor=\"#f3f4f8\" width=\"226\">\n<p class=\"western\" align=\"left\"><span style=\"font-family: \u9ed1\u4f53;\"><span style=\"font-size: medium;\"><span style=\"color: #333333;\">Tama\u00f1o de Rosca<\/span><\/span><\/span><\/p>\n<\/td>\n<td bgcolor=\"#f7f8fa\" width=\"522\">\n<p class=\"western\" align=\"left\"><span style=\"font-family: \u9ed1\u4f53;\"><span style=\"font-size: medium;\"><span style=\"color: #333333;\">1&#8243;, 1.25&#8243;, 1.5&#8243;, 2&#8243;, 2.5&#8243; y otras personalizaciones<\/span><\/span><\/span><\/p>\n<\/td>\n<\/tr>\n<tr valign=\"top\">\n<td bgcolor=\"#f3f4f8\" width=\"226\">\n<p class=\"western\" align=\"left\"><span style=\"font-family: \u9ed1\u4f53;\"><span style=\"font-size: medium;\"><span style=\"color: #333333;\">Longitud del Tubo<\/span><\/span><\/span><\/p>\n<\/td>\n<td bgcolor=\"#ffffff\" width=\"522\">\n<p class=\"western\" align=\"left\"><span style=\"color: #333333;\">\u2265<span style=\"font-family: \u9ed1\u4f53;\"><span style=\"font-size: medium;\">200mm<\/span><\/span><\/span><\/p>\n<\/td>\n<\/tr>\n<tr valign=\"top\">\n<td bgcolor=\"#f3f4f8\" width=\"226\">\n<p class=\"western\" align=\"left\"><span style=\"font-family: \u9ed1\u4f53;\"><span style=\"font-size: medium;\"><span style=\"color: #333333;\">Potencia<\/span><\/span><\/span><\/p>\n<\/td>\n<td bgcolor=\"#f7f8fa\" width=\"522\">\n<p class=\"western\" align=\"left\"><span style=\"color: #333333;\">\u2265<span style=\"font-family: \u9ed1\u4f53;\"><span style=\"font-size: medium;\">12V<\/span><\/span><\/span><\/p>\n<\/td>\n<\/tr>\n<tr valign=\"top\">\n<td bgcolor=\"#f3f4f8\" width=\"226\">\n<p class=\"western\" align=\"left\"><span style=\"font-family: \u9ed1\u4f53;\"><span style=\"font-size: medium;\"><span style=\"color: #333333;\">Potencia<\/span><\/span><\/span><\/p>\n<\/td>\n<td bgcolor=\"#ffffff\" width=\"522\">\n<p class=\"western\" align=\"left\"><span style=\"font-family: \u9ed1\u4f53;\"><span style=\"font-size: medium;\"><span style=\"color: #333333;\">1-12w\/cm2<\/span><\/span><\/span><\/p>\n<\/td>\n<\/tr>\n<tr valign=\"top\">\n<td bgcolor=\"#f3f4f8\" width=\"226\">\n<p class=\"western\" align=\"left\"><span style=\"font-family: \u9ed1\u4f53;\"><span style=\"font-size: medium;\"><span style=\"color: #333333;\">Forma<\/span><\/span><\/span><\/p>\n<\/td>\n<td bgcolor=\"#f7f8fa\" width=\"522\">\n<p class=\"western\" align=\"left\"><span style=\"font-family: \u9ed1\u4f53;\"><span style=\"font-size: medium;\"><span style=\"color: #333333;\">personalizado seg\u00fan el dibujo<\/span><\/span><\/span><\/p>\n<\/td>\n<\/tr>\n<tr valign=\"top\">\n<td bgcolor=\"#f3f4f8\" width=\"226\">\n<p class=\"western\" align=\"left\"><span style=\"font-family: \u9ed1\u4f53;\"><span style=\"font-size: medium;\"><span style=\"color: #333333;\">Tipo y Conexi\u00f3n de Cables<\/span><\/span><\/span><\/p>\n<\/td>\n<td bgcolor=\"#ffffff\" width=\"522\">\n<p class=\"western\" align=\"left\"><span style=\"font-family: \u9ed1\u4f53;\"><span style=\"font-size: medium;\"><span style=\"color: #333333;\">10&#8243; Fibra de Vidrio Est\u00e1ndar (Opciones de cable, fibra de vidrio de alta temperatura con silicona)<\/span><\/span><\/span><\/p>\n<\/td>\n<\/tr>\n<tr valign=\"top\">\n<td bgcolor=\"#f3f4f8\" width=\"226\">\n<p class=\"western\" align=\"left\"><span style=\"font-family: \u9ed1\u4f53;\"><span style=\"font-size: medium;\"><span style=\"color: #333333;\">Tama\u00f1o del Flange<\/span><\/span><\/span><\/p>\n<\/td>\n<td bgcolor=\"#f7f8fa\" width=\"522\">\n<p class=\"western\" align=\"left\"><span style=\"color: #333333;\"><span style=\"font-family: \u9ed1\u4f53;\"><span style=\"font-size: medium;\"><span lang=\"en-US\">Flanges roscados <\/span><\/span><\/span><span style=\"font-family: \u5b8b\u4f53;\"><span lang=\"zh-CN\"><span style=\"font-family: \u9ed1\u4f53;\"><span style=\"font-size: medium;\">\uff08<\/span><\/span><\/span><\/span><span style=\"font-family: \u9ed1\u4f53;\"><span style=\"font-size: medium;\"><span lang=\"en-US\">NPT \/BSP:1.5&#8243;\/2&#8243;\/2.5&#8243;\/1.25&#8243; <\/span><\/span><\/span><span style=\"font-family: \u5b8b\u4f53;\"><span lang=\"zh-CN\"><span style=\"font-family: \u9ed1\u4f53;\"><span style=\"font-size: medium;\">\uff09<\/span><\/span><\/span><\/span><span style=\"font-family: \u9ed1\u4f53;\"><span style=\"font-size: medium;\"><span lang=\"en-US\">Flange redondo: DN25\/DN50\/DN100<br \/>\nOtras formas personalizadas<\/span><\/span><\/span><\/span><\/p>\n<\/td>\n<\/tr>\n<tr>\n<td colspan=\"2\" valign=\"top\" bgcolor=\"#f3f4f8\" width=\"748\">\n<p class=\"western\" align=\"center\"><span style=\"font-family: \u9ed1\u4f53;\"><span style=\"font-size: medium;\"><span style=\"color: #333333;\">Incluye calentadores de inmersi\u00f3n con flange, calentadores de flange a prueba de explosiones, calentadores de flange anticorrosi\u00f3n, etc.<\/span><\/span><\/span><\/p>\n<\/td>\n<\/tr>\n<\/tbody>\n<\/table>\n<p align=\"left\"><span style=\"font-family: Arial, sans-serif;\"><span style=\"font-size: small;\"><span style=\"color: #333333;\">Los elementos calefactores tubulares se utilizan para casi todos los tipos de dispositivos de calefacci\u00f3n. Son f\u00e1ciles de formar y presentan la m\u00e1xima estabilidad mec\u00e1nica y propiedades el\u00e9ctricas al mismo tiempo.<\/span><\/span><\/span><\/p>\n<p align=\"left\"><span style=\"font-family: Arial, sans-serif;\"><span style=\"font-size: small;\"><span style=\"color: #333333;\">Aunque los elementos calefactores tubulares son t\u00e9cnicamente bastante maduros y universales, existen varias soluciones innovadoras nuevas para muchas aplicaciones.<\/span><\/span><\/span><\/p>\n<p align=\"left\"><span style=\"font-family: Arial, sans-serif;\"><span style=\"font-size: small;\"><span style=\"color: #333333;\">Los elementos calefactores tubulares roscables son est\u00e1ndar para su uso en l\u00edquidos como el agua.<\/span><\/span><\/span><\/p>\n<p align=\"left\"><span style=\"color: #333333;\"><span style=\"font-family: Arial, sans-serif;\"><span style=\"font-size: small;\"><span style=\"font-size: medium;\">Los elementos calefactores tubulares son f\u00e1ciles de instalar, controlar y mantener, con dise\u00f1o \u00fanico seg\u00fan sus requisitos. Para ambientes corrosivos, est\u00e1n disponibles materiales de titanio o elementos calefactores tubulares con cables de Tefl\u00f3n adicionales.<\/span><\/span><\/span><\/span><\/p>\n<p><img fetchpriority=\"high\" decoding=\"async\" class=\"aligncenter size-full wp-image-1151\" src=\"https:\/\/cheri-heater.com\/esp\/wp-content\/uploads\/2024\/06\/description-5.jpg\" alt=\"\" width=\"682\" height=\"477\" srcset=\"https:\/\/cheri-heater.com\/esp\/wp-content\/uploads\/2024\/06\/description-5.jpg 682w, https:\/\/cheri-heater.com\/esp\/wp-content\/uploads\/2024\/06\/description-5-600x420.jpg 600w, https:\/\/cheri-heater.com\/esp\/wp-content\/uploads\/2024\/06\/description-5-300x210.jpg 300w\" sizes=\"(max-width: 682px) 100vw, 682px\" \/><\/p>\n","protected":false},"excerpt":{"rendered":"<p>Los elementos calefactores tubulares se utilizan para casi todos los tipos de aparatos de calefacci\u00f3n. Son f\u00e1ciles de formar y cuentan con la mayor estabilidad mec\u00e1nica y propiedades el\u00e9ctricas al mismo tiempo.<\/p>\n","protected":false},"featured_media":1147,"template":"","meta":[],"product_brand":[],"product_cat":[28],"product_tag":[],"class_list":{"0":"post-1126","1":"product","2":"type-product","3":"status-publish","4":"has-post-thumbnail","6":"product_cat-tubular-heater","8":"first","9":"instock","10":"shipping-taxable","11":"product-type-simple"},"yoast_head":"<!-- This site is optimized with the Yoast SEO plugin v27.3 - https:\/\/yoast.com\/product\/yoast-seo-wordpress\/ -->\n<title>Principales calentadores tubulares con brida | Soluciones de calefacci\u00f3n industrial confiables<\/title>\n<meta name=\"description\" content=\"Los mejores calentadores tubulares con brida para una calefacci\u00f3n industrial confiable y eficiente. Nuestros calentadores de alta calidad ofrecen un rendimiento excepcional y durabilidad para una variedad de aplicaciones. Obtenga orientaci\u00f3n experta y un servicio al cliente destacado para encontrar la soluci\u00f3n de calefacci\u00f3n perfecta. \u00a1Explore nuestra selecci\u00f3n hoy mismo!\" \/>\n<meta name=\"robots\" content=\"index, follow, max-snippet:-1, max-image-preview:large, max-video-preview:-1\" \/>\n<link rel=\"canonical\" href=\"https:\/\/cheri-heater.com\/esp\/product\/flange-tubular-heater\/\" \/>\n<meta property=\"og:locale\" content=\"en_US\" \/>\n<meta property=\"og:type\" content=\"article\" \/>\n<meta property=\"og:title\" content=\"Principales calentadores tubulares con brida | Soluciones de calefacci\u00f3n industrial confiables\" \/>\n<meta property=\"og:description\" content=\"Los mejores calentadores tubulares con brida para una calefacci\u00f3n industrial confiable y eficiente. Nuestros calentadores de alta calidad ofrecen un rendimiento excepcional y durabilidad para una variedad de aplicaciones. Obtenga orientaci\u00f3n experta y un servicio al cliente destacado para encontrar la soluci\u00f3n de calefacci\u00f3n perfecta. \u00a1Explore nuestra selecci\u00f3n hoy mismo!\" \/>\n<meta property=\"og:url\" content=\"https:\/\/cheri-heater.com\/esp\/product\/flange-tubular-heater\/\" \/>\n<meta property=\"og:site_name\" content=\"Cheri Heater Technology Co.,Ltd.\" \/>\n<meta property=\"article:modified_time\" content=\"2024-07-30T03:23:24+00:00\" \/>\n<meta property=\"og:image\" content=\"https:\/\/cheri-heater.com\/esp\/wp-content\/uploads\/2024\/06\/front-1-1.jpg\" \/>\n\t<meta property=\"og:image:width\" content=\"760\" \/>\n\t<meta property=\"og:image:height\" content=\"760\" \/>\n\t<meta property=\"og:image:type\" content=\"image\/jpeg\" \/>\n<meta name=\"twitter:card\" content=\"summary_large_image\" \/>\n<meta name=\"twitter:label1\" content=\"Est. reading time\" \/>\n\t<meta name=\"twitter:data1\" content=\"2 minutes\" \/>\n<!-- \/ Yoast SEO plugin. -->","yoast_head_json":{"title":"Principales calentadores tubulares con brida | Soluciones de calefacci\u00f3n industrial confiables","description":"Los mejores calentadores tubulares con brida para una calefacci\u00f3n industrial confiable y eficiente. Nuestros calentadores de alta calidad ofrecen un rendimiento excepcional y durabilidad para una variedad de aplicaciones. Obtenga orientaci\u00f3n experta y un servicio al cliente destacado para encontrar la soluci\u00f3n de calefacci\u00f3n perfecta. \u00a1Explore nuestra selecci\u00f3n hoy mismo!","robots":{"index":"index","follow":"follow","max-snippet":"max-snippet:-1","max-image-preview":"max-image-preview:large","max-video-preview":"max-video-preview:-1"},"canonical":"https:\/\/cheri-heater.com\/esp\/product\/flange-tubular-heater\/","og_locale":"en_US","og_type":"article","og_title":"Principales calentadores tubulares con brida | Soluciones de calefacci\u00f3n industrial confiables","og_description":"Los mejores calentadores tubulares con brida para una calefacci\u00f3n industrial confiable y eficiente. Nuestros calentadores de alta calidad ofrecen un rendimiento excepcional y durabilidad para una variedad de aplicaciones. Obtenga orientaci\u00f3n experta y un servicio al cliente destacado para encontrar la soluci\u00f3n de calefacci\u00f3n perfecta. \u00a1Explore nuestra selecci\u00f3n hoy mismo!","og_url":"https:\/\/cheri-heater.com\/esp\/product\/flange-tubular-heater\/","og_site_name":"Cheri Heater Technology Co.,Ltd.","article_modified_time":"2024-07-30T03:23:24+00:00","og_image":[{"width":760,"height":760,"url":"https:\/\/cheri-heater.com\/esp\/wp-content\/uploads\/2024\/06\/front-1-1.jpg","type":"image\/jpeg"}],"twitter_card":"summary_large_image","twitter_misc":{"Est. reading time":"2 minutes"},"schema":{"@context":"https:\/\/schema.org","@graph":[{"@type":"WebPage","@id":"https:\/\/cheri-heater.com\/esp\/product\/flange-tubular-heater\/","url":"https:\/\/cheri-heater.com\/esp\/product\/flange-tubular-heater\/","name":"Principales calentadores tubulares con brida | Soluciones de calefacci\u00f3n industrial confiables","isPartOf":{"@id":"https:\/\/cheri-heater.com\/esp\/#website"},"primaryImageOfPage":{"@id":"https:\/\/cheri-heater.com\/esp\/product\/flange-tubular-heater\/#primaryimage"},"image":{"@id":"https:\/\/cheri-heater.com\/esp\/product\/flange-tubular-heater\/#primaryimage"},"thumbnailUrl":"https:\/\/cheri-heater.com\/esp\/wp-content\/uploads\/2024\/06\/front-1-1.jpg","datePublished":"2024-06-05T17:21:32+00:00","dateModified":"2024-07-30T03:23:24+00:00","description":"Los mejores calentadores tubulares con brida para una calefacci\u00f3n industrial confiable y eficiente. Nuestros calentadores de alta calidad ofrecen un rendimiento excepcional y durabilidad para una variedad de aplicaciones. Obtenga orientaci\u00f3n experta y un servicio al cliente destacado para encontrar la soluci\u00f3n de calefacci\u00f3n perfecta. \u00a1Explore nuestra selecci\u00f3n hoy mismo!","breadcrumb":{"@id":"https:\/\/cheri-heater.com\/esp\/product\/flange-tubular-heater\/#breadcrumb"},"inLanguage":"en-US","potentialAction":[{"@type":"ReadAction","target":["https:\/\/cheri-heater.com\/esp\/product\/flange-tubular-heater\/"]}]},{"@type":"ImageObject","inLanguage":"en-US","@id":"https:\/\/cheri-heater.com\/esp\/product\/flange-tubular-heater\/#primaryimage","url":"https:\/\/cheri-heater.com\/esp\/wp-content\/uploads\/2024\/06\/front-1-1.jpg","contentUrl":"https:\/\/cheri-heater.com\/esp\/wp-content\/uploads\/2024\/06\/front-1-1.jpg","width":760,"height":760},{"@type":"BreadcrumbList","@id":"https:\/\/cheri-heater.com\/esp\/product\/flange-tubular-heater\/#breadcrumb","itemListElement":[{"@type":"ListItem","position":1,"name":"Home","item":"https:\/\/cheri-heater.com\/esp\/"},{"@type":"ListItem","position":2,"name":"Products","item":"https:\/\/cheri-heater.com\/esp\/products\/"},{"@type":"ListItem","position":3,"name":"Calentadores tubulares con brida"}]},{"@type":"WebSite","@id":"https:\/\/cheri-heater.com\/esp\/#website","url":"https:\/\/cheri-heater.com\/esp\/","name":"Cheri Heater Technology Co.,Ltd.","description":"","publisher":{"@id":"https:\/\/cheri-heater.com\/esp\/#organization"},"potentialAction":[{"@type":"SearchAction","target":{"@type":"EntryPoint","urlTemplate":"https:\/\/cheri-heater.com\/esp\/?s={search_term_string}"},"query-input":{"@type":"PropertyValueSpecification","valueRequired":true,"valueName":"search_term_string"}}],"inLanguage":"en-US"},{"@type":"Organization","@id":"https:\/\/cheri-heater.com\/esp\/#organization","name":"Cheri Heater Technology Co.,Ltd.","url":"https:\/\/cheri-heater.com\/esp\/","logo":{"@type":"ImageObject","inLanguage":"en-US","@id":"https:\/\/cheri-heater.com\/esp\/#\/schema\/logo\/image\/","url":"https:\/\/cheri-heater.com\/esp\/wp-content\/uploads\/2024\/06\/cropped-logo-resize.png","contentUrl":"https:\/\/cheri-heater.com\/esp\/wp-content\/uploads\/2024\/06\/cropped-logo-resize.png","width":346,"height":99,"caption":"Cheri Heater Technology Co.,Ltd."},"image":{"@id":"https:\/\/cheri-heater.com\/esp\/#\/schema\/logo\/image\/"}}]}},"_links":{"self":[{"href":"https:\/\/cheri-heater.com\/esp\/wp-json\/wp\/v2\/product\/1126","targetHints":{"allow":["GET"]}}],"collection":[{"href":"https:\/\/cheri-heater.com\/esp\/wp-json\/wp\/v2\/product"}],"about":[{"href":"https:\/\/cheri-heater.com\/esp\/wp-json\/wp\/v2\/types\/product"}],"wp:featuredmedia":[{"embeddable":true,"href":"https:\/\/cheri-heater.com\/esp\/wp-json\/wp\/v2\/media\/1147"}],"wp:attachment":[{"href":"https:\/\/cheri-heater.com\/esp\/wp-json\/wp\/v2\/media?parent=1126"}],"wp:term":[{"taxonomy":"product_brand","embeddable":true,"href":"https:\/\/cheri-heater.com\/esp\/wp-json\/wp\/v2\/product_brand?post=1126"},{"taxonomy":"product_cat","embeddable":true,"href":"https:\/\/cheri-heater.com\/esp\/wp-json\/wp\/v2\/product_cat?post=1126"},{"taxonomy":"product_tag","embeddable":true,"href":"https:\/\/cheri-heater.com\/esp\/wp-json\/wp\/v2\/product_tag?post=1126"}],"curies":[{"name":"wp","href":"https:\/\/api.w.org\/{rel}","templated":true}]}}