{"id":1128,"date":"2024-06-05T17:25:30","date_gmt":"2024-06-05T17:25:30","guid":{"rendered":"https:\/\/cheri-heater.com\/esp\/?post_type=product&#038;p=1128"},"modified":"2024-07-30T03:26:46","modified_gmt":"2024-07-30T03:26:46","slug":"quatz-infrared-tube-heater","status":"publish","type":"product","link":"https:\/\/cheri-heater.com\/esp\/product\/quatz-infrared-tube-heater\/","title":{"rendered":"Calentadores de Tubos de Infraestructura de Cuarzo"},"content":{"rendered":"<p class=\"western\" align=\"left\"><span style=\"font-family: Helvetica, Arial, sans-serif;\"><span style=\"font-size: medium;\"><span style=\"color: #222222;\">Lugar de Origen<\/span><\/span><\/span><\/p>\n<p class=\"western\" align=\"left\"><span style=\"font-family: Helvetica, Arial, sans-serif;\"><span style=\"font-size: medium;\"><span style=\"color: #222222;\">Jiangsu, China<\/span><\/span><\/span><\/p>\n<p class=\"western\" align=\"left\"><span style=\"font-family: Helvetica, Arial, sans-serif;\"><span style=\"font-size: medium;\"><span style=\"color: #222222;\">Tipo<\/span><\/span><\/span><\/p>\n<p class=\"western\" align=\"left\"><span style=\"font-family: Helvetica, Arial, sans-serif;\"><span style=\"font-size: medium;\"><span style=\"color: #222222;\">Partes de Calentador El\u00e9ctrico<\/span><\/span><\/span><\/p>\n<p class=\"western\" align=\"left\"><span style=\"font-family: Helvetica, Arial, sans-serif;\"><span style=\"font-size: medium;\"><span style=\"color: #222222;\">Nombre de la Marca<\/span><\/span><\/span><\/p>\n<p class=\"western\" align=\"left\"><span style=\"font-family: Helvetica, Arial, sans-serif;\"><span style=\"font-size: medium;\"><span style=\"color: #222222;\">Cheri<\/span><\/span><\/span><\/p>\n<p class=\"western\" align=\"left\"><span style=\"font-family: Helvetica, Arial, sans-serif;\"><span style=\"font-size: medium;\"><span style=\"color: #222222;\">N\u00famero de Modelo<\/span><\/span><\/span><\/p>\n<p class=\"western\" align=\"left\"><span style=\"font-family: Helvetica, Arial, sans-serif;\"><span style=\"font-size: medium;\"><span style=\"color: #222222;\">Elemento de Calentamiento de Cuarzo<\/span><\/span><\/span><\/p>\n<p class=\"western\" align=\"left\"><span style=\"font-family: Helvetica, Arial, sans-serif;\"><span style=\"font-size: medium;\"><span style=\"color: #222222;\">Nombre del Producto<\/span><\/span><\/span><\/p>\n<p class=\"western\" align=\"left\"><span style=\"font-family: Helvetica, Arial, sans-serif;\"><span style=\"font-size: medium;\"><span style=\"color: #222222;\">Elemento de Calentamiento de Cuarzo de Infrarrojo Lejano<\/span><\/span><\/span><\/p>\n<p class=\"western\" align=\"left\"><span style=\"font-family: Helvetica, Arial, sans-serif;\"><span style=\"font-size: medium;\"><span style=\"color: #222222;\">Aplicaci\u00f3n<\/span><\/span><\/span><\/p>\n<p class=\"western\" align=\"left\"><span style=\"font-family: Helvetica, Arial, sans-serif;\"><span style=\"font-size: medium;\"><span style=\"color: #222222;\">Pl\u00e1stico, Cuero, Impresi\u00f3n, Industrial<\/span><\/span><\/span><\/p>\n<p class=\"western\" align=\"left\"><span style=\"font-family: Helvetica, Arial, sans-serif;\"><span style=\"font-size: medium;\"><span style=\"color: #222222;\">Tiempo de Funcionamiento<\/span><\/span><\/span><\/p>\n<p class=\"western\" align=\"left\"><span style=\"font-family: Helvetica, Arial, sans-serif;\"><span style=\"font-size: medium;\"><span style=\"color: #222222;\">M\u00e1s de 5000 Horas<\/span><\/span><\/span><\/p>\n<p class=\"western\" align=\"left\"><span style=\"font-family: Helvetica, Arial, sans-serif;\"><span style=\"font-size: medium;\"><span style=\"color: #222222;\">Color<\/span><\/span><\/span><\/p>\n<p class=\"western\" align=\"left\"><span style=\"font-family: Helvetica, Arial, sans-serif;\"><span style=\"font-size: medium;\"><span style=\"color: #222222;\">Blanco, Dorado, Rojo<\/span><\/span><\/span><\/p>\n<p class=\"western\" align=\"left\"><span style=\"font-family: Helvetica, Arial, sans-serif;\"><span style=\"font-size: medium;\"><span style=\"color: #222222;\">Cable de Calentamiento<\/span><\/span><\/span><\/p>\n<p class=\"western\" align=\"left\"><span style=\"font-family: Helvetica, Arial, sans-serif;\"><span style=\"font-size: medium;\"><span style=\"color: #222222;\">Alcromo<\/span><\/span><\/span><\/p>\n<p class=\"western\" align=\"left\"><span style=\"font-family: Helvetica, Arial, sans-serif;\"><span style=\"font-size: medium;\"><span style=\"color: #222222;\">Temperatura del Color<\/span><\/span><\/span><\/p>\n<p class=\"western\" align=\"left\"><span style=\"font-family: Helvetica, Arial, sans-serif;\"><span style=\"font-size: medium;\"><span style=\"color: #222222;\">1800K<\/span><\/span><\/span><\/p>\n<p class=\"western\" align=\"left\"><span style=\"font-family: Helvetica, Arial, sans-serif;\"><span style=\"font-size: medium;\"><span style=\"color: #222222;\">Di\u00e1metro<\/span><\/span><\/span><\/p>\n<p class=\"western\" align=\"left\"><span style=\"font-family: Helvetica, Arial, sans-serif;\"><span style=\"font-size: medium;\"><span style=\"color: #222222;\">8-20mm<\/span><\/span><\/span><\/p>\n<p class=\"western\" align=\"left\"><span style=\"font-family: Helvetica, Arial, sans-serif;\"><span style=\"font-size: medium;\"><span style=\"color: #222222;\">Potencia<\/span><\/span><\/span><\/p>\n<p class=\"western\" align=\"left\"><span style=\"font-family: Helvetica, Arial, sans-serif;\"><span style=\"font-size: medium;\"><span style=\"color: #222222;\">100-3000W<\/span><\/span><\/span><\/p>\n<p class=\"western\" align=\"left\"><span style=\"font-family: Helvetica, Arial, sans-serif;\"><span style=\"font-size: medium;\"><span style=\"color: #222222;\">Longitud<\/span><\/span><\/span><\/p>\n<p class=\"western\" align=\"left\"><span style=\"font-family: Helvetica, Arial, sans-serif;\"><span style=\"font-size: medium;\"><span style=\"color: #222222;\">100-3000mm<\/span><\/span><\/span><\/p>\n<p align=\"left\"><img fetchpriority=\"high\" decoding=\"async\" class=\"aligncenter size-full wp-image-1160\" src=\"https:\/\/cheri-heater.com\/esp\/wp-content\/uploads\/2024\/06\/description-6-scaled.jpg\" alt=\"\" width=\"454\" height=\"2560\" srcset=\"https:\/\/cheri-heater.com\/esp\/wp-content\/uploads\/2024\/06\/description-6-scaled.jpg 454w, https:\/\/cheri-heater.com\/esp\/wp-content\/uploads\/2024\/06\/description-6-53x300.jpg 53w\" sizes=\"(max-width: 454px) 100vw, 454px\" \/><\/p>\n","protected":false},"excerpt":{"rendered":"<p>Lugar de Origen Jiangsu, China Tipo Partes de Calentador El\u00e9ctrico Nombre de la Marca Cheri N\u00famero de Modelo Elemento de Calentamiento de Cuarzo Nombre del Producto Elemento de Calentamiento de Cuarzo de Infrarrojo Lejano Aplicaci\u00f3n Pl\u00e1stico, Cuero, Impresi\u00f3n, Industrial Tiempo de Funcionamiento M\u00e1s de 5000 Horas Color Blanco, Dorado, Rojo Cable de Calentamiento Alcromo Temperatura [&hellip;]<\/p>\n","protected":false},"featured_media":1158,"template":"","meta":[],"product_brand":[],"product_cat":[28],"product_tag":[],"class_list":{"0":"post-1128","1":"product","2":"type-product","3":"status-publish","4":"has-post-thumbnail","6":"product_cat-tubular-heater","8":"first","9":"instock","10":"shipping-taxable","11":"product-type-simple"},"yoast_head":"<!-- This site is optimized with the Yoast SEO plugin v27.3 - https:\/\/yoast.com\/product\/yoast-seo-wordpress\/ -->\n<title>Mejores Calentadores de Tubos de Infraestructura de Cuarzo | Soluciones de Calefacci\u00f3n Eficientes<\/title>\n<meta name=\"description\" content=\"Mejores Calentadores de Tubos de Infraestructura de Cuarzo para soluciones de calefacci\u00f3n eficientes y efectivas. Nuestros calentadores de alta calidad ofrecen un rendimiento r\u00e1pido y energ\u00e9ticamente eficiente para diversas aplicaciones. Obt\u00e9n asesoramiento experto y un servicio al cliente excepcional para encontrar el producto perfecto para tus necesidades. \u00a1Explora nuestra selecci\u00f3n hoy mismo!\" \/>\n<meta name=\"robots\" content=\"index, follow, max-snippet:-1, max-image-preview:large, max-video-preview:-1\" \/>\n<link rel=\"canonical\" href=\"https:\/\/cheri-heater.com\/esp\/product\/quatz-infrared-tube-heater\/\" \/>\n<meta property=\"og:locale\" content=\"en_US\" \/>\n<meta property=\"og:type\" content=\"article\" \/>\n<meta property=\"og:title\" content=\"Mejores Calentadores de Tubos de Infraestructura de Cuarzo | Soluciones de Calefacci\u00f3n Eficientes\" \/>\n<meta property=\"og:description\" content=\"Mejores Calentadores de Tubos de Infraestructura de Cuarzo para soluciones de calefacci\u00f3n eficientes y efectivas. Nuestros calentadores de alta calidad ofrecen un rendimiento r\u00e1pido y energ\u00e9ticamente eficiente para diversas aplicaciones. Obt\u00e9n asesoramiento experto y un servicio al cliente excepcional para encontrar el producto perfecto para tus necesidades. \u00a1Explora nuestra selecci\u00f3n hoy mismo!\" \/>\n<meta property=\"og:url\" content=\"https:\/\/cheri-heater.com\/esp\/product\/quatz-infrared-tube-heater\/\" \/>\n<meta property=\"og:site_name\" content=\"Cheri Heater Technology Co.,Ltd.\" \/>\n<meta property=\"article:modified_time\" content=\"2024-07-30T03:26:46+00:00\" \/>\n<meta property=\"og:image\" content=\"https:\/\/cheri-heater.com\/esp\/wp-content\/uploads\/2024\/06\/H0437ce83668549aabe81d9e1366bafc9u.jpg_720x720q50.jpg\" \/>\n\t<meta property=\"og:image:width\" content=\"720\" \/>\n\t<meta property=\"og:image:height\" content=\"720\" \/>\n\t<meta property=\"og:image:type\" content=\"image\/jpeg\" \/>\n<meta name=\"twitter:card\" content=\"summary_large_image\" \/>\n<meta name=\"twitter:label1\" content=\"Est. reading time\" \/>\n\t<meta name=\"twitter:data1\" content=\"1 minute\" \/>\n<!-- \/ Yoast SEO plugin. -->","yoast_head_json":{"title":"Mejores Calentadores de Tubos de Infraestructura de Cuarzo | Soluciones de Calefacci\u00f3n Eficientes","description":"Mejores Calentadores de Tubos de Infraestructura de Cuarzo para soluciones de calefacci\u00f3n eficientes y efectivas. Nuestros calentadores de alta calidad ofrecen un rendimiento r\u00e1pido y energ\u00e9ticamente eficiente para diversas aplicaciones. Obt\u00e9n asesoramiento experto y un servicio al cliente excepcional para encontrar el producto perfecto para tus necesidades. \u00a1Explora nuestra selecci\u00f3n hoy mismo!","robots":{"index":"index","follow":"follow","max-snippet":"max-snippet:-1","max-image-preview":"max-image-preview:large","max-video-preview":"max-video-preview:-1"},"canonical":"https:\/\/cheri-heater.com\/esp\/product\/quatz-infrared-tube-heater\/","og_locale":"en_US","og_type":"article","og_title":"Mejores Calentadores de Tubos de Infraestructura de Cuarzo | Soluciones de Calefacci\u00f3n Eficientes","og_description":"Mejores Calentadores de Tubos de Infraestructura de Cuarzo para soluciones de calefacci\u00f3n eficientes y efectivas. Nuestros calentadores de alta calidad ofrecen un rendimiento r\u00e1pido y energ\u00e9ticamente eficiente para diversas aplicaciones. Obt\u00e9n asesoramiento experto y un servicio al cliente excepcional para encontrar el producto perfecto para tus necesidades. \u00a1Explora nuestra selecci\u00f3n hoy mismo!","og_url":"https:\/\/cheri-heater.com\/esp\/product\/quatz-infrared-tube-heater\/","og_site_name":"Cheri Heater Technology Co.,Ltd.","article_modified_time":"2024-07-30T03:26:46+00:00","og_image":[{"width":720,"height":720,"url":"https:\/\/cheri-heater.com\/esp\/wp-content\/uploads\/2024\/06\/H0437ce83668549aabe81d9e1366bafc9u.jpg_720x720q50.jpg","type":"image\/jpeg"}],"twitter_card":"summary_large_image","twitter_misc":{"Est. reading time":"1 minute"},"schema":{"@context":"https:\/\/schema.org","@graph":[{"@type":"WebPage","@id":"https:\/\/cheri-heater.com\/esp\/product\/quatz-infrared-tube-heater\/","url":"https:\/\/cheri-heater.com\/esp\/product\/quatz-infrared-tube-heater\/","name":"Mejores Calentadores de Tubos de Infraestructura de Cuarzo | Soluciones de Calefacci\u00f3n Eficientes","isPartOf":{"@id":"https:\/\/cheri-heater.com\/esp\/#website"},"primaryImageOfPage":{"@id":"https:\/\/cheri-heater.com\/esp\/product\/quatz-infrared-tube-heater\/#primaryimage"},"image":{"@id":"https:\/\/cheri-heater.com\/esp\/product\/quatz-infrared-tube-heater\/#primaryimage"},"thumbnailUrl":"https:\/\/cheri-heater.com\/esp\/wp-content\/uploads\/2024\/06\/H0437ce83668549aabe81d9e1366bafc9u.jpg_720x720q50.jpg","datePublished":"2024-06-05T17:25:30+00:00","dateModified":"2024-07-30T03:26:46+00:00","description":"Mejores Calentadores de Tubos de Infraestructura de Cuarzo para soluciones de calefacci\u00f3n eficientes y efectivas. Nuestros calentadores de alta calidad ofrecen un rendimiento r\u00e1pido y energ\u00e9ticamente eficiente para diversas aplicaciones. Obt\u00e9n asesoramiento experto y un servicio al cliente excepcional para encontrar el producto perfecto para tus necesidades. \u00a1Explora nuestra selecci\u00f3n hoy mismo!","breadcrumb":{"@id":"https:\/\/cheri-heater.com\/esp\/product\/quatz-infrared-tube-heater\/#breadcrumb"},"inLanguage":"en-US","potentialAction":[{"@type":"ReadAction","target":["https:\/\/cheri-heater.com\/esp\/product\/quatz-infrared-tube-heater\/"]}]},{"@type":"ImageObject","inLanguage":"en-US","@id":"https:\/\/cheri-heater.com\/esp\/product\/quatz-infrared-tube-heater\/#primaryimage","url":"https:\/\/cheri-heater.com\/esp\/wp-content\/uploads\/2024\/06\/H0437ce83668549aabe81d9e1366bafc9u.jpg_720x720q50.jpg","contentUrl":"https:\/\/cheri-heater.com\/esp\/wp-content\/uploads\/2024\/06\/H0437ce83668549aabe81d9e1366bafc9u.jpg_720x720q50.jpg","width":720,"height":720},{"@type":"BreadcrumbList","@id":"https:\/\/cheri-heater.com\/esp\/product\/quatz-infrared-tube-heater\/#breadcrumb","itemListElement":[{"@type":"ListItem","position":1,"name":"Home","item":"https:\/\/cheri-heater.com\/esp\/"},{"@type":"ListItem","position":2,"name":"Products","item":"https:\/\/cheri-heater.com\/esp\/products\/"},{"@type":"ListItem","position":3,"name":"Calentadores de Tubos de Infraestructura de Cuarzo"}]},{"@type":"WebSite","@id":"https:\/\/cheri-heater.com\/esp\/#website","url":"https:\/\/cheri-heater.com\/esp\/","name":"Cheri Heater Technology Co.,Ltd.","description":"","publisher":{"@id":"https:\/\/cheri-heater.com\/esp\/#organization"},"potentialAction":[{"@type":"SearchAction","target":{"@type":"EntryPoint","urlTemplate":"https:\/\/cheri-heater.com\/esp\/?s={search_term_string}"},"query-input":{"@type":"PropertyValueSpecification","valueRequired":true,"valueName":"search_term_string"}}],"inLanguage":"en-US"},{"@type":"Organization","@id":"https:\/\/cheri-heater.com\/esp\/#organization","name":"Cheri Heater Technology Co.,Ltd.","url":"https:\/\/cheri-heater.com\/esp\/","logo":{"@type":"ImageObject","inLanguage":"en-US","@id":"https:\/\/cheri-heater.com\/esp\/#\/schema\/logo\/image\/","url":"https:\/\/cheri-heater.com\/esp\/wp-content\/uploads\/2024\/06\/cropped-logo-resize.png","contentUrl":"https:\/\/cheri-heater.com\/esp\/wp-content\/uploads\/2024\/06\/cropped-logo-resize.png","width":346,"height":99,"caption":"Cheri Heater Technology Co.,Ltd."},"image":{"@id":"https:\/\/cheri-heater.com\/esp\/#\/schema\/logo\/image\/"}}]}},"_links":{"self":[{"href":"https:\/\/cheri-heater.com\/esp\/wp-json\/wp\/v2\/product\/1128","targetHints":{"allow":["GET"]}}],"collection":[{"href":"https:\/\/cheri-heater.com\/esp\/wp-json\/wp\/v2\/product"}],"about":[{"href":"https:\/\/cheri-heater.com\/esp\/wp-json\/wp\/v2\/types\/product"}],"wp:featuredmedia":[{"embeddable":true,"href":"https:\/\/cheri-heater.com\/esp\/wp-json\/wp\/v2\/media\/1158"}],"wp:attachment":[{"href":"https:\/\/cheri-heater.com\/esp\/wp-json\/wp\/v2\/media?parent=1128"}],"wp:term":[{"taxonomy":"product_brand","embeddable":true,"href":"https:\/\/cheri-heater.com\/esp\/wp-json\/wp\/v2\/product_brand?post=1128"},{"taxonomy":"product_cat","embeddable":true,"href":"https:\/\/cheri-heater.com\/esp\/wp-json\/wp\/v2\/product_cat?post=1128"},{"taxonomy":"product_tag","embeddable":true,"href":"https:\/\/cheri-heater.com\/esp\/wp-json\/wp\/v2\/product_tag?post=1128"}],"curies":[{"name":"wp","href":"https:\/\/api.w.org\/{rel}","templated":true}]}}