{"id":1129,"date":"2024-06-05T17:26:49","date_gmt":"2024-06-05T17:26:49","guid":{"rendered":"https:\/\/cheri-heater.com\/esp\/?post_type=product&#038;p=1129"},"modified":"2024-07-30T03:25:14","modified_gmt":"2024-07-30T03:25:14","slug":"thread-tubular-heater","status":"publish","type":"product","link":"https:\/\/cheri-heater.com\/esp\/product\/thread-tubular-heater\/","title":{"rendered":"Calentador Tubular con Rosca"},"content":{"rendered":"<p align=\"left\"><span style=\"font-family: Arial, sans-serif;\"><span style=\"font-size: medium;\"><span style=\"color: #333333;\">Una amplia selecci\u00f3n de tama\u00f1os de enchufes roscados, clasificaciones en kilovatios, voltajes, materiales de funda, cajas de terminales y termostatos hacen que estos calentadores compactos sean ideales para todo tipo de aplicaciones.<\/span><\/span><\/span><\/p>\n<table width=\"750\" cellspacing=\"0\" cellpadding=\"0\">\n<tbody>\n<tr valign=\"top\">\n<td width=\"179\">\n<p class=\"western\" align=\"left\"><span style=\"font-size: large;\"><b><span style=\"font-family: \u5b8b\u4f53;\">Nombre del Producto<\/span><\/b><\/span><\/p>\n<\/td>\n<td width=\"569\">\n<p class=\"western\" align=\"left\"><span style=\"font-family: \u5b8b\u4f53;\"><span style=\"font-size: large;\"><span lang=\"en-US\">Calentador de Inmersi\u00f3n Tubular Roscado<\/span><\/span><\/span><\/p>\n<\/td>\n<\/tr>\n<tr valign=\"top\">\n<td width=\"179\">\n<p class=\"western\" align=\"left\"><span style=\"font-size: large;\"><b><span style=\"font-family: \u5b8b\u4f53;\">Ventaja<\/span><\/b><\/span><\/p>\n<\/td>\n<td width=\"569\">\n<p class=\"western\" align=\"left\"><span style=\"font-size: large;\"><span style=\"font-family: \u5b8b\u4f53;\">alta temperatura de trabajo y larga vida \u00fatil<\/span><\/span><\/p>\n<\/td>\n<\/tr>\n<tr valign=\"top\">\n<td width=\"179\">\n<p class=\"western\" align=\"left\"><span style=\"font-size: large;\"><b><span style=\"font-family: \u5b8b\u4f53;\">Certificaci\u00f3n<\/span><\/b><\/span><\/p>\n<\/td>\n<td width=\"569\">\n<p class=\"western\" align=\"left\"><span style=\"font-family: \u5b8b\u4f53;\"><span style=\"font-size: large;\">CE<\/span><\/span><\/p>\n<\/td>\n<\/tr>\n<tr valign=\"top\">\n<td width=\"179\">\n<p class=\"western\" align=\"left\"><span style=\"font-size: large;\"><b><span style=\"font-family: \u5b8b\u4f53;\">Elemento de Calentamiento<\/span><\/b><\/span><\/p>\n<\/td>\n<td width=\"569\">\n<p class=\"western\" align=\"left\"><span style=\"font-size: large;\"><span style=\"font-family: \u5b8b\u4f53;\">calentador de agua<\/span><\/span><\/p>\n<\/td>\n<\/tr>\n<tr valign=\"top\">\n<td width=\"179\">\n<p class=\"western\" align=\"left\"><span style=\"font-size: large;\"><b><span style=\"font-family: \u5b8b\u4f53;\">Voltaje<\/span><\/b><\/span><\/p>\n<\/td>\n<td width=\"569\">\n<p class=\"western\" align=\"left\"><span style=\"font-size: large;\"><span style=\"font-family: \u5b8b\u4f53;\">120V, 240V, 480V, 600V, etc.<\/span><\/span><\/p>\n<\/td>\n<\/tr>\n<tr valign=\"top\">\n<td width=\"179\">\n<p class=\"western\" align=\"left\"><span style=\"font-size: large;\"><b><span style=\"font-family: \u5b8b\u4f53;\">Potencia<\/span><\/b><\/span><\/p>\n<\/td>\n<td width=\"569\">\n<p class=\"western\" align=\"left\"><span style=\"font-family: \u5b8b\u4f53;\"><span style=\"font-size: large;\"><span lang=\"en-US\">50-15,000W, o personalizado<\/span><\/span><\/span><\/p>\n<\/td>\n<\/tr>\n<tr valign=\"top\">\n<td width=\"179\">\n<p class=\"western\" align=\"left\"><span style=\"font-size: large;\"><b><span style=\"font-family: \u5b8b\u4f53;\">Espesor<\/span><\/b><\/span><\/p>\n<\/td>\n<td width=\"569\">\n<p class=\"western\" align=\"left\"><span style=\"font-size: large;\"><span style=\"font-family: \u5b8b\u4f53;\">personalizado<\/span><\/span><\/p>\n<\/td>\n<\/tr>\n<tr valign=\"top\">\n<td width=\"179\">\n<p class=\"western\" align=\"left\"><span style=\"font-size: large;\"><b><span style=\"font-family: \u5b8b\u4f53;\">Fecha de Entrega<\/span><\/b><\/span><\/p>\n<\/td>\n<td width=\"569\">\n<p class=\"western\" align=\"left\"><span style=\"font-size: large;\"><span style=\"font-family: \u5b8b\u4f53;\">7-15 d\u00edas<\/span><\/span><\/p>\n<\/td>\n<\/tr>\n<tr valign=\"top\">\n<td width=\"179\">\n<p class=\"western\" align=\"left\"><span style=\"font-size: large;\"><b><span style=\"font-family: \u5b8b\u4f53;\">Garant\u00eda<\/span><\/b><\/span><\/p>\n<\/td>\n<td width=\"569\">\n<p class=\"western\" align=\"left\"><span style=\"font-size: large;\"><span style=\"font-fa\n\n<\/p>\n","protected":false},"excerpt":{"rendered":"<p>Calentadores tubulares de inmersi\u00f3n con brida para agua industrial el\u00e9ctricos con control de temperatura se instalan directamente a trav\u00e9s de una abertura roscada en la pared del tanque o mediante una uni\u00f3n de tuber\u00eda a juego o un acoplador a mitad. Los tama\u00f1os de los calentadores con tap\u00f3n roscado est\u00e1n disponibles con roscas de tuber\u00eda de 1&#8243;, 1-1\/4&#8243;, 1-1\/2&#8243;, 2&#8243; y 2-1\/2&#8243;.<\/p>\n","protected":false},"featured_media":1161,"template":"","meta":[],"product_brand":[],"product_cat":[28],"product_tag":[],"class_list":{"0":"post-1129","1":"product","2":"type-product","3":"status-publish","4":"has-post-thumbnail","6":"product_cat-tubular-heater","8":"first","9":"instock","10":"shipping-taxable","11":"product-type-simple"},"yoast_head":"<!-- This site is optimized with the Yoast SEO plugin v27.4 - https:\/\/yoast.com\/product\/yoast-seo-wordpress\/ -->\n<title>Calentador Tubular con Rosca Eficiente para Soluciones de Calefacci\u00f3n Confiables<\/title>\n<meta name=\"description\" content=\"Nuestros calentadores tubulares con rosca de alta calidad, dise\u00f1ados para soluciones de calefacci\u00f3n eficientes y confiables. Perfectos para diversas aplicaciones, nuestros calentadores garantizan un rendimiento y durabilidad \u00f3ptimos. \u00a1Explora ahora!\" \/>\n<meta name=\"robots\" content=\"index, follow, max-snippet:-1, max-image-preview:large, max-video-preview:-1\" \/>\n<link rel=\"canonical\" href=\"https:\/\/cheri-heater.com\/esp\/product\/thread-tubular-heater\/\" \/>\n<meta property=\"og:locale\" content=\"en_US\" \/>\n<meta property=\"og:type\" content=\"article\" \/>\n<meta property=\"og:title\" content=\"Calentador Tubular con Rosca Eficiente para Soluciones de Calefacci\u00f3n Confiables\" \/>\n<meta property=\"og:description\" content=\"Nuestros calentadores tubulares con rosca de alta calidad, dise\u00f1ados para soluciones de calefacci\u00f3n eficientes y confiables. Perfectos para diversas aplicaciones, nuestros calentadores garantizan un rendimiento y durabilidad \u00f3ptimos. \u00a1Explora ahora!\" \/>\n<meta property=\"og:url\" content=\"https:\/\/cheri-heater.com\/esp\/product\/thread-tubular-heater\/\" \/>\n<meta property=\"og:site_name\" content=\"Cheri Heater Technology Co.,Ltd.\" \/>\n<meta property=\"article:modified_time\" content=\"2024-07-30T03:25:14+00:00\" \/>\n<meta property=\"og:image\" content=\"https:\/\/cheri-heater.com\/esp\/wp-content\/uploads\/2024\/06\/Cheri-Electrothermal-Equipment-Limited-Company-5.jpg\" \/>\n\t<meta property=\"og:image:width\" content=\"712\" \/>\n\t<meta property=\"og:image:height\" content=\"579\" \/>\n\t<meta property=\"og:image:type\" content=\"image\/jpeg\" \/>\n<meta name=\"twitter:card\" content=\"summary_large_image\" \/>\n<meta name=\"twitter:label1\" content=\"Est. reading time\" \/>\n\t<meta name=\"twitter:data1\" content=\"1 minute\" \/>\n<!-- \/ Yoast SEO plugin. -->","yoast_head_json":{"title":"Calentador Tubular con Rosca Eficiente para Soluciones de Calefacci\u00f3n Confiables","description":"Nuestros calentadores tubulares con rosca de alta calidad, dise\u00f1ados para soluciones de calefacci\u00f3n eficientes y confiables. Perfectos para diversas aplicaciones, nuestros calentadores garantizan un rendimiento y durabilidad \u00f3ptimos. \u00a1Explora ahora!","robots":{"index":"index","follow":"follow","max-snippet":"max-snippet:-1","max-image-preview":"max-image-preview:large","max-video-preview":"max-video-preview:-1"},"canonical":"https:\/\/cheri-heater.com\/esp\/product\/thread-tubular-heater\/","og_locale":"en_US","og_type":"article","og_title":"Calentador Tubular con Rosca Eficiente para Soluciones de Calefacci\u00f3n Confiables","og_description":"Nuestros calentadores tubulares con rosca de alta calidad, dise\u00f1ados para soluciones de calefacci\u00f3n eficientes y confiables. Perfectos para diversas aplicaciones, nuestros calentadores garantizan un rendimiento y durabilidad \u00f3ptimos. \u00a1Explora ahora!","og_url":"https:\/\/cheri-heater.com\/esp\/product\/thread-tubular-heater\/","og_site_name":"Cheri Heater Technology Co.,Ltd.","article_modified_time":"2024-07-30T03:25:14+00:00","og_image":[{"width":712,"height":579,"url":"https:\/\/cheri-heater.com\/esp\/wp-content\/uploads\/2024\/06\/Cheri-Electrothermal-Equipment-Limited-Company-5.jpg","type":"image\/jpeg"}],"twitter_card":"summary_large_image","twitter_misc":{"Est. reading time":"1 minute"},"schema":{"@context":"https:\/\/schema.org","@graph":[{"@type":"WebPage","@id":"https:\/\/cheri-heater.com\/esp\/product\/thread-tubular-heater\/","url":"https:\/\/cheri-heater.com\/esp\/product\/thread-tubular-heater\/","name":"Calentador Tubular con Rosca Eficiente para Soluciones de Calefacci\u00f3n Confiables","isPartOf":{"@id":"https:\/\/cheri-heater.com\/esp\/#website"},"primaryImageOfPage":{"@id":"https:\/\/cheri-heater.com\/esp\/product\/thread-tubular-heater\/#primaryimage"},"image":{"@id":"https:\/\/cheri-heater.com\/esp\/product\/thread-tubular-heater\/#primaryimage"},"thumbnailUrl":"https:\/\/cheri-heater.com\/esp\/wp-content\/uploads\/2024\/06\/Cheri-Electrothermal-Equipment-Limited-Company-5.jpg","datePublished":"2024-06-05T17:26:49+00:00","dateModified":"2024-07-30T03:25:14+00:00","description":"Nuestros calentadores tubulares con rosca de alta calidad, dise\u00f1ados para soluciones de calefacci\u00f3n eficientes y confiables. Perfectos para diversas aplicaciones, nuestros calentadores garantizan un rendimiento y durabilidad \u00f3ptimos. \u00a1Explora ahora!","breadcrumb":{"@id":"https:\/\/cheri-heater.com\/esp\/product\/thread-tubular-heater\/#breadcrumb"},"inLanguage":"en-US","potentialAction":[{"@type":"ReadAction","target":["https:\/\/cheri-heater.com\/esp\/product\/thread-tubular-heater\/"]}]},{"@type":"ImageObject","inLanguage":"en-US","@id":"https:\/\/cheri-heater.com\/esp\/product\/thread-tubular-heater\/#primaryimage","url":"https:\/\/cheri-heater.com\/esp\/wp-content\/uploads\/2024\/06\/Cheri-Electrothermal-Equipment-Limited-Company-5.jpg","contentUrl":"https:\/\/cheri-heater.com\/esp\/wp-content\/uploads\/2024\/06\/Cheri-Electrothermal-Equipment-Limited-Company-5.jpg","width":712,"height":579},{"@type":"BreadcrumbList","@id":"https:\/\/cheri-heater.com\/esp\/product\/thread-tubular-heater\/#breadcrumb","itemListElement":[{"@type":"ListItem","position":1,"name":"Home","item":"https:\/\/cheri-heater.com\/esp\/"},{"@type":"ListItem","position":2,"name":"Products","item":"https:\/\/cheri-heater.com\/esp\/products\/"},{"@type":"ListItem","position":3,"name":"Calentador Tubular con Rosca"}]},{"@type":"WebSite","@id":"https:\/\/cheri-heater.com\/esp\/#website","url":"https:\/\/cheri-heater.com\/esp\/","name":"Cheri Heater Technology Co.,Ltd.","description":"","publisher":{"@id":"https:\/\/cheri-heater.com\/esp\/#organization"},"potentialAction":[{"@type":"SearchAction","target":{"@type":"EntryPoint","urlTemplate":"https:\/\/cheri-heater.com\/esp\/?s={search_term_string}"},"query-input":{"@type":"PropertyValueSpecification","valueRequired":true,"valueName":"search_term_string"}}],"inLanguage":"en-US"},{"@type":"Organization","@id":"https:\/\/cheri-heater.com\/esp\/#organization","name":"Cheri Heater Technology Co.,Ltd.","url":"https:\/\/cheri-heater.com\/esp\/","logo":{"@type":"ImageObject","inLanguage":"en-US","@id":"https:\/\/cheri-heater.com\/esp\/#\/schema\/logo\/image\/","url":"https:\/\/cheri-heater.com\/esp\/wp-content\/uploads\/2024\/06\/cropped-logo-resize.png","contentUrl":"https:\/\/cheri-heater.com\/esp\/wp-content\/uploads\/2024\/06\/cropped-logo-resize.png","width":346,"height":99,"caption":"Cheri Heater Technology Co.,Ltd."},"image":{"@id":"https:\/\/cheri-heater.com\/esp\/#\/schema\/logo\/image\/"}}]}},"_links":{"self":[{"href":"https:\/\/cheri-heater.com\/esp\/wp-json\/wp\/v2\/product\/1129","targetHints":{"allow":["GET"]}}],"collection":[{"href":"https:\/\/cheri-heater.com\/esp\/wp-json\/wp\/v2\/product"}],"about":[{"href":"https:\/\/cheri-heater.com\/esp\/wp-json\/wp\/v2\/types\/product"}],"wp:featuredmedia":[{"embeddable":true,"href":"https:\/\/cheri-heater.com\/esp\/wp-json\/wp\/v2\/media\/1161"}],"wp:attachment":[{"href":"https:\/\/cheri-heater.com\/esp\/wp-json\/wp\/v2\/media?parent=1129"}],"wp:term":[{"taxonomy":"product_brand","embeddable":true,"href":"https:\/\/cheri-heater.com\/esp\/wp-json\/wp\/v2\/product_brand?post=1129"},{"taxonomy":"product_cat","embeddable":true,"href":"https:\/\/cheri-heater.com\/esp\/wp-json\/wp\/v2\/product_cat?post=1129"},{"taxonomy":"product_tag","embeddable":true,"href":"https:\/\/cheri-heater.com\/esp\/wp-json\/wp\/v2\/product_tag?post=1129"}],"curies":[{"name":"wp","href":"https:\/\/api.w.org\/{rel}","templated":true}]}}