{"id":1896,"date":"2025-05-08T00:37:08","date_gmt":"2025-05-08T00:37:08","guid":{"rendered":"https:\/\/cheri-heater.com\/esp\/?post_type=product&#038;p=1896"},"modified":"2025-05-08T00:39:44","modified_gmt":"2025-05-08T00:39:44","slug":"elemento-calefactor-de-co2","status":"publish","type":"product","link":"https:\/\/cheri-heater.com\/esp\/product\/elemento-calefactor-de-co2\/","title":{"rendered":"Elemento Calefactor De CO2"},"content":{"rendered":"","protected":false},"excerpt":{"rendered":"<h2><b><span><span class=\"\">El mejor fabricante de elementos calefactores de CO2 en China<\/span><\/span><\/b><\/h2>\n<p><span>A medida que las industrias evolucionan, la necesidad de sistemas de calefacci\u00f3n fiables y rentables se vuelve primordial. Nuestro elemento calefactor de CO2 est\u00e1 dise\u00f1ado para satisfacer estas demandas y, al mismo tiempo, contribuir a un futuro m\u00e1s ecol\u00f3gico.<\/span><\/p>\n<h3><span><span class=\"VIpgJd-yAWNEb-VIpgJd-fmcmS-sn54Q\">\u00bfPor qu\u00e9 elegir nuestro elemento calentador de CO2?<\/span><\/span><\/h3>\n<h3><span>Eficiencia energ\u00e9tica inigualable<\/span><\/h3>\n<p><span>Nuestro elemento calentador de CO2 utiliza di\u00f3xido de carbono como refrigerante, logrando una eficiencia energ\u00e9tica excepcional.\u00a0<\/span><\/p>\n<ul>\n<li aria-level=\"1\"><span>Alto coeficiente de rendimiento (COP): experimente un COP que va de 2,6 a 5,5, lo que garantiza que obtendr\u00e1 m\u00e1s calor por cada kilovatio consumido.<\/span><\/li>\n<li aria-level=\"1\"><span>Costos operativos reducidos: la transici\u00f3n a nuestro elemento calentador de CO2 puede generar menores gastos operativos debido a una mayor eficiencia energ\u00e9tica.<\/span><\/li>\n<\/ul>\n<h3><span>Elemento calefactor de CO2 sostenible<\/span><\/h3>\n<p><span>Adopte la sostenibilidad con nuestro elemento calefactor de CO2. Al utilizar di\u00f3xido de carbono, un refrigerante con potencial cero de destrucci\u00f3n de la capa de ozono, nuestras soluciones de calefacci\u00f3n se alinean con sus objetivos de responsabilidad social corporativa.<\/span><\/p>\n<ul>\n<li aria-level=\"1\"><span>Refrigerante ecol\u00f3gico: el di\u00f3xido de carbono es abundante y seguro para el medio ambiente, lo que lo convierte en la opci\u00f3n ideal para las empresas centradas en reducir su huella ecol\u00f3gica.<\/span><\/li>\n<li aria-level=\"1\"><span>Apoyo a los objetivos de neutralidad de carbono: la implementaci\u00f3n de nuestros elementos calefactores de CO2 ayuda a su empresa a alcanzar sus objetivos de neutralidad de carbono de manera efectiva.<\/span><\/li>\n<\/ul>\n<h3><span>Aplicaciones vers\u00e1tiles<\/span><\/h3>\n<p><span>Nuestro elemento calefactor de CO2 es adecuado para una amplia gama de aplicaciones en diversas industrias:<\/span><\/p>\n<ul>\n<li aria-level=\"1\"><span>Procesamiento de alimentos: Caliente el agua de manera eficiente y mantenga temperaturas \u00f3ptimas para la seguridad alimentaria.<\/span><\/li>\n<li aria-level=\"1\"><span>Fabricaci\u00f3n: Ofrecemos soluciones de calefacci\u00f3n confiables para procesos de producci\u00f3n que requieren un control preciso de la temperatura.<\/span><\/li>\n<li aria-level=\"1\"><span>Hospitalidad: Mejorar las experiencias de los hu\u00e9spedes en hoteles y complejos tur\u00edsticos garantizando climas interiores confortables.<\/span><\/li>\n<\/ul>\n<h3><span>Tecnolog\u00eda avanzada en elementos calefactores de CO2<\/span><\/h3>\n<p><span>Cheri Heater integra tecnolog\u00eda de vanguardia en nuestros elementos calefactores de CO2, lo que garantiza un rendimiento confiable incluso en condiciones extremas.<\/span><\/p>\n<ul>\n<li aria-level=\"1\"><span>Capacidad para clima fr\u00edo: Nuestros sistemas funcionan de manera eficaz en temperaturas tan bajas como -4 \u00b0F, lo que los hace adecuados para diversos climas.<\/span><\/li>\n<li aria-level=\"1\"><span>Controles inteligentes: con sistemas de control avanzados, supervise y ajuste f\u00e1cilmente la configuraci\u00f3n de calefacci\u00f3n para un rendimiento \u00f3ptimo.<\/span><\/li>\n<\/ul>\n<h3><span>\u00a1Empieza hoy!<\/span><\/h3>\n<p><span>Elegir el elemento calefactor de CO2 de Cheri Heater significa invertir en un futuro sostenible y, al mismo tiempo, mejorar la eficiencia operativa de su negocio. Con un ahorro energ\u00e9tico inigualable, tecnolog\u00eda ecol\u00f3gica y aplicaciones vers\u00e1tiles, nuestros elementos calefactores de CO2 est\u00e1n dise\u00f1ados para satisfacer las necesidades de las industrias modernas.<\/span><\/p>\n","protected":false},"featured_media":1897,"template":"","meta":[],"product_brand":[],"product_cat":[21],"product_tag":[197],"class_list":{"0":"post-1896","1":"product","2":"type-product","3":"status-publish","4":"has-post-thumbnail","6":"product_cat-cartridge-heater","7":"product_tag-elemento-calefactor-de-co2","9":"first","10":"instock","11":"shipping-taxable","12":"product-type-simple"},"yoast_head":"<!-- This site is optimized with the Yoast SEO plugin v27.3 - https:\/\/yoast.com\/product\/yoast-seo-wordpress\/ -->\n<title>El mejor fabricante de elementos calefactores de CO2 en China<\/title>\n<meta name=\"description\" content=\"Fabricante l\u00edder de elementos calefactores de CO2 que ofrece soluciones de calefacci\u00f3n de alta calidad, eficientes y duraderas para aplicaciones industriales y comerciales.\" \/>\n<meta name=\"robots\" content=\"index, follow, max-snippet:-1, max-image-preview:large, max-video-preview:-1\" \/>\n<link rel=\"canonical\" href=\"https:\/\/cheri-heater.com\/esp\/product\/elemento-calefactor-de-co2\/\" \/>\n<meta property=\"og:locale\" content=\"en_US\" \/>\n<meta property=\"og:type\" content=\"article\" \/>\n<meta property=\"og:title\" content=\"El mejor fabricante de elementos calefactores de CO2 en China\" \/>\n<meta property=\"og:description\" content=\"Fabricante l\u00edder de elementos calefactores de CO2 que ofrece soluciones de calefacci\u00f3n de alta calidad, eficientes y duraderas para aplicaciones industriales y comerciales.\" \/>\n<meta property=\"og:url\" content=\"https:\/\/cheri-heater.com\/esp\/product\/elemento-calefactor-de-co2\/\" \/>\n<meta property=\"og:site_name\" content=\"Cheri Heater Technology Co.,Ltd.\" \/>\n<meta property=\"article:modified_time\" content=\"2025-05-08T00:39:44+00:00\" \/>\n<meta property=\"og:image\" content=\"https:\/\/cheri-heater.com\/esp\/wp-content\/uploads\/2025\/05\/CO1.jpg\" \/>\n\t<meta property=\"og:image:width\" content=\"750\" \/>\n\t<meta property=\"og:image:height\" content=\"650\" \/>\n\t<meta property=\"og:image:type\" content=\"image\/jpeg\" \/>\n<meta name=\"twitter:card\" content=\"summary_large_image\" \/>\n<meta name=\"twitter:label1\" content=\"Est. reading time\" \/>\n\t<meta name=\"twitter:data1\" content=\"1 minute\" \/>\n<!-- \/ Yoast SEO plugin. -->","yoast_head_json":{"title":"El mejor fabricante de elementos calefactores de CO2 en China","description":"Fabricante l\u00edder de elementos calefactores de CO2 que ofrece soluciones de calefacci\u00f3n de alta calidad, eficientes y duraderas para aplicaciones industriales y comerciales.","robots":{"index":"index","follow":"follow","max-snippet":"max-snippet:-1","max-image-preview":"max-image-preview:large","max-video-preview":"max-video-preview:-1"},"canonical":"https:\/\/cheri-heater.com\/esp\/product\/elemento-calefactor-de-co2\/","og_locale":"en_US","og_type":"article","og_title":"El mejor fabricante de elementos calefactores de CO2 en China","og_description":"Fabricante l\u00edder de elementos calefactores de CO2 que ofrece soluciones de calefacci\u00f3n de alta calidad, eficientes y duraderas para aplicaciones industriales y comerciales.","og_url":"https:\/\/cheri-heater.com\/esp\/product\/elemento-calefactor-de-co2\/","og_site_name":"Cheri Heater Technology Co.,Ltd.","article_modified_time":"2025-05-08T00:39:44+00:00","og_image":[{"width":750,"height":650,"url":"https:\/\/cheri-heater.com\/esp\/wp-content\/uploads\/2025\/05\/CO1.jpg","type":"image\/jpeg"}],"twitter_card":"summary_large_image","twitter_misc":{"Est. reading time":"1 minute"},"schema":{"@context":"https:\/\/schema.org","@graph":[{"@type":"WebPage","@id":"https:\/\/cheri-heater.com\/esp\/product\/elemento-calefactor-de-co2\/","url":"https:\/\/cheri-heater.com\/esp\/product\/elemento-calefactor-de-co2\/","name":"El mejor fabricante de elementos calefactores de CO2 en China","isPartOf":{"@id":"https:\/\/cheri-heater.com\/esp\/#website"},"primaryImageOfPage":{"@id":"https:\/\/cheri-heater.com\/esp\/product\/elemento-calefactor-de-co2\/#primaryimage"},"image":{"@id":"https:\/\/cheri-heater.com\/esp\/product\/elemento-calefactor-de-co2\/#primaryimage"},"thumbnailUrl":"https:\/\/cheri-heater.com\/esp\/wp-content\/uploads\/2025\/05\/CO1.jpg","datePublished":"2025-05-08T00:37:08+00:00","dateModified":"2025-05-08T00:39:44+00:00","description":"Fabricante l\u00edder de elementos calefactores de CO2 que ofrece soluciones de calefacci\u00f3n de alta calidad, eficientes y duraderas para aplicaciones industriales y comerciales.","breadcrumb":{"@id":"https:\/\/cheri-heater.com\/esp\/product\/elemento-calefactor-de-co2\/#breadcrumb"},"inLanguage":"en-US","potentialAction":[{"@type":"ReadAction","target":["https:\/\/cheri-heater.com\/esp\/product\/elemento-calefactor-de-co2\/"]}]},{"@type":"ImageObject","inLanguage":"en-US","@id":"https:\/\/cheri-heater.com\/esp\/product\/elemento-calefactor-de-co2\/#primaryimage","url":"https:\/\/cheri-heater.com\/esp\/wp-content\/uploads\/2025\/05\/CO1.jpg","contentUrl":"https:\/\/cheri-heater.com\/esp\/wp-content\/uploads\/2025\/05\/CO1.jpg","width":750,"height":650,"caption":"Elemento Calefactor De CO2"},{"@type":"BreadcrumbList","@id":"https:\/\/cheri-heater.com\/esp\/product\/elemento-calefactor-de-co2\/#breadcrumb","itemListElement":[{"@type":"ListItem","position":1,"name":"Home","item":"https:\/\/cheri-heater.com\/esp\/"},{"@type":"ListItem","position":2,"name":"Products","item":"https:\/\/cheri-heater.com\/esp\/products\/"},{"@type":"ListItem","position":3,"name":"Elemento Calefactor De CO2"}]},{"@type":"WebSite","@id":"https:\/\/cheri-heater.com\/esp\/#website","url":"https:\/\/cheri-heater.com\/esp\/","name":"Cheri Heater Technology Co.,Ltd.","description":"","publisher":{"@id":"https:\/\/cheri-heater.com\/esp\/#organization"},"potentialAction":[{"@type":"SearchAction","target":{"@type":"EntryPoint","urlTemplate":"https:\/\/cheri-heater.com\/esp\/?s={search_term_string}"},"query-input":{"@type":"PropertyValueSpecification","valueRequired":true,"valueName":"search_term_string"}}],"inLanguage":"en-US"},{"@type":"Organization","@id":"https:\/\/cheri-heater.com\/esp\/#organization","name":"Cheri Heater Technology Co.,Ltd.","url":"https:\/\/cheri-heater.com\/esp\/","logo":{"@type":"ImageObject","inLanguage":"en-US","@id":"https:\/\/cheri-heater.com\/esp\/#\/schema\/logo\/image\/","url":"https:\/\/cheri-heater.com\/esp\/wp-content\/uploads\/2024\/06\/cropped-logo-resize.png","contentUrl":"https:\/\/cheri-heater.com\/esp\/wp-content\/uploads\/2024\/06\/cropped-logo-resize.png","width":346,"height":99,"caption":"Cheri Heater Technology Co.,Ltd."},"image":{"@id":"https:\/\/cheri-heater.com\/esp\/#\/schema\/logo\/image\/"}}]}},"_links":{"self":[{"href":"https:\/\/cheri-heater.com\/esp\/wp-json\/wp\/v2\/product\/1896","targetHints":{"allow":["GET"]}}],"collection":[{"href":"https:\/\/cheri-heater.com\/esp\/wp-json\/wp\/v2\/product"}],"about":[{"href":"https:\/\/cheri-heater.com\/esp\/wp-json\/wp\/v2\/types\/product"}],"wp:featuredmedia":[{"embeddable":true,"href":"https:\/\/cheri-heater.com\/esp\/wp-json\/wp\/v2\/media\/1897"}],"wp:attachment":[{"href":"https:\/\/cheri-heater.com\/esp\/wp-json\/wp\/v2\/media?parent=1896"}],"wp:term":[{"taxonomy":"product_brand","embeddable":true,"href":"https:\/\/cheri-heater.com\/esp\/wp-json\/wp\/v2\/product_brand?post=1896"},{"taxonomy":"product_cat","embeddable":true,"href":"https:\/\/cheri-heater.com\/esp\/wp-json\/wp\/v2\/product_cat?post=1896"},{"taxonomy":"product_tag","embeddable":true,"href":"https:\/\/cheri-heater.com\/esp\/wp-json\/wp\/v2\/product_tag?post=1896"}],"curies":[{"name":"wp","href":"https:\/\/api.w.org\/{rel}","templated":true}]}}