{"id":1899,"date":"2025-05-08T00:50:09","date_gmt":"2025-05-08T00:50:09","guid":{"rendered":"https:\/\/cheri-heater.com\/esp\/?post_type=product&#038;p=1899"},"modified":"2025-05-08T00:51:50","modified_gmt":"2025-05-08T00:51:50","slug":"calentador-de-cartucho-de-cc","status":"publish","type":"product","link":"https:\/\/cheri-heater.com\/esp\/product\/calentador-de-cartucho-de-cc\/","title":{"rendered":"Calentador De Cartucho De CC"},"content":{"rendered":"","protected":false},"excerpt":{"rendered":"<h2><b><span class=\"\">Calentamiento de precisi\u00f3n con calentador de cartucho de CC<\/span><\/b><\/h2>\n<p>Cuando se trata de soluciones de calefacci\u00f3n de alto rendimiento, las empresas exigen fiabilidad y eficiencia.\u00a0<b>Los calentadores de cartucho de CC\u00a0<\/b>de Cheri Heater est\u00e1n dise\u00f1ados para ofrecer una transferencia de calor \u00f3ptima en aplicaciones industriales y comerciales. Tanto si fabrica componentes sensibles como si mantiene temperaturas precisas, nuestros calentadores de cartucho de CC ofrecen un rendimiento inigualable.<\/p>\n<p>La experiencia de Cheri Heater garantiza que cada producto cumpla con estrictos est\u00e1ndares de calidad. Si sus operaciones requieren calor constante con un consumo m\u00ednimo de energ\u00eda, nuestras soluciones de calentadores de cartucho de CC son la opci\u00f3n ideal.<\/p>\n<h3><b>\u00bfPor qu\u00e9 elegir el calentador de cartucho de CC de Cheri Heater?<\/b><\/h3>\n<h4><b>Rendimiento excepcional para aplicaciones industriales<\/b><\/h4>\n<p>El\u00a0<b>calentador de cartucho de CC\u00a0<\/b>de Cheri Heater est\u00e1 dise\u00f1ado para satisfacer las rigurosas exigencias de industrias como la automotriz, la aeroespacial, la de embalaje y muchas m\u00e1s. Su construcci\u00f3n duradera y su tecnolog\u00eda avanzada garantizan un calentamiento uniforme, lo que lo hace ideal para:<\/p>\n<ul>\n<li aria-level=\"1\">Moldeo de pl\u00e1stico<\/li>\n<li aria-level=\"1\">Equipos de sellado y corte<\/li>\n<li aria-level=\"1\">Estampado en caliente y gofrado<\/li>\n<li aria-level=\"1\">hornos industriales<\/li>\n<\/ul>\n<p>Con una distribuci\u00f3n de calor superior y tiempos de respuesta r\u00e1pidos, lograr\u00e1 una productividad incomparable.<\/p>\n<h3><b>Construido para durar<\/b><\/h3>\n<p>Fabricado con materiales de primera calidad, el\u00a0<b>calentador de cartucho de CC\u00a0<\/b>est\u00e1 dise\u00f1ado para una larga duraci\u00f3n. Su dise\u00f1o robusto soporta entornos industriales hostiles, garantizando una fiabilidad a largo plazo. El compromiso de Cheri Heater con la calidad se traduce en menos reemplazos y menores costos de mantenimiento para su negocio.<\/p>\n<h3><b>Soluciones de calefacci\u00f3n a medida con calentador de cartucho de CC<\/b><\/h3>\n<p>En Cheri Heater, sabemos que cada industria tiene requisitos \u00fanicos. Por eso, ofrecemos opciones personalizables para nuestros calentadores de cartucho de CC, que incluyen:<\/p>\n<ul>\n<li aria-level=\"1\">Diversos voltajes y potencias para adaptarse a su equipo.<\/li>\n<li aria-level=\"1\">Longitudes y di\u00e1metros personalizados para un ajuste perfecto.<\/li>\n<li aria-level=\"1\">Materiales de cable conductor y vaina opcionales para mayor protecci\u00f3n<\/li>\n<\/ul>\n<h3><b>Cheri Heater: Su socio de confianza en soluciones de calefacci\u00f3n<\/b><\/h3>\n<p>Al asociarse con Cheri Heater, no solo compra un producto; invierte en experiencia e innovaci\u00f3n. Nuestros calentadores de cartucho de CC cuentan con el respaldo de:<\/p>\n<ul>\n<li aria-level=\"1\">Soporte t\u00e9cnico integral<\/li>\n<li aria-level=\"1\">Entrega r\u00e1pida para minimizar el tiempo de inactividad<\/li>\n<li aria-level=\"1\">Precios competitivos sin comprometer la calidad.<\/li>\n<\/ul>\n<p>Nos enorgullecemos de ofrecer soluciones de calefacci\u00f3n que satisfacen las demandas cambiantes de las industrias modernas.<\/p>\n<p>\u00bfListo para actualizar? Contacte con Cheri Heater ahora y descubra c\u00f3mo nuestros calentadores de cartucho de CC pueden transformar sus procesos.<\/p>\n","protected":false},"featured_media":1900,"template":"","meta":[],"product_brand":[],"product_cat":[21],"product_tag":[198],"class_list":{"0":"post-1899","1":"product","2":"type-product","3":"status-publish","4":"has-post-thumbnail","6":"product_cat-cartridge-heater","7":"product_tag-calentador-de-cartucho-de-cc","9":"first","10":"instock","11":"shipping-taxable","12":"product-type-simple"},"yoast_head":"<!-- This site is optimized with the Yoast SEO plugin v27.3 - https:\/\/yoast.com\/product\/yoast-seo-wordpress\/ -->\n<title>Calentador de cartucho de CC de alta calidad | Cheri-heater.com<\/title>\n<meta name=\"description\" content=\"Calentadores de cartucho de CC premium para soluciones de calentamiento eficientes y precisas. Duraderos, fiables y personalizables para aplicaciones industriales y comerciales.\" \/>\n<meta name=\"robots\" content=\"index, follow, max-snippet:-1, max-image-preview:large, max-video-preview:-1\" \/>\n<link rel=\"canonical\" href=\"https:\/\/cheri-heater.com\/esp\/product\/calentador-de-cartucho-de-cc\/\" \/>\n<meta property=\"og:locale\" content=\"en_US\" \/>\n<meta property=\"og:type\" content=\"article\" \/>\n<meta property=\"og:title\" content=\"Calentador de cartucho de CC de alta calidad | Cheri-heater.com\" \/>\n<meta property=\"og:description\" content=\"Calentadores de cartucho de CC premium para soluciones de calentamiento eficientes y precisas. Duraderos, fiables y personalizables para aplicaciones industriales y comerciales.\" \/>\n<meta property=\"og:url\" content=\"https:\/\/cheri-heater.com\/esp\/product\/calentador-de-cartucho-de-cc\/\" \/>\n<meta property=\"og:site_name\" content=\"Cheri Heater Technology Co.,Ltd.\" \/>\n<meta property=\"article:modified_time\" content=\"2025-05-08T00:51:50+00:00\" \/>\n<meta property=\"og:image\" content=\"https:\/\/cheri-heater.com\/esp\/wp-content\/uploads\/2025\/05\/s-l500.jpg\" \/>\n\t<meta property=\"og:image:width\" content=\"500\" \/>\n\t<meta property=\"og:image:height\" content=\"500\" \/>\n\t<meta property=\"og:image:type\" content=\"image\/jpeg\" \/>\n<meta name=\"twitter:card\" content=\"summary_large_image\" \/>\n<meta name=\"twitter:label1\" content=\"Est. reading time\" \/>\n\t<meta name=\"twitter:data1\" content=\"1 minute\" \/>\n<!-- \/ Yoast SEO plugin. -->","yoast_head_json":{"title":"Calentador de cartucho de CC de alta calidad | Cheri-heater.com","description":"Calentadores de cartucho de CC premium para soluciones de calentamiento eficientes y precisas. Duraderos, fiables y personalizables para aplicaciones industriales y comerciales.","robots":{"index":"index","follow":"follow","max-snippet":"max-snippet:-1","max-image-preview":"max-image-preview:large","max-video-preview":"max-video-preview:-1"},"canonical":"https:\/\/cheri-heater.com\/esp\/product\/calentador-de-cartucho-de-cc\/","og_locale":"en_US","og_type":"article","og_title":"Calentador de cartucho de CC de alta calidad | Cheri-heater.com","og_description":"Calentadores de cartucho de CC premium para soluciones de calentamiento eficientes y precisas. Duraderos, fiables y personalizables para aplicaciones industriales y comerciales.","og_url":"https:\/\/cheri-heater.com\/esp\/product\/calentador-de-cartucho-de-cc\/","og_site_name":"Cheri Heater Technology Co.,Ltd.","article_modified_time":"2025-05-08T00:51:50+00:00","og_image":[{"width":500,"height":500,"url":"https:\/\/cheri-heater.com\/esp\/wp-content\/uploads\/2025\/05\/s-l500.jpg","type":"image\/jpeg"}],"twitter_card":"summary_large_image","twitter_misc":{"Est. reading time":"1 minute"},"schema":{"@context":"https:\/\/schema.org","@graph":[{"@type":"WebPage","@id":"https:\/\/cheri-heater.com\/esp\/product\/calentador-de-cartucho-de-cc\/","url":"https:\/\/cheri-heater.com\/esp\/product\/calentador-de-cartucho-de-cc\/","name":"Calentador de cartucho de CC de alta calidad | Cheri-heater.com","isPartOf":{"@id":"https:\/\/cheri-heater.com\/esp\/#website"},"primaryImageOfPage":{"@id":"https:\/\/cheri-heater.com\/esp\/product\/calentador-de-cartucho-de-cc\/#primaryimage"},"image":{"@id":"https:\/\/cheri-heater.com\/esp\/product\/calentador-de-cartucho-de-cc\/#primaryimage"},"thumbnailUrl":"https:\/\/cheri-heater.com\/esp\/wp-content\/uploads\/2025\/05\/s-l500.jpg","datePublished":"2025-05-08T00:50:09+00:00","dateModified":"2025-05-08T00:51:50+00:00","description":"Calentadores de cartucho de CC premium para soluciones de calentamiento eficientes y precisas. Duraderos, fiables y personalizables para aplicaciones industriales y comerciales.","breadcrumb":{"@id":"https:\/\/cheri-heater.com\/esp\/product\/calentador-de-cartucho-de-cc\/#breadcrumb"},"inLanguage":"en-US","potentialAction":[{"@type":"ReadAction","target":["https:\/\/cheri-heater.com\/esp\/product\/calentador-de-cartucho-de-cc\/"]}]},{"@type":"ImageObject","inLanguage":"en-US","@id":"https:\/\/cheri-heater.com\/esp\/product\/calentador-de-cartucho-de-cc\/#primaryimage","url":"https:\/\/cheri-heater.com\/esp\/wp-content\/uploads\/2025\/05\/s-l500.jpg","contentUrl":"https:\/\/cheri-heater.com\/esp\/wp-content\/uploads\/2025\/05\/s-l500.jpg","width":500,"height":500,"caption":"Calentador De Cartucho De CC"},{"@type":"BreadcrumbList","@id":"https:\/\/cheri-heater.com\/esp\/product\/calentador-de-cartucho-de-cc\/#breadcrumb","itemListElement":[{"@type":"ListItem","position":1,"name":"Home","item":"https:\/\/cheri-heater.com\/esp\/"},{"@type":"ListItem","position":2,"name":"Products","item":"https:\/\/cheri-heater.com\/esp\/products\/"},{"@type":"ListItem","position":3,"name":"Calentador De Cartucho De CC"}]},{"@type":"WebSite","@id":"https:\/\/cheri-heater.com\/esp\/#website","url":"https:\/\/cheri-heater.com\/esp\/","name":"Cheri Heater Technology Co.,Ltd.","description":"","publisher":{"@id":"https:\/\/cheri-heater.com\/esp\/#organization"},"potentialAction":[{"@type":"SearchAction","target":{"@type":"EntryPoint","urlTemplate":"https:\/\/cheri-heater.com\/esp\/?s={search_term_string}"},"query-input":{"@type":"PropertyValueSpecification","valueRequired":true,"valueName":"search_term_string"}}],"inLanguage":"en-US"},{"@type":"Organization","@id":"https:\/\/cheri-heater.com\/esp\/#organization","name":"Cheri Heater Technology Co.,Ltd.","url":"https:\/\/cheri-heater.com\/esp\/","logo":{"@type":"ImageObject","inLanguage":"en-US","@id":"https:\/\/cheri-heater.com\/esp\/#\/schema\/logo\/image\/","url":"https:\/\/cheri-heater.com\/esp\/wp-content\/uploads\/2024\/06\/cropped-logo-resize.png","contentUrl":"https:\/\/cheri-heater.com\/esp\/wp-content\/uploads\/2024\/06\/cropped-logo-resize.png","width":346,"height":99,"caption":"Cheri Heater Technology Co.,Ltd."},"image":{"@id":"https:\/\/cheri-heater.com\/esp\/#\/schema\/logo\/image\/"}}]}},"_links":{"self":[{"href":"https:\/\/cheri-heater.com\/esp\/wp-json\/wp\/v2\/product\/1899","targetHints":{"allow":["GET"]}}],"collection":[{"href":"https:\/\/cheri-heater.com\/esp\/wp-json\/wp\/v2\/product"}],"about":[{"href":"https:\/\/cheri-heater.com\/esp\/wp-json\/wp\/v2\/types\/product"}],"wp:featuredmedia":[{"embeddable":true,"href":"https:\/\/cheri-heater.com\/esp\/wp-json\/wp\/v2\/media\/1900"}],"wp:attachment":[{"href":"https:\/\/cheri-heater.com\/esp\/wp-json\/wp\/v2\/media?parent=1899"}],"wp:term":[{"taxonomy":"product_brand","embeddable":true,"href":"https:\/\/cheri-heater.com\/esp\/wp-json\/wp\/v2\/product_brand?post=1899"},{"taxonomy":"product_cat","embeddable":true,"href":"https:\/\/cheri-heater.com\/esp\/wp-json\/wp\/v2\/product_cat?post=1899"},{"taxonomy":"product_tag","embeddable":true,"href":"https:\/\/cheri-heater.com\/esp\/wp-json\/wp\/v2\/product_tag?post=1899"}],"curies":[{"name":"wp","href":"https:\/\/api.w.org\/{rel}","templated":true}]}}