{"id":1901,"date":"2025-05-08T00:57:36","date_gmt":"2025-05-08T00:57:36","guid":{"rendered":"https:\/\/cheri-heater.com\/esp\/?post_type=product&#038;p=1901"},"modified":"2025-05-08T00:57:36","modified_gmt":"2025-05-08T00:57:36","slug":"calentador-de-lapiz","status":"publish","type":"product","link":"https:\/\/cheri-heater.com\/esp\/product\/calentador-de-lapiz\/","title":{"rendered":"Calentador De L\u00e1piz"},"content":{"rendered":"","protected":false},"excerpt":{"rendered":"<h1><b><span><span class=\"\">Fabricantes l\u00edderes de calentadores de l\u00e1piz<\/span><\/span><\/b><\/h1>\n<p><span>Cuando el calentamiento de precisi\u00f3n es la piedra angular de sus procesos industriales,\u00a0<\/span><b><span>Cheri Heater\u00a0<\/span><\/b><span>se convierte en su\u00a0<\/span><b><span>fabricante de confianza de calentadores de l\u00e1piz\u00a0<\/span><\/b><span>. Dise\u00f1ados para la excelencia, nuestros calentadores de l\u00e1piz ofrecen soluciones de calentamiento espec\u00edficas y eficientes, adaptadas a las demandas de diversas industrias. Ya sea en la industria del pl\u00e1stico, el embalaje, los dispositivos m\u00e9dicos o en otras \u00e1reas, nuestros calentadores garantizan un rendimiento \u00f3ptimo en cada aplicaci\u00f3n.<\/span><\/p>\n<h2><b><span>\u00bfPor qu\u00e9 elegir a Cheri Heater como su fabricante de calentadores de l\u00e1piz?<\/span><\/b><\/h2>\n<p><span>Como fabricante l\u00edder\u00a0<\/span><b><span>de calentadores de l\u00e1piz en la industria\u00a0<\/span><\/b><span>, Cheri Heater ofrece calidad e innovaci\u00f3n inigualables. Con a\u00f1os de experiencia en el dise\u00f1o de soluciones de calefacci\u00f3n avanzadas, comprendemos la necesidad de calentadores duraderos y de alto rendimiento que garanticen el correcto funcionamiento de sus operaciones.\u00a0<\/span><\/p>\n<p><span>Nuestros calentadores de l\u00e1piz est\u00e1n dise\u00f1ados para proporcionar una transferencia de calor r\u00e1pida, un control de temperatura preciso y un factor de forma compacto para una integraci\u00f3n perfecta en sus sistemas.<\/span><\/p>\n<h3><b><span>Principales beneficios de elegir Cheri Heater:<\/span><\/b><\/h3>\n<ol>\n<li aria-level=\"1\"><b><span>Ingenier\u00eda personalizada\u00a0<\/span><\/b><span>: Nos especializamos en el dise\u00f1o de calentadores de l\u00e1piz que se ajustan a sus especificaciones. Desde la densidad de potencia hasta el material de la funda, cada detalle se adapta a sus necesidades espec\u00edficas.<\/span><\/li>\n<li aria-level=\"1\"><b><span>Durabilidad excepcional\u00a0<\/span><\/b><span>: fabricados con materiales de primera calidad, nuestros calentadores soportan entornos exigentes, lo que garantiza una vida \u00fatil m\u00e1s larga y un rendimiento constante.<\/span><\/li>\n<li aria-level=\"1\"><b><span>Calentamiento de precisi\u00f3n\u00a0<\/span><\/b><span>: con controles de temperatura avanzados, nuestros calentadores de l\u00e1piz brindan un calentamiento preciso y eficiente para aplicaciones cr\u00edticas.<\/span><\/li>\n<\/ol>\n<h2><b><span>Industrias que conf\u00edan en nuestros calentadores de l\u00e1piz<\/span><\/b><\/h2>\n<p><span>Cheri Heater presta servicios a una amplia gama de industrias con soluciones de calefacci\u00f3n personalizadas. Como fabricante l\u00edder\u00a0<\/span><b><span>de calentadores de l\u00e1piz\u00a0<\/span><\/b><span>, nos enorgullecemos de crear productos que mejoran la eficiencia operativa en:<\/span><\/p>\n<ul>\n<li aria-level=\"1\"><b><span>Pl\u00e1sticos y embalaje\u00a0<\/span><\/b><span>: ideal para aplicaciones de moldeo por inyecci\u00f3n, sellado y corte.<\/span><\/li>\n<li aria-level=\"1\"><b><span>Equipos m\u00e9dicos\u00a0<\/span><\/b><span>: garantizamos un calentamiento de precisi\u00f3n para necesidades de fabricaci\u00f3n sensibles.<\/span><\/li>\n<li aria-level=\"1\"><b><span>Aeroespacial y automotriz\u00a0<\/span><\/b><span>: ofrecemos calor confiable para componentes utilizados en entornos extremos.<\/span><\/li>\n<\/ul>\n<h2><b><span>Asociese con Cheri Heater hoy<\/span><\/b><\/h2>\n<p><b><span>En Cheri Heater, entendemos que cada aplicaci\u00f3n es \u00fanica. Como su fabricante de calentadores de l\u00e1piz\u00a0<\/span><\/b><span>de referencia\u00a0<\/span><span>, nos comprometemos a superar sus expectativas con productos de calidad y un servicio excepcional.<\/span><\/p>\n<h3><b><span>Cont\u00e1ctenos para soluciones personalizadas<\/span><\/b><\/h3>\n<p><span>\u00bfListo para optimizar sus procesos de calentamiento industrial? Contacte con Cheri Heater hoy mismo para hablar sobre sus necesidades espec\u00edficas. Ya sea que necesite calentadores de l\u00e1piz est\u00e1ndar o una soluci\u00f3n personalizada, estamos aqu\u00ed para ayudarle a alcanzar sus objetivos.<\/span><\/p>\n","protected":false},"featured_media":1902,"template":"","meta":[],"product_brand":[],"product_cat":[21],"product_tag":[199],"class_list":{"0":"post-1901","1":"product","2":"type-product","3":"status-publish","4":"has-post-thumbnail","6":"product_cat-cartridge-heater","7":"product_tag-calentador-de-lapiz","9":"first","10":"instock","11":"shipping-taxable","12":"product-type-simple"},"yoast_head":"<!-- This site is optimized with the Yoast SEO plugin v27.3 - https:\/\/yoast.com\/product\/yoast-seo-wordpress\/ -->\n<title>Fabricantes l\u00edderes de calentadores de l\u00e1piz en China | Cheri-heater.com<\/title>\n<meta name=\"description\" content=\"Calentadores de l\u00e1piz premium de fabricantes l\u00edderes. Soluciones fiables, eficientes y personalizables para necesidades de calefacci\u00f3n industrial y comercial.\" \/>\n<meta name=\"robots\" content=\"index, follow, max-snippet:-1, max-image-preview:large, max-video-preview:-1\" \/>\n<link rel=\"canonical\" href=\"https:\/\/cheri-heater.com\/esp\/product\/calentador-de-lapiz\/\" \/>\n<meta property=\"og:locale\" content=\"en_US\" \/>\n<meta property=\"og:type\" content=\"article\" \/>\n<meta property=\"og:title\" content=\"Fabricantes l\u00edderes de calentadores de l\u00e1piz en China | Cheri-heater.com\" \/>\n<meta property=\"og:description\" content=\"Calentadores de l\u00e1piz premium de fabricantes l\u00edderes. Soluciones fiables, eficientes y personalizables para necesidades de calefacci\u00f3n industrial y comercial.\" \/>\n<meta property=\"og:url\" content=\"https:\/\/cheri-heater.com\/esp\/product\/calentador-de-lapiz\/\" \/>\n<meta property=\"og:site_name\" content=\"Cheri Heater Technology Co.,Ltd.\" \/>\n<meta property=\"og:image\" content=\"https:\/\/cheri-heater.com\/esp\/wp-content\/uploads\/2025\/05\/hot-rod-cartridge-heater-500x500-1.jpg\" \/>\n\t<meta property=\"og:image:width\" content=\"500\" \/>\n\t<meta property=\"og:image:height\" content=\"500\" \/>\n\t<meta property=\"og:image:type\" content=\"image\/jpeg\" \/>\n<meta name=\"twitter:card\" content=\"summary_large_image\" \/>\n<meta name=\"twitter:label1\" content=\"Est. reading time\" \/>\n\t<meta name=\"twitter:data1\" content=\"1 minute\" \/>\n<!-- \/ Yoast SEO plugin. -->","yoast_head_json":{"title":"Fabricantes l\u00edderes de calentadores de l\u00e1piz en China | Cheri-heater.com","description":"Calentadores de l\u00e1piz premium de fabricantes l\u00edderes. Soluciones fiables, eficientes y personalizables para necesidades de calefacci\u00f3n industrial y comercial.","robots":{"index":"index","follow":"follow","max-snippet":"max-snippet:-1","max-image-preview":"max-image-preview:large","max-video-preview":"max-video-preview:-1"},"canonical":"https:\/\/cheri-heater.com\/esp\/product\/calentador-de-lapiz\/","og_locale":"en_US","og_type":"article","og_title":"Fabricantes l\u00edderes de calentadores de l\u00e1piz en China | Cheri-heater.com","og_description":"Calentadores de l\u00e1piz premium de fabricantes l\u00edderes. Soluciones fiables, eficientes y personalizables para necesidades de calefacci\u00f3n industrial y comercial.","og_url":"https:\/\/cheri-heater.com\/esp\/product\/calentador-de-lapiz\/","og_site_name":"Cheri Heater Technology Co.,Ltd.","og_image":[{"width":500,"height":500,"url":"https:\/\/cheri-heater.com\/esp\/wp-content\/uploads\/2025\/05\/hot-rod-cartridge-heater-500x500-1.jpg","type":"image\/jpeg"}],"twitter_card":"summary_large_image","twitter_misc":{"Est. reading time":"1 minute"},"schema":{"@context":"https:\/\/schema.org","@graph":[{"@type":"WebPage","@id":"https:\/\/cheri-heater.com\/esp\/product\/calentador-de-lapiz\/","url":"https:\/\/cheri-heater.com\/esp\/product\/calentador-de-lapiz\/","name":"Fabricantes l\u00edderes de calentadores de l\u00e1piz en China | Cheri-heater.com","isPartOf":{"@id":"https:\/\/cheri-heater.com\/esp\/#website"},"primaryImageOfPage":{"@id":"https:\/\/cheri-heater.com\/esp\/product\/calentador-de-lapiz\/#primaryimage"},"image":{"@id":"https:\/\/cheri-heater.com\/esp\/product\/calentador-de-lapiz\/#primaryimage"},"thumbnailUrl":"https:\/\/cheri-heater.com\/esp\/wp-content\/uploads\/2025\/05\/hot-rod-cartridge-heater-500x500-1.jpg","datePublished":"2025-05-08T00:57:36+00:00","description":"Calentadores de l\u00e1piz premium de fabricantes l\u00edderes. Soluciones fiables, eficientes y personalizables para necesidades de calefacci\u00f3n industrial y comercial.","breadcrumb":{"@id":"https:\/\/cheri-heater.com\/esp\/product\/calentador-de-lapiz\/#breadcrumb"},"inLanguage":"en-US","potentialAction":[{"@type":"ReadAction","target":["https:\/\/cheri-heater.com\/esp\/product\/calentador-de-lapiz\/"]}]},{"@type":"ImageObject","inLanguage":"en-US","@id":"https:\/\/cheri-heater.com\/esp\/product\/calentador-de-lapiz\/#primaryimage","url":"https:\/\/cheri-heater.com\/esp\/wp-content\/uploads\/2025\/05\/hot-rod-cartridge-heater-500x500-1.jpg","contentUrl":"https:\/\/cheri-heater.com\/esp\/wp-content\/uploads\/2025\/05\/hot-rod-cartridge-heater-500x500-1.jpg","width":500,"height":500,"caption":"Calentador De L\u00e1piz"},{"@type":"BreadcrumbList","@id":"https:\/\/cheri-heater.com\/esp\/product\/calentador-de-lapiz\/#breadcrumb","itemListElement":[{"@type":"ListItem","position":1,"name":"Home","item":"https:\/\/cheri-heater.com\/esp\/"},{"@type":"ListItem","position":2,"name":"Products","item":"https:\/\/cheri-heater.com\/esp\/products\/"},{"@type":"ListItem","position":3,"name":"Calentador De L\u00e1piz"}]},{"@type":"WebSite","@id":"https:\/\/cheri-heater.com\/esp\/#website","url":"https:\/\/cheri-heater.com\/esp\/","name":"Cheri Heater Technology Co.,Ltd.","description":"","publisher":{"@id":"https:\/\/cheri-heater.com\/esp\/#organization"},"potentialAction":[{"@type":"SearchAction","target":{"@type":"EntryPoint","urlTemplate":"https:\/\/cheri-heater.com\/esp\/?s={search_term_string}"},"query-input":{"@type":"PropertyValueSpecification","valueRequired":true,"valueName":"search_term_string"}}],"inLanguage":"en-US"},{"@type":"Organization","@id":"https:\/\/cheri-heater.com\/esp\/#organization","name":"Cheri Heater Technology Co.,Ltd.","url":"https:\/\/cheri-heater.com\/esp\/","logo":{"@type":"ImageObject","inLanguage":"en-US","@id":"https:\/\/cheri-heater.com\/esp\/#\/schema\/logo\/image\/","url":"https:\/\/cheri-heater.com\/esp\/wp-content\/uploads\/2024\/06\/cropped-logo-resize.png","contentUrl":"https:\/\/cheri-heater.com\/esp\/wp-content\/uploads\/2024\/06\/cropped-logo-resize.png","width":346,"height":99,"caption":"Cheri Heater Technology Co.,Ltd."},"image":{"@id":"https:\/\/cheri-heater.com\/esp\/#\/schema\/logo\/image\/"}}]}},"_links":{"self":[{"href":"https:\/\/cheri-heater.com\/esp\/wp-json\/wp\/v2\/product\/1901","targetHints":{"allow":["GET"]}}],"collection":[{"href":"https:\/\/cheri-heater.com\/esp\/wp-json\/wp\/v2\/product"}],"about":[{"href":"https:\/\/cheri-heater.com\/esp\/wp-json\/wp\/v2\/types\/product"}],"wp:featuredmedia":[{"embeddable":true,"href":"https:\/\/cheri-heater.com\/esp\/wp-json\/wp\/v2\/media\/1902"}],"wp:attachment":[{"href":"https:\/\/cheri-heater.com\/esp\/wp-json\/wp\/v2\/media?parent=1901"}],"wp:term":[{"taxonomy":"product_brand","embeddable":true,"href":"https:\/\/cheri-heater.com\/esp\/wp-json\/wp\/v2\/product_brand?post=1901"},{"taxonomy":"product_cat","embeddable":true,"href":"https:\/\/cheri-heater.com\/esp\/wp-json\/wp\/v2\/product_cat?post=1901"},{"taxonomy":"product_tag","embeddable":true,"href":"https:\/\/cheri-heater.com\/esp\/wp-json\/wp\/v2\/product_tag?post=1901"}],"curies":[{"name":"wp","href":"https:\/\/api.w.org\/{rel}","templated":true}]}}