{"id":1905,"date":"2025-05-08T01:22:01","date_gmt":"2025-05-08T01:22:01","guid":{"rendered":"https:\/\/cheri-heater.com\/esp\/?post_type=product&#038;p=1905"},"modified":"2025-05-08T01:22:01","modified_gmt":"2025-05-08T01:22:01","slug":"calentador-de-microcartucho","status":"publish","type":"product","link":"https:\/\/cheri-heater.com\/esp\/product\/calentador-de-microcartucho\/","title":{"rendered":"Calentador De Microcartucho"},"content":{"rendered":"","protected":false},"excerpt":{"rendered":"<h1 class=\"\" data-start=\"131\" data-end=\"169\"><span><span class=\"\">Fabricantes de calentadores de microcartuchos<\/span><\/span><\/h1>\n<p class=\"\" data-start=\"171\" data-end=\"657\"><span>Cuando la precisi\u00f3n, la fiabilidad y las soluciones de calefacci\u00f3n compactas son esenciales, elegir el fabricante adecuado de calentadores de microcartucho marca la diferencia. En Cheri-heater.com, nos especializamos en la producci\u00f3n de calentadores de microcartucho de alto rendimiento que satisfacen las exigentes necesidades de las industrias de todo el mundo. Con a\u00f1os de experiencia, avanzadas capacidades de fabricaci\u00f3n y un compromiso con la calidad, nos enorgullece ser uno de los principales fabricantes de calentadores de microcartucho del mercado.<\/span><\/p>\n<h2 class=\"\" data-start=\"659\" data-end=\"707\"><span>\u00bfQui\u00e9nes son los fabricantes de calentadores de microcartuchos?<\/span><\/h2>\n<p class=\"\" data-start=\"709\" data-end=\"1158\"><span>Los fabricantes de microcalentadores de cartucho dise\u00f1an y producen elementos calefactores en miniatura dise\u00f1ados para espacios reducidos. Estos fabricantes deben ofrecer productos que combinen alta densidad de potencia, excelente control de temperatura y durabilidad en dimensiones muy compactas. Aplicaciones como dispositivos m\u00e9dicos, impresi\u00f3n 3D, industria aeroespacial, de embalaje y automotriz dependen del rendimiento constante de estos peque\u00f1os pero potentes calentadores.<\/span><\/p>\n<p class=\"\" data-start=\"1160\" data-end=\"1472\"><span>Como fabricantes confiables de calentadores de microcartucho, comprendemos la importancia crucial que nuestros productos tienen para sus operaciones. Por eso, utilizamos acero inoxidable de primera calidad, aislamiento de \u00f3xido de magnesio de alta pureza y tecnolog\u00edas avanzadas de alambre de resistencia para garantizar que cada calentador que entregamos cumpla con los m\u00e1s altos est\u00e1ndares.<\/span><\/p>\n<h3 data-start=\"1474\" data-end=\"1552\"><span>\u00bfPor qu\u00e9 elegir Cheri-heater.com como su fabricante de calentadores de microcartuchos?<\/span><\/h3>\n<p class=\"\" data-start=\"1554\" data-end=\"1742\"><span>En Cheri-heater.com, somos m\u00e1s que simples fabricantes de microcalentadores de cartucho; somos sus socios en la innovaci\u00f3n de calefacci\u00f3n. Por eso, clientes de diversos sectores nos eligen:<\/span><\/p>\n<ul data-start=\"1744\" data-end=\"2426\">\n<li class=\"\" data-start=\"1744\" data-end=\"1912\">\n<p class=\"\" data-start=\"1746\" data-end=\"1912\"><strong data-start=\"1746\" data-end=\"1772\"><span>Opciones de personalizaci\u00f3n:<\/span><\/strong><span>\u00a0Ofrecemos una amplia gama de tama\u00f1os personalizados, potencias, voltajes, configuraciones de cables conductores y opciones de montaje para adaptarse a su aplicaci\u00f3n espec\u00edfica.<\/span><\/p>\n<\/li>\n<li class=\"\" data-start=\"1913\" data-end=\"2036\">\n<p class=\"\" data-start=\"1915\" data-end=\"2036\"><strong data-start=\"1915\" data-end=\"1932\"><span>Alta calidad:<\/span><\/strong><span>\u00a0Nuestros calentadores est\u00e1n construidos con precisi\u00f3n y rigurosamente probados para garantizar el m\u00e1ximo rendimiento y longevidad.<\/span><\/p>\n<\/li>\n<li class=\"\" data-start=\"2037\" data-end=\"2160\">\n<p class=\"\" data-start=\"2039\" data-end=\"2160\"><strong data-start=\"2039\" data-end=\"2059\"><span>Entrega r\u00e1pida:<\/span><\/strong><span>\u00a0gracias a nuestro eficiente proceso de fabricaci\u00f3n, ofrecemos una entrega r\u00e1pida sin comprometer la calidad.<\/span><\/p>\n<\/li>\n<li class=\"\" data-start=\"2161\" data-end=\"2280\">\n<p class=\"\" data-start=\"2163\" data-end=\"2280\"><strong data-start=\"2163\" data-end=\"2187\"><span>Experiencia t\u00e9cnica:<\/span><\/strong><span>\u00a0Nuestro equipo de ingenier\u00eda brinda soporte completo, desde la consulta de dise\u00f1o hasta el servicio posventa.<\/span><\/p>\n<\/li>\n<li class=\"\" data-start=\"2281\" data-end=\"2426\">\n<p class=\"\" data-start=\"2283\" data-end=\"2426\"><strong data-start=\"2283\" data-end=\"2307\"><span>Precios competitivos:<\/span><\/strong><span>\u00a0La calidad superior no tiene por qu\u00e9 ser cara: ofrecemos precios competitivos en todos nuestros calentadores de microcartucho.<\/span><\/p>\n<\/li>\n<\/ul>\n<h4 data-start=\"2550\" data-end=\"2592\"><span>Aplicaciones de los calentadores de microcartuchos<\/span><\/h4>\n<p class=\"\" data-start=\"2594\" data-end=\"2711\"><span>Los principales fabricantes de calentadores de microcartuchos atienden a un amplio espectro de industrias y aplicaciones, que incluyen:<\/span><\/p>\n<ul data-start=\"2713\" data-end=\"3127\">\n<li class=\"\" data-start=\"2713\" data-end=\"2789\">\n<p class=\"\" data-start=\"2715\" data-end=\"2789\"><strong data-start=\"2715\" data-end=\"2735\"><span>Dispositivos m\u00e9dicos:<\/span><\/strong><span>\u00a0Para calentamiento preciso en herramientas de diagn\u00f3stico y quir\u00fargicas.<\/span><\/p>\n<\/li>\n<li class=\"\" data-start=\"2790\" data-end=\"2870\">\n<p class=\"\" data-start=\"2792\" data-end=\"2870\"><strong data-start=\"2792\" data-end=\"2808\"><span>Impresoras 3D:<\/span><\/strong><span>\u00a0Para calentamiento de boquillas y cama con control preciso de temperatura.<\/span><\/p>\n<\/li>\n<li class=\"\" data-start=\"2871\" data-end=\"2945\">\n<p class=\"\" data-start=\"2873\" data-end=\"2945\"><strong data-start=\"2873\" data-end=\"2897\"><span>Equipos de embalaje:<\/span><\/strong><span>\u00a0para aplicaciones de sellado, corte y soldadura.<\/span><\/p>\n<\/li>\n<li class=\"\" data-start=\"2946\" data-end=\"3037\">\n<p class=\"\" data-start=\"2948\" data-end=\"3037\"><strong data-start=\"2948\" data-end=\"2977\"><span>Aeroespacial y automoci\u00f3n:<\/span><\/strong><span>\u00a0para soluciones de calefacci\u00f3n compactas donde la confiabilidad es crucial.<\/span><\/p>\n<\/li>\n<li class=\"\" data-start=\"3038\" data-end=\"3127\">\n<p class=\"\" data-start=\"3040\" data-end=\"3127\"><strong data-start=\"3040\" data-end=\"3060\"><span>Procesamiento de alimentos:<\/span><\/strong><span>\u00a0Para requisitos de calentamiento de formato peque\u00f1o en maquinaria y herramientas.<\/span><\/p>\n<\/li>\n<\/ul>\n<p class=\"\" data-start=\"3129\" data-end=\"3225\"><span>Cualquiera que sea su aplicaci\u00f3n, nuestros calentadores est\u00e1n dise\u00f1ados para funcionar en las condiciones m\u00e1s exigentes.<\/span><\/p>\n<h2 class=\"\" data-start=\"3227\" data-end=\"3254\"><span>Asociarse con los expertos<\/span><\/h2>\n<p class=\"\" data-start=\"3256\" data-end=\"3527\"><span><span class=\"\">Elegir el fabricante adecuado de calentadores de microcartucho puede influir significativamente en la eficiencia, la vida \u00fatil y el rendimiento de su producto. En Cheri-heater.com, nos enorgullecemos de ofrecer calentadores de excelente calidad, dise\u00f1os innovadores y una fiabilidad inigualable.<\/span><\/span><\/p>\n","protected":false},"featured_media":1906,"template":"","meta":[],"product_brand":[],"product_cat":[21],"product_tag":[201],"class_list":{"0":"post-1905","1":"product","2":"type-product","3":"status-publish","4":"has-post-thumbnail","6":"product_cat-cartridge-heater","7":"product_tag-calentador-de-microcartucho","9":"first","10":"instock","11":"shipping-taxable","12":"product-type-simple"},"yoast_head":"<!-- This site is optimized with the Yoast SEO plugin v27.3 - https:\/\/yoast.com\/product\/yoast-seo-wordpress\/ -->\n<title>Principales fabricantes de calentadores de microcartucho | Cheri-heater.com<\/title>\n<meta name=\"description\" content=\"\u00bfBusca fabricantes expertos en calentadores de microcartuchos? Ofrecemos calentadores duraderos y compactos con dise\u00f1os personalizados para sus necesidades espec\u00edficas.\" \/>\n<meta name=\"robots\" content=\"index, follow, max-snippet:-1, max-image-preview:large, max-video-preview:-1\" \/>\n<link rel=\"canonical\" href=\"https:\/\/cheri-heater.com\/esp\/product\/calentador-de-microcartucho\/\" \/>\n<meta property=\"og:locale\" content=\"en_US\" \/>\n<meta property=\"og:type\" content=\"article\" \/>\n<meta property=\"og:title\" content=\"Principales fabricantes de calentadores de microcartucho | Cheri-heater.com\" \/>\n<meta property=\"og:description\" content=\"\u00bfBusca fabricantes expertos en calentadores de microcartuchos? Ofrecemos calentadores duraderos y compactos con dise\u00f1os personalizados para sus necesidades espec\u00edficas.\" \/>\n<meta property=\"og:url\" content=\"https:\/\/cheri-heater.com\/esp\/product\/calentador-de-microcartucho\/\" \/>\n<meta property=\"og:site_name\" content=\"Cheri Heater Technology Co.,Ltd.\" \/>\n<meta property=\"og:image\" content=\"https:\/\/cheri-heater.com\/esp\/wp-content\/uploads\/2025\/05\/947e7888-1ef1-4c90-9131-0a9107b41814.jpg\" \/>\n\t<meta property=\"og:image:width\" content=\"960\" \/>\n\t<meta property=\"og:image:height\" content=\"1280\" \/>\n\t<meta property=\"og:image:type\" content=\"image\/jpeg\" \/>\n<meta name=\"twitter:card\" content=\"summary_large_image\" \/>\n<meta name=\"twitter:label1\" content=\"Est. reading time\" \/>\n\t<meta name=\"twitter:data1\" content=\"1 minute\" \/>\n<!-- \/ Yoast SEO plugin. -->","yoast_head_json":{"title":"Principales fabricantes de calentadores de microcartucho | Cheri-heater.com","description":"\u00bfBusca fabricantes expertos en calentadores de microcartuchos? Ofrecemos calentadores duraderos y compactos con dise\u00f1os personalizados para sus necesidades espec\u00edficas.","robots":{"index":"index","follow":"follow","max-snippet":"max-snippet:-1","max-image-preview":"max-image-preview:large","max-video-preview":"max-video-preview:-1"},"canonical":"https:\/\/cheri-heater.com\/esp\/product\/calentador-de-microcartucho\/","og_locale":"en_US","og_type":"article","og_title":"Principales fabricantes de calentadores de microcartucho | Cheri-heater.com","og_description":"\u00bfBusca fabricantes expertos en calentadores de microcartuchos? Ofrecemos calentadores duraderos y compactos con dise\u00f1os personalizados para sus necesidades espec\u00edficas.","og_url":"https:\/\/cheri-heater.com\/esp\/product\/calentador-de-microcartucho\/","og_site_name":"Cheri Heater Technology Co.,Ltd.","og_image":[{"width":960,"height":1280,"url":"https:\/\/cheri-heater.com\/esp\/wp-content\/uploads\/2025\/05\/947e7888-1ef1-4c90-9131-0a9107b41814.jpg","type":"image\/jpeg"}],"twitter_card":"summary_large_image","twitter_misc":{"Est. reading time":"1 minute"},"schema":{"@context":"https:\/\/schema.org","@graph":[{"@type":"WebPage","@id":"https:\/\/cheri-heater.com\/esp\/product\/calentador-de-microcartucho\/","url":"https:\/\/cheri-heater.com\/esp\/product\/calentador-de-microcartucho\/","name":"Principales fabricantes de calentadores de microcartucho | Cheri-heater.com","isPartOf":{"@id":"https:\/\/cheri-heater.com\/esp\/#website"},"primaryImageOfPage":{"@id":"https:\/\/cheri-heater.com\/esp\/product\/calentador-de-microcartucho\/#primaryimage"},"image":{"@id":"https:\/\/cheri-heater.com\/esp\/product\/calentador-de-microcartucho\/#primaryimage"},"thumbnailUrl":"https:\/\/cheri-heater.com\/esp\/wp-content\/uploads\/2025\/05\/947e7888-1ef1-4c90-9131-0a9107b41814.jpg","datePublished":"2025-05-08T01:22:01+00:00","description":"\u00bfBusca fabricantes expertos en calentadores de microcartuchos? Ofrecemos calentadores duraderos y compactos con dise\u00f1os personalizados para sus necesidades espec\u00edficas.","breadcrumb":{"@id":"https:\/\/cheri-heater.com\/esp\/product\/calentador-de-microcartucho\/#breadcrumb"},"inLanguage":"en-US","potentialAction":[{"@type":"ReadAction","target":["https:\/\/cheri-heater.com\/esp\/product\/calentador-de-microcartucho\/"]}]},{"@type":"ImageObject","inLanguage":"en-US","@id":"https:\/\/cheri-heater.com\/esp\/product\/calentador-de-microcartucho\/#primaryimage","url":"https:\/\/cheri-heater.com\/esp\/wp-content\/uploads\/2025\/05\/947e7888-1ef1-4c90-9131-0a9107b41814.jpg","contentUrl":"https:\/\/cheri-heater.com\/esp\/wp-content\/uploads\/2025\/05\/947e7888-1ef1-4c90-9131-0a9107b41814.jpg","width":960,"height":1280,"caption":"Calentador De Microcartucho"},{"@type":"BreadcrumbList","@id":"https:\/\/cheri-heater.com\/esp\/product\/calentador-de-microcartucho\/#breadcrumb","itemListElement":[{"@type":"ListItem","position":1,"name":"Home","item":"https:\/\/cheri-heater.com\/esp\/"},{"@type":"ListItem","position":2,"name":"Products","item":"https:\/\/cheri-heater.com\/esp\/products\/"},{"@type":"ListItem","position":3,"name":"Calentador De Microcartucho"}]},{"@type":"WebSite","@id":"https:\/\/cheri-heater.com\/esp\/#website","url":"https:\/\/cheri-heater.com\/esp\/","name":"Cheri Heater Technology Co.,Ltd.","description":"","publisher":{"@id":"https:\/\/cheri-heater.com\/esp\/#organization"},"potentialAction":[{"@type":"SearchAction","target":{"@type":"EntryPoint","urlTemplate":"https:\/\/cheri-heater.com\/esp\/?s={search_term_string}"},"query-input":{"@type":"PropertyValueSpecification","valueRequired":true,"valueName":"search_term_string"}}],"inLanguage":"en-US"},{"@type":"Organization","@id":"https:\/\/cheri-heater.com\/esp\/#organization","name":"Cheri Heater Technology Co.,Ltd.","url":"https:\/\/cheri-heater.com\/esp\/","logo":{"@type":"ImageObject","inLanguage":"en-US","@id":"https:\/\/cheri-heater.com\/esp\/#\/schema\/logo\/image\/","url":"https:\/\/cheri-heater.com\/esp\/wp-content\/uploads\/2024\/06\/cropped-logo-resize.png","contentUrl":"https:\/\/cheri-heater.com\/esp\/wp-content\/uploads\/2024\/06\/cropped-logo-resize.png","width":346,"height":99,"caption":"Cheri Heater Technology Co.,Ltd."},"image":{"@id":"https:\/\/cheri-heater.com\/esp\/#\/schema\/logo\/image\/"}}]}},"_links":{"self":[{"href":"https:\/\/cheri-heater.com\/esp\/wp-json\/wp\/v2\/product\/1905","targetHints":{"allow":["GET"]}}],"collection":[{"href":"https:\/\/cheri-heater.com\/esp\/wp-json\/wp\/v2\/product"}],"about":[{"href":"https:\/\/cheri-heater.com\/esp\/wp-json\/wp\/v2\/types\/product"}],"wp:featuredmedia":[{"embeddable":true,"href":"https:\/\/cheri-heater.com\/esp\/wp-json\/wp\/v2\/media\/1906"}],"wp:attachment":[{"href":"https:\/\/cheri-heater.com\/esp\/wp-json\/wp\/v2\/media?parent=1905"}],"wp:term":[{"taxonomy":"product_brand","embeddable":true,"href":"https:\/\/cheri-heater.com\/esp\/wp-json\/wp\/v2\/product_brand?post=1905"},{"taxonomy":"product_cat","embeddable":true,"href":"https:\/\/cheri-heater.com\/esp\/wp-json\/wp\/v2\/product_cat?post=1905"},{"taxonomy":"product_tag","embeddable":true,"href":"https:\/\/cheri-heater.com\/esp\/wp-json\/wp\/v2\/product_tag?post=1905"}],"curies":[{"name":"wp","href":"https:\/\/api.w.org\/{rel}","templated":true}]}}