{"id":1909,"date":"2025-05-08T01:29:55","date_gmt":"2025-05-08T01:29:55","guid":{"rendered":"https:\/\/cheri-heater.com\/esp\/?post_type=product&#038;p=1909"},"modified":"2025-05-08T01:29:55","modified_gmt":"2025-05-08T01:29:55","slug":"calentador-de-cartucho-con-termopar","status":"publish","type":"product","link":"https:\/\/cheri-heater.com\/esp\/product\/calentador-de-cartucho-con-termopar\/","title":{"rendered":"Calentador De Cartucho Con Termopar"},"content":{"rendered":"","protected":false},"excerpt":{"rendered":"<h2><span class=\"\">El mejor calentador de cartucho con termopar<\/span><\/h2>\n<p>Nuestro calentador de cartucho con termopar es su soluci\u00f3n precisa de control t\u00e9rmico para necesidades industriales. Puede lograr un calentamiento fiable y preciso para una amplia gama de aplicaciones industriales que requieren un control preciso de la temperatura. Nuestros vers\u00e1tiles calentadores de cartucho son ideales para:<\/p>\n<p>M\u00e1quinas envasadoras: Garantizan un sellado perfecto y la formaci\u00f3n de materiales de embalaje.<\/p>\n<p>Calentamiento del molde: garantizamos temperaturas de molde constantes para una calidad precisa de sus productos industriales en diversos procesos como fundici\u00f3n a presi\u00f3n y moldeo por inyecci\u00f3n.<\/p>\n<p>Equipo de laboratorio: mantenga temperaturas precisas para la experimentaci\u00f3n y la investigaci\u00f3n cient\u00edfica.<\/p>\n<p>M\u00e1quinas para procesamiento de alimentos: obtenga temperaturas precisas para aplicaciones de cocci\u00f3n y preparaci\u00f3n de alimentos.<\/p>\n<h3><b><span class=\"\">Beneficios de nuestro calentador de cartucho con termopar<\/span><\/b><\/h3>\n<ul>\n<li>\u00a0 \u00a0 \u00a0 \u00a0\u00a0Calefacci\u00f3n de m\u00e1ximo rendimiento: nuestro calentador de cartucho con termopar proporciona un calentamiento eficaz y r\u00e1pido que minimiza los tiempos de ciclo y mejora la productividad.<\/li>\n<li>\u00a0 \u00a0 \u00a0 \u00a0\u00a0Control de temperatura preciso: nuestros termopares integrados ofrecen optimizaci\u00f3n y control precisos del proceso junto con retroalimentaci\u00f3n en tiempo real.<\/li>\n<li>\u00a0 \u00a0 \u00a0 \u00a0\u00a0Disponibilidad de personalizaci\u00f3n: ofrecemos calentadores de cartucho personalizables para satisfacer y superar sus demandas de calefacci\u00f3n.<\/li>\n<li>\u00a0 \u00a0 \u00a0 \u00a0\u00a0Variedad de opciones: nuestros calentadores de cartucho con termopar est\u00e1n disponibles en varios voltajes, tama\u00f1os y materiales de revestimiento para sus necesidades industriales.<\/li>\n<li>\u00a0 \u00a0 \u00a0 \u00a0\u00a0Construcci\u00f3n duradera: construimos nuestros cartuchos con termopares con materias primas de calidad que pueden soportar entornos dif\u00edciles en las industrias.<\/li>\n<\/ul>\n<p><b>\u00a0<\/b><\/p>\n<h3><b>\u00bfPor qu\u00e9 Cheri para el calentador de cartucho para termopar?<\/b><\/h3>\n<ul>\n<li>\u00a0 \u00a0 \u00a0 \u00a0\u00a0Nuestro termopar integrado garantiza que el proceso se mantenga dentro del rango de temperatura deseado que produce resultados de alta calidad.<\/li>\n<li>\u00a0 \u00a0 \u00a0 \u00a0\u00a0Evite totalmente el sobrecalentamiento con la monitorizaci\u00f3n de temperatura en vivo.<\/li>\n<li>\u00a0 \u00a0 \u00a0 \u00a0\u00a0Estamos comprometidos con la alta calidad y un alto rendimiento garantizado.<\/li>\n<li>\u00a0 \u00a0 \u00a0 \u00a0\u00a0Solicite una cotizaci\u00f3n ahora y mejore su eficiencia con nuestro calentador de cartucho con termopar.<\/li>\n<\/ul>\n","protected":false},"featured_media":1910,"template":"","meta":[],"product_brand":[],"product_cat":[21],"product_tag":[202],"class_list":{"0":"post-1909","1":"product","2":"type-product","3":"status-publish","4":"has-post-thumbnail","6":"product_cat-cartridge-heater","7":"product_tag-calentador-de-cartucho-con-termopar","9":"first","10":"instock","11":"shipping-taxable","12":"product-type-simple"},"yoast_head":"<!-- This site is optimized with the Yoast SEO plugin v27.3 - https:\/\/yoast.com\/product\/yoast-seo-wordpress\/ -->\n<title>Calentador de cartucho de alta calidad con termopar | Cheri-heater.com<\/title>\n<meta name=\"description\" content=\"Calentador de cartucho de alto rendimiento con termopar integrado para un control preciso de la temperatura. Ideal para aplicaciones industriales.\" \/>\n<meta name=\"robots\" content=\"index, follow, max-snippet:-1, max-image-preview:large, max-video-preview:-1\" \/>\n<link rel=\"canonical\" href=\"https:\/\/cheri-heater.com\/esp\/product\/calentador-de-cartucho-con-termopar\/\" \/>\n<meta property=\"og:locale\" content=\"en_US\" \/>\n<meta property=\"og:type\" content=\"article\" \/>\n<meta property=\"og:title\" content=\"Calentador de cartucho de alta calidad con termopar | Cheri-heater.com\" \/>\n<meta property=\"og:description\" content=\"Calentador de cartucho de alto rendimiento con termopar integrado para un control preciso de la temperatura. Ideal para aplicaciones industriales.\" \/>\n<meta property=\"og:url\" content=\"https:\/\/cheri-heater.com\/esp\/product\/calentador-de-cartucho-con-termopar\/\" \/>\n<meta property=\"og:site_name\" content=\"Cheri Heater Technology Co.,Ltd.\" \/>\n<meta property=\"og:image\" content=\"https:\/\/cheri-heater.com\/esp\/wp-content\/uploads\/2025\/05\/29762e31-406d-4b3e-9ddd-f36b8c313101.jpg\" \/>\n\t<meta property=\"og:image:width\" content=\"800\" \/>\n\t<meta property=\"og:image:height\" content=\"800\" \/>\n\t<meta property=\"og:image:type\" content=\"image\/jpeg\" \/>\n<meta name=\"twitter:card\" content=\"summary_large_image\" \/>\n<meta name=\"twitter:label1\" content=\"Est. reading time\" \/>\n\t<meta name=\"twitter:data1\" content=\"1 minute\" \/>\n<!-- \/ Yoast SEO plugin. -->","yoast_head_json":{"title":"Calentador de cartucho de alta calidad con termopar | Cheri-heater.com","description":"Calentador de cartucho de alto rendimiento con termopar integrado para un control preciso de la temperatura. Ideal para aplicaciones industriales.","robots":{"index":"index","follow":"follow","max-snippet":"max-snippet:-1","max-image-preview":"max-image-preview:large","max-video-preview":"max-video-preview:-1"},"canonical":"https:\/\/cheri-heater.com\/esp\/product\/calentador-de-cartucho-con-termopar\/","og_locale":"en_US","og_type":"article","og_title":"Calentador de cartucho de alta calidad con termopar | Cheri-heater.com","og_description":"Calentador de cartucho de alto rendimiento con termopar integrado para un control preciso de la temperatura. Ideal para aplicaciones industriales.","og_url":"https:\/\/cheri-heater.com\/esp\/product\/calentador-de-cartucho-con-termopar\/","og_site_name":"Cheri Heater Technology Co.,Ltd.","og_image":[{"width":800,"height":800,"url":"https:\/\/cheri-heater.com\/esp\/wp-content\/uploads\/2025\/05\/29762e31-406d-4b3e-9ddd-f36b8c313101.jpg","type":"image\/jpeg"}],"twitter_card":"summary_large_image","twitter_misc":{"Est. reading time":"1 minute"},"schema":{"@context":"https:\/\/schema.org","@graph":[{"@type":"WebPage","@id":"https:\/\/cheri-heater.com\/esp\/product\/calentador-de-cartucho-con-termopar\/","url":"https:\/\/cheri-heater.com\/esp\/product\/calentador-de-cartucho-con-termopar\/","name":"Calentador de cartucho de alta calidad con termopar | Cheri-heater.com","isPartOf":{"@id":"https:\/\/cheri-heater.com\/esp\/#website"},"primaryImageOfPage":{"@id":"https:\/\/cheri-heater.com\/esp\/product\/calentador-de-cartucho-con-termopar\/#primaryimage"},"image":{"@id":"https:\/\/cheri-heater.com\/esp\/product\/calentador-de-cartucho-con-termopar\/#primaryimage"},"thumbnailUrl":"https:\/\/cheri-heater.com\/esp\/wp-content\/uploads\/2025\/05\/29762e31-406d-4b3e-9ddd-f36b8c313101.jpg","datePublished":"2025-05-08T01:29:55+00:00","description":"Calentador de cartucho de alto rendimiento con termopar integrado para un control preciso de la temperatura. Ideal para aplicaciones industriales.","breadcrumb":{"@id":"https:\/\/cheri-heater.com\/esp\/product\/calentador-de-cartucho-con-termopar\/#breadcrumb"},"inLanguage":"en-US","potentialAction":[{"@type":"ReadAction","target":["https:\/\/cheri-heater.com\/esp\/product\/calentador-de-cartucho-con-termopar\/"]}]},{"@type":"ImageObject","inLanguage":"en-US","@id":"https:\/\/cheri-heater.com\/esp\/product\/calentador-de-cartucho-con-termopar\/#primaryimage","url":"https:\/\/cheri-heater.com\/esp\/wp-content\/uploads\/2025\/05\/29762e31-406d-4b3e-9ddd-f36b8c313101.jpg","contentUrl":"https:\/\/cheri-heater.com\/esp\/wp-content\/uploads\/2025\/05\/29762e31-406d-4b3e-9ddd-f36b8c313101.jpg","width":800,"height":800,"caption":"CALENTADOR DE CARTUCHO"},{"@type":"BreadcrumbList","@id":"https:\/\/cheri-heater.com\/esp\/product\/calentador-de-cartucho-con-termopar\/#breadcrumb","itemListElement":[{"@type":"ListItem","position":1,"name":"Home","item":"https:\/\/cheri-heater.com\/esp\/"},{"@type":"ListItem","position":2,"name":"Products","item":"https:\/\/cheri-heater.com\/esp\/products\/"},{"@type":"ListItem","position":3,"name":"Calentador De Cartucho Con Termopar"}]},{"@type":"WebSite","@id":"https:\/\/cheri-heater.com\/esp\/#website","url":"https:\/\/cheri-heater.com\/esp\/","name":"Cheri Heater Technology Co.,Ltd.","description":"","publisher":{"@id":"https:\/\/cheri-heater.com\/esp\/#organization"},"potentialAction":[{"@type":"SearchAction","target":{"@type":"EntryPoint","urlTemplate":"https:\/\/cheri-heater.com\/esp\/?s={search_term_string}"},"query-input":{"@type":"PropertyValueSpecification","valueRequired":true,"valueName":"search_term_string"}}],"inLanguage":"en-US"},{"@type":"Organization","@id":"https:\/\/cheri-heater.com\/esp\/#organization","name":"Cheri Heater Technology Co.,Ltd.","url":"https:\/\/cheri-heater.com\/esp\/","logo":{"@type":"ImageObject","inLanguage":"en-US","@id":"https:\/\/cheri-heater.com\/esp\/#\/schema\/logo\/image\/","url":"https:\/\/cheri-heater.com\/esp\/wp-content\/uploads\/2024\/06\/cropped-logo-resize.png","contentUrl":"https:\/\/cheri-heater.com\/esp\/wp-content\/uploads\/2024\/06\/cropped-logo-resize.png","width":346,"height":99,"caption":"Cheri Heater Technology Co.,Ltd."},"image":{"@id":"https:\/\/cheri-heater.com\/esp\/#\/schema\/logo\/image\/"}}]}},"_links":{"self":[{"href":"https:\/\/cheri-heater.com\/esp\/wp-json\/wp\/v2\/product\/1909","targetHints":{"allow":["GET"]}}],"collection":[{"href":"https:\/\/cheri-heater.com\/esp\/wp-json\/wp\/v2\/product"}],"about":[{"href":"https:\/\/cheri-heater.com\/esp\/wp-json\/wp\/v2\/types\/product"}],"wp:featuredmedia":[{"embeddable":true,"href":"https:\/\/cheri-heater.com\/esp\/wp-json\/wp\/v2\/media\/1910"}],"wp:attachment":[{"href":"https:\/\/cheri-heater.com\/esp\/wp-json\/wp\/v2\/media?parent=1909"}],"wp:term":[{"taxonomy":"product_brand","embeddable":true,"href":"https:\/\/cheri-heater.com\/esp\/wp-json\/wp\/v2\/product_brand?post=1909"},{"taxonomy":"product_cat","embeddable":true,"href":"https:\/\/cheri-heater.com\/esp\/wp-json\/wp\/v2\/product_cat?post=1909"},{"taxonomy":"product_tag","embeddable":true,"href":"https:\/\/cheri-heater.com\/esp\/wp-json\/wp\/v2\/product_tag?post=1909"}],"curies":[{"name":"wp","href":"https:\/\/api.w.org\/{rel}","templated":true}]}}