{"id":1911,"date":"2025-05-08T02:01:24","date_gmt":"2025-05-08T02:01:24","guid":{"rendered":"https:\/\/cheri-heater.com\/esp\/?post_type=product&#038;p=1911"},"modified":"2025-05-08T02:01:25","modified_gmt":"2025-05-08T02:01:25","slug":"calentador-tubular-con-rosca-de-1-1-2-pulgada","status":"publish","type":"product","link":"https:\/\/cheri-heater.com\/esp\/product\/calentador-tubular-con-rosca-de-1-1-2-pulgada\/","title":{"rendered":"Calentador Tubular Con Rosca De 1 1\/2 Pulgada"},"content":{"rendered":"","protected":false},"excerpt":{"rendered":"<h2><span class=\"\">Calentador tubular con rosca de 1 1\/2 pulgada: soluciones de calefacci\u00f3n confiables en Cheri Heater<\/span><\/h2>\n<p>Bienvenido a\u00a0<strong>Cheri Heater<\/strong>\u00a0, su proveedor confiable de soluciones de calefacci\u00f3n premium. Nuestro\u00a0<strong>calentador tubular con rosca de 1 1\/2 pulgada<\/strong>\u00a0es un elemento calefactor vers\u00e1til y duradero, dise\u00f1ado para satisfacer diversas necesidades de calefacci\u00f3n industrial y comercial. Ya sea que gestione un proceso de fabricaci\u00f3n, opere maquinaria o busque opciones de calefacci\u00f3n personalizadas, nuestros calentadores tubulares ofrecen un rendimiento excepcional.<\/p>\n<p>El dise\u00f1o roscado de 1 1\/2 pulgadas garantiza una f\u00e1cil instalaci\u00f3n, lo que lo hace ideal para aplicaciones que requieren un calentamiento preciso y seguro. Fabricado con materiales de alta calidad, este calentador est\u00e1 dise\u00f1ado para soportar entornos exigentes, ofreciendo una transferencia de calor y una eficiencia energ\u00e9tica superiores. Su robusta construcci\u00f3n garantiza una larga vida \u00fatil, reduciendo el tiempo de inactividad y los costos de mantenimiento.<\/p>\n<p>En\u00a0<strong>Cheri Heater<\/strong>\u00a0, priorizamos la innovaci\u00f3n y la satisfacci\u00f3n del cliente. Nuestros calentadores tubulares se pueden personalizar para adaptarse a rangos de temperatura, densidades de potencia y opciones de montaje espec\u00edficos. Esta flexibilidad permite a las empresas optimizar sus operaciones y lograr resultados consistentes.<\/p>\n<h3>\u00bfPor qu\u00e9 elegir Cheri Heater?<\/h3>\n<p>Con a\u00f1os de experiencia en la industria de la calefacci\u00f3n, nos enorgullecemos de ofrecer productos confiables con el respaldo de una atenci\u00f3n al cliente excepcional. Nuestro equipo de expertos est\u00e1 aqu\u00ed para ayudarle a encontrar la soluci\u00f3n de calefacci\u00f3n perfecta, adaptada a sus necesidades.<\/p>\n","protected":false},"featured_media":1912,"template":"","meta":[],"product_brand":[],"product_cat":[28],"product_tag":[203],"class_list":{"0":"post-1911","1":"product","2":"type-product","3":"status-publish","4":"has-post-thumbnail","6":"product_cat-tubular-heater","7":"product_tag-calentador-tubular-con-rosca-de-1-1-2-pulgada","9":"first","10":"instock","11":"shipping-taxable","12":"product-type-simple"},"yoast_head":"<!-- This site is optimized with the Yoast SEO plugin v27.3 - https:\/\/yoast.com\/product\/yoast-seo-wordpress\/ -->\n<title>El mejor calentador tubular con rosca de 1 1\/2 pulgada | Cheri-heater.com<\/title>\n<meta name=\"description\" content=\"Calentadores tubulares premium con rosca de 1 1\/2 pulgadas en Cheri Heater. Dise\u00f1ados para ofrecer durabilidad y eficiencia, estos elementos calefactores garantizan una transferencia de calor precisa para aplicaciones industriales y comerciales. Ideales para instalaciones seguras y personalizables para satisfacer necesidades espec\u00edficas. Vis\u00edtenos hoy mismo en cheri-heater.com.\" \/>\n<meta name=\"robots\" content=\"index, follow, max-snippet:-1, max-image-preview:large, max-video-preview:-1\" \/>\n<link rel=\"canonical\" href=\"https:\/\/cheri-heater.com\/esp\/product\/calentador-tubular-con-rosca-de-1-1-2-pulgada\/\" \/>\n<meta property=\"og:locale\" content=\"en_US\" \/>\n<meta property=\"og:type\" content=\"article\" \/>\n<meta property=\"og:title\" content=\"El mejor calentador tubular con rosca de 1 1\/2 pulgada | Cheri-heater.com\" \/>\n<meta property=\"og:description\" content=\"Calentadores tubulares premium con rosca de 1 1\/2 pulgadas en Cheri Heater. Dise\u00f1ados para ofrecer durabilidad y eficiencia, estos elementos calefactores garantizan una transferencia de calor precisa para aplicaciones industriales y comerciales. Ideales para instalaciones seguras y personalizables para satisfacer necesidades espec\u00edficas. Vis\u00edtenos hoy mismo en cheri-heater.com.\" \/>\n<meta property=\"og:url\" content=\"https:\/\/cheri-heater.com\/esp\/product\/calentador-tubular-con-rosca-de-1-1-2-pulgada\/\" \/>\n<meta property=\"og:site_name\" content=\"Cheri Heater Technology Co.,Ltd.\" \/>\n<meta property=\"article:modified_time\" content=\"2025-05-08T02:01:25+00:00\" \/>\n<meta property=\"og:image\" content=\"https:\/\/cheri-heater.com\/esp\/wp-content\/uploads\/2025\/05\/i-14.jpg\" \/>\n\t<meta property=\"og:image:width\" content=\"320\" \/>\n\t<meta property=\"og:image:height\" content=\"320\" \/>\n\t<meta property=\"og:image:type\" content=\"image\/jpeg\" \/>\n<meta name=\"twitter:card\" content=\"summary_large_image\" \/>\n<meta name=\"twitter:label1\" content=\"Est. reading time\" \/>\n\t<meta name=\"twitter:data1\" content=\"1 minute\" \/>\n<!-- \/ Yoast SEO plugin. -->","yoast_head_json":{"title":"El mejor calentador tubular con rosca de 1 1\/2 pulgada | Cheri-heater.com","description":"Calentadores tubulares premium con rosca de 1 1\/2 pulgadas en Cheri Heater. Dise\u00f1ados para ofrecer durabilidad y eficiencia, estos elementos calefactores garantizan una transferencia de calor precisa para aplicaciones industriales y comerciales. Ideales para instalaciones seguras y personalizables para satisfacer necesidades espec\u00edficas. Vis\u00edtenos hoy mismo en cheri-heater.com.","robots":{"index":"index","follow":"follow","max-snippet":"max-snippet:-1","max-image-preview":"max-image-preview:large","max-video-preview":"max-video-preview:-1"},"canonical":"https:\/\/cheri-heater.com\/esp\/product\/calentador-tubular-con-rosca-de-1-1-2-pulgada\/","og_locale":"en_US","og_type":"article","og_title":"El mejor calentador tubular con rosca de 1 1\/2 pulgada | Cheri-heater.com","og_description":"Calentadores tubulares premium con rosca de 1 1\/2 pulgadas en Cheri Heater. Dise\u00f1ados para ofrecer durabilidad y eficiencia, estos elementos calefactores garantizan una transferencia de calor precisa para aplicaciones industriales y comerciales. Ideales para instalaciones seguras y personalizables para satisfacer necesidades espec\u00edficas. Vis\u00edtenos hoy mismo en cheri-heater.com.","og_url":"https:\/\/cheri-heater.com\/esp\/product\/calentador-tubular-con-rosca-de-1-1-2-pulgada\/","og_site_name":"Cheri Heater Technology Co.,Ltd.","article_modified_time":"2025-05-08T02:01:25+00:00","og_image":[{"width":320,"height":320,"url":"https:\/\/cheri-heater.com\/esp\/wp-content\/uploads\/2025\/05\/i-14.jpg","type":"image\/jpeg"}],"twitter_card":"summary_large_image","twitter_misc":{"Est. reading time":"1 minute"},"schema":{"@context":"https:\/\/schema.org","@graph":[{"@type":"WebPage","@id":"https:\/\/cheri-heater.com\/esp\/product\/calentador-tubular-con-rosca-de-1-1-2-pulgada\/","url":"https:\/\/cheri-heater.com\/esp\/product\/calentador-tubular-con-rosca-de-1-1-2-pulgada\/","name":"El mejor calentador tubular con rosca de 1 1\/2 pulgada | Cheri-heater.com","isPartOf":{"@id":"https:\/\/cheri-heater.com\/esp\/#website"},"primaryImageOfPage":{"@id":"https:\/\/cheri-heater.com\/esp\/product\/calentador-tubular-con-rosca-de-1-1-2-pulgada\/#primaryimage"},"image":{"@id":"https:\/\/cheri-heater.com\/esp\/product\/calentador-tubular-con-rosca-de-1-1-2-pulgada\/#primaryimage"},"thumbnailUrl":"https:\/\/cheri-heater.com\/esp\/wp-content\/uploads\/2025\/05\/i-14.jpg","datePublished":"2025-05-08T02:01:24+00:00","dateModified":"2025-05-08T02:01:25+00:00","description":"Calentadores tubulares premium con rosca de 1 1\/2 pulgadas en Cheri Heater. Dise\u00f1ados para ofrecer durabilidad y eficiencia, estos elementos calefactores garantizan una transferencia de calor precisa para aplicaciones industriales y comerciales. Ideales para instalaciones seguras y personalizables para satisfacer necesidades espec\u00edficas. Vis\u00edtenos hoy mismo en cheri-heater.com.","breadcrumb":{"@id":"https:\/\/cheri-heater.com\/esp\/product\/calentador-tubular-con-rosca-de-1-1-2-pulgada\/#breadcrumb"},"inLanguage":"en-US","potentialAction":[{"@type":"ReadAction","target":["https:\/\/cheri-heater.com\/esp\/product\/calentador-tubular-con-rosca-de-1-1-2-pulgada\/"]}]},{"@type":"ImageObject","inLanguage":"en-US","@id":"https:\/\/cheri-heater.com\/esp\/product\/calentador-tubular-con-rosca-de-1-1-2-pulgada\/#primaryimage","url":"https:\/\/cheri-heater.com\/esp\/wp-content\/uploads\/2025\/05\/i-14.jpg","contentUrl":"https:\/\/cheri-heater.com\/esp\/wp-content\/uploads\/2025\/05\/i-14.jpg","width":320,"height":320,"caption":"Calentador Tubular Con Rosca De 1 1\/2 Pulgada"},{"@type":"BreadcrumbList","@id":"https:\/\/cheri-heater.com\/esp\/product\/calentador-tubular-con-rosca-de-1-1-2-pulgada\/#breadcrumb","itemListElement":[{"@type":"ListItem","position":1,"name":"Home","item":"https:\/\/cheri-heater.com\/esp\/"},{"@type":"ListItem","position":2,"name":"Products","item":"https:\/\/cheri-heater.com\/esp\/products\/"},{"@type":"ListItem","position":3,"name":"Calentador Tubular Con Rosca De 1 1\/2 Pulgada"}]},{"@type":"WebSite","@id":"https:\/\/cheri-heater.com\/esp\/#website","url":"https:\/\/cheri-heater.com\/esp\/","name":"Cheri Heater Technology Co.,Ltd.","description":"","publisher":{"@id":"https:\/\/cheri-heater.com\/esp\/#organization"},"potentialAction":[{"@type":"SearchAction","target":{"@type":"EntryPoint","urlTemplate":"https:\/\/cheri-heater.com\/esp\/?s={search_term_string}"},"query-input":{"@type":"PropertyValueSpecification","valueRequired":true,"valueName":"search_term_string"}}],"inLanguage":"en-US"},{"@type":"Organization","@id":"https:\/\/cheri-heater.com\/esp\/#organization","name":"Cheri Heater Technology Co.,Ltd.","url":"https:\/\/cheri-heater.com\/esp\/","logo":{"@type":"ImageObject","inLanguage":"en-US","@id":"https:\/\/cheri-heater.com\/esp\/#\/schema\/logo\/image\/","url":"https:\/\/cheri-heater.com\/esp\/wp-content\/uploads\/2024\/06\/cropped-logo-resize.png","contentUrl":"https:\/\/cheri-heater.com\/esp\/wp-content\/uploads\/2024\/06\/cropped-logo-resize.png","width":346,"height":99,"caption":"Cheri Heater Technology Co.,Ltd."},"image":{"@id":"https:\/\/cheri-heater.com\/esp\/#\/schema\/logo\/image\/"}}]}},"_links":{"self":[{"href":"https:\/\/cheri-heater.com\/esp\/wp-json\/wp\/v2\/product\/1911","targetHints":{"allow":["GET"]}}],"collection":[{"href":"https:\/\/cheri-heater.com\/esp\/wp-json\/wp\/v2\/product"}],"about":[{"href":"https:\/\/cheri-heater.com\/esp\/wp-json\/wp\/v2\/types\/product"}],"wp:featuredmedia":[{"embeddable":true,"href":"https:\/\/cheri-heater.com\/esp\/wp-json\/wp\/v2\/media\/1912"}],"wp:attachment":[{"href":"https:\/\/cheri-heater.com\/esp\/wp-json\/wp\/v2\/media?parent=1911"}],"wp:term":[{"taxonomy":"product_brand","embeddable":true,"href":"https:\/\/cheri-heater.com\/esp\/wp-json\/wp\/v2\/product_brand?post=1911"},{"taxonomy":"product_cat","embeddable":true,"href":"https:\/\/cheri-heater.com\/esp\/wp-json\/wp\/v2\/product_cat?post=1911"},{"taxonomy":"product_tag","embeddable":true,"href":"https:\/\/cheri-heater.com\/esp\/wp-json\/wp\/v2\/product_tag?post=1911"}],"curies":[{"name":"wp","href":"https:\/\/api.w.org\/{rel}","templated":true}]}}