{"id":1914,"date":"2025-05-08T02:07:09","date_gmt":"2025-05-08T02:07:09","guid":{"rendered":"https:\/\/cheri-heater.com\/esp\/?post_type=product&#038;p=1914"},"modified":"2025-05-08T02:07:09","modified_gmt":"2025-05-08T02:07:09","slug":"calentador-solar-tubular-de-1-pulgada","status":"publish","type":"product","link":"https:\/\/cheri-heater.com\/esp\/product\/calentador-solar-tubular-de-1-pulgada\/","title":{"rendered":"Calentador Solar Tubular De 1 Pulgada"},"content":{"rendered":"","protected":false},"excerpt":{"rendered":"<h2><span><span class=\"\">Calentador solar tubular l\u00edder de 1 pulgada<\/span><\/span><\/h2>\n<p><span>En Cheri Heater, nos especializamos en ofrecer soluciones de calefacci\u00f3n innovadoras y energ\u00e9ticamente eficientes, y nuestro\u00a0<\/span><strong><span>calentador solar tubular de 1 pulgada<\/span><\/strong><span>\u00a0es una de nuestras mejores opciones. Dise\u00f1ado para aprovechar la energ\u00eda solar y lograr una calefacci\u00f3n eficiente y ecol\u00f3gica, este calentador tubular es ideal tanto para aplicaciones residenciales como industriales que requieren soluciones energ\u00e9ticas sostenibles.<\/span><\/p>\n<p><span>El calentador solar tubular de 1 pulgada combina tecnolog\u00eda solar de vanguardia con la fiabilidad de un calentador tubular tradicional. Su di\u00e1metro compacto de 1 pulgada facilita su instalaci\u00f3n en diversos sistemas, desde calentadores solares de agua hasta sistemas de calefacci\u00f3n. El colector solar capta y convierte eficientemente la luz solar en energ\u00eda t\u00e9rmica, proporcionando una fuente de calor constante y renovable. Esto reduce la dependencia de las fuentes de energ\u00eda convencionales, lo que le ayuda a reducir los costos de electricidad y a promover la sostenibilidad ambiental.<\/span><\/p>\n<p><span>Fabricado con materiales duraderos de alta calidad, el calentador solar tubular de 1 pulgada est\u00e1 dise\u00f1ado para durar y ofrecer un excelente rendimiento incluso en condiciones clim\u00e1ticas adversas. Su dise\u00f1o resistente a la corrosi\u00f3n garantiza una larga vida \u00fatil y est\u00e1 dise\u00f1ado para ofrecer una alta eficiencia t\u00e9rmica con un mantenimiento m\u00ednimo.<\/span><\/p>\n<p><span>Ya sea que busque calentar agua, aire u otros fluidos,\u00a0<\/span><strong><span>el calentador solar tubular de 1 pulgada<\/span><\/strong><span>\u00a0de Cheri Heater ofrece una soluci\u00f3n sostenible y econ\u00f3mica. Es perfecto para empresas y propietarios con conciencia ecol\u00f3gica que buscan reducir su huella de carbono y sus gastos de energ\u00eda.<\/span><\/p>\n","protected":false},"featured_media":1915,"template":"","meta":[],"product_brand":[],"product_cat":[28],"product_tag":[204],"class_list":{"0":"post-1914","1":"product","2":"type-product","3":"status-publish","4":"has-post-thumbnail","6":"product_cat-tubular-heater","7":"product_tag-calentadores-tubulares","9":"first","10":"instock","11":"shipping-taxable","12":"product-type-simple"},"yoast_head":"<!-- This site is optimized with the Yoast SEO plugin v27.3 - https:\/\/yoast.com\/product\/yoast-seo-wordpress\/ -->\n<title>El mejor calentador solar tubular de 1 pulgada | Cheri-heater.com<\/title>\n<meta name=\"description\" content=\"Cheri Heater ofrece el calentador solar tubular de 1 pulgada, dise\u00f1ado para aprovechar la energ\u00eda solar y lograr una calefacci\u00f3n eficiente y sostenible. Ideal para aplicaciones residenciales e industriales, este calentador compacto y duradero ofrece una soluci\u00f3n rentable para calentar agua, aire y fluidos. Gracias a su alta eficiencia t\u00e9rmica y bajo mantenimiento, es la opci\u00f3n ideal para reducir los costos de energ\u00eda y minimizar el impacto ambiental. Visite Cheri Heater para obtener m\u00e1s informaci\u00f3n y encontrar la soluci\u00f3n ideal para su calefacci\u00f3n solar.\" \/>\n<meta name=\"robots\" content=\"index, follow, max-snippet:-1, max-image-preview:large, max-video-preview:-1\" \/>\n<link rel=\"canonical\" href=\"https:\/\/cheri-heater.com\/esp\/product\/calentador-solar-tubular-de-1-pulgada\/\" \/>\n<meta property=\"og:locale\" content=\"en_US\" \/>\n<meta property=\"og:type\" content=\"article\" \/>\n<meta property=\"og:title\" content=\"El mejor calentador solar tubular de 1 pulgada | Cheri-heater.com\" \/>\n<meta property=\"og:description\" content=\"Cheri Heater ofrece el calentador solar tubular de 1 pulgada, dise\u00f1ado para aprovechar la energ\u00eda solar y lograr una calefacci\u00f3n eficiente y sostenible. Ideal para aplicaciones residenciales e industriales, este calentador compacto y duradero ofrece una soluci\u00f3n rentable para calentar agua, aire y fluidos. Gracias a su alta eficiencia t\u00e9rmica y bajo mantenimiento, es la opci\u00f3n ideal para reducir los costos de energ\u00eda y minimizar el impacto ambiental. Visite Cheri Heater para obtener m\u00e1s informaci\u00f3n y encontrar la soluci\u00f3n ideal para su calefacci\u00f3n solar.\" \/>\n<meta property=\"og:url\" content=\"https:\/\/cheri-heater.com\/esp\/product\/calentador-solar-tubular-de-1-pulgada\/\" \/>\n<meta property=\"og:site_name\" content=\"Cheri Heater Technology Co.,Ltd.\" \/>\n<meta property=\"og:image\" content=\"https:\/\/cheri-heater.com\/esp\/wp-content\/uploads\/2025\/05\/solar.jpg\" \/>\n\t<meta property=\"og:image:width\" content=\"320\" \/>\n\t<meta property=\"og:image:height\" content=\"320\" \/>\n\t<meta property=\"og:image:type\" content=\"image\/jpeg\" \/>\n<meta name=\"twitter:card\" content=\"summary_large_image\" \/>\n<meta name=\"twitter:label1\" content=\"Est. reading time\" \/>\n\t<meta name=\"twitter:data1\" content=\"1 minute\" \/>\n<!-- \/ Yoast SEO plugin. -->","yoast_head_json":{"title":"El mejor calentador solar tubular de 1 pulgada | Cheri-heater.com","description":"Cheri Heater ofrece el calentador solar tubular de 1 pulgada, dise\u00f1ado para aprovechar la energ\u00eda solar y lograr una calefacci\u00f3n eficiente y sostenible. Ideal para aplicaciones residenciales e industriales, este calentador compacto y duradero ofrece una soluci\u00f3n rentable para calentar agua, aire y fluidos. Gracias a su alta eficiencia t\u00e9rmica y bajo mantenimiento, es la opci\u00f3n ideal para reducir los costos de energ\u00eda y minimizar el impacto ambiental. Visite Cheri Heater para obtener m\u00e1s informaci\u00f3n y encontrar la soluci\u00f3n ideal para su calefacci\u00f3n solar.","robots":{"index":"index","follow":"follow","max-snippet":"max-snippet:-1","max-image-preview":"max-image-preview:large","max-video-preview":"max-video-preview:-1"},"canonical":"https:\/\/cheri-heater.com\/esp\/product\/calentador-solar-tubular-de-1-pulgada\/","og_locale":"en_US","og_type":"article","og_title":"El mejor calentador solar tubular de 1 pulgada | Cheri-heater.com","og_description":"Cheri Heater ofrece el calentador solar tubular de 1 pulgada, dise\u00f1ado para aprovechar la energ\u00eda solar y lograr una calefacci\u00f3n eficiente y sostenible. Ideal para aplicaciones residenciales e industriales, este calentador compacto y duradero ofrece una soluci\u00f3n rentable para calentar agua, aire y fluidos. Gracias a su alta eficiencia t\u00e9rmica y bajo mantenimiento, es la opci\u00f3n ideal para reducir los costos de energ\u00eda y minimizar el impacto ambiental. Visite Cheri Heater para obtener m\u00e1s informaci\u00f3n y encontrar la soluci\u00f3n ideal para su calefacci\u00f3n solar.","og_url":"https:\/\/cheri-heater.com\/esp\/product\/calentador-solar-tubular-de-1-pulgada\/","og_site_name":"Cheri Heater Technology Co.,Ltd.","og_image":[{"width":320,"height":320,"url":"https:\/\/cheri-heater.com\/esp\/wp-content\/uploads\/2025\/05\/solar.jpg","type":"image\/jpeg"}],"twitter_card":"summary_large_image","twitter_misc":{"Est. reading time":"1 minute"},"schema":{"@context":"https:\/\/schema.org","@graph":[{"@type":"WebPage","@id":"https:\/\/cheri-heater.com\/esp\/product\/calentador-solar-tubular-de-1-pulgada\/","url":"https:\/\/cheri-heater.com\/esp\/product\/calentador-solar-tubular-de-1-pulgada\/","name":"El mejor calentador solar tubular de 1 pulgada | Cheri-heater.com","isPartOf":{"@id":"https:\/\/cheri-heater.com\/esp\/#website"},"primaryImageOfPage":{"@id":"https:\/\/cheri-heater.com\/esp\/product\/calentador-solar-tubular-de-1-pulgada\/#primaryimage"},"image":{"@id":"https:\/\/cheri-heater.com\/esp\/product\/calentador-solar-tubular-de-1-pulgada\/#primaryimage"},"thumbnailUrl":"https:\/\/cheri-heater.com\/esp\/wp-content\/uploads\/2025\/05\/solar.jpg","datePublished":"2025-05-08T02:07:09+00:00","description":"Cheri Heater ofrece el calentador solar tubular de 1 pulgada, dise\u00f1ado para aprovechar la energ\u00eda solar y lograr una calefacci\u00f3n eficiente y sostenible. Ideal para aplicaciones residenciales e industriales, este calentador compacto y duradero ofrece una soluci\u00f3n rentable para calentar agua, aire y fluidos. Gracias a su alta eficiencia t\u00e9rmica y bajo mantenimiento, es la opci\u00f3n ideal para reducir los costos de energ\u00eda y minimizar el impacto ambiental. Visite Cheri Heater para obtener m\u00e1s informaci\u00f3n y encontrar la soluci\u00f3n ideal para su calefacci\u00f3n solar.","breadcrumb":{"@id":"https:\/\/cheri-heater.com\/esp\/product\/calentador-solar-tubular-de-1-pulgada\/#breadcrumb"},"inLanguage":"en-US","potentialAction":[{"@type":"ReadAction","target":["https:\/\/cheri-heater.com\/esp\/product\/calentador-solar-tubular-de-1-pulgada\/"]}]},{"@type":"ImageObject","inLanguage":"en-US","@id":"https:\/\/cheri-heater.com\/esp\/product\/calentador-solar-tubular-de-1-pulgada\/#primaryimage","url":"https:\/\/cheri-heater.com\/esp\/wp-content\/uploads\/2025\/05\/solar.jpg","contentUrl":"https:\/\/cheri-heater.com\/esp\/wp-content\/uploads\/2025\/05\/solar.jpg","width":320,"height":320,"caption":"Calentador Solar Tubular De 1 Pulgada"},{"@type":"BreadcrumbList","@id":"https:\/\/cheri-heater.com\/esp\/product\/calentador-solar-tubular-de-1-pulgada\/#breadcrumb","itemListElement":[{"@type":"ListItem","position":1,"name":"Home","item":"https:\/\/cheri-heater.com\/esp\/"},{"@type":"ListItem","position":2,"name":"Products","item":"https:\/\/cheri-heater.com\/esp\/products\/"},{"@type":"ListItem","position":3,"name":"Calentador Solar Tubular De 1 Pulgada"}]},{"@type":"WebSite","@id":"https:\/\/cheri-heater.com\/esp\/#website","url":"https:\/\/cheri-heater.com\/esp\/","name":"Cheri Heater Technology Co.,Ltd.","description":"","publisher":{"@id":"https:\/\/cheri-heater.com\/esp\/#organization"},"potentialAction":[{"@type":"SearchAction","target":{"@type":"EntryPoint","urlTemplate":"https:\/\/cheri-heater.com\/esp\/?s={search_term_string}"},"query-input":{"@type":"PropertyValueSpecification","valueRequired":true,"valueName":"search_term_string"}}],"inLanguage":"en-US"},{"@type":"Organization","@id":"https:\/\/cheri-heater.com\/esp\/#organization","name":"Cheri Heater Technology Co.,Ltd.","url":"https:\/\/cheri-heater.com\/esp\/","logo":{"@type":"ImageObject","inLanguage":"en-US","@id":"https:\/\/cheri-heater.com\/esp\/#\/schema\/logo\/image\/","url":"https:\/\/cheri-heater.com\/esp\/wp-content\/uploads\/2024\/06\/cropped-logo-resize.png","contentUrl":"https:\/\/cheri-heater.com\/esp\/wp-content\/uploads\/2024\/06\/cropped-logo-resize.png","width":346,"height":99,"caption":"Cheri Heater Technology Co.,Ltd."},"image":{"@id":"https:\/\/cheri-heater.com\/esp\/#\/schema\/logo\/image\/"}}]}},"_links":{"self":[{"href":"https:\/\/cheri-heater.com\/esp\/wp-json\/wp\/v2\/product\/1914","targetHints":{"allow":["GET"]}}],"collection":[{"href":"https:\/\/cheri-heater.com\/esp\/wp-json\/wp\/v2\/product"}],"about":[{"href":"https:\/\/cheri-heater.com\/esp\/wp-json\/wp\/v2\/types\/product"}],"wp:featuredmedia":[{"embeddable":true,"href":"https:\/\/cheri-heater.com\/esp\/wp-json\/wp\/v2\/media\/1915"}],"wp:attachment":[{"href":"https:\/\/cheri-heater.com\/esp\/wp-json\/wp\/v2\/media?parent=1914"}],"wp:term":[{"taxonomy":"product_brand","embeddable":true,"href":"https:\/\/cheri-heater.com\/esp\/wp-json\/wp\/v2\/product_brand?post=1914"},{"taxonomy":"product_cat","embeddable":true,"href":"https:\/\/cheri-heater.com\/esp\/wp-json\/wp\/v2\/product_cat?post=1914"},{"taxonomy":"product_tag","embeddable":true,"href":"https:\/\/cheri-heater.com\/esp\/wp-json\/wp\/v2\/product_tag?post=1914"}],"curies":[{"name":"wp","href":"https:\/\/api.w.org\/{rel}","templated":true}]}}