{"id":1916,"date":"2025-05-08T02:12:25","date_gmt":"2025-05-08T02:12:25","guid":{"rendered":"https:\/\/cheri-heater.com\/esp\/?post_type=product&#038;p=1916"},"modified":"2025-05-08T02:12:25","modified_gmt":"2025-05-08T02:12:25","slug":"calentador-tubular-con-brida-de-2-pulgadas","status":"publish","type":"product","link":"https:\/\/cheri-heater.com\/esp\/product\/calentador-tubular-con-brida-de-2-pulgadas\/","title":{"rendered":"Calentador Tubular Con Brida De 2 Pulgadas"},"content":{"rendered":"","protected":false},"excerpt":{"rendered":"<h2><span><span class=\"\">Calentador tubular con brida de 2 pulgadas<\/span><\/span><\/h2>\n<p><span><span class=\"\">En\u00a0<\/span><\/span><strong><span><span class=\"\">Cheri Heater<\/span><\/span><\/strong><span><span class=\"\">\u00a0, ofrecemos soluciones de calefacci\u00f3n de alta calidad adaptadas a las necesidades de diversas industrias. Nuestro\u00a0<\/span><\/span><strong><span><span class=\"\">calentador tubular con brida de 2 pulgadas<\/span><\/span><\/strong><span><span class=\"\">\u00a0est\u00e1 dise\u00f1ado para brindar eficiencia, durabilidad y facilidad de instalaci\u00f3n, lo que lo convierte en una opci\u00f3n confiable para sus necesidades de calefacci\u00f3n.<\/span><\/span><\/p>\n<p><span>Este calentador tubular cuenta con un robusto dise\u00f1o de brida de 2 pulgadas, lo que proporciona un ajuste seguro para aplicaciones industriales que requieren una distribuci\u00f3n precisa del calor. Fabricado con materiales de primera calidad, ofrece un rendimiento constante, incluso en entornos hostiles. Su versatilidad lo hace ideal para su uso en procesamiento qu\u00edmico, equipos de alimentos y bebidas, calentamiento de agua y otros sistemas industriales.<\/span><\/p>\n<p><span>El\u00a0<\/span><strong><span>calentador tubular con brida de 2 pulgadas<\/span><\/strong><span>\u00a0se puede personalizar para adaptarse a requisitos operativos espec\u00edficos. Ya sea que necesite ajustes de potencia, voltaje o rangos de temperatura, nuestro equipo est\u00e1 listo para crear una soluci\u00f3n a medida para optimizar sus procesos.<\/span><\/p>\n<h3><span>\u00bfPor qu\u00e9 elegir Cheri Heater?<\/span><\/h3>\n<p><span>Con a\u00f1os de experiencia en la industria de la calefacci\u00f3n, nos comprometemos a ofrecer productos de primera calidad y un servicio al cliente excepcional. Nuestros calentadores se fabrican cumpliendo estrictos est\u00e1ndares de calidad, lo que garantiza un funcionamiento fiable y un rendimiento duradero.<\/span><\/p>\n<p><span>Visite\u00a0<\/span><strong><a href=\"https:\/\/cheri-heater.com\/\" target=\"_new\" rel=\"noopener\"><span>cheri-heater.com<\/span><\/a><\/strong><span>\u00a0para explorar nuestra gama de innovadores productos de calefacci\u00f3n. Desde asesoramiento experto hasta soluciones personalizadas, estamos aqu\u00ed para ayudarle a optimizar sus operaciones con tecnolog\u00eda de calefacci\u00f3n confiable y eficiente. Actualice sus sistemas con el rendimiento confiable de nuestro\u00a0<\/span><strong><span>calentador tubular con brida de 2 pulgadas<\/span><\/strong><span>\u00a0y experimente la diferencia hoy mismo.<\/span><\/p>\n","protected":false},"featured_media":1918,"template":"","meta":[],"product_brand":[],"product_cat":[28],"product_tag":[205],"class_list":{"0":"post-1916","1":"product","2":"type-product","3":"status-publish","4":"has-post-thumbnail","6":"product_cat-tubular-heater","7":"product_tag-calentador-tubular-con-brida-de-2-pulgadas","9":"first","10":"instock","11":"shipping-taxable","12":"product-type-simple"},"yoast_head":"<!-- This site is optimized with the Yoast SEO plugin v27.3 - https:\/\/yoast.com\/product\/yoast-seo-wordpress\/ -->\n<title>Calentador tubular de brida de 2 pulgadas de alta calidad | Cheri-heater.com<\/title>\n<meta name=\"description\" content=\"El calentador tubular con brida de 2 pulgadas de Cheri Heater est\u00e1 dise\u00f1ado para ofrecer durabilidad y un rendimiento eficiente en aplicaciones industriales. Ideal para instalaciones seguras y una distribuci\u00f3n precisa del calor, con opciones personalizables para satisfacer sus necesidades espec\u00edficas. Visite cheri-heater.com para m\u00e1s informaci\u00f3n.\" \/>\n<meta name=\"robots\" content=\"index, follow, max-snippet:-1, max-image-preview:large, max-video-preview:-1\" \/>\n<link rel=\"canonical\" href=\"https:\/\/cheri-heater.com\/esp\/product\/calentador-tubular-con-brida-de-2-pulgadas\/\" \/>\n<meta property=\"og:locale\" content=\"en_US\" \/>\n<meta property=\"og:type\" content=\"article\" \/>\n<meta property=\"og:title\" content=\"Calentador tubular de brida de 2 pulgadas de alta calidad | Cheri-heater.com\" \/>\n<meta property=\"og:description\" content=\"El calentador tubular con brida de 2 pulgadas de Cheri Heater est\u00e1 dise\u00f1ado para ofrecer durabilidad y un rendimiento eficiente en aplicaciones industriales. Ideal para instalaciones seguras y una distribuci\u00f3n precisa del calor, con opciones personalizables para satisfacer sus necesidades espec\u00edficas. Visite cheri-heater.com para m\u00e1s informaci\u00f3n.\" \/>\n<meta property=\"og:url\" content=\"https:\/\/cheri-heater.com\/esp\/product\/calentador-tubular-con-brida-de-2-pulgadas\/\" \/>\n<meta property=\"og:site_name\" content=\"Cheri Heater Technology Co.,Ltd.\" \/>\n<meta property=\"og:image\" content=\"https:\/\/cheri-heater.com\/esp\/wp-content\/uploads\/2025\/05\/82d18ff1-6f1a-4a6b-9ddd-f781f22bb445.jpg\" \/>\n\t<meta property=\"og:image:width\" content=\"1000\" \/>\n\t<meta property=\"og:image:height\" content=\"1000\" \/>\n\t<meta property=\"og:image:type\" content=\"image\/jpeg\" \/>\n<meta name=\"twitter:card\" content=\"summary_large_image\" \/>\n<meta name=\"twitter:label1\" content=\"Est. reading time\" \/>\n\t<meta name=\"twitter:data1\" content=\"1 minute\" \/>\n<!-- \/ Yoast SEO plugin. -->","yoast_head_json":{"title":"Calentador tubular de brida de 2 pulgadas de alta calidad | Cheri-heater.com","description":"El calentador tubular con brida de 2 pulgadas de Cheri Heater est\u00e1 dise\u00f1ado para ofrecer durabilidad y un rendimiento eficiente en aplicaciones industriales. Ideal para instalaciones seguras y una distribuci\u00f3n precisa del calor, con opciones personalizables para satisfacer sus necesidades espec\u00edficas. Visite cheri-heater.com para m\u00e1s informaci\u00f3n.","robots":{"index":"index","follow":"follow","max-snippet":"max-snippet:-1","max-image-preview":"max-image-preview:large","max-video-preview":"max-video-preview:-1"},"canonical":"https:\/\/cheri-heater.com\/esp\/product\/calentador-tubular-con-brida-de-2-pulgadas\/","og_locale":"en_US","og_type":"article","og_title":"Calentador tubular de brida de 2 pulgadas de alta calidad | Cheri-heater.com","og_description":"El calentador tubular con brida de 2 pulgadas de Cheri Heater est\u00e1 dise\u00f1ado para ofrecer durabilidad y un rendimiento eficiente en aplicaciones industriales. Ideal para instalaciones seguras y una distribuci\u00f3n precisa del calor, con opciones personalizables para satisfacer sus necesidades espec\u00edficas. Visite cheri-heater.com para m\u00e1s informaci\u00f3n.","og_url":"https:\/\/cheri-heater.com\/esp\/product\/calentador-tubular-con-brida-de-2-pulgadas\/","og_site_name":"Cheri Heater Technology Co.,Ltd.","og_image":[{"width":1000,"height":1000,"url":"https:\/\/cheri-heater.com\/esp\/wp-content\/uploads\/2025\/05\/82d18ff1-6f1a-4a6b-9ddd-f781f22bb445.jpg","type":"image\/jpeg"}],"twitter_card":"summary_large_image","twitter_misc":{"Est. reading time":"1 minute"},"schema":{"@context":"https:\/\/schema.org","@graph":[{"@type":"WebPage","@id":"https:\/\/cheri-heater.com\/esp\/product\/calentador-tubular-con-brida-de-2-pulgadas\/","url":"https:\/\/cheri-heater.com\/esp\/product\/calentador-tubular-con-brida-de-2-pulgadas\/","name":"Calentador tubular de brida de 2 pulgadas de alta calidad | Cheri-heater.com","isPartOf":{"@id":"https:\/\/cheri-heater.com\/esp\/#website"},"primaryImageOfPage":{"@id":"https:\/\/cheri-heater.com\/esp\/product\/calentador-tubular-con-brida-de-2-pulgadas\/#primaryimage"},"image":{"@id":"https:\/\/cheri-heater.com\/esp\/product\/calentador-tubular-con-brida-de-2-pulgadas\/#primaryimage"},"thumbnailUrl":"https:\/\/cheri-heater.com\/esp\/wp-content\/uploads\/2025\/05\/82d18ff1-6f1a-4a6b-9ddd-f781f22bb445.jpg","datePublished":"2025-05-08T02:12:25+00:00","description":"El calentador tubular con brida de 2 pulgadas de Cheri Heater est\u00e1 dise\u00f1ado para ofrecer durabilidad y un rendimiento eficiente en aplicaciones industriales. Ideal para instalaciones seguras y una distribuci\u00f3n precisa del calor, con opciones personalizables para satisfacer sus necesidades espec\u00edficas. Visite cheri-heater.com para m\u00e1s informaci\u00f3n.","breadcrumb":{"@id":"https:\/\/cheri-heater.com\/esp\/product\/calentador-tubular-con-brida-de-2-pulgadas\/#breadcrumb"},"inLanguage":"en-US","potentialAction":[{"@type":"ReadAction","target":["https:\/\/cheri-heater.com\/esp\/product\/calentador-tubular-con-brida-de-2-pulgadas\/"]}]},{"@type":"ImageObject","inLanguage":"en-US","@id":"https:\/\/cheri-heater.com\/esp\/product\/calentador-tubular-con-brida-de-2-pulgadas\/#primaryimage","url":"https:\/\/cheri-heater.com\/esp\/wp-content\/uploads\/2025\/05\/82d18ff1-6f1a-4a6b-9ddd-f781f22bb445.jpg","contentUrl":"https:\/\/cheri-heater.com\/esp\/wp-content\/uploads\/2025\/05\/82d18ff1-6f1a-4a6b-9ddd-f781f22bb445.jpg","width":1000,"height":1000,"caption":"Calentador Tubular Con Brida De 2 Pulgadas"},{"@type":"BreadcrumbList","@id":"https:\/\/cheri-heater.com\/esp\/product\/calentador-tubular-con-brida-de-2-pulgadas\/#breadcrumb","itemListElement":[{"@type":"ListItem","position":1,"name":"Home","item":"https:\/\/cheri-heater.com\/esp\/"},{"@type":"ListItem","position":2,"name":"Products","item":"https:\/\/cheri-heater.com\/esp\/products\/"},{"@type":"ListItem","position":3,"name":"Calentador Tubular Con Brida De 2 Pulgadas"}]},{"@type":"WebSite","@id":"https:\/\/cheri-heater.com\/esp\/#website","url":"https:\/\/cheri-heater.com\/esp\/","name":"Cheri Heater Technology Co.,Ltd.","description":"","publisher":{"@id":"https:\/\/cheri-heater.com\/esp\/#organization"},"potentialAction":[{"@type":"SearchAction","target":{"@type":"EntryPoint","urlTemplate":"https:\/\/cheri-heater.com\/esp\/?s={search_term_string}"},"query-input":{"@type":"PropertyValueSpecification","valueRequired":true,"valueName":"search_term_string"}}],"inLanguage":"en-US"},{"@type":"Organization","@id":"https:\/\/cheri-heater.com\/esp\/#organization","name":"Cheri Heater Technology Co.,Ltd.","url":"https:\/\/cheri-heater.com\/esp\/","logo":{"@type":"ImageObject","inLanguage":"en-US","@id":"https:\/\/cheri-heater.com\/esp\/#\/schema\/logo\/image\/","url":"https:\/\/cheri-heater.com\/esp\/wp-content\/uploads\/2024\/06\/cropped-logo-resize.png","contentUrl":"https:\/\/cheri-heater.com\/esp\/wp-content\/uploads\/2024\/06\/cropped-logo-resize.png","width":346,"height":99,"caption":"Cheri Heater Technology Co.,Ltd."},"image":{"@id":"https:\/\/cheri-heater.com\/esp\/#\/schema\/logo\/image\/"}}]}},"_links":{"self":[{"href":"https:\/\/cheri-heater.com\/esp\/wp-json\/wp\/v2\/product\/1916","targetHints":{"allow":["GET"]}}],"collection":[{"href":"https:\/\/cheri-heater.com\/esp\/wp-json\/wp\/v2\/product"}],"about":[{"href":"https:\/\/cheri-heater.com\/esp\/wp-json\/wp\/v2\/types\/product"}],"wp:featuredmedia":[{"embeddable":true,"href":"https:\/\/cheri-heater.com\/esp\/wp-json\/wp\/v2\/media\/1918"}],"wp:attachment":[{"href":"https:\/\/cheri-heater.com\/esp\/wp-json\/wp\/v2\/media?parent=1916"}],"wp:term":[{"taxonomy":"product_brand","embeddable":true,"href":"https:\/\/cheri-heater.com\/esp\/wp-json\/wp\/v2\/product_brand?post=1916"},{"taxonomy":"product_cat","embeddable":true,"href":"https:\/\/cheri-heater.com\/esp\/wp-json\/wp\/v2\/product_cat?post=1916"},{"taxonomy":"product_tag","embeddable":true,"href":"https:\/\/cheri-heater.com\/esp\/wp-json\/wp\/v2\/product_tag?post=1916"}],"curies":[{"name":"wp","href":"https:\/\/api.w.org\/{rel}","templated":true}]}}