{"id":1919,"date":"2025-05-08T02:23:33","date_gmt":"2025-05-08T02:23:33","guid":{"rendered":"https:\/\/cheri-heater.com\/esp\/?post_type=product&#038;p=1919"},"modified":"2025-05-08T02:23:33","modified_gmt":"2025-05-08T02:23:33","slug":"calentador-tubular-de-caldera","status":"publish","type":"product","link":"https:\/\/cheri-heater.com\/esp\/product\/calentador-tubular-de-caldera\/","title":{"rendered":"Calentador Tubular De Caldera"},"content":{"rendered":"","protected":false},"excerpt":{"rendered":"<h2><span><span class=\"\">Fabricantes de calentadores tubulares de caldera de alta calidad<\/span><\/span><\/h2>\n<p><span>\u00bfBusca una soluci\u00f3n de calefacci\u00f3n dise\u00f1ada para un rendimiento constante? El\u00a0<\/span><b><span>calentador tubular para caldera\u00a0<\/span><\/b><span>de Cheri Heater est\u00e1 dise\u00f1ado para aplicaciones industriales y ofrece fiabilidad y durabilidad en entornos de alta demanda.\u00a0<\/span><\/p>\n<p><span>Perfectos para compradores corporativos que buscan pedidos al por mayor, estos calentadores est\u00e1n dise\u00f1ados para cumplir con est\u00e1ndares rigurosos y al mismo tiempo garantizar la eficiencia energ\u00e9tica.<\/span><\/p>\n<h3><b><span>Calentador tubular de caldera superior para aplicaciones industriales<\/span><\/b><\/h3>\n<p><b><span>El calentador tubular para caldera\u00a0<\/span><\/b><span>de Cheri Heater\u00a0<\/span><span>destaca por su tecnolog\u00eda avanzada. Fabricado con acero inoxidable de alta calidad o aleaciones de n\u00edquel, garantiza una transferencia de calor \u00f3ptima y un rendimiento duradero. Estos calentadores est\u00e1n dise\u00f1ados para calderas en industrias como la manufacturera, la farmac\u00e9utica, la alimentaria y la qu\u00edmica.<\/span><\/p>\n<ul>\n<li aria-level=\"1\"><b><span>Dise\u00f1o personalizable\u00a0<\/span><\/b><span>: adapte las especificaciones del calentador para satisfacer los requisitos de su caldera.<\/span><\/li>\n<li aria-level=\"1\"><b><span>Eficiencia energ\u00e9tica\u00a0<\/span><\/b><span>: reducci\u00f3n del consumo de energ\u00eda sin comprometer la producci\u00f3n de calor.<\/span><\/li>\n<li aria-level=\"1\"><b><span>Seguridad garantizada\u00a0<\/span><\/b><span>: dise\u00f1ado para funcionar dentro de rangos de temperatura seguros, protegiendo tanto al equipo como al personal.<\/span><\/li>\n<\/ul>\n<p><span>Con estas caracter\u00edsticas, sus operaciones se desarrollar\u00e1n sin problemas, reduciendo el tiempo de inactividad y los costos de mantenimiento.<\/span><\/p>\n<h3><b><span>\u00bfPor qu\u00e9 elegir el calentador tubular de caldera de Cheri Heater?<\/span><\/b><\/h3>\n<p><span>Cheri Heater es una marca de confianza en soluciones de calefacci\u00f3n industrial. Al elegir nuestro\u00a0<\/span><b><span>calentador tubular para caldera\u00a0<\/span><\/b><span>, invierte en:<\/span><\/p>\n<ul>\n<li aria-level=\"1\"><b><span>Durabilidad\u00a0<\/span><\/b><span>: Materiales de alta calidad que soportan temperaturas extremas y condiciones duras.<\/span><\/li>\n<li aria-level=\"1\"><b><span>Escalabilidad\u00a0<\/span><\/b><span>: ideal para compradores corporativos que necesitan soluciones de calefacci\u00f3n a gran escala.<\/span><\/li>\n<li aria-level=\"1\"><b><span>Soluciones rentables\u00a0<\/span><\/b><span>: precios competitivos para pedidos al por mayor, lo que garantiza el valor de cada unidad.<\/span><\/li>\n<\/ul>\n<p><span>Los compradores corporativos valoran nuestro compromiso con la calidad y la consistencia. Cada calentador se somete a rigurosas pruebas para cumplir con los est\u00e1ndares de la industria, lo que garantiza el rendimiento que necesita sin sacrificar nada.<\/span><\/p>\n<h3><b><span>Industrias que se benefician de un calentador tubular de caldera<\/span><\/b><\/h3>\n<p><b><span>El calentador tubular de caldera\u00a0<\/span><\/b><span>de Cheri Heater\u00a0<\/span><span>es una soluci\u00f3n vers\u00e1til que se adapta a una variedad de industrias:<\/span><\/p>\n<ul>\n<li aria-level=\"1\"><b><span>Textil\u00a0<\/span><\/b><span>: Calefacci\u00f3n fiable para te\u00f1ir y procesar.<\/span><\/li>\n<li aria-level=\"1\"><b><span>Qu\u00edmica\u00a0<\/span><\/b><span>: Control de temperatura de precisi\u00f3n para reacciones sensibles.<\/span><\/li>\n<li aria-level=\"1\"><b><span>Alimentos y bebidas\u00a0<\/span><\/b><span>: calentamiento seguro para procesamiento y esterilizaci\u00f3n.<\/span><\/li>\n<\/ul>\n<p><span>Mejore sus operaciones con la experiencia y los productos de primera clase de Cheri Heater. Conf\u00ede en nosotros para ofrecerle soluciones de calefacci\u00f3n que impulsan la eficiencia y reducen los costos operativos de su negocio.<\/span><\/p>\n<p><span>Comun\u00edquese con Cheri Heater hoy para obtener m\u00e1s informaci\u00f3n sobre nuestros calentadores tubulares de caldera o solicitar una cotizaci\u00f3n personalizada para pedidos al por mayor.<\/span><\/p>\n","protected":false},"featured_media":1920,"template":"","meta":[],"product_brand":[],"product_cat":[28],"product_tag":[206],"class_list":{"0":"post-1919","1":"product","2":"type-product","3":"status-publish","4":"has-post-thumbnail","6":"product_cat-tubular-heater","7":"product_tag-calentador-tubular-de-caldera","9":"first","10":"instock","11":"shipping-taxable","12":"product-type-simple"},"yoast_head":"<!-- This site is optimized with the Yoast SEO plugin v27.4 - https:\/\/yoast.com\/product\/yoast-seo-wordpress\/ -->\n<title>Mejores fabricantes de calentadores tubulares para calderas | Cheri-heater.com<\/title>\n<meta name=\"description\" content=\"Fabricantes l\u00edderes de calentadores tubulares para calderas: calentadores tubulares duraderos y eficientes para calderas. Soluciones de calidad para necesidades de calefacci\u00f3n industrial. \u00a1Cont\u00e1ctenos!\" \/>\n<meta name=\"robots\" content=\"index, follow, max-snippet:-1, max-image-preview:large, max-video-preview:-1\" \/>\n<link rel=\"canonical\" href=\"https:\/\/cheri-heater.com\/esp\/product\/calentador-tubular-de-caldera\/\" \/>\n<meta property=\"og:locale\" content=\"en_US\" \/>\n<meta property=\"og:type\" content=\"article\" \/>\n<meta property=\"og:title\" content=\"Mejores fabricantes de calentadores tubulares para calderas | Cheri-heater.com\" \/>\n<meta property=\"og:description\" content=\"Fabricantes l\u00edderes de calentadores tubulares para calderas: calentadores tubulares duraderos y eficientes para calderas. Soluciones de calidad para necesidades de calefacci\u00f3n industrial. \u00a1Cont\u00e1ctenos!\" \/>\n<meta property=\"og:url\" content=\"https:\/\/cheri-heater.com\/esp\/product\/calentador-tubular-de-caldera\/\" \/>\n<meta property=\"og:site_name\" content=\"Cheri Heater Technology Co.,Ltd.\" \/>\n<meta property=\"og:image\" content=\"https:\/\/cheri-heater.com\/esp\/wp-content\/uploads\/2025\/05\/80d707df7c1957470267a382c3a56ff72c124a60_original.jpg\" \/>\n\t<meta property=\"og:image:width\" content=\"1001\" \/>\n\t<meta property=\"og:image:height\" content=\"1001\" \/>\n\t<meta property=\"og:image:type\" content=\"image\/jpeg\" \/>\n<meta name=\"twitter:card\" content=\"summary_large_image\" \/>\n<meta name=\"twitter:label1\" content=\"Est. reading time\" \/>\n\t<meta name=\"twitter:data1\" content=\"1 minute\" \/>\n<!-- \/ Yoast SEO plugin. -->","yoast_head_json":{"title":"Mejores fabricantes de calentadores tubulares para calderas | Cheri-heater.com","description":"Fabricantes l\u00edderes de calentadores tubulares para calderas: calentadores tubulares duraderos y eficientes para calderas. Soluciones de calidad para necesidades de calefacci\u00f3n industrial. \u00a1Cont\u00e1ctenos!","robots":{"index":"index","follow":"follow","max-snippet":"max-snippet:-1","max-image-preview":"max-image-preview:large","max-video-preview":"max-video-preview:-1"},"canonical":"https:\/\/cheri-heater.com\/esp\/product\/calentador-tubular-de-caldera\/","og_locale":"en_US","og_type":"article","og_title":"Mejores fabricantes de calentadores tubulares para calderas | Cheri-heater.com","og_description":"Fabricantes l\u00edderes de calentadores tubulares para calderas: calentadores tubulares duraderos y eficientes para calderas. Soluciones de calidad para necesidades de calefacci\u00f3n industrial. \u00a1Cont\u00e1ctenos!","og_url":"https:\/\/cheri-heater.com\/esp\/product\/calentador-tubular-de-caldera\/","og_site_name":"Cheri Heater Technology Co.,Ltd.","og_image":[{"width":1001,"height":1001,"url":"https:\/\/cheri-heater.com\/esp\/wp-content\/uploads\/2025\/05\/80d707df7c1957470267a382c3a56ff72c124a60_original.jpg","type":"image\/jpeg"}],"twitter_card":"summary_large_image","twitter_misc":{"Est. reading time":"1 minute"},"schema":{"@context":"https:\/\/schema.org","@graph":[{"@type":"WebPage","@id":"https:\/\/cheri-heater.com\/esp\/product\/calentador-tubular-de-caldera\/","url":"https:\/\/cheri-heater.com\/esp\/product\/calentador-tubular-de-caldera\/","name":"Mejores fabricantes de calentadores tubulares para calderas | Cheri-heater.com","isPartOf":{"@id":"https:\/\/cheri-heater.com\/esp\/#website"},"primaryImageOfPage":{"@id":"https:\/\/cheri-heater.com\/esp\/product\/calentador-tubular-de-caldera\/#primaryimage"},"image":{"@id":"https:\/\/cheri-heater.com\/esp\/product\/calentador-tubular-de-caldera\/#primaryimage"},"thumbnailUrl":"https:\/\/cheri-heater.com\/esp\/wp-content\/uploads\/2025\/05\/80d707df7c1957470267a382c3a56ff72c124a60_original.jpg","datePublished":"2025-05-08T02:23:33+00:00","description":"Fabricantes l\u00edderes de calentadores tubulares para calderas: calentadores tubulares duraderos y eficientes para calderas. Soluciones de calidad para necesidades de calefacci\u00f3n industrial. \u00a1Cont\u00e1ctenos!","breadcrumb":{"@id":"https:\/\/cheri-heater.com\/esp\/product\/calentador-tubular-de-caldera\/#breadcrumb"},"inLanguage":"en-US","potentialAction":[{"@type":"ReadAction","target":["https:\/\/cheri-heater.com\/esp\/product\/calentador-tubular-de-caldera\/"]}]},{"@type":"ImageObject","inLanguage":"en-US","@id":"https:\/\/cheri-heater.com\/esp\/product\/calentador-tubular-de-caldera\/#primaryimage","url":"https:\/\/cheri-heater.com\/esp\/wp-content\/uploads\/2025\/05\/80d707df7c1957470267a382c3a56ff72c124a60_original.jpg","contentUrl":"https:\/\/cheri-heater.com\/esp\/wp-content\/uploads\/2025\/05\/80d707df7c1957470267a382c3a56ff72c124a60_original.jpg","width":1001,"height":1001,"caption":"Calentador Tubular De Caldera"},{"@type":"BreadcrumbList","@id":"https:\/\/cheri-heater.com\/esp\/product\/calentador-tubular-de-caldera\/#breadcrumb","itemListElement":[{"@type":"ListItem","position":1,"name":"Home","item":"https:\/\/cheri-heater.com\/esp\/"},{"@type":"ListItem","position":2,"name":"Products","item":"https:\/\/cheri-heater.com\/esp\/products\/"},{"@type":"ListItem","position":3,"name":"Calentador Tubular De Caldera"}]},{"@type":"WebSite","@id":"https:\/\/cheri-heater.com\/esp\/#website","url":"https:\/\/cheri-heater.com\/esp\/","name":"Cheri Heater Technology Co.,Ltd.","description":"","publisher":{"@id":"https:\/\/cheri-heater.com\/esp\/#organization"},"potentialAction":[{"@type":"SearchAction","target":{"@type":"EntryPoint","urlTemplate":"https:\/\/cheri-heater.com\/esp\/?s={search_term_string}"},"query-input":{"@type":"PropertyValueSpecification","valueRequired":true,"valueName":"search_term_string"}}],"inLanguage":"en-US"},{"@type":"Organization","@id":"https:\/\/cheri-heater.com\/esp\/#organization","name":"Cheri Heater Technology Co.,Ltd.","url":"https:\/\/cheri-heater.com\/esp\/","logo":{"@type":"ImageObject","inLanguage":"en-US","@id":"https:\/\/cheri-heater.com\/esp\/#\/schema\/logo\/image\/","url":"https:\/\/cheri-heater.com\/esp\/wp-content\/uploads\/2024\/06\/cropped-logo-resize.png","contentUrl":"https:\/\/cheri-heater.com\/esp\/wp-content\/uploads\/2024\/06\/cropped-logo-resize.png","width":346,"height":99,"caption":"Cheri Heater Technology Co.,Ltd."},"image":{"@id":"https:\/\/cheri-heater.com\/esp\/#\/schema\/logo\/image\/"}}]}},"_links":{"self":[{"href":"https:\/\/cheri-heater.com\/esp\/wp-json\/wp\/v2\/product\/1919","targetHints":{"allow":["GET"]}}],"collection":[{"href":"https:\/\/cheri-heater.com\/esp\/wp-json\/wp\/v2\/product"}],"about":[{"href":"https:\/\/cheri-heater.com\/esp\/wp-json\/wp\/v2\/types\/product"}],"wp:featuredmedia":[{"embeddable":true,"href":"https:\/\/cheri-heater.com\/esp\/wp-json\/wp\/v2\/media\/1920"}],"wp:attachment":[{"href":"https:\/\/cheri-heater.com\/esp\/wp-json\/wp\/v2\/media?parent=1919"}],"wp:term":[{"taxonomy":"product_brand","embeddable":true,"href":"https:\/\/cheri-heater.com\/esp\/wp-json\/wp\/v2\/product_brand?post=1919"},{"taxonomy":"product_cat","embeddable":true,"href":"https:\/\/cheri-heater.com\/esp\/wp-json\/wp\/v2\/product_cat?post=1919"},{"taxonomy":"product_tag","embeddable":true,"href":"https:\/\/cheri-heater.com\/esp\/wp-json\/wp\/v2\/product_tag?post=1919"}],"curies":[{"name":"wp","href":"https:\/\/api.w.org\/{rel}","templated":true}]}}