{"id":1921,"date":"2025-05-08T02:27:53","date_gmt":"2025-05-08T02:27:53","guid":{"rendered":"https:\/\/cheri-heater.com\/esp\/?post_type=product&#038;p=1921"},"modified":"2025-05-08T02:27:53","modified_gmt":"2025-05-08T02:27:53","slug":"calentador-tubular-personalizado","status":"publish","type":"product","link":"https:\/\/cheri-heater.com\/esp\/product\/calentador-tubular-personalizado\/","title":{"rendered":"Calentador Tubular Personalizado"},"content":{"rendered":"","protected":false},"excerpt":{"rendered":"<h2><b><span><span class=\"\">El mejor calentador tubular personalizado\u00a0<\/span><\/span><\/b><\/h2>\n<p><b><span>Cheri Heater se especializa en proporcionar calentadores tubulares personalizados de\u00a0<\/span><\/b><span>alta calidad,\u00a0<\/span><span>dise\u00f1ados para aplicaciones industriales. Dise\u00f1ados para brindar eficiencia y durabilidad, nuestros calentadores se fabrican para cumplir con las especificaciones exactas de sus proyectos, garantizando un rendimiento \u00f3ptimo en entornos exigentes. Ya sea que necesite una densidad de potencia espec\u00edfica o formas personalizadas, le entregamos calentadores que se ajustan a sus requisitos t\u00e9cnicos.<\/span><\/p>\n<h3><b><span>Aplicaciones de calentadores tubulares personalizados<\/span><\/b><\/h3>\n<p><b><span>Los calentadores tubulares personalizados\u00a0<\/span><\/b><span>de Cheri Heater\u00a0<\/span><span>gozan de gran confianza en diversas industrias por su versatilidad y rendimiento. Algunas aplicaciones comunes incluyen:<\/span><\/p>\n<ul>\n<li aria-level=\"1\"><b><span>Fabricaci\u00f3n:\u00a0<\/span><\/b><span>Ideal para calentamiento preciso en procesos de extrusi\u00f3n, moldeo por inyecci\u00f3n y envasado.<\/span><\/li>\n<li aria-level=\"1\"><b><span>Sistemas HVAC:\u00a0<\/span><\/b><span>Perfectos para soluciones de calefacci\u00f3n de aire y espacios en instalaciones comerciales.<\/span><\/li>\n<li aria-level=\"1\"><b><span>Procesamiento de alimentos:\u00a0<\/span><\/b><span>garantiza un control de temperatura constante para hornos, freidoras y equipos de secado.<\/span><\/li>\n<li aria-level=\"1\"><b><span>Equipo m\u00e9dico:\u00a0<\/span><\/b><span>proporciona calentamiento confiable para esterilizadores y dispositivos de diagn\u00f3stico.<\/span><\/li>\n<\/ul>\n<p><span>Nuestros calentadores est\u00e1n dise\u00f1ados para soportar condiciones extremas, lo que los convierte en la opci\u00f3n preferida de los profesionales que buscan soluciones de calefacci\u00f3n robustas.<\/span><\/p>\n<h3><b><span>Caracter\u00edsticas superiores del calentador tubular personalizado de Cheri Heater<\/span><\/b><\/h3>\n<p><b><span>Los calentadores tubulares personalizados\u00a0<\/span><\/b><span>de Cheri Heater\u00a0<\/span><span>vienen equipados con caracter\u00edsticas avanzadas para cumplir con sus objetivos operativos:<\/span><\/p>\n<ul>\n<li aria-level=\"1\"><b><span>Opciones de dise\u00f1o personalizado:\u00a0<\/span><\/b><span>forma, tama\u00f1o y potencia adaptados a su aplicaci\u00f3n.<\/span><\/li>\n<li aria-level=\"1\"><b><span>Resistencia a la corrosi\u00f3n:\u00a0<\/span><\/b><span>Fabricado con materiales duraderos como acero inoxidable e Incoloy para soportar entornos hostiles.<\/span><\/li>\n<li aria-level=\"1\"><b><span>Eficiencia energ\u00e9tica:\u00a0<\/span><\/b><span>optimizado para una m\u00e1xima transferencia de calor y un consumo de energ\u00eda reducido.<\/span><\/li>\n<li aria-level=\"1\"><b><span>Cumplimiento de est\u00e1ndares de seguridad:\u00a0<\/span><\/b><span>Dise\u00f1ado para cumplir con las certificaciones y regulaciones de seguridad de la industria.<\/span><\/li>\n<\/ul>\n<p><span>Cuando elige Cheri Heater, est\u00e1 invirtiendo en tecnolog\u00eda que ofrece calefacci\u00f3n precisa con confiabilidad a largo plazo.<\/span><\/p>\n<h3><b><span>\u00bfPor qu\u00e9 elegir el calentador tubular personalizado de Cheri Heater?<\/span><\/b><\/h3>\n<p><span>Para empresas que requieren\u00a0<\/span><b><span>calentadores tubulares personalizados\u00a0<\/span><\/b><span>al por mayor, Cheri Heater es el socio de confianza que ofrece calidad y rendimiento. Con a\u00f1os de experiencia sirviendo a industrias de todo el mundo, priorizamos sus necesidades operativas con procesos de fabricaci\u00f3n eficientes y soporte dedicado.<\/span><\/p>\n<h3><b><span>Asociese con Cheri Heater para obtener calentadores tubulares personalizados\u00a0<\/span><\/b><\/h3>\n<p><span>Comun\u00edquese con nuestro equipo hoy para analizar sus necesidades de calefacci\u00f3n y descubrir c\u00f3mo Cheri Heater puede ser el socio adecuado para sus soluciones de calefacci\u00f3n industrial.<\/span><\/p>\n","protected":false},"featured_media":1922,"template":"","meta":[],"product_brand":[],"product_cat":[28],"product_tag":[207],"class_list":{"0":"post-1921","1":"product","2":"type-product","3":"status-publish","4":"has-post-thumbnail","6":"product_cat-tubular-heater","7":"product_tag-calentador-tubular-personalizado","9":"first","10":"instock","11":"shipping-taxable","12":"product-type-simple"},"yoast_head":"<!-- This site is optimized with the Yoast SEO plugin v27.4 - https:\/\/yoast.com\/product\/yoast-seo-wordpress\/ -->\n<title>Los mejores fabricantes de calentadores tubulares personalizados | Cheri-heater.com<\/title>\n<meta name=\"description\" content=\"Descubra calentadores tubulares personalizados de alta calidad de los mejores fabricantes. Eficientes, duraderos y perfectos para diversas aplicaciones de calefacci\u00f3n industrial.\" \/>\n<meta name=\"robots\" content=\"index, follow, max-snippet:-1, max-image-preview:large, max-video-preview:-1\" \/>\n<link rel=\"canonical\" href=\"https:\/\/cheri-heater.com\/esp\/product\/calentador-tubular-personalizado\/\" \/>\n<meta property=\"og:locale\" content=\"en_US\" \/>\n<meta property=\"og:type\" content=\"article\" \/>\n<meta property=\"og:title\" content=\"Los mejores fabricantes de calentadores tubulares personalizados | Cheri-heater.com\" \/>\n<meta property=\"og:description\" content=\"Descubra calentadores tubulares personalizados de alta calidad de los mejores fabricantes. Eficientes, duraderos y perfectos para diversas aplicaciones de calefacci\u00f3n industrial.\" \/>\n<meta property=\"og:url\" content=\"https:\/\/cheri-heater.com\/esp\/product\/calentador-tubular-personalizado\/\" \/>\n<meta property=\"og:site_name\" content=\"Cheri Heater Technology Co.,Ltd.\" \/>\n<meta property=\"og:image\" content=\"https:\/\/cheri-heater.com\/esp\/wp-content\/uploads\/2025\/05\/steam.jpg\" \/>\n\t<meta property=\"og:image:width\" content=\"320\" \/>\n\t<meta property=\"og:image:height\" content=\"320\" \/>\n\t<meta property=\"og:image:type\" content=\"image\/jpeg\" \/>\n<meta name=\"twitter:card\" content=\"summary_large_image\" \/>\n<meta name=\"twitter:label1\" content=\"Est. reading time\" \/>\n\t<meta name=\"twitter:data1\" content=\"1 minute\" \/>\n<!-- \/ Yoast SEO plugin. -->","yoast_head_json":{"title":"Los mejores fabricantes de calentadores tubulares personalizados | Cheri-heater.com","description":"Descubra calentadores tubulares personalizados de alta calidad de los mejores fabricantes. Eficientes, duraderos y perfectos para diversas aplicaciones de calefacci\u00f3n industrial.","robots":{"index":"index","follow":"follow","max-snippet":"max-snippet:-1","max-image-preview":"max-image-preview:large","max-video-preview":"max-video-preview:-1"},"canonical":"https:\/\/cheri-heater.com\/esp\/product\/calentador-tubular-personalizado\/","og_locale":"en_US","og_type":"article","og_title":"Los mejores fabricantes de calentadores tubulares personalizados | Cheri-heater.com","og_description":"Descubra calentadores tubulares personalizados de alta calidad de los mejores fabricantes. Eficientes, duraderos y perfectos para diversas aplicaciones de calefacci\u00f3n industrial.","og_url":"https:\/\/cheri-heater.com\/esp\/product\/calentador-tubular-personalizado\/","og_site_name":"Cheri Heater Technology Co.,Ltd.","og_image":[{"width":320,"height":320,"url":"https:\/\/cheri-heater.com\/esp\/wp-content\/uploads\/2025\/05\/steam.jpg","type":"image\/jpeg"}],"twitter_card":"summary_large_image","twitter_misc":{"Est. reading time":"1 minute"},"schema":{"@context":"https:\/\/schema.org","@graph":[{"@type":"WebPage","@id":"https:\/\/cheri-heater.com\/esp\/product\/calentador-tubular-personalizado\/","url":"https:\/\/cheri-heater.com\/esp\/product\/calentador-tubular-personalizado\/","name":"Los mejores fabricantes de calentadores tubulares personalizados | Cheri-heater.com","isPartOf":{"@id":"https:\/\/cheri-heater.com\/esp\/#website"},"primaryImageOfPage":{"@id":"https:\/\/cheri-heater.com\/esp\/product\/calentador-tubular-personalizado\/#primaryimage"},"image":{"@id":"https:\/\/cheri-heater.com\/esp\/product\/calentador-tubular-personalizado\/#primaryimage"},"thumbnailUrl":"https:\/\/cheri-heater.com\/esp\/wp-content\/uploads\/2025\/05\/steam.jpg","datePublished":"2025-05-08T02:27:53+00:00","description":"Descubra calentadores tubulares personalizados de alta calidad de los mejores fabricantes. Eficientes, duraderos y perfectos para diversas aplicaciones de calefacci\u00f3n industrial.","breadcrumb":{"@id":"https:\/\/cheri-heater.com\/esp\/product\/calentador-tubular-personalizado\/#breadcrumb"},"inLanguage":"en-US","potentialAction":[{"@type":"ReadAction","target":["https:\/\/cheri-heater.com\/esp\/product\/calentador-tubular-personalizado\/"]}]},{"@type":"ImageObject","inLanguage":"en-US","@id":"https:\/\/cheri-heater.com\/esp\/product\/calentador-tubular-personalizado\/#primaryimage","url":"https:\/\/cheri-heater.com\/esp\/wp-content\/uploads\/2025\/05\/steam.jpg","contentUrl":"https:\/\/cheri-heater.com\/esp\/wp-content\/uploads\/2025\/05\/steam.jpg","width":320,"height":320,"caption":"Calentador Tubular Personalizado"},{"@type":"BreadcrumbList","@id":"https:\/\/cheri-heater.com\/esp\/product\/calentador-tubular-personalizado\/#breadcrumb","itemListElement":[{"@type":"ListItem","position":1,"name":"Home","item":"https:\/\/cheri-heater.com\/esp\/"},{"@type":"ListItem","position":2,"name":"Products","item":"https:\/\/cheri-heater.com\/esp\/products\/"},{"@type":"ListItem","position":3,"name":"Calentador Tubular Personalizado"}]},{"@type":"WebSite","@id":"https:\/\/cheri-heater.com\/esp\/#website","url":"https:\/\/cheri-heater.com\/esp\/","name":"Cheri Heater Technology Co.,Ltd.","description":"","publisher":{"@id":"https:\/\/cheri-heater.com\/esp\/#organization"},"potentialAction":[{"@type":"SearchAction","target":{"@type":"EntryPoint","urlTemplate":"https:\/\/cheri-heater.com\/esp\/?s={search_term_string}"},"query-input":{"@type":"PropertyValueSpecification","valueRequired":true,"valueName":"search_term_string"}}],"inLanguage":"en-US"},{"@type":"Organization","@id":"https:\/\/cheri-heater.com\/esp\/#organization","name":"Cheri Heater Technology Co.,Ltd.","url":"https:\/\/cheri-heater.com\/esp\/","logo":{"@type":"ImageObject","inLanguage":"en-US","@id":"https:\/\/cheri-heater.com\/esp\/#\/schema\/logo\/image\/","url":"https:\/\/cheri-heater.com\/esp\/wp-content\/uploads\/2024\/06\/cropped-logo-resize.png","contentUrl":"https:\/\/cheri-heater.com\/esp\/wp-content\/uploads\/2024\/06\/cropped-logo-resize.png","width":346,"height":99,"caption":"Cheri Heater Technology Co.,Ltd."},"image":{"@id":"https:\/\/cheri-heater.com\/esp\/#\/schema\/logo\/image\/"}}]}},"_links":{"self":[{"href":"https:\/\/cheri-heater.com\/esp\/wp-json\/wp\/v2\/product\/1921","targetHints":{"allow":["GET"]}}],"collection":[{"href":"https:\/\/cheri-heater.com\/esp\/wp-json\/wp\/v2\/product"}],"about":[{"href":"https:\/\/cheri-heater.com\/esp\/wp-json\/wp\/v2\/types\/product"}],"wp:featuredmedia":[{"embeddable":true,"href":"https:\/\/cheri-heater.com\/esp\/wp-json\/wp\/v2\/media\/1922"}],"wp:attachment":[{"href":"https:\/\/cheri-heater.com\/esp\/wp-json\/wp\/v2\/media?parent=1921"}],"wp:term":[{"taxonomy":"product_brand","embeddable":true,"href":"https:\/\/cheri-heater.com\/esp\/wp-json\/wp\/v2\/product_brand?post=1921"},{"taxonomy":"product_cat","embeddable":true,"href":"https:\/\/cheri-heater.com\/esp\/wp-json\/wp\/v2\/product_cat?post=1921"},{"taxonomy":"product_tag","embeddable":true,"href":"https:\/\/cheri-heater.com\/esp\/wp-json\/wp\/v2\/product_tag?post=1921"}],"curies":[{"name":"wp","href":"https:\/\/api.w.org\/{rel}","templated":true}]}}