{"id":1925,"date":"2025-05-08T02:40:17","date_gmt":"2025-05-08T02:40:17","guid":{"rendered":"https:\/\/cheri-heater.com\/esp\/?post_type=product&#038;p=1925"},"modified":"2025-05-08T02:40:17","modified_gmt":"2025-05-08T02:40:17","slug":"calentador-ceramico-de-horno","status":"publish","type":"product","link":"https:\/\/cheri-heater.com\/esp\/product\/calentador-ceramico-de-horno\/","title":{"rendered":"Calentador Cer\u00e1mico De Horno"},"content":{"rendered":"","protected":false},"excerpt":{"rendered":"<h2><b><span><span class=\"\">Calentador cer\u00e1mico de alta calidad\u00a0<\/span><\/span><\/b><\/h2>\n<p><b><span>Cheri Heater se especializa en calentadores cer\u00e1micos\u00a0<\/span><\/b><span>de alto rendimiento para hornos\u00a0<\/span><span>, dise\u00f1ados para aplicaciones industriales que requieren un suministro de calor constante. Fabricados con tecnolog\u00eda cer\u00e1mica avanzada, nuestros calentadores garantizan una transferencia t\u00e9rmica eficiente, ahorro de energ\u00eda y una durabilidad excepcional, lo que los convierte en la opci\u00f3n preferida de las empresas que buscan optimizar sus operaciones.<\/span><\/p>\n<h2><b><span>\u00bfPor qu\u00e9 elegir Cheri Heater para sus necesidades de calentador de cer\u00e1mica para horno?\u00a0<\/span><\/b><\/h2>\n<p><span>En cuanto a soluciones de calefacci\u00f3n, nuestros calentadores cer\u00e1micos destacan por su durabilidad y rendimiento, garantizando un tiempo de inactividad m\u00ednimo y la m\u00e1xima productividad. Ya sea que trabaje en los sectores metal\u00fargico, qu\u00edmico o manufacturero, Cheri Heater ofrece soluciones robustas dise\u00f1adas para satisfacer sus necesidades de alta demanda.<\/span><\/p>\n<h2><b><span>Las ventajas de los calentadores cer\u00e1micos de Cheri Heater<\/span><\/b><\/h2>\n<p><b><span>Los calentadores cer\u00e1micos para hornos\u00a0<\/span><\/b><span>de Cheri Heater\u00a0<\/span><span>est\u00e1n dise\u00f1ados para satisfacer las rigurosas exigencias de los entornos industriales. Sus principales ventajas incluyen:<\/span><\/p>\n<ul>\n<li aria-level=\"1\"><b><span>Eficiencia energ\u00e9tica:\u00a0<\/span><\/b><span>Nuestros calentadores consumen menos energ\u00eda manteniendo un rendimiento de calefacci\u00f3n \u00f3ptimo, lo que le ayuda a reducir los costos operativos.<\/span><\/li>\n<li aria-level=\"1\"><b><span>Calentamiento de precisi\u00f3n:\u00a0<\/span><\/b><span>Los materiales cer\u00e1micos avanzados garantizan una distribuci\u00f3n uniforme del calor, algo fundamental para aplicaciones que requieren un control preciso de la temperatura.<\/span><\/li>\n<li aria-level=\"1\"><b><span>Durabilidad:\u00a0<\/span><\/b><span>Dise\u00f1ados para soportar condiciones extremas, nuestros calentadores mantienen la funcionalidad durante largos ciclos operativos.<\/span><\/li>\n<li aria-level=\"1\"><b><span>Personalizaci\u00f3n:\u00a0<\/span><\/b><span>Disponible en varios tama\u00f1os y configuraciones para adaptarse a diversos requisitos industriales.<\/span><\/li>\n<\/ul>\n<p><span>Los compradores corporativos pueden confiar en nuestros calentadores para un rendimiento superior, sabiendo que est\u00e1n fabricados para cumplir con estrictos est\u00e1ndares de calidad.<\/span><\/p>\n<h2><b><span>Industrias que dependen de calentadores cer\u00e1micos de horno<\/span><\/b><\/h2>\n<p><b><span>Los calentadores de cer\u00e1mica para hornos\u00a0<\/span><\/b><span>de Cheri Heater\u00a0<\/span><span>sirven para una amplia gama de industrias, que incluyen:<\/span><\/p>\n<ul>\n<li aria-level=\"1\"><b><span>Procesamiento de metales:\u00a0<\/span><\/b><span>ideal para aplicaciones como forja, recocido y fundici\u00f3n.<\/span><\/li>\n<li aria-level=\"1\"><b><span>Fabricaci\u00f3n de productos qu\u00edmicos:\u00a0<\/span><\/b><span>garantiza un control preciso de la temperatura en reactores y unidades de almacenamiento.<\/span><\/li>\n<li aria-level=\"1\"><b><span>Automotriz:\u00a0<\/span><\/b><span>Admite procesos avanzados de tratamiento t\u00e9rmico para piezas met\u00e1licas y compuestas.<\/span><\/li>\n<li aria-level=\"1\"><b><span>Generaci\u00f3n de energ\u00eda:\u00a0<\/span><\/b><span>mejora la eficiencia en las instalaciones de producci\u00f3n de energ\u00eda.<\/span><\/li>\n<\/ul>\n<p><span>Las empresas l\u00edderes a nivel mundial conf\u00edan en nuestros calentadores por su confiabilidad y eficiencia en operaciones a gran escala.<\/span><\/p>\n<h2><b><span>Asociese con Cheri Heater hoy<\/span><\/b><\/h2>\n<p><span><span class=\"\">Mejore sus soluciones de calefacci\u00f3n con los innovadores calentadores cer\u00e1micos para hornos de Cheri Heater. Nuestro equipo de expertos est\u00e1 listo para ayudarle a encontrar el calentador ideal para su aplicaci\u00f3n espec\u00edfica. Cont\u00e1ctenos hoy mismo para pedidos al por mayor y descubra c\u00f3mo nuestros productos pueden transformar sus operaciones industriales.<\/span><\/span><\/p>\n","protected":false},"featured_media":1132,"template":"","meta":[],"product_brand":[],"product_cat":[28],"product_tag":[209],"class_list":{"0":"post-1925","1":"product","2":"type-product","3":"status-publish","4":"has-post-thumbnail","6":"product_cat-tubular-heater","7":"product_tag-calentador-ceramico-de-horno","9":"first","10":"instock","11":"shipping-taxable","12":"product-type-simple"},"yoast_head":"<!-- This site is optimized with the Yoast SEO plugin v27.4 - https:\/\/yoast.com\/product\/yoast-seo-wordpress\/ -->\n<title>High Quality Furnace Ceramic Heater | Cheri-heater.com<\/title>\n<meta name=\"description\" content=\"Calentadores cer\u00e1micos para hornos, duraderos y eficientes. Ideales para aplicaciones de alta temperatura en sistemas de calefacci\u00f3n industriales y comerciales.\" \/>\n<meta name=\"robots\" content=\"index, follow, max-snippet:-1, max-image-preview:large, max-video-preview:-1\" \/>\n<link rel=\"canonical\" href=\"https:\/\/cheri-heater.com\/esp\/product\/calentador-ceramico-de-horno\/\" \/>\n<meta property=\"og:locale\" content=\"en_US\" \/>\n<meta property=\"og:type\" content=\"article\" \/>\n<meta property=\"og:title\" content=\"High Quality Furnace Ceramic Heater | Cheri-heater.com\" \/>\n<meta property=\"og:description\" content=\"Calentadores cer\u00e1micos para hornos, duraderos y eficientes. Ideales para aplicaciones de alta temperatura en sistemas de calefacci\u00f3n industriales y comerciales.\" \/>\n<meta property=\"og:url\" content=\"https:\/\/cheri-heater.com\/esp\/product\/calentador-ceramico-de-horno\/\" \/>\n<meta property=\"og:site_name\" content=\"Cheri Heater Technology Co.,Ltd.\" \/>\n<meta property=\"og:image\" content=\"https:\/\/cheri-heater.com\/esp\/wp-content\/uploads\/2024\/06\/\u5fae\u4fe1\u56fe\u7247_202306151435146.jpg\" \/>\n\t<meta property=\"og:image:width\" content=\"620\" \/>\n\t<meta property=\"og:image:height\" content=\"620\" \/>\n\t<meta property=\"og:image:type\" content=\"image\/jpeg\" \/>\n<meta name=\"twitter:card\" content=\"summary_large_image\" \/>\n<meta name=\"twitter:label1\" content=\"Est. reading time\" \/>\n\t<meta name=\"twitter:data1\" content=\"1 minute\" \/>\n<!-- \/ Yoast SEO plugin. -->","yoast_head_json":{"title":"High Quality Furnace Ceramic Heater | Cheri-heater.com","description":"Calentadores cer\u00e1micos para hornos, duraderos y eficientes. Ideales para aplicaciones de alta temperatura en sistemas de calefacci\u00f3n industriales y comerciales.","robots":{"index":"index","follow":"follow","max-snippet":"max-snippet:-1","max-image-preview":"max-image-preview:large","max-video-preview":"max-video-preview:-1"},"canonical":"https:\/\/cheri-heater.com\/esp\/product\/calentador-ceramico-de-horno\/","og_locale":"en_US","og_type":"article","og_title":"High Quality Furnace Ceramic Heater | Cheri-heater.com","og_description":"Calentadores cer\u00e1micos para hornos, duraderos y eficientes. Ideales para aplicaciones de alta temperatura en sistemas de calefacci\u00f3n industriales y comerciales.","og_url":"https:\/\/cheri-heater.com\/esp\/product\/calentador-ceramico-de-horno\/","og_site_name":"Cheri Heater Technology Co.,Ltd.","og_image":[{"width":620,"height":620,"url":"https:\/\/cheri-heater.com\/esp\/wp-content\/uploads\/2024\/06\/\u5fae\u4fe1\u56fe\u7247_202306151435146.jpg","type":"image\/jpeg"}],"twitter_card":"summary_large_image","twitter_misc":{"Est. reading time":"1 minute"},"schema":{"@context":"https:\/\/schema.org","@graph":[{"@type":"WebPage","@id":"https:\/\/cheri-heater.com\/esp\/product\/calentador-ceramico-de-horno\/","url":"https:\/\/cheri-heater.com\/esp\/product\/calentador-ceramico-de-horno\/","name":"High Quality Furnace Ceramic Heater | Cheri-heater.com","isPartOf":{"@id":"https:\/\/cheri-heater.com\/esp\/#website"},"primaryImageOfPage":{"@id":"https:\/\/cheri-heater.com\/esp\/product\/calentador-ceramico-de-horno\/#primaryimage"},"image":{"@id":"https:\/\/cheri-heater.com\/esp\/product\/calentador-ceramico-de-horno\/#primaryimage"},"thumbnailUrl":"https:\/\/cheri-heater.com\/esp\/wp-content\/uploads\/2024\/06\/\u5fae\u4fe1\u56fe\u7247_202306151435146.jpg","datePublished":"2025-05-08T02:40:17+00:00","description":"Calentadores cer\u00e1micos para hornos, duraderos y eficientes. Ideales para aplicaciones de alta temperatura en sistemas de calefacci\u00f3n industriales y comerciales.","breadcrumb":{"@id":"https:\/\/cheri-heater.com\/esp\/product\/calentador-ceramico-de-horno\/#breadcrumb"},"inLanguage":"en-US","potentialAction":[{"@type":"ReadAction","target":["https:\/\/cheri-heater.com\/esp\/product\/calentador-ceramico-de-horno\/"]}]},{"@type":"ImageObject","inLanguage":"en-US","@id":"https:\/\/cheri-heater.com\/esp\/product\/calentador-ceramico-de-horno\/#primaryimage","url":"https:\/\/cheri-heater.com\/esp\/wp-content\/uploads\/2024\/06\/\u5fae\u4fe1\u56fe\u7247_202306151435146.jpg","contentUrl":"https:\/\/cheri-heater.com\/esp\/wp-content\/uploads\/2024\/06\/\u5fae\u4fe1\u56fe\u7247_202306151435146.jpg","width":620,"height":620,"caption":"CALENTADORES TUBULARES"},{"@type":"BreadcrumbList","@id":"https:\/\/cheri-heater.com\/esp\/product\/calentador-ceramico-de-horno\/#breadcrumb","itemListElement":[{"@type":"ListItem","position":1,"name":"Home","item":"https:\/\/cheri-heater.com\/esp\/"},{"@type":"ListItem","position":2,"name":"Products","item":"https:\/\/cheri-heater.com\/esp\/products\/"},{"@type":"ListItem","position":3,"name":"Calentador Cer\u00e1mico De Horno"}]},{"@type":"WebSite","@id":"https:\/\/cheri-heater.com\/esp\/#website","url":"https:\/\/cheri-heater.com\/esp\/","name":"Cheri Heater Technology Co.,Ltd.","description":"","publisher":{"@id":"https:\/\/cheri-heater.com\/esp\/#organization"},"potentialAction":[{"@type":"SearchAction","target":{"@type":"EntryPoint","urlTemplate":"https:\/\/cheri-heater.com\/esp\/?s={search_term_string}"},"query-input":{"@type":"PropertyValueSpecification","valueRequired":true,"valueName":"search_term_string"}}],"inLanguage":"en-US"},{"@type":"Organization","@id":"https:\/\/cheri-heater.com\/esp\/#organization","name":"Cheri Heater Technology Co.,Ltd.","url":"https:\/\/cheri-heater.com\/esp\/","logo":{"@type":"ImageObject","inLanguage":"en-US","@id":"https:\/\/cheri-heater.com\/esp\/#\/schema\/logo\/image\/","url":"https:\/\/cheri-heater.com\/esp\/wp-content\/uploads\/2024\/06\/cropped-logo-resize.png","contentUrl":"https:\/\/cheri-heater.com\/esp\/wp-content\/uploads\/2024\/06\/cropped-logo-resize.png","width":346,"height":99,"caption":"Cheri Heater Technology Co.,Ltd."},"image":{"@id":"https:\/\/cheri-heater.com\/esp\/#\/schema\/logo\/image\/"}}]}},"_links":{"self":[{"href":"https:\/\/cheri-heater.com\/esp\/wp-json\/wp\/v2\/product\/1925","targetHints":{"allow":["GET"]}}],"collection":[{"href":"https:\/\/cheri-heater.com\/esp\/wp-json\/wp\/v2\/product"}],"about":[{"href":"https:\/\/cheri-heater.com\/esp\/wp-json\/wp\/v2\/types\/product"}],"wp:featuredmedia":[{"embeddable":true,"href":"https:\/\/cheri-heater.com\/esp\/wp-json\/wp\/v2\/media\/1132"}],"wp:attachment":[{"href":"https:\/\/cheri-heater.com\/esp\/wp-json\/wp\/v2\/media?parent=1925"}],"wp:term":[{"taxonomy":"product_brand","embeddable":true,"href":"https:\/\/cheri-heater.com\/esp\/wp-json\/wp\/v2\/product_brand?post=1925"},{"taxonomy":"product_cat","embeddable":true,"href":"https:\/\/cheri-heater.com\/esp\/wp-json\/wp\/v2\/product_cat?post=1925"},{"taxonomy":"product_tag","embeddable":true,"href":"https:\/\/cheri-heater.com\/esp\/wp-json\/wp\/v2\/product_tag?post=1925"}],"curies":[{"name":"wp","href":"https:\/\/api.w.org\/{rel}","templated":true}]}}