{"id":1926,"date":"2025-05-08T02:48:12","date_gmt":"2025-05-08T02:48:12","guid":{"rendered":"https:\/\/cheri-heater.com\/esp\/?post_type=product&#038;p=1926"},"modified":"2025-05-08T02:48:13","modified_gmt":"2025-05-08T02:48:13","slug":"calentador-tubular-ceramico-de-alta-temperatura","status":"publish","type":"product","link":"https:\/\/cheri-heater.com\/esp\/product\/calentador-tubular-ceramico-de-alta-temperatura\/","title":{"rendered":"Calentador Tubular Cer\u00e1mico De Alta Temperatura"},"content":{"rendered":"","protected":false},"excerpt":{"rendered":"<h2><b><span><span class=\"\">Fabricantes de calentadores tubulares de cer\u00e1mica de alta temperatura<\/span><\/span><\/b><\/h2>\n<p><span>Cheri Heater se especializa en\u00a0<\/span><b><span>calentadores tubulares cer\u00e1micos de alta temperatura,\u00a0<\/span><\/b><span>dise\u00f1ados para aplicaciones industriales que requieren durabilidad, precisi\u00f3n y un rendimiento constante. Estos calentadores est\u00e1n dise\u00f1ados para soportar condiciones extremas y ofrecer un calentamiento eficiente, lo que los convierte en una opci\u00f3n confiable para diversas industrias.<\/span><\/p>\n<p><span>Ya sea que su empresa opere en fabricaci\u00f3n, procesamiento o producci\u00f3n de equipos especializados, nuestros calentadores tubulares de cer\u00e1mica brindan una confiabilidad inigualable para satisfacer sus requisitos de alta temperatura.<\/span><\/p>\n<h3><b><span>Dise\u00f1ado para eficiencia y rendimiento duradero<\/span><\/b><\/h3>\n<p><span>Nuestro\u00a0<\/span><b><span>calentador tubular cer\u00e1mico de alta temperatura\u00a0<\/span><\/b><span>est\u00e1 fabricado con materiales avanzados que resisten la tensi\u00f3n t\u00e9rmica y el desgaste, garantizando as\u00ed una larga vida \u00fatil. El n\u00facleo cer\u00e1mico mejora la transferencia de calor, manteniendo la seguridad y la estabilidad operativa. Estos calentadores son ideales para industrias como:<\/span><\/p>\n<ul>\n<li aria-level=\"1\"><b><span>Fabricaci\u00f3n de autom\u00f3viles:\u00a0<\/span><\/b><span>calentamiento de precisi\u00f3n en l\u00edneas de producci\u00f3n.<\/span><\/li>\n<li aria-level=\"1\"><b><span>Procesamiento qu\u00edmico:\u00a0<\/span><\/b><span>Temperaturas sostenidas para reacciones \u00f3ptimas.<\/span><\/li>\n<li aria-level=\"1\"><b><span>Equipamiento alimentario:\u00a0<\/span><\/b><span>Calefacci\u00f3n fiable y segura para electrodom\u00e9sticos comerciales.<\/span><\/li>\n<\/ul>\n<p><span>Al integrar los productos Cheri Heater, las empresas se benefician de menores costos de mantenimiento y un mejor tiempo de funcionamiento, lo que contribuye al ahorro a largo plazo.<\/span><\/p>\n<h3><b><span>\u00bfPor qu\u00e9 elegir Cheri Heater para sus necesidades de calefacci\u00f3n a granel?<\/span><\/b><\/h3>\n<p><span>Cheri Heater tiene una larga trayectoria ofreciendo soluciones de calefacci\u00f3n de calidad adaptadas a las necesidades espec\u00edficas de la industria. Nuestro\u00a0<\/span><b><span>calentador tubular cer\u00e1mico de alta temperatura\u00a0<\/span><\/b><span>combina innovaci\u00f3n con un dise\u00f1o pr\u00e1ctico, garantizando una integraci\u00f3n perfecta en sus operaciones. Los compradores corporativos conf\u00edan en nuestros calentadores por sus:<\/span><\/p>\n<ol>\n<li aria-level=\"1\"><b><span>Rendimiento constante:\u00a0<\/span><\/b><span>calentamiento uniforme garantizado para aplicaciones exigentes.<\/span><\/li>\n<li aria-level=\"1\"><b><span>Opciones personalizables:\u00a0<\/span><\/b><span>Disponible en varios tama\u00f1os y configuraciones para adaptarse a diversos sistemas.<\/span><\/li>\n<li aria-level=\"1\"><b><span>Eficiencia energ\u00e9tica:\u00a0<\/span><\/b><span>Dise\u00f1ado para minimizar el consumo de energ\u00eda sin comprometer el rendimiento.<\/span><\/li>\n<\/ol>\n<p><span>Con Cheri Heater, las empresas reciben productos que priorizan la funcionalidad y la confiabilidad, lo que ayuda a alcanzar objetivos operativos con confianza.<\/span><\/p>\n<h3><b><span>\u00bfQu\u00e9 hace que el calentador tubular de cer\u00e1mica de alta temperatura de Cheri Heater se destaque?\u00a0<\/span><\/b><\/h3>\n<p><span>Cheri Heater apoya a las empresas con opciones flexibles de pedidos al por mayor, entregas puntuales y un excepcional servicio posventa. Ya sea que necesite 50 o 500 unidades de\u00a0<\/span><b><span>calentadores tubulares cer\u00e1micos de alta temperatura\u00a0<\/span><\/b><span>, nuestro equipo est\u00e1 listo para garantizar un proceso de compra sin complicaciones.<\/span><\/p>\n<p><b><i><span>Asociese con Cheri Heater para actualizar sus sistemas de calefacci\u00f3n hoy mismo. Elija la opci\u00f3n inteligente para sus necesidades industriales: cont\u00e1ctenos para obtener un presupuesto detallado y adaptado a sus necesidades.<\/span><\/i><\/b><\/p>\n","protected":false},"featured_media":1928,"template":"","meta":[],"product_brand":[],"product_cat":[28],"product_tag":[210],"class_list":{"0":"post-1926","1":"product","2":"type-product","3":"status-publish","4":"has-post-thumbnail","6":"product_cat-tubular-heater","7":"product_tag-calentador-tubular-ceramico-de-alta-temperatura","9":"first","10":"instock","11":"shipping-taxable","12":"product-type-simple"},"yoast_head":"<!-- This site is optimized with the Yoast SEO plugin v27.3 - https:\/\/yoast.com\/product\/yoast-seo-wordpress\/ -->\n<title>Fabricantes de calentadores tubulares de cer\u00e1mica de alta temperatura<\/title>\n<meta name=\"description\" content=\"Encuentre calentadores tubulares cer\u00e1micos premium de alta temperatura. Duraderos, eficientes e ideales para aplicaciones de calefacci\u00f3n industrial que requieren calor extremo.\" \/>\n<meta name=\"robots\" content=\"index, follow, max-snippet:-1, max-image-preview:large, max-video-preview:-1\" \/>\n<link rel=\"canonical\" href=\"https:\/\/cheri-heater.com\/esp\/product\/calentador-tubular-ceramico-de-alta-temperatura\/\" \/>\n<meta property=\"og:locale\" content=\"en_US\" \/>\n<meta property=\"og:type\" content=\"article\" \/>\n<meta property=\"og:title\" content=\"Fabricantes de calentadores tubulares de cer\u00e1mica de alta temperatura\" \/>\n<meta property=\"og:description\" content=\"Encuentre calentadores tubulares cer\u00e1micos premium de alta temperatura. Duraderos, eficientes e ideales para aplicaciones de calefacci\u00f3n industrial que requieren calor extremo.\" \/>\n<meta property=\"og:url\" content=\"https:\/\/cheri-heater.com\/esp\/product\/calentador-tubular-ceramico-de-alta-temperatura\/\" \/>\n<meta property=\"og:site_name\" content=\"Cheri Heater Technology Co.,Ltd.\" \/>\n<meta property=\"article:modified_time\" content=\"2025-05-08T02:48:13+00:00\" \/>\n<meta property=\"og:image\" content=\"https:\/\/cheri-heater.com\/esp\/wp-content\/uploads\/2025\/05\/cewnic.jpg\" \/>\n\t<meta property=\"og:image:width\" content=\"200\" \/>\n\t<meta property=\"og:image:height\" content=\"200\" \/>\n\t<meta property=\"og:image:type\" content=\"image\/jpeg\" \/>\n<meta name=\"twitter:card\" content=\"summary_large_image\" \/>\n<meta name=\"twitter:label1\" content=\"Est. reading time\" \/>\n\t<meta name=\"twitter:data1\" content=\"1 minute\" \/>\n<!-- \/ Yoast SEO plugin. -->","yoast_head_json":{"title":"Fabricantes de calentadores tubulares de cer\u00e1mica de alta temperatura","description":"Encuentre calentadores tubulares cer\u00e1micos premium de alta temperatura. Duraderos, eficientes e ideales para aplicaciones de calefacci\u00f3n industrial que requieren calor extremo.","robots":{"index":"index","follow":"follow","max-snippet":"max-snippet:-1","max-image-preview":"max-image-preview:large","max-video-preview":"max-video-preview:-1"},"canonical":"https:\/\/cheri-heater.com\/esp\/product\/calentador-tubular-ceramico-de-alta-temperatura\/","og_locale":"en_US","og_type":"article","og_title":"Fabricantes de calentadores tubulares de cer\u00e1mica de alta temperatura","og_description":"Encuentre calentadores tubulares cer\u00e1micos premium de alta temperatura. Duraderos, eficientes e ideales para aplicaciones de calefacci\u00f3n industrial que requieren calor extremo.","og_url":"https:\/\/cheri-heater.com\/esp\/product\/calentador-tubular-ceramico-de-alta-temperatura\/","og_site_name":"Cheri Heater Technology Co.,Ltd.","article_modified_time":"2025-05-08T02:48:13+00:00","og_image":[{"width":200,"height":200,"url":"https:\/\/cheri-heater.com\/esp\/wp-content\/uploads\/2025\/05\/cewnic.jpg","type":"image\/jpeg"}],"twitter_card":"summary_large_image","twitter_misc":{"Est. reading time":"1 minute"},"schema":{"@context":"https:\/\/schema.org","@graph":[{"@type":"WebPage","@id":"https:\/\/cheri-heater.com\/esp\/product\/calentador-tubular-ceramico-de-alta-temperatura\/","url":"https:\/\/cheri-heater.com\/esp\/product\/calentador-tubular-ceramico-de-alta-temperatura\/","name":"Fabricantes de calentadores tubulares de cer\u00e1mica de alta temperatura","isPartOf":{"@id":"https:\/\/cheri-heater.com\/esp\/#website"},"primaryImageOfPage":{"@id":"https:\/\/cheri-heater.com\/esp\/product\/calentador-tubular-ceramico-de-alta-temperatura\/#primaryimage"},"image":{"@id":"https:\/\/cheri-heater.com\/esp\/product\/calentador-tubular-ceramico-de-alta-temperatura\/#primaryimage"},"thumbnailUrl":"https:\/\/cheri-heater.com\/esp\/wp-content\/uploads\/2025\/05\/cewnic.jpg","datePublished":"2025-05-08T02:48:12+00:00","dateModified":"2025-05-08T02:48:13+00:00","description":"Encuentre calentadores tubulares cer\u00e1micos premium de alta temperatura. Duraderos, eficientes e ideales para aplicaciones de calefacci\u00f3n industrial que requieren calor extremo.","breadcrumb":{"@id":"https:\/\/cheri-heater.com\/esp\/product\/calentador-tubular-ceramico-de-alta-temperatura\/#breadcrumb"},"inLanguage":"en-US","potentialAction":[{"@type":"ReadAction","target":["https:\/\/cheri-heater.com\/esp\/product\/calentador-tubular-ceramico-de-alta-temperatura\/"]}]},{"@type":"ImageObject","inLanguage":"en-US","@id":"https:\/\/cheri-heater.com\/esp\/product\/calentador-tubular-ceramico-de-alta-temperatura\/#primaryimage","url":"https:\/\/cheri-heater.com\/esp\/wp-content\/uploads\/2025\/05\/cewnic.jpg","contentUrl":"https:\/\/cheri-heater.com\/esp\/wp-content\/uploads\/2025\/05\/cewnic.jpg","width":200,"height":200,"caption":"Calentador Tubular Cer\u00e1mico De Alta Temperatura"},{"@type":"BreadcrumbList","@id":"https:\/\/cheri-heater.com\/esp\/product\/calentador-tubular-ceramico-de-alta-temperatura\/#breadcrumb","itemListElement":[{"@type":"ListItem","position":1,"name":"Home","item":"https:\/\/cheri-heater.com\/esp\/"},{"@type":"ListItem","position":2,"name":"Products","item":"https:\/\/cheri-heater.com\/esp\/products\/"},{"@type":"ListItem","position":3,"name":"Calentador Tubular Cer\u00e1mico De Alta Temperatura"}]},{"@type":"WebSite","@id":"https:\/\/cheri-heater.com\/esp\/#website","url":"https:\/\/cheri-heater.com\/esp\/","name":"Cheri Heater Technology Co.,Ltd.","description":"","publisher":{"@id":"https:\/\/cheri-heater.com\/esp\/#organization"},"potentialAction":[{"@type":"SearchAction","target":{"@type":"EntryPoint","urlTemplate":"https:\/\/cheri-heater.com\/esp\/?s={search_term_string}"},"query-input":{"@type":"PropertyValueSpecification","valueRequired":true,"valueName":"search_term_string"}}],"inLanguage":"en-US"},{"@type":"Organization","@id":"https:\/\/cheri-heater.com\/esp\/#organization","name":"Cheri Heater Technology Co.,Ltd.","url":"https:\/\/cheri-heater.com\/esp\/","logo":{"@type":"ImageObject","inLanguage":"en-US","@id":"https:\/\/cheri-heater.com\/esp\/#\/schema\/logo\/image\/","url":"https:\/\/cheri-heater.com\/esp\/wp-content\/uploads\/2024\/06\/cropped-logo-resize.png","contentUrl":"https:\/\/cheri-heater.com\/esp\/wp-content\/uploads\/2024\/06\/cropped-logo-resize.png","width":346,"height":99,"caption":"Cheri Heater Technology Co.,Ltd."},"image":{"@id":"https:\/\/cheri-heater.com\/esp\/#\/schema\/logo\/image\/"}}]}},"_links":{"self":[{"href":"https:\/\/cheri-heater.com\/esp\/wp-json\/wp\/v2\/product\/1926","targetHints":{"allow":["GET"]}}],"collection":[{"href":"https:\/\/cheri-heater.com\/esp\/wp-json\/wp\/v2\/product"}],"about":[{"href":"https:\/\/cheri-heater.com\/esp\/wp-json\/wp\/v2\/types\/product"}],"wp:featuredmedia":[{"embeddable":true,"href":"https:\/\/cheri-heater.com\/esp\/wp-json\/wp\/v2\/media\/1928"}],"wp:attachment":[{"href":"https:\/\/cheri-heater.com\/esp\/wp-json\/wp\/v2\/media?parent=1926"}],"wp:term":[{"taxonomy":"product_brand","embeddable":true,"href":"https:\/\/cheri-heater.com\/esp\/wp-json\/wp\/v2\/product_brand?post=1926"},{"taxonomy":"product_cat","embeddable":true,"href":"https:\/\/cheri-heater.com\/esp\/wp-json\/wp\/v2\/product_cat?post=1926"},{"taxonomy":"product_tag","embeddable":true,"href":"https:\/\/cheri-heater.com\/esp\/wp-json\/wp\/v2\/product_tag?post=1926"}],"curies":[{"name":"wp","href":"https:\/\/api.w.org\/{rel}","templated":true}]}}