{"id":1931,"date":"2025-05-08T03:00:10","date_gmt":"2025-05-08T03:00:10","guid":{"rendered":"https:\/\/cheri-heater.com\/esp\/?post_type=product&#038;p=1931"},"modified":"2025-05-08T03:00:10","modified_gmt":"2025-05-08T03:00:10","slug":"calentador-de-aceite-tubular","status":"publish","type":"product","link":"https:\/\/cheri-heater.com\/esp\/product\/calentador-de-aceite-tubular\/","title":{"rendered":"Calentador De Aceite Tubular"},"content":{"rendered":"","protected":false},"excerpt":{"rendered":"<h2><b><span><span class=\"\">Los mejores fabricantes de calentadores tubulares de aceite<\/span><\/span><\/b><\/h2>\n<p><b><span>Cheri Heater ofrece calentadores tubulares de aceite\u00a0<\/span><\/b><span>avanzados,\u00a0<\/span><span>dise\u00f1ados para satisfacer las necesidades espec\u00edficas de las aplicaciones de calefacci\u00f3n industrial. Dise\u00f1ados con precisi\u00f3n, nuestros calentadores tubulares de aceite ofrecen un rendimiento constante, eficiencia energ\u00e9tica y durabilidad, lo que los convierte en la opci\u00f3n preferida para empresas que requieren soluciones de calefacci\u00f3n de alta calidad.<\/span><\/p>\n<h3><b><span>Dise\u00f1ado para la eficiencia y el rendimiento<\/span><\/b><\/h3>\n<p><span>Nuestros calentadores tubulares de aceite est\u00e1n dise\u00f1ados para proporcionar una distribuci\u00f3n uniforme del calor, reduciendo el desperdicio de energ\u00eda y garantizando resultados \u00f3ptimos. Con materiales robustos y tecnolog\u00eda innovadora, estos calentadores est\u00e1n dise\u00f1ados para soportar entornos exigentes, ofreciendo confiabilidad en industrias como la manufacturera, la petroqu\u00edmica y la alimentaria.<\/span><\/p>\n<p><span>En Cheri Heater, priorizamos el valor a largo plazo. Al minimizar las necesidades de mantenimiento y maximizar la eficiencia operativa, nuestros calentadores tubulares de aceite son una inversi\u00f3n que rinde frutos durante a\u00f1os.<\/span><\/p>\n<h3><b><span>Aplicaciones de los calentadores de aceite tubulares Cheri Heater<\/span><\/b><\/h3>\n<p><span>Desde la fabricaci\u00f3n pesada hasta el procesamiento especializado, los calentadores de aceite tubulares de Cheri Heater se utilizan en una amplia gama de industrias. Sus aplicaciones comunes incluyen:<\/span><\/p>\n<ul>\n<li aria-level=\"1\"><b><span>Sistemas de precalentamiento de aceite:\u00a0<\/span><\/b><span>mantienen la viscosidad para un funcionamiento suave.<\/span><\/li>\n<li aria-level=\"1\"><b><span>Intercambiadores de calor:\u00a0<\/span><\/b><span>proporcionan una transferencia de calor eficiente en sistemas cr\u00edticos.<\/span><\/li>\n<li aria-level=\"1\"><b><span>Hornos industriales:\u00a0<\/span><\/b><span>garantizan un calentamiento preciso y constante para diversos procesos.<\/span><\/li>\n<\/ul>\n<p><span>Estos calentadores se pueden personalizar para adaptarse a requisitos operativos \u00fanicos, lo que brinda a las empresas la flexibilidad de lograr sus objetivos sin comprometer la calidad.<\/span><\/p>\n<h3><b><span>Por qu\u00e9 las empresas conf\u00edan en Cheri Heater<\/span><\/b><\/h3>\n<p><span>Cheri Heater es una marca de confianza en soluciones de calefacci\u00f3n industrial. Nuestra experiencia en la fabricaci\u00f3n de\u00a0<\/span><b><span>calentadores tubulares de aceite\u00a0<\/span><\/b><span>garantiza que las empresas reciban un producto que supera sus expectativas en t\u00e9rminos de rendimiento y durabilidad. Cada calentador se somete a rigurosas pruebas para cumplir con los m\u00e1s rigurosos est\u00e1ndares de seguridad y eficiencia.<\/span><\/p>\n<p><span>Adem\u00e1s, el compromiso de Cheri Heater con la satisfacci\u00f3n del cliente garantiza soporte durante las etapas de compra y operaci\u00f3n. Gracias a nuestro amplio conocimiento y una trayectoria comprobada, garantizamos una integraci\u00f3n perfecta en sus sistemas.<\/span><\/p>\n<h3><b><span>Actualice a calentadores de aceite tubulares de Cheri Heater<\/span><\/b><\/h3>\n<p><span>Aumente la eficiencia y la fiabilidad de sus procesos de calentamiento industrial con\u00a0<\/span><b><span>los calentadores tubulares de aceite\u00a0<\/span><\/b><span>de Cheri Heater. Para consultas o pedidos al por mayor, contacte con nuestro equipo hoy mismo y descubra c\u00f3mo nuestras soluciones pueden optimizar sus operaciones.<\/span><\/p>\n","protected":false},"featured_media":1930,"template":"","meta":[],"product_brand":[],"product_cat":[28],"product_tag":[212],"class_list":{"0":"post-1931","1":"product","2":"type-product","3":"status-publish","4":"has-post-thumbnail","6":"product_cat-tubular-heater","7":"product_tag-calentador-de-aceite-tubular","9":"first","10":"instock","11":"shipping-taxable","12":"product-type-simple"},"yoast_head":"<!-- This site is optimized with the Yoast SEO plugin v27.4 - https:\/\/yoast.com\/product\/yoast-seo-wordpress\/ -->\n<title>Best Tubular Oil Heater Manufacturers | Cheri-heater.com<\/title>\n<meta name=\"description\" content=\"Top Tubular Oil Heater Manufacturers - High-quality, efficient oil heaters for industrial and commercial use. Reliable and durable heating solutions. Contact us!\" \/>\n<meta name=\"robots\" content=\"index, follow, max-snippet:-1, max-image-preview:large, max-video-preview:-1\" \/>\n<link rel=\"canonical\" href=\"https:\/\/cheri-heater.com\/esp\/product\/calentador-de-aceite-tubular\/\" \/>\n<meta property=\"og:locale\" content=\"en_US\" \/>\n<meta property=\"og:type\" content=\"article\" \/>\n<meta property=\"og:title\" content=\"Best Tubular Oil Heater Manufacturers | Cheri-heater.com\" \/>\n<meta property=\"og:description\" content=\"Top Tubular Oil Heater Manufacturers - High-quality, efficient oil heaters for industrial and commercial use. Reliable and durable heating solutions. Contact us!\" \/>\n<meta property=\"og:url\" content=\"https:\/\/cheri-heater.com\/esp\/product\/calentador-de-aceite-tubular\/\" \/>\n<meta property=\"og:site_name\" content=\"Cheri Heater Technology Co.,Ltd.\" \/>\n<meta property=\"og:image\" content=\"https:\/\/cheri-heater.com\/esp\/wp-content\/uploads\/2025\/05\/b295e437-cc1b-4ad5-8179-87b7bee77652.jpg\" \/>\n\t<meta property=\"og:image:width\" content=\"800\" \/>\n\t<meta property=\"og:image:height\" content=\"678\" \/>\n\t<meta property=\"og:image:type\" content=\"image\/jpeg\" \/>\n<meta name=\"twitter:card\" content=\"summary_large_image\" \/>\n<meta name=\"twitter:label1\" content=\"Est. reading time\" \/>\n\t<meta name=\"twitter:data1\" content=\"1 minute\" \/>\n<!-- \/ Yoast SEO plugin. -->","yoast_head_json":{"title":"Best Tubular Oil Heater Manufacturers | Cheri-heater.com","description":"Top Tubular Oil Heater Manufacturers - High-quality, efficient oil heaters for industrial and commercial use. Reliable and durable heating solutions. Contact us!","robots":{"index":"index","follow":"follow","max-snippet":"max-snippet:-1","max-image-preview":"max-image-preview:large","max-video-preview":"max-video-preview:-1"},"canonical":"https:\/\/cheri-heater.com\/esp\/product\/calentador-de-aceite-tubular\/","og_locale":"en_US","og_type":"article","og_title":"Best Tubular Oil Heater Manufacturers | Cheri-heater.com","og_description":"Top Tubular Oil Heater Manufacturers - High-quality, efficient oil heaters for industrial and commercial use. Reliable and durable heating solutions. Contact us!","og_url":"https:\/\/cheri-heater.com\/esp\/product\/calentador-de-aceite-tubular\/","og_site_name":"Cheri Heater Technology Co.,Ltd.","og_image":[{"width":800,"height":678,"url":"https:\/\/cheri-heater.com\/esp\/wp-content\/uploads\/2025\/05\/b295e437-cc1b-4ad5-8179-87b7bee77652.jpg","type":"image\/jpeg"}],"twitter_card":"summary_large_image","twitter_misc":{"Est. reading time":"1 minute"},"schema":{"@context":"https:\/\/schema.org","@graph":[{"@type":"WebPage","@id":"https:\/\/cheri-heater.com\/esp\/product\/calentador-de-aceite-tubular\/","url":"https:\/\/cheri-heater.com\/esp\/product\/calentador-de-aceite-tubular\/","name":"Best Tubular Oil Heater Manufacturers | Cheri-heater.com","isPartOf":{"@id":"https:\/\/cheri-heater.com\/esp\/#website"},"primaryImageOfPage":{"@id":"https:\/\/cheri-heater.com\/esp\/product\/calentador-de-aceite-tubular\/#primaryimage"},"image":{"@id":"https:\/\/cheri-heater.com\/esp\/product\/calentador-de-aceite-tubular\/#primaryimage"},"thumbnailUrl":"https:\/\/cheri-heater.com\/esp\/wp-content\/uploads\/2025\/05\/b295e437-cc1b-4ad5-8179-87b7bee77652.jpg","datePublished":"2025-05-08T03:00:10+00:00","description":"Top Tubular Oil Heater Manufacturers - High-quality, efficient oil heaters for industrial and commercial use. Reliable and durable heating solutions. Contact us!","breadcrumb":{"@id":"https:\/\/cheri-heater.com\/esp\/product\/calentador-de-aceite-tubular\/#breadcrumb"},"inLanguage":"en-US","potentialAction":[{"@type":"ReadAction","target":["https:\/\/cheri-heater.com\/esp\/product\/calentador-de-aceite-tubular\/"]}]},{"@type":"ImageObject","inLanguage":"en-US","@id":"https:\/\/cheri-heater.com\/esp\/product\/calentador-de-aceite-tubular\/#primaryimage","url":"https:\/\/cheri-heater.com\/esp\/wp-content\/uploads\/2025\/05\/b295e437-cc1b-4ad5-8179-87b7bee77652.jpg","contentUrl":"https:\/\/cheri-heater.com\/esp\/wp-content\/uploads\/2025\/05\/b295e437-cc1b-4ad5-8179-87b7bee77652.jpg","width":800,"height":678,"caption":"Calentador De Agua Tubular"},{"@type":"BreadcrumbList","@id":"https:\/\/cheri-heater.com\/esp\/product\/calentador-de-aceite-tubular\/#breadcrumb","itemListElement":[{"@type":"ListItem","position":1,"name":"Home","item":"https:\/\/cheri-heater.com\/esp\/"},{"@type":"ListItem","position":2,"name":"Products","item":"https:\/\/cheri-heater.com\/esp\/products\/"},{"@type":"ListItem","position":3,"name":"Calentador De Aceite Tubular"}]},{"@type":"WebSite","@id":"https:\/\/cheri-heater.com\/esp\/#website","url":"https:\/\/cheri-heater.com\/esp\/","name":"Cheri Heater Technology Co.,Ltd.","description":"","publisher":{"@id":"https:\/\/cheri-heater.com\/esp\/#organization"},"potentialAction":[{"@type":"SearchAction","target":{"@type":"EntryPoint","urlTemplate":"https:\/\/cheri-heater.com\/esp\/?s={search_term_string}"},"query-input":{"@type":"PropertyValueSpecification","valueRequired":true,"valueName":"search_term_string"}}],"inLanguage":"en-US"},{"@type":"Organization","@id":"https:\/\/cheri-heater.com\/esp\/#organization","name":"Cheri Heater Technology Co.,Ltd.","url":"https:\/\/cheri-heater.com\/esp\/","logo":{"@type":"ImageObject","inLanguage":"en-US","@id":"https:\/\/cheri-heater.com\/esp\/#\/schema\/logo\/image\/","url":"https:\/\/cheri-heater.com\/esp\/wp-content\/uploads\/2024\/06\/cropped-logo-resize.png","contentUrl":"https:\/\/cheri-heater.com\/esp\/wp-content\/uploads\/2024\/06\/cropped-logo-resize.png","width":346,"height":99,"caption":"Cheri Heater Technology Co.,Ltd."},"image":{"@id":"https:\/\/cheri-heater.com\/esp\/#\/schema\/logo\/image\/"}}]}},"_links":{"self":[{"href":"https:\/\/cheri-heater.com\/esp\/wp-json\/wp\/v2\/product\/1931","targetHints":{"allow":["GET"]}}],"collection":[{"href":"https:\/\/cheri-heater.com\/esp\/wp-json\/wp\/v2\/product"}],"about":[{"href":"https:\/\/cheri-heater.com\/esp\/wp-json\/wp\/v2\/types\/product"}],"wp:featuredmedia":[{"embeddable":true,"href":"https:\/\/cheri-heater.com\/esp\/wp-json\/wp\/v2\/media\/1930"}],"wp:attachment":[{"href":"https:\/\/cheri-heater.com\/esp\/wp-json\/wp\/v2\/media?parent=1931"}],"wp:term":[{"taxonomy":"product_brand","embeddable":true,"href":"https:\/\/cheri-heater.com\/esp\/wp-json\/wp\/v2\/product_brand?post=1931"},{"taxonomy":"product_cat","embeddable":true,"href":"https:\/\/cheri-heater.com\/esp\/wp-json\/wp\/v2\/product_cat?post=1931"},{"taxonomy":"product_tag","embeddable":true,"href":"https:\/\/cheri-heater.com\/esp\/wp-json\/wp\/v2\/product_tag?post=1931"}],"curies":[{"name":"wp","href":"https:\/\/api.w.org\/{rel}","templated":true}]}}