{"id":1932,"date":"2025-05-08T03:04:15","date_gmt":"2025-05-08T03:04:15","guid":{"rendered":"https:\/\/cheri-heater.com\/esp\/?post_type=product&#038;p=1932"},"modified":"2025-05-08T03:04:16","modified_gmt":"2025-05-08T03:04:16","slug":"calentador-tubular-con-termostato","status":"publish","type":"product","link":"https:\/\/cheri-heater.com\/esp\/product\/calentador-tubular-con-termostato\/","title":{"rendered":"Calentador Tubular Con Termostato"},"content":{"rendered":"","protected":false},"excerpt":{"rendered":"<h2><b><span><span class=\"\">Los mejores fabricantes de calentadores tubulares con termostato<\/span><\/span><\/b><\/h2>\n<p><b><span>El calentador tubular con termostato\u00a0<\/span><\/b><span>de Cheri Heater\u00a0<\/span><span>est\u00e1 dise\u00f1ado para brindar una calefacci\u00f3n confiable, uniforme y eficiente en entornos industriales exigentes. Dise\u00f1ados para compradores al por mayor que buscan soluciones de calefacci\u00f3n superiores, nuestros calentadores tubulares est\u00e1n dise\u00f1ados para un control preciso de la temperatura, durabilidad y eficiencia energ\u00e9tica.<\/span><\/p>\n<h3><b><span>\u00bfPor qu\u00e9 elegir el calentador tubular con termostato de Cheri Heater?\u00a0<\/span><\/b><\/h3>\n<p><span>Con un termostato integrado, estos calentadores ofrecen ajustes de temperatura personalizables, lo que garantiza un rendimiento \u00f3ptimo en cualquier aplicaci\u00f3n. Ya sea que trabaje en el procesamiento qu\u00edmico, la fabricaci\u00f3n o la producci\u00f3n de alimentos, las principales industrias conf\u00edan en los productos Cheri Heater por su calidad y confiabilidad inigualables.<\/span><\/p>\n<h3><b><span>Caracter\u00edsticas principales de nuestro calentador tubular con termostato<\/span><\/b><\/h3>\n<ol>\n<li aria-level=\"1\"><b><span>Control de temperatura de precisi\u00f3n:\u00a0<\/span><\/b><span>El termostato permite una regulaci\u00f3n precisa de la temperatura, reduciendo el desperdicio de energ\u00eda y mejorando la eficiencia operativa.<\/span><b><br \/>\n<\/b><\/li>\n<li aria-level=\"1\"><b><span>Construcci\u00f3n robusta:\u00a0<\/span><\/b><span>Construidos con materiales de alta calidad, nuestros calentadores tubulares soportan condiciones extremas, lo que garantiza un rendimiento a largo plazo incluso en entornos industriales hostiles.<\/span><b><br \/>\n<\/b><\/li>\n<li aria-level=\"1\"><b><span>Versatilidad en aplicaciones:\u00a0<\/span><\/b><span>Estos calentadores se adaptan a una amplia gama de usos industriales, incluido el secado, el calentamiento de l\u00edquidos y la calefacci\u00f3n de espacios.<\/span><b><br \/>\n<\/b><\/li>\n<li aria-level=\"1\"><b><span>Disponibilidad al por mayor:\u00a0<\/span><\/b><span>Cheri Heater comprende las necesidades de los compradores corporativos. Nuestra capacidad de producci\u00f3n admite pedidos al por mayor sin comprometer la calidad ni los plazos de entrega.<\/span><b><br \/>\n<\/b><\/li>\n<\/ol>\n<h3><b><span>Beneficios de asociarse con Cheri Heater<\/span><\/b><\/h3>\n<p><span>Como marca de confianza en soluciones de calefacci\u00f3n industrial, Cheri Heater se compromete a ofrecer productos que se ajusten a los objetivos de su negocio. Nuestro\u00a0<\/span><b><span>calentador tubular con termostato\u00a0<\/span><\/b><span>garantiza:<\/span><\/p>\n<ul>\n<li aria-level=\"1\"><span>Costos operativos reducidos con dise\u00f1os energ\u00e9ticamente eficientes.<\/span><\/li>\n<li aria-level=\"1\"><span>Cumplimiento de los est\u00e1ndares de la industria en materia de seguridad y rendimiento.<\/span><\/li>\n<li aria-level=\"1\"><span>Opciones de personalizaci\u00f3n para satisfacer requisitos espec\u00edficos del proyecto.<\/span><\/li>\n<\/ul>\n<p><span>Ya sea que busque mejorar los procesos de producci\u00f3n o mantener entornos de calefacci\u00f3n controlados, nuestras soluciones est\u00e1n dise\u00f1adas pensando en su negocio.<\/span><\/p>\n<h3><b><span>Haga su pedido al por mayor hoy<\/span><\/b><\/h3>\n<p><span>Cheri Heater se especializa en ofrecer soluciones de calefacci\u00f3n de primera calidad para aplicaciones industriales. Cont\u00e1ctenos para hablar sobre sus necesidades de\u00a0<\/span><b><span>calentadores tubulares con termostato\u00a0<\/span><\/b><span>y obtener presupuestos personalizados para pedidos al por mayor.<\/span><\/p>\n<p><span>As\u00f3ciese con Cheri Heater para optimizar sus necesidades de calefacci\u00f3n industrial con eficiencia, confiabilidad y precisi\u00f3n.<\/span><\/p>\n","protected":false},"featured_media":1930,"template":"","meta":[],"product_brand":[],"product_cat":[28],"product_tag":[213],"class_list":{"0":"post-1932","1":"product","2":"type-product","3":"status-publish","4":"has-post-thumbnail","6":"product_cat-tubular-heater","7":"product_tag-calentador-tubular-con-termostato","9":"first","10":"instock","11":"shipping-taxable","12":"product-type-simple"},"yoast_head":"<!-- This site is optimized with the Yoast SEO plugin v27.4 - https:\/\/yoast.com\/product\/yoast-seo-wordpress\/ -->\n<title>Fabricantes de calentadores tubulares con termostato | Cheri-heater.com<\/title>\n<meta name=\"description\" content=\"Encuentre calentadores tubulares de alta calidad con termostatos de fabricantes de confianza. Ideales para un control preciso de la temperatura y la eficiencia energ\u00e9tica en diversas industrias.\" \/>\n<meta name=\"robots\" content=\"index, follow, max-snippet:-1, max-image-preview:large, max-video-preview:-1\" \/>\n<link rel=\"canonical\" href=\"https:\/\/cheri-heater.com\/esp\/product\/calentador-tubular-con-termostato\/\" \/>\n<meta property=\"og:locale\" content=\"en_US\" \/>\n<meta property=\"og:type\" content=\"article\" \/>\n<meta property=\"og:title\" content=\"Fabricantes de calentadores tubulares con termostato | Cheri-heater.com\" \/>\n<meta property=\"og:description\" content=\"Encuentre calentadores tubulares de alta calidad con termostatos de fabricantes de confianza. Ideales para un control preciso de la temperatura y la eficiencia energ\u00e9tica en diversas industrias.\" \/>\n<meta property=\"og:url\" content=\"https:\/\/cheri-heater.com\/esp\/product\/calentador-tubular-con-termostato\/\" \/>\n<meta property=\"og:site_name\" content=\"Cheri Heater Technology Co.,Ltd.\" \/>\n<meta property=\"article:modified_time\" content=\"2025-05-08T03:04:16+00:00\" \/>\n<meta property=\"og:image\" content=\"https:\/\/cheri-heater.com\/esp\/wp-content\/uploads\/2025\/05\/b295e437-cc1b-4ad5-8179-87b7bee77652.jpg\" \/>\n\t<meta property=\"og:image:width\" content=\"800\" \/>\n\t<meta property=\"og:image:height\" content=\"678\" \/>\n\t<meta property=\"og:image:type\" content=\"image\/jpeg\" \/>\n<meta name=\"twitter:card\" content=\"summary_large_image\" \/>\n<meta name=\"twitter:label1\" content=\"Est. reading time\" \/>\n\t<meta name=\"twitter:data1\" content=\"1 minute\" \/>\n<!-- \/ Yoast SEO plugin. -->","yoast_head_json":{"title":"Fabricantes de calentadores tubulares con termostato | Cheri-heater.com","description":"Encuentre calentadores tubulares de alta calidad con termostatos de fabricantes de confianza. Ideales para un control preciso de la temperatura y la eficiencia energ\u00e9tica en diversas industrias.","robots":{"index":"index","follow":"follow","max-snippet":"max-snippet:-1","max-image-preview":"max-image-preview:large","max-video-preview":"max-video-preview:-1"},"canonical":"https:\/\/cheri-heater.com\/esp\/product\/calentador-tubular-con-termostato\/","og_locale":"en_US","og_type":"article","og_title":"Fabricantes de calentadores tubulares con termostato | Cheri-heater.com","og_description":"Encuentre calentadores tubulares de alta calidad con termostatos de fabricantes de confianza. Ideales para un control preciso de la temperatura y la eficiencia energ\u00e9tica en diversas industrias.","og_url":"https:\/\/cheri-heater.com\/esp\/product\/calentador-tubular-con-termostato\/","og_site_name":"Cheri Heater Technology Co.,Ltd.","article_modified_time":"2025-05-08T03:04:16+00:00","og_image":[{"width":800,"height":678,"url":"https:\/\/cheri-heater.com\/esp\/wp-content\/uploads\/2025\/05\/b295e437-cc1b-4ad5-8179-87b7bee77652.jpg","type":"image\/jpeg"}],"twitter_card":"summary_large_image","twitter_misc":{"Est. reading time":"1 minute"},"schema":{"@context":"https:\/\/schema.org","@graph":[{"@type":"WebPage","@id":"https:\/\/cheri-heater.com\/esp\/product\/calentador-tubular-con-termostato\/","url":"https:\/\/cheri-heater.com\/esp\/product\/calentador-tubular-con-termostato\/","name":"Fabricantes de calentadores tubulares con termostato | Cheri-heater.com","isPartOf":{"@id":"https:\/\/cheri-heater.com\/esp\/#website"},"primaryImageOfPage":{"@id":"https:\/\/cheri-heater.com\/esp\/product\/calentador-tubular-con-termostato\/#primaryimage"},"image":{"@id":"https:\/\/cheri-heater.com\/esp\/product\/calentador-tubular-con-termostato\/#primaryimage"},"thumbnailUrl":"https:\/\/cheri-heater.com\/esp\/wp-content\/uploads\/2025\/05\/b295e437-cc1b-4ad5-8179-87b7bee77652.jpg","datePublished":"2025-05-08T03:04:15+00:00","dateModified":"2025-05-08T03:04:16+00:00","description":"Encuentre calentadores tubulares de alta calidad con termostatos de fabricantes de confianza. Ideales para un control preciso de la temperatura y la eficiencia energ\u00e9tica en diversas industrias.","breadcrumb":{"@id":"https:\/\/cheri-heater.com\/esp\/product\/calentador-tubular-con-termostato\/#breadcrumb"},"inLanguage":"en-US","potentialAction":[{"@type":"ReadAction","target":["https:\/\/cheri-heater.com\/esp\/product\/calentador-tubular-con-termostato\/"]}]},{"@type":"ImageObject","inLanguage":"en-US","@id":"https:\/\/cheri-heater.com\/esp\/product\/calentador-tubular-con-termostato\/#primaryimage","url":"https:\/\/cheri-heater.com\/esp\/wp-content\/uploads\/2025\/05\/b295e437-cc1b-4ad5-8179-87b7bee77652.jpg","contentUrl":"https:\/\/cheri-heater.com\/esp\/wp-content\/uploads\/2025\/05\/b295e437-cc1b-4ad5-8179-87b7bee77652.jpg","width":800,"height":678,"caption":"Calentador De Agua Tubular"},{"@type":"BreadcrumbList","@id":"https:\/\/cheri-heater.com\/esp\/product\/calentador-tubular-con-termostato\/#breadcrumb","itemListElement":[{"@type":"ListItem","position":1,"name":"Home","item":"https:\/\/cheri-heater.com\/esp\/"},{"@type":"ListItem","position":2,"name":"Products","item":"https:\/\/cheri-heater.com\/esp\/products\/"},{"@type":"ListItem","position":3,"name":"Calentador Tubular Con Termostato"}]},{"@type":"WebSite","@id":"https:\/\/cheri-heater.com\/esp\/#website","url":"https:\/\/cheri-heater.com\/esp\/","name":"Cheri Heater Technology Co.,Ltd.","description":"","publisher":{"@id":"https:\/\/cheri-heater.com\/esp\/#organization"},"potentialAction":[{"@type":"SearchAction","target":{"@type":"EntryPoint","urlTemplate":"https:\/\/cheri-heater.com\/esp\/?s={search_term_string}"},"query-input":{"@type":"PropertyValueSpecification","valueRequired":true,"valueName":"search_term_string"}}],"inLanguage":"en-US"},{"@type":"Organization","@id":"https:\/\/cheri-heater.com\/esp\/#organization","name":"Cheri Heater Technology Co.,Ltd.","url":"https:\/\/cheri-heater.com\/esp\/","logo":{"@type":"ImageObject","inLanguage":"en-US","@id":"https:\/\/cheri-heater.com\/esp\/#\/schema\/logo\/image\/","url":"https:\/\/cheri-heater.com\/esp\/wp-content\/uploads\/2024\/06\/cropped-logo-resize.png","contentUrl":"https:\/\/cheri-heater.com\/esp\/wp-content\/uploads\/2024\/06\/cropped-logo-resize.png","width":346,"height":99,"caption":"Cheri Heater Technology Co.,Ltd."},"image":{"@id":"https:\/\/cheri-heater.com\/esp\/#\/schema\/logo\/image\/"}}]}},"_links":{"self":[{"href":"https:\/\/cheri-heater.com\/esp\/wp-json\/wp\/v2\/product\/1932","targetHints":{"allow":["GET"]}}],"collection":[{"href":"https:\/\/cheri-heater.com\/esp\/wp-json\/wp\/v2\/product"}],"about":[{"href":"https:\/\/cheri-heater.com\/esp\/wp-json\/wp\/v2\/types\/product"}],"wp:featuredmedia":[{"embeddable":true,"href":"https:\/\/cheri-heater.com\/esp\/wp-json\/wp\/v2\/media\/1930"}],"wp:attachment":[{"href":"https:\/\/cheri-heater.com\/esp\/wp-json\/wp\/v2\/media?parent=1932"}],"wp:term":[{"taxonomy":"product_brand","embeddable":true,"href":"https:\/\/cheri-heater.com\/esp\/wp-json\/wp\/v2\/product_brand?post=1932"},{"taxonomy":"product_cat","embeddable":true,"href":"https:\/\/cheri-heater.com\/esp\/wp-json\/wp\/v2\/product_cat?post=1932"},{"taxonomy":"product_tag","embeddable":true,"href":"https:\/\/cheri-heater.com\/esp\/wp-json\/wp\/v2\/product_tag?post=1932"}],"curies":[{"name":"wp","href":"https:\/\/api.w.org\/{rel}","templated":true}]}}