{"id":1935,"date":"2025-05-08T03:12:25","date_gmt":"2025-05-08T03:12:25","guid":{"rendered":"https:\/\/cheri-heater.com\/esp\/?post_type=product&#038;p=1935"},"modified":"2025-05-08T03:12:26","modified_gmt":"2025-05-08T03:12:26","slug":"calentador-tubular-de-vapor","status":"publish","type":"product","link":"https:\/\/cheri-heater.com\/esp\/product\/calentador-tubular-de-vapor\/","title":{"rendered":"Calentador Tubular De Vapor"},"content":{"rendered":"","protected":false},"excerpt":{"rendered":"<h2><b><span><span class=\"\">Fabricantes de calentadores tubulares de vapor de alta calidad<\/span><\/span><\/b><\/h2>\n<p><span>Cheri Heater presenta el\u00a0<\/span><b><span>calentador tubular de vapor\u00a0<\/span><\/b><span>, una soluci\u00f3n robusta dise\u00f1ada para satisfacer las exigentes necesidades de calefacci\u00f3n industrial. Dise\u00f1ado con precisi\u00f3n y fabricado para un alto rendimiento, este calentador es ideal para f\u00e1bricas, plantas y otras operaciones de gran escala que requieren un calentamiento por vapor constante y eficiente.\u00a0<\/span><\/p>\n<p><span>Ya sea para precalentamiento, secado o procesamiento, nuestro calentador tubular de vapor garantiza una transferencia de energ\u00eda \u00f3ptima y una confiabilidad duradera.<\/span><\/p>\n<h3><b><span>Eficiencia y durabilidad excepcionales<\/span><\/b><\/h3>\n<p><b><span>El calentador tubular de vapor\u00a0<\/span><\/b><span>Cheri Heater\u00a0<\/span><span>est\u00e1 fabricado con materiales de alta calidad, lo que garantiza durabilidad y resistencia al desgaste en entornos de alta presi\u00f3n. Su dise\u00f1o avanzado promueve una distribuci\u00f3n uniforme del calor, reduciendo el desperdicio de energ\u00eda y maximizando la eficiencia operativa. F\u00e1cil de integrar en sistemas existentes, ofrece una experiencia de calentamiento fluida, minimizando el tiempo de inactividad y mejorando la productividad.<\/span><\/p>\n<h3><b><span>Caracter\u00edsticas principales de nuestro calentador tubular de vapor<\/span><\/b><\/h3>\n<ul>\n<li aria-level=\"1\"><b><span>Ingenier\u00eda de precisi\u00f3n\u00a0<\/span><\/b><span>: dise\u00f1ada para un rendimiento constante incluso en condiciones extremas.<\/span><\/li>\n<li aria-level=\"1\"><b><span>Opciones personalizables\u00a0<\/span><\/b><span>: Disponible en m\u00faltiples potencias y longitudes para adaptarse a diversas necesidades industriales.<\/span><\/li>\n<li aria-level=\"1\"><b><span>Resistencia a la corrosi\u00f3n\u00a0<\/span><\/b><span>: construido con revestimientos anticorrosivos, perfecto para entornos industriales hostiles.<\/span><\/li>\n<li aria-level=\"1\"><b><span>Eficiencia energ\u00e9tica\u00a0<\/span><\/b><span>: optimizado para reducir los costos operativos sin comprometer el rendimiento.<\/span><\/li>\n<li aria-level=\"1\"><b><span>Mantenimiento sencillo\u00a0<\/span><\/b><span>: el dise\u00f1o f\u00e1cil de limpiar garantiza un mantenimiento m\u00ednimo, ahorrando tiempo y recursos.<\/span><\/li>\n<\/ul>\n<h2><b><span>\u00bfPor qu\u00e9 elegir Cheri Heater para soluciones de calentadores tubulares de vapor?<\/span><\/b><\/h2>\n<p><span>Cheri Heater se especializa en equipos de calefacci\u00f3n de grado industrial, de confianza para empresas de diversos sectores. Nuestro\u00a0<\/span><b><span>calentador tubular de vapor\u00a0<\/span><\/b><span>no solo es confiable, sino que tambi\u00e9n est\u00e1 dise\u00f1ado para satisfacer los altos est\u00e1ndares de los compradores corporativos. Con opciones de compra al por mayor, atendemos las necesidades de f\u00e1bricas, plantas de fabricaci\u00f3n y operaciones a gran escala.<\/span><\/p>\n<p><span>Nuestro compromiso con la calidad garantiza que cada unidad cumpla con rigurosos est\u00e1ndares de seguridad y rendimiento. Al elegir Cheri Heater, invierte en un producto que ofrece eficiencia y durabilidad inigualables.<\/span><\/p>\n<h3><b><span>Cont\u00e1ctenos para pedidos al por mayor<\/span><\/b><\/h3>\n<p><span>Actualice sus sistemas de calefacci\u00f3n industrial con el\u00a0<\/span><b><span>calentador tubular de vapor Cheri Heater\u00a0<\/span><\/b><span>. Dise\u00f1ado para un alto rendimiento, construido para durar y adaptado a sus necesidades espec\u00edficas, esta es la opci\u00f3n confiable para empresas que buscan optimizar sus procesos de calefacci\u00f3n. Cont\u00e1ctenos hoy mismo para hablar sobre precios al por mayor y opciones de personalizaci\u00f3n adaptadas a su industria.<\/span><\/p>\n","protected":false},"featured_media":1922,"template":"","meta":[],"product_brand":[],"product_cat":[28],"product_tag":[215],"class_list":{"0":"post-1935","1":"product","2":"type-product","3":"status-publish","4":"has-post-thumbnail","6":"product_cat-tubular-heater","7":"product_tag-calentador-tubular-de-vapor","9":"first","10":"instock","11":"shipping-taxable","12":"product-type-simple"},"yoast_head":"<!-- This site is optimized with the Yoast SEO plugin v27.4 - https:\/\/yoast.com\/product\/yoast-seo-wordpress\/ -->\n<title>Fabricantes l\u00edderes de calentadores tubulares de vapor | Cheri-heater.com<\/title>\n<meta name=\"description\" content=\"Fabricantes l\u00edderes de calentadores tubulares: calentadores tubulares de alta calidad y eficiencia para aplicaciones industriales y comerciales. Soluciones de calefacci\u00f3n confiables. \u00a1Cont\u00e1ctenos!\" \/>\n<meta name=\"robots\" content=\"index, follow, max-snippet:-1, max-image-preview:large, max-video-preview:-1\" \/>\n<link rel=\"canonical\" href=\"https:\/\/cheri-heater.com\/esp\/product\/calentador-tubular-de-vapor\/\" \/>\n<meta property=\"og:locale\" content=\"en_US\" \/>\n<meta property=\"og:type\" content=\"article\" \/>\n<meta property=\"og:title\" content=\"Fabricantes l\u00edderes de calentadores tubulares de vapor | Cheri-heater.com\" \/>\n<meta property=\"og:description\" content=\"Fabricantes l\u00edderes de calentadores tubulares: calentadores tubulares de alta calidad y eficiencia para aplicaciones industriales y comerciales. Soluciones de calefacci\u00f3n confiables. \u00a1Cont\u00e1ctenos!\" \/>\n<meta property=\"og:url\" content=\"https:\/\/cheri-heater.com\/esp\/product\/calentador-tubular-de-vapor\/\" \/>\n<meta property=\"og:site_name\" content=\"Cheri Heater Technology Co.,Ltd.\" \/>\n<meta property=\"article:modified_time\" content=\"2025-05-08T03:12:26+00:00\" \/>\n<meta property=\"og:image\" content=\"https:\/\/cheri-heater.com\/esp\/wp-content\/uploads\/2025\/05\/steam.jpg\" \/>\n\t<meta property=\"og:image:width\" content=\"320\" \/>\n\t<meta property=\"og:image:height\" content=\"320\" \/>\n\t<meta property=\"og:image:type\" content=\"image\/jpeg\" \/>\n<meta name=\"twitter:card\" content=\"summary_large_image\" \/>\n<meta name=\"twitter:label1\" content=\"Est. reading time\" \/>\n\t<meta name=\"twitter:data1\" content=\"1 minute\" \/>\n<!-- \/ Yoast SEO plugin. -->","yoast_head_json":{"title":"Fabricantes l\u00edderes de calentadores tubulares de vapor | Cheri-heater.com","description":"Fabricantes l\u00edderes de calentadores tubulares: calentadores tubulares de alta calidad y eficiencia para aplicaciones industriales y comerciales. Soluciones de calefacci\u00f3n confiables. \u00a1Cont\u00e1ctenos!","robots":{"index":"index","follow":"follow","max-snippet":"max-snippet:-1","max-image-preview":"max-image-preview:large","max-video-preview":"max-video-preview:-1"},"canonical":"https:\/\/cheri-heater.com\/esp\/product\/calentador-tubular-de-vapor\/","og_locale":"en_US","og_type":"article","og_title":"Fabricantes l\u00edderes de calentadores tubulares de vapor | Cheri-heater.com","og_description":"Fabricantes l\u00edderes de calentadores tubulares: calentadores tubulares de alta calidad y eficiencia para aplicaciones industriales y comerciales. Soluciones de calefacci\u00f3n confiables. \u00a1Cont\u00e1ctenos!","og_url":"https:\/\/cheri-heater.com\/esp\/product\/calentador-tubular-de-vapor\/","og_site_name":"Cheri Heater Technology Co.,Ltd.","article_modified_time":"2025-05-08T03:12:26+00:00","og_image":[{"width":320,"height":320,"url":"https:\/\/cheri-heater.com\/esp\/wp-content\/uploads\/2025\/05\/steam.jpg","type":"image\/jpeg"}],"twitter_card":"summary_large_image","twitter_misc":{"Est. reading time":"1 minute"},"schema":{"@context":"https:\/\/schema.org","@graph":[{"@type":"WebPage","@id":"https:\/\/cheri-heater.com\/esp\/product\/calentador-tubular-de-vapor\/","url":"https:\/\/cheri-heater.com\/esp\/product\/calentador-tubular-de-vapor\/","name":"Fabricantes l\u00edderes de calentadores tubulares de vapor | Cheri-heater.com","isPartOf":{"@id":"https:\/\/cheri-heater.com\/esp\/#website"},"primaryImageOfPage":{"@id":"https:\/\/cheri-heater.com\/esp\/product\/calentador-tubular-de-vapor\/#primaryimage"},"image":{"@id":"https:\/\/cheri-heater.com\/esp\/product\/calentador-tubular-de-vapor\/#primaryimage"},"thumbnailUrl":"https:\/\/cheri-heater.com\/esp\/wp-content\/uploads\/2025\/05\/steam.jpg","datePublished":"2025-05-08T03:12:25+00:00","dateModified":"2025-05-08T03:12:26+00:00","description":"Fabricantes l\u00edderes de calentadores tubulares: calentadores tubulares de alta calidad y eficiencia para aplicaciones industriales y comerciales. Soluciones de calefacci\u00f3n confiables. \u00a1Cont\u00e1ctenos!","breadcrumb":{"@id":"https:\/\/cheri-heater.com\/esp\/product\/calentador-tubular-de-vapor\/#breadcrumb"},"inLanguage":"en-US","potentialAction":[{"@type":"ReadAction","target":["https:\/\/cheri-heater.com\/esp\/product\/calentador-tubular-de-vapor\/"]}]},{"@type":"ImageObject","inLanguage":"en-US","@id":"https:\/\/cheri-heater.com\/esp\/product\/calentador-tubular-de-vapor\/#primaryimage","url":"https:\/\/cheri-heater.com\/esp\/wp-content\/uploads\/2025\/05\/steam.jpg","contentUrl":"https:\/\/cheri-heater.com\/esp\/wp-content\/uploads\/2025\/05\/steam.jpg","width":320,"height":320,"caption":"Calentador Tubular Personalizado"},{"@type":"BreadcrumbList","@id":"https:\/\/cheri-heater.com\/esp\/product\/calentador-tubular-de-vapor\/#breadcrumb","itemListElement":[{"@type":"ListItem","position":1,"name":"Home","item":"https:\/\/cheri-heater.com\/esp\/"},{"@type":"ListItem","position":2,"name":"Products","item":"https:\/\/cheri-heater.com\/esp\/products\/"},{"@type":"ListItem","position":3,"name":"Calentador Tubular De Vapor"}]},{"@type":"WebSite","@id":"https:\/\/cheri-heater.com\/esp\/#website","url":"https:\/\/cheri-heater.com\/esp\/","name":"Cheri Heater Technology Co.,Ltd.","description":"","publisher":{"@id":"https:\/\/cheri-heater.com\/esp\/#organization"},"potentialAction":[{"@type":"SearchAction","target":{"@type":"EntryPoint","urlTemplate":"https:\/\/cheri-heater.com\/esp\/?s={search_term_string}"},"query-input":{"@type":"PropertyValueSpecification","valueRequired":true,"valueName":"search_term_string"}}],"inLanguage":"en-US"},{"@type":"Organization","@id":"https:\/\/cheri-heater.com\/esp\/#organization","name":"Cheri Heater Technology Co.,Ltd.","url":"https:\/\/cheri-heater.com\/esp\/","logo":{"@type":"ImageObject","inLanguage":"en-US","@id":"https:\/\/cheri-heater.com\/esp\/#\/schema\/logo\/image\/","url":"https:\/\/cheri-heater.com\/esp\/wp-content\/uploads\/2024\/06\/cropped-logo-resize.png","contentUrl":"https:\/\/cheri-heater.com\/esp\/wp-content\/uploads\/2024\/06\/cropped-logo-resize.png","width":346,"height":99,"caption":"Cheri Heater Technology Co.,Ltd."},"image":{"@id":"https:\/\/cheri-heater.com\/esp\/#\/schema\/logo\/image\/"}}]}},"_links":{"self":[{"href":"https:\/\/cheri-heater.com\/esp\/wp-json\/wp\/v2\/product\/1935","targetHints":{"allow":["GET"]}}],"collection":[{"href":"https:\/\/cheri-heater.com\/esp\/wp-json\/wp\/v2\/product"}],"about":[{"href":"https:\/\/cheri-heater.com\/esp\/wp-json\/wp\/v2\/types\/product"}],"wp:featuredmedia":[{"embeddable":true,"href":"https:\/\/cheri-heater.com\/esp\/wp-json\/wp\/v2\/media\/1922"}],"wp:attachment":[{"href":"https:\/\/cheri-heater.com\/esp\/wp-json\/wp\/v2\/media?parent=1935"}],"wp:term":[{"taxonomy":"product_brand","embeddable":true,"href":"https:\/\/cheri-heater.com\/esp\/wp-json\/wp\/v2\/product_brand?post=1935"},{"taxonomy":"product_cat","embeddable":true,"href":"https:\/\/cheri-heater.com\/esp\/wp-json\/wp\/v2\/product_cat?post=1935"},{"taxonomy":"product_tag","embeddable":true,"href":"https:\/\/cheri-heater.com\/esp\/wp-json\/wp\/v2\/product_tag?post=1935"}],"curies":[{"name":"wp","href":"https:\/\/api.w.org\/{rel}","templated":true}]}}