{"id":1936,"date":"2025-05-08T03:18:11","date_gmt":"2025-05-08T03:18:11","guid":{"rendered":"https:\/\/cheri-heater.com\/esp\/?post_type=product&#038;p=1936"},"modified":"2025-05-08T03:18:11","modified_gmt":"2025-05-08T03:18:11","slug":"tubo-de-calentamiento-del-tanque","status":"publish","type":"product","link":"https:\/\/cheri-heater.com\/esp\/product\/tubo-de-calentamiento-del-tanque\/","title":{"rendered":"Tubo De Calentamiento Del Tanque"},"content":{"rendered":"","protected":false},"excerpt":{"rendered":"<h1><b><span><span class=\"\">Obtenga un tubo de calentamiento de tanque de calidad superior de Cheri Heater<\/span><\/span><\/b><\/h1>\n<p><span>Cheri Heater presenta el\u00a0<\/span><b><span>tubo calefactor para tanques\u00a0<\/span><\/b><span>, dise\u00f1ado para satisfacer las exigentes necesidades de los sistemas de calefacci\u00f3n industrial. Ya sea para procesamiento qu\u00edmico, almacenamiento de agua o calentamiento de aceite, nuestros robustos tubos calefactores garantizan eficiencia, durabilidad y una distribuci\u00f3n uniforme del calor. Dise\u00f1ados para una integraci\u00f3n perfecta, ofrecen un rendimiento fiable en una amplia gama de aplicaciones.<\/span><\/p>\n<h3><b><span>\u00bfPor qu\u00e9 elegir el tubo de calentamiento de tanque de Cheri Heater?<\/span><\/b><\/h3>\n<ol>\n<li><b><span>Durabilidad inigualable:\u00a0<\/span><\/b><span>Fabricado con acero inoxidable de alta calidad, el tubo de calentamiento de tanques de Cheri Heater resiste la corrosi\u00f3n y el desgaste, garantizando un rendimiento duradero incluso en entornos hostiles. Nuestros tubos est\u00e1n dise\u00f1ados para soportar temperaturas y presiones extremas, lo que proporciona tranquilidad en operaciones cr\u00edticas.<\/span><b><br \/>\n<\/b><\/li>\n<li><b><span>Eficiencia energ\u00e9tica:\u00a0<\/span><\/b><span>Optimizados para un consumo m\u00ednimo de energ\u00eda, nuestros tubos calefactores reducen los costos operativos a la vez que mantienen una potencia t\u00e9rmica superior. Su dise\u00f1o avanzado minimiza la p\u00e9rdida de calor, maximizando la eficiencia de su sistema.<\/span><b><br \/>\n<\/b><\/li>\n<li><b><span>Aplicaci\u00f3n vers\u00e1til:\u00a0<\/span><\/b><span>Nuestro\u00a0<b>tubo de calentamiento de tanques\u00a0<\/b>es ideal para diversas industrias, que incluyen:<\/span><b><br \/>\n<\/b><b><\/b><\/li>\n<\/ol>\n<ul>\n<li aria-level=\"1\"><span>Procesamiento qu\u00edmico y petroqu\u00edmico<\/span><\/li>\n<li aria-level=\"1\"><span>Producci\u00f3n de alimentos y bebidas<\/span><\/li>\n<li aria-level=\"1\"><span>Fabricaci\u00f3n farmac\u00e9utica<\/span><\/li>\n<li aria-level=\"1\"><span>Instalaciones de tratamiento de agua<\/span><\/li>\n<\/ul>\n<h3><b><span>Caracter\u00edsticas principales de nuestro tubo de calentamiento de tanques<\/span><\/b><\/h3>\n<ul>\n<li aria-level=\"1\"><b><span>Ingenier\u00eda de precisi\u00f3n:\u00a0<\/span><\/b><span>dise\u00f1ada para una transferencia de calor \u00f3ptima, garantizando un calentamiento constante y uniforme en todo el tanque.<\/span><\/li>\n<li aria-level=\"1\"><b><span>Opciones personalizables:\u00a0<\/span><\/b><span>Disponible en varias longitudes, di\u00e1metros y potencias para adaptarse a requisitos industriales espec\u00edficos.<\/span><\/li>\n<li aria-level=\"1\"><b><span>Normas de seguridad:\u00a0<\/span><\/b><span>Cumplimiento total con los est\u00e1ndares internacionales de seguridad y calidad para equipos de calefacci\u00f3n industrial.<\/span><\/li>\n<\/ul>\n<h3><b><span>Aplicaciones del tubo de calentamiento de tanques de Cheri Heater<\/span><\/b><\/h3>\n<ol>\n<li><b><span>Procesamiento qu\u00edmico:\u00a0<\/span><\/b><span>Mantenga un control preciso de la temperatura para reacciones sensibles.\u00a0<\/span><span><b>2. Calentamiento de agua:\u00a0<\/b>Garantice soluciones energ\u00e9ticamente eficientes para sistemas de almacenamiento de agua.\u00a0<b>3. Calentamiento de petr\u00f3leo:\u00a0<\/b>Rendimiento confiable para mantener la fluidez y la viscosidad en tanques de almacenamiento de petr\u00f3leo.<\/span><br \/>\n<b><\/b><br \/>\n<b><\/b><\/li>\n<\/ol>\n<p><b><span>El tubo de calentamiento de tanque\u00a0<\/span><\/b><span>de Cheri Heater\u00a0<\/span><span>est\u00e1 dise\u00f1ado pensando en su negocio, ofreciendo eficiencia y confiabilidad que elevan sus operaciones industriales.<\/span><\/p>\n<h2><b><span>Conf\u00ede en Cheri Heater para soluciones de calefacci\u00f3n avanzadas<\/span><\/b><\/h2>\n<p><span>Asociese con Cheri Heater para obtener equipos de calefacci\u00f3n innovadores adaptados a las necesidades de su negocio. Con un enfoque en el rendimiento y la durabilidad, nuestro\u00a0<\/span><b><span>tubo calentador para tanques\u00a0<\/span><\/b><span>ofrece una excelente relaci\u00f3n calidad-precio.<\/span><\/p>\n<p><span><span class=\"\">Equipe sus tanques con lo mejor: elija Cheri Heater hoy.<\/span><\/span><\/p>\n","protected":false},"featured_media":1937,"template":"","meta":[],"product_brand":[],"product_cat":[28],"product_tag":[216],"class_list":{"0":"post-1936","1":"product","2":"type-product","3":"status-publish","4":"has-post-thumbnail","6":"product_cat-tubular-heater","7":"product_tag-tubo-de-calentamiento-del-tanque","9":"first","10":"instock","11":"shipping-taxable","12":"product-type-simple"},"yoast_head":"<!-- This site is optimized with the Yoast SEO plugin v27.4 - https:\/\/yoast.com\/product\/yoast-seo-wordpress\/ -->\n<title>Fabricantes de tubos de calefacci\u00f3n para tanques de alta calidad | Cheri-heater.com<\/title>\n<meta name=\"description\" content=\"Fabricantes l\u00edderes de tubos calefactores para tanques: tubos calefactores de alta calidad y duraderos para tanques. Soluciones fiables para necesidades industriales y comerciales. \u00a1Cont\u00e1ctenos!\" \/>\n<meta name=\"robots\" content=\"index, follow, max-snippet:-1, max-image-preview:large, max-video-preview:-1\" \/>\n<link rel=\"canonical\" href=\"https:\/\/cheri-heater.com\/esp\/product\/tubo-de-calentamiento-del-tanque\/\" \/>\n<meta property=\"og:locale\" content=\"en_US\" \/>\n<meta property=\"og:type\" content=\"article\" \/>\n<meta property=\"og:title\" content=\"Fabricantes de tubos de calefacci\u00f3n para tanques de alta calidad | Cheri-heater.com\" \/>\n<meta property=\"og:description\" content=\"Fabricantes l\u00edderes de tubos calefactores para tanques: tubos calefactores de alta calidad y duraderos para tanques. Soluciones fiables para necesidades industriales y comerciales. \u00a1Cont\u00e1ctenos!\" \/>\n<meta property=\"og:url\" content=\"https:\/\/cheri-heater.com\/esp\/product\/tubo-de-calentamiento-del-tanque\/\" \/>\n<meta property=\"og:site_name\" content=\"Cheri Heater Technology Co.,Ltd.\" \/>\n<meta property=\"og:image\" content=\"https:\/\/cheri-heater.com\/esp\/wp-content\/uploads\/2025\/05\/tank.png\" \/>\n\t<meta property=\"og:image:width\" content=\"350\" \/>\n\t<meta property=\"og:image:height\" content=\"289\" \/>\n\t<meta property=\"og:image:type\" content=\"image\/png\" \/>\n<meta name=\"twitter:card\" content=\"summary_large_image\" \/>\n<meta name=\"twitter:label1\" content=\"Est. reading time\" \/>\n\t<meta name=\"twitter:data1\" content=\"1 minute\" \/>\n<!-- \/ Yoast SEO plugin. -->","yoast_head_json":{"title":"Fabricantes de tubos de calefacci\u00f3n para tanques de alta calidad | Cheri-heater.com","description":"Fabricantes l\u00edderes de tubos calefactores para tanques: tubos calefactores de alta calidad y duraderos para tanques. Soluciones fiables para necesidades industriales y comerciales. \u00a1Cont\u00e1ctenos!","robots":{"index":"index","follow":"follow","max-snippet":"max-snippet:-1","max-image-preview":"max-image-preview:large","max-video-preview":"max-video-preview:-1"},"canonical":"https:\/\/cheri-heater.com\/esp\/product\/tubo-de-calentamiento-del-tanque\/","og_locale":"en_US","og_type":"article","og_title":"Fabricantes de tubos de calefacci\u00f3n para tanques de alta calidad | Cheri-heater.com","og_description":"Fabricantes l\u00edderes de tubos calefactores para tanques: tubos calefactores de alta calidad y duraderos para tanques. Soluciones fiables para necesidades industriales y comerciales. \u00a1Cont\u00e1ctenos!","og_url":"https:\/\/cheri-heater.com\/esp\/product\/tubo-de-calentamiento-del-tanque\/","og_site_name":"Cheri Heater Technology Co.,Ltd.","og_image":[{"width":350,"height":289,"url":"https:\/\/cheri-heater.com\/esp\/wp-content\/uploads\/2025\/05\/tank.png","type":"image\/png"}],"twitter_card":"summary_large_image","twitter_misc":{"Est. reading time":"1 minute"},"schema":{"@context":"https:\/\/schema.org","@graph":[{"@type":"WebPage","@id":"https:\/\/cheri-heater.com\/esp\/product\/tubo-de-calentamiento-del-tanque\/","url":"https:\/\/cheri-heater.com\/esp\/product\/tubo-de-calentamiento-del-tanque\/","name":"Fabricantes de tubos de calefacci\u00f3n para tanques de alta calidad | Cheri-heater.com","isPartOf":{"@id":"https:\/\/cheri-heater.com\/esp\/#website"},"primaryImageOfPage":{"@id":"https:\/\/cheri-heater.com\/esp\/product\/tubo-de-calentamiento-del-tanque\/#primaryimage"},"image":{"@id":"https:\/\/cheri-heater.com\/esp\/product\/tubo-de-calentamiento-del-tanque\/#primaryimage"},"thumbnailUrl":"https:\/\/cheri-heater.com\/esp\/wp-content\/uploads\/2025\/05\/tank.png","datePublished":"2025-05-08T03:18:11+00:00","description":"Fabricantes l\u00edderes de tubos calefactores para tanques: tubos calefactores de alta calidad y duraderos para tanques. Soluciones fiables para necesidades industriales y comerciales. \u00a1Cont\u00e1ctenos!","breadcrumb":{"@id":"https:\/\/cheri-heater.com\/esp\/product\/tubo-de-calentamiento-del-tanque\/#breadcrumb"},"inLanguage":"en-US","potentialAction":[{"@type":"ReadAction","target":["https:\/\/cheri-heater.com\/esp\/product\/tubo-de-calentamiento-del-tanque\/"]}]},{"@type":"ImageObject","inLanguage":"en-US","@id":"https:\/\/cheri-heater.com\/esp\/product\/tubo-de-calentamiento-del-tanque\/#primaryimage","url":"https:\/\/cheri-heater.com\/esp\/wp-content\/uploads\/2025\/05\/tank.png","contentUrl":"https:\/\/cheri-heater.com\/esp\/wp-content\/uploads\/2025\/05\/tank.png","width":350,"height":289,"caption":"Tubo De Calentamiento Del Tanque"},{"@type":"BreadcrumbList","@id":"https:\/\/cheri-heater.com\/esp\/product\/tubo-de-calentamiento-del-tanque\/#breadcrumb","itemListElement":[{"@type":"ListItem","position":1,"name":"Home","item":"https:\/\/cheri-heater.com\/esp\/"},{"@type":"ListItem","position":2,"name":"Products","item":"https:\/\/cheri-heater.com\/esp\/products\/"},{"@type":"ListItem","position":3,"name":"Tubo De Calentamiento Del Tanque"}]},{"@type":"WebSite","@id":"https:\/\/cheri-heater.com\/esp\/#website","url":"https:\/\/cheri-heater.com\/esp\/","name":"Cheri Heater Technology Co.,Ltd.","description":"","publisher":{"@id":"https:\/\/cheri-heater.com\/esp\/#organization"},"potentialAction":[{"@type":"SearchAction","target":{"@type":"EntryPoint","urlTemplate":"https:\/\/cheri-heater.com\/esp\/?s={search_term_string}"},"query-input":{"@type":"PropertyValueSpecification","valueRequired":true,"valueName":"search_term_string"}}],"inLanguage":"en-US"},{"@type":"Organization","@id":"https:\/\/cheri-heater.com\/esp\/#organization","name":"Cheri Heater Technology Co.,Ltd.","url":"https:\/\/cheri-heater.com\/esp\/","logo":{"@type":"ImageObject","inLanguage":"en-US","@id":"https:\/\/cheri-heater.com\/esp\/#\/schema\/logo\/image\/","url":"https:\/\/cheri-heater.com\/esp\/wp-content\/uploads\/2024\/06\/cropped-logo-resize.png","contentUrl":"https:\/\/cheri-heater.com\/esp\/wp-content\/uploads\/2024\/06\/cropped-logo-resize.png","width":346,"height":99,"caption":"Cheri Heater Technology Co.,Ltd."},"image":{"@id":"https:\/\/cheri-heater.com\/esp\/#\/schema\/logo\/image\/"}}]}},"_links":{"self":[{"href":"https:\/\/cheri-heater.com\/esp\/wp-json\/wp\/v2\/product\/1936","targetHints":{"allow":["GET"]}}],"collection":[{"href":"https:\/\/cheri-heater.com\/esp\/wp-json\/wp\/v2\/product"}],"about":[{"href":"https:\/\/cheri-heater.com\/esp\/wp-json\/wp\/v2\/types\/product"}],"wp:featuredmedia":[{"embeddable":true,"href":"https:\/\/cheri-heater.com\/esp\/wp-json\/wp\/v2\/media\/1937"}],"wp:attachment":[{"href":"https:\/\/cheri-heater.com\/esp\/wp-json\/wp\/v2\/media?parent=1936"}],"wp:term":[{"taxonomy":"product_brand","embeddable":true,"href":"https:\/\/cheri-heater.com\/esp\/wp-json\/wp\/v2\/product_brand?post=1936"},{"taxonomy":"product_cat","embeddable":true,"href":"https:\/\/cheri-heater.com\/esp\/wp-json\/wp\/v2\/product_cat?post=1936"},{"taxonomy":"product_tag","embeddable":true,"href":"https:\/\/cheri-heater.com\/esp\/wp-json\/wp\/v2\/product_tag?post=1936"}],"curies":[{"name":"wp","href":"https:\/\/api.w.org\/{rel}","templated":true}]}}