{"id":849,"date":"2024-06-03T18:08:33","date_gmt":"2024-06-03T18:08:33","guid":{"rendered":"https:\/\/cheri-heater.com\/esp\/?post_type=product&#038;p=849"},"modified":"2024-07-27T11:35:14","modified_gmt":"2024-07-27T11:35:14","slug":"ceramic-band-heater","status":"publish","type":"product","link":"https:\/\/cheri-heater.com\/esp\/product\/ceramic-band-heater\/","title":{"rendered":"Calentador de Banda Cer\u00e1mico"},"content":{"rendered":"<table width=\"750\" cellspacing=\"0\" cellpadding=\"0\">\n<tbody>\n<tr valign=\"top\">\n<td bgcolor=\"#ffffff\" width=\"306\" height=\"19\">\n<p class=\"western\" align=\"left\"><span style=\"color: #333333;\"><span style=\"font-family: Helvetica, Arial, sans-serif;\"><span style=\"font-size: small;\">Nombre del Producto<\/span><\/span><\/span><\/p>\n<\/td>\n<td bgcolor=\"#ffffff\" width=\"442\">\n<p class=\"western\" align=\"left\"><span style=\"color: #333333;\"><span style=\"font-family: Helvetica, Arial, sans-serif;\"><span style=\"font-size: small;\">Calentadores de Banda Cer\u00e1micos<\/span><\/span><\/span><\/p>\n<\/td>\n<\/tr>\n<tr valign=\"top\">\n<td bgcolor=\"#ffffff\" width=\"306\" height=\"20\">\n<p class=\"western\" align=\"left\"><span style=\"color: #333333;\"><span style=\"font-family: Helvetica, Arial, sans-serif;\"><span style=\"font-size: small;\">Material de Aislamiento<\/span><\/span><\/span><\/p>\n<\/td>\n<td bgcolor=\"#ffffff\" width=\"442\">\n<p class=\"western\" align=\"left\"><span style=\"color: #333333;\"><span style=\"font-family: Helvetica, Arial, sans-serif;\"><span style=\"font-size: small;\">Aislamiento de Fibra Cer\u00e1mica<\/span><\/span><\/span><\/p>\n<\/td>\n<\/tr>\n<tr valign=\"top\">\n<td bgcolor=\"#ffffff\" width=\"306\" height=\"20\">\n<p class=\"western\" align=\"left\"><span style=\"color: #333333;\"><span style=\"font-family: Helvetica, Arial, sans-serif;\"><span style=\"font-size: small;\">Rango de Longitud de Onda<\/span><\/span><\/span><\/p>\n<\/td>\n<td bgcolor=\"#ffffff\" width=\"442\">\n<p class=\"western\" align=\"left\"><span style=\"color: #333333;\"><span style=\"font-family: Helvetica, Arial, sans-serif;\"><span style=\"font-size: small;\">2-10 Micrones<\/span><\/span><\/span><\/p>\n<\/td>\n<\/tr>\n<tr valign=\"top\">\n<td bgcolor=\"#ffffff\" width=\"306\" height=\"20\">\n<p class=\"western\" align=\"left\"><span style=\"color: #333333;\"><span style=\"font-family: Helvetica, Arial, sans-serif;\"><span style=\"font-size: small;\">Densidad de Potencia M\u00e1xima<\/span><\/span><\/span><\/p>\n<\/td>\n<td bgcolor=\"#ffffff\" width=\"442\">\n<p class=\"western\" align=\"left\"><span style=\"color: #333333;\"><span style=\"font-family: Helvetica, Arial, sans-serif;\"><span style=\"font-size: small;\">6 W\/cm\u00b2<\/span><\/span><\/span><\/p>\n<\/td>\n<\/tr>\n<tr valign=\"top\">\n<td bgcolor=\"#ffffff\" width=\"306\" height=\"20\">\n<p class=\"western\" align=\"left\"><span style=\"color: #333333;\"><span style=\"font-family: Helvetica, Arial, sans-serif;\"><span style=\"font-size: small;\">Tolerancia de Potencia<\/span><\/span><\/span><\/p>\n<\/td>\n<td bgcolor=\"#ffffff\" width=\"442\">\n<p class=\"western\" align=\"left\"><span style=\"color: #333333;\"><span style=\"font-family: Helvetica, Arial, sans-serif;\"><span style=\"font-size: small;\">+5% -10%<\/span><\/span><\/span><\/p>\n<\/td>\n<\/tr>\n<tr valign=\"top\">\n<td bgcolor=\"#ffffff\" width=\"306\" height=\"20\">\n<p class=\"western\" align=\"left\"><span style=\"color: #333333;\"><span style=\"font-family: Helvetica, Arial, sans-serif;\"><span style=\"font-size: small;\">Temperatura de Funcionamiento<\/span><\/span><\/span><\/p>\n<\/td>\n<td bgcolor=\"#ffffff\" width=\"442\">\n<p class=\"western\" align=\"left\"><span style=\"color: #333333;\"><span style=\"font-family: Helvetica, Arial, sans-serif;\"><span style=\"font-size: small;\">300\u00b0C a 700\u00b0C (572\u00b0F &#8211; 1292\u00b0F)<\/span><\/span><\/span><\/p>\n<\/td>\n<\/tr>\n<tr valign=\"top\">\n<td bgcolor=\"#ffffff\" width=\"306\" height=\"20\">\n<p class=\"western\" align=\"left\"><span style=\"color: #333333;\"><span style=\"font-family: Helvetica, Arial, sans-serif;\"><span style=\"font-size: small;\">Di\u00e1metro M\u00ednimo<\/span><\/span><\/span><\/p>\n<\/td>\n<td bgcolor=\"#ffffff\" width=\"442\">\n<p class=\"western\" align=\"left\"><span style=\"color: #333333;\"><span style=\"font-family: Helvetica, Arial, sans-serif;\"><span style=\"font-size: small;\">60mm<\/span><\/span><\/span><\/p>\n<\/td>\n<\/tr>\n<tr valign=\"top\">\n<td bgcolor=\"#ffffff\" width=\"306\" height=\"20\">\n<p class=\"western\" align=\"left\"><span style=\"color: #333333;\"><span style=\"font-family: Helvetica, Arial, sans-serif;\"><span style=\"font-size: small;\">Altura M\u00ednima<\/span><\/span><\/span><\/p>\n<\/td>\n<td bgcolor=\"#ffffff\" width=\"442\">\n<p class=\"western\" align=\"left\"><span style=\"color: #333333;\"><span style=\"font-family: Helvetica, Arial, sans-serif;\"><span style=\"font-size: small;\">25.4mm<\/span><\/span><\/span><\/p>\n<\/td>\n<\/tr>\n<tr valign=\"top\">\n<td bgcolor=\"#ffffff\" width=\"306\" height=\"20\">\n<p class=\"western\" align=\"left\"><span style=\"color: #333333;\"><span style=\"font-family: Helvetica, Arial, sans-serif;\"><span style=\"font-size: small;\">Espesor Est\u00e1ndar<\/span><\/span><\/span><\/p>\n<\/td>\n<td bgcolor=\"#ffffff\" width=\"442\">\n<p class=\"western\" align=\"left\"><span style=\"color: #333333;\"><span style=\"font-family: Helvetica, Arial, sans-serif;\"><span style=\"font-size: small;\">12 mm<\/span><\/span><\/span><\/p>\n<\/td>\n<\/tr>\n<tr valign=\"top\">\n<td bgcolor=\"#ffffff\" width=\"306\" height=\"20\">\n<p class=\"western\" align=\"left\"><span style=\"color: #333333;\"><span style=\"font-family: Helvetica, Arial, sans-serif;\"><span style=\"font-size: small;\">Espacio Est\u00e1ndar<\/span><\/span><\/span><\/p>\n<\/td>\n<td bgcolor=\"#ffffff\" width=\"442\">\n<p class=\"western\" align=\"left\"><span style=\"color: #333333;\"><span style=\"font-family: Helvetica, Arial, sans-serif;\"><span style=\"font-size: small;\">9 mm<\/span><\/span><\/span><\/p>\n<\/td>\n<\/tr>\n<tr valign=\"top\">\n<td bgcolor=\"#ffffff\" width=\"306\" height=\"19\">\n<p class=\"western\" align=\"left\"><span style=\"color: #333333;\"><span style=\"font-family: Helvetica, Arial, sans-serif;\"><span style=\"font-size: small;\">Vida \u00datil de Funcionamiento<\/span><\/span><\/span><\/p>\n<\/td>\n<td bgcolor=\"#ffffff\" width=\"442\">\n<p class=\"western\" align=\"left\"><span style=\"color: #333333;\"><span style=\"font-family: Helvetica, Arial, sans-serif;\"><span style=\"font-size: small;\">20000 horas<\/span><\/span><\/span><\/p>\n<\/td>\n<\/tr>\n<\/tbody>\n<\/table>\n","protected":false},"excerpt":{"rendered":"<p class=\"western\"><span style=\"color: #333333;\"><span style=\"font-family: Helvetica, Arial, sans-serif;\"><span style=\"font-size: small;\">Ceramic band heaters are medium-to-high temperature heaters that have 600\u2103as a maximum working temperature. They provide long life and use less wattage (because of insulation) in plastics extrusion and injection molding applications.<\/span><\/span><\/span><\/p>\n<p>Ceramic band heaters are available with different terminal styles, are fully flexible, and can accommodate holes and cut-outs. Factory engineering is available to assist with the design and development of special heaters for particular requirements.<\/p>\n","protected":false},"featured_media":856,"template":"","meta":[],"product_brand":[],"product_cat":[20],"product_tag":[150],"class_list":{"0":"post-849","1":"product","2":"type-product","3":"status-publish","4":"has-post-thumbnail","6":"product_cat-band-heater","7":"product_tag-ceramic-band-heater","9":"first","10":"instock","11":"shipping-taxable","12":"product-type-simple"},"yoast_head":"<!-- This site is optimized with the Yoast SEO plugin v27.3 - https:\/\/yoast.com\/product\/yoast-seo-wordpress\/ -->\n<title>Principal Fabricante de Calentadores de Banda Cer\u00e1micos | Soluciones de Calentamiento de Calidad<\/title>\n<meta name=\"description\" content=\"Principales fabricantes de calentadores de banda cer\u00e1micos que ofrecen soluciones de calefacci\u00f3n industrial de alta calidad y eficiencia. Encuentra los mejores productos para tus necesidades con orientaci\u00f3n experta y un servicio al cliente excepcional. \u00a1Explora nuestra selecci\u00f3n de primer nivel hoy mismo!\" \/>\n<meta name=\"robots\" content=\"index, follow, max-snippet:-1, max-image-preview:large, max-video-preview:-1\" \/>\n<link rel=\"canonical\" href=\"https:\/\/cheri-heater.com\/esp\/product\/ceramic-band-heater\/\" \/>\n<meta property=\"og:locale\" content=\"en_US\" \/>\n<meta property=\"og:type\" content=\"article\" \/>\n<meta property=\"og:title\" content=\"Principal Fabricante de Calentadores de Banda Cer\u00e1micos | Soluciones de Calentamiento de Calidad\" \/>\n<meta property=\"og:description\" content=\"Principales fabricantes de calentadores de banda cer\u00e1micos que ofrecen soluciones de calefacci\u00f3n industrial de alta calidad y eficiencia. Encuentra los mejores productos para tus necesidades con orientaci\u00f3n experta y un servicio al cliente excepcional. \u00a1Explora nuestra selecci\u00f3n de primer nivel hoy mismo!\" \/>\n<meta property=\"og:url\" content=\"https:\/\/cheri-heater.com\/esp\/product\/ceramic-band-heater\/\" \/>\n<meta property=\"og:site_name\" content=\"Cheri Heater Technology Co.,Ltd.\" \/>\n<meta property=\"article:modified_time\" content=\"2024-07-27T11:35:14+00:00\" \/>\n<meta property=\"og:image\" content=\"https:\/\/cheri-heater.com\/esp\/wp-content\/uploads\/2024\/06\/HTB1J1hadjfguuRjSspkq6xchpXac-1.jpg\" \/>\n\t<meta property=\"og:image:width\" content=\"800\" \/>\n\t<meta property=\"og:image:height\" content=\"800\" \/>\n\t<meta property=\"og:image:type\" content=\"image\/jpeg\" \/>\n<meta name=\"twitter:card\" content=\"summary_large_image\" \/>\n<meta name=\"twitter:label1\" content=\"Est. reading time\" \/>\n\t<meta name=\"twitter:data1\" content=\"1 minute\" \/>\n<!-- \/ Yoast SEO plugin. -->","yoast_head_json":{"title":"Principal Fabricante de Calentadores de Banda Cer\u00e1micos | Soluciones de Calentamiento de Calidad","description":"Principales fabricantes de calentadores de banda cer\u00e1micos que ofrecen soluciones de calefacci\u00f3n industrial de alta calidad y eficiencia. Encuentra los mejores productos para tus necesidades con orientaci\u00f3n experta y un servicio al cliente excepcional. \u00a1Explora nuestra selecci\u00f3n de primer nivel hoy mismo!","robots":{"index":"index","follow":"follow","max-snippet":"max-snippet:-1","max-image-preview":"max-image-preview:large","max-video-preview":"max-video-preview:-1"},"canonical":"https:\/\/cheri-heater.com\/esp\/product\/ceramic-band-heater\/","og_locale":"en_US","og_type":"article","og_title":"Principal Fabricante de Calentadores de Banda Cer\u00e1micos | Soluciones de Calentamiento de Calidad","og_description":"Principales fabricantes de calentadores de banda cer\u00e1micos que ofrecen soluciones de calefacci\u00f3n industrial de alta calidad y eficiencia. Encuentra los mejores productos para tus necesidades con orientaci\u00f3n experta y un servicio al cliente excepcional. \u00a1Explora nuestra selecci\u00f3n de primer nivel hoy mismo!","og_url":"https:\/\/cheri-heater.com\/esp\/product\/ceramic-band-heater\/","og_site_name":"Cheri Heater Technology Co.,Ltd.","article_modified_time":"2024-07-27T11:35:14+00:00","og_image":[{"width":800,"height":800,"url":"https:\/\/cheri-heater.com\/esp\/wp-content\/uploads\/2024\/06\/HTB1J1hadjfguuRjSspkq6xchpXac-1.jpg","type":"image\/jpeg"}],"twitter_card":"summary_large_image","twitter_misc":{"Est. reading time":"1 minute"},"schema":{"@context":"https:\/\/schema.org","@graph":[{"@type":"WebPage","@id":"https:\/\/cheri-heater.com\/esp\/product\/ceramic-band-heater\/","url":"https:\/\/cheri-heater.com\/esp\/product\/ceramic-band-heater\/","name":"Principal Fabricante de Calentadores de Banda Cer\u00e1micos | Soluciones de Calentamiento de Calidad","isPartOf":{"@id":"https:\/\/cheri-heater.com\/esp\/#website"},"primaryImageOfPage":{"@id":"https:\/\/cheri-heater.com\/esp\/product\/ceramic-band-heater\/#primaryimage"},"image":{"@id":"https:\/\/cheri-heater.com\/esp\/product\/ceramic-band-heater\/#primaryimage"},"thumbnailUrl":"https:\/\/cheri-heater.com\/esp\/wp-content\/uploads\/2024\/06\/HTB1J1hadjfguuRjSspkq6xchpXac-1.jpg","datePublished":"2024-06-03T18:08:33+00:00","dateModified":"2024-07-27T11:35:14+00:00","description":"Principales fabricantes de calentadores de banda cer\u00e1micos que ofrecen soluciones de calefacci\u00f3n industrial de alta calidad y eficiencia. Encuentra los mejores productos para tus necesidades con orientaci\u00f3n experta y un servicio al cliente excepcional. \u00a1Explora nuestra selecci\u00f3n de primer nivel hoy mismo!","breadcrumb":{"@id":"https:\/\/cheri-heater.com\/esp\/product\/ceramic-band-heater\/#breadcrumb"},"inLanguage":"en-US","potentialAction":[{"@type":"ReadAction","target":["https:\/\/cheri-heater.com\/esp\/product\/ceramic-band-heater\/"]}]},{"@type":"ImageObject","inLanguage":"en-US","@id":"https:\/\/cheri-heater.com\/esp\/product\/ceramic-band-heater\/#primaryimage","url":"https:\/\/cheri-heater.com\/esp\/wp-content\/uploads\/2024\/06\/HTB1J1hadjfguuRjSspkq6xchpXac-1.jpg","contentUrl":"https:\/\/cheri-heater.com\/esp\/wp-content\/uploads\/2024\/06\/HTB1J1hadjfguuRjSspkq6xchpXac-1.jpg","width":800,"height":800},{"@type":"BreadcrumbList","@id":"https:\/\/cheri-heater.com\/esp\/product\/ceramic-band-heater\/#breadcrumb","itemListElement":[{"@type":"ListItem","position":1,"name":"Home","item":"https:\/\/cheri-heater.com\/esp\/"},{"@type":"ListItem","position":2,"name":"Products","item":"https:\/\/cheri-heater.com\/esp\/products\/"},{"@type":"ListItem","position":3,"name":"Calentador de Banda Cer\u00e1mico"}]},{"@type":"WebSite","@id":"https:\/\/cheri-heater.com\/esp\/#website","url":"https:\/\/cheri-heater.com\/esp\/","name":"Cheri Heater Technology Co.,Ltd.","description":"","publisher":{"@id":"https:\/\/cheri-heater.com\/esp\/#organization"},"potentialAction":[{"@type":"SearchAction","target":{"@type":"EntryPoint","urlTemplate":"https:\/\/cheri-heater.com\/esp\/?s={search_term_string}"},"query-input":{"@type":"PropertyValueSpecification","valueRequired":true,"valueName":"search_term_string"}}],"inLanguage":"en-US"},{"@type":"Organization","@id":"https:\/\/cheri-heater.com\/esp\/#organization","name":"Cheri Heater Technology Co.,Ltd.","url":"https:\/\/cheri-heater.com\/esp\/","logo":{"@type":"ImageObject","inLanguage":"en-US","@id":"https:\/\/cheri-heater.com\/esp\/#\/schema\/logo\/image\/","url":"https:\/\/cheri-heater.com\/esp\/wp-content\/uploads\/2024\/06\/cropped-logo-resize.png","contentUrl":"https:\/\/cheri-heater.com\/esp\/wp-content\/uploads\/2024\/06\/cropped-logo-resize.png","width":346,"height":99,"caption":"Cheri Heater Technology Co.,Ltd."},"image":{"@id":"https:\/\/cheri-heater.com\/esp\/#\/schema\/logo\/image\/"}}]}},"_links":{"self":[{"href":"https:\/\/cheri-heater.com\/esp\/wp-json\/wp\/v2\/product\/849","targetHints":{"allow":["GET"]}}],"collection":[{"href":"https:\/\/cheri-heater.com\/esp\/wp-json\/wp\/v2\/product"}],"about":[{"href":"https:\/\/cheri-heater.com\/esp\/wp-json\/wp\/v2\/types\/product"}],"wp:featuredmedia":[{"embeddable":true,"href":"https:\/\/cheri-heater.com\/esp\/wp-json\/wp\/v2\/media\/856"}],"wp:attachment":[{"href":"https:\/\/cheri-heater.com\/esp\/wp-json\/wp\/v2\/media?parent=849"}],"wp:term":[{"taxonomy":"product_brand","embeddable":true,"href":"https:\/\/cheri-heater.com\/esp\/wp-json\/wp\/v2\/product_brand?post=849"},{"taxonomy":"product_cat","embeddable":true,"href":"https:\/\/cheri-heater.com\/esp\/wp-json\/wp\/v2\/product_cat?post=849"},{"taxonomy":"product_tag","embeddable":true,"href":"https:\/\/cheri-heater.com\/esp\/wp-json\/wp\/v2\/product_tag?post=849"}],"curies":[{"name":"wp","href":"https:\/\/api.w.org\/{rel}","templated":true}]}}