{"id":944,"date":"2024-06-04T18:02:15","date_gmt":"2024-06-04T18:02:15","guid":{"rendered":"https:\/\/cheri-heater.com\/esp\/?post_type=product&#038;p=944"},"modified":"2024-07-30T03:13:26","modified_gmt":"2024-07-30T03:13:26","slug":"fined-cartridge-heater","status":"publish","type":"product","link":"https:\/\/cheri-heater.com\/esp\/product\/fined-cartridge-heater\/","title":{"rendered":"Calentador de cartucho aletas"},"content":{"rendered":"<table dir=\"ltr\" width=\"750\" cellspacing=\"0\" cellpadding=\"0\" align=\"left\">\n<tbody>\n<tr valign=\"top\">\n<td width=\"402\">\n<p class=\"western\" align=\"left\"><span style=\"font-size: small;\"><span style=\"font-family: \u5b8b\u4f53;\">Material del calefactor de cartucho<\/span><\/span><\/p>\n<\/td>\n<td width=\"346\">\n<p class=\"western\" align=\"left\"><span style=\"font-family: \u5b8b\u4f53;\"><span style=\"font-size: small;\"><span lang=\"en-US\">Ss<\/span><\/span><\/span><span style=\"font-family: \u5b8b\u4f53;\"><span style=\"font-size: small;\"><span lang=\"en-US\">304, ss310s,<\/span><\/span><\/span><span style=\"font-family: \u5b8b\u4f53;\"><span style=\"font-size: small;\"><span lang=\"en-US\">ss316, ss316<\/span><\/span><\/span><span style=\"font-family: \u5b8b\u4f53;\"><span style=\"font-size: small;\"><span lang=\"en-US\">L<\/span><\/span><\/span><span style=\"font-family: \u5b8b\u4f53;\"><span style=\"font-size: small;\"><span lang=\"en-US\">, ss321,<\/span><\/span><\/span><span style=\"font-family: \u5b8b\u4f53;\"><span style=\"font-size: small;\"><span lang=\"en-US\"> incoly,<\/span><\/span><\/span><span style=\"font-family: \u5b8b\u4f53;\"><span style=\"font-size: small;\"><span lang=\"en-US\"> etc.<\/span><\/span><\/span><\/p>\n<\/td>\n<\/tr>\n<tr valign=\"top\">\n<td width=\"402\">\n<p class=\"western\" align=\"left\"><span style=\"font-size: small;\"><span style=\"font-family: \u5b8b\u4f53;\">Di\u00e1metro del calefactor de cartucho<\/span><\/span><\/p>\n<\/td>\n<td width=\"346\">\n<p class=\"western\" align=\"left\"><span style=\"font-family: \u5b8b\u4f53;\"><span style=\"font-size: small;\"><span lang=\"en-US\">m\u00ednimo:<\/span><\/span><\/span><span style=\"font-family: \u5b8b\u4f53;\"><span style=\"font-size: small;\"><span lang=\"en-US\"> 2<\/span><\/span><\/span><span style=\"font-family: \u5b8b\u4f53;\"><span style=\"font-size: small;\"><span lang=\"en-US\"> mm, seg\u00fan personalizaci\u00f3n<\/span><\/span><\/span><\/p>\n<\/td>\n<\/tr>\n<tr valign=\"top\">\n<td width=\"402\">\n<p class=\"western\" align=\"left\"><span style=\"font-size: small;\"><span style=\"font-family: \u5b8b\u4f53;\">Marca del elemento calefactor de cartucho<\/span><\/span><\/p>\n<\/td>\n<td width=\"346\">\n<p class=\"western\" align=\"left\"><span style=\"font-size: small;\"><span style=\"font-family: \u5b8b\u4f53;\">OEM<\/span><\/span><\/p>\n<\/td>\n<\/tr>\n<tr valign=\"top\">\n<td width=\"402\">\n<p class=\"western\" align=\"left\"><span style=\"font-size: small;\"><span style=\"font-family: \u5b8b\u4f53;\">Temperatura m\u00e1xima de los elementos calefactores de cartucho<\/span><\/span><\/p>\n<\/td>\n<td width=\"346\">\n<p class=\"western\" align=\"left\"><span style=\"color: #000000;\"><span style=\"font-family: Verdana;\"><span style=\"font-size: small;\"><span lang=\"en-US\">9<\/span><\/span><\/span><\/span><span style=\"color: #000000;\"><span style=\"font-family: Verdana;\"><span style=\"font-size: small;\"><span lang=\"en-US\">00 \u00baC<\/span><\/span><\/span><\/span><\/p>\n<\/td>\n<\/tr>\n<tr valign=\"top\">\n<td width=\"402\">\n<p class=\"western\" align=\"left\"><span style=\"font-size: small;\"><span style=\"font-family: \u5b8b\u4f53;\">Tiempo de entrega de los elementos calefactores de cartucho<\/span><\/span><\/p>\n<\/td>\n<td width=\"346\">\n<p class=\"western\" align=\"left\"><span style=\"font-size: small;\"><span style=\"font-family: \u5b8b\u4f53;\">Tiempo de entrega de los elementos calefactores de cartucho<\/span><\/span><\/p>\n<\/td>\n<\/tr>\n<tr valign=\"top\">\n<td width=\"402\">\n<p class=\"western\" align=\"left\"><span style=\"font-size: small;\"><span style=\"font-family: \u5b8b\u4f53;\">Termopar interno de los elementos calefactores de cartucho<\/span><\/span><\/p>\n<\/td>\n<td width=\"346\">\n<p class=\"western\" align=\"left\"><span style=\"font-size: small;\"><span style=\"font-family: \u5b8b\u4f53;\">tipo J, K<\/span><\/span><\/p>\n<\/td>\n<\/tr>\n<\/tbody>\n<\/table>\n<h3><\/h3>\n<h3><\/h3>\n<h3><\/h3>\n<h3><\/h3>\n<h3><\/h3>\n<h3><\/h3>\n<h3><\/h3>\n<h3><\/h3>\n<h3 class=\"western\">Caracter\u00edsticas Principales<\/h3>\n<p><span style=\"color: #333333;\"><span style=\"font-family: Times New Roman, serif;\"><span style=\"font-size: small;\"><span style=\"font-size: medium;\">1. Alta densidad de potencia (potencia de la superficie de calor 10-25w\/cm2) Temperatura de trabajo <450 grados<br \/>\n2. Densidad de potencia media y baja (potencia de la superficie de calor 5-11w\/cm2) Temperatura de trabajo <300 grados<br \/>\n3. Voltaje: 12-250V o seg\u00fan requisitos<br \/>\n4. Construcci\u00f3n de alta densidad<br \/>\n5. La construcci\u00f3n de acero inoxidable de alta calidad proporciona protecci\u00f3n duradera incluso en los entornos industriales m\u00e1s exigentes. Protegidos con una funda de acero inoxidable, su densidad de potencia puede alcanzar 50w\/cm2 y su temperatura de operaci\u00f3n puede llegar hasta 800 grados<\/span><\/span><\/span><\/span><\/p>\n","protected":false},"excerpt":{"rendered":"<p>Los calentadores de cartucho son elementos calefactores el\u00e9ctricos cil\u00edndricos. Se utilizan principalmente para calentar s\u00f3lidos, como placas de calefacci\u00f3n para prensas de inyecci\u00f3n o varias herramientas, y tambi\u00e9n pueden usarse para calentar agua o gases en ciertas condiciones. Son ampliamente utilizados en la fabricaci\u00f3n de piezas de pl\u00e1stico y caucho en la industria automotriz o en la industria de procesamiento de alimentos, entre otras; tambi\u00e9n se encuentran com\u00fanmente en las industrias qu\u00edmica, electr\u00f3nica, de equipos m\u00e9dicos, de embalaje y nuclear<\/p>\n","protected":false},"featured_media":949,"template":"","meta":[],"product_brand":[],"product_cat":[21],"product_tag":[],"class_list":{"0":"post-944","1":"product","2":"type-product","3":"status-publish","4":"has-post-thumbnail","6":"product_cat-cartridge-heater","8":"first","9":"instock","10":"shipping-taxable","11":"product-type-simple"},"yoast_head":"<!-- This site is optimized with the Yoast SEO plugin v27.3 - https:\/\/yoast.com\/product\/yoast-seo-wordpress\/ -->\n<title>Principales fabricantes de calentadores de cartucho con aletas | Cheri-heater.com<\/title>\n<meta name=\"description\" content=\"Principales fabricantes de calentadores de cartucho aletas que ofrecen soluciones de calefacci\u00f3n eficientes y fiables. Nuestros calentadores de cartucho aletas de alta calidad est\u00e1n dise\u00f1ados para una transferencia de calor \u00f3ptima y durabilidad. Perfectos para diversas aplicaciones industriales. \u00a1Cont\u00e1ctenos hoy para soluciones personalizadas\" \/>\n<meta name=\"robots\" content=\"index, follow, max-snippet:-1, max-image-preview:large, max-video-preview:-1\" \/>\n<link rel=\"canonical\" href=\"https:\/\/cheri-heater.com\/esp\/product\/fined-cartridge-heater\/\" \/>\n<meta property=\"og:locale\" content=\"en_US\" \/>\n<meta property=\"og:type\" content=\"article\" \/>\n<meta property=\"og:title\" content=\"Principales fabricantes de calentadores de cartucho con aletas | Cheri-heater.com\" \/>\n<meta property=\"og:description\" content=\"Principales fabricantes de calentadores de cartucho aletas que ofrecen soluciones de calefacci\u00f3n eficientes y fiables. Nuestros calentadores de cartucho aletas de alta calidad est\u00e1n dise\u00f1ados para una transferencia de calor \u00f3ptima y durabilidad. Perfectos para diversas aplicaciones industriales. \u00a1Cont\u00e1ctenos hoy para soluciones personalizadas\" \/>\n<meta property=\"og:url\" content=\"https:\/\/cheri-heater.com\/esp\/product\/fined-cartridge-heater\/\" \/>\n<meta property=\"og:site_name\" content=\"Cheri Heater Technology Co.,Ltd.\" \/>\n<meta property=\"article:modified_time\" content=\"2024-07-30T03:13:26+00:00\" \/>\n<meta property=\"og:image\" content=\"https:\/\/cheri-heater.com\/esp\/wp-content\/uploads\/2024\/06\/front2.jpg\" \/>\n\t<meta property=\"og:image:width\" content=\"720\" \/>\n\t<meta property=\"og:image:height\" content=\"720\" \/>\n\t<meta property=\"og:image:type\" content=\"image\/jpeg\" \/>\n<meta name=\"twitter:card\" content=\"summary_large_image\" \/>\n<meta name=\"twitter:label1\" content=\"Est. reading time\" \/>\n\t<meta name=\"twitter:data1\" content=\"1 minute\" \/>\n<!-- \/ Yoast SEO plugin. -->","yoast_head_json":{"title":"Principales fabricantes de calentadores de cartucho con aletas | Cheri-heater.com","description":"Principales fabricantes de calentadores de cartucho aletas que ofrecen soluciones de calefacci\u00f3n eficientes y fiables. Nuestros calentadores de cartucho aletas de alta calidad est\u00e1n dise\u00f1ados para una transferencia de calor \u00f3ptima y durabilidad. Perfectos para diversas aplicaciones industriales. \u00a1Cont\u00e1ctenos hoy para soluciones personalizadas","robots":{"index":"index","follow":"follow","max-snippet":"max-snippet:-1","max-image-preview":"max-image-preview:large","max-video-preview":"max-video-preview:-1"},"canonical":"https:\/\/cheri-heater.com\/esp\/product\/fined-cartridge-heater\/","og_locale":"en_US","og_type":"article","og_title":"Principales fabricantes de calentadores de cartucho con aletas | Cheri-heater.com","og_description":"Principales fabricantes de calentadores de cartucho aletas que ofrecen soluciones de calefacci\u00f3n eficientes y fiables. Nuestros calentadores de cartucho aletas de alta calidad est\u00e1n dise\u00f1ados para una transferencia de calor \u00f3ptima y durabilidad. Perfectos para diversas aplicaciones industriales. \u00a1Cont\u00e1ctenos hoy para soluciones personalizadas","og_url":"https:\/\/cheri-heater.com\/esp\/product\/fined-cartridge-heater\/","og_site_name":"Cheri Heater Technology Co.,Ltd.","article_modified_time":"2024-07-30T03:13:26+00:00","og_image":[{"width":720,"height":720,"url":"https:\/\/cheri-heater.com\/esp\/wp-content\/uploads\/2024\/06\/front2.jpg","type":"image\/jpeg"}],"twitter_card":"summary_large_image","twitter_misc":{"Est. reading time":"1 minute"},"schema":{"@context":"https:\/\/schema.org","@graph":[{"@type":"WebPage","@id":"https:\/\/cheri-heater.com\/esp\/product\/fined-cartridge-heater\/","url":"https:\/\/cheri-heater.com\/esp\/product\/fined-cartridge-heater\/","name":"Principales fabricantes de calentadores de cartucho con aletas | Cheri-heater.com","isPartOf":{"@id":"https:\/\/cheri-heater.com\/esp\/#website"},"primaryImageOfPage":{"@id":"https:\/\/cheri-heater.com\/esp\/product\/fined-cartridge-heater\/#primaryimage"},"image":{"@id":"https:\/\/cheri-heater.com\/esp\/product\/fined-cartridge-heater\/#primaryimage"},"thumbnailUrl":"https:\/\/cheri-heater.com\/esp\/wp-content\/uploads\/2024\/06\/front2.jpg","datePublished":"2024-06-04T18:02:15+00:00","dateModified":"2024-07-30T03:13:26+00:00","description":"Principales fabricantes de calentadores de cartucho aletas que ofrecen soluciones de calefacci\u00f3n eficientes y fiables. Nuestros calentadores de cartucho aletas de alta calidad est\u00e1n dise\u00f1ados para una transferencia de calor \u00f3ptima y durabilidad. Perfectos para diversas aplicaciones industriales. \u00a1Cont\u00e1ctenos hoy para soluciones personalizadas","breadcrumb":{"@id":"https:\/\/cheri-heater.com\/esp\/product\/fined-cartridge-heater\/#breadcrumb"},"inLanguage":"en-US","potentialAction":[{"@type":"ReadAction","target":["https:\/\/cheri-heater.com\/esp\/product\/fined-cartridge-heater\/"]}]},{"@type":"ImageObject","inLanguage":"en-US","@id":"https:\/\/cheri-heater.com\/esp\/product\/fined-cartridge-heater\/#primaryimage","url":"https:\/\/cheri-heater.com\/esp\/wp-content\/uploads\/2024\/06\/front2.jpg","contentUrl":"https:\/\/cheri-heater.com\/esp\/wp-content\/uploads\/2024\/06\/front2.jpg","width":720,"height":720},{"@type":"BreadcrumbList","@id":"https:\/\/cheri-heater.com\/esp\/product\/fined-cartridge-heater\/#breadcrumb","itemListElement":[{"@type":"ListItem","position":1,"name":"Home","item":"https:\/\/cheri-heater.com\/esp\/"},{"@type":"ListItem","position":2,"name":"Products","item":"https:\/\/cheri-heater.com\/esp\/products\/"},{"@type":"ListItem","position":3,"name":"Calentador de cartucho aletas"}]},{"@type":"WebSite","@id":"https:\/\/cheri-heater.com\/esp\/#website","url":"https:\/\/cheri-heater.com\/esp\/","name":"Cheri Heater Technology Co.,Ltd.","description":"","publisher":{"@id":"https:\/\/cheri-heater.com\/esp\/#organization"},"potentialAction":[{"@type":"SearchAction","target":{"@type":"EntryPoint","urlTemplate":"https:\/\/cheri-heater.com\/esp\/?s={search_term_string}"},"query-input":{"@type":"PropertyValueSpecification","valueRequired":true,"valueName":"search_term_string"}}],"inLanguage":"en-US"},{"@type":"Organization","@id":"https:\/\/cheri-heater.com\/esp\/#organization","name":"Cheri Heater Technology Co.,Ltd.","url":"https:\/\/cheri-heater.com\/esp\/","logo":{"@type":"ImageObject","inLanguage":"en-US","@id":"https:\/\/cheri-heater.com\/esp\/#\/schema\/logo\/image\/","url":"https:\/\/cheri-heater.com\/esp\/wp-content\/uploads\/2024\/06\/cropped-logo-resize.png","contentUrl":"https:\/\/cheri-heater.com\/esp\/wp-content\/uploads\/2024\/06\/cropped-logo-resize.png","width":346,"height":99,"caption":"Cheri Heater Technology Co.,Ltd."},"image":{"@id":"https:\/\/cheri-heater.com\/esp\/#\/schema\/logo\/image\/"}}]}},"_links":{"self":[{"href":"https:\/\/cheri-heater.com\/esp\/wp-json\/wp\/v2\/product\/944","targetHints":{"allow":["GET"]}}],"collection":[{"href":"https:\/\/cheri-heater.com\/esp\/wp-json\/wp\/v2\/product"}],"about":[{"href":"https:\/\/cheri-heater.com\/esp\/wp-json\/wp\/v2\/types\/product"}],"wp:featuredmedia":[{"embeddable":true,"href":"https:\/\/cheri-heater.com\/esp\/wp-json\/wp\/v2\/media\/949"}],"wp:attachment":[{"href":"https:\/\/cheri-heater.com\/esp\/wp-json\/wp\/v2\/media?parent=944"}],"wp:term":[{"taxonomy":"product_brand","embeddable":true,"href":"https:\/\/cheri-heater.com\/esp\/wp-json\/wp\/v2\/product_brand?post=944"},{"taxonomy":"product_cat","embeddable":true,"href":"https:\/\/cheri-heater.com\/esp\/wp-json\/wp\/v2\/product_cat?post=944"},{"taxonomy":"product_tag","embeddable":true,"href":"https:\/\/cheri-heater.com\/esp\/wp-json\/wp\/v2\/product_tag?post=944"}],"curies":[{"name":"wp","href":"https:\/\/api.w.org\/{rel}","templated":true}]}}