{"id":950,"date":"2024-06-04T18:04:33","date_gmt":"2024-06-04T18:04:33","guid":{"rendered":"https:\/\/cheri-heater.com\/esp\/?post_type=product&#038;p=950"},"modified":"2025-07-01T14:24:23","modified_gmt":"2025-07-01T14:24:23","slug":"immersion-water-heater","status":"publish","type":"product","link":"https:\/\/cheri-heater.com\/esp\/product\/immersion-water-heater\/","title":{"rendered":"Calentador de agua de inmersi\u00f3n"},"content":{"rendered":"<table width=\"100%\" cellspacing=\"0\" cellpadding=\"0\">\n<tbody>\n<tr valign=\"top\">\n<td bgcolor=\"#f3f4f8\" width=\"31%\">\n<p class=\"western\" align=\"left\"><span style=\"font-size: medium;\"><b><span style=\"font-family: \u5b8b\u4f53;\">Nombre<\/span><\/b><\/span><\/p>\n<\/td>\n<td width=\"69%\">\n<p class=\"western\" align=\"left\"><span style=\"font-size: medium;\"><span style=\"font-family: \u5b8b\u4f53;\">Elemento de calefacci\u00f3n de agua de 12 Voltios 230w, cartucho de acero inoxidable<\/span><\/span><\/p>\n<\/td>\n<\/tr>\n<tr valign=\"top\">\n<td bgcolor=\"#f3f4f8\" width=\"31%\">\n<p class=\"western\" align=\"left\"><span style=\"font-size: medium;\"><b><span style=\"font-family: \u5b8b\u4f53;\">Tolerancia de potencia<\/span><\/b><\/span><\/p>\n<\/td>\n<td width=\"69%\">\n<p class=\"western\" align=\"left\"><span style=\"font-size: medium;\"><span style=\"font-family: \u5b8b\u4f53;\">+5%, -10%<\/span><\/span><\/p>\n<\/td>\n<\/tr>\n<tr valign=\"top\">\n<td bgcolor=\"#f3f4f8\" width=\"31%\">\n<p class=\"western\" align=\"left\"><span style=\"font-size: medium;\"><b><span style=\"font-family: \u5b8b\u4f53;\">Tolerancia de resistencia<\/span><\/b><\/span><\/p>\n<\/td>\n<td width=\"69%\">\n<p class=\"western\" align=\"left\"><span style=\"font-size: medium;\"><span style=\"font-family: \u5b8b\u4f53;\">+10%, -5%<\/span><\/span><\/p>\n<\/td>\n<\/tr>\n<tr valign=\"top\">\n<td bgcolor=\"#f3f4f8\" width=\"31%\">\n<p class=\"western\" align=\"left\"><span style=\"font-size: medium;\"><b><span style=\"font-family: \u5b8b\u4f53;\">Voltajes disponibles<\/span><\/b><\/span><\/p>\n<\/td>\n<td width=\"69%\">\n<p class=\"western\" align=\"left\"><span style=\"font-size: medium;\"><span style=\"font-family: \u5b8b\u4f53;\">380V, 240V, 220V, 110V, 36V, 24V o 12V<\/span><\/span><\/p>\n<\/td>\n<\/tr>\n<tr valign=\"top\">\n<td bgcolor=\"#f3f4f8\" width=\"31%\">\n<p class=\"western\" align=\"left\"><span style=\"font-size: medium;\"><b><span style=\"font-family: \u5b8b\u4f53;\">Temperatura m\u00e1xima de operaci\u00f3n<\/span><\/b><\/span><\/p>\n<\/td>\n<td width=\"69%\">\n<p class=\"western\" align=\"left\"><span style=\"font-size: medium;\"><span style=\"font-family: \u5b8b\u4f53;\">870\u00baC (1600F)<\/span><\/span><\/p>\n<\/td>\n<\/tr>\n<tr valign=\"top\">\n<td bgcolor=\"#f3f4f8\" width=\"31%\">\n<p class=\"western\" align=\"left\"><span style=\"font-size: medium;\"><b><span style=\"font-family: \u5b8b\u4f53;\">Tolerancia de longitud<\/span><\/b><\/span><\/p>\n<\/td>\n<td width=\"69%\">\n<p class=\"western\" align=\"left\"><span style=\"font-size: medium;\"><span style=\"font-family: \u5b8b\u4f53;\">\u00b1 2% o 3.2mm (1\/8\u201d), lo que sea mayor.<\/span><\/span><\/p>\n<\/td>\n<\/tr>\n<tr valign=\"top\">\n<td bgcolor=\"#f3f4f8\" width=\"31%\">\n<p class=\"western\" align=\"left\"><span style=\"font-size: medium;\"><b><span style=\"font-family: \u5b8b\u4f53;\">Tolerancia de curvatura<\/span><\/b><\/span><\/p>\n<\/td>\n<td width=\"69%\">\n<p class=\"western\" align=\"left\"><span style=\"font-size: medium;\"><span style=\"font-family: \u5b8b\u4f53;\">1.7mm por metro (0.020\u201d por pie).<\/span><\/span><\/p>\n<\/td>\n<\/tr>\n<tr valign=\"top\">\n<td bgcolor=\"#f3f4f8\" width=\"31%\">\n<p class=\"western\" align=\"left\"><span style=\"font-size: medium;\"><b><span style=\"font-family: \u5b8b\u4f53;\">Tolerancia de di\u00e1metro<\/span><\/b><\/span><\/p>\n<\/td>\n<td width=\"69%\">\n<p class=\"western\" align=\"left\"><span style=\"font-size: medium;\"><span style=\"font-family: \u5b8b\u4f53;\">El di\u00e1metro en cada extremo puede variar +0.05mm -0.1mm (+.002&#8243; -.004&#8243;)<\/span><\/span><\/p>\n<\/td>\n<\/tr>\n<tr valign=\"top\">\n<td bgcolor=\"#f3f4f8\" width=\"31%\">\n<p class=\"western\" align=\"left\"><span style=\"font-size: medium;\"><b><span style=\"font-family: \u5b8b\u4f53;\">\u00c1rea sin calentar est\u00e1ndar<\/span><\/b><\/span><\/p>\n<\/td>\n<td width=\"69%\">\n<p class=\"western\" align=\"left\"><span style=\"font-size: medium;\"><span style=\"font-family: \u5b8b\u4f53;\">5-10mm;<\/span><\/span><\/p>\n<\/td>\n<\/tr>\n<tr valign=\"top\">\n<td bgcolor=\"#f3f4f8\" width=\"31%\">\n<p class=\"western\" align=\"left\"><span style=\"font-size: medium;\"><b><span style=\"font-family: \u5b8b\u4f53;\">Termopar interno<\/span><\/b><\/span><\/p>\n<\/td>\n<td width=\"69%\">\n<p class=\"western\" align=\"left\"><span style=\"font-size: medium;\"><span style=\"font-family: \u5b8b\u4f53;\">tipo J o K;<\/span><\/span><\/p>\n<\/td>\n<\/tr>\n<tr valign=\"top\">\n<td bgcolor=\"#f3f4f8\" width=\"31%\">\n<p class=\"western\" align=\"left\"><span style=\"font-size: medium;\"><b><span style=\"font-family: \u5b8b\u4f53;\">Ubicaci\u00f3n del termopar<\/span><\/b><\/span><\/p>\n<\/td>\n<td width=\"69%\">\n<p class=\"western\" align=\"left\"><span style=\"font-size: medium;\"><span style=\"font-family: \u5b8b\u4f53;\">Extremo del disco, funda, centro del calefactor;<\/span><\/span><\/p>\n<\/td>\n<\/tr>\n<tr valign=\"top\">\n<td bgcolor=\"#f3f4f8\" width=\"31%\">\n<p class=\"western\" align=\"left\"><span style=\"font-size: medium;\"><b><span style=\"font-family: \u5b8b\u4f53;\">Resistencia de aislamiento (en fr\u00edo)<\/span><\/b><\/span><\/p>\n<\/td>\n<td width=\"69%\">\n<p class=\"western\" align=\"left\">\u2265 <span style=\"font-family: \u5b8b\u4f53;\"><span style=\"font-size: medium;\">500 M\u03a9;<\/span><\/span><\/p>\n<\/td>\n<\/tr>\n<tr valign=\"top\">\n<td bgcolor=\"#f3f4f8\" width=\"31%\">\n<p class=\"western\" align=\"left\"><span style=\"font-size: medium;\"><b><span style=\"font-family: \u5b8b\u4f53;\">Corriente de fuga m\u00e1xima (en fr\u00edo)<\/span><\/b><\/span><\/p>\n<\/td>\n<td width=\"69%\">\n<p class=\"western\" align=\"left\">\u2264 <span style=\"font-family: \u5b8b\u4f53;\"><span style=\"font-size: medium;\">0.5 mA;<\/span><\/span><\/p>\n<\/td>\n<\/tr>\n<tr valign=\"top\">\n<td bgcolor=\"#f3f4f8\" width=\"31%\">\n<p class=\"western\" align=\"left\"><span style=\"font-size: medium;\"><b><span style=\"font-family: \u5b8b\u4f53;\">Di\u00e1metro<\/span><\/b><\/span><\/p>\n<\/td>\n<td width=\"69%\">\n<p class=\"western\" align=\"left\"><span style=\"font-family: \u5b8b\u4f53;\"><span style=\"font-size: medium;\"><span lang=\"en-US\">de <\/span><\/span><\/span><span style=\"font-family: \u5b8b\u4f53;\"><span style=\"font-size: medium;\"><span lang=\"en-US\">2<\/span><\/span><\/span><\/p>\n<\/td>\n<\/tr>\n<\/tbody>\n<\/table>\n","protected":false},"excerpt":{"rendered":"<p>Nombre Elemento de calefacci\u00f3n de agua de 12 Voltios 230w, cartucho de acero inoxidable Tolerancia de potencia +5%, -10% Tolerancia de resistencia +10%, -5% Voltajes disponibles 380V, 240V, 220V, 110V, 36V, 24V o 12V Temperatura m\u00e1xima de operaci\u00f3n 870\u00baC (1600F) Tolerancia de longitud \u00b1 2% o 3.2mm (1\/8\u201d), lo que sea mayor. Tolerancia de curvatura [&hellip;]<\/p>\n","protected":false},"featured_media":955,"template":"","meta":[],"product_brand":[],"product_cat":[21],"product_tag":[],"class_list":{"0":"post-950","1":"product","2":"type-product","3":"status-publish","4":"has-post-thumbnail","6":"product_cat-cartridge-heater","8":"first","9":"instock","10":"shipping-taxable","11":"product-type-simple"},"yoast_head":"<!-- This site is optimized with the Yoast SEO plugin v27.3 - https:\/\/yoast.com\/product\/yoast-seo-wordpress\/ -->\n<title>Calentadores de agua de inmersi\u00f3n eficientes para un calentamiento r\u00e1pido<\/title>\n<meta name=\"description\" content=\"Nuestras eficientes calderas de inmersi\u00f3n, dise\u00f1adas para calentar agua de manera r\u00e1pida y confiable. Perfectas para diversas aplicaciones, nuestras calderas ofrecen durabilidad y rendimiento energ\u00e9tico. Elija entre nuestra gama de calderas de inmersi\u00f3n de alta calidad y disfrute de agua caliente instant\u00e1nea. \u00a1Compra ahora!\" \/>\n<meta name=\"robots\" content=\"index, follow, max-snippet:-1, max-image-preview:large, max-video-preview:-1\" \/>\n<link rel=\"canonical\" href=\"https:\/\/cheri-heater.com\/esp\/product\/immersion-water-heater\/\" \/>\n<meta property=\"og:locale\" content=\"en_US\" \/>\n<meta property=\"og:type\" content=\"article\" \/>\n<meta property=\"og:title\" content=\"Calentadores de agua de inmersi\u00f3n eficientes para un calentamiento r\u00e1pido\" \/>\n<meta property=\"og:description\" content=\"Nuestras eficientes calderas de inmersi\u00f3n, dise\u00f1adas para calentar agua de manera r\u00e1pida y confiable. Perfectas para diversas aplicaciones, nuestras calderas ofrecen durabilidad y rendimiento energ\u00e9tico. Elija entre nuestra gama de calderas de inmersi\u00f3n de alta calidad y disfrute de agua caliente instant\u00e1nea. \u00a1Compra ahora!\" \/>\n<meta property=\"og:url\" content=\"https:\/\/cheri-heater.com\/esp\/product\/immersion-water-heater\/\" \/>\n<meta property=\"og:site_name\" content=\"Cheri Heater Technology Co.,Ltd.\" \/>\n<meta property=\"article:modified_time\" content=\"2025-07-01T14:24:23+00:00\" \/>\n<meta property=\"og:image\" content=\"https:\/\/cheri-heater.com\/esp\/wp-content\/uploads\/2024\/06\/\u5fae\u4fe1\u56fe\u7247_202302171252586.jpg\" \/>\n\t<meta property=\"og:image:width\" content=\"760\" \/>\n\t<meta property=\"og:image:height\" content=\"760\" \/>\n\t<meta property=\"og:image:type\" content=\"image\/jpeg\" \/>\n<meta name=\"twitter:card\" content=\"summary_large_image\" \/>\n<meta name=\"twitter:label1\" content=\"Est. reading time\" \/>\n\t<meta name=\"twitter:data1\" content=\"1 minute\" \/>\n<!-- \/ Yoast SEO plugin. -->","yoast_head_json":{"title":"Calentadores de agua de inmersi\u00f3n eficientes para un calentamiento r\u00e1pido","description":"Nuestras eficientes calderas de inmersi\u00f3n, dise\u00f1adas para calentar agua de manera r\u00e1pida y confiable. Perfectas para diversas aplicaciones, nuestras calderas ofrecen durabilidad y rendimiento energ\u00e9tico. Elija entre nuestra gama de calderas de inmersi\u00f3n de alta calidad y disfrute de agua caliente instant\u00e1nea. \u00a1Compra ahora!","robots":{"index":"index","follow":"follow","max-snippet":"max-snippet:-1","max-image-preview":"max-image-preview:large","max-video-preview":"max-video-preview:-1"},"canonical":"https:\/\/cheri-heater.com\/esp\/product\/immersion-water-heater\/","og_locale":"en_US","og_type":"article","og_title":"Calentadores de agua de inmersi\u00f3n eficientes para un calentamiento r\u00e1pido","og_description":"Nuestras eficientes calderas de inmersi\u00f3n, dise\u00f1adas para calentar agua de manera r\u00e1pida y confiable. Perfectas para diversas aplicaciones, nuestras calderas ofrecen durabilidad y rendimiento energ\u00e9tico. Elija entre nuestra gama de calderas de inmersi\u00f3n de alta calidad y disfrute de agua caliente instant\u00e1nea. \u00a1Compra ahora!","og_url":"https:\/\/cheri-heater.com\/esp\/product\/immersion-water-heater\/","og_site_name":"Cheri Heater Technology Co.,Ltd.","article_modified_time":"2025-07-01T14:24:23+00:00","og_image":[{"width":760,"height":760,"url":"https:\/\/cheri-heater.com\/esp\/wp-content\/uploads\/2024\/06\/\u5fae\u4fe1\u56fe\u7247_202302171252586.jpg","type":"image\/jpeg"}],"twitter_card":"summary_large_image","twitter_misc":{"Est. reading time":"1 minute"},"schema":{"@context":"https:\/\/schema.org","@graph":[{"@type":"WebPage","@id":"https:\/\/cheri-heater.com\/esp\/product\/immersion-water-heater\/","url":"https:\/\/cheri-heater.com\/esp\/product\/immersion-water-heater\/","name":"Calentadores de agua de inmersi\u00f3n eficientes para un calentamiento r\u00e1pido","isPartOf":{"@id":"https:\/\/cheri-heater.com\/esp\/#website"},"primaryImageOfPage":{"@id":"https:\/\/cheri-heater.com\/esp\/product\/immersion-water-heater\/#primaryimage"},"image":{"@id":"https:\/\/cheri-heater.com\/esp\/product\/immersion-water-heater\/#primaryimage"},"thumbnailUrl":"https:\/\/cheri-heater.com\/esp\/wp-content\/uploads\/2024\/06\/\u5fae\u4fe1\u56fe\u7247_202302171252586.jpg","datePublished":"2024-06-04T18:04:33+00:00","dateModified":"2025-07-01T14:24:23+00:00","description":"Nuestras eficientes calderas de inmersi\u00f3n, dise\u00f1adas para calentar agua de manera r\u00e1pida y confiable. Perfectas para diversas aplicaciones, nuestras calderas ofrecen durabilidad y rendimiento energ\u00e9tico. Elija entre nuestra gama de calderas de inmersi\u00f3n de alta calidad y disfrute de agua caliente instant\u00e1nea. \u00a1Compra ahora!","breadcrumb":{"@id":"https:\/\/cheri-heater.com\/esp\/product\/immersion-water-heater\/#breadcrumb"},"inLanguage":"en-US","potentialAction":[{"@type":"ReadAction","target":["https:\/\/cheri-heater.com\/esp\/product\/immersion-water-heater\/"]}]},{"@type":"ImageObject","inLanguage":"en-US","@id":"https:\/\/cheri-heater.com\/esp\/product\/immersion-water-heater\/#primaryimage","url":"https:\/\/cheri-heater.com\/esp\/wp-content\/uploads\/2024\/06\/\u5fae\u4fe1\u56fe\u7247_202302171252586.jpg","contentUrl":"https:\/\/cheri-heater.com\/esp\/wp-content\/uploads\/2024\/06\/\u5fae\u4fe1\u56fe\u7247_202302171252586.jpg","width":760,"height":760},{"@type":"BreadcrumbList","@id":"https:\/\/cheri-heater.com\/esp\/product\/immersion-water-heater\/#breadcrumb","itemListElement":[{"@type":"ListItem","position":1,"name":"Home","item":"https:\/\/cheri-heater.com\/esp\/"},{"@type":"ListItem","position":2,"name":"Products","item":"https:\/\/cheri-heater.com\/esp\/products\/"},{"@type":"ListItem","position":3,"name":"Calentador de agua de inmersi\u00f3n"}]},{"@type":"WebSite","@id":"https:\/\/cheri-heater.com\/esp\/#website","url":"https:\/\/cheri-heater.com\/esp\/","name":"Cheri Heater Technology Co.,Ltd.","description":"","publisher":{"@id":"https:\/\/cheri-heater.com\/esp\/#organization"},"potentialAction":[{"@type":"SearchAction","target":{"@type":"EntryPoint","urlTemplate":"https:\/\/cheri-heater.com\/esp\/?s={search_term_string}"},"query-input":{"@type":"PropertyValueSpecification","valueRequired":true,"valueName":"search_term_string"}}],"inLanguage":"en-US"},{"@type":"Organization","@id":"https:\/\/cheri-heater.com\/esp\/#organization","name":"Cheri Heater Technology Co.,Ltd.","url":"https:\/\/cheri-heater.com\/esp\/","logo":{"@type":"ImageObject","inLanguage":"en-US","@id":"https:\/\/cheri-heater.com\/esp\/#\/schema\/logo\/image\/","url":"https:\/\/cheri-heater.com\/esp\/wp-content\/uploads\/2024\/06\/cropped-logo-resize.png","contentUrl":"https:\/\/cheri-heater.com\/esp\/wp-content\/uploads\/2024\/06\/cropped-logo-resize.png","width":346,"height":99,"caption":"Cheri Heater Technology Co.,Ltd."},"image":{"@id":"https:\/\/cheri-heater.com\/esp\/#\/schema\/logo\/image\/"}}]}},"_links":{"self":[{"href":"https:\/\/cheri-heater.com\/esp\/wp-json\/wp\/v2\/product\/950","targetHints":{"allow":["GET"]}}],"collection":[{"href":"https:\/\/cheri-heater.com\/esp\/wp-json\/wp\/v2\/product"}],"about":[{"href":"https:\/\/cheri-heater.com\/esp\/wp-json\/wp\/v2\/types\/product"}],"wp:featuredmedia":[{"embeddable":true,"href":"https:\/\/cheri-heater.com\/esp\/wp-json\/wp\/v2\/media\/955"}],"wp:attachment":[{"href":"https:\/\/cheri-heater.com\/esp\/wp-json\/wp\/v2\/media?parent=950"}],"wp:term":[{"taxonomy":"product_brand","embeddable":true,"href":"https:\/\/cheri-heater.com\/esp\/wp-json\/wp\/v2\/product_brand?post=950"},{"taxonomy":"product_cat","embeddable":true,"href":"https:\/\/cheri-heater.com\/esp\/wp-json\/wp\/v2\/product_cat?post=950"},{"taxonomy":"product_tag","embeddable":true,"href":"https:\/\/cheri-heater.com\/esp\/wp-json\/wp\/v2\/product_tag?post=950"}],"curies":[{"name":"wp","href":"https:\/\/api.w.org\/{rel}","templated":true}]}}