{"id":956,"date":"2024-06-04T18:06:57","date_gmt":"2024-06-04T18:06:57","guid":{"rendered":"https:\/\/cheri-heater.com\/esp\/?post_type=product&#038;p=956"},"modified":"2024-07-27T11:55:17","modified_gmt":"2024-07-27T11:55:17","slug":"mold-cartridge-heater","status":"publish","type":"product","link":"https:\/\/cheri-heater.com\/esp\/product\/mold-cartridge-heater\/","title":{"rendered":"calentador de cartucho para moldes"},"content":{"rendered":"<p align=\"left\"><span style=\"color: #000000;\"><strong><span style=\"font-family: Arial, sans-serif;\"><span style=\"font-size: medium;\">Proceso de fabricaci\u00f3n: <\/span><\/span><\/strong><\/span><\/p>\n<p align=\"left\"><span style=\"font-family: Arial, sans-serif; color: #000000;\"><span style=\"font-size: medium;\">Se introducen los cables de calefacci\u00f3n en espiral a trav\u00e9s de tubos de acero sin costura, tubos de cobre o aluminio. Usando una m\u00e1quina de llenado, se rellena el aislamiento y el objeto de oxidaci\u00f3n t\u00e9rmica uniformemente en los espacios, como polvo de \u00f3xido de magnesio cristalino (tambi\u00e9n se puede usar al\u00famina o arena de cuarzo limpia), etc. Luego, se utiliza una m\u00e1quina de tubo retr\u00e1ctil para reducir el di\u00e1metro del tubo, haciendo que el medio de \u00f3xido se compacte (con una densidad superior a 3.3 g\/cm\u00b3), asegurando que el cable de calefacci\u00f3n est\u00e9 aislado del aire, en contacto con la pared del tubo y no desplazado. Esto puede aumentar la potencia de calefacci\u00f3n m\u00e1s de diez veces por unidad de \u00e1rea. La vida \u00fatil se puede mejorar a m\u00e1s de 10 a\u00f1os. En comparaci\u00f3n con elementos el\u00e9ctricos de gran potencia, los calentadores tubulares pueden ahorrar un 5% de material. La eficiencia t\u00e9rmica puede alcanzar m\u00e1s del 90%.<\/span><\/span><\/p>\n<p align=\"left\"><span style=\"color: #000000;\"><strong><span style=\"font-family: Arial Black, sans-serif;\"><span style=\"font-size: large;\">Aplicaciones:<\/span><\/span><\/strong><\/span><\/p>\n<p align=\"left\"><span style=\"font-family: Arial, sans-serif; color: #000000;\"><span style=\"font-size: medium;\">1 Calefacci\u00f3n de c\u00e1maras semiconductoras<\/span><\/span><\/p>\n<p align=\"left\"><span style=\"font-size: medium; color: #000000;\"><span style=\"font-family: Arial, sans-serif;\">2 Conexi\u00f3n de cables de oblea semiconductor<\/span><\/span><\/p>\n<p align=\"left\"><span style=\"font-family: Arial, sans-serif; color: #000000;\"><span style=\"font-size: medium;\">3 Uni\u00f3n de cables y encapsulado de semiconductores<\/span><\/span><\/p>\n<p align=\"left\"><span style=\"font-family: Arial, sans-serif; color: #000000;\"><span style=\"font-size: medium;\">4 Protecci\u00f3n contra congelaci\u00f3n y descongelaci\u00f3n de equipos en climas fr\u00edos o aplicaciones<\/span><\/span><\/p>\n<p align=\"left\"><span style=\"font-family: Arial, sans-serif; color: #000000;\"><span style=\"font-size: medium;\">5 Control de humedad<\/span><\/span><\/p>\n<p align=\"left\"><span style=\"font-family: Arial, sans-serif; color: #000000;\"><span style=\"font-size: medium;\">6 Calefacci\u00f3n para confort de pacientes en dispositivos m\u00e9dicos<\/span><\/span><\/p>\n<p align=\"left\"><span style=\"font-family: Arial, sans-serif; color: #000000;\"><span style=\"font-size: medium;\">7 Calefacci\u00f3n de moldes y planchas<\/span><\/span><\/p>\n<p align=\"left\"><span style=\"font-family: Arial, sans-serif; color: #000000;\"><span style=\"font-size: medium;\">8 Barras de sellado utilizadas en equipos de embalaje<\/span><\/span><\/p>\n<p align=\"left\"><span style=\"font-family: Arial, sans-serif; color: #000000;\"><span style=\"font-size: medium;\">9 Calefacci\u00f3n de muestras para cromatograf\u00eda de gases<\/span><\/span><\/p>\n<p align=\"left\"><span style=\"font-size: medium; color: #000000;\"><span style=\"font-family: Arial, sans-serif;\"><span style=\"font-size: large;\"><b>Caracter\u00edsticas y Propiedades<\/b><\/span><\/span><span style=\"font-family: Arial, sans-serif;\"><span style=\"font-size: large;\">\u00a0<\/span><\/span><span style=\"font-family: Arial, sans-serif;\"><span style=\"font-size: large;\"><b>\u00a0<\/b><\/span><\/span><\/span><\/p>\n<p align=\"left\"><span style=\"font-size: medium; color: #000000;\"><span style=\"font-family: Arial, sans-serif;\">Di\u00e1metro del tubo: \u03a6<\/span><span style=\"font-family: Arial, sans-serif;\"><span lang=\"en-US\">2<\/span><\/span><span style=\"font-family: Arial, sans-serif;\"> mm-\u03a630mm<\/span><\/span><\/p>\n<p align=\"left\"><span style=\"font-family: Arial, sans-serif; color: #000000;\"><span style=\"font-size: medium;\">Material del tubo: SS201, SS304, SS316, SS321 e INCOLOY800, etc.<\/span><\/span><\/p>\n<p align=\"left\"><span style=\"font-family: Arial, sans-serif; color: #000000;\"><span style=\"font-size: medium;\">Material de aislamiento: MgO<\/span><\/span><\/p>\n<p align=\"left\"><span style=\"font-family: Arial, sans-serif; color: #000000;\"><span style=\"font-size: medium;\">Material del conductor: Alambre de resistencia de n\u00edquel-cromo<\/span><\/span><\/p>\n<p align=\"left\"><span style=\"font-family: Arial, sans-serif; color: #000000;\"><span style=\"font-size: medium;\">Densidad de potencia: Alta\/Media\/Baja (5-25w\/cm\u00b2)<\/span><\/span><\/p>\n<p align=\"left\"><span style=\"font-family: Arial, sans-serif; color: #000000;\"><span style=\"font-size: medium;\">Opci\u00f3n de conexi\u00f3n de cables: Terminal roscado o cable de conexi\u00f3n<\/span><\/span><\/p>\n<p align=\"left\"><span style=\"font-family: Arial, sans-serif; color: #000000;\"><span style=\"font-size: medium;\">Tipo de cable de conexi\u00f3n: 300mm est\u00e1ndar (Tefl\u00f3n\/Silicona y Fibra de vidrio de alta temperatura disponibles para calentadores el\u00e9ctricos de cartucho)<\/span><\/span><\/p>\n<p align=\"left\"><span style=\"color: #000000;\"><strong class=\"western\"><span style=\"font-family: Arial, sans-serif;\"><span style=\"font-size: large;\"><b><span style=\"font-size: medium;\">Ventajas <\/span><\/b><\/span><\/span><\/strong><\/span><\/p>\n<p align=\"left\"><span style=\"font-size: medium; color: #000000;\"><span style=\"font-family: Arial, sans-serif;\">Cable interno: alta resistencia a la temperatura, calefacci\u00f3n uniforme, alta conductividad t\u00e9rmica y dif\u00edcil fractura.<\/span><\/span><\/p>\n<p align=\"left\"><span style=\"color: #000000;\">\u00a0 \u00a0 \u00a0 \u00a0 \u00a0 \u00a0 \u00a0 \u00a0 \u00a0 \u00a0 \u00a0 \u00a0 <span style=\"font-family: Arial, sans-serif;\"><span style=\"font-size: medium;\">cable.<\/span><\/span><\/span><\/p>\n<p align=\"left\"><span style=\"font-size: medium; color: #000000;\"><span style=\"font-family: Arial, sans-serif;\">Cable externo: alta resistencia a la temperatura, calefacci\u00f3n uniforme y alta conductividad t\u00e9rmica.<\/span><\/span><\/p>\n<p align=\"left\"><span style=\"color: #000000;\"><strong class=\"western\"><span style=\"font-family: Arial, sans-serif;\"><span style=\"font-size: small;\"><b><span style=\"font-size: medium;\">Hojas de datos<\/span><\/b><\/span><\/span><\/strong><\/span><\/p>\n<table width=\"745\" cellspacing=\"0\" cellpadding=\"0\">\n<tbody>\n<tr>\n<td bgcolor=\"#ffffff\" width=\"291\" height=\"17\">\n<p class=\"western\" align=\"center\"><span style=\"font-size: medium; color: #000000;\"><span style=\"font-family: Arial, sans-serif;\">Cable de calefacci\u00f3n de resistencia<\/span><\/span><\/p>\n<\/td>\n<td bgcolor=\"#ffffff\" width=\"452\">\n<p class=\"western\" align=\"center\"><span style=\"font-size: medium; color: #000000;\"><span style=\"font-family: Arial, sans-serif;\">Cable NiCr 80\/20<\/span><\/span><\/p>\n<\/td>\n<\/tr>\n<tr>\n<td bgcolor=\"#ffffff\" width=\"291\" height=\"18\">\n<p class=\"western\" align=\"center\"><span style=\"font-size: medium; color: #000000;\"><span style=\"font-family: Arial, sans-serif;\">Tolerancia de potencia<\/span><\/span><\/p>\n<\/td>\n<td bgcolor=\"#ffffff\" width=\"452\">\n<p class=\"western\" align=\"center\"><span style=\"font-size: medium; color: #000000;\"><span style=\"font-family: Arial, sans-serif;\">+5%, -10%<\/span><\/span><\/p>\n<\/td>\n<\/tr>\n<tr>\n<td bgcolor=\"#ffffff\" width=\"291\" height=\"18\">\n<p class=\"western\" align=\"center\"><span style=\"font-size: medium; color: #000000;\"><span style=\"font-family: Arial, sans-serif;\">Tolerancia de resistencia<\/span><\/span><\/p>\n<\/td>\n<td bgcolor=\"#ffffff\" width=\"452\">\n<p class=\"western\" align=\"center\"><span style=\"font-size: medium; color: #000000;\"><span style=\"font-family: Arial, sans-serif;\">+10%, -5%<\/span><\/span><\/p>\n<\/td>\n<\/tr>\n<tr>\n<td bgcolor=\"#ffffff\" width=\"291\" height=\"18\">\n<p class=\"western\" align=\"center\"><span style=\"font-size: medium; color: #000000;\"><span style=\"font-family: Arial, sans-serif;\">Tolerancia de longitud<\/span><\/span><\/p>\n<\/td>\n<td bgcolor=\"#ffffff\" width=\"452\">\n<p class=\"western\" align=\"center\"><span style=\"font-size: medium; color: #000000;\"><span style=\"font-family: Arial, sans-serif;\">\u00b11 mm<\/span><\/span><\/p>\n<\/td>\n<\/tr>\n<tr>\n<td bgcolor=\"#ffffff\" width=\"291\" height=\"18\">\n<p class=\"western\" align=\"center\"><span style=\"font-size: medium; color: #000000;\"><span style=\"font-family: Arial, sans-serif;\">Tolerancia de di\u00e1metro<\/span><\/span><\/p>\n<\/td>\n<td bgcolor=\"#ffffff\" width=\"452\">\n<p class=\"western\" align=\"center\"><span style=\"color: #000000;\"><span style=\"font-family: Arial, sans-serif;\"><span style=\"font-size: medium;\"><span lang=\"en-US\">\u00b1 <\/span><\/span><\/span><span style=\"font-family: Arial, sans-serif;\"><span style=\"font-size: medium;\"><span lang=\"en-US\">0.02mm<\/span><\/span><\/span><\/span><\/p>\n<\/td>\n<\/tr>\n<tr>\n<td bgcolor=\"#ffffff\" width=\"291\" height=\"18\">\n<p class=\"western\" align=\"center\"><span style=\"font-size: medium; color: #000000;\"><span style=\"font-family: Arial, sans-serif;\">Zona fr\u00eda est\u00e1ndar<\/span><\/span><\/p>\n<\/td>\n<td bgcolor=\"#ffffff\" width=\"452\">\n<p class=\"western\" align=\"center\"><span style=\"font-size: medium; color: #000000;\"><span style=\"font-family: Arial, sans-serif;\">5-10mm<\/span><\/span><\/p>\n<\/td>\n<\/tr>\n<tr>\n<td bgcolor=\"#ffffff\" width=\"291\" height=\"18\">\n<p class=\"western\" align=\"center\"><span style=\"font-size: medium; color: #000000;\"><span style=\"font-family: Arial, sans-serif;\">Resistencia del aislamiento (fr\u00edo)<\/span><\/span><\/p>\n<\/td>\n<td bgcolor=\"#ffffff\" width=\"452\">\n<p class=\"western\" align=\"center\"><span style=\"color: #000000;\">\u2265 <span style=\"font-family: Arial, sans-serif;\"><span style=\"font-size: medium;\">500 M\u03a9<\/span><\/span><\/span><\/p>\n<\/td>\n<\/tr>\n<tr>\n<td bgcolor=\"#ffffff\" width=\"291\" height=\"18\">\n<p class=\"western\" align=\"center\"><span style=\"font-size: medium; color: #000000;\"><span style=\"font-family: Arial, sans-serif;\">Corriente de fuga m\u00e1xima (fr\u00edo)<\/span><\/span><\/p>\n<\/td>\n<td bgcolor=\"#ffffff\" width=\"452\">\n<p class=\"western\" align=\"center\"><span style=\"color: #000000;\">\u2264 <span style=\"font-family: Arial, sans-serif;\"><span style=\"font-size: medium;\">0.5 mA<\/span><\/span><\/span><\/p>\n<\/td>\n<\/tr>\n<tr>\n<td bgcolor=\"#ffffff\" width=\"291\" height=\"35\">\n<p class=\"western\" align=\"center\"><span style=\"font-size: medium; color: #000000;\"><span style=\"font-family: Arial, sans-serif;\">Ubicaci\u00f3n del termopar<\/span><\/span><\/p>\n<\/td>\n<td bgcolor=\"#ffffff\" width=\"452\">\n<p class=\"western\" align=\"center\"><span style=\"font-size: medium; color: #000000;\"><span style=\"font-family: Arial, sans-serif;\">tipo J \/ K \/ Cable de tierra<\/span><\/span><\/p>\n<\/td>\n<\/tr>\n<\/tbody>\n<\/table>\n<p><span style=\"color: #000000;\"><img fetchpriority=\"high\" decoding=\"async\" class=\"aligncenter size-full wp-image-967\" src=\"https:\/\/cheri-heater.com\/esp\/wp-content\/uploads\/2024\/06\/H4fb30f9ec0f74e66949697022506984dA.jpg\" alt=\"\" width=\"750\" height=\"789\" srcset=\"https:\/\/cheri-heater.com\/esp\/wp-content\/uploads\/2024\/06\/H4fb30f9ec0f74e66949697022506984dA.jpg 750w, https:\/\/cheri-heater.com\/esp\/wp-content\/uploads\/2024\/06\/H4fb30f9ec0f74e66949697022506984dA-600x631.jpg 600w, https:\/\/cheri-heater.com\/esp\/wp-content\/uploads\/2024\/06\/H4fb30f9ec0f74e66949697022506984dA-285x300.jpg 285w\" sizes=\"(max-width: 750px) 100vw, 750px\" \/> <img decoding=\"async\" class=\"aligncenter size-full wp-image-968 lazyload\" data-src=\"https:\/\/cheri-heater.com\/esp\/wp-content\/uploads\/2024\/06\/H8e04086bbf3d44f3bf7703abaf948773c.jpg\" alt=\"\" width=\"800\" height=\"735\" data-srcset=\"https:\/\/cheri-heater.com\/esp\/wp-content\/uploads\/2024\/06\/H8e04086bbf3d44f3bf7703abaf948773c.jpg 800w, https:\/\/cheri-heater.com\/esp\/wp-content\/uploads\/2024\/06\/H8e04086bbf3d44f3bf7703abaf948773c-600x551.jpg 600w, https:\/\/cheri-heater.com\/esp\/wp-content\/uploads\/2024\/06\/H8e04086bbf3d44f3bf7703abaf948773c-300x276.jpg 300w, https:\/\/cheri-heater.com\/esp\/wp-content\/uploads\/2024\/06\/H8e04086bbf3d44f3bf7703abaf948773c-768x706.jpg 768w\" data-sizes=\"(max-width: 800px) 100vw, 800px\" src=\"data:image\/svg+xml;base64,PHN2ZyB3aWR0aD0iMSIgaGVpZ2h0PSIxIiB4bWxucz0iaHR0cDovL3d3dy53My5vcmcvMjAwMC9zdmciPjwvc3ZnPg==\" style=\"--smush-placeholder-width: 800px; --smush-placeholder-aspect-ratio: 800\/735;\" \/> <img decoding=\"async\" class=\"aligncenter size-full wp-image-969 lazyload\" data-src=\"https:\/\/cheri-heater.com\/esp\/wp-content\/uploads\/2024\/06\/HTB1jF1kaOjrK1RjSsplq6xHmVXaC.jpg\" alt=\"\" width=\"750\" height=\"600\" data-srcset=\"https:\/\/cheri-heater.com\/esp\/wp-content\/uploads\/2024\/06\/HTB1jF1kaOjrK1RjSsplq6xHmVXaC.jpg 750w, https:\/\/cheri-heater.com\/esp\/wp-content\/uploads\/2024\/06\/HTB1jF1kaOjrK1RjSsplq6xHmVXaC-600x480.jpg 600w, https:\/\/cheri-heater.com\/esp\/wp-content\/uploads\/2024\/06\/HTB1jF1kaOjrK1RjSsplq6xHmVXaC-300x240.jpg 300w\" data-sizes=\"(max-width: 750px) 100vw, 750px\" src=\"data:image\/svg+xml;base64,PHN2ZyB3aWR0aD0iMSIgaGVpZ2h0PSIxIiB4bWxucz0iaHR0cDovL3d3dy53My5vcmcvMjAwMC9zdmciPjwvc3ZnPg==\" style=\"--smush-placeholder-width: 750px; --smush-placeholder-aspect-ratio: 750\/600;\" \/><\/span><\/p>\n","protected":false},"excerpt":{"rendered":"<h1><span style=\"color: #000000;\">Fabricante Experto de Calentadores de Cartucho para Moldes<\/span><\/h1>\n<p><span style=\"color: #000000;\">\u00bfEst\u00e1s buscando calentadores de cartucho para moldes de alta calidad, dise\u00f1ados para un rendimiento y fiabilidad superiores? No busques m\u00e1s all\u00e1 de Cheri Heater Technology Co., Ltd: un fabricante l\u00edder especializado en la producci\u00f3n de <a href=\"https:\/\/cheri-heater.com\/esp\/\">calentadores industriales de alta calidad<\/a>, incluyendo calentadores de cartucho para moldes de precisi\u00f3n.<\/span><\/p>\n<h2><span style=\"color: #000000;\">Nuestra gama de Calentadores de Cartucho para Moldes de primera l\u00ednea<\/span><\/h2>\n<p><span style=\"color: #000000;\">Cheri Heater Technology Co., Ltd cuenta con una amplia gama de calentadores de cartucho para moldes dise\u00f1ados para satisfacer las rigurosas demandas de aplicaciones industriales. Con un enfoque en la calidad superior y la ingenier\u00eda precisa, nuestros calentadores de cartucho para moldes est\u00e1n disponibles para diversos requisitos industriales y est\u00e1n meticulosamente dise\u00f1ados para asegurar un rendimiento t\u00e9rmico \u00f3ptimo y una larga duraci\u00f3n.<\/span><\/p>\n<h3><span style=\"color: #000000;\">\u00bfPor qu\u00e9 elegir a Cheri Heater para Calentadores de Cartucho para Moldes?<\/span><\/h3>\n<p><span style=\"color: #000000;\">Al elegir a Cheri Heater Technology Co., Ltd como tu fabricante de calentadores de cartucho para moldes, obtienes acceso a un soporte al cliente inigualable, soluciones de calefacci\u00f3n personalizadas y un compromiso con el ofrecimiento de garant\u00edas robustas. Nuestro equipo experimentado est\u00e1 dedicado a dise\u00f1ar calentadores de cartucho para moldes en formas, tama\u00f1os y materiales precisos, asegurando que cumplan con las necesidades \u00fanicas de nuestros clientes industriales.<\/span><\/p>\n","protected":false},"featured_media":964,"template":"","meta":[],"product_brand":[],"product_cat":[21],"product_tag":[154],"class_list":{"0":"post-956","1":"product","2":"type-product","3":"status-publish","4":"has-post-thumbnail","6":"product_cat-cartridge-heater","7":"product_tag-mold-cartridge-heater","9":"first","10":"instock","11":"shipping-taxable","12":"product-type-simple"},"yoast_head":"<!-- This site is optimized with the Yoast SEO plugin v27.4 - https:\/\/yoast.com\/product\/yoast-seo-wordpress\/ -->\n<title>Principal fabricante de calentadores de cartucho para moldes | Soluciones de calefacci\u00f3n de calidad<\/title>\n<meta name=\"description\" content=\"\u00bfBusca calentadores de cartucho para moldes fiables? Nuestros servicios de fabricaci\u00f3n de primera calidad ofrecen soluciones de calefacci\u00f3n dise\u00f1adas con precisi\u00f3n para sus necesidades industriales.\" \/>\n<meta name=\"robots\" content=\"index, follow, max-snippet:-1, max-image-preview:large, max-video-preview:-1\" \/>\n<link rel=\"canonical\" href=\"https:\/\/cheri-heater.com\/esp\/product\/mold-cartridge-heater\/\" \/>\n<meta property=\"og:locale\" content=\"en_US\" \/>\n<meta property=\"og:type\" content=\"article\" \/>\n<meta property=\"og:title\" content=\"Principal fabricante de calentadores de cartucho para moldes | Soluciones de calefacci\u00f3n de calidad\" \/>\n<meta property=\"og:description\" content=\"\u00bfBusca calentadores de cartucho para moldes fiables? Nuestros servicios de fabricaci\u00f3n de primera calidad ofrecen soluciones de calefacci\u00f3n dise\u00f1adas con precisi\u00f3n para sus necesidades industriales.\" \/>\n<meta property=\"og:url\" content=\"https:\/\/cheri-heater.com\/esp\/product\/mold-cartridge-heater\/\" \/>\n<meta property=\"og:site_name\" content=\"Cheri Heater Technology Co.,Ltd.\" \/>\n<meta property=\"article:modified_time\" content=\"2024-07-27T11:55:17+00:00\" \/>\n<meta property=\"og:image\" content=\"https:\/\/cheri-heater.com\/esp\/wp-content\/uploads\/2024\/06\/Cheri-Electrothermal-Equipment-Limited-Company-9.jpg\" \/>\n\t<meta property=\"og:image:width\" content=\"790\" \/>\n\t<meta property=\"og:image:height\" content=\"545\" \/>\n\t<meta property=\"og:image:type\" content=\"image\/jpeg\" \/>\n<meta name=\"twitter:card\" content=\"summary_large_image\" \/>\n<meta name=\"twitter:label1\" content=\"Est. reading time\" \/>\n\t<meta name=\"twitter:data1\" content=\"3 minutes\" \/>\n<!-- \/ Yoast SEO plugin. -->","yoast_head_json":{"title":"Principal fabricante de calentadores de cartucho para moldes | Soluciones de calefacci\u00f3n de calidad","description":"\u00bfBusca calentadores de cartucho para moldes fiables? Nuestros servicios de fabricaci\u00f3n de primera calidad ofrecen soluciones de calefacci\u00f3n dise\u00f1adas con precisi\u00f3n para sus necesidades industriales.","robots":{"index":"index","follow":"follow","max-snippet":"max-snippet:-1","max-image-preview":"max-image-preview:large","max-video-preview":"max-video-preview:-1"},"canonical":"https:\/\/cheri-heater.com\/esp\/product\/mold-cartridge-heater\/","og_locale":"en_US","og_type":"article","og_title":"Principal fabricante de calentadores de cartucho para moldes | Soluciones de calefacci\u00f3n de calidad","og_description":"\u00bfBusca calentadores de cartucho para moldes fiables? Nuestros servicios de fabricaci\u00f3n de primera calidad ofrecen soluciones de calefacci\u00f3n dise\u00f1adas con precisi\u00f3n para sus necesidades industriales.","og_url":"https:\/\/cheri-heater.com\/esp\/product\/mold-cartridge-heater\/","og_site_name":"Cheri Heater Technology Co.,Ltd.","article_modified_time":"2024-07-27T11:55:17+00:00","og_image":[{"width":790,"height":545,"url":"https:\/\/cheri-heater.com\/esp\/wp-content\/uploads\/2024\/06\/Cheri-Electrothermal-Equipment-Limited-Company-9.jpg","type":"image\/jpeg"}],"twitter_card":"summary_large_image","twitter_misc":{"Est. reading time":"3 minutes"},"schema":{"@context":"https:\/\/schema.org","@graph":[{"@type":"WebPage","@id":"https:\/\/cheri-heater.com\/esp\/product\/mold-cartridge-heater\/","url":"https:\/\/cheri-heater.com\/esp\/product\/mold-cartridge-heater\/","name":"Principal fabricante de calentadores de cartucho para moldes | Soluciones de calefacci\u00f3n de calidad","isPartOf":{"@id":"https:\/\/cheri-heater.com\/esp\/#website"},"primaryImageOfPage":{"@id":"https:\/\/cheri-heater.com\/esp\/product\/mold-cartridge-heater\/#primaryimage"},"image":{"@id":"https:\/\/cheri-heater.com\/esp\/product\/mold-cartridge-heater\/#primaryimage"},"thumbnailUrl":"https:\/\/cheri-heater.com\/esp\/wp-content\/uploads\/2024\/06\/Cheri-Electrothermal-Equipment-Limited-Company-9.jpg","datePublished":"2024-06-04T18:06:57+00:00","dateModified":"2024-07-27T11:55:17+00:00","description":"\u00bfBusca calentadores de cartucho para moldes fiables? Nuestros servicios de fabricaci\u00f3n de primera calidad ofrecen soluciones de calefacci\u00f3n dise\u00f1adas con precisi\u00f3n para sus necesidades industriales.","breadcrumb":{"@id":"https:\/\/cheri-heater.com\/esp\/product\/mold-cartridge-heater\/#breadcrumb"},"inLanguage":"en-US","potentialAction":[{"@type":"ReadAction","target":["https:\/\/cheri-heater.com\/esp\/product\/mold-cartridge-heater\/"]}]},{"@type":"ImageObject","inLanguage":"en-US","@id":"https:\/\/cheri-heater.com\/esp\/product\/mold-cartridge-heater\/#primaryimage","url":"https:\/\/cheri-heater.com\/esp\/wp-content\/uploads\/2024\/06\/Cheri-Electrothermal-Equipment-Limited-Company-9.jpg","contentUrl":"https:\/\/cheri-heater.com\/esp\/wp-content\/uploads\/2024\/06\/Cheri-Electrothermal-Equipment-Limited-Company-9.jpg","width":790,"height":545},{"@type":"BreadcrumbList","@id":"https:\/\/cheri-heater.com\/esp\/product\/mold-cartridge-heater\/#breadcrumb","itemListElement":[{"@type":"ListItem","position":1,"name":"Home","item":"https:\/\/cheri-heater.com\/esp\/"},{"@type":"ListItem","position":2,"name":"Products","item":"https:\/\/cheri-heater.com\/esp\/products\/"},{"@type":"ListItem","position":3,"name":"calentador de cartucho para moldes"}]},{"@type":"WebSite","@id":"https:\/\/cheri-heater.com\/esp\/#website","url":"https:\/\/cheri-heater.com\/esp\/","name":"Cheri Heater Technology Co.,Ltd.","description":"","publisher":{"@id":"https:\/\/cheri-heater.com\/esp\/#organization"},"potentialAction":[{"@type":"SearchAction","target":{"@type":"EntryPoint","urlTemplate":"https:\/\/cheri-heater.com\/esp\/?s={search_term_string}"},"query-input":{"@type":"PropertyValueSpecification","valueRequired":true,"valueName":"search_term_string"}}],"inLanguage":"en-US"},{"@type":"Organization","@id":"https:\/\/cheri-heater.com\/esp\/#organization","name":"Cheri Heater Technology Co.,Ltd.","url":"https:\/\/cheri-heater.com\/esp\/","logo":{"@type":"ImageObject","inLanguage":"en-US","@id":"https:\/\/cheri-heater.com\/esp\/#\/schema\/logo\/image\/","url":"https:\/\/cheri-heater.com\/esp\/wp-content\/uploads\/2024\/06\/cropped-logo-resize.png","contentUrl":"https:\/\/cheri-heater.com\/esp\/wp-content\/uploads\/2024\/06\/cropped-logo-resize.png","width":346,"height":99,"caption":"Cheri Heater Technology Co.,Ltd."},"image":{"@id":"https:\/\/cheri-heater.com\/esp\/#\/schema\/logo\/image\/"}}]}},"_links":{"self":[{"href":"https:\/\/cheri-heater.com\/esp\/wp-json\/wp\/v2\/product\/956","targetHints":{"allow":["GET"]}}],"collection":[{"href":"https:\/\/cheri-heater.com\/esp\/wp-json\/wp\/v2\/product"}],"about":[{"href":"https:\/\/cheri-heater.com\/esp\/wp-json\/wp\/v2\/types\/product"}],"wp:featuredmedia":[{"embeddable":true,"href":"https:\/\/cheri-heater.com\/esp\/wp-json\/wp\/v2\/media\/964"}],"wp:attachment":[{"href":"https:\/\/cheri-heater.com\/esp\/wp-json\/wp\/v2\/media?parent=956"}],"wp:term":[{"taxonomy":"product_brand","embeddable":true,"href":"https:\/\/cheri-heater.com\/esp\/wp-json\/wp\/v2\/product_brand?post=956"},{"taxonomy":"product_cat","embeddable":true,"href":"https:\/\/cheri-heater.com\/esp\/wp-json\/wp\/v2\/product_cat?post=956"},{"taxonomy":"product_tag","embeddable":true,"href":"https:\/\/cheri-heater.com\/esp\/wp-json\/wp\/v2\/product_tag?post=956"}],"curies":[{"name":"wp","href":"https:\/\/api.w.org\/{rel}","templated":true}]}}