{"id":974,"date":"2024-06-04T18:13:00","date_gmt":"2024-06-04T18:13:00","guid":{"rendered":"https:\/\/cheri-heater.com\/esp\/?post_type=product&#038;p=974"},"modified":"2024-07-30T03:14:52","modified_gmt":"2024-07-30T03:14:52","slug":"threaded-cartridge-heater","status":"publish","type":"product","link":"https:\/\/cheri-heater.com\/esp\/product\/threaded-cartridge-heater\/","title":{"rendered":"Calentadores de cartucho roscados"},"content":{"rendered":"<p class=\"western\" align=\"left\"><span style=\"color: #333333;\"><span style=\"font-family: Times New Roman, serif;\"><span style=\"font-size: medium;\"><span lang=\"en-US\">Los calefactores de cartucho pueden operar a temperaturas de hasta 750\u2103 y alcanzar densidades de potencia de hasta 30 vatios por cent\u00edmetro cuadrado. Disponibles en stock o fabricados a medida seg\u00fan las necesidades individuales de su aplicaci\u00f3n, est\u00e1n disponibles en muchos di\u00e1metros y longitudes imperiales y m\u00e9tricas diferentes con muchos estilos de terminaciones, clasificaciones de potencia y voltaje.<\/span><\/span><\/span><\/span><\/p>\n<p class=\"western\" align=\"left\"><span style=\"color: #333333;\"><span style=\"font-family: Times New Roman, serif;\"><span style=\"font-size: medium;\"><span lang=\"en-US\">Los calefactores de cartucho son una excelente opci\u00f3n para utilizar como fuente conductiva para calentar placas de metal s\u00f3lido, bloques y moldes o como fuente de calor convectivo para su uso en una variedad de l\u00edquidos y gases. Los calefactores de cartucho se pueden utilizar en un ambiente de vac\u00edo con las directrices de dise\u00f1o adecuadas.<\/span><\/span><\/span><\/span><\/p>\n<table width=\"750\" cellspacing=\"0\" cellpadding=\"0\">\n<tbody>\n<tr valign=\"top\">\n<td bgcolor=\"#f3f4f8\" width=\"151\">\n<p class=\"western\" align=\"left\"><span style=\"font-size: medium;\"><span style=\"font-family: Times New Roman, serif;\">Nombre del art\u00edculo<\/span><\/span><\/p>\n<\/td>\n<td width=\"597\">\n<p class=\"western\" align=\"left\"><span style=\"font-family: Times New Roman, serif;\"><span style=\"font-size: medium;\"><span lang=\"en-US\">Calefactor de cartucho de alta potencia con rosca<\/span><\/span><\/span><\/p>\n<\/td>\n<\/tr>\n<tr valign=\"top\">\n<td bgcolor=\"#f3f4f8\" width=\"151\">\n<p class=\"western\" align=\"left\"><span style=\"font-size: medium;\"><span style=\"font-family: Times New Roman, serif;\">Cable de calefacci\u00f3n por resistencia<\/span><\/span><\/p>\n<\/td>\n<td width=\"597\">\n<p class=\"western\" align=\"left\"><span style=\"font-size: medium;\"><span style=\"font-family: Times New Roman, serif;\">Ni-Cr o FeCr<\/span><\/span><\/p>\n<\/td>\n<\/tr>\n<tr valign=\"top\">\n<td bgcolor=\"#f3f4f8\" width=\"151\">\n<p class=\"western\" align=\"left\"><span style=\"font-size: medium;\"><span style=\"font-family: Times New Roman, serif;\">C\u00e1mara<\/span><\/span><\/p>\n<\/td>\n<td width=\"597\">\n<p class=\"western\" align=\"left\"><span style=\"font-size: medium;\"><span style=\"font-family: Times New Roman, serif;\">acero inoxidable 304, 321, 316, Incoloy 800, Incoloy 840, Ti<\/span><\/span><\/p>\n<\/td>\n<\/tr>\n<tr valign=\"top\">\n<td bgcolor=\"#f3f4f8\" width=\"151\">\n<p class=\"western\" align=\"left\"><span style=\"font-size: medium;\"><span style=\"font-family: Times New Roman, serif;\">Aislamiento<\/span><\/span><\/p>\n<\/td>\n<td width=\"597\">\n<p class=\"western\" align=\"left\"><span style=\"font-size: medium;\"><span style=\"font-family: Times New Roman, serif;\">MgO de alta pureza<\/span><\/span><\/p>\n<\/td>\n<\/tr>\n<tr valign=\"top\">\n<td bgcolor=\"#f3f4f8\" width=\"151\">\n<p class=\"western\" align=\"left\"><span style=\"font-size: medium;\"><span style=\"font-family: Times New Roman, serif;\">Temperatura m\u00e1xima<\/span><\/span><\/p>\n<\/td>\n<td width=\"597\">\n<p class=\"western\" align=\"left\"><span style=\"font-family: Times New Roman, serif;\"><span style=\"font-size: medium;\"><span lang=\"en-US\">9<\/span><\/span><\/span><span style=\"font-family: Times New Roman, serif;\"><span style=\"font-size: medium;\"><span lang=\"en-US\">00 grados Celsius<\/span><\/span><\/span><\/p>\n<\/td>\n<\/tr>\n<tr valign=\"top\">\n<td bgcolor=\"#f3f4f8\" width=\"151\">\n<p class=\"western\" align=\"left\"><span style=\"font-size: medium;\"><span style=\"font-family: Times New Roman, serif;\">Corriente de fuga<\/span><\/span><\/p>\n<\/td>\n<td width=\"597\">\n<p class=\"western\" align=\"left\"><span style=\"font-size: medium;\"><span style=\"font-family: Times New Roman, serif;\">750\u2103, < 0.3mA<\/span><\/span><\/p>\n<\/td>\n<\/tr>\n<tr valign=\"top\">\n<td bgcolor=\"#f3f4f8\" width=\"151\">\n<p class=\"western\" align=\"left\"><span style=\"font-size: medium;\"><span style=\"font-family: Times New Roman, serif;\">Voltaje soportado<\/span><\/span><\/p>\n<\/td>\n<td width=\"597\">\n<p class=\"western\" align=\"left\"><span style=\"font-size: medium;\"><span lang=\"zh-CN\"><span style=\"font-family: \u5b8b\u4f53;\">\uff1e<\/span><\/span><\/span><span style=\"font-family: Times New Roman, serif;\"><span style=\"font-size: medium;\">2KV<\/span><\/span><span style=\"font-family: \u5b8b\u4f53;\"><span style=\"font-size: medium;\"><span lang=\"zh-CN\">\uff0c<\/span><\/span><\/span><span style=\"font-family: Times New Roman, serif;\"><span style=\"font-size: medium;\">1min<\/span><\/span><\/p>\n<\/td>\n<\/tr>\n<tr valign=\"top\">\n<td bgcolor=\"#f3f4f8\" width=\"151\">\n<p class=\"western\" align=\"left\"><span style=\"font-size: medium;\"><span style=\"font-family: Times New Roman, serif;\">Prueba de encendido\/apagado de CA<\/span><\/span><\/p>\n<\/td>\n<td width=\"597\">\n<p class=\"western\" align=\"left\"><span style=\"font-size: medium;\"><span style=\"font-family: Times New Roman, serif;\">2000 veces<\/span><\/span><\/p>\n<\/td>\n<\/tr>\n<tr valign=\"top\">\n<td bgcolor=\"#f3f4f8\" width=\"151\">\n<p class=\"western\" align=\"left\"><span style=\"font-size: medium;\"><span style=\"font-family: Times New Roman, serif;\">Voltajes disponibles<\/span><\/span><\/p>\n<\/td>\n<td width=\"597\">\n<p class=\"western\" align=\"left\"><span style=\"font-size: medium;\"><span style=\"font-family: Times New Roman, serif;\">380V, 240V, 220V, 110V, 36V, 24V o 12V<\/span><\/span><\/p>\n<\/td>\n<\/tr>\n<tr valign=\"top\">\n<td bgcolor=\"#f3f4f8\" width=\"151\">\n<p class=\"western\" align=\"left\"><span style=\"font-size: medium;\"><span style=\"font-family: Times New Roman, serif;\">Tolerancia de potencia<\/span><\/span><\/p>\n<\/td>\n<td width=\"597\">\n<p class=\"western\" align=\"left\"><span style=\"font-size: medium;\"><span style=\"font-family: Times New Roman, serif;\">+5%, -10%<\/span><\/span><\/p>\n<\/td>\n<\/tr>\n<tr valign=\"top\">\n<td bgcolor=\"#f3f4f8\" width=\"151\">\n<p class=\"western\" align=\"left\"><span style=\"font-size: medium;\"><span style=\"font-family: Times New Roman, serif;\">Termopar<\/span><\/span><\/p>\n<\/td>\n<td width=\"597\">\n<p class=\"western\" align=\"left\"><span style=\"font-size: medium;\"><span style=\"font-family: Times New Roman, serif;\">Tipo K o tipo J<\/span><\/span><\/p>\n<\/td>\n<\/tr>\n<tr valign=\"top\">\n<td bgcolor=\"#f3f4f8\" width=\"151\">\n<p class=\"western\" align=\"left\"><span style=\"font-size: medium;\"><span style=\"font-family: Times New Roman, serif;\">Cable de conexi\u00f3n<\/span><\/span><\/p>\n<\/td>\n<td width=\"597\">\n<p class=\"western\" align=\"left\"><span style=\"font-size: medium;\"><span style=\"font-family: Times New Roman, serif;\">Longitud de 300 mm; Disponible en diferentes tipos de cables (Tefl\u00f3n\/silicona fibra de vidrio de alta temperatura)<\/span><\/span><\/p>\n<\/td>\n<\/tr>\n<\/tbody>\n<\/table>\n<p><img fetchpriority=\"high\" decoding=\"async\" class=\"aligncenter size-full wp-image-975\" src=\"https:\/\/cheri-heater.com\/esp\/wp-content\/uploads\/2024\/06\/description-1.jpg\" alt=\"\" width=\"899\" height=\"515\" srcset=\"https:\/\/cheri-heater.com\/esp\/wp-content\/uploads\/2024\/06\/description-1.jpg 899w, https:\/\/cheri-heater.com\/esp\/wp-content\/uploads\/2024\/06\/description-1-600x344.jpg 600w, https:\/\/cheri-heater.com\/esp\/wp-content\/uploads\/2024\/06\/description-1-300x172.jpg 300w, https:\/\/cheri-heater.com\/esp\/wp-content\/uploads\/2024\/06\/description-1-768x440.jpg 768w\" sizes=\"(max-width: 899px) 100vw, 899px\" \/><br \/>\n<img \n\n<\/p>\n","protected":false},"excerpt":{"rendered":"<p class=\"western\" align=\"left\"><span style=\"color: #333333;\"><span style=\"font-family: Times New Roman, serif;\"><span style=\"font-size: medium;\"><span lang=\"en-US\">Los calefactores de cartucho son un producto extraordinariamente vers\u00e1til y duradero que se utiliza para calentar una gran variedad de procesos, desde aplicaciones industriales pesadas, pl\u00e1sticos y embalajes, hasta instrumentos de prueba anal\u00edticos y su uso en aeronaves, vagones de tren y camiones.<\/span><\/span><\/span><\/span><\/p>\n","protected":false},"featured_media":983,"template":"","meta":[],"product_brand":[],"product_cat":[21],"product_tag":[],"class_list":{"0":"post-974","1":"product","2":"type-product","3":"status-publish","4":"has-post-thumbnail","6":"product_cat-cartridge-heater","8":"first","9":"instock","10":"shipping-taxable","11":"product-type-simple"},"yoast_head":"<!-- This site is optimized with the Yoast SEO plugin v27.3 - https:\/\/yoast.com\/product\/yoast-seo-wordpress\/ -->\n<title>Calentadores de cartucho roscados de alta calidad para un calentamiento preciso<\/title>\n<meta name=\"description\" content=\"Nuestra gama de calentadores de cartucho roscados de alta calidad, dise\u00f1ados para un calentamiento preciso y eficiente en diversas aplicaciones industriales. Asegure un rendimiento y durabilidad \u00f3ptimos con nuestros calentadores de cartucho roscados confiables y f\u00e1ciles de instalar. \u00a1Compre ahora para obtener soluciones de calefacci\u00f3n superiores!\" \/>\n<meta name=\"robots\" content=\"index, follow, max-snippet:-1, max-image-preview:large, max-video-preview:-1\" \/>\n<link rel=\"canonical\" href=\"https:\/\/cheri-heater.com\/esp\/product\/threaded-cartridge-heater\/\" \/>\n<meta property=\"og:locale\" content=\"en_US\" \/>\n<meta property=\"og:type\" content=\"article\" \/>\n<meta property=\"og:title\" content=\"Calentadores de cartucho roscados de alta calidad para un calentamiento preciso\" \/>\n<meta property=\"og:description\" content=\"Nuestra gama de calentadores de cartucho roscados de alta calidad, dise\u00f1ados para un calentamiento preciso y eficiente en diversas aplicaciones industriales. Asegure un rendimiento y durabilidad \u00f3ptimos con nuestros calentadores de cartucho roscados confiables y f\u00e1ciles de instalar. \u00a1Compre ahora para obtener soluciones de calefacci\u00f3n superiores!\" \/>\n<meta property=\"og:url\" content=\"https:\/\/cheri-heater.com\/esp\/product\/threaded-cartridge-heater\/\" \/>\n<meta property=\"og:site_name\" content=\"Cheri Heater Technology Co.,Ltd.\" \/>\n<meta property=\"article:modified_time\" content=\"2024-07-30T03:14:52+00:00\" \/>\n<meta property=\"og:image\" content=\"https:\/\/cheri-heater.com\/esp\/wp-content\/uploads\/2024\/06\/Cheri-Electrothermal-Equipment-Limited-Company-6-2.jpg\" \/>\n\t<meta property=\"og:image:width\" content=\"800\" \/>\n\t<meta property=\"og:image:height\" content=\"800\" \/>\n\t<meta property=\"og:image:type\" content=\"image\/jpeg\" \/>\n<meta name=\"twitter:card\" content=\"summary_large_image\" \/>\n<meta name=\"twitter:label1\" content=\"Est. reading time\" \/>\n\t<meta name=\"twitter:data1\" content=\"2 minutes\" \/>\n<!-- \/ Yoast SEO plugin. -->","yoast_head_json":{"title":"Calentadores de cartucho roscados de alta calidad para un calentamiento preciso","description":"Nuestra gama de calentadores de cartucho roscados de alta calidad, dise\u00f1ados para un calentamiento preciso y eficiente en diversas aplicaciones industriales. Asegure un rendimiento y durabilidad \u00f3ptimos con nuestros calentadores de cartucho roscados confiables y f\u00e1ciles de instalar. \u00a1Compre ahora para obtener soluciones de calefacci\u00f3n superiores!","robots":{"index":"index","follow":"follow","max-snippet":"max-snippet:-1","max-image-preview":"max-image-preview:large","max-video-preview":"max-video-preview:-1"},"canonical":"https:\/\/cheri-heater.com\/esp\/product\/threaded-cartridge-heater\/","og_locale":"en_US","og_type":"article","og_title":"Calentadores de cartucho roscados de alta calidad para un calentamiento preciso","og_description":"Nuestra gama de calentadores de cartucho roscados de alta calidad, dise\u00f1ados para un calentamiento preciso y eficiente en diversas aplicaciones industriales. Asegure un rendimiento y durabilidad \u00f3ptimos con nuestros calentadores de cartucho roscados confiables y f\u00e1ciles de instalar. \u00a1Compre ahora para obtener soluciones de calefacci\u00f3n superiores!","og_url":"https:\/\/cheri-heater.com\/esp\/product\/threaded-cartridge-heater\/","og_site_name":"Cheri Heater Technology Co.,Ltd.","article_modified_time":"2024-07-30T03:14:52+00:00","og_image":[{"width":800,"height":800,"url":"https:\/\/cheri-heater.com\/esp\/wp-content\/uploads\/2024\/06\/Cheri-Electrothermal-Equipment-Limited-Company-6-2.jpg","type":"image\/jpeg"}],"twitter_card":"summary_large_image","twitter_misc":{"Est. reading time":"2 minutes"},"schema":{"@context":"https:\/\/schema.org","@graph":[{"@type":"WebPage","@id":"https:\/\/cheri-heater.com\/esp\/product\/threaded-cartridge-heater\/","url":"https:\/\/cheri-heater.com\/esp\/product\/threaded-cartridge-heater\/","name":"Calentadores de cartucho roscados de alta calidad para un calentamiento preciso","isPartOf":{"@id":"https:\/\/cheri-heater.com\/esp\/#website"},"primaryImageOfPage":{"@id":"https:\/\/cheri-heater.com\/esp\/product\/threaded-cartridge-heater\/#primaryimage"},"image":{"@id":"https:\/\/cheri-heater.com\/esp\/product\/threaded-cartridge-heater\/#primaryimage"},"thumbnailUrl":"https:\/\/cheri-heater.com\/esp\/wp-content\/uploads\/2024\/06\/Cheri-Electrothermal-Equipment-Limited-Company-6-2.jpg","datePublished":"2024-06-04T18:13:00+00:00","dateModified":"2024-07-30T03:14:52+00:00","description":"Nuestra gama de calentadores de cartucho roscados de alta calidad, dise\u00f1ados para un calentamiento preciso y eficiente en diversas aplicaciones industriales. Asegure un rendimiento y durabilidad \u00f3ptimos con nuestros calentadores de cartucho roscados confiables y f\u00e1ciles de instalar. \u00a1Compre ahora para obtener soluciones de calefacci\u00f3n superiores!","breadcrumb":{"@id":"https:\/\/cheri-heater.com\/esp\/product\/threaded-cartridge-heater\/#breadcrumb"},"inLanguage":"en-US","potentialAction":[{"@type":"ReadAction","target":["https:\/\/cheri-heater.com\/esp\/product\/threaded-cartridge-heater\/"]}]},{"@type":"ImageObject","inLanguage":"en-US","@id":"https:\/\/cheri-heater.com\/esp\/product\/threaded-cartridge-heater\/#primaryimage","url":"https:\/\/cheri-heater.com\/esp\/wp-content\/uploads\/2024\/06\/Cheri-Electrothermal-Equipment-Limited-Company-6-2.jpg","contentUrl":"https:\/\/cheri-heater.com\/esp\/wp-content\/uploads\/2024\/06\/Cheri-Electrothermal-Equipment-Limited-Company-6-2.jpg","width":800,"height":800},{"@type":"BreadcrumbList","@id":"https:\/\/cheri-heater.com\/esp\/product\/threaded-cartridge-heater\/#breadcrumb","itemListElement":[{"@type":"ListItem","position":1,"name":"Home","item":"https:\/\/cheri-heater.com\/esp\/"},{"@type":"ListItem","position":2,"name":"Products","item":"https:\/\/cheri-heater.com\/esp\/products\/"},{"@type":"ListItem","position":3,"name":"Calentadores de cartucho roscados"}]},{"@type":"WebSite","@id":"https:\/\/cheri-heater.com\/esp\/#website","url":"https:\/\/cheri-heater.com\/esp\/","name":"Cheri Heater Technology Co.,Ltd.","description":"","publisher":{"@id":"https:\/\/cheri-heater.com\/esp\/#organization"},"potentialAction":[{"@type":"SearchAction","target":{"@type":"EntryPoint","urlTemplate":"https:\/\/cheri-heater.com\/esp\/?s={search_term_string}"},"query-input":{"@type":"PropertyValueSpecification","valueRequired":true,"valueName":"search_term_string"}}],"inLanguage":"en-US"},{"@type":"Organization","@id":"https:\/\/cheri-heater.com\/esp\/#organization","name":"Cheri Heater Technology Co.,Ltd.","url":"https:\/\/cheri-heater.com\/esp\/","logo":{"@type":"ImageObject","inLanguage":"en-US","@id":"https:\/\/cheri-heater.com\/esp\/#\/schema\/logo\/image\/","url":"https:\/\/cheri-heater.com\/esp\/wp-content\/uploads\/2024\/06\/cropped-logo-resize.png","contentUrl":"https:\/\/cheri-heater.com\/esp\/wp-content\/uploads\/2024\/06\/cropped-logo-resize.png","width":346,"height":99,"caption":"Cheri Heater Technology Co.,Ltd."},"image":{"@id":"https:\/\/cheri-heater.com\/esp\/#\/schema\/logo\/image\/"}}]}},"_links":{"self":[{"href":"https:\/\/cheri-heater.com\/esp\/wp-json\/wp\/v2\/product\/974","targetHints":{"allow":["GET"]}}],"collection":[{"href":"https:\/\/cheri-heater.com\/esp\/wp-json\/wp\/v2\/product"}],"about":[{"href":"https:\/\/cheri-heater.com\/esp\/wp-json\/wp\/v2\/types\/product"}],"wp:featuredmedia":[{"embeddable":true,"href":"https:\/\/cheri-heater.com\/esp\/wp-json\/wp\/v2\/media\/983"}],"wp:attachment":[{"href":"https:\/\/cheri-heater.com\/esp\/wp-json\/wp\/v2\/media?parent=974"}],"wp:term":[{"taxonomy":"product_brand","embeddable":true,"href":"https:\/\/cheri-heater.com\/esp\/wp-json\/wp\/v2\/product_brand?post=974"},{"taxonomy":"product_cat","embeddable":true,"href":"https:\/\/cheri-heater.com\/esp\/wp-json\/wp\/v2\/product_cat?post=974"},{"taxonomy":"product_tag","embeddable":true,"href":"https:\/\/cheri-heater.com\/esp\/wp-json\/wp\/v2\/product_tag?post=974"}],"curies":[{"name":"wp","href":"https:\/\/api.w.org\/{rel}","templated":true}]}}