{"id":993,"date":"2024-06-04T18:20:12","date_gmt":"2024-06-04T18:20:12","guid":{"rendered":"https:\/\/cheri-heater.com\/esp\/?post_type=product&#038;p=993"},"modified":"2024-07-30T03:16:56","modified_gmt":"2024-07-30T03:16:56","slug":"selfregulating-heating-cable","status":"publish","type":"product","link":"https:\/\/cheri-heater.com\/esp\/product\/selfregulating-heating-cable\/","title":{"rendered":"cable calefactor autorregulable"},"content":{"rendered":"<p class=\"western\"><span style=\"color: #333333;\"><span style=\"font-family: Times New Roman, serif;\"><span style=\"font-size: medium;\">Los cables de calefacci\u00f3n el\u00e9ctrica autorregulables se utilizan para el control de temperatura, calefacci\u00f3n e aislamiento de tuber\u00edas, equipos y contenedores, especialmente en lugares donde el material es susceptible a la descomposici\u00f3n, deterioro, cristalizaci\u00f3n, condensaci\u00f3n o congelaci\u00f3n. Se emplean en la industria del petr\u00f3leo, qu\u00edmica, energ\u00eda, metalurgia, industria ligera, alimentaria, congelaci\u00f3n, construcci\u00f3n, gas, productos agr\u00edcolas y otras \u00e1reas de producci\u00f3n y procesamiento.<\/span><\/span><\/span><\/p>\n<h3 class=\"western\"><span style=\"font-family: Times New Roman, serif;\"><span style=\"font-size: x-large;\"><b><span style=\"color: #333333;\">Caracter\u00edsticas<\/span><\/b><\/span><\/span><\/h3>\n<p><span style=\"color: #333333;\">\u2022<\/span><span style=\"color: #333333;\"><span style=\"font-family: Times New Roman, serif;\"><span style=\"font-size: medium;\">Energ\u00eda eficiente, el cable autorregulable utiliza menos energ\u00eda cuando se requiere menos calor.<br \/>\n\u2022 F\u00e1cil de instalar, se puede cortar a cualquier longitud (hasta la longitud m\u00e1xima del circuito) en el campo.<br \/>\n\u2022 Costo de instalaci\u00f3n menor que el seguimiento con vapor, menor gasto en mantenimiento y menos tiempo de inactividad.<br \/>\n\u2022 Puede ser solapado sin riesgo de incendio, lo que simplifica el trazado t\u00e9rmico de equipos de proceso en l\u00ednea como v\u00e1lvulas, codos y bombas.<br \/>\n\u2022 Debido a su autorregulaci\u00f3n, se minimizan las condiciones de sobretemperatura.<br \/>\n\u2022 Los kits de conexi\u00f3n reducen el tiempo de instalaci\u00f3n.<\/span><\/span><\/span><\/p>\n<table dir=\"ltr\" width=\"750\" cellspacing=\"0\" cellpadding=\"0\" align=\"left\">\n<tbody>\n<tr valign=\"top\">\n<td bgcolor=\"#f3f4f8\" width=\"113\">\n<p class=\"western\" align=\"center\"><span style=\"color: #333333;\"><span style=\"font-family: Helvetica, Arial, sans-serif;\"><span style=\"font-size: small;\">Tipo<\/span><\/span><\/span><\/p>\n<\/td>\n<td bgcolor=\"#f7f8fa\" width=\"74\">\n<p class=\"western\" align=\"center\"><span style=\"color: #333333;\"><span style=\"font-family: Helvetica, Arial, sans-serif;\"><span style=\"font-size: small;\">Potencia<\/span><\/span><\/span><\/p>\n<p class=\"western\" align=\"center\"><span style=\"color: #333333;\"><span style=\"font-family: Helvetica, Arial, sans-serif;\"><span style=\"font-size: small;\">(W\/M, a 10\u2103)<\/span><\/span><\/span><\/p>\n<\/td>\n<td bgcolor=\"#f7f8fa\" width=\"162\">\n<p class=\"western\" align=\"center\"><span style=\"color: #333333;\"><span style=\"font-family: Helvetica, Arial, sans-serif;\"><span style=\"font-size: small;\">Temperatura M\u00e1xima de Tolerancia<\/span><\/span><\/span><\/p>\n<\/td>\n<td bgcolor=\"#f7f8fa\" width=\"156\">\n<p class=\"western\" align=\"center\"><span style=\"color: #333333;\"><span style=\"font-family: Helvetica, Arial, sans-serif;\"><span style=\"font-size: small;\">Temperatura M\u00e1xima de Mantenimiento<\/span><\/span><\/span><\/p>\n<\/td>\n<td bgcolor=\"#f7f8fa\" width=\"125\">\n<p class=\"western\" align=\"center\"><span style=\"color: #333333;\"><span style=\"font-family: Helvetica, Arial, sans-serif;\"><span style=\"font-size: small;\">Temperatura<\/span><\/span><\/span><\/p>\n<p class=\"western\" align=\"center\"><span style=\"color: #333333;\"><span style=\"font-family: Helvetica, Arial, sans-serif;\"><span style=\"font-size: small;\">de Instalaci\u00f3n M\u00ednima<\/span><\/span><\/span><\/p>\n<\/td>\n<td bgcolor=\"#f7f8fa\" width=\"118\">\n<p class=\"western\" align=\"center\"><span style=\"color: #333333;\"><span style=\"font-family: Helvetica, Arial, sans-serif;\"><span style=\"font-size: small;\">Longitud M\u00e1xima de Uso<\/span><\/span><\/p>\n<p class=\"western\" align=\"center\"><span style=\"color: #333333;\"><span style=\"font-family: Helvetica, Arial, sans-serif;\"><span style=\"font-size: small;\">(basado en 110\/220V)<\/span><\/span><\/span><\/p>\n<\/td>\n<\/tr>\n<tr valign=\"top\">\n<td bgcolor=\"#f3f4f8\" width=\"113\">\n<p class=\"western\" align=\"center\"><span style=\"color: #333333;\"><span style=\"font-family: Helvetica, Arial, sans-serif;\"><span style=\"font-size: small;\">Baja Temperatura<\/span><\/span><\/span><\/p>\n<\/td>\n<td bgcolor=\"#ffffff\" width=\"74\">\n<p class=\"western\" align=\"center\"><span style=\"color: #333333;\"><span style=\"font-family: Helvetica, Arial, sans-serif;\"><span style=\"font-size: small;\">10W\/M<\/span><\/span><\/span><\/p>\n<p class=\"western\" align=\"center\"><span style=\"color: #333333;\"><span style=\"font-family: Helvetica, Arial, sans-serif;\"><span style=\"font-size: small;\">15W\/M<\/span><\/span><\/span><\/p>\n<p class=\"western\" align=\"center\"><span style=\"color: #333333;\"><span style=\"font-family: Helvetica, Arial, sans-serif;\"><span style=\"font-size: small;\">25W\/M<\/span><\/span><\/span><\/p>\n<p class=\"western\" align=\"center\"><span style=\"color: #333333;\"><span style=\"font-family: Helvetica, Arial, sans-serif;\"><span style=\"font-size: small;\">35W\/M<\/span><\/span><\/span><\/p>\n<\/td>\n<td bgcolor=\"#ffffff\" width=\"162\">\n<p class=\"western\" align=\"center\"><span style=\"color: #333333;\"><span style=\"font-family: Helvetica, Arial, sans-serif;\"><span style=\"font-size: small;\">105\u2103<\/span><\/span><\/span><\/p>\n<\/td>\n<td bgcolor=\"#ffffff\" width=\"156\">\n<p class=\"western\" align=\"center\"><span style=\"color: #333333;\"><span style=\"font-family: Helvetica, Arial, sans-serif;\"><span style=\"font-size: small;\">65\u2103\u00b15\u2103<\/span><\/span><\/span><\/p>\n<\/td>\n<td bgcolor=\"#ffffff\" width=\"125\">\n<p class=\"western\" align=\"center\"><span style=\"color: #333333;\"><span style=\"font-family: Helvetica, Arial, sans-serif;\"><span style=\"font-size: small;\">-40\u2103<\/span><\/span><\/span><\/p>\n<\/td>\n<td bgcolor=\"#ffffff\" width=\"118\">\n<p class=\"western\" align=\"center\"><span style=\"color: #333333;\"><span style=\"font-family: Helvetica, Arial, sans-serif;\"><span style=\"font-size: small;\">50\/100m<\/span><\/span><\/span><\/p>\n<\/td>\n<\/tr>\n<tr valign=\"top\">\n<td bgcolor=\"#f3f4f8\" width=\"113\">\n<p class=\"western\" align=\"center\"><span style=\"color: #333333;\"><span style=\"font-family: Helvetica, Arial, sans-serif;\"><span style=\"font-size: small;\">Temperatura Media<\/span><\/span><\/span><\/p>\n<\/td>\n<td bgcolor=\"#ffffff\" width=\"74\">\n<p class=\"western\" align=\"center\"><span style=\"color: #333333;\"><span style=\"font-family: Helvetica, Arial, sans-serif;\"><span style=\"font-size: small;\">35W\/M<\/span><\/span><\/span><\/p>\n<p class=\"western\" align=\"center\"><span style=\"color: #333333;\"><span style=\"font-family: Helvetica, Arial, sans-serif;\"><span style=\"font-size: small;\">45W\/M<\/span><\/span><\/span><\/p>\n<p class=\"western\" align=\"center\"><span style=\"color: #333333;\"><span style=\"font-family: Helvetica, Arial, sans-serif;\"><span style=\"font-size: small;\">50W\/M<\/span><\/span><\/span><\/p>\n<p class=\"western\" align=\"center\"><span style=\"color: #333333;\"><span style=\"font-family: Helvetica, Arial, sans-serif;\"><span style=\"font-size: small;\">60W\/M<\/span><\/span><\/span><\/p>\n<\/td>\n<td bgcolor=\"#ffffff\" width=\"162\">\n<p class=\"western\" align=\"center\"><span style=\"color: #333333;\"><span style=\"font-family: Helvetica, Arial, sans-serif;\"><span style=\"font-size: small;\">135\u2103<\/span><\/span><\/span><\/p>\n<\/td>\n<td bgcolor=\"#ffffff\" width=\"156\">\n<p class=\"western\" align=\"center\"><span style=\"color: #333333;\"><span style=\"font-family: Helvetica, Arial, sans-serif;\"><span style=\"font-size: small;\">105\u2103\u00b15\u2103<\/span><\/span><\/span><\/p>\n<\/td>\n<td bgcolor=\"#ffffff\" width=\"125\">\n<p class=\"western\" align=\"center\"><span style=\"color: #333333;\"><span style=\"font-family: Helvetica, Arial, sans-serif;\"><span style=\"font-size: small;\">-40\u2103<\/span><\/span><\/span><\/p>\n<\/td>\n<td bgcolor=\"#ffffff\" width=\"118\">\n<p class=\"western\" align=\"center\"><span style=\"color: #333333;\"><span style=\"font-family: Helvetica, Arial, sans-serif;\"><span style=\"font-size: small;\">50\/100m<\/span><\/span><\/span><\/p>\n<\/td>\n<\/tr>\n<tr valign=\"top\">\n<td bgcolor=\"#f3f4f8\" width=\"113\">\n<p class=\"western\" align=\"center\"><span style=\"color: #333333;\"><span style=\"font-family: Helvetica, Arial, sans-serif;\"><span style=\"font-size: small;\">Alta Temperatura<\/span><\/span><\/span><\/p>\n<\/td>\n<td bgcolor=\"#ffffff\" width=\"74\">\n<p class=\"western\" align=\"center\"><span style=\"color: #333333;\"><span style=\"font-family: Helvetica, Arial, sans-serif;\"><span style=\"font-size: small;\">50W\/M<\/span><\/span><\/span><\/p>\n<p class=\"western\" align=\"center\"><span style=\"color: #333333;\"><span style=\"font-family: Helvetica, Arial, sans-serif;\"><span style=\"font-size: small;\">60W\/M<\/span><\/span><\/span><\/p>\n<\/td>\n<td bgcolor=\"#ffffff\" width=\"162\">\n<p class=\"western\" align=\"center\"><span style=\"color: #333333;\"><span style=\"font-family: Helvetica, Arial, sans-serif;\"><span style=\"font-size: small;\">150\u2103<\/span><\/span><\/span><\/p>\n<\/td>\n<td bgcolor=\"#ffffff\" width=\"156\">\n<p class=\"western\" align=\"center\"><span style=\"color: #333333;\"><span style=\"font-family: Helvetica, Arial, sans-serif;\"><span style=\"font-size: small;\">120\u2103\u00b15\u2103<\/span><\/span><\/span><\/p>\n<\/td>\n<td bgcolor=\"#ffffff\" width=\"125\">\n<p class=\"western\" align=\"center\"><span style=\"color: #333333;\"><span style=\"font-family: Helvetica, Arial, sans-serif;\"><span style=\"font-size: small;\">-40\u2103<\/span><\/span><\/span><\/p>\n<\/td>\n<td bgcolor=\"#ffffff\" width=\"118\">\n<p class=\"western\" align=\"center\"><span style=\"color: #333333;\"><span style=\"font-family: Helvetica, Arial, sans-serif;\"><span style=\"font-size: small;\">50\/100m<\/span><\/span><\/span><\/p>\n<\/td>\n<\/tr>\n<\/tbody>\n<\/table>\n<h3 class=\"western\"><span style=\"font-family: Times New Roman, serif;\"><span style=\"font-size: x-large;\"><b><span style=\"color: #333333;\">Aplicaciones<\/span><\/b><\/span><\/span><\/h3>\n<p class=\"western\"><span style=\"color: #333333;\"><span style=\"font-family: Times New Roman, serif;\"><span style=\"font-size: medium;\">\u2022 Congelaci\u00f3n de tuber\u00edas.<br \/>\n\u2022 Precalentamiento de tuber\u00edas, v\u00e1lvulas, bombas, tanques y otros equipos industriales.<br \/>\n\u2022 Calentamiento de gasoductos.<br \/>\n\u2022 Control de temperatura en procesos industriales.<br \/>\n\u2022 Protecci\u00f3n de tuber\u00edas contra la congelaci\u00f3n.<br \/>\n\u2022 Conservaci\u00f3n de temperatura para procesos que requieren temperatura constante.<\/span><\/span><\/span><\/p>\n<h3 class=\"western\"><span style=\"font-family: Times New Roman, serif;\"><span style=\"font-size: x-large;\"><b><span style=\"color: #333333;\">Especificaciones T\u00e9cnicas<\/span><\/b><\/span><\/span><\/h3>\n<p class=\"western\"><span style=\"color: #333333;\"><span style=\"font-family: Times New Roman, serif;\"><span style=\"font-size: medium;\">\u2022 Tensi\u00f3n: 110\/220V (opcional 24V\/48V\/380V).<br \/>\n\u2022 Longitud del cable: <strong>50\/100m<\/strong> (seg\u00fan especificaciones).<br \/>\n\u2022 Temperatura de funcionamiento: <strong>-40\u2103 a 150\u2103<\/strong>.<br \/>\n\u2022 Resistencia a la corrosi\u00f3n: buena.<br \/>\n\u2022 Instalaci\u00f3n f\u00e1cil y r\u00e1pida.<\/span><\/span><\/span><\/p>\n<h3 class=\"western\"><span style=\"font-family: Times New Roman, serif;\"><span style=\"font-size: x-large;\"><b><span style=\"color: #333333;\">Precauciones<\/span><\/b><\/span><\/span><\/h3>\n<p class=\"western\"><span style=\"color: #333333;\"><span style=\"font-family: Times New Roman, serif;\"><span style=\"font-size: medium;\">\u2022 No exponer a fuentes de agua directa.<\/span><\/span><\/span><\/p>\n","protected":false},"excerpt":{"rendered":"<p><span style=\"color: #333333;\"><span style=\"font-family: Times New Roman, serif;\"><span style=\"font-size: medium;\">El cable de calefacci\u00f3n autorregulable ofrece la mayor versatilidad en el dise\u00f1o y aplicaciones de trazado t\u00e9rmico. Construi\u00eddo con una matriz calefactora semiconductor extruida entre conductores paralelos, un cable autorregulable ajusta su salida para responder independientemente a las temperaturas ambientales a lo largo de toda su longitud. A medida que las temperaturas aumentan, la resistencia del calefactor aumenta, lo que reduce la potencia de salida. Por el contrario, cuando la temperatura disminuye, la resistencia disminuye y el cable produce m\u00e1s calor. Por lo tanto, no se necesita termostato en algunas aplicaciones. Nunca se sobrecalentar\u00e1 ni se quemar\u00e1, incluso cuando se envuelve sobre s\u00ed mismo (superpuesto). Tambi\u00e9n se puede cortar a cualquier longitud. Es un cable de calefacci\u00f3n conveniente, de f\u00e1cil mantenimiento, f\u00e1cil de usar y eficiente en t\u00e9rminos de energ\u00eda.<\/span><\/span><\/span><\/p>\n","protected":false},"featured_media":999,"template":"","meta":[],"product_brand":[],"product_cat":[22],"product_tag":[155],"class_list":{"0":"post-993","1":"product","2":"type-product","3":"status-publish","4":"has-post-thumbnail","6":"product_cat-heating-cable","7":"product_tag-selfregulating-heating-cable","9":"first","10":"instock","11":"shipping-taxable","12":"product-type-simple"},"yoast_head":"<!-- This site is optimized with the Yoast SEO plugin v27.4 - https:\/\/yoast.com\/product\/yoast-seo-wordpress\/ -->\n<title>Fabricante de cables calefactores autorregulables | Cheri-heater.com<\/title>\n<meta name=\"description\" content=\"Cables calefactores autorregulables de primer nivel del mejor fabricante. Nuestros cables energ\u00e9ticamente eficientes se ajustan a los cambios de temperatura, proporcionando calefacci\u00f3n fiable y segura para diversas aplicaciones. \u00a1Cont\u00e1ctenos hoy para soluciones de calefacci\u00f3n innovadoras y rentables\" \/>\n<meta name=\"robots\" content=\"index, follow, max-snippet:-1, max-image-preview:large, max-video-preview:-1\" \/>\n<link rel=\"canonical\" href=\"https:\/\/cheri-heater.com\/esp\/product\/selfregulating-heating-cable\/\" \/>\n<meta property=\"og:locale\" content=\"en_US\" \/>\n<meta property=\"og:type\" content=\"article\" \/>\n<meta property=\"og:title\" content=\"Fabricante de cables calefactores autorregulables | Cheri-heater.com\" \/>\n<meta property=\"og:description\" content=\"Cables calefactores autorregulables de primer nivel del mejor fabricante. Nuestros cables energ\u00e9ticamente eficientes se ajustan a los cambios de temperatura, proporcionando calefacci\u00f3n fiable y segura para diversas aplicaciones. \u00a1Cont\u00e1ctenos hoy para soluciones de calefacci\u00f3n innovadoras y rentables\" \/>\n<meta property=\"og:url\" content=\"https:\/\/cheri-heater.com\/esp\/product\/selfregulating-heating-cable\/\" \/>\n<meta property=\"og:site_name\" content=\"Cheri Heater Technology Co.,Ltd.\" \/>\n<meta property=\"article:modified_time\" content=\"2024-07-30T03:16:56+00:00\" \/>\n<meta property=\"og:image\" content=\"https:\/\/cheri-heater.com\/esp\/wp-content\/uploads\/2024\/06\/O1CN01LBt59i1s6RB6asYTI_2215940465717-0-cib-1.jpg\" \/>\n\t<meta property=\"og:image:width\" content=\"800\" \/>\n\t<meta property=\"og:image:height\" content=\"800\" \/>\n\t<meta property=\"og:image:type\" content=\"image\/jpeg\" \/>\n<meta name=\"twitter:card\" content=\"summary_large_image\" \/>\n<meta name=\"twitter:label1\" content=\"Est. reading time\" \/>\n\t<meta name=\"twitter:data1\" content=\"2 minutes\" \/>\n<!-- \/ Yoast SEO plugin. -->","yoast_head_json":{"title":"Fabricante de cables calefactores autorregulables | Cheri-heater.com","description":"Cables calefactores autorregulables de primer nivel del mejor fabricante. Nuestros cables energ\u00e9ticamente eficientes se ajustan a los cambios de temperatura, proporcionando calefacci\u00f3n fiable y segura para diversas aplicaciones. \u00a1Cont\u00e1ctenos hoy para soluciones de calefacci\u00f3n innovadoras y rentables","robots":{"index":"index","follow":"follow","max-snippet":"max-snippet:-1","max-image-preview":"max-image-preview:large","max-video-preview":"max-video-preview:-1"},"canonical":"https:\/\/cheri-heater.com\/esp\/product\/selfregulating-heating-cable\/","og_locale":"en_US","og_type":"article","og_title":"Fabricante de cables calefactores autorregulables | Cheri-heater.com","og_description":"Cables calefactores autorregulables de primer nivel del mejor fabricante. Nuestros cables energ\u00e9ticamente eficientes se ajustan a los cambios de temperatura, proporcionando calefacci\u00f3n fiable y segura para diversas aplicaciones. \u00a1Cont\u00e1ctenos hoy para soluciones de calefacci\u00f3n innovadoras y rentables","og_url":"https:\/\/cheri-heater.com\/esp\/product\/selfregulating-heating-cable\/","og_site_name":"Cheri Heater Technology Co.,Ltd.","article_modified_time":"2024-07-30T03:16:56+00:00","og_image":[{"width":800,"height":800,"url":"https:\/\/cheri-heater.com\/esp\/wp-content\/uploads\/2024\/06\/O1CN01LBt59i1s6RB6asYTI_2215940465717-0-cib-1.jpg","type":"image\/jpeg"}],"twitter_card":"summary_large_image","twitter_misc":{"Est. reading time":"2 minutes"},"schema":{"@context":"https:\/\/schema.org","@graph":[{"@type":"WebPage","@id":"https:\/\/cheri-heater.com\/esp\/product\/selfregulating-heating-cable\/","url":"https:\/\/cheri-heater.com\/esp\/product\/selfregulating-heating-cable\/","name":"Fabricante de cables calefactores autorregulables | Cheri-heater.com","isPartOf":{"@id":"https:\/\/cheri-heater.com\/esp\/#website"},"primaryImageOfPage":{"@id":"https:\/\/cheri-heater.com\/esp\/product\/selfregulating-heating-cable\/#primaryimage"},"image":{"@id":"https:\/\/cheri-heater.com\/esp\/product\/selfregulating-heating-cable\/#primaryimage"},"thumbnailUrl":"https:\/\/cheri-heater.com\/esp\/wp-content\/uploads\/2024\/06\/O1CN01LBt59i1s6RB6asYTI_2215940465717-0-cib-1.jpg","datePublished":"2024-06-04T18:20:12+00:00","dateModified":"2024-07-30T03:16:56+00:00","description":"Cables calefactores autorregulables de primer nivel del mejor fabricante. Nuestros cables energ\u00e9ticamente eficientes se ajustan a los cambios de temperatura, proporcionando calefacci\u00f3n fiable y segura para diversas aplicaciones. \u00a1Cont\u00e1ctenos hoy para soluciones de calefacci\u00f3n innovadoras y rentables","breadcrumb":{"@id":"https:\/\/cheri-heater.com\/esp\/product\/selfregulating-heating-cable\/#breadcrumb"},"inLanguage":"en-US","potentialAction":[{"@type":"ReadAction","target":["https:\/\/cheri-heater.com\/esp\/product\/selfregulating-heating-cable\/"]}]},{"@type":"ImageObject","inLanguage":"en-US","@id":"https:\/\/cheri-heater.com\/esp\/product\/selfregulating-heating-cable\/#primaryimage","url":"https:\/\/cheri-heater.com\/esp\/wp-content\/uploads\/2024\/06\/O1CN01LBt59i1s6RB6asYTI_2215940465717-0-cib-1.jpg","contentUrl":"https:\/\/cheri-heater.com\/esp\/wp-content\/uploads\/2024\/06\/O1CN01LBt59i1s6RB6asYTI_2215940465717-0-cib-1.jpg","width":800,"height":800},{"@type":"BreadcrumbList","@id":"https:\/\/cheri-heater.com\/esp\/product\/selfregulating-heating-cable\/#breadcrumb","itemListElement":[{"@type":"ListItem","position":1,"name":"Home","item":"https:\/\/cheri-heater.com\/esp\/"},{"@type":"ListItem","position":2,"name":"Products","item":"https:\/\/cheri-heater.com\/esp\/products\/"},{"@type":"ListItem","position":3,"name":"cable calefactor autorregulable"}]},{"@type":"WebSite","@id":"https:\/\/cheri-heater.com\/esp\/#website","url":"https:\/\/cheri-heater.com\/esp\/","name":"Cheri Heater Technology Co.,Ltd.","description":"","publisher":{"@id":"https:\/\/cheri-heater.com\/esp\/#organization"},"potentialAction":[{"@type":"SearchAction","target":{"@type":"EntryPoint","urlTemplate":"https:\/\/cheri-heater.com\/esp\/?s={search_term_string}"},"query-input":{"@type":"PropertyValueSpecification","valueRequired":true,"valueName":"search_term_string"}}],"inLanguage":"en-US"},{"@type":"Organization","@id":"https:\/\/cheri-heater.com\/esp\/#organization","name":"Cheri Heater Technology Co.,Ltd.","url":"https:\/\/cheri-heater.com\/esp\/","logo":{"@type":"ImageObject","inLanguage":"en-US","@id":"https:\/\/cheri-heater.com\/esp\/#\/schema\/logo\/image\/","url":"https:\/\/cheri-heater.com\/esp\/wp-content\/uploads\/2024\/06\/cropped-logo-resize.png","contentUrl":"https:\/\/cheri-heater.com\/esp\/wp-content\/uploads\/2024\/06\/cropped-logo-resize.png","width":346,"height":99,"caption":"Cheri Heater Technology Co.,Ltd."},"image":{"@id":"https:\/\/cheri-heater.com\/esp\/#\/schema\/logo\/image\/"}}]}},"_links":{"self":[{"href":"https:\/\/cheri-heater.com\/esp\/wp-json\/wp\/v2\/product\/993","targetHints":{"allow":["GET"]}}],"collection":[{"href":"https:\/\/cheri-heater.com\/esp\/wp-json\/wp\/v2\/product"}],"about":[{"href":"https:\/\/cheri-heater.com\/esp\/wp-json\/wp\/v2\/types\/product"}],"wp:featuredmedia":[{"embeddable":true,"href":"https:\/\/cheri-heater.com\/esp\/wp-json\/wp\/v2\/media\/999"}],"wp:attachment":[{"href":"https:\/\/cheri-heater.com\/esp\/wp-json\/wp\/v2\/media?parent=993"}],"wp:term":[{"taxonomy":"product_brand","embeddable":true,"href":"https:\/\/cheri-heater.com\/esp\/wp-json\/wp\/v2\/product_brand?post=993"},{"taxonomy":"product_cat","embeddable":true,"href":"https:\/\/cheri-heater.com\/esp\/wp-json\/wp\/v2\/product_cat?post=993"},{"taxonomy":"product_tag","embeddable":true,"href":"https:\/\/cheri-heater.com\/esp\/wp-json\/wp\/v2\/product_tag?post=993"}],"curies":[{"name":"wp","href":"https:\/\/api.w.org\/{rel}","templated":true}]}}