{"id":738,"date":"2024-06-03T16:31:11","date_gmt":"2024-06-03T16:31:11","guid":{"rendered":"https:\/\/cheri-heater.com\/fr\/?page_id=738"},"modified":"2024-07-28T14:51:34","modified_gmt":"2024-07-28T14:51:34","slug":"about-us","status":"publish","type":"page","link":"https:\/\/cheri-heater.com\/fr\/about-us\/","title":{"rendered":"About Us"},"content":{"rendered":"\t\t<div data-elementor-type=\"wp-page\" data-elementor-id=\"738\" class=\"elementor elementor-738\" data-elementor-post-type=\"page\">\n\t\t\t\t<div class=\"elementor-element elementor-element-bb5efb9 e-con-full e-flex e-con e-parent\" data-id=\"bb5efb9\" data-element_type=\"container\" data-e-type=\"container\" data-settings=\"{&quot;background_background&quot;:&quot;classic&quot;}\">\n\t\t\t\t<\/div>\n\t\t<div class=\"elementor-element elementor-element-398da0a e-con-full e-flex e-con e-parent\" data-id=\"398da0a\" data-element_type=\"container\" data-e-type=\"container\" data-settings=\"{&quot;background_background&quot;:&quot;classic&quot;}\">\n\t\t\t\t<div class=\"elementor-element elementor-element-276b9c4 elementor-widget elementor-widget-woocommerce-breadcrumb\" data-id=\"276b9c4\" data-element_type=\"widget\" data-e-type=\"widget\" data-widget_type=\"woocommerce-breadcrumb.default\">\n\t\t\t\t<div class=\"elementor-widget-container\">\n\t\t\t\t\t<nav class=\"woocommerce-breadcrumb\" aria-label=\"Breadcrumb\">Home<\/nav>\t\t\t\t<\/div>\n\t\t\t\t<\/div>\n\t\t\t\t<\/div>\n\t\t<div class=\"elementor-element elementor-element-ca81484 e-con-full e-flex e-con e-parent\" data-id=\"ca81484\" data-element_type=\"container\" data-e-type=\"container\">\n\t\t<div class=\"elementor-element elementor-element-2d95ec7 e-con-full e-flex e-con e-child\" data-id=\"2d95ec7\" data-element_type=\"container\" data-e-type=\"container\" data-settings=\"{&quot;background_background&quot;:&quot;video&quot;,&quot;background_video_link&quot;:&quot;https:\\\/\\\/www.youtube.com\\\/watch?v=nivzp4Ywl7U&quot;,&quot;background_play_on_mobile&quot;:&quot;yes&quot;,&quot;background_video_start&quot;:10}\">\n\t\t<div class=\"elementor-background-video-container\">\n\t\t\t\t\t\t\t<div class=\"elementor-background-video-embed\" role=\"presentation\"><\/div>\n\t\t\t\t\t\t<\/div>\t\t<div class=\"elementor-element elementor-element-18c991f elementor-widget elementor-widget-image\" data-id=\"18c991f\" data-element_type=\"widget\" data-e-type=\"widget\" data-widget_type=\"image.default\">\n\t\t\t\t<div class=\"elementor-widget-container\">\n\t\t\t\t\t\t\t\t\t\t\t\t\t\t\t<img decoding=\"async\" width=\"346\" height=\"99\" data-src=\"https:\/\/cheri-heater.com\/fr\/wp-content\/uploads\/2024\/06\/cropped-logo-resize.png\" class=\"attachment-full size-full wp-image-21 lazyload\" alt=\"\" data-srcset=\"https:\/\/cheri-heater.com\/fr\/wp-content\/uploads\/2024\/06\/cropped-logo-resize.png 346w, https:\/\/cheri-heater.com\/fr\/wp-content\/uploads\/2024\/06\/cropped-logo-resize-300x86.png 300w\" data-sizes=\"(max-width: 346px) 100vw, 346px\" src=\"data:image\/svg+xml;base64,PHN2ZyB3aWR0aD0iMSIgaGVpZ2h0PSIxIiB4bWxucz0iaHR0cDovL3d3dy53My5vcmcvMjAwMC9zdmciPjwvc3ZnPg==\" style=\"--smush-placeholder-width: 346px; --smush-placeholder-aspect-ratio: 346\/99;\" \/>\t\t\t\t\t\t\t\t\t\t\t\t\t\t\t<\/div>\n\t\t\t\t<\/div>\n\t\t\t\t<\/div>\n\t\t<div class=\"elementor-element elementor-element-08730a7 e-con-full e-flex e-con e-child\" data-id=\"08730a7\" data-element_type=\"container\" data-e-type=\"container\">\n\t\t\t\t<div class=\"elementor-element elementor-element-80a72f2 elementor-widget elementor-widget-heading\" data-id=\"80a72f2\" data-element_type=\"widget\" data-e-type=\"widget\" data-widget_type=\"heading.default\">\n\t\t\t\t<div class=\"elementor-widget-container\">\n\t\t\t\t\t<div class=\"elementor-heading-title elementor-size-default\">\u00c0 PROPOS DE NOUS\n<\/div>\t\t\t\t<\/div>\n\t\t\t\t<\/div>\n\t\t\t\t<div class=\"elementor-element elementor-element-2d08514 elementor-widget elementor-widget-heading\" data-id=\"2d08514\" data-element_type=\"widget\" data-e-type=\"widget\" data-widget_type=\"heading.default\">\n\t\t\t\t<div class=\"elementor-widget-container\">\n\t\t\t\t\t<div class=\"elementor-heading-title elementor-size-default\">Cheri Chauffage Technology Co., Ltd.\n<\/div>\t\t\t\t<\/div>\n\t\t\t\t<\/div>\n\t\t\t\t<div class=\"elementor-element elementor-element-58b383e elementor-widget elementor-widget-text-editor\" data-id=\"58b383e\" data-element_type=\"widget\" data-e-type=\"widget\" data-widget_type=\"text-editor.default\">\n\t\t\t\t<div class=\"elementor-widget-container\">\n\t\t\t\t\t\t\t\t\t<p><span>Cheri Heater Technology Co., Ltd., une entreprise certifi\u00e9e ISO 9001\u00a0: 2008 et CE, est l&#8217;un des principaux fabricants de radiateurs industriels de haute qualit\u00e9. Nous produisons des thermocouples \u00e0 cartouche chauffante (basse densit\u00e9 et haute densit\u00e9), des chauffages \u00e0 buses, des chauffages tubulaires, des chauffages \u00e0 bande en mica et en c\u00e9ramique, etc.<\/span><\/p><p><span>Cheri Chauffage Technology Co., Ltd. a \u00e9t\u00e9 constitu\u00e9e en 2003 par notre fondateur. Au cours de ses 20 ann\u00e9es de service dans l&#8217;industrie, il a senti une forte exigence de radiateurs industriels de bonne qualit\u00e9 et con\u00e7us sur mesure.<\/span><\/p><p><span>Au fil des ann\u00e9es, nous avons \u00e9largi notre portefeuille de produits et notre client\u00e8le en \u00e9largissant nos capacit\u00e9s de fabrication et techniques et en maintenant la qualit\u00e9 des produits et un mod\u00e8le commercial orient\u00e9 client. Nous disposons d\u00e9sormais de capacit\u00e9s internes de d\u00e9coupe, de fa\u00e7onnage, d\u2019usinage, de saisie et de finition. Nous concevons nos propres appareils de chauffage en maintenant des co\u00fbts comp\u00e9titifs et en contr\u00f4lant la qualit\u00e9.<\/span><\/p>\t\t\t\t\t\t\t\t<\/div>\n\t\t\t\t<\/div>\n\t\t\t\t<\/div>\n\t\t\t\t<\/div>\n\t\t<div class=\"elementor-element elementor-element-bc79b83 e-con-full e-flex e-con e-parent\" data-id=\"bc79b83\" data-element_type=\"container\" data-e-type=\"container\">\n\t\t<div class=\"elementor-element elementor-element-bb6b7bd e-con-full e-flex e-con e-child\" data-id=\"bb6b7bd\" data-element_type=\"container\" data-e-type=\"container\">\n\t\t\t\t<div class=\"elementor-element elementor-element-7e36285 elementor-widget elementor-widget-heading\" data-id=\"7e36285\" data-element_type=\"widget\" data-e-type=\"widget\" data-widget_type=\"heading.default\">\n\t\t\t\t<div class=\"elementor-widget-container\">\n\t\t\t\t\t<div class=\"elementor-heading-title elementor-size-default\">Solutions compl\u00e8tes de chauffage industriel : excellence en mati\u00e8re de conception, de fabrication et de satisfaction client\n<\/div>\t\t\t\t<\/div>\n\t\t\t\t<\/div>\n\t\t\t\t<div class=\"elementor-element elementor-element-0d125b3 elementor-widget elementor-widget-text-editor\" data-id=\"0d125b3\" data-element_type=\"widget\" data-e-type=\"widget\" data-widget_type=\"text-editor.default\">\n\t\t\t\t<div class=\"elementor-widget-container\">\n\t\t\t\t\t\t\t\t\t<p><span><span class=\"\">\u00c0 l&#8217;heure actuelle, nous disposons d&#8217;une installation de fabrication de pointe, d&#8217;<\/span><\/span><br \/><span><span class=\"\">une installation de recherche et d\u00e9veloppement et d&#8217;un laboratoire de test, le tout sous un m\u00eame toit. Jusqu&#8217;\u00e0 pr\u00e9sent, nous avons<\/span><\/span><br \/><span><span class=\"\">con\u00e7u et fabriqu\u00e9 des milliers de radiateurs industriels selon les<\/span><\/span><br \/><span><span class=\"\">exigences des clients, avec des performances sup\u00e9rieures au prix le plus bas. Nous<\/span><\/span><br \/><span><span class=\"\">comprenons la valeur des affaires r\u00e9p\u00e9t\u00e9es.<\/span><\/span><\/p><p><span>Nous nous engageons \u00e0 fournir une satisfaction totale \u00e0 nos clients en<\/span><br \/><span>am\u00e9liorant continuellement nos produits, nos processus et nos collaborateurs.<\/span><\/p>\t\t\t\t\t\t\t\t<\/div>\n\t\t\t\t<\/div>\n\t\t\t\t<\/div>\n\t\t<div class=\"elementor-element elementor-element-6d567ab e-con-full e-flex e-con e-child\" data-id=\"6d567ab\" data-element_type=\"container\" data-e-type=\"container\" data-settings=\"{&quot;background_background&quot;:&quot;video&quot;,&quot;background_video_link&quot;:&quot;https:\\\/\\\/youtu.be\\\/KVdWeNMSoTo?si=XJ65geJKVIBUdw97&quot;,&quot;background_play_on_mobile&quot;:&quot;yes&quot;,&quot;background_video_start&quot;:10}\">\n\t\t<div class=\"elementor-background-video-container\">\n\t\t\t\t\t\t\t<div class=\"elementor-background-video-embed\" role=\"presentation\"><\/div>\n\t\t\t\t\t\t<\/div>\t\t<div class=\"elementor-element elementor-element-a8e447f elementor-widget elementor-widget-image\" data-id=\"a8e447f\" data-element_type=\"widget\" data-e-type=\"widget\" data-widget_type=\"image.default\">\n\t\t\t\t<div class=\"elementor-widget-container\">\n\t\t\t\t\t\t\t\t\t\t\t\t\t\t\t<img decoding=\"async\" width=\"346\" height=\"99\" data-src=\"https:\/\/cheri-heater.com\/fr\/wp-content\/uploads\/2024\/06\/cropped-logo-resize.png\" class=\"attachment-full size-full wp-image-21 lazyload\" alt=\"\" data-srcset=\"https:\/\/cheri-heater.com\/fr\/wp-content\/uploads\/2024\/06\/cropped-logo-resize.png 346w, https:\/\/cheri-heater.com\/fr\/wp-content\/uploads\/2024\/06\/cropped-logo-resize-300x86.png 300w\" data-sizes=\"(max-width: 346px) 100vw, 346px\" src=\"data:image\/svg+xml;base64,PHN2ZyB3aWR0aD0iMSIgaGVpZ2h0PSIxIiB4bWxucz0iaHR0cDovL3d3dy53My5vcmcvMjAwMC9zdmciPjwvc3ZnPg==\" style=\"--smush-placeholder-width: 346px; --smush-placeholder-aspect-ratio: 346\/99;\" \/>\t\t\t\t\t\t\t\t\t\t\t\t\t\t\t<\/div>\n\t\t\t\t<\/div>\n\t\t\t\t<\/div>\n\t\t\t\t<\/div>\n\t\t<div class=\"elementor-element elementor-element-22927ef e-con-full e-flex e-con e-parent\" data-id=\"22927ef\" data-element_type=\"container\" data-e-type=\"container\" data-settings=\"{&quot;background_background&quot;:&quot;classic&quot;}\">\n\t\t\t\t<\/div>\n\t\t<div class=\"elementor-element elementor-element-cf983fe e-con-full e-flex e-con e-parent\" data-id=\"cf983fe\" data-element_type=\"container\" data-e-type=\"container\" data-settings=\"{&quot;background_background&quot;:&quot;classic&quot;}\">\n\t\t\t\t<\/div>\n\t\t<div class=\"elementor-element elementor-element-6812ba9 e-con-full e-flex e-con e-parent\" data-id=\"6812ba9\" data-element_type=\"container\" data-e-type=\"container\">\n\t\t<div class=\"elementor-element elementor-element-4d974bb e-con-full e-flex e-con e-child\" data-id=\"4d974bb\" data-element_type=\"container\" data-e-type=\"container\">\n\t\t\t\t<div class=\"elementor-element elementor-element-4ecafe5 elementor-widget elementor-widget-heading\" data-id=\"4ecafe5\" data-element_type=\"widget\" data-e-type=\"widget\" data-widget_type=\"heading.default\">\n\t\t\t\t<div class=\"elementor-widget-container\">\n\t\t\t\t\t<div class=\"elementor-heading-title elementor-size-default\">Conception et d\u00e9veloppement innovants\n<\/div>\t\t\t\t<\/div>\n\t\t\t\t<\/div>\n\t\t\t\t<div class=\"elementor-element elementor-element-0675a08 elementor-widget elementor-widget-image\" data-id=\"0675a08\" data-element_type=\"widget\" data-e-type=\"widget\" data-widget_type=\"image.default\">\n\t\t\t\t<div class=\"elementor-widget-container\">\n\t\t\t\t\t\t\t\t\t\t\t\t\t\t\t<img fetchpriority=\"high\" decoding=\"async\" width=\"704\" height=\"704\" src=\"https:\/\/cheri-heater.com\/fr\/wp-content\/uploads\/2024\/06\/dOeHx5VZ5qg-VzBiR89gQOd6DXiN2bSb-1.png\" class=\"attachment-full size-full wp-image-778\" alt=\"\" srcset=\"https:\/\/cheri-heater.com\/fr\/wp-content\/uploads\/2024\/06\/dOeHx5VZ5qg-VzBiR89gQOd6DXiN2bSb-1.png 704w, https:\/\/cheri-heater.com\/fr\/wp-content\/uploads\/2024\/06\/dOeHx5VZ5qg-VzBiR89gQOd6DXiN2bSb-1-300x300.png 300w, https:\/\/cheri-heater.com\/fr\/wp-content\/uploads\/2024\/06\/dOeHx5VZ5qg-VzBiR89gQOd6DXiN2bSb-1-100x100.png 100w, https:\/\/cheri-heater.com\/fr\/wp-content\/uploads\/2024\/06\/dOeHx5VZ5qg-VzBiR89gQOd6DXiN2bSb-1-600x600.png 600w, https:\/\/cheri-heater.com\/fr\/wp-content\/uploads\/2024\/06\/dOeHx5VZ5qg-VzBiR89gQOd6DXiN2bSb-1-150x150.png 150w\" sizes=\"(max-width: 704px) 100vw, 704px\" \/>\t\t\t\t\t\t\t\t\t\t\t\t\t\t\t<\/div>\n\t\t\t\t<\/div>\n\t\t\t\t<div class=\"elementor-element elementor-element-a35a166 elementor-widget elementor-widget-text-editor\" data-id=\"a35a166\" data-element_type=\"widget\" data-e-type=\"widget\" data-widget_type=\"text-editor.default\">\n\t\t\t\t<div class=\"elementor-widget-container\">\n\t\t\t\t\t\t\t\t\t<p>Appareils de chauffage industriels personnalis\u00e9s bas\u00e9s sur les exigences sp\u00e9cifiques du client. Des milliers de radiateurs industriels con\u00e7us et fabriqu\u00e9s.<\/p>\t\t\t\t\t\t\t\t<\/div>\n\t\t\t\t<\/div>\n\t\t\t\t<\/div>\n\t\t<div class=\"elementor-element elementor-element-4ac647b e-con-full e-flex e-con e-child\" data-id=\"4ac647b\" data-element_type=\"container\" data-e-type=\"container\">\n\t\t\t\t<div class=\"elementor-element elementor-element-d695e7b elementor-widget elementor-widget-heading\" data-id=\"d695e7b\" data-element_type=\"widget\" data-e-type=\"widget\" data-widget_type=\"heading.default\">\n\t\t\t\t<div class=\"elementor-widget-container\">\n\t\t\t\t\t<div class=\"elementor-heading-title elementor-size-default\">Engagement envers la qualit\u00e9\n<\/div>\t\t\t\t<\/div>\n\t\t\t\t<\/div>\n\t\t\t\t<div class=\"elementor-element elementor-element-16c8f51 elementor-widget elementor-widget-image\" data-id=\"16c8f51\" data-element_type=\"widget\" data-e-type=\"widget\" data-widget_type=\"image.default\">\n\t\t\t\t<div class=\"elementor-widget-container\">\n\t\t\t\t\t\t\t\t\t\t\t\t\t\t\t<img decoding=\"async\" width=\"990\" height=\"990\" data-src=\"https:\/\/cheri-heater.com\/fr\/wp-content\/uploads\/2024\/06\/nr_pE0X1BCErtojMZqDNXldSPxVH7CIRu4fI91Em2I1r8pFL-UGRHRTbrBKpP1zJIii3euxz-1.jpg\" class=\"attachment-full size-full wp-image-779 lazyload\" alt=\"\" data-srcset=\"https:\/\/cheri-heater.com\/fr\/wp-content\/uploads\/2024\/06\/nr_pE0X1BCErtojMZqDNXldSPxVH7CIRu4fI91Em2I1r8pFL-UGRHRTbrBKpP1zJIii3euxz-1.jpg 990w, https:\/\/cheri-heater.com\/fr\/wp-content\/uploads\/2024\/06\/nr_pE0X1BCErtojMZqDNXldSPxVH7CIRu4fI91Em2I1r8pFL-UGRHRTbrBKpP1zJIii3euxz-1-300x300.jpg 300w, https:\/\/cheri-heater.com\/fr\/wp-content\/uploads\/2024\/06\/nr_pE0X1BCErtojMZqDNXldSPxVH7CIRu4fI91Em2I1r8pFL-UGRHRTbrBKpP1zJIii3euxz-1-100x100.jpg 100w, https:\/\/cheri-heater.com\/fr\/wp-content\/uploads\/2024\/06\/nr_pE0X1BCErtojMZqDNXldSPxVH7CIRu4fI91Em2I1r8pFL-UGRHRTbrBKpP1zJIii3euxz-1-600x600.jpg 600w, https:\/\/cheri-heater.com\/fr\/wp-content\/uploads\/2024\/06\/nr_pE0X1BCErtojMZqDNXldSPxVH7CIRu4fI91Em2I1r8pFL-UGRHRTbrBKpP1zJIii3euxz-1-150x150.jpg 150w, https:\/\/cheri-heater.com\/fr\/wp-content\/uploads\/2024\/06\/nr_pE0X1BCErtojMZqDNXldSPxVH7CIRu4fI91Em2I1r8pFL-UGRHRTbrBKpP1zJIii3euxz-1-768x768.jpg 768w\" data-sizes=\"(max-width: 990px) 100vw, 990px\" src=\"data:image\/svg+xml;base64,PHN2ZyB3aWR0aD0iMSIgaGVpZ2h0PSIxIiB4bWxucz0iaHR0cDovL3d3dy53My5vcmcvMjAwMC9zdmciPjwvc3ZnPg==\" style=\"--smush-placeholder-width: 990px; --smush-placeholder-aspect-ratio: 990\/990;\" \/>\t\t\t\t\t\t\t\t\t\t\t\t\t\t\t<\/div>\n\t\t\t\t<\/div>\n\t\t\t\t<div class=\"elementor-element elementor-element-49dabd1 elementor-widget elementor-widget-text-editor\" data-id=\"49dabd1\" data-element_type=\"widget\" data-e-type=\"widget\" data-widget_type=\"text-editor.default\">\n\t\t\t\t<div class=\"elementor-widget-container\">\n\t\t\t\t\t\t\t\t\t<p>Plus de 20 ans d&#8217;exp\u00e9rience. Laboratoire de fabrication, de recherche et d\u00e9veloppement et d\u2019essais de pointe. Des solutions con\u00e7ues sur mesure avec des performances sup\u00e9rieures \u00e0 des prix comp\u00e9titifs.<\/p>\t\t\t\t\t\t\t\t<\/div>\n\t\t\t\t<\/div>\n\t\t\t\t<\/div>\n\t\t<div class=\"elementor-element elementor-element-91ad04f e-con-full e-flex e-con e-child\" data-id=\"91ad04f\" data-element_type=\"container\" data-e-type=\"container\">\n\t\t\t\t<div class=\"elementor-element elementor-element-f0ba558 elementor-widget elementor-widget-heading\" data-id=\"f0ba558\" data-element_type=\"widget\" data-e-type=\"widget\" data-widget_type=\"heading.default\">\n\t\t\t\t<div class=\"elementor-widget-container\">\n\t\t\t\t\t<div class=\"elementor-heading-title elementor-size-default\">Contr\u00f4le de qualit\u00e9\n<\/div>\t\t\t\t<\/div>\n\t\t\t\t<\/div>\n\t\t\t\t<div class=\"elementor-element elementor-element-22df1e8 elementor-widget elementor-widget-image\" data-id=\"22df1e8\" data-element_type=\"widget\" data-e-type=\"widget\" data-widget_type=\"image.default\">\n\t\t\t\t<div class=\"elementor-widget-container\">\n\t\t\t\t\t\t\t\t\t\t\t\t\t\t\t<img decoding=\"async\" width=\"1080\" height=\"1080\" data-src=\"https:\/\/cheri-heater.com\/fr\/wp-content\/uploads\/2024\/06\/5f6330f6d79c21f746e526f7_Muenchner-Kindl92-Instagram-1.jpg\" class=\"attachment-full size-full wp-image-780 lazyload\" alt=\"\" data-srcset=\"https:\/\/cheri-heater.com\/fr\/wp-content\/uploads\/2024\/06\/5f6330f6d79c21f746e526f7_Muenchner-Kindl92-Instagram-1.jpg 1080w, https:\/\/cheri-heater.com\/fr\/wp-content\/uploads\/2024\/06\/5f6330f6d79c21f746e526f7_Muenchner-Kindl92-Instagram-1-300x300.jpg 300w, https:\/\/cheri-heater.com\/fr\/wp-content\/uploads\/2024\/06\/5f6330f6d79c21f746e526f7_Muenchner-Kindl92-Instagram-1-100x100.jpg 100w, https:\/\/cheri-heater.com\/fr\/wp-content\/uploads\/2024\/06\/5f6330f6d79c21f746e526f7_Muenchner-Kindl92-Instagram-1-600x600.jpg 600w, https:\/\/cheri-heater.com\/fr\/wp-content\/uploads\/2024\/06\/5f6330f6d79c21f746e526f7_Muenchner-Kindl92-Instagram-1-1024x1024.jpg 1024w, https:\/\/cheri-heater.com\/fr\/wp-content\/uploads\/2024\/06\/5f6330f6d79c21f746e526f7_Muenchner-Kindl92-Instagram-1-150x150.jpg 150w, https:\/\/cheri-heater.com\/fr\/wp-content\/uploads\/2024\/06\/5f6330f6d79c21f746e526f7_Muenchner-Kindl92-Instagram-1-768x768.jpg 768w\" data-sizes=\"(max-width: 1080px) 100vw, 1080px\" src=\"data:image\/svg+xml;base64,PHN2ZyB3aWR0aD0iMSIgaGVpZ2h0PSIxIiB4bWxucz0iaHR0cDovL3d3dy53My5vcmcvMjAwMC9zdmciPjwvc3ZnPg==\" style=\"--smush-placeholder-width: 1080px; --smush-placeholder-aspect-ratio: 1080\/1080;\" \/>\t\t\t\t\t\t\t\t\t\t\t\t\t\t\t<\/div>\n\t\t\t\t<\/div>\n\t\t\t\t<div class=\"elementor-element elementor-element-48a17b3 elementor-widget elementor-widget-text-editor\" data-id=\"48a17b3\" data-element_type=\"widget\" data-e-type=\"widget\" data-widget_type=\"text-editor.default\">\n\t\t\t\t<div class=\"elementor-widget-container\">\n\t\t\t\t\t\t\t\t\t<p>Maintenir des co\u00fbts comp\u00e9titifs tout en garantissant des normes de qualit\u00e9 \u00e9lev\u00e9es. Am\u00e9liorations continues des produits, des processus et du personnel.<\/p>\t\t\t\t\t\t\t\t<\/div>\n\t\t\t\t<\/div>\n\t\t\t\t<\/div>\n\t\t\t\t<\/div>\n\t\t\t\t<\/div>\n\t\t","protected":false},"excerpt":{"rendered":"<p>\u00c0 PROPOS DE NOUS Cheri Chauffage Technology Co., Ltd. Cheri Heater Technology Co., Ltd., une entreprise certifi\u00e9e ISO 9001\u00a0: 2008 et CE, est l&#8217;un des principaux fabricants de radiateurs industriels de haute qualit\u00e9. Nous produisons des thermocouples \u00e0 cartouche chauffante (basse densit\u00e9 et haute densit\u00e9), des chauffages \u00e0 buses, des chauffages tubulaires, des chauffages \u00e0 [&hellip;]<\/p>\n","protected":false},"author":1,"featured_media":0,"parent":0,"menu_order":0,"comment_status":"closed","ping_status":"closed","template":"","meta":{"footnotes":""},"class_list":["post-738","page","type-page","status-publish","hentry"],"yoast_head":"<!-- This site is optimized with the Yoast SEO plugin v27.5 - https:\/\/yoast.com\/product\/yoast-seo-wordpress\/ -->\n<title>About Us - Cheri Heater Technology Co.,Ltd.<\/title>\n<meta name=\"robots\" content=\"index, follow, max-snippet:-1, max-image-preview:large, max-video-preview:-1\" \/>\n<link rel=\"canonical\" href=\"https:\/\/cheri-heater.com\/fr\/about-us\/\" \/>\n<meta property=\"og:locale\" content=\"en_US\" \/>\n<meta property=\"og:type\" content=\"article\" \/>\n<meta property=\"og:title\" content=\"About Us - Cheri Heater Technology Co.,Ltd.\" \/>\n<meta property=\"og:description\" content=\"\u00c0 PROPOS DE NOUS Cheri Chauffage Technology Co., Ltd. Cheri Heater Technology Co., Ltd., une entreprise certifi\u00e9e ISO 9001\u00a0: 2008 et CE, est l&#8217;un des principaux fabricants de radiateurs industriels de haute qualit\u00e9. Nous produisons des thermocouples \u00e0 cartouche chauffante (basse densit\u00e9 et haute densit\u00e9), des chauffages \u00e0 buses, des chauffages tubulaires, des chauffages \u00e0 [&hellip;]\" \/>\n<meta property=\"og:url\" content=\"https:\/\/cheri-heater.com\/fr\/about-us\/\" \/>\n<meta property=\"og:site_name\" content=\"Cheri Heater Technology Co.,Ltd.\" \/>\n<meta property=\"article:modified_time\" content=\"2024-07-28T14:51:34+00:00\" \/>\n<meta property=\"og:image\" content=\"https:\/\/cheri-heater.com\/fr\/wp-content\/uploads\/2024\/06\/cropped-logo-resize.png\" \/>\n<meta name=\"twitter:card\" content=\"summary_large_image\" \/>\n<meta name=\"twitter:label1\" content=\"Est. reading time\" \/>\n\t<meta name=\"twitter:data1\" content=\"3 minutes\" \/>\n<!-- \/ Yoast SEO plugin. -->","yoast_head_json":{"title":"About Us - Cheri Heater Technology Co.,Ltd.","robots":{"index":"index","follow":"follow","max-snippet":"max-snippet:-1","max-image-preview":"max-image-preview:large","max-video-preview":"max-video-preview:-1"},"canonical":"https:\/\/cheri-heater.com\/fr\/about-us\/","og_locale":"en_US","og_type":"article","og_title":"About Us - Cheri Heater Technology Co.,Ltd.","og_description":"\u00c0 PROPOS DE NOUS Cheri Chauffage Technology Co., Ltd. Cheri Heater Technology Co., Ltd., une entreprise certifi\u00e9e ISO 9001\u00a0: 2008 et CE, est l&#8217;un des principaux fabricants de radiateurs industriels de haute qualit\u00e9. Nous produisons des thermocouples \u00e0 cartouche chauffante (basse densit\u00e9 et haute densit\u00e9), des chauffages \u00e0 buses, des chauffages tubulaires, des chauffages \u00e0 [&hellip;]","og_url":"https:\/\/cheri-heater.com\/fr\/about-us\/","og_site_name":"Cheri Heater Technology Co.,Ltd.","article_modified_time":"2024-07-28T14:51:34+00:00","og_image":[{"url":"https:\/\/cheri-heater.com\/fr\/wp-content\/uploads\/2024\/06\/cropped-logo-resize.png","type":"","width":"","height":""}],"twitter_card":"summary_large_image","twitter_misc":{"Est. reading time":"3 minutes"},"schema":{"@context":"https:\/\/schema.org","@graph":[{"@type":"WebPage","@id":"https:\/\/cheri-heater.com\/fr\/about-us\/","url":"https:\/\/cheri-heater.com\/fr\/about-us\/","name":"About Us - Cheri Heater Technology Co.,Ltd.","isPartOf":{"@id":"https:\/\/cheri-heater.com\/fr\/#website"},"primaryImageOfPage":{"@id":"https:\/\/cheri-heater.com\/fr\/about-us\/#primaryimage"},"image":{"@id":"https:\/\/cheri-heater.com\/fr\/about-us\/#primaryimage"},"thumbnailUrl":"https:\/\/cheri-heater.com\/fr\/wp-content\/uploads\/2024\/06\/cropped-logo-resize.png","datePublished":"2024-06-03T16:31:11+00:00","dateModified":"2024-07-28T14:51:34+00:00","breadcrumb":{"@id":"https:\/\/cheri-heater.com\/fr\/about-us\/#breadcrumb"},"inLanguage":"en-US","potentialAction":[{"@type":"ReadAction","target":["https:\/\/cheri-heater.com\/fr\/about-us\/"]}]},{"@type":"ImageObject","inLanguage":"en-US","@id":"https:\/\/cheri-heater.com\/fr\/about-us\/#primaryimage","url":"https:\/\/cheri-heater.com\/fr\/wp-content\/uploads\/2024\/06\/cropped-logo-resize.png","contentUrl":"https:\/\/cheri-heater.com\/fr\/wp-content\/uploads\/2024\/06\/cropped-logo-resize.png","width":346,"height":99},{"@type":"BreadcrumbList","@id":"https:\/\/cheri-heater.com\/fr\/about-us\/#breadcrumb","itemListElement":[{"@type":"ListItem","position":1,"name":"Home","item":"https:\/\/cheri-heater.com\/fr\/"},{"@type":"ListItem","position":2,"name":"About Us"}]},{"@type":"WebSite","@id":"https:\/\/cheri-heater.com\/fr\/#website","url":"https:\/\/cheri-heater.com\/fr\/","name":"Cheri Heater Technology Co.,Ltd.","description":"","publisher":{"@id":"https:\/\/cheri-heater.com\/fr\/#organization"},"potentialAction":[{"@type":"SearchAction","target":{"@type":"EntryPoint","urlTemplate":"https:\/\/cheri-heater.com\/fr\/?s={search_term_string}"},"query-input":{"@type":"PropertyValueSpecification","valueRequired":true,"valueName":"search_term_string"}}],"inLanguage":"en-US"},{"@type":"Organization","@id":"https:\/\/cheri-heater.com\/fr\/#organization","name":"Cheri Heater Technology Co.,Ltd.","url":"https:\/\/cheri-heater.com\/fr\/","logo":{"@type":"ImageObject","inLanguage":"en-US","@id":"https:\/\/cheri-heater.com\/fr\/#\/schema\/logo\/image\/","url":"https:\/\/cheri-heater.com\/fr\/wp-content\/uploads\/2024\/06\/cropped-logo-resize.png","contentUrl":"https:\/\/cheri-heater.com\/fr\/wp-content\/uploads\/2024\/06\/cropped-logo-resize.png","width":346,"height":99,"caption":"Cheri Heater Technology Co.,Ltd."},"image":{"@id":"https:\/\/cheri-heater.com\/fr\/#\/schema\/logo\/image\/"}}]}},"_links":{"self":[{"href":"https:\/\/cheri-heater.com\/fr\/wp-json\/wp\/v2\/pages\/738","targetHints":{"allow":["GET"]}}],"collection":[{"href":"https:\/\/cheri-heater.com\/fr\/wp-json\/wp\/v2\/pages"}],"about":[{"href":"https:\/\/cheri-heater.com\/fr\/wp-json\/wp\/v2\/types\/page"}],"author":[{"embeddable":true,"href":"https:\/\/cheri-heater.com\/fr\/wp-json\/wp\/v2\/users\/1"}],"replies":[{"embeddable":true,"href":"https:\/\/cheri-heater.com\/fr\/wp-json\/wp\/v2\/comments?post=738"}],"version-history":[{"count":55,"href":"https:\/\/cheri-heater.com\/fr\/wp-json\/wp\/v2\/pages\/738\/revisions"}],"predecessor-version":[{"id":1640,"href":"https:\/\/cheri-heater.com\/fr\/wp-json\/wp\/v2\/pages\/738\/revisions\/1640"}],"wp:attachment":[{"href":"https:\/\/cheri-heater.com\/fr\/wp-json\/wp\/v2\/media?parent=738"}],"curies":[{"name":"wp","href":"https:\/\/api.w.org\/{rel}","templated":true}]}}