{"id":1014,"date":"2024-06-04T18:28:49","date_gmt":"2024-06-04T18:28:49","guid":{"rendered":"https:\/\/cheri-heater.com\/fr\/?post_type=product&#038;p=1014"},"modified":"2024-07-28T22:39:13","modified_gmt":"2024-07-28T22:39:13","slug":"warm-floor-cable","status":"publish","type":"product","link":"https:\/\/cheri-heater.com\/fr\/product\/warm-floor-cable\/","title":{"rendered":"c\u00e2ble de chauffage pour sol"},"content":{"rendered":"<p align=\"left\"><strong class=\"western\"><span style=\"color: #000000;\"><span style=\"font-family: Arial, sans-serif;\"><span style=\"font-size: x-large;\"><b><span style=\"font-size: medium;\">Donn\u00e9es Techniques :<\/span><\/b><\/span><\/span><\/span><\/strong><\/p>\n<p class=\"western\" align=\"left\"><span style=\"font-size: large;\"><span style=\"font-family: Arial, sans-serif;\">Nom du produit : C\u00e2ble chauffant en fibre de carbone<\/span><\/span><\/p>\n<p class=\"western\" align=\"left\"><span style=\"font-size: large;\"><span style=\"font-family: Arial, sans-serif;\">Mat\u00e9riau isolant : Caoutchouc silicone<\/span><\/span><\/p>\n<p class=\"western\" align=\"left\"><span style=\"font-size: large;\"><span style=\"font-family: Arial, sans-serif;\">Temp\u00e9rature maximale de r\u00e9sistance : 200\u00b0C<\/span><\/span><\/p>\n<p class=\"western\" align=\"left\"><span style=\"font-size: large;\"><span style=\"font-family: Arial, sans-serif;\">Temp\u00e9rature de chauffage : En fonction de la longueur utilis\u00e9e<\/span><\/span><\/p>\n<p class=\"western\" align=\"left\"><span style=\"font-size: large;\"><span style=\"font-family: Arial, sans-serif;\">Conducteur chauffant : 12K<\/span><\/span><\/p>\n<p class=\"western\" align=\"left\"><span style=\"font-size: large;\"><span style=\"font-family: Arial, sans-serif;\">Courant de fuite : 0,05 mA\/m<\/span><\/span><\/p>\n<p class=\"western\" align=\"left\"><span style=\"font-size: large;\"><span style=\"font-family: Arial, sans-serif;\">Le produit peut supporter une puissance maximale : 25W\/M<\/span><\/span><\/p>\n<p class=\"western\" align=\"left\"><span style=\"color: #000000;\"><span style=\"font-family: Arial, sans-serif;\"><span style=\"font-size: large;\"><span lang=\"en-US\">Diam\u00e8tre : 3\u00b10,1\u00a0MM (<\/span><\/span><\/span><\/span><span style=\"color: #000000;\"><span style=\"font-family: Arial, sans-serif;\"><span style=\"font-size: large;\"><span lang=\"en-US\"><b><strong class=\"western\">Plus \u00e9pais et plus s\u00fbr<\/strong><\/b><\/span><\/span><\/span><\/span><span style=\"color: #000000;\"><span style=\"font-family: Arial, sans-serif;\"><span style=\"font-size: large;\"><span lang=\"en-US\">)<\/span><\/span><\/span><\/span><\/p>\n<p class=\"western\" align=\"left\"><span style=\"font-size: large;\"><span style=\"font-family: Arial, sans-serif;\">Couleurs : Rouge<\/span><\/span><\/p>\n<p class=\"western\" align=\"left\"><span style=\"font-size: large;\"><span style=\"font-family: Arial, sans-serif;\">Longueur d&#8217;onde infrarouge : 8UM-18UM<\/span><\/span><\/p>\n<p class=\"western\" align=\"left\"><span style=\"font-size: large;\"><span style=\"font-family: Arial, sans-serif;\">R\u00e9sistance du conducteur : 33\u00b110% \u03a9\/m<\/span><\/span><\/p>\n<p class=\"western\" align=\"left\"><span style=\"color: #000000;\"><span style=\"font-family: Arial, sans-serif;\"><span style=\"font-size: x-large;\"><span lang=\"en-US\"><b><strong class=\"western\">Comment calculer la puissance ?<\/strong><\/b><\/span><\/span><\/span><\/span><\/p>\n<p class=\"western\" align=\"left\"><span style=\"font-size: large;\"><span style=\"font-family: Arial, sans-serif;\">Tension*Tension \u00f7 r\u00e9sistance = puissance \u00e9lectrique<\/span><\/span><\/p>\n<p class=\"western\" align=\"left\"><span style=\"font-size: large;\"><span style=\"font-family: Arial, sans-serif;\">12K = 33 ohms\/m\u00e8tre<\/span><\/span><\/p>\n<p class=\"western\" align=\"left\"><span style=\"font-size: large;\"><span style=\"font-family: Arial, sans-serif;\">Par exemple, pour un c\u00e2ble en fibre de carbone 12K de 10m \u00e0 220V, la puissance est :<\/span><\/span><\/p>\n<p class=\"western\" align=\"left\"><span style=\"font-size: large;\"><span style=\"font-family: Arial, sans-serif;\">220V * 220V \u00f7 (10 m\u00e8tres * 33\u03a9) = 150W<\/span><\/span><\/p>\n<p class=\"western\" align=\"left\"><span style=\"font-family: Arial, sans-serif;\"><span style=\"font-size: large;\"><span lang=\"en-US\">Par exemple, en utilisant<\/span><\/span><\/span><span style=\"font-family: Arial, sans-serif;\"><span style=\"font-size: large;\"><span lang=\"en-US\"> un c\u00e2ble en fibre de carbone 12K de 15m \u00e0 220V, la puissance est :<\/span><\/span><\/span><\/p>\n<p class=\"western\" align=\"left\"><span style=\"font-size: large;\"><span style=\"font-family: Arial, sans-serif;\">220V * 220V \u00f7 (15 m\u00e8tres * 33\u03a9) = 100W<\/span><\/span><\/p>\n<p class=\"western\" align=\"left\"><span style=\"font-size: large;\"><span style=\"font-family: Arial, sans-serif;\">Plus la longueur est grande, plus la puissance est faible, et plus la temp\u00e9rature de chauffage est basse.<\/span><\/span><\/p>\n<p align=\"left\"><strong class=\"western\"><span style=\"color: #000000;\"><span style=\"font-family: Arial, sans-serif;\"><span style=\"font-size: x-large;\"><b><span style=\"font-size: medium;\">Questions et R\u00e9ponses :<\/span><\/b><\/span><\/span><\/span><\/strong><\/p>\n<p class=\"western\" align=\"left\"><span style=\"color: #000000;\"><span style=\"font-family: Arial, sans-serif;\"><span style=\"font-size: medium;\"><span lang=\"en-US\"><b><strong class=\"western\">Q1 :<\/strong><\/b><\/span><\/span><\/span><\/span><span style=\"color: #000000;\"><span style=\"font-family: Arial, sans-serif;\"><span style=\"font-size: medium;\"><span lang=\"en-US\"> Que signifie &#8220;12K&#8221; ? Et quelle est la diff\u00e9rence entre 12K et 24K ?<\/span><\/span><\/span><\/span><\/p>\n<p class=\"western\" align=\"left\"><span style=\"color: #000000;\"><span style=\"font-family: Arial, sans-serif;\"><span style=\"font-size: medium;\"><span lang=\"en-US\"><b><strong class=\"western\">R1 :<\/strong><\/b><\/span><\/span><\/span><\/span><span style=\"color: #000000;\"><span style=\"font-family: Arial, sans-serif;\"><span style=\"font-size: medium;\"><span lang=\"en-US\"> Le &#8220;K&#8221; signifie mille, donc 12K est 12 mille, ce qui signifie que le conducteur du c\u00e2ble chauffant en fibre de carbone 12K est constitu\u00e9 de 12000 pi\u00e8ces de fibre de carbone, avec une r\u00e9sistance de 33 Ohm\/m. Le conducteur du c\u00e2ble 24K est constitu\u00e9 de 24000 pi\u00e8ces de fibre de carbone, avec une r\u00e9sistance de 17 Ohm\/m.<\/span><\/span><\/span><\/span><\/p>\n<p class=\"western\" align=\"left\"><span style=\"color: #000000;\"><span style=\"font-family: Arial, sans-serif;\"><span style=\"font-size: medium;\"><span lang=\"en-US\"><b><strong class=\"western\">Q2 :<\/strong><\/b><\/span><\/span><\/span><\/span><span style=\"color: #000000;\"><span style=\"font-family: Arial, sans-serif;\"><span style=\"font-size: medium;\"><span lang=\"en-US\"> Quelle est la diff\u00e9rence entre une gaine en caoutchouc et une gaine en Teflon ?<\/span><\/span><\/span><\/span><\/p>\n<p class=\"western\" align=\"left\"><span style=\"color: #000000;\"><span style=\"font-family: Arial, sans-serif;\"><span style=\"font-size: medium;\"><span lang=\"en-US\"><b><strong class=\"western\">R2 :<\/strong><\/b><\/span><\/span><\/span><\/span><span style=\"color: #000000;\"><span style=\"font-family: Arial, sans-serif;\"><span style=\"font-size: medium;\"><span lang=\"en-US\"> 1. La gaine en caoutchouc est plus flexible et plus \u00e9paisse, et peut avoir une certaine odeur, qui dispara\u00eet apr\u00e8s quelques jours d&#8217;utilisation.<\/span><\/span><\/span><\/span><\/p>\n<p class=\"western\" align=\"left\">\u00a0\u00a0\u00a0\u00a0\u00a0\u00a0 <span style=\"font-family: Arial, sans-serif;\"><span style=\"font-size: medium;\">2. La gaine en Teflon est un peu plus dure et plus fine que la gaine en caoutchouc, mais elle n&#8217;a pas d&#8217;odeur et poss\u00e8de une bonne r\u00e9sistance \u00e0 la corrosion.<\/span><\/span><\/p>\n<p class=\"western\" align=\"left\"><span style=\"color: #000000;\"><span style=\"font-family: Arial, sans-serif;\"><span style=\"font-size: medium;\"><span lang=\"en-US\"><b><strong class=\"western\">Q3 :<\/strong><\/b><\/span><\/span><\/span><\/span><span style=\"color: #000000;\"><span style=\"font-family: Arial, sans-serif;\"><span style=\"font-size: medium;\"><span lang=\"en-US\"> Quelle est la puissance du c\u00e2ble ? Et quelle est la temp\u00e9rature de chauffage ?<\/span><\/span><\/span><\/span><\/p>\n<p class=\"western\" align=\"left\"><span style=\"color: #000000;\"><span style=\"font-family: Arial, sans-serif;\"><span style=\"font-size: medium;\"><span lang=\"en-US\"><b><strong class=\"western\">R3 :<\/strong><\/b><\/span><\/span><\/span><\/span><span style=\"color: #000000;\"><span style=\"font-family: Arial, sans-serif;\"><span style=\"font-size: medium;\"><span lang=\"en-US\"> 1. La puissance du c\u00e2ble d\u00e9pend de la longueur que vous utilisez, vous pouvez calculer la puissance selon les exemples ci-dessus.<\/span><\/span><\/span><\/span><\/p>\n<p class=\"western\" align=\"left\">\u00a0\u00a0\u00a0\u00a0\u00a0\u00a0 <span style=\"font-family: Arial, sans-serif;\"><span style=\"font-size: medium;\">2. Puissance = 5W\/m, la temp\u00e9rature est d&#8217;environ 30~40\u00b0C ;<\/span><\/span><\/p>\n<p class=\"western\" align=\"left\">\u00a0\u00a0\u00a0\u00a0\u00a0\u00a0\u00a0\u00a0\u00a0\u00a0 <span style=\"font-family: Arial, sans-serif;\"><span style=\"font-size: medium;\">Puissance = 10W\/m, la temp\u00e9rature est d&#8217;environ 40~50\u00b0C ;<\/span><\/span><\/p>\n<p class=\"western\" align=\"left\">\u00a0\u00a0\u00a0\u00a0\u00a0\u00a0\u00a0\u00a0\u00a0\u00a0 <span style=\"font-family: Arial, sans-serif;\"><span style=\"font-size: medium;\">Puissance = 15W\/m, la temp\u00e9rature est d&#8217;environ 50~60\u00b0C ;<\/span><\/span><\/p>\n<p class=\"western\" align=\"left\">\u00a0\u00a0\u00a0\u00a0\u00a0\u00a0\u00a0\u00a0\u00a0\u00a0 <span style=\"font-family: Arial, sans-serif;\"><span style=\"font-size: medium;\">Puissance = 20W\/m, la temp\u00e9rature est d&#8217;environ 60~70\u00b0C ;<\/span><\/span><\/p>\n<p class=\"western\" align=\"left\">\u00a0\u00a0\u00a0\u00a0\u00a0\u00a0\u00a0\u00a0\u00a0\u00a0 <span style=\"font-family: Arial, sans-serif;\"><span style=\"font-size: medium;\">Puissance = 25W\/m, la temp\u00e9rature est d&#8217;environ 70~90\u00b0C. Veuillez noter que ceci est \u00e0 titre indicatif et peut varier en fonction des conditions de test.<\/span><\/span><\/p>\n<p align=\"left\"><img fetchpriority=\"high\" decoding=\"async\" class=\"aligncenter size-full wp-image-1018\" src=\"https:\/\/cheri-heater.com\/fr\/wp-content\/uploads\/2024\/06\/description-2.jpg\" alt=\"\" width=\"720\" height=\"498\" srcset=\"https:\/\/cheri-heater.com\/fr\/wp-content\/uploads\/2024\/06\/description-2.jpg 720w, https:\/\/cheri-heater.com\/fr\/wp-content\/uploads\/2024\/06\/description-2-600x415.jpg 600w, https:\/\/cheri-heater.com\/fr\/wp-content\/uploads\/2024\/06\/description-2-300x208.jpg 300w\" sizes=\"(max-width: 720px) 100vw, 720px\" \/><\/p>\n<p align=\"left\"><img decoding=\"async\" class=\"aligncenter size-full wp-image-1019 lazyload\" data-src=\"https:\/\/cheri-heater.com\/fr\/wp-content\/uploads\/2024\/06\/description2-3.jpg\" alt=\"\" width=\"1000\" height=\"857\" data-srcset=\"https:\/\/cheri-heater.com\/fr\/wp-content\/uploads\/2024\/06\/description2-3.jpg 1000w, https:\/\/cheri-heater.com\/fr\/wp-content\/uploads\/2024\/06\/description2-3-600x514.jpg 600w, https:\/\/cheri-heater.com\/fr\/wp-content\/uploads\/2024\/06\/description2-3-300x257.jpg 300w, https:\/\/cheri-heater.com\/fr\/wp-content\/uploads\/2024\/06\/description2-3-768x658.jpg 768w\" data-sizes=\"(max-width: 1000px) 100vw, 1000px\" src=\"data:image\/svg+xml;base64,PHN2ZyB3aWR0aD0iMSIgaGVpZ2h0PSIxIiB4bWxucz0iaHR0cDovL3d3dy53My5vcmcvMjAwMC9zdmciPjwvc3ZnPg==\" style=\"--smush-placeholder-width: 1000px; --smush-placeholder-aspect-ratio: 1000\/857;\" \/><\/p>\n","protected":false},"excerpt":{"rendered":"<p>Donn\u00e9es Techniques : Nom du produit : C\u00e2ble chauffant en fibre de carbone Mat\u00e9riau isolant : Caoutchouc silicone Temp\u00e9rature maximale de r\u00e9sistance : 200\u00b0C Temp\u00e9rature de chauffage : En fonction de la longueur utilis\u00e9e Conducteur chauffant : 12K Courant de fuite : 0,05 mA\/m Le produit peut supporter une puissance maximale : 25W\/M Diam\u00e8tre : [&hellip;]<\/p>\n","protected":false},"featured_media":1017,"template":"","meta":[],"product_brand":[],"product_cat":[22],"product_tag":[156],"class_list":{"0":"post-1014","1":"product","2":"type-product","3":"status-publish","4":"has-post-thumbnail","6":"product_cat-heating-cable","7":"product_tag-warm-floor-cable","9":"first","10":"instock","11":"shipping-taxable","12":"product-type-simple"},"yoast_head":"<!-- This site is optimized with the Yoast SEO plugin v27.3 - https:\/\/yoast.com\/product\/yoast-seo-wordpress\/ -->\n<title>Fabricants de c\u00e2bles de chauffage pour sol premium | Cheri-heater.com<\/title>\n<meta name=\"description\" content=\"C\u00e2bles de chauffage pour sol premium pour un chauffage par le sol efficace. Nos c\u00e2bles de haute qualit\u00e9 assurent une r\u00e9partition uniforme de la chaleur et des \u00e9conomies d&#039;\u00e9nergie, cr\u00e9ant un espace de vie confortable et agr\u00e9able. Contactez-nous d\u00e8s aujourd&#039;hui pour une installation experte et un soutien personnalis\u00e9 !\" \/>\n<meta name=\"robots\" content=\"index, follow, max-snippet:-1, max-image-preview:large, max-video-preview:-1\" \/>\n<link rel=\"canonical\" href=\"https:\/\/cheri-heater.com\/fr\/product\/warm-floor-cable\/\" \/>\n<meta property=\"og:locale\" content=\"en_US\" \/>\n<meta property=\"og:type\" content=\"article\" \/>\n<meta property=\"og:title\" content=\"Fabricants de c\u00e2bles de chauffage pour sol premium | Cheri-heater.com\" \/>\n<meta property=\"og:description\" content=\"C\u00e2bles de chauffage pour sol premium pour un chauffage par le sol efficace. Nos c\u00e2bles de haute qualit\u00e9 assurent une r\u00e9partition uniforme de la chaleur et des \u00e9conomies d&#039;\u00e9nergie, cr\u00e9ant un espace de vie confortable et agr\u00e9able. Contactez-nous d\u00e8s aujourd&#039;hui pour une installation experte et un soutien personnalis\u00e9 !\" \/>\n<meta property=\"og:url\" content=\"https:\/\/cheri-heater.com\/fr\/product\/warm-floor-cable\/\" \/>\n<meta property=\"og:site_name\" content=\"Cheri Heater Technology Co.,Ltd.\" \/>\n<meta property=\"article:modified_time\" content=\"2024-07-28T22:39:13+00:00\" \/>\n<meta property=\"og:image\" content=\"https:\/\/cheri-heater.com\/fr\/wp-content\/uploads\/2024\/06\/H725fe4e01ae94c68b8d1262a9d01f9afU-1.jpg_720x720q50-1.jpg\" \/>\n\t<meta property=\"og:image:width\" content=\"720\" \/>\n\t<meta property=\"og:image:height\" content=\"720\" \/>\n\t<meta property=\"og:image:type\" content=\"image\/jpeg\" \/>\n<meta name=\"twitter:card\" content=\"summary_large_image\" \/>\n<meta name=\"twitter:label1\" content=\"Est. reading time\" \/>\n\t<meta name=\"twitter:data1\" content=\"2 minutes\" \/>\n<!-- \/ Yoast SEO plugin. -->","yoast_head_json":{"title":"Fabricants de c\u00e2bles de chauffage pour sol premium | Cheri-heater.com","description":"C\u00e2bles de chauffage pour sol premium pour un chauffage par le sol efficace. Nos c\u00e2bles de haute qualit\u00e9 assurent une r\u00e9partition uniforme de la chaleur et des \u00e9conomies d'\u00e9nergie, cr\u00e9ant un espace de vie confortable et agr\u00e9able. Contactez-nous d\u00e8s aujourd'hui pour une installation experte et un soutien personnalis\u00e9 !","robots":{"index":"index","follow":"follow","max-snippet":"max-snippet:-1","max-image-preview":"max-image-preview:large","max-video-preview":"max-video-preview:-1"},"canonical":"https:\/\/cheri-heater.com\/fr\/product\/warm-floor-cable\/","og_locale":"en_US","og_type":"article","og_title":"Fabricants de c\u00e2bles de chauffage pour sol premium | Cheri-heater.com","og_description":"C\u00e2bles de chauffage pour sol premium pour un chauffage par le sol efficace. Nos c\u00e2bles de haute qualit\u00e9 assurent une r\u00e9partition uniforme de la chaleur et des \u00e9conomies d'\u00e9nergie, cr\u00e9ant un espace de vie confortable et agr\u00e9able. Contactez-nous d\u00e8s aujourd'hui pour une installation experte et un soutien personnalis\u00e9 !","og_url":"https:\/\/cheri-heater.com\/fr\/product\/warm-floor-cable\/","og_site_name":"Cheri Heater Technology Co.,Ltd.","article_modified_time":"2024-07-28T22:39:13+00:00","og_image":[{"width":720,"height":720,"url":"https:\/\/cheri-heater.com\/fr\/wp-content\/uploads\/2024\/06\/H725fe4e01ae94c68b8d1262a9d01f9afU-1.jpg_720x720q50-1.jpg","type":"image\/jpeg"}],"twitter_card":"summary_large_image","twitter_misc":{"Est. reading time":"2 minutes"},"schema":{"@context":"https:\/\/schema.org","@graph":[{"@type":"WebPage","@id":"https:\/\/cheri-heater.com\/fr\/product\/warm-floor-cable\/","url":"https:\/\/cheri-heater.com\/fr\/product\/warm-floor-cable\/","name":"Fabricants de c\u00e2bles de chauffage pour sol premium | Cheri-heater.com","isPartOf":{"@id":"https:\/\/cheri-heater.com\/fr\/#website"},"primaryImageOfPage":{"@id":"https:\/\/cheri-heater.com\/fr\/product\/warm-floor-cable\/#primaryimage"},"image":{"@id":"https:\/\/cheri-heater.com\/fr\/product\/warm-floor-cable\/#primaryimage"},"thumbnailUrl":"https:\/\/cheri-heater.com\/fr\/wp-content\/uploads\/2024\/06\/H725fe4e01ae94c68b8d1262a9d01f9afU-1.jpg_720x720q50-1.jpg","datePublished":"2024-06-04T18:28:49+00:00","dateModified":"2024-07-28T22:39:13+00:00","description":"C\u00e2bles de chauffage pour sol premium pour un chauffage par le sol efficace. Nos c\u00e2bles de haute qualit\u00e9 assurent une r\u00e9partition uniforme de la chaleur et des \u00e9conomies d'\u00e9nergie, cr\u00e9ant un espace de vie confortable et agr\u00e9able. Contactez-nous d\u00e8s aujourd'hui pour une installation experte et un soutien personnalis\u00e9 !","breadcrumb":{"@id":"https:\/\/cheri-heater.com\/fr\/product\/warm-floor-cable\/#breadcrumb"},"inLanguage":"en-US","potentialAction":[{"@type":"ReadAction","target":["https:\/\/cheri-heater.com\/fr\/product\/warm-floor-cable\/"]}]},{"@type":"ImageObject","inLanguage":"en-US","@id":"https:\/\/cheri-heater.com\/fr\/product\/warm-floor-cable\/#primaryimage","url":"https:\/\/cheri-heater.com\/fr\/wp-content\/uploads\/2024\/06\/H725fe4e01ae94c68b8d1262a9d01f9afU-1.jpg_720x720q50-1.jpg","contentUrl":"https:\/\/cheri-heater.com\/fr\/wp-content\/uploads\/2024\/06\/H725fe4e01ae94c68b8d1262a9d01f9afU-1.jpg_720x720q50-1.jpg","width":720,"height":720},{"@type":"BreadcrumbList","@id":"https:\/\/cheri-heater.com\/fr\/product\/warm-floor-cable\/#breadcrumb","itemListElement":[{"@type":"ListItem","position":1,"name":"Home","item":"https:\/\/cheri-heater.com\/fr\/"},{"@type":"ListItem","position":2,"name":"Products","item":"https:\/\/cheri-heater.com\/fr\/products\/"},{"@type":"ListItem","position":3,"name":"c\u00e2ble de chauffage pour sol"}]},{"@type":"WebSite","@id":"https:\/\/cheri-heater.com\/fr\/#website","url":"https:\/\/cheri-heater.com\/fr\/","name":"Cheri Heater Technology Co.,Ltd.","description":"","publisher":{"@id":"https:\/\/cheri-heater.com\/fr\/#organization"},"potentialAction":[{"@type":"SearchAction","target":{"@type":"EntryPoint","urlTemplate":"https:\/\/cheri-heater.com\/fr\/?s={search_term_string}"},"query-input":{"@type":"PropertyValueSpecification","valueRequired":true,"valueName":"search_term_string"}}],"inLanguage":"en-US"},{"@type":"Organization","@id":"https:\/\/cheri-heater.com\/fr\/#organization","name":"Cheri Heater Technology Co.,Ltd.","url":"https:\/\/cheri-heater.com\/fr\/","logo":{"@type":"ImageObject","inLanguage":"en-US","@id":"https:\/\/cheri-heater.com\/fr\/#\/schema\/logo\/image\/","url":"https:\/\/cheri-heater.com\/fr\/wp-content\/uploads\/2024\/06\/cropped-logo-resize.png","contentUrl":"https:\/\/cheri-heater.com\/fr\/wp-content\/uploads\/2024\/06\/cropped-logo-resize.png","width":346,"height":99,"caption":"Cheri Heater Technology Co.,Ltd."},"image":{"@id":"https:\/\/cheri-heater.com\/fr\/#\/schema\/logo\/image\/"}}]}},"_links":{"self":[{"href":"https:\/\/cheri-heater.com\/fr\/wp-json\/wp\/v2\/product\/1014","targetHints":{"allow":["GET"]}}],"collection":[{"href":"https:\/\/cheri-heater.com\/fr\/wp-json\/wp\/v2\/product"}],"about":[{"href":"https:\/\/cheri-heater.com\/fr\/wp-json\/wp\/v2\/types\/product"}],"wp:featuredmedia":[{"embeddable":true,"href":"https:\/\/cheri-heater.com\/fr\/wp-json\/wp\/v2\/media\/1017"}],"wp:attachment":[{"href":"https:\/\/cheri-heater.com\/fr\/wp-json\/wp\/v2\/media?parent=1014"}],"wp:term":[{"taxonomy":"product_brand","embeddable":true,"href":"https:\/\/cheri-heater.com\/fr\/wp-json\/wp\/v2\/product_brand?post=1014"},{"taxonomy":"product_cat","embeddable":true,"href":"https:\/\/cheri-heater.com\/fr\/wp-json\/wp\/v2\/product_cat?post=1014"},{"taxonomy":"product_tag","embeddable":true,"href":"https:\/\/cheri-heater.com\/fr\/wp-json\/wp\/v2\/product_tag?post=1014"}],"curies":[{"name":"wp","href":"https:\/\/api.w.org\/{rel}","templated":true}]}}