{"id":1020,"date":"2024-06-04T18:32:03","date_gmt":"2024-06-04T18:32:03","guid":{"rendered":"https:\/\/cheri-heater.com\/fr\/?post_type=product&#038;p=1020"},"modified":"2024-07-28T22:38:07","modified_gmt":"2024-07-28T22:38:07","slug":"mica-heat-proof-cable","status":"publish","type":"product","link":"https:\/\/cheri-heater.com\/fr\/product\/mica-heat-proof-cable\/","title":{"rendered":"c\u00e2ble r\u00e9sistant \u00e0 la chaleur en mica"},"content":{"rendered":"<p align=\"left\">\n  <strong class=\"western\"><br \/>\n    <span style=\"color: #333333;\"><br \/>\n      <span style=\"font-family: Arial, sans-serif;\"><br \/>\n        <span style=\"font-size: large;\"><br \/>\n          <b><span style=\"font-size: medium;\">Sp\u00e9cifications<\/span><\/b><br \/>\n        <\/span><br \/>\n      <\/span><br \/>\n    <\/span><br \/>\n  <\/strong><br \/>\n  <span style=\"color: #333333;\"> <\/span>\n<\/p>\n<table cellspacing=\"0\" cellpadding=\"2\">\n<tbody>\n<tr>\n<td bgcolor=\"#ffffff\" height=\"24\">\n<p class=\"western\" align=\"center\">\n          <span style=\"font-family: Arial, sans-serif;\"><br \/>\n            <span style=\"font-size: large;\"><br \/>\n              <span lang=\"fr-FR\"><b><strong class=\"western\">Nom<\/strong><\/b><\/span><br \/>\n            <\/span><br \/>\n          <\/span>\n        <\/p>\n<\/td>\n<td bgcolor=\"#ffffff\">\n<p class=\"western\" align=\"center\">\n          <span style=\"font-family: Arial, sans-serif;\"><br \/>\n            <span style=\"font-size: large;\"><br \/>\n              <span lang=\"fr-FR\"><b><strong class=\"western\">Temp\u00e9rature d&#8217;utilisation<\/strong><\/b><\/span><br \/>\n            <\/span><br \/>\n          <\/span>\n        <\/p>\n<\/td>\n<td bgcolor=\"#ffffff\">\n<p class=\"western\" align=\"center\">\n          <span style=\"font-family: Arial, sans-serif;\"><br \/>\n            <span style=\"font-size: large;\"><br \/>\n              <span lang=\"fr-FR\"><b><strong class=\"western\">Mat\u00e9riau conducteur<\/strong><\/b><\/span><br \/>\n            <\/span><br \/>\n          <\/span>\n        <\/p>\n<\/td>\n<td bgcolor=\"#ffffff\">\n<p class=\"western\" align=\"center\">\n          <span style=\"font-family: Arial, sans-serif;\"><br \/>\n            <span style=\"font-size: large;\"><br \/>\n              <span lang=\"fr-FR\"><b><strong class=\"western\">Mat\u00e9riau d&#8217;isolation<\/strong><\/b><\/span><br \/>\n            <\/span><br \/>\n          <\/span>\n        <\/p>\n<\/td>\n<\/tr>\n<tr>\n<td bgcolor=\"#ffffff\" height=\"20\">\n<p align=\"center\">\n          <span style=\"font-size: medium;\"><br \/>\n            <span style=\"font-family: Arial, sans-serif;\">GN 500<\/span><br \/>\n          <\/span>\n        <\/p>\n<\/td>\n<td bgcolor=\"#ffffff\">\n<p class=\"western\" align=\"center\">\n          <span style=\"font-size: medium;\"><br \/>\n            <span style=\"font-family: Arial, sans-serif;\">500\u00b0C<\/span><br \/>\n          <\/span>\n        <\/p>\n<\/td>\n<td bgcolor=\"#ffffff\">\n<p class=\"western\" align=\"center\">\n          <span style=\"font-size: medium;\"><br \/>\n            <span style=\"font-family: Arial, sans-serif;\">Fil en cuivre pur<\/span><br \/>\n          <\/span>\n        <\/p>\n<\/td>\n<td bgcolor=\"#ffffff\">\n<p class=\"western\" align=\"center\">\n          <span style=\"font-size: medium;\"><br \/>\n            <span style=\"font-family: Arial, sans-serif;\">Fibre de verre + bande de mica + fibre de verre<\/span><br \/>\n          <\/span>\n        <\/p>\n<\/td>\n<\/tr>\n<tr>\n<td bgcolor=\"#ffffff\" height=\"44\">\n<p class=\"western\" align=\"center\">\n          <span style=\"font-size: medium;\"><br \/>\n            <span style=\"font-family: Arial, sans-serif;\">GN 600<\/span><br \/>\n          <\/span>\n        <\/p>\n<\/td>\n<td bgcolor=\"#ffffff\">\n<p class=\"western\" align=\"center\">\n          <span style=\"font-size: medium;\"><br \/>\n            <span style=\"font-family: Arial, sans-serif;\">600\u00b0C<\/span><br \/>\n          <\/span>\n        <\/p>\n<\/td>\n<td bgcolor=\"#ffffff\">\n<p class=\"western\" align=\"center\">\n          <span style=\"font-size: medium;\"><br \/>\n            <span style=\"font-family: Arial, sans-serif;\">Fil en cuivre nickel\u00e9<\/span><br \/>\n          <\/span>\n        <\/p>\n<\/td>\n<td bgcolor=\"#ffffff\">\n<p class=\"western\" align=\"center\">\n          <span style=\"font-size: medium;\"><br \/>\n            <span style=\"font-family: Verdana;\">Fibre de verre + bande de mica + fibre de verre<\/span><br \/>\n          <\/span>\n        <\/p>\n<\/td>\n<\/tr>\n<tr>\n<td bgcolor=\"#ffffff\" height=\"20\">\n<p class=\"western\" align=\"center\">\n          <span style=\"font-size: medium;\"><br \/>\n            <span style=\"font-family: Arial, sans-serif;\">GN 800<\/span><br \/>\n          <\/span>\n        <\/p>\n<\/td>\n<td bgcolor=\"#ffffff\">\n<p class=\"western\" align=\"center\">\n          <span style=\"font-size: medium;\"><br \/>\n            <span style=\"font-family: Arial, sans-serif;\">800\u00b0C<\/span><br \/>\n          <\/span>\n        <\/p>\n<\/td>\n<td bgcolor=\"#ffffff\">\n<p class=\"western\" align=\"center\">\n          <span style=\"font-size: medium;\"><br \/>\n            <span style=\"font-family: Arial, sans-serif;\">Fil en nickel pur<\/span><br \/>\n          <\/span>\n        <\/p>\n<\/td>\n<td bgcolor=\"#ffffff\">\n<p class=\"western\" align=\"center\">\n          <span style=\"font-size: medium;\"><br \/>\n            <span style=\"font-family: Verdana;\">Fibre de verre + bande de mica + fibre de verre<\/span><br \/>\n          <\/span>\n        <\/p>\n<\/td>\n<\/tr>\n<tr>\n<td bgcolor=\"#ffffff\" height=\"43\">\n<p class=\"western\" align=\"center\">\n          <span style=\"font-size: medium;\"><br \/>\n            <span style=\"font-family: Arial, sans-serif;\">GN 1000<\/span><br \/>\n          <\/span>\n        <\/p>\n<\/td>\n<td bgcolor=\"#ffffff\">\n<p class=\"western\" align=\"center\">\n          <span style=\"font-size: medium;\"><br \/>\n            <span style=\"font-family: Arial, sans-serif;\">1000\u00b0C<\/span><br \/>\n          <\/span>\n        <\/p>\n<\/td>\n<td bgcolor=\"#ffffff\">\n<p class=\"western\" align=\"center\">\n          <span style=\"font-size: medium;\"><br \/>\n            <span style=\"font-family: Arial, sans-serif;\">Fil en nickel pur haute temp\u00e9rature<\/span><br \/>\n          <\/span>\n        <\/p>\n<\/td>\n<td bgcolor=\"#ffffff\">\n<p class=\"western\" align=\"center\">\n          <span style=\"font-size: medium;\"><br \/>\n            <span style=\"font-family: Verdana;\">Fibre c\u00e9ramique + bande de mica + fibre c\u00e9ramique<\/span><br \/>\n          <\/span>\n        <\/p>\n<\/td>\n<\/tr>\n<\/tbody>\n<\/table>\n<p><img decoding=\"async\" class=\"aligncenter size-full wp-image-1027 lazyload\" data-src=\"https:\/\/cheri-heater.com\/fr\/wp-content\/uploads\/2024\/06\/13723875654_740155133.jpg\" alt=\"\" height=\"208\" data-srcset=\"https:\/\/cheri-heater.com\/fr\/wp-content\/uploads\/2024\/06\/13723875654_740155133.jpg 793w, https:\/\/cheri-heater.com\/fr\/wp-content\/uploads\/2024\/06\/13723875654_740155133-600x157.jpg 600w, https:\/\/cheri-heater.com\/fr\/wp-content\/uploads\/2024\/06\/13723875654_740155133-300x79.jpg 300w, https:\/\/cheri-heater.com\/fr\/wp-content\/uploads\/2024\/06\/13723875654_740155133-768x201.jpg 768w\" data-sizes=\"(max-width: 793px) 100vw, 793px\" src=\"data:image\/svg+xml;base64,PHN2ZyB3aWR0aD0iMSIgaGVpZ2h0PSIxIiB4bWxucz0iaHR0cDovL3d3dy53My5vcmcvMjAwMC9zdmciPjwvc3ZnPg==\" style=\"--smush-placeholder-width: 793px; --smush-placeholder-aspect-ratio: 793\/208;\" \/><br \/>\n<img decoding=\"async\" class=\"aligncenter size-full wp-image-1028 lazyload\" data-src=\"https:\/\/cheri-heater.com\/fr\/wp-content\/uploads\/2024\/06\/O1CN01a2Xfgz1Mzn7NP0lmx_6000000001506-0-cib.jpg_Q75_\u526f\u672c.jpg\" alt=\"\" height=\"497\" data-srcset=\"https:\/\/cheri-heater.com\/fr\/wp-content\/uploads\/2024\/06\/O1CN01a2Xfgz1Mzn7NP0lmx_6000000001506-0-cib.jpg_Q75_\u526f\u672c.jpg 447w, https:\/\/cheri-heater.com\/fr\/wp-content\/uploads\/2024\/06\/O1CN01a2Xfgz1Mzn7NP0lmx_6000000001506-0-cib.jpg_Q75_\u526f\u672c-270x300.jpg 270w\" data-sizes=\"(max-width: 447px) 100vw, 447px\" src=\"data:image\/svg+xml;base64,PHN2ZyB3aWR0aD0iMSIgaGVpZ2h0PSIxIiB4bWxucz0iaHR0cDovL3d3dy53My5vcmcvMjAwMC9zdmciPjwvc3ZnPg==\" style=\"--smush-placeholder-width: 447px; --smush-placeholder-aspect-ratio: 447\/497;\" \/><\/p>\n","protected":false},"excerpt":{"rendered":"<h1><span style=\"color: #000000;\">Fabricant de C\u00e2bles R\u00e9sistants \u00e0 la Chaleur en Mica de Haute Qualit\u00e9<\/span><\/h1>\n<p><span style=\"color: #000000;\">Cheri Heater Technology Co., Ltd est \u00e0 la pointe de la fourniture de solutions de chauffage industrielles de premier ordre depuis 2003. Notre gamme de produits diversifi\u00e9e comprend le c\u00e2ble r\u00e9sistant \u00e0 la chaleur en mica, con\u00e7u pour r\u00e9pondre aux exigences rigoureuses des environnements industriels.<\/span><\/p>\n<h2><span style=\"color: #000000;\">Leader de l&#8217;Industrie avec des C\u00e2bles R\u00e9sistants \u00e0 la Chaleur en Mica<\/span><\/h2>\n<p><span style=\"color: #000000;\">Chez Cheri Heater, nous comprenons l&#8217;importance cruciale de la fiabilit\u00e9 et de la performance dans les applications industrielles. Nos c\u00e2bles r\u00e9sistants \u00e0 la chaleur en mica sont soigneusement fabriqu\u00e9s pour r\u00e9sister \u00e0 des temp\u00e9ratures extr\u00eames, ce qui en fait un choix id\u00e9al pour les applications dans la m\u00e9tallurgie et autres environnements sp\u00e9cialis\u00e9s. En utilisant nos capacit\u00e9s internes de d\u00e9coupe, de fa\u00e7onnage, de traitement, de saisie et de finition, nous produisons constamment des c\u00e2bles r\u00e9sistants \u00e0 la chaleur en mica qui offrent des performances et une durabilit\u00e9 constantes.<\/span><\/p>\n<h3><span style=\"color: #000000;\">Pourquoi Choisir Cheri Heater pour les C\u00e2bles R\u00e9sistants \u00e0 la Chaleur en Mica ?<\/span><\/h3>\n<p><span style=\"color: #000000;\">En choisissant Cheri Heater Technology Co., Ltd comme votre fabricant de c\u00e2bles r\u00e9sistants \u00e0 la chaleur en mica, vous b\u00e9n\u00e9ficiez d&#8217;une expertise in\u00e9gal\u00e9e, d&#8217;un service client exceptionnel et d&#8217;un engagement \u00e0 cr\u00e9er des solutions de chauffage sur mesure pour r\u00e9pondre aux besoins uniques de vos applications industrielles. Nos chauffe-eaux industriels certifi\u00e9s ISO 9001:2008 et CE, y compris le c\u00e2ble r\u00e9sistant \u00e0 la chaleur en mica, sont fabriqu\u00e9s \u00e0 partir de mat\u00e9riaux de premi\u00e8re qualit\u00e9 pour garantir des performances thermiques optimales, une consommation \u00e9nerg\u00e9tique minimale et une long\u00e9vit\u00e9 accrue. Nous offrons \u00e9galement des garanties solides et un service apr\u00e8s-vente complet pour garantir votre enti\u00e8re satisfaction.<\/span><\/p>\n<h4><span style=\"color: #000000;\">D\u00e9couvrez Nos Solutions de Chauffage Industriel<\/span><\/h4>\n<p><span style=\"color: #000000;\">En plus des c\u00e2bles r\u00e9sistants \u00e0 la chaleur en mica, <a style=\"color: #000000;\" href=\"https:\/\/cheri-heater.com\/fr\/\">Cheri Heater<\/a> propose une s\u00e9lection \u00e9tendue d&#8217;\u00e9l\u00e9ments de chauffage industriels, y compris des chauffe-eaux \u00e0 cartouche, des chauffe-eaux tubulaires, des thermocouples, et bien plus encore. Nos produits sont fabriqu\u00e9s avec pr\u00e9cision et respectent les normes industrielles les plus \u00e9lev\u00e9es, ce qui fait de nous le choix pr\u00e9f\u00e9r\u00e9 des entreprises \u00e0 la recherche de solutions de chauffage fiables.<\/span><\/p>\n","protected":false},"featured_media":1024,"template":"","meta":[],"product_brand":[],"product_cat":[23],"product_tag":[42,43],"class_list":{"0":"post-1020","1":"product","2":"type-product","3":"status-publish","4":"has-post-thumbnail","6":"product_cat-high-temperature-cable","7":"product_tag-mica-heat-proof-cable","8":"product_tag-mica-heat-proof-cable-manufacturer","10":"first","11":"instock","12":"shipping-taxable","13":"product-type-simple"},"yoast_head":"<!-- This site is optimized with the Yoast SEO plugin v27.4 - https:\/\/yoast.com\/product\/yoast-seo-wordpress\/ -->\n<title>Fabricant de c\u00e2bles r\u00e9sistants \u00e0 la chaleur en mica | C\u00e2bles durables et fiables<\/title>\n<meta name=\"description\" content=\"D\u00e9couvrez des c\u00e2bles r\u00e9sistants \u00e0 la chaleur en mica de haute qualit\u00e9 aupr\u00e8s du fabricant leader. Nos c\u00e2bles durables et fiables sont con\u00e7us pour r\u00e9sister \u00e0 des temp\u00e9ratures extr\u00eames, garantissant s\u00e9curit\u00e9 et efficacit\u00e9 dans vos applications. Contactez-nous d\u00e8s aujourd&#039;hui pour des solutions personnalis\u00e9es\" \/>\n<meta name=\"robots\" content=\"index, follow, max-snippet:-1, max-image-preview:large, max-video-preview:-1\" \/>\n<link rel=\"canonical\" href=\"https:\/\/cheri-heater.com\/fr\/product\/mica-heat-proof-cable\/\" \/>\n<meta property=\"og:locale\" content=\"en_US\" \/>\n<meta property=\"og:type\" content=\"article\" \/>\n<meta property=\"og:title\" content=\"Fabricant de c\u00e2bles r\u00e9sistants \u00e0 la chaleur en mica | C\u00e2bles durables et fiables\" \/>\n<meta property=\"og:description\" content=\"D\u00e9couvrez des c\u00e2bles r\u00e9sistants \u00e0 la chaleur en mica de haute qualit\u00e9 aupr\u00e8s du fabricant leader. Nos c\u00e2bles durables et fiables sont con\u00e7us pour r\u00e9sister \u00e0 des temp\u00e9ratures extr\u00eames, garantissant s\u00e9curit\u00e9 et efficacit\u00e9 dans vos applications. Contactez-nous d\u00e8s aujourd&#039;hui pour des solutions personnalis\u00e9es\" \/>\n<meta property=\"og:url\" content=\"https:\/\/cheri-heater.com\/fr\/product\/mica-heat-proof-cable\/\" \/>\n<meta property=\"og:site_name\" content=\"Cheri Heater Technology Co.,Ltd.\" \/>\n<meta property=\"article:modified_time\" content=\"2024-07-28T22:38:07+00:00\" \/>\n<meta property=\"og:image\" content=\"https:\/\/cheri-heater.com\/fr\/wp-content\/uploads\/2024\/06\/19117442473_740155133.jpg\" \/>\n\t<meta property=\"og:image:width\" content=\"800\" \/>\n\t<meta property=\"og:image:height\" content=\"800\" \/>\n\t<meta property=\"og:image:type\" content=\"image\/jpeg\" \/>\n<meta name=\"twitter:card\" content=\"summary_large_image\" \/>\n<meta name=\"twitter:label1\" content=\"Est. reading time\" \/>\n\t<meta name=\"twitter:data1\" content=\"1 minute\" \/>\n<!-- \/ Yoast SEO plugin. -->","yoast_head_json":{"title":"Fabricant de c\u00e2bles r\u00e9sistants \u00e0 la chaleur en mica | C\u00e2bles durables et fiables","description":"D\u00e9couvrez des c\u00e2bles r\u00e9sistants \u00e0 la chaleur en mica de haute qualit\u00e9 aupr\u00e8s du fabricant leader. Nos c\u00e2bles durables et fiables sont con\u00e7us pour r\u00e9sister \u00e0 des temp\u00e9ratures extr\u00eames, garantissant s\u00e9curit\u00e9 et efficacit\u00e9 dans vos applications. Contactez-nous d\u00e8s aujourd'hui pour des solutions personnalis\u00e9es","robots":{"index":"index","follow":"follow","max-snippet":"max-snippet:-1","max-image-preview":"max-image-preview:large","max-video-preview":"max-video-preview:-1"},"canonical":"https:\/\/cheri-heater.com\/fr\/product\/mica-heat-proof-cable\/","og_locale":"en_US","og_type":"article","og_title":"Fabricant de c\u00e2bles r\u00e9sistants \u00e0 la chaleur en mica | C\u00e2bles durables et fiables","og_description":"D\u00e9couvrez des c\u00e2bles r\u00e9sistants \u00e0 la chaleur en mica de haute qualit\u00e9 aupr\u00e8s du fabricant leader. Nos c\u00e2bles durables et fiables sont con\u00e7us pour r\u00e9sister \u00e0 des temp\u00e9ratures extr\u00eames, garantissant s\u00e9curit\u00e9 et efficacit\u00e9 dans vos applications. Contactez-nous d\u00e8s aujourd'hui pour des solutions personnalis\u00e9es","og_url":"https:\/\/cheri-heater.com\/fr\/product\/mica-heat-proof-cable\/","og_site_name":"Cheri Heater Technology Co.,Ltd.","article_modified_time":"2024-07-28T22:38:07+00:00","og_image":[{"width":800,"height":800,"url":"https:\/\/cheri-heater.com\/fr\/wp-content\/uploads\/2024\/06\/19117442473_740155133.jpg","type":"image\/jpeg"}],"twitter_card":"summary_large_image","twitter_misc":{"Est. reading time":"1 minute"},"schema":{"@context":"https:\/\/schema.org","@graph":[{"@type":"WebPage","@id":"https:\/\/cheri-heater.com\/fr\/product\/mica-heat-proof-cable\/","url":"https:\/\/cheri-heater.com\/fr\/product\/mica-heat-proof-cable\/","name":"Fabricant de c\u00e2bles r\u00e9sistants \u00e0 la chaleur en mica | C\u00e2bles durables et fiables","isPartOf":{"@id":"https:\/\/cheri-heater.com\/fr\/#website"},"primaryImageOfPage":{"@id":"https:\/\/cheri-heater.com\/fr\/product\/mica-heat-proof-cable\/#primaryimage"},"image":{"@id":"https:\/\/cheri-heater.com\/fr\/product\/mica-heat-proof-cable\/#primaryimage"},"thumbnailUrl":"https:\/\/cheri-heater.com\/fr\/wp-content\/uploads\/2024\/06\/19117442473_740155133.jpg","datePublished":"2024-06-04T18:32:03+00:00","dateModified":"2024-07-28T22:38:07+00:00","description":"D\u00e9couvrez des c\u00e2bles r\u00e9sistants \u00e0 la chaleur en mica de haute qualit\u00e9 aupr\u00e8s du fabricant leader. Nos c\u00e2bles durables et fiables sont con\u00e7us pour r\u00e9sister \u00e0 des temp\u00e9ratures extr\u00eames, garantissant s\u00e9curit\u00e9 et efficacit\u00e9 dans vos applications. Contactez-nous d\u00e8s aujourd'hui pour des solutions personnalis\u00e9es","breadcrumb":{"@id":"https:\/\/cheri-heater.com\/fr\/product\/mica-heat-proof-cable\/#breadcrumb"},"inLanguage":"en-US","potentialAction":[{"@type":"ReadAction","target":["https:\/\/cheri-heater.com\/fr\/product\/mica-heat-proof-cable\/"]}]},{"@type":"ImageObject","inLanguage":"en-US","@id":"https:\/\/cheri-heater.com\/fr\/product\/mica-heat-proof-cable\/#primaryimage","url":"https:\/\/cheri-heater.com\/fr\/wp-content\/uploads\/2024\/06\/19117442473_740155133.jpg","contentUrl":"https:\/\/cheri-heater.com\/fr\/wp-content\/uploads\/2024\/06\/19117442473_740155133.jpg","width":800,"height":800},{"@type":"BreadcrumbList","@id":"https:\/\/cheri-heater.com\/fr\/product\/mica-heat-proof-cable\/#breadcrumb","itemListElement":[{"@type":"ListItem","position":1,"name":"Home","item":"https:\/\/cheri-heater.com\/fr\/"},{"@type":"ListItem","position":2,"name":"Products","item":"https:\/\/cheri-heater.com\/fr\/products\/"},{"@type":"ListItem","position":3,"name":"c\u00e2ble r\u00e9sistant \u00e0 la chaleur en mica"}]},{"@type":"WebSite","@id":"https:\/\/cheri-heater.com\/fr\/#website","url":"https:\/\/cheri-heater.com\/fr\/","name":"Cheri Heater Technology Co.,Ltd.","description":"","publisher":{"@id":"https:\/\/cheri-heater.com\/fr\/#organization"},"potentialAction":[{"@type":"SearchAction","target":{"@type":"EntryPoint","urlTemplate":"https:\/\/cheri-heater.com\/fr\/?s={search_term_string}"},"query-input":{"@type":"PropertyValueSpecification","valueRequired":true,"valueName":"search_term_string"}}],"inLanguage":"en-US"},{"@type":"Organization","@id":"https:\/\/cheri-heater.com\/fr\/#organization","name":"Cheri Heater Technology Co.,Ltd.","url":"https:\/\/cheri-heater.com\/fr\/","logo":{"@type":"ImageObject","inLanguage":"en-US","@id":"https:\/\/cheri-heater.com\/fr\/#\/schema\/logo\/image\/","url":"https:\/\/cheri-heater.com\/fr\/wp-content\/uploads\/2024\/06\/cropped-logo-resize.png","contentUrl":"https:\/\/cheri-heater.com\/fr\/wp-content\/uploads\/2024\/06\/cropped-logo-resize.png","width":346,"height":99,"caption":"Cheri Heater Technology Co.,Ltd."},"image":{"@id":"https:\/\/cheri-heater.com\/fr\/#\/schema\/logo\/image\/"}}]}},"_links":{"self":[{"href":"https:\/\/cheri-heater.com\/fr\/wp-json\/wp\/v2\/product\/1020","targetHints":{"allow":["GET"]}}],"collection":[{"href":"https:\/\/cheri-heater.com\/fr\/wp-json\/wp\/v2\/product"}],"about":[{"href":"https:\/\/cheri-heater.com\/fr\/wp-json\/wp\/v2\/types\/product"}],"wp:featuredmedia":[{"embeddable":true,"href":"https:\/\/cheri-heater.com\/fr\/wp-json\/wp\/v2\/media\/1024"}],"wp:attachment":[{"href":"https:\/\/cheri-heater.com\/fr\/wp-json\/wp\/v2\/media?parent=1020"}],"wp:term":[{"taxonomy":"product_brand","embeddable":true,"href":"https:\/\/cheri-heater.com\/fr\/wp-json\/wp\/v2\/product_brand?post=1020"},{"taxonomy":"product_cat","embeddable":true,"href":"https:\/\/cheri-heater.com\/fr\/wp-json\/wp\/v2\/product_cat?post=1020"},{"taxonomy":"product_tag","embeddable":true,"href":"https:\/\/cheri-heater.com\/fr\/wp-json\/wp\/v2\/product_tag?post=1020"}],"curies":[{"name":"wp","href":"https:\/\/api.w.org\/{rel}","templated":true}]}}