{"id":1029,"date":"2024-06-04T18:36:02","date_gmt":"2024-06-04T18:36:02","guid":{"rendered":"https:\/\/cheri-heater.com\/fr\/?post_type=product&#038;p=1029"},"modified":"2024-07-28T22:34:46","modified_gmt":"2024-07-28T22:34:46","slug":"silicone-fiberglass-cable","status":"publish","type":"product","link":"https:\/\/cheri-heater.com\/fr\/product\/silicone-fiberglass-cable\/","title":{"rendered":"c\u00e2ble en silicone avec renfort en fibre de verre"},"content":{"rendered":"<p class=\"western\" lang=\"fr-FR\" align=\"left\">\n  <span style=\"color: #333333;\"><br \/>\n    <span style=\"font-family: Arial, serif;\"><br \/>\n      <span style=\"font-size: small;\"><br \/>\n        <span lang=\"fr-FR\">Nom du produit : Fil haute temp\u00e9rature tress\u00e9 en silicone<\/span><br \/>\n      <\/span><br \/>\n    <\/span><br \/>\n  <\/span>\n<\/p>\n<p class=\"western\" lang=\"fr-FR\" align=\"left\">\n  <span style=\"color: #333333;\"><br \/>\n    <span style=\"font-family: Arial, serif;\"><br \/>\n      <span style=\"font-size: small;\"><br \/>\n        <span lang=\"fr-FR\">Sp\u00e9cifications du produit :<\/span><br \/>\n      <\/span><br \/>\n    <\/span><br \/>\n  <\/span>\n<\/p>\n<p class=\"western\" lang=\"fr-FR\" align=\"left\">\n  <span style=\"color: #333333;\"><br \/>\n    <span style=\"font-family: Arial, serif;\"><br \/>\n      <span style=\"font-size: small;\"><br \/>\n        <span lang=\"fr-FR\">22AWG (0,3 millim\u00e8tre carr\u00e9)<\/span><br \/>\n      <\/span><br \/>\n    <\/span><br \/>\n  <\/span>\n<\/p>\n<p class=\"western\" lang=\"fr-FR\" align=\"left\">\n  <span style=\"color: #333333;\"><br \/>\n    <span style=\"font-family: Arial, serif;\"><br \/>\n      <span style=\"font-size: small;\"><br \/>\n        <span lang=\"fr-FR\">20AWG (0,5 millim\u00e8tre carr\u00e9)<\/span><br \/>\n      <\/span><br \/>\n    <\/span><br \/>\n  <\/span>\n<\/p>\n<p class=\"western\" lang=\"fr-FR\" align=\"left\">\n  <span style=\"color: #333333;\"><br \/>\n    <span style=\"font-family: Arial, serif;\"><br \/>\n      <span style=\"font-size: small;\"><br \/>\n        <span lang=\"fr-FR\">18AWG (0,75 millim\u00e8tre carr\u00e9)<\/span><br \/>\n      <\/span><br \/>\n    <\/span><br \/>\n  <\/span>\n<\/p>\n<p class=\"western\" lang=\"fr-FR\" align=\"left\">\n  <span style=\"color: #333333;\"><br \/>\n    <span style=\"font-family: Arial, serif;\"><br \/>\n      <span style=\"font-size: small;\"><br \/>\n        <span lang=\"fr-FR\">17AWG (1,0 millim\u00e8tre carr\u00e9)<\/span><br \/>\n      <\/span><br \/>\n    <\/span><br \/>\n  <\/span>\n<\/p>\n<p class=\"western\" lang=\"fr-FR\" align=\"left\">\n  <span style=\"color: #333333;\"><br \/>\n    <span style=\"font-family: Arial, serif;\"><br \/>\n      <span style=\"font-size: small;\"><br \/>\n        <span lang=\"fr-FR\">15AWG (1,5 millim\u00e8tre carr\u00e9)<\/span><br \/>\n      <\/span><br \/>\n    <\/span><br \/>\n  <\/span>\n<\/p>\n<p class=\"western\" lang=\"fr-FR\" align=\"left\">\n  <span style=\"color: #333333;\"><br \/>\n    <span style=\"font-family: Arial, serif;\"><br \/>\n      <span style=\"font-size: small;\"><br \/>\n        <span lang=\"fr-FR\">13AWG (2,5 millim\u00e8tre carr\u00e9)<\/span><br \/>\n      <\/span><br \/>\n    <\/span><br \/>\n  <\/span>\n<\/p>\n<p class=\"western\" lang=\"fr-FR\" align=\"left\">\n  <span style=\"color: #333333;\"><br \/>\n    <span style=\"font-family: Arial, serif;\"><br \/>\n      <span style=\"font-size: small;\"><br \/>\n        <span lang=\"fr-FR\">11AWG (4,0 millim\u00e8tre carr\u00e9)<\/span><br \/>\n      <\/span><br \/>\n    <\/span><br \/>\n  <\/span>\n<\/p>\n<p class=\"western\" lang=\"fr-FR\" align=\"left\">\n  <span style=\"color: #333333;\"><br \/>\n    <span style=\"font-family: Arial, serif;\"><br \/>\n      <span style=\"font-size: small;\"><br \/>\n        <span lang=\"fr-FR\">9AWG (6,0 millim\u00e8tre carr\u00e9)<\/span><br \/>\n      <\/span><br \/>\n    <\/span><br \/>\n  <\/span>\n<\/p>\n<p class=\"western\" lang=\"fr-FR\" align=\"left\">\n  <span style=\"color: #333333;\"><br \/>\n    <span style=\"font-family: Arial, serif;\"><br \/>\n      <span style=\"font-size: small;\"><br \/>\n        <span lang=\"fr-FR\">Couleur : rouge, noir, jaune, bleu, blanc, vert (optionnel)<\/span><br \/>\n      <\/span><br \/>\n    <\/span><br \/>\n  <\/span>\n<\/p>\n<p class=\"western\" lang=\"fr-FR\" align=\"left\">\n  <span style=\"color: #333333;\"><br \/>\n    <span style=\"font-family: Arial, serif;\"><br \/>\n      <span style=\"font-size: small;\"><br \/>\n        <span lang=\"fr-FR\">Champ d&#8217;application :<\/span><br \/>\n      <\/span><br \/>\n    <\/span><br \/>\n  <\/span>\n<\/p>\n<p class=\"western\" lang=\"fr-FR\" align=\"left\">\n  <span style=\"color: #333333;\"><br \/>\n    <span style=\"font-family: Arial, serif;\"><br \/>\n      <span style=\"font-size: small;\"><br \/>\n        <span lang=\"fr-FR\">Il est largement utilis\u00e9 dans diverses fabrications de machines dans des environnements sp\u00e9ciaux tels que la m\u00e9tallurgie, le p\u00e9trole, la chimie, le raffinage du p\u00e9trole, le gaz, etc. Il n\u00e9cessite des fils et c\u00e2bles ignifuges de diverses propri\u00e9t\u00e9s \u00e9lectriques, ainsi que divers \u00e9quipements \u00e9lectriques et \u00e9quipements de chauffage \u00e9lectrique.<\/span><br \/>\n      <\/span><br \/>\n    <\/span><br \/>\n  <\/span>\n<\/p>\n<p class=\"western\" lang=\"fr-FR\" align=\"left\">\n  <span style=\"color: #333333;\"><br \/>\n    <span style=\"font-family: Arial, serif;\"><br \/>\n      <span style=\"font-size: small;\"><br \/>\n        <span lang=\"fr-FR\">Tension nominale : 500V.<\/span><br \/>\n      <\/span><br \/>\n    <\/span><br \/>\n  <\/span>\n<\/p>\n<p class=\"western\" lang=\"fr-FR\" align=\"left\">\n  <span style=\"color: #333333;\"><br \/>\n    <span style=\"font-family: Arial, serif;\"><br \/>\n      <span style=\"font-size: small;\"><br \/>\n        <span lang=\"fr-FR\">Temp\u00e9rature nominale : 300\u00b0 (r\u00e9sistance basse temp\u00e9rature -60\u00b0)<\/span><br \/>\n      <\/span><br \/>\n    <\/span><br \/>\n  <\/span>\n<\/p>\n<p class=\"western\" lang=\"fr-FR\" align=\"left\">\n  <span style=\"color: #333333;\"><br \/>\n    <span style=\"font-family: Arial, serif;\"><br \/>\n      <span style=\"font-size: small;\"><br \/>\n        <span lang=\"fr-FR\">Caract\u00e9ristiques :<\/span><br \/>\n      <\/span><br \/>\n    <\/span><br \/>\n  <\/span>\n<\/p>\n<p class=\"western\" lang=\"fr-FR\" align=\"left\">\n  <span style=\"color: #333333;\"><br \/>\n    <span style=\"font-family: Arial, serif;\"><br \/>\n      <span style=\"font-size: small;\"><br \/>\n        <span lang=\"fr-FR\">R\u00e9fractaire, r\u00e9sistant \u00e0 haute temp\u00e9rature, r\u00e9sistant au vieillissement, r\u00e9sistant \u00e0 l&#8217;abrasion, souple et \u00e9lastique, flexible, non inflammable, ignifuge, longue dur\u00e9e de vie.<\/span><br \/>\n      <\/span><br \/>\n    <\/span><br \/>\n  <\/span><\/p>\n","protected":false},"excerpt":{"rendered":"<p class=\"western\" lang=\"ar-SA\" align=\"left\">Il utilise une isolation en fil nu pur, un emballage en fibre de verre r\u00e9sistante \u00e0 haute temp\u00e9rature, une gaine ext\u00e9rieure en fibre de verre tiss\u00e9e, offrant une r\u00e9sistance \u00e9lev\u00e9e \u00e0 la temp\u00e9rature, une protection contre le feu, l&#8217;eau, le vieillissement, l&#8217;usure et garantissant la s\u00e9curit\u00e9<\/p>\n","protected":false},"featured_media":1036,"template":"","meta":[],"product_brand":[],"product_cat":[23],"product_tag":[157],"class_list":{"0":"post-1029","1":"product","2":"type-product","3":"status-publish","4":"has-post-thumbnail","6":"product_cat-high-temperature-cable","7":"product_tag-silicone-fiberglass-cable","9":"first","10":"instock","11":"shipping-taxable","12":"product-type-simple"},"yoast_head":"<!-- This site is optimized with the Yoast SEO plugin v27.4 - https:\/\/yoast.com\/product\/yoast-seo-wordpress\/ -->\n<title>Fabricants de c\u00e2bles en silicone avec renfort en fibre de verre de haute qualit\u00e9<\/title>\n<meta name=\"description\" content=\"C\u00e2bles en silicone avec renfort en fibre de verre haute performance con\u00e7us pour la durabilit\u00e9 et la r\u00e9sistance \u00e0 la chaleur. Id\u00e9aux pour des applications industrielles exigeantes, nos c\u00e2bles garantissent des performances fiables dans des conditions extr\u00eames. Contactez-nous d\u00e8s aujourd&#039;hui pour des solutions sur mesure et un support expert\" \/>\n<meta name=\"robots\" content=\"index, follow, max-snippet:-1, max-image-preview:large, max-video-preview:-1\" \/>\n<link rel=\"canonical\" href=\"https:\/\/cheri-heater.com\/fr\/product\/silicone-fiberglass-cable\/\" \/>\n<meta property=\"og:locale\" content=\"en_US\" \/>\n<meta property=\"og:type\" content=\"article\" \/>\n<meta property=\"og:title\" content=\"Fabricants de c\u00e2bles en silicone avec renfort en fibre de verre de haute qualit\u00e9\" \/>\n<meta property=\"og:description\" content=\"C\u00e2bles en silicone avec renfort en fibre de verre haute performance con\u00e7us pour la durabilit\u00e9 et la r\u00e9sistance \u00e0 la chaleur. Id\u00e9aux pour des applications industrielles exigeantes, nos c\u00e2bles garantissent des performances fiables dans des conditions extr\u00eames. Contactez-nous d\u00e8s aujourd&#039;hui pour des solutions sur mesure et un support expert\" \/>\n<meta property=\"og:url\" content=\"https:\/\/cheri-heater.com\/fr\/product\/silicone-fiberglass-cable\/\" \/>\n<meta property=\"og:site_name\" content=\"Cheri Heater Technology Co.,Ltd.\" \/>\n<meta property=\"article:modified_time\" content=\"2024-07-28T22:34:46+00:00\" \/>\n<meta property=\"og:image\" content=\"https:\/\/cheri-heater.com\/fr\/wp-content\/uploads\/2024\/06\/O1CN010mJouR27kwLoHm0Cb_1858937836-0-cib.jpg\" \/>\n\t<meta property=\"og:image:width\" content=\"800\" \/>\n\t<meta property=\"og:image:height\" content=\"800\" \/>\n\t<meta property=\"og:image:type\" content=\"image\/jpeg\" \/>\n<meta name=\"twitter:card\" content=\"summary_large_image\" \/>\n<meta name=\"twitter:label1\" content=\"Est. reading time\" \/>\n\t<meta name=\"twitter:data1\" content=\"1 minute\" \/>\n<!-- \/ Yoast SEO plugin. -->","yoast_head_json":{"title":"Fabricants de c\u00e2bles en silicone avec renfort en fibre de verre de haute qualit\u00e9","description":"C\u00e2bles en silicone avec renfort en fibre de verre haute performance con\u00e7us pour la durabilit\u00e9 et la r\u00e9sistance \u00e0 la chaleur. Id\u00e9aux pour des applications industrielles exigeantes, nos c\u00e2bles garantissent des performances fiables dans des conditions extr\u00eames. Contactez-nous d\u00e8s aujourd'hui pour des solutions sur mesure et un support expert","robots":{"index":"index","follow":"follow","max-snippet":"max-snippet:-1","max-image-preview":"max-image-preview:large","max-video-preview":"max-video-preview:-1"},"canonical":"https:\/\/cheri-heater.com\/fr\/product\/silicone-fiberglass-cable\/","og_locale":"en_US","og_type":"article","og_title":"Fabricants de c\u00e2bles en silicone avec renfort en fibre de verre de haute qualit\u00e9","og_description":"C\u00e2bles en silicone avec renfort en fibre de verre haute performance con\u00e7us pour la durabilit\u00e9 et la r\u00e9sistance \u00e0 la chaleur. Id\u00e9aux pour des applications industrielles exigeantes, nos c\u00e2bles garantissent des performances fiables dans des conditions extr\u00eames. Contactez-nous d\u00e8s aujourd'hui pour des solutions sur mesure et un support expert","og_url":"https:\/\/cheri-heater.com\/fr\/product\/silicone-fiberglass-cable\/","og_site_name":"Cheri Heater Technology Co.,Ltd.","article_modified_time":"2024-07-28T22:34:46+00:00","og_image":[{"width":800,"height":800,"url":"https:\/\/cheri-heater.com\/fr\/wp-content\/uploads\/2024\/06\/O1CN010mJouR27kwLoHm0Cb_1858937836-0-cib.jpg","type":"image\/jpeg"}],"twitter_card":"summary_large_image","twitter_misc":{"Est. reading time":"1 minute"},"schema":{"@context":"https:\/\/schema.org","@graph":[{"@type":"WebPage","@id":"https:\/\/cheri-heater.com\/fr\/product\/silicone-fiberglass-cable\/","url":"https:\/\/cheri-heater.com\/fr\/product\/silicone-fiberglass-cable\/","name":"Fabricants de c\u00e2bles en silicone avec renfort en fibre de verre de haute qualit\u00e9","isPartOf":{"@id":"https:\/\/cheri-heater.com\/fr\/#website"},"primaryImageOfPage":{"@id":"https:\/\/cheri-heater.com\/fr\/product\/silicone-fiberglass-cable\/#primaryimage"},"image":{"@id":"https:\/\/cheri-heater.com\/fr\/product\/silicone-fiberglass-cable\/#primaryimage"},"thumbnailUrl":"https:\/\/cheri-heater.com\/fr\/wp-content\/uploads\/2024\/06\/O1CN010mJouR27kwLoHm0Cb_1858937836-0-cib.jpg","datePublished":"2024-06-04T18:36:02+00:00","dateModified":"2024-07-28T22:34:46+00:00","description":"C\u00e2bles en silicone avec renfort en fibre de verre haute performance con\u00e7us pour la durabilit\u00e9 et la r\u00e9sistance \u00e0 la chaleur. Id\u00e9aux pour des applications industrielles exigeantes, nos c\u00e2bles garantissent des performances fiables dans des conditions extr\u00eames. Contactez-nous d\u00e8s aujourd'hui pour des solutions sur mesure et un support expert","breadcrumb":{"@id":"https:\/\/cheri-heater.com\/fr\/product\/silicone-fiberglass-cable\/#breadcrumb"},"inLanguage":"en-US","potentialAction":[{"@type":"ReadAction","target":["https:\/\/cheri-heater.com\/fr\/product\/silicone-fiberglass-cable\/"]}]},{"@type":"ImageObject","inLanguage":"en-US","@id":"https:\/\/cheri-heater.com\/fr\/product\/silicone-fiberglass-cable\/#primaryimage","url":"https:\/\/cheri-heater.com\/fr\/wp-content\/uploads\/2024\/06\/O1CN010mJouR27kwLoHm0Cb_1858937836-0-cib.jpg","contentUrl":"https:\/\/cheri-heater.com\/fr\/wp-content\/uploads\/2024\/06\/O1CN010mJouR27kwLoHm0Cb_1858937836-0-cib.jpg","width":800,"height":800},{"@type":"BreadcrumbList","@id":"https:\/\/cheri-heater.com\/fr\/product\/silicone-fiberglass-cable\/#breadcrumb","itemListElement":[{"@type":"ListItem","position":1,"name":"Home","item":"https:\/\/cheri-heater.com\/fr\/"},{"@type":"ListItem","position":2,"name":"Products","item":"https:\/\/cheri-heater.com\/fr\/products\/"},{"@type":"ListItem","position":3,"name":"c\u00e2ble en silicone avec renfort en fibre de verre"}]},{"@type":"WebSite","@id":"https:\/\/cheri-heater.com\/fr\/#website","url":"https:\/\/cheri-heater.com\/fr\/","name":"Cheri Heater Technology Co.,Ltd.","description":"","publisher":{"@id":"https:\/\/cheri-heater.com\/fr\/#organization"},"potentialAction":[{"@type":"SearchAction","target":{"@type":"EntryPoint","urlTemplate":"https:\/\/cheri-heater.com\/fr\/?s={search_term_string}"},"query-input":{"@type":"PropertyValueSpecification","valueRequired":true,"valueName":"search_term_string"}}],"inLanguage":"en-US"},{"@type":"Organization","@id":"https:\/\/cheri-heater.com\/fr\/#organization","name":"Cheri Heater Technology Co.,Ltd.","url":"https:\/\/cheri-heater.com\/fr\/","logo":{"@type":"ImageObject","inLanguage":"en-US","@id":"https:\/\/cheri-heater.com\/fr\/#\/schema\/logo\/image\/","url":"https:\/\/cheri-heater.com\/fr\/wp-content\/uploads\/2024\/06\/cropped-logo-resize.png","contentUrl":"https:\/\/cheri-heater.com\/fr\/wp-content\/uploads\/2024\/06\/cropped-logo-resize.png","width":346,"height":99,"caption":"Cheri Heater Technology Co.,Ltd."},"image":{"@id":"https:\/\/cheri-heater.com\/fr\/#\/schema\/logo\/image\/"}}]}},"_links":{"self":[{"href":"https:\/\/cheri-heater.com\/fr\/wp-json\/wp\/v2\/product\/1029","targetHints":{"allow":["GET"]}}],"collection":[{"href":"https:\/\/cheri-heater.com\/fr\/wp-json\/wp\/v2\/product"}],"about":[{"href":"https:\/\/cheri-heater.com\/fr\/wp-json\/wp\/v2\/types\/product"}],"wp:featuredmedia":[{"embeddable":true,"href":"https:\/\/cheri-heater.com\/fr\/wp-json\/wp\/v2\/media\/1036"}],"wp:attachment":[{"href":"https:\/\/cheri-heater.com\/fr\/wp-json\/wp\/v2\/media?parent=1029"}],"wp:term":[{"taxonomy":"product_brand","embeddable":true,"href":"https:\/\/cheri-heater.com\/fr\/wp-json\/wp\/v2\/product_brand?post=1029"},{"taxonomy":"product_cat","embeddable":true,"href":"https:\/\/cheri-heater.com\/fr\/wp-json\/wp\/v2\/product_cat?post=1029"},{"taxonomy":"product_tag","embeddable":true,"href":"https:\/\/cheri-heater.com\/fr\/wp-json\/wp\/v2\/product_tag?post=1029"}],"curies":[{"name":"wp","href":"https:\/\/api.w.org\/{rel}","templated":true}]}}