{"id":1037,"date":"2024-06-04T18:38:29","date_gmt":"2024-06-04T18:38:29","guid":{"rendered":"https:\/\/cheri-heater.com\/fr\/?post_type=product&#038;p=1037"},"modified":"2024-07-28T22:33:34","modified_gmt":"2024-07-28T22:33:34","slug":"hot-runner-heater","status":"publish","type":"product","link":"https:\/\/cheri-heater.com\/fr\/product\/hot-runner-heater\/","title":{"rendered":"chauffage de couvercle chaud"},"content":{"rendered":"<p class=\"western\" align=\"left\">\n  <span style=\"font-family: Helvetica, Arial, sans-serif;\"><br \/>\n    <span style=\"font-size: small;\"><br \/>\n      <span style=\"color: #333333;\"><br \/>\n        Avec une haute temp\u00e9rature de fonctionnement, un chauffage rapide, une pr\u00e9cision de chauffage uniforme, une longue dur\u00e9e de vie, une zone de contr\u00f4le automatique, une haute conduction thermique, tout en permettant de r\u00e9utiliser l&#8217;ext\u00e9rieur en cas de dommage au mat\u00e9riau de chauffage interne. Les chauffages sont recuits pour acqu\u00e9rir de la mall\u00e9abilit\u00e9 afin de pouvoir \u00eatre courb\u00e9s en toutes formes. Des chauffages \u00e0 runner chaud avec thermocouple int\u00e9gr\u00e9 sont \u00e9galement disponibles.<br \/>\n      <\/span><br \/>\n    <\/span><br \/>\n  <\/span>\n<\/p>\n<table width=\"750\" cellspacing=\"0\" cellpadding=\"0\">\n<tbody>\n<tr valign=\"top\">\n<td width=\"198\">\n<p class=\"western\" align=\"left\">\n          <span style=\"font-size: small;\"><b><span style=\"font-family: \u5b8b\u4f53;\">Mat\u00e9riau de gaine<\/span><\/b><\/span>\n        <\/p>\n<\/td>\n<td width=\"121\">\n<p class=\"western\" align=\"left\">\n          <span style=\"font-size: small;\"><span style=\"font-family: \u5b8b\u4f53;\">Acier Cr Ni<\/span><\/span>\n        <\/p>\n<\/td>\n<td width=\"225\">\n<p class=\"western\" align=\"left\">\n          <span style=\"font-size: small;\"><b><span style=\"font-family: \u5b8b\u4f53;\">Thermocouple<\/span><\/b><\/span>\n        <\/p>\n<\/td>\n<td width=\"205\">\n<p class=\"western\" align=\"left\">\n          <span style=\"font-size: small;\"><span style=\"font-family: \u5b8b\u4f53;\">Type J (standard) ; Type K<\/span><\/span>\n        <\/p>\n<\/td>\n<\/tr>\n<tr valign=\"top\">\n<td width=\"198\">\n<p class=\"western\" align=\"left\">\n          <span style=\"font-size: small;\"><b><span style=\"font-family: \u5b8b\u4f53;\">Mat\u00e9riau d&#8217;isolation<\/span><\/b><\/span>\n        <\/p>\n<\/td>\n<td width=\"121\">\n<p class=\"western\" align=\"left\">\n          <span style=\"font-size: small;\"><span style=\"font-family: \u5b8b\u4f53;\">MgO<\/span><\/span>\n        <\/p>\n<\/td>\n<td width=\"225\">\n<p class=\"western\" align=\"left\">\n          <span style=\"font-size: small;\"><b><span style=\"font-family: \u5b8b\u4f53;\">Tol\u00e9rance de longueur (droite)<\/span><\/b><\/span>\n        <\/p>\n<\/td>\n<td width=\"205\">\n<p class=\"western\" align=\"left\">\n          <span style=\"font-size: small;\"><span style=\"font-family: \u5b8b\u4f53;\">5%<\/span><\/span>\n        <\/p>\n<\/td>\n<\/tr>\n<tr valign=\"top\">\n<td width=\"198\">\n<p class=\"western\" align=\"left\">\n          <span style=\"font-size: small;\"><b><span style=\"font-family: \u5b8b\u4f53;\">Fil r\u00e9sistif<\/span><\/b><\/span>\n        <\/p>\n<\/td>\n<td width=\"121\">\n<p class=\"western\" align=\"left\">\n          <span style=\"font-size: small;\"><span style=\"font-family: \u5b8b\u4f53;\">NiCr 80-20<\/span><\/span>\n        <\/p>\n<\/td>\n<td width=\"225\">\n<p class=\"western\" align=\"left\">\n          <span style=\"font-size: small;\"><b><span style=\"font-family: \u5b8b\u4f53;\">Tol\u00e9rance de puissance<\/span><\/b><\/span>\n        <\/p>\n<\/td>\n<td width=\"205\">\n<p class=\"western\" align=\"left\">\n          <span style=\"font-size: small;\"><span style=\"font-family: \u5b8b\u4f53;\">5%<\/span><\/span>\n        <\/p>\n<\/td>\n<\/tr>\n<tr valign=\"top\">\n<td width=\"198\">\n<p class=\"western\" align=\"left\">\n          <span style=\"font-size: small;\"><b><span style=\"font-family: \u5b8b\u4f53;\">Thermocouple<\/span><\/b><\/span>\n        <\/p>\n<\/td>\n<td width=\"121\">\n<p class=\"western\" align=\"left\">\n          <span style=\"font-size: small;\"><span style=\"font-family: \u5b8b\u4f53;\">Type J ; Type K<\/span><\/span>\n        <\/p>\n<\/td>\n<td width=\"225\">\n<p class=\"western\" align=\"left\">\n          <span style=\"font-size: small;\"><b><span style=\"font-family: \u5b8b\u4f53;\">Tol\u00e9rance de r\u00e9sistance<\/span><\/b><\/span>\n        <\/p>\n<\/td>\n<td width=\"205\">\n<p class=\"western\" align=\"left\">\n          <span style=\"font-size: small;\"><span style=\"font-family: \u5b8b\u4f53;\">5%<\/span><\/span>\n        <\/p>\n<\/td>\n<\/tr>\n<tr valign=\"top\">\n<td width=\"198\">\n<p class=\"western\" align=\"left\">\n          <span style=\"font-size: small;\"><b><span style=\"font-family: \u5b8b\u4f53;\">Temp\u00e9rature maximale de la gaine<\/span><\/b><\/span>\n        <\/p>\n<\/td>\n<td width=\"121\">\n<p class=\"western\" align=\"left\">\n          <span style=\"font-size: small;\"><span style=\"font-family: \u5b8b\u4f53;\">650\u00b0C<\/span><\/span>\n        <\/p>\n<\/td>\n<td width=\"225\">\n<p class=\"western\" align=\"left\">\n          <span style=\"font-size: small;\"><b><span style=\"font-family: \u5b8b\u4f53;\">Longueur non chauff\u00e9e<\/span><\/b><\/span>\n        <\/p>\n<\/td>\n<td width=\"205\">\n<p class=\"western\" align=\"left\">\n          <span style=\"font-size: small;\"><span style=\"font-family: \u5b8b\u4f53;\">35 mm (standard)<\/span><\/span>\n        <\/p>\n<\/td>\n<\/tr>\n<tr valign=\"top\">\n<td width=\"198\">\n<p class=\"western\" align=\"left\">\n          <span style=\"font-size: small;\"><b><span style=\"font-family: \u5b8b\u4f53;\">R\u00e9sistance di\u00e9lectrique<\/span><\/b><\/span>\n        <\/p>\n<\/td>\n<td width=\"121\">\n<p class=\"western\" align=\"left\">\n          <span style=\"font-size: small;\"><span style=\"font-family: \u5b8b\u4f53;\">800V A\/C<\/span><\/span>\n        <\/p>\n<\/td>\n<td rowspan=\"2\" width=\"225\">\n<p class=\"western\" align=\"center\">\n          <span style=\"font-size: small;\"><b><span style=\"font-family: \u5b8b\u4f53;\">Tol\u00e9rance dimensionnelle<\/span><\/b><\/span>\n        <\/p>\n<\/td>\n<td width=\"205\">\n<p class=\"western\" align=\"left\">\n          <span style=\"font-size: small;\"><span style=\"font-family: \u5b8b\u4f53;\">Diam\u00e8tre int\u00e9rieur de la bobine + 0,1~0,2 mm<\/span><\/span>\n        <\/p>\n<\/td>\n<\/tr>\n<tr valign=\"top\">\n<td width=\"198\">\n<p class=\"western\" align=\"left\">\n          <span style=\"font-size: small;\"><b><span style=\"font-family: \u5b8b\u4f53;\">Isolation<\/span><\/b><\/span>\n        <\/p>\n<\/td>\n<td width=\"121\">\n<p class=\"western\" align=\"left\">\n          <span style=\"font-size: small;\"><span style=\"font-family: \u5b8b\u4f53;\">&gt;5MW<\/span><\/span>\n        <\/p>\n<\/td>\n<td width=\"205\">\n<p class=\"western\" align=\"left\">\n          <span style=\"font-size: small;\"><span style=\"font-family: \u5b8b\u4f53;\">Longueur de la bobine +1 mm<\/span><\/span>\n        <\/p>\n<\/td>\n<\/tr>\n<\/tbody>\n<\/table>\n<p>&nbsp;<\/p>\n<p><img fetchpriority=\"high\" decoding=\"async\" class=\"aligncenter size-full wp-image-1048\" src=\"https:\/\/cheri-heater.com\/fr\/wp-content\/uploads\/2024\/06\/H73bf5cf87a994a70be1b61577df4bc1d0.jpg\" alt=\"\" width=\"1000\" height=\"747\" srcset=\"https:\/\/cheri-heater.com\/fr\/wp-content\/uploads\/2024\/06\/H73bf5cf87a994a70be1b61577df4bc1d0.jpg 1000w, https:\/\/cheri-heater.com\/fr\/wp-content\/uploads\/2024\/06\/H73bf5cf87a994a70be1b61577df4bc1d0-600x448.jpg 600w, https:\/\/cheri-heater.com\/fr\/wp-content\/uploads\/2024\/06\/H73bf5cf87a994a70be1b61577df4bc1d0-300x224.jpg 300w, https:\/\/cheri-heater.com\/fr\/wp-content\/uploads\/2024\/06\/H73bf5cf87a994a70be1b61577df4bc1d0-768x574.jpg 768w\" sizes=\"(max-width: 1000px) 100vw, 1000px\" \/><\/p>\n","protected":false},"excerpt":{"rendered":"<p class=\"western\" align=\"left\">\n  <span style=\"color: #333333;\"><br \/>\n    <span style=\"font-family: Arial, sans-serif;\"><br \/>\n      <span style=\"font-size: medium;\"><br \/>\n        <span lang=\"en-US\">L&#8217;\u00e9l\u00e9ment chauffant \u00e0 spirale pour injecteurs industriels \u00e0 haute temp\u00e9rature<\/span><br \/>\n      <\/span><br \/>\n    <\/span><br \/>\n  <\/span><br \/>\n  <span style=\"color: #333333;\"><br \/>\n    <span style=\"font-family: Arial, sans-serif;\"><br \/>\n      <span style=\"font-size: medium;\"><br \/>\n        <span lang=\"en-US\">est compact\u00e9 pour un transfert de chaleur plus rapide et efficace. En g\u00e9n\u00e9ral, le long anneau chauffant en ressort de 20 \u00e0 3000 mm utilise un tube en acier Ni-Cr de haute qualit\u00e9 \u00e0 l&#8217;ext\u00e9rieur, et un oxyde de magn\u00e9sium de haute puret\u00e9 ainsi qu&#8217;un fil r\u00e9sistif \u00e0 haute temp\u00e9rature \u00e0 l&#8217;int\u00e9rieur.<\/span><br \/>\n      <\/span><br \/>\n    <\/span><br \/>\n  <\/span><\/p>\n","protected":false},"featured_media":1047,"template":"","meta":[],"product_brand":[],"product_cat":[33],"product_tag":[],"class_list":{"0":"post-1037","1":"product","2":"type-product","3":"status-publish","4":"has-post-thumbnail","6":"product_cat-hot-runner-heater","8":"first","9":"instock","10":"shipping-taxable","11":"product-type-simple"},"yoast_head":"<!-- This site is optimized with the Yoast SEO plugin v27.4 - https:\/\/yoast.com\/product\/yoast-seo-wordpress\/ -->\n<title>chauffage de couvercle chaud - Cheri Heater Technology Co.,Ltd.<\/title>\n<meta name=\"robots\" content=\"index, follow, max-snippet:-1, max-image-preview:large, max-video-preview:-1\" \/>\n<link rel=\"canonical\" href=\"https:\/\/cheri-heater.com\/fr\/product\/hot-runner-heater\/\" \/>\n<meta property=\"og:locale\" content=\"en_US\" \/>\n<meta property=\"og:type\" content=\"article\" \/>\n<meta property=\"og:title\" content=\"chauffage de couvercle chaud - Cheri Heater Technology Co.,Ltd.\" \/>\n<meta property=\"og:description\" content=\"L&#039;\u00e9l\u00e9ment chauffant \u00e0 spirale pour injecteurs industriels \u00e0 haute temp\u00e9rature                       est compact\u00e9 pour un transfert de chaleur plus rapide et efficace. En g\u00e9n\u00e9ral, le long anneau chauffant en ressort de 20 \u00e0 3000 mm utilise un tube en acier Ni-Cr de haute qualit\u00e9 \u00e0 l&#039;ext\u00e9rieur, et un oxyde de magn\u00e9sium de haute puret\u00e9 ainsi qu&#039;un fil r\u00e9sistif \u00e0 haute temp\u00e9rature \u00e0 l&#039;int\u00e9rieur.\" \/>\n<meta property=\"og:url\" content=\"https:\/\/cheri-heater.com\/fr\/product\/hot-runner-heater\/\" \/>\n<meta property=\"og:site_name\" content=\"Cheri Heater Technology Co.,Ltd.\" \/>\n<meta property=\"article:modified_time\" content=\"2024-07-28T22:33:34+00:00\" \/>\n<meta property=\"og:image\" content=\"https:\/\/cheri-heater.com\/fr\/wp-content\/uploads\/2024\/06\/H51a98d732aa84388a57c4fecf7a365bfg.jpg_720x720q50.jpg\" \/>\n\t<meta property=\"og:image:width\" content=\"720\" \/>\n\t<meta property=\"og:image:height\" content=\"720\" \/>\n\t<meta property=\"og:image:type\" content=\"image\/jpeg\" \/>\n<meta name=\"twitter:card\" content=\"summary_large_image\" \/>\n<meta name=\"twitter:label1\" content=\"Est. reading time\" \/>\n\t<meta name=\"twitter:data1\" content=\"2 minutes\" \/>\n<!-- \/ Yoast SEO plugin. -->","yoast_head_json":{"title":"chauffage de couvercle chaud - Cheri Heater Technology Co.,Ltd.","robots":{"index":"index","follow":"follow","max-snippet":"max-snippet:-1","max-image-preview":"max-image-preview:large","max-video-preview":"max-video-preview:-1"},"canonical":"https:\/\/cheri-heater.com\/fr\/product\/hot-runner-heater\/","og_locale":"en_US","og_type":"article","og_title":"chauffage de couvercle chaud - Cheri Heater Technology Co.,Ltd.","og_description":"L'\u00e9l\u00e9ment chauffant \u00e0 spirale pour injecteurs industriels \u00e0 haute temp\u00e9rature                       est compact\u00e9 pour un transfert de chaleur plus rapide et efficace. En g\u00e9n\u00e9ral, le long anneau chauffant en ressort de 20 \u00e0 3000 mm utilise un tube en acier Ni-Cr de haute qualit\u00e9 \u00e0 l'ext\u00e9rieur, et un oxyde de magn\u00e9sium de haute puret\u00e9 ainsi qu'un fil r\u00e9sistif \u00e0 haute temp\u00e9rature \u00e0 l'int\u00e9rieur.","og_url":"https:\/\/cheri-heater.com\/fr\/product\/hot-runner-heater\/","og_site_name":"Cheri Heater Technology Co.,Ltd.","article_modified_time":"2024-07-28T22:33:34+00:00","og_image":[{"width":720,"height":720,"url":"https:\/\/cheri-heater.com\/fr\/wp-content\/uploads\/2024\/06\/H51a98d732aa84388a57c4fecf7a365bfg.jpg_720x720q50.jpg","type":"image\/jpeg"}],"twitter_card":"summary_large_image","twitter_misc":{"Est. reading time":"2 minutes"},"schema":{"@context":"https:\/\/schema.org","@graph":[{"@type":"WebPage","@id":"https:\/\/cheri-heater.com\/fr\/product\/hot-runner-heater\/","url":"https:\/\/cheri-heater.com\/fr\/product\/hot-runner-heater\/","name":"chauffage de couvercle chaud - Cheri Heater Technology Co.,Ltd.","isPartOf":{"@id":"https:\/\/cheri-heater.com\/fr\/#website"},"primaryImageOfPage":{"@id":"https:\/\/cheri-heater.com\/fr\/product\/hot-runner-heater\/#primaryimage"},"image":{"@id":"https:\/\/cheri-heater.com\/fr\/product\/hot-runner-heater\/#primaryimage"},"thumbnailUrl":"https:\/\/cheri-heater.com\/fr\/wp-content\/uploads\/2024\/06\/H51a98d732aa84388a57c4fecf7a365bfg.jpg_720x720q50.jpg","datePublished":"2024-06-04T18:38:29+00:00","dateModified":"2024-07-28T22:33:34+00:00","breadcrumb":{"@id":"https:\/\/cheri-heater.com\/fr\/product\/hot-runner-heater\/#breadcrumb"},"inLanguage":"en-US","potentialAction":[{"@type":"ReadAction","target":["https:\/\/cheri-heater.com\/fr\/product\/hot-runner-heater\/"]}]},{"@type":"ImageObject","inLanguage":"en-US","@id":"https:\/\/cheri-heater.com\/fr\/product\/hot-runner-heater\/#primaryimage","url":"https:\/\/cheri-heater.com\/fr\/wp-content\/uploads\/2024\/06\/H51a98d732aa84388a57c4fecf7a365bfg.jpg_720x720q50.jpg","contentUrl":"https:\/\/cheri-heater.com\/fr\/wp-content\/uploads\/2024\/06\/H51a98d732aa84388a57c4fecf7a365bfg.jpg_720x720q50.jpg","width":720,"height":720},{"@type":"BreadcrumbList","@id":"https:\/\/cheri-heater.com\/fr\/product\/hot-runner-heater\/#breadcrumb","itemListElement":[{"@type":"ListItem","position":1,"name":"Home","item":"https:\/\/cheri-heater.com\/fr\/"},{"@type":"ListItem","position":2,"name":"Products","item":"https:\/\/cheri-heater.com\/fr\/products\/"},{"@type":"ListItem","position":3,"name":"chauffage de couvercle chaud"}]},{"@type":"WebSite","@id":"https:\/\/cheri-heater.com\/fr\/#website","url":"https:\/\/cheri-heater.com\/fr\/","name":"Cheri Heater Technology Co.,Ltd.","description":"","publisher":{"@id":"https:\/\/cheri-heater.com\/fr\/#organization"},"potentialAction":[{"@type":"SearchAction","target":{"@type":"EntryPoint","urlTemplate":"https:\/\/cheri-heater.com\/fr\/?s={search_term_string}"},"query-input":{"@type":"PropertyValueSpecification","valueRequired":true,"valueName":"search_term_string"}}],"inLanguage":"en-US"},{"@type":"Organization","@id":"https:\/\/cheri-heater.com\/fr\/#organization","name":"Cheri Heater Technology Co.,Ltd.","url":"https:\/\/cheri-heater.com\/fr\/","logo":{"@type":"ImageObject","inLanguage":"en-US","@id":"https:\/\/cheri-heater.com\/fr\/#\/schema\/logo\/image\/","url":"https:\/\/cheri-heater.com\/fr\/wp-content\/uploads\/2024\/06\/cropped-logo-resize.png","contentUrl":"https:\/\/cheri-heater.com\/fr\/wp-content\/uploads\/2024\/06\/cropped-logo-resize.png","width":346,"height":99,"caption":"Cheri Heater Technology Co.,Ltd."},"image":{"@id":"https:\/\/cheri-heater.com\/fr\/#\/schema\/logo\/image\/"}}]}},"_links":{"self":[{"href":"https:\/\/cheri-heater.com\/fr\/wp-json\/wp\/v2\/product\/1037","targetHints":{"allow":["GET"]}}],"collection":[{"href":"https:\/\/cheri-heater.com\/fr\/wp-json\/wp\/v2\/product"}],"about":[{"href":"https:\/\/cheri-heater.com\/fr\/wp-json\/wp\/v2\/types\/product"}],"wp:featuredmedia":[{"embeddable":true,"href":"https:\/\/cheri-heater.com\/fr\/wp-json\/wp\/v2\/media\/1047"}],"wp:attachment":[{"href":"https:\/\/cheri-heater.com\/fr\/wp-json\/wp\/v2\/media?parent=1037"}],"wp:term":[{"taxonomy":"product_brand","embeddable":true,"href":"https:\/\/cheri-heater.com\/fr\/wp-json\/wp\/v2\/product_brand?post=1037"},{"taxonomy":"product_cat","embeddable":true,"href":"https:\/\/cheri-heater.com\/fr\/wp-json\/wp\/v2\/product_cat?post=1037"},{"taxonomy":"product_tag","embeddable":true,"href":"https:\/\/cheri-heater.com\/fr\/wp-json\/wp\/v2\/product_tag?post=1037"}],"curies":[{"name":"wp","href":"https:\/\/api.w.org\/{rel}","templated":true}]}}