{"id":1049,"date":"2024-06-04T18:38:54","date_gmt":"2024-06-04T18:38:54","guid":{"rendered":"https:\/\/cheri-heater.com\/fr\/?post_type=product&#038;p=1049"},"modified":"2024-07-28T16:17:47","modified_gmt":"2024-07-28T16:17:47","slug":"pipeline-heater","status":"publish","type":"product","link":"https:\/\/cheri-heater.com\/fr\/product\/pipeline-heater\/","title":{"rendered":"r\u00e9chauffeur de canalisation"},"content":{"rendered":"<p class=\"western\"><span style=\"color: #333333;\"><span style=\"font-family: Roboto, serif;\"><span style=\"font-size: medium;\"><span lang=\"en-US\"><b>F<\/b><\/span><\/span><\/span><\/span><span style=\"color: #333333;\"><span style=\"font-family: Roboto, serif;\"><span style=\"font-size: medium;\"><b>onctionnalit\u00e9s :<\/b><\/span><\/span><\/span> <span style=\"color: #333333;\"><span style=\"font-family: Arial, serif;\"><span style=\"font-size: small;\">1. L&#8217;efficacit\u00e9 thermique est sup\u00e9rieure \u00e0 95% 2. Le type vertical du r\u00e9chauffeur de pipeline couvre une petite surface mais a une exigence de hauteur. Le type horizontal couvre une grande surface mais n&#8217;a pas d&#8217;exigence de hauteur. 3. Les mat\u00e9riaux du r\u00e9chauffeur de pipeline sont : acier au carbone, acier inoxydable SUS304, acier inoxydable SUS316L, acier inoxydable 310S, etc. Choisissez des mat\u00e9riaux appropri\u00e9s selon les diff\u00e9rentes exigences du processus de chauffage. 4. Les r\u00e9chauffeurs de pipeline sont chauff\u00e9s par des tubes \u00e9lectriques \u00e0 bride et \u00e9quip\u00e9s de d\u00e9flecteurs con\u00e7us professionnellement pour garantir que le tube de chauffage \u00e9lectrique g\u00e9n\u00e8re une chaleur uniforme et que le milieu de chauffage absorbe compl\u00e8tement la chaleur. 5. Pour des exigences de haute temp\u00e9rature (la temp\u00e9rature de la sortie d&#8217;air est sup\u00e9rieure \u00e0 600 degr\u00e9s), utilisez un tube de chauffage \u00e0 rayonnement \u00e9lectrique en acier inoxydable 310S r\u00e9sistant aux hautes temp\u00e9ratures, et la temp\u00e9rature de la sortie d&#8217;air peut atteindre 800 \u2103.<\/span><\/span><\/span><\/p>\n<p><img fetchpriority=\"high\" decoding=\"async\" class=\"aligncenter size-full wp-image-1054\" src=\"https:\/\/cheri-heater.com\/fr\/wp-content\/uploads\/2024\/06\/decription.png\" alt=\"\" width=\"1213\" height=\"412\" srcset=\"https:\/\/cheri-heater.com\/fr\/wp-content\/uploads\/2024\/06\/decription.png 1213w, https:\/\/cheri-heater.com\/fr\/wp-content\/uploads\/2024\/06\/decription-600x204.png 600w, https:\/\/cheri-heater.com\/fr\/wp-content\/uploads\/2024\/06\/decription-300x102.png 300w, https:\/\/cheri-heater.com\/fr\/wp-content\/uploads\/2024\/06\/decription-1024x348.png 1024w, https:\/\/cheri-heater.com\/fr\/wp-content\/uploads\/2024\/06\/decription-768x261.png 768w\" sizes=\"(max-width: 1213px) 100vw, 1213px\" \/><\/p>\n<p>&nbsp;<\/p>\n<p class=\"western\" align=\"left\"><strong><span style=\"font-family: Helvetica, Arial, sans-serif;\"><span style=\"font-size: medium;\"><span style=\"color: #222222;\">Industries Applicables : <\/span><\/span><\/span><\/strong><span style=\"font-family: Helvetica, Arial, sans-serif;\"><span style=\"font-size: medium;\"><span style=\"color: #222222;\">Ateliers de R\u00e9paration de Machines, Usines de Fabrication, Fermes, Imprimeries, Travaux de Construction, \u00c9nergie &amp; Mines<\/span><\/span><\/span><\/p>\n<p class=\"western\" align=\"left\"><strong><span style=\"font-family: Helvetica, Arial, sans-serif;\"><span style=\"font-size: medium;\"><span style=\"color: #222222;\">Lieu d&#8217;Origine : <\/span><\/span><\/span><\/strong><span style=\"font-family: Helvetica, Arial, sans-serif;\"><span style=\"font-size: medium;\"><span style=\"color: #222222;\">Jiangsu, Chine<\/span><\/span><\/span><\/p>\n<p class=\"western\" align=\"left\"><strong><span style=\"font-family: Helvetica, Arial, sans-serif;\"><span style=\"font-size: medium;\"><span style=\"color: #222222;\">Poids : <\/span><\/span><\/span><\/strong><span style=\"font-family: Helvetica, Arial, sans-serif;\"><span style=\"font-size: medium;\"><span style=\"color: #222222;\">250 KG<\/span><\/span><\/span><\/p>\n<p class=\"western\" align=\"left\"><strong><span style=\"font-family: Helvetica, Arial, sans-serif;\"><span style=\"font-size: medium;\"><span style=\"color: #222222;\">Garantie : <\/span><\/span><\/span><\/strong><span style=\"font-family: Helvetica, Arial, sans-serif;\"><span style=\"font-size: medium;\"><span style=\"color: #222222;\">1 An<\/span><\/span><\/span><\/p>\n<p class=\"western\" align=\"left\"><strong><span style=\"font-family: Helvetica, Arial, sans-serif;\"><span style=\"font-size: medium;\"><span style=\"color: #222222;\">Mat\u00e9riau : <\/span><\/span><\/span><\/strong><span style=\"font-family: Helvetica, Arial, sans-serif;\"><span style=\"font-size: medium;\"><span style=\"color: #222222;\">Acier inoxydable<\/span><\/span><\/span><\/p>\n<p class=\"western\" align=\"left\"><strong><span style=\"font-family: Helvetica, Arial, sans-serif;\"><span style=\"font-size: medium;\"><span style=\"color: #222222;\">Points de Vente Cl\u00e9s : <\/span><\/span><\/span><\/strong><span style=\"font-family: Helvetica, Arial, sans-serif;\"><span style=\"font-size: medium;\"><span style=\"color: #222222;\">\u00c9conomie d&#8217;\u00e9nergie<\/span><\/span><\/span><\/p>\n<p class=\"western\" align=\"left\"><strong><span style=\"font-family: Helvetica, Arial, sans-serif;\"><span style=\"font-size: medium;\"><span style=\"color: #222222;\">Condition : <\/span><\/span><\/span><\/strong><span style=\"font-family: Helvetica, Arial, sans-serif;\"><span style=\"font-size: medium;\"><span style=\"color: #222222;\">Nouveau<\/span><\/span><\/span><\/p>\n<p class=\"western\" align=\"left\"><strong><span style=\"font-family: Helvetica, Arial, sans-serif;\"><span style=\"font-size: medium;\"><span style=\"color: #222222;\">Nom de la Marque : <\/span><\/span><\/span><\/strong><span style=\"font-family: Helvetica, Arial, sans-serif;\"><span style=\"font-size: medium;\"><span style=\"color: #222222;\">Cheri<\/span><\/span><\/span><\/p>\n<p class=\"western\" align=\"left\"><strong><span style=\"font-family: Helvetica, Arial, sans-serif;\"><span style=\"font-size: medium;\"><span style=\"color: #222222;\">Dimension(L*W*H) : <\/span><\/span><\/span><\/strong><span style=\"font-family: Helvetica, Arial, sans-serif;\"><span style=\"font-size: medium;\"><span style=\"color: #222222;\">1250*285*585<\/span><\/span><\/span><\/p>\n<p class=\"western\" align=\"left\"><strong><span style=\"font-family: Helvetica, Arial, sans-serif;\"><span style=\"font-size: medium;\"><span style=\"color: #222222;\">Plage de Temp\u00e9rature de Travail : <\/span><\/span><\/span><\/strong><span style=\"font-family: Helvetica, Arial, sans-serif;\"><span style=\"font-size: medium;\"><span style=\"color: #222222;\">0 &#8211; 600 \u2103<\/span><\/span><\/span><\/p>\n<p class=\"western\" align=\"left\"><strong><span style=\"font-family: Helvetica, Arial, sans-serif;\"><span style=\"font-size: medium;\"><span style=\"color: #222222;\">Garantie des composants principaux : <\/span><\/span><\/span><\/strong><span style=\"font-family: Helvetica, Arial, sans-serif;\"><span style=\"font-size: medium;\"><span style=\"color: #222222;\">1 An<\/span><\/span><\/span><\/p>\n<p class=\"western\" align=\"left\"><strong><span style=\"font-family: Helvetica, Arial, sans-serif;\"><span style=\"font-size: medium;\"><span style=\"color: #222222;\">Composants Principaux : <\/span><\/span><\/span><\/strong><span style=\"font-family: Helvetica, Arial, sans-serif;\"><span style=\"font-size: medium;\"><span style=\"color: #222222;\">\u00c9l\u00e9ments chauffants<\/span><\/span><\/span><\/p>\n<p class=\"western\" align=\"left\"><strong><span style=\"font-family: Helvetica, Arial, sans-serif;\"><span style=\"font-size: medium;\"><span style=\"color: #222222;\">Nom du produit : <\/span><\/span><\/span><\/strong><span style=\"font-family: Helvetica, Arial, sans-serif;\"><span style=\"font-size: medium;\"><span style=\"color: #222222;\">r\u00e9chauffeur de pipeline<\/span><\/span><\/span><\/p>\n<p class=\"western\" align=\"left\"><strong><span style=\"font-family: Helvetica, Arial, sans-serif;\"><span style=\"font-size: medium;\"><span style=\"color: #222222;\">Tensions disponibles : <\/span><\/span><\/span><\/strong><span style=\"font-family: Helvetica, Arial, sans-serif;\"><span style=\"font-size: medium;\"><span style=\"color: #222222;\">110V-600V<\/span><\/span><\/span><\/p>\n<p class=\"western\" align=\"left\"><strong><span style=\"font-family: Helvetica, Arial, sans-serif;\"><span style=\"font-size: medium;\"><span style=\"color: #222222;\">Puissance : <\/span><\/span><\/span><\/strong><span style=\"font-family: Helvetica, Arial, sans-serif;\"><span style=\"font-size: medium;\"><span style=\"color: #222222;\">5KW-1000KW<\/span><\/span><\/span><\/p>\n<p class=\"western\" align=\"left\"><strong><span style=\"font-family: Helvetica, Arial, sans-serif;\"><span style=\"font-size: medium;\"><span style=\"color: #222222;\">Moyen de chauffage : <\/span><\/span><\/span><\/strong><span style=\"font-family: Helvetica, Arial, sans-serif;\"><span style=\"font-size: medium;\"><span style=\"color: #222222;\">liquide ou gaz<\/span><\/span><\/span><\/p>\n<p class=\"western\" align=\"left\"><strong><span style=\"font-family: Helvetica, Arial, sans-serif;\"><span style=\"font -size: medium;\"><span style=\"color: #222222;\">Mat\u00e9riau : <\/span><\/span><\/span><\/strong><span style=\"font-family: Helvetica, Arial, sans-serif;\"><span style=\"font-size: medium;\"><span style=\"color: #222222;\">Acier au Carbone ou acier inoxydable<\/span><\/span><\/span><\/p>\n<p class=\"western\" align=\"left\"><strong><span style=\"font-family: Helvetica, Arial, sans-serif;\"><span style=\"font-size: medium;\"><span style=\"color: #222222;\">Service Apr\u00e8s-Vente Fournis : <\/span><\/span><\/span><\/strong><span style=\"font-family: Helvetica, Arial, sans-serif;\"><span style=\"font-size: medium;\"><span style=\"color: #222222;\">Support en ligne<\/span><\/span><\/span><\/p>\n<p class=\"western\" align=\"left\"><strong><span style=\"font-family: Helvetica, Arial, sans-serif;\"><span style=\"font-size: medium;\"><span style=\"color: #222222;\">Mat\u00e9riau de la gaine : <\/span><\/span><\/span><\/strong><span style=\"font-family: Helvetica, Arial, sans-serif;\"><span style=\"font-size: medium;\"><span style=\"color: #222222;\">Acier au Carbone ou acier inoxydable<\/span><\/span><\/span><\/p>\n<p class=\"western\" align=\"left\"><strong><span style=\"font-family: Helvetica, Arial, sans-serif;\"><span style=\"font-size: medium;\"><span style=\"color: #222222;\">Temp\u00e9rature de travail : <\/span><\/span><\/span><\/strong><span style=\"font-family: Helvetica, Arial, sans-serif;\"><span style=\"font-size: medium;\"><span style=\"color: #222222;\">0-600C<\/span><\/span><\/span><\/p>\n<p class=\"western\" align=\"left\"><strong><span style=\"font-family: Helvetica, Arial, sans-serif;\"><span style=\"font-size: medium;\"><span style=\"color: #222222;\">M\u00e9thode de chauffage : <\/span><\/span><\/span><\/strong><span style=\"font-family: Helvetica, Arial, sans-serif;\"><span style=\"font-size: medium;\"><span style=\"color: #222222;\">Chauffage \u00e9lectrique<\/span><\/span><\/span><\/p>\n<p class=\"western\" align=\"left\"><strong><span style=\"font-family: Helvetica, Arial, sans-serif;\"><span style=\"font-size: medium;\"><span style=\"color: #222222;\">Emballage : <\/span><\/span><\/span><\/strong><span style=\"font-family: Helvetica, Arial, sans-serif;\"><span style=\"font-size: medium;\"><span style=\"color: #222222;\">Emballage en bois<\/span><\/span><\/span><\/p>\n<p><img decoding=\"async\" class=\"aligncenter size-full wp-image-1055 lazyload\" data-src=\"https:\/\/cheri-heater.com\/fr\/wp-content\/uploads\/2024\/06\/\u5fae\u4fe1\u56fe\u7247_202306151303051.jpg\" alt=\"\" width=\"711\" height=\"846\" data-srcset=\"https:\/\/cheri-heater.com\/fr\/wp-content\/uploads\/2024\/06\/\u5fae\u4fe1\u56fe\u7247_202306151303051.jpg 711w, https:\/\/cheri-heater.com\/fr\/wp-content\/uploads\/2024\/06\/\u5fae\u4fe1\u56fe\u7247_202306151303051-600x714.jpg 600w, https:\/\/cheri-heater.com\/fr\/wp-content\/uploads\/2024\/06\/\u5fae\u4fe1\u56fe\u7247_202306151303051-252x300.jpg 252w\" data-sizes=\"(max-width: 711px) 100vw, 711px\" src=\"data:image\/svg+xml;base64,PHN2ZyB3aWR0aD0iMSIgaGVpZ2h0PSIxIiB4bWxucz0iaHR0cDovL3d3dy53My5vcmcvMjAwMC9zdmciPjwvc3ZnPg==\" style=\"--smush-placeholder-width: 711px; --smush-placeholder-aspect-ratio: 711\/846;\" \/><br \/>\n&#8220;`<\/p>\n","protected":false},"excerpt":{"rendered":"<p class=\"western\" align=\"justify\">Le r\u00e9chauffeur de canalisation est un \u00e9quipement d&#8217;\u00e9conomie d&#8217;\u00e9nergie qui pr\u00e9chauffe le fluide de chauffage. Il est install\u00e9 avant l&#8217;\u00e9quipement de chauffage pour chauffer directement le fluide, afin qu&#8217;il puisse faire circuler le chauffage \u00e0 haute temp\u00e9rature et finalement atteindre l&#8217;objectif d&#8217;\u00e9conomie d&#8217;\u00e9nergie. Il est largement utilis\u00e9 dans le pr\u00e9chauffage du mazout tel que le p\u00e9trole lourd, l&#8217;asphalte et le p\u00e9trole clair. Le r\u00e9chauffeur de canalisation est compos\u00e9 d&#8217;un corps et d&#8217;un syst\u00e8me de contr\u00f4le. L&#8217;\u00e9l\u00e9ment chauffant est constitu\u00e9 d&#8217;un tube en acier inoxydable sans soudure comme manchon de protection, d&#8217;un fil en alliage r\u00e9sistant aux hautes temp\u00e9ratures et d&#8217;une poudre d&#8217;oxyde de magn\u00e9sium cristalline de haute puret\u00e9, trait\u00e9 par un processus de compression, et la partie de commande adopte des circuits num\u00e9riques avanc\u00e9s, des d\u00e9clencheurs de circuits int\u00e9gr\u00e9s, etc. constituent un syst\u00e8me de mesure de temp\u00e9rature r\u00e9glable et de temp\u00e9rature constante pour assurer le fonctionnement normal du r\u00e9chauffeur \u00e9lectrique.<\/p>\n","protected":false},"featured_media":1053,"template":"","meta":[],"product_brand":[],"product_cat":[34],"product_tag":[],"class_list":{"0":"post-1049","1":"product","2":"type-product","3":"status-publish","4":"has-post-thumbnail","6":"product_cat-pipeline-heater","8":"first","9":"instock","10":"shipping-taxable","11":"product-type-simple"},"yoast_head":"<!-- This site is optimized with the Yoast SEO plugin v27.3 - https:\/\/yoast.com\/product\/yoast-seo-wordpress\/ -->\n<title>r\u00e9chauffeur de canalisation - Cheri Heater Technology Co.,Ltd.<\/title>\n<meta name=\"robots\" content=\"index, follow, max-snippet:-1, max-image-preview:large, max-video-preview:-1\" \/>\n<link rel=\"canonical\" href=\"https:\/\/cheri-heater.com\/fr\/product\/pipeline-heater\/\" \/>\n<meta property=\"og:locale\" content=\"en_US\" \/>\n<meta property=\"og:type\" content=\"article\" \/>\n<meta property=\"og:title\" content=\"r\u00e9chauffeur de canalisation - Cheri Heater Technology Co.,Ltd.\" \/>\n<meta property=\"og:description\" content=\"Le r\u00e9chauffeur de canalisation est un \u00e9quipement d&#039;\u00e9conomie d&#039;\u00e9nergie qui pr\u00e9chauffe le fluide de chauffage. Il est install\u00e9 avant l&#039;\u00e9quipement de chauffage pour chauffer directement le fluide, afin qu&#039;il puisse faire circuler le chauffage \u00e0 haute temp\u00e9rature et finalement atteindre l&#039;objectif d&#039;\u00e9conomie d&#039;\u00e9nergie. Il est largement utilis\u00e9 dans le pr\u00e9chauffage du mazout tel que le p\u00e9trole lourd, l&#039;asphalte et le p\u00e9trole clair. Le r\u00e9chauffeur de canalisation est compos\u00e9 d&#039;un corps et d&#039;un syst\u00e8me de contr\u00f4le. L&#039;\u00e9l\u00e9ment chauffant est constitu\u00e9 d&#039;un tube en acier inoxydable sans soudure comme manchon de protection, d&#039;un fil en alliage r\u00e9sistant aux hautes temp\u00e9ratures et d&#039;une poudre d&#039;oxyde de magn\u00e9sium cristalline de haute puret\u00e9, trait\u00e9 par un processus de compression, et la partie de commande adopte des circuits num\u00e9riques avanc\u00e9s, des d\u00e9clencheurs de circuits int\u00e9gr\u00e9s, etc. constituent un syst\u00e8me de mesure de temp\u00e9rature r\u00e9glable et de temp\u00e9rature constante pour assurer le fonctionnement normal du r\u00e9chauffeur \u00e9lectrique.\" \/>\n<meta property=\"og:url\" content=\"https:\/\/cheri-heater.com\/fr\/product\/pipeline-heater\/\" \/>\n<meta property=\"og:site_name\" content=\"Cheri Heater Technology Co.,Ltd.\" \/>\n<meta property=\"article:modified_time\" content=\"2024-07-28T16:17:47+00:00\" \/>\n<meta property=\"og:image\" content=\"https:\/\/cheri-heater.com\/fr\/wp-content\/uploads\/2024\/06\/\u5fae\u4fe1\u56fe\u7247_202306151303055.jpg\" \/>\n\t<meta property=\"og:image:width\" content=\"750\" \/>\n\t<meta property=\"og:image:height\" content=\"750\" \/>\n\t<meta property=\"og:image:type\" content=\"image\/jpeg\" \/>\n<meta name=\"twitter:card\" content=\"summary_large_image\" \/>\n<meta name=\"twitter:label1\" content=\"Est. reading time\" \/>\n\t<meta name=\"twitter:data1\" content=\"2 minutes\" \/>\n<!-- \/ Yoast SEO plugin. -->","yoast_head_json":{"title":"r\u00e9chauffeur de canalisation - Cheri Heater Technology Co.,Ltd.","robots":{"index":"index","follow":"follow","max-snippet":"max-snippet:-1","max-image-preview":"max-image-preview:large","max-video-preview":"max-video-preview:-1"},"canonical":"https:\/\/cheri-heater.com\/fr\/product\/pipeline-heater\/","og_locale":"en_US","og_type":"article","og_title":"r\u00e9chauffeur de canalisation - Cheri Heater Technology Co.,Ltd.","og_description":"Le r\u00e9chauffeur de canalisation est un \u00e9quipement d'\u00e9conomie d'\u00e9nergie qui pr\u00e9chauffe le fluide de chauffage. Il est install\u00e9 avant l'\u00e9quipement de chauffage pour chauffer directement le fluide, afin qu'il puisse faire circuler le chauffage \u00e0 haute temp\u00e9rature et finalement atteindre l'objectif d'\u00e9conomie d'\u00e9nergie. Il est largement utilis\u00e9 dans le pr\u00e9chauffage du mazout tel que le p\u00e9trole lourd, l'asphalte et le p\u00e9trole clair. Le r\u00e9chauffeur de canalisation est compos\u00e9 d'un corps et d'un syst\u00e8me de contr\u00f4le. L'\u00e9l\u00e9ment chauffant est constitu\u00e9 d'un tube en acier inoxydable sans soudure comme manchon de protection, d'un fil en alliage r\u00e9sistant aux hautes temp\u00e9ratures et d'une poudre d'oxyde de magn\u00e9sium cristalline de haute puret\u00e9, trait\u00e9 par un processus de compression, et la partie de commande adopte des circuits num\u00e9riques avanc\u00e9s, des d\u00e9clencheurs de circuits int\u00e9gr\u00e9s, etc. constituent un syst\u00e8me de mesure de temp\u00e9rature r\u00e9glable et de temp\u00e9rature constante pour assurer le fonctionnement normal du r\u00e9chauffeur \u00e9lectrique.","og_url":"https:\/\/cheri-heater.com\/fr\/product\/pipeline-heater\/","og_site_name":"Cheri Heater Technology Co.,Ltd.","article_modified_time":"2024-07-28T16:17:47+00:00","og_image":[{"width":750,"height":750,"url":"https:\/\/cheri-heater.com\/fr\/wp-content\/uploads\/2024\/06\/\u5fae\u4fe1\u56fe\u7247_202306151303055.jpg","type":"image\/jpeg"}],"twitter_card":"summary_large_image","twitter_misc":{"Est. reading time":"2 minutes"},"schema":{"@context":"https:\/\/schema.org","@graph":[{"@type":"WebPage","@id":"https:\/\/cheri-heater.com\/fr\/product\/pipeline-heater\/","url":"https:\/\/cheri-heater.com\/fr\/product\/pipeline-heater\/","name":"r\u00e9chauffeur de canalisation - Cheri Heater Technology Co.,Ltd.","isPartOf":{"@id":"https:\/\/cheri-heater.com\/fr\/#website"},"primaryImageOfPage":{"@id":"https:\/\/cheri-heater.com\/fr\/product\/pipeline-heater\/#primaryimage"},"image":{"@id":"https:\/\/cheri-heater.com\/fr\/product\/pipeline-heater\/#primaryimage"},"thumbnailUrl":"https:\/\/cheri-heater.com\/fr\/wp-content\/uploads\/2024\/06\/\u5fae\u4fe1\u56fe\u7247_202306151303055.jpg","datePublished":"2024-06-04T18:38:54+00:00","dateModified":"2024-07-28T16:17:47+00:00","breadcrumb":{"@id":"https:\/\/cheri-heater.com\/fr\/product\/pipeline-heater\/#breadcrumb"},"inLanguage":"en-US","potentialAction":[{"@type":"ReadAction","target":["https:\/\/cheri-heater.com\/fr\/product\/pipeline-heater\/"]}]},{"@type":"ImageObject","inLanguage":"en-US","@id":"https:\/\/cheri-heater.com\/fr\/product\/pipeline-heater\/#primaryimage","url":"https:\/\/cheri-heater.com\/fr\/wp-content\/uploads\/2024\/06\/\u5fae\u4fe1\u56fe\u7247_202306151303055.jpg","contentUrl":"https:\/\/cheri-heater.com\/fr\/wp-content\/uploads\/2024\/06\/\u5fae\u4fe1\u56fe\u7247_202306151303055.jpg","width":750,"height":750},{"@type":"BreadcrumbList","@id":"https:\/\/cheri-heater.com\/fr\/product\/pipeline-heater\/#breadcrumb","itemListElement":[{"@type":"ListItem","position":1,"name":"Home","item":"https:\/\/cheri-heater.com\/fr\/"},{"@type":"ListItem","position":2,"name":"Products","item":"https:\/\/cheri-heater.com\/fr\/products\/"},{"@type":"ListItem","position":3,"name":"r\u00e9chauffeur de canalisation"}]},{"@type":"WebSite","@id":"https:\/\/cheri-heater.com\/fr\/#website","url":"https:\/\/cheri-heater.com\/fr\/","name":"Cheri Heater Technology Co.,Ltd.","description":"","publisher":{"@id":"https:\/\/cheri-heater.com\/fr\/#organization"},"potentialAction":[{"@type":"SearchAction","target":{"@type":"EntryPoint","urlTemplate":"https:\/\/cheri-heater.com\/fr\/?s={search_term_string}"},"query-input":{"@type":"PropertyValueSpecification","valueRequired":true,"valueName":"search_term_string"}}],"inLanguage":"en-US"},{"@type":"Organization","@id":"https:\/\/cheri-heater.com\/fr\/#organization","name":"Cheri Heater Technology Co.,Ltd.","url":"https:\/\/cheri-heater.com\/fr\/","logo":{"@type":"ImageObject","inLanguage":"en-US","@id":"https:\/\/cheri-heater.com\/fr\/#\/schema\/logo\/image\/","url":"https:\/\/cheri-heater.com\/fr\/wp-content\/uploads\/2024\/06\/cropped-logo-resize.png","contentUrl":"https:\/\/cheri-heater.com\/fr\/wp-content\/uploads\/2024\/06\/cropped-logo-resize.png","width":346,"height":99,"caption":"Cheri Heater Technology Co.,Ltd."},"image":{"@id":"https:\/\/cheri-heater.com\/fr\/#\/schema\/logo\/image\/"}}]}},"_links":{"self":[{"href":"https:\/\/cheri-heater.com\/fr\/wp-json\/wp\/v2\/product\/1049","targetHints":{"allow":["GET"]}}],"collection":[{"href":"https:\/\/cheri-heater.com\/fr\/wp-json\/wp\/v2\/product"}],"about":[{"href":"https:\/\/cheri-heater.com\/fr\/wp-json\/wp\/v2\/types\/product"}],"wp:featuredmedia":[{"embeddable":true,"href":"https:\/\/cheri-heater.com\/fr\/wp-json\/wp\/v2\/media\/1053"}],"wp:attachment":[{"href":"https:\/\/cheri-heater.com\/fr\/wp-json\/wp\/v2\/media?parent=1049"}],"wp:term":[{"taxonomy":"product_brand","embeddable":true,"href":"https:\/\/cheri-heater.com\/fr\/wp-json\/wp\/v2\/product_brand?post=1049"},{"taxonomy":"product_cat","embeddable":true,"href":"https:\/\/cheri-heater.com\/fr\/wp-json\/wp\/v2\/product_cat?post=1049"},{"taxonomy":"product_tag","embeddable":true,"href":"https:\/\/cheri-heater.com\/fr\/wp-json\/wp\/v2\/product_tag?post=1049"}],"curies":[{"name":"wp","href":"https:\/\/api.w.org\/{rel}","templated":true}]}}