{"id":1056,"date":"2024-06-04T18:44:01","date_gmt":"2024-06-04T18:44:01","guid":{"rendered":"https:\/\/cheri-heater.com\/fr\/?post_type=product&#038;p=1056"},"modified":"2024-07-28T21:49:35","modified_gmt":"2024-07-28T21:49:35","slug":"silicone-rubber-heater","status":"publish","type":"product","link":"https:\/\/cheri-heater.com\/fr\/product\/silicone-rubber-heater\/","title":{"rendered":"\u00e9l\u00e9ment chauffant en caoutchouc de silicone"},"content":{"rendered":"<table width=\"1060\" cellspacing=\"0\" cellpadding=\"2\">\n<tbody>\n<tr>\n<td bgcolor=\"#f3f4f8\" width=\"283\">\n<p class=\"western\" align=\"center\"><span style=\"font-size: small;\"><span style=\"font-family: Arial, sans-serif;\">Taille<\/span><\/span><\/p>\n<\/td>\n<td bgcolor=\"#ffffff\" width=\"767\">\n<p class=\"western\" align=\"left\"><span style=\"font-size: small;\"><span style=\"font-family: Arial, sans-serif;\">Rectangle (Longueur*Largeur), Rond (Diam\u00e8tre), ou fournir les dessins<\/span><\/span><\/p>\n<\/td>\n<\/tr>\n<tr>\n<td bgcolor=\"#f3f4f8\" width=\"283\">\n<p class=\"western\" align=\"center\"><span style=\"font-size: small;\"><span style=\"font-family: Arial, sans-serif;\">Forme<\/span><\/span><\/p>\n<\/td>\n<td bgcolor=\"#ffffff\" width=\"767\">\n<p class=\"western\" align=\"left\"><span style=\"font-size: small;\"><span style=\"font-family: Arial, sans-serif;\">Rond, Rectangle, Carr\u00e9, toute forme selon vos besoins<\/span><\/span><\/p>\n<\/td>\n<\/tr>\n<tr>\n<td bgcolor=\"#f3f4f8\" width=\"283\">\n<p class=\"western\" align=\"center\"><span style=\"font-size: small;\"><span style=\"font-family: Arial, sans-serif;\">Plage de Tension<\/span><\/span><\/p>\n<\/td>\n<td bgcolor=\"#ffffff\" width=\"767\">\n<p class=\"western\" align=\"left\"><span style=\"font-size: small;\"><span style=\"font-family: Arial, sans-serif;\">1.5V~400V<\/span><\/span><\/p>\n<\/td>\n<\/tr>\n<tr>\n<td bgcolor=\"#f3f4f8\" width=\"283\">\n<p class=\"western\" align=\"center\"><span style=\"font-size: small;\"><span style=\"font-family: Arial, sans-serif;\">Plage de densit\u00e9 de puissance<\/span><\/span><\/p>\n<\/td>\n<td bgcolor=\"#ffffff\" width=\"767\">\n<p class=\"western\" align=\"left\"><span style=\"font-size: small;\"><span style=\"font-family: Arial, sans-serif;\">0.1w\/cm2 &#8211; 2.5w\/cm2<\/span><\/span><\/p>\n<\/td>\n<\/tr>\n<tr>\n<td bgcolor=\"#f3f4f8\" width=\"283\">\n<p class=\"western\" align=\"center\"><span style=\"font-size: small;\"><span style=\"font-family: Arial, sans-serif;\">Taille du r\u00e9chauffeur<\/span><\/span><\/p>\n<\/td>\n<td bgcolor=\"#ffffff\" width=\"767\">\n<p class=\"western\" align=\"left\"><span style=\"font-size: small;\"><span style=\"font-family: Arial, sans-serif;\">10mm~1000mm<\/span><\/span><\/p>\n<\/td>\n<\/tr>\n<tr>\n<td bgcolor=\"#f3f4f8\" width=\"283\">\n<p class=\"western\" align=\"center\"><span style=\"font-size: small;\"><span style=\"font-family: Arial, sans-serif;\">\u00c9paisseur des r\u00e9chauffeurs<\/span><\/span><\/p>\n<\/td>\n<td bgcolor=\"#ffffff\" width=\"767\">\n<p class=\"western\" align=\"left\"><span style=\"font-size: small;\"><span style=\"font-family: Arial, sans-serif;\">1.5mm<\/span><\/span><\/p>\n<\/td>\n<\/tr>\n<tr>\n<td bgcolor=\"#f3f4f8\" width=\"283\">\n<p class=\"western\" align=\"center\"><span style=\"font-size: small;\"><span style=\"font-family: Arial, sans-serif;\">Plage de temp\u00e9rature d&#8217;utilisation<\/span><\/span><\/p>\n<\/td>\n<td bgcolor=\"#ffffff\" width=\"767\">\n<p class=\"western\" align=\"left\"><span style=\"font-size: small;\"><span style=\"font-family: Arial, sans-serif;\">0\u00baC~180\u00baC<\/span><\/span><\/p>\n<\/td>\n<\/tr>\n<tr>\n<td bgcolor=\"#f3f4f8\" width=\"283\">\n<p class=\"western\" align=\"center\"><span style=\"font-size: small;\"><span style=\"font-family: Arial, sans-serif;\">Mat\u00e9riau chauffant<\/span><\/span><\/p>\n<\/td>\n<td bgcolor=\"#ffffff\" width=\"767\">\n<p class=\"western\" align=\"left\"><span style=\"font-size: small;\"><span style=\"font-family: Arial, sans-serif;\">Feuille de nickel-chrome grav\u00e9e<\/span><\/span><\/p>\n<\/td>\n<\/tr>\n<tr>\n<td bgcolor=\"#f3f4f8\" width=\"283\">\n<p class=\"western\" align=\"center\"><span style=\"font-size: small;\"><span style=\"font-family: Arial, sans-serif;\">Mat\u00e9riau isolant<\/span><\/span><\/p>\n<\/td>\n<td bgcolor=\"#ffffff\" width=\"767\">\n<p class=\"western\" align=\"left\"><span style=\"font-size: small;\"><span style=\"font-family: Arial, sans-serif;\">Caoutchouc de silicone<\/span><\/span><\/p>\n<\/td>\n<\/tr>\n<tr>\n<td bgcolor=\"#f3f4f8\" width=\"283\">\n<p class=\"western\" align=\"center\"><span style=\"font-size: small;\"><span style=\"font-family: Arial, sans-serif;\">Fil de connexion<\/span><\/span><\/p>\n<\/td>\n<td bgcolor=\"#ffffff\" width=\"767\">\n<p class=\"western\" align=\"left\"><span style=\"font-size: small;\"><span style=\"font-family: Arial, sans-serif;\">Fils isol\u00e9s en kapton ou en silicone<\/span><\/span><\/p>\n<\/td>\n<\/tr>\n<\/tbody>\n<\/table>\n<p align=\"left\"><span style=\"color: #212529;\"><span style=\"font-family: Arial, sans-serif;\"><span style=\"font-size: small;\"><span style=\"font-size: medium;\"><br \/>\n<\/span><\/span><\/span><\/span><span style=\"color: #333333;\"><span style=\"font-family: Arial, sans-serif;\"><span style=\"font-size: small;\"><b>R\u00e9sum\u00e9<\/b><\/span><\/span><\/span><span style=\"color: #333333;\"><span style=\"font-family: Arial, sans-serif;\"><span style=\"font-size: medium;\"><br \/>\n&#8212; Il a les caract\u00e9ristiques de chauffage rapide, temp\u00e9rature uniforme, haute efficacit\u00e9 thermique, haute r\u00e9sistance, utilisation pratique, longue dur\u00e9e de vie, ne vieillit pas facilement, et peut plier et d\u00e9former la surface de l&#8217;objet, de sorte que la chaleur peut \u00eatre uniform\u00e9ment transmise \u00e0 chaque partie en contact avec l&#8217;objet \u00e0 chauffer.<\/span><\/span><\/span><\/p>\n<p><span style=\"color: #212529;\"><span style=\"font-family: Arial, sans-serif;\"><span style=\"font-size: small;\"><b>Caract\u00e9ristiques<\/b><\/span><\/span><\/span><\/p>\n<p class=\"western\" align=\"left\"><span style=\"font-family: Arial, sans-serif;\"><span style=\"font-size: small;\"><span style=\"color: #333333;\">* Les r\u00e9chauffeurs en caoutchouc de silicone ont l&#8217;avantage d&#8217;\u00eatre fins, l\u00e9gers et flexibles;<\/span><\/span><\/span><\/p>\n<p class=\"western\" align=\"left\"><span style=\"color: #333333;\"><span style=\"font-family: Arial, sans-serif;\"><span style=\"font-size: small;\"><span lang=\"en-US\">* Le r\u00e9chauffeur en caoutchouc de silicone peut am\u00e9liorer le transfert de chaleur, acc\u00e9l\u00e9rer le r\u00e9chauffement et diminuer la puissance pendant le processus de fonctionnement;<br \/>\n*\u00a0Le caoutchouc de silicone renforc\u00e9 de fibre de verre stabilise la dimension des r\u00e9chauffeurs;<br \/>\n* La puissance maximale du r\u00e9chauffeur en caoutchouc de silicone peut \u00eatre faite pour 1 w\/cm\u00b2;<br \/>\n* Les r\u00e9chauffeurs en caoutchouc de silicone peuvent \u00eatre fabriqu\u00e9s dans toutes les tailles et toutes les formes.<\/span><\/span><\/span><\/span><\/p>\n<p>&nbsp;<\/p>\n<p><img fetchpriority=\"high\" decoding=\"async\" class=\"aligncenter size-full wp-image-1066\" src=\"https:\/\/cheri-heater.com\/fr\/wp-content\/uploads\/2024\/06\/\u5fae\u4fe1\u56fe\u7247_20240428145609.jpg\" alt=\"\" width=\"750\" height=\"836\" srcset=\"https:\/\/cheri-heater.com\/fr\/wp-content\/uploads\/2024\/06\/\u5fae\u4fe1\u56fe\u7247_20240428145609.jpg 750w, https:\/\/cheri-heater.com\/fr\/wp-content\/uploads\/2024\/06\/\u5fae\u4fe1\u56fe\u7247_20240428145609-600x669.jpg 600w, https:\/\/cheri-heater.com\/fr\/wp-content\/uploads\/2024\/06\/\u5fae\u4fe1\u56fe\u7247_20240428145609-269x300.jpg 269w\" sizes=\"(max-width: 750px) 100vw, 750px\" \/><\/p>\n","protected":false},"excerpt":{"rendered":"<p class=\"western\" align=\"justify\"><span style=\"color: #333333;\"><span style=\"font-family: Arial, sans-serif;\"><span style=\"font-size: medium;\">&#8212; Le r\u00e9chauffeur en silicone est principalement compos\u00e9 d&#8217;un fil chauffant \u00e9lectrique en alliage de nickel-chrome et d&#8217;un tissu isolant en caoutchouc de silicone renforc\u00e9 de fibre de verre.<\/span><\/span><\/span><\/p>\n","protected":false},"featured_media":1057,"template":"","meta":[],"product_brand":[],"product_cat":[35],"product_tag":[],"class_list":{"0":"post-1056","1":"product","2":"type-product","3":"status-publish","4":"has-post-thumbnail","6":"product_cat-silicone-rubber-heater","8":"first","9":"instock","10":"shipping-taxable","11":"product-type-simple"},"yoast_head":"<!-- This site is optimized with the Yoast SEO plugin v27.4 - https:\/\/yoast.com\/product\/yoast-seo-wordpress\/ -->\n<title>\u00e9l\u00e9ment chauffant en caoutchouc de silicone - Cheri Heater Technology Co.,Ltd.<\/title>\n<meta name=\"robots\" content=\"index, follow, max-snippet:-1, max-image-preview:large, max-video-preview:-1\" \/>\n<link rel=\"canonical\" href=\"https:\/\/cheri-heater.com\/fr\/product\/silicone-rubber-heater\/\" \/>\n<meta property=\"og:locale\" content=\"en_US\" \/>\n<meta property=\"og:type\" content=\"article\" \/>\n<meta property=\"og:title\" content=\"\u00e9l\u00e9ment chauffant en caoutchouc de silicone - Cheri Heater Technology Co.,Ltd.\" \/>\n<meta property=\"og:description\" content=\"-- Le r\u00e9chauffeur en silicone est principalement compos\u00e9 d&#039;un fil chauffant \u00e9lectrique en alliage de nickel-chrome et d&#039;un tissu isolant en caoutchouc de silicone renforc\u00e9 de fibre de verre.\" \/>\n<meta property=\"og:url\" content=\"https:\/\/cheri-heater.com\/fr\/product\/silicone-rubber-heater\/\" \/>\n<meta property=\"og:site_name\" content=\"Cheri Heater Technology Co.,Ltd.\" \/>\n<meta property=\"article:modified_time\" content=\"2024-07-28T21:49:35+00:00\" \/>\n<meta property=\"og:image\" content=\"https:\/\/cheri-heater.com\/fr\/wp-content\/uploads\/2024\/06\/\u52a0\u70ed\u5e26\u52a0\u6e29\u63a72.jpg\" \/>\n\t<meta property=\"og:image:width\" content=\"2000\" \/>\n\t<meta property=\"og:image:height\" content=\"2000\" \/>\n\t<meta property=\"og:image:type\" content=\"image\/jpeg\" \/>\n<meta name=\"twitter:card\" content=\"summary_large_image\" \/>\n<meta name=\"twitter:label1\" content=\"Est. reading time\" \/>\n\t<meta name=\"twitter:data1\" content=\"2 minutes\" \/>\n<!-- \/ Yoast SEO plugin. -->","yoast_head_json":{"title":"\u00e9l\u00e9ment chauffant en caoutchouc de silicone - Cheri Heater Technology Co.,Ltd.","robots":{"index":"index","follow":"follow","max-snippet":"max-snippet:-1","max-image-preview":"max-image-preview:large","max-video-preview":"max-video-preview:-1"},"canonical":"https:\/\/cheri-heater.com\/fr\/product\/silicone-rubber-heater\/","og_locale":"en_US","og_type":"article","og_title":"\u00e9l\u00e9ment chauffant en caoutchouc de silicone - Cheri Heater Technology Co.,Ltd.","og_description":"-- Le r\u00e9chauffeur en silicone est principalement compos\u00e9 d'un fil chauffant \u00e9lectrique en alliage de nickel-chrome et d'un tissu isolant en caoutchouc de silicone renforc\u00e9 de fibre de verre.","og_url":"https:\/\/cheri-heater.com\/fr\/product\/silicone-rubber-heater\/","og_site_name":"Cheri Heater Technology Co.,Ltd.","article_modified_time":"2024-07-28T21:49:35+00:00","og_image":[{"width":2000,"height":2000,"url":"https:\/\/cheri-heater.com\/fr\/wp-content\/uploads\/2024\/06\/\u52a0\u70ed\u5e26\u52a0\u6e29\u63a72.jpg","type":"image\/jpeg"}],"twitter_card":"summary_large_image","twitter_misc":{"Est. reading time":"2 minutes"},"schema":{"@context":"https:\/\/schema.org","@graph":[{"@type":"WebPage","@id":"https:\/\/cheri-heater.com\/fr\/product\/silicone-rubber-heater\/","url":"https:\/\/cheri-heater.com\/fr\/product\/silicone-rubber-heater\/","name":"\u00e9l\u00e9ment chauffant en caoutchouc de silicone - Cheri Heater Technology Co.,Ltd.","isPartOf":{"@id":"https:\/\/cheri-heater.com\/fr\/#website"},"primaryImageOfPage":{"@id":"https:\/\/cheri-heater.com\/fr\/product\/silicone-rubber-heater\/#primaryimage"},"image":{"@id":"https:\/\/cheri-heater.com\/fr\/product\/silicone-rubber-heater\/#primaryimage"},"thumbnailUrl":"https:\/\/cheri-heater.com\/fr\/wp-content\/uploads\/2024\/06\/\u52a0\u70ed\u5e26\u52a0\u6e29\u63a72.jpg","datePublished":"2024-06-04T18:44:01+00:00","dateModified":"2024-07-28T21:49:35+00:00","breadcrumb":{"@id":"https:\/\/cheri-heater.com\/fr\/product\/silicone-rubber-heater\/#breadcrumb"},"inLanguage":"en-US","potentialAction":[{"@type":"ReadAction","target":["https:\/\/cheri-heater.com\/fr\/product\/silicone-rubber-heater\/"]}]},{"@type":"ImageObject","inLanguage":"en-US","@id":"https:\/\/cheri-heater.com\/fr\/product\/silicone-rubber-heater\/#primaryimage","url":"https:\/\/cheri-heater.com\/fr\/wp-content\/uploads\/2024\/06\/\u52a0\u70ed\u5e26\u52a0\u6e29\u63a72.jpg","contentUrl":"https:\/\/cheri-heater.com\/fr\/wp-content\/uploads\/2024\/06\/\u52a0\u70ed\u5e26\u52a0\u6e29\u63a72.jpg","width":2000,"height":2000},{"@type":"BreadcrumbList","@id":"https:\/\/cheri-heater.com\/fr\/product\/silicone-rubber-heater\/#breadcrumb","itemListElement":[{"@type":"ListItem","position":1,"name":"Home","item":"https:\/\/cheri-heater.com\/fr\/"},{"@type":"ListItem","position":2,"name":"Products","item":"https:\/\/cheri-heater.com\/fr\/products\/"},{"@type":"ListItem","position":3,"name":"\u00e9l\u00e9ment chauffant en caoutchouc de silicone"}]},{"@type":"WebSite","@id":"https:\/\/cheri-heater.com\/fr\/#website","url":"https:\/\/cheri-heater.com\/fr\/","name":"Cheri Heater Technology Co.,Ltd.","description":"","publisher":{"@id":"https:\/\/cheri-heater.com\/fr\/#organization"},"potentialAction":[{"@type":"SearchAction","target":{"@type":"EntryPoint","urlTemplate":"https:\/\/cheri-heater.com\/fr\/?s={search_term_string}"},"query-input":{"@type":"PropertyValueSpecification","valueRequired":true,"valueName":"search_term_string"}}],"inLanguage":"en-US"},{"@type":"Organization","@id":"https:\/\/cheri-heater.com\/fr\/#organization","name":"Cheri Heater Technology Co.,Ltd.","url":"https:\/\/cheri-heater.com\/fr\/","logo":{"@type":"ImageObject","inLanguage":"en-US","@id":"https:\/\/cheri-heater.com\/fr\/#\/schema\/logo\/image\/","url":"https:\/\/cheri-heater.com\/fr\/wp-content\/uploads\/2024\/06\/cropped-logo-resize.png","contentUrl":"https:\/\/cheri-heater.com\/fr\/wp-content\/uploads\/2024\/06\/cropped-logo-resize.png","width":346,"height":99,"caption":"Cheri Heater Technology Co.,Ltd."},"image":{"@id":"https:\/\/cheri-heater.com\/fr\/#\/schema\/logo\/image\/"}}]}},"_links":{"self":[{"href":"https:\/\/cheri-heater.com\/fr\/wp-json\/wp\/v2\/product\/1056","targetHints":{"allow":["GET"]}}],"collection":[{"href":"https:\/\/cheri-heater.com\/fr\/wp-json\/wp\/v2\/product"}],"about":[{"href":"https:\/\/cheri-heater.com\/fr\/wp-json\/wp\/v2\/types\/product"}],"wp:featuredmedia":[{"embeddable":true,"href":"https:\/\/cheri-heater.com\/fr\/wp-json\/wp\/v2\/media\/1057"}],"wp:attachment":[{"href":"https:\/\/cheri-heater.com\/fr\/wp-json\/wp\/v2\/media?parent=1056"}],"wp:term":[{"taxonomy":"product_brand","embeddable":true,"href":"https:\/\/cheri-heater.com\/fr\/wp-json\/wp\/v2\/product_brand?post=1056"},{"taxonomy":"product_cat","embeddable":true,"href":"https:\/\/cheri-heater.com\/fr\/wp-json\/wp\/v2\/product_cat?post=1056"},{"taxonomy":"product_tag","embeddable":true,"href":"https:\/\/cheri-heater.com\/fr\/wp-json\/wp\/v2\/product_tag?post=1056"}],"curies":[{"name":"wp","href":"https:\/\/api.w.org\/{rel}","templated":true}]}}