{"id":1082,"date":"2024-06-05T17:08:06","date_gmt":"2024-06-05T17:08:06","guid":{"rendered":"https:\/\/cheri-heater.com\/fr\/?post_type=product&#038;p=1082"},"modified":"2024-07-28T21:59:59","modified_gmt":"2024-07-28T21:59:59","slug":"kejtn-type-thermocouple","status":"publish","type":"product","link":"https:\/\/cheri-heater.com\/fr\/product\/kejtn-type-thermocouple\/","title":{"rendered":"Thermocouple type K, E, J, T, N"},"content":{"rendered":"<h3 class=\"western\"><span style=\"font-size: large;\"><b><span style=\"font-family: Arial, sans-serif;\">Description du thermocouple de type K :<\/span><\/b><\/span><\/h3>\n<p class=\"western\" align=\"left\"><span style=\"color: #000000;\"><span style=\"font-family: Arial, sans-serif;\"><span style=\"font-size: small;\"><span lang=\"en-US\"><b>Type K<\/b><\/span><\/span><\/span><\/span><span style=\"color: #000000;\"><span style=\"font-family: Arial, sans-serif;\"><span style=\"font-size: small;\"><span lang=\"en-US\"> des thermocouples sont des capteurs de temp\u00e9rature tr\u00e8s simples et durables. Les thermocouples sont disponibles avec diff\u00e9rents couplages de mat\u00e9riaux permettant une tr\u00e8s large gamme d&#8217;applications. Les diff\u00e9rentes compositions sont normalis\u00e9es en types de thermocouples. Les diff\u00e9rents types re\u00e7oivent des noms de lettres qui sont normalis\u00e9s dans toute l&#8217;industrie.<\/span><\/span><\/span><\/span><span style=\"color: #000000;\"><span style=\"font-family: Arial, sans-serif;\"><span style=\"font-size: small;\"><span lang=\"en-US\"><b>Type K<\/b><\/span><\/span><\/span><\/span><span style=\"color: #000000;\"><span style=\"font-family: Arial, sans-serif;\"><span style=\"font-size: small;\"><span lang=\"en-US\"> des thermocouples sont fabriqu\u00e9s dans de nombreuses configurations diff\u00e9rentes pour une multitude d&#8217;applications. Diam\u00e8tres, longueurs, mat\u00e9riau de gaine, longueurs de fils et mat\u00e9riau du capteur ne sont que quelques-unes des variables qui d\u00e9terminent le style de thermocouple lors de la fabrication. Les principaux facteurs d\u00e9terminants pour choisir le type de thermocouple \u00e0 utiliser dans une application sont la temp\u00e9rature, l&#8217;environnement, le temps de r\u00e9ponse et la pr\u00e9cision. La jonction du thermocouple peut \u00eatre mise \u00e0 la terre, non mise \u00e0 la terre ou expos\u00e9e.<\/span><\/span><\/span><\/span><span style=\"color: #000000;\"><span style=\"font-family: Arial, sans-serif;\"><span style=\"font-size: small;\"><span lang=\"en-US\"><b>Type K<\/b><\/span><\/span><\/span><\/span><span style=\"color: #000000;\"><span style=\"font-family: Arial, sans-serif;\"><span style=\"font-size: small;\"><span lang=\"en-US\"> des thermocouples sont faciles \u00e0 utiliser. Les thermocouples sont les capteurs de temp\u00e9rature les plus populaires. Ils sont peu co\u00fbteux, interchangeables, poss\u00e8dent des connecteurs standard et peuvent mesurer une large gamme de temp\u00e9ratures.<\/span><\/span><\/span><\/span><\/p>\n<p class=\"western\" align=\"left\"><span style=\"font-size: large;\"><b><span style=\"font-family: Arial, sans-serif;\">Choisir un type de thermocouple :<\/span><\/b><\/span><\/p>\n<table dir=\"ltr\" width=\"750\" cellspacing=\"0\" cellpadding=\"0\" align=\"left\">\n<tbody>\n<tr valign=\"top\">\n<td bgcolor=\"#f3f4f8\" width=\"130\">\n<p class=\"western\" align=\"left\"><span style=\"font-size: small;\"><span style=\"font-family: Arial, sans-serif;\">Produit<\/span><\/span><\/p>\n<\/td>\n<td bgcolor=\"#f7f8fa\" width=\"160\">\n<p class=\"western\" align=\"left\"><span style=\"font-size: small;\"><span style=\"font-family: Arial, sans-serif;\">Mat\u00e9riau du conducteur<\/span><\/span><\/p>\n<\/td>\n<td bgcolor=\"#f7f8fa\" width=\"39\">\n<p class=\"western\" align=\"left\"><span style=\"font-size: small;\"><span style=\"font-family: Arial, sans-serif;\">Type<\/span><\/span><\/p>\n<\/td>\n<td bgcolor=\"#f7f8fa\" width=\"77\">\n<p class=\"western\" align=\"left\"><span style=\"font-size: small;\"><span style=\"font-family: Arial, sans-serif;\">Graduation<\/span><\/span><\/p>\n<\/td>\n<td bgcolor=\"#f7f8fa\" width=\"210\">\n<p class=\"western\" align=\"left\"><span style=\"font-size: small;\"><span style=\"font-family: Arial, sans-serif;\">Temp\u00e9rature d&#8217;utilisation\u00b0C (court terme)<\/span><\/span><\/p>\n<\/td>\n<td bgcolor=\"#f7f8fa\" width=\"131\">\n<p class=\"western\" align=\"left\"><span style=\"font-size: small;\"><span style=\"font-family: Arial, sans-serif;\">Temp\u00e9rature d&#8217;utilisation\u00b0C<\/span><\/span><\/p>\n<\/td>\n<\/tr>\n<tr valign=\"top\">\n<td bgcolor=\"#f3f4f8\" width=\"130\">\n<p class=\"western\" align=\"left\"><span style=\"font-size: small;\"><span style=\"font-family: Arial, sans-serif;\">Thermocouple<\/span><\/span><\/p>\n<\/td>\n<td width=\"160\">\n<p class=\"western\" align=\"left\"><span style=\"font-size: small;\"><span style=\"font-family: Arial, sans-serif;\">PtRh30-Ptrh6<\/span><\/span><\/p>\n<\/td>\n<td width=\"39\">\n<p class=\"western\" align=\"left\"><span style=\"font-size: small;\"><span style=\"font-family: Arial, sans-serif;\">WRR<\/span><\/span><\/p>\n<\/td>\n<td width=\"77\">\n<p class=\"western\" align=\"left\"><span style=\"font-size: small;\"><span style=\"font-family: Arial, sans-serif;\">B<\/span><\/span><\/p>\n<\/td>\n<td width=\"210\">\n<p class=\"western\" align=\"left\"><span style=\"font-size: small;\"><span style=\"font-family: Arial, sans-serif;\">0-1800\u00b0C<\/span><\/span><\/p>\n<\/td>\n<td width=\"131\">\n<p class=\"western\" align=\"left\"><span style=\"font-size: small;\"><span style=\"font-family: Arial, sans-serif;\">0-1600\u00b0C<\/span><\/span><\/p>\n<\/td>\n<\/tr>\n<tr valign=\"top\">\n<td bgcolor=\"#f3f4f8\" width=\"130\"><\/td>\n<td width=\"160\">\n<p class=\"western\" align=\"left\"><span style=\"font-size: small;\"><span style=\"font-family: Arial, sans-serif;\">PtRh10-Pt<\/span><\/span><\/p>\n<\/td>\n<td width=\"39\">\n<p class=\"western\" align=\"left\"><span style=\"font-size: small;\"><span style=\"font-family: Arial, sans-serif;\">WRP<\/span><\/span><\/p>\n<\/td>\n<td width=\"77\">\n<p class=\"western\" align=\"left\"><span style=\"font-size: small;\"><span style=\"font-family: Arial, sans-serif;\">R<\/span><\/span><\/p>\n<\/td>\n<td width=\"210\">\n<p class=\"western\" align=\"left\"><span style=\"font-size: small;\"><span style=\"font-family: Arial, sans-serif;\">0-1600\u00b0C<\/span><\/span><\/p>\n<\/td>\n<td width=\"131\">\n<p class=\"western\" align=\"left\"><span style=\"font-size: small;\"><span style=\"font-family: Arial, sans-serif;\">0-1300\u00b0C<\/span><\/span><\/p>\n<\/td>\n<\/tr>\n<tr valign=\"top\">\n<td bgcolor=\"#f3f4f8\" width=\"130\"><\/td>\n<td width=\"160\">\n<p class=\"western\" align=\"left\"><span style=\"font-size: small;\"><span style=\"font-family: Arial, sans-serif;\">PtRh13-Pt<\/span><\/span><\/p>\n<\/td>\n<td width=\"39\">\n<p class=\"western\" align=\"left\"><span style=\"font-size: small;\"><span style=\"font-family: Arial, sans-serif;\">WRB<\/span><\/span><\/p>\n<\/td>\n<td width=\"77\">\n<p class=\"western\" align=\"left\"><span style=\"font-size: small;\"><span style=\"font-family: Arial, sans-serif;\">S<\/span><\/span><\/p>\n<\/td>\n<td width=\"210\">\n<p class=\"western\" align=\"left\"><span style=\"font-size: small;\"><span style=\"font-family: Arial, sans-serif;\">0-1600\u00b0C<\/span><\/span><\/p>\n<\/td>\n<td width=\"131\">\n<p class=\"western\" align=\"left\"><span style=\"font-size: small;\"><span style=\"font-family: Arial, sans-serif;\">0-1300\u00b0C<\/span><\/span><\/p>\n<\/td>\n<\/tr>\n<tr valign=\"top\">\n<td bgcolor=\"#f3f4f8\" width=\"130\"><\/td>\n<td width=\"160\">\n<p class=\"western\" align=\"left\"><span style=\"font-size: small;\"><span style=\"font-family: Arial, sans-serif;\">NiCrSi-NiSi<\/span><\/span><\/p>\n<\/td>\n<td width=\"39\">\n<p class=\"western\" align=\"left\"><span style=\"font-size: small;\"><span style=\"font-family: Arial, sans-serif;\">WRM<\/span><\/span><\/p>\n<\/td>\n<td width=\"77\">\n<p class=\"western\" align=\"left\"><span style=\"font-size: small;\"><span style=\"font-family: Arial, sans-serif;\">N<\/span><\/span><\/p>\n<\/td>\n<td width=\"210\">\n<p class=\"western\" align=\"left\"><span style=\"font-size: small;\"><span style=\"font-family: Arial, sans-serif;\">0-1000\u00b0C<\/span><\/span><\/p>\n<\/td>\n<td width=\"131\">\n<p class=\"western\" align=\"left\"><span style=\"font-size: small;\"><span style=\"font-family: Arial, sans-serif;\">0-1000\u00b0C<\/span><\/span><\/p>\n<\/td>\n<\/tr>\n<tr valign=\"top\">\n<td bgcolor=\"#f3f4f8\" width=\"130\"><\/td>\n<td width=\"160\">\n<p class=\"western\" align=\"left\"><span style=\"font-size: small;\"><span style=\"font-family: Arial, sans-serif;\">NiCr-NiAl<\/span><\/span><\/p>\n<\/td>\n<td width=\"39\">\n<p class=\"western\" align=\"left\"><span style=\"font-size: small;\"><span style=\"font-family: Arial, sans-serif;\">WRN<\/span><\/span><\/p>\n<\/td>\n<td width=\"77\">\n<p class=\"western\" align=\"left\"><span style=\"font-size: small;\"><span style=\"font-family: Arial, sans-serif;\">K<\/span><\/span><\/p>\n<\/td>\n<td width=\"210\">\n<p class=\"western\" align=\"left\"><span style=\"font-size: small;\"><span style=\"font-family: Arial, sans-serif;\">0-1100\u00b0C<\/span><\/span><\/p>\n<\/td>\n<td width=\"131\">\n<p class=\"western\" align=\"left\"><span style=\"font-size: small;\"><span style=\"font-family: Arial, sans-serif;\">0-900\u00b0C<\/span><\/span><\/p>\n<\/td>\n<\/tr>\n<tr valign=\"top\">\n<td bgcolor=\"#f3f4f8\" width=\"130\"><\/td>\n<td width=\"160\">\n<p class=\"western\" align=\"left\"><span style=\"font-size: small;\"><span style=\"font-family: Arial, sans-serif;\">Fe-CuNi<\/span><\/span><\/p>\n<\/td>\n<td width=\"39\">\n<p class=\"western\" align=\"left\"><span style=\"font-size: small;\"><span style=\"font-family: Arial, sans-serif;\">WRE<\/span><\/span><\/p>\n<\/td>\n<td width=\"77\">\n<p class=\"western\" align=\"left\"><span style=\"font-size: small;\"><span style=\"font-family: Arial, sans-serif;\">J<\/span><\/span><\/p>\n<\/td>\n<td width=\"210\">\n<p class=\"western\" align=\"left\"><span style=\"font-size: small;\"><span style=\"font-family: Arial, sans-serif;\">0-800\u00b0C<\/span><\/span><\/p>\n<\/td>\n<td width=\"131\">\n<p class=\"western\" align=\"left\"><span style=\"font-size: small;\"><span style=\"font-family: Arial, sans-serif;\">0-600\u00b0C<\/span><\/span><\/p>\n<\/td>\n<\/tr>\n<tr valign=\"top\">\n<td bgcolor=\"#f3f4f8\" width=\"130\"><\/td>\n<td width=\"160\">\n<p class=\"western\" align=\"left\"><span style=\"font-size: small;\"><span style=\"font-family: Arial, sans-serif;\">Cu-CuNi<\/span><\/span><\/p>\n<td width=\"39\">\n<p class=\"western\" align=\"left\"><span style=\"font-size: small;\"><span style=\"font-family: Arial, sans-serif;\">WRM<\/span><\/span><\/p>\n<\/td>\n<td width=\"77\">\n<p class=\"western\" align=\"left\"><span style=\"font-size: small;\"><span style=\"font-family: Arial, sans-serif;\">T<\/span><\/span><\/p>\n<\/td>\n<td width=\"210\">\n<p class=\"western\" align=\"left\"><span style=\"font-size: small;\"><span style=\"font-family: Arial, sans-serif;\">0-400\u00b0C<\/span><\/span><\/p>\n<\/td>\n<td width=\"131\">\n<p class=\"western\" align=\"left\"><span style=\"font-size: small;\"><span style=\"font-family: Arial, sans-serif;\">0-350\u00b0C<\/span><\/span><\/p>\n<\/td>\n<\/tr>\n<\/tbody>\n<\/table>\n<p class=\"western\" align=\"left\"><\/p>\n<p class=\"western\" align=\"left\"><\/p>\n<h3 class=\"western\"><span style=\"font-size: large;\"><b><span style=\"font-family: Arial, sans-serif;\">O\u00f9 sont utilis\u00e9s les thermocouples :<\/span><\/b><\/span><\/h3>\n<p class=\"western\" align=\"left\"><span style=\"font-size: small;\"><span style=\"font-family: Arial, sans-serif;\"><b>Les thermocouples<\/b><\/span><\/span><span style=\"font-size: small;\"><span style=\"font-family: Arial, sans-serif;\"> sont utilis\u00e9s pour la mesure de temp\u00e9rature dans de nombreuses applications commerciales et industrielles. En raison de la large gamme de mod\u00e8les et de sp\u00e9cifications techniques des thermocouples, il existe de nombreuses utilisations pour les dispositifs de thermocouples. Voici quelques-unes des principales utilisations des thermocouples :<\/span><\/span><\/p>\n<p class=\"western\" align=\"left\"><span style=\"font-size: small;\"><span style=\"font-family: Arial, sans-serif;\"><b>Usines d&#8217;acier et fonderies<\/b> \u2013<\/span><\/span><span style=\"font-size: small;\"><span style=\"font-family: Arial, sans-serif;\"> Mesurer la temp\u00e9rature des m\u00e9taux en fusion \u00e0 diff\u00e9rents stades du processus, depuis le stockage, le m\u00e9lange jusqu&#8217;\u00e0 la coul\u00e9e.<\/span><\/span><\/p>\n<p class=\"western\" align=\"left\"><span style=\"font-size: small;\"><span style=\"font-family: Arial, sans-serif;\"><b>S\u00e9curit\u00e9 des appareils \u00e0 gaz<\/b> \u2013<\/span><\/span><span style=\"font-size: small;\"><span style=\"font-family: Arial, sans-serif;\"> Utiliser un thermocouple pour la s\u00e9curit\u00e9 des appareils \u00e0 gaz assure que si la veilleuse de l&#8217;appareil s&#8217;\u00e9teint, le thermocouple d\u00e9tectera un changement de temp\u00e9rature et fermera la vanne de gaz.<\/span><\/span><\/p>\n<p class=\"western\" align=\"left\"><span style=\"font-size: small;\"><span style=\"font-family: Arial, sans-serif;\"><b>Thermopiles<\/b> \u2013<\/span><\/span><span style=\"font-size: small;\"><span style=\"font-family: Arial, sans-serif;\"> Les thermopiles sont simplement des thermocouples connect\u00e9s en s\u00e9rie ou en parall\u00e8le pour augmenter la sortie. Comme les thermopiles ne n\u00e9cessitent pas de source d&#8217;alimentation externe, ils sont souvent utilis\u00e9s pour fournir de l&#8217;\u00e9nergie aux \u00e9lectroniques dans des endroits \u00e9loign\u00e9s ou comme partie d&#8217;un dispositif de s\u00e9curit\u00e9 pour d\u00e9tecter la pr\u00e9sence d&#8217;une flamme pilote.<\/span><\/span><\/p>\n<p class=\"western\" align=\"left\"><span style=\"font-size: small;\"><span style=\"font-family: Arial, sans-serif;\"><b>Fabrication de plastiques<\/b> \u2013<\/span><\/span><span style=\"font-size: small;\"><span style=\"font-family: Arial, sans-serif;\"> Les thermocouples industriels surveillent la temp\u00e9rature des plastiques en cours de fabrication pour garantir que la qualit\u00e9 et l&#8217;uniformit\u00e9 sont maintenues pendant le processus de fabrication.<\/span><\/span><\/p>\n<p class=\"western\" align=\"left\"><span style=\"font-size: small;\"><span style=\"font-family: Arial, sans-serif;\"><b>Les thermocouples<\/b><\/span><\/span><span style=\"font-size: small;\"><span style=\"font-family: Arial, sans-serif;\"> peuvent \u00eatre utilis\u00e9s dans les syst\u00e8mes industriels, les syst\u00e8mes de chauffage, la production d&#8217;\u00e9lectricit\u00e9, les chaudi\u00e8res, les machines mobiles et la recherche et d\u00e9veloppement.<\/span><\/span><\/p>\n<p class=\"western\" align=\"left\"><\/p>\n","protected":false},"excerpt":{"rendered":"<p class=\"western\" align=\"left\">Les thermocouples de type K sont des capteurs de temp\u00e9rature tr\u00e8s simples et durables. Les thermocouples sont disponibles avec diff\u00e9rentes combinaisons de mat\u00e9riaux permettant une tr\u00e8s large gamme d&#8217;applications.<\/p>\n","protected":false},"featured_media":1086,"template":"","meta":[],"product_brand":[],"product_cat":[27],"product_tag":[160],"class_list":{"0":"post-1082","1":"product","2":"type-product","3":"status-publish","4":"has-post-thumbnail","6":"product_cat-thermocouple","7":"product_tag-kejtn-type-thermocouple","9":"first","10":"instock","11":"shipping-taxable","12":"product-type-simple"},"yoast_head":"<!-- This site is optimized with the Yoast SEO plugin v27.6 - https:\/\/yoast.com\/product\/yoast-seo-wordpress\/ -->\n<title>Meilleurs thermocouples de type K E J T N | Cheri-heater.com<\/title>\n<meta name=\"description\" content=\"D\u00e9couvrez notre gamme de thermocouples polyvalents comprenant les types K, E, J, T et N, con\u00e7us pour une mesure pr\u00e9cise de la temp\u00e9rature dans diverses applications. Faites confiance \u00e0 nos thermocouples de qualit\u00e9 pour des mesures pr\u00e9cises et des performances fiables. Parcourez-les maintenant\u00a0!\" \/>\n<meta name=\"robots\" content=\"index, follow, max-snippet:-1, max-image-preview:large, max-video-preview:-1\" \/>\n<link rel=\"canonical\" href=\"https:\/\/cheri-heater.com\/fr\/product\/kejtn-type-thermocouple\/\" \/>\n<meta property=\"og:locale\" content=\"en_US\" \/>\n<meta property=\"og:type\" content=\"article\" \/>\n<meta property=\"og:title\" content=\"Meilleurs thermocouples de type K E J T N | Cheri-heater.com\" \/>\n<meta property=\"og:description\" content=\"D\u00e9couvrez notre gamme de thermocouples polyvalents comprenant les types K, E, J, T et N, con\u00e7us pour une mesure pr\u00e9cise de la temp\u00e9rature dans diverses applications. Faites confiance \u00e0 nos thermocouples de qualit\u00e9 pour des mesures pr\u00e9cises et des performances fiables. Parcourez-les maintenant\u00a0!\" \/>\n<meta property=\"og:url\" content=\"https:\/\/cheri-heater.com\/fr\/product\/kejtn-type-thermocouple\/\" \/>\n<meta property=\"og:site_name\" content=\"Cheri Heater Technology Co.,Ltd.\" \/>\n<meta property=\"article:modified_time\" content=\"2024-07-28T21:59:59+00:00\" \/>\n<meta property=\"og:image\" content=\"https:\/\/cheri-heater.com\/fr\/wp-content\/uploads\/2024\/06\/\u5fae\u4fe1\u56fe\u7247_202303061512584.jpg\" \/>\n\t<meta property=\"og:image:width\" content=\"760\" \/>\n\t<meta property=\"og:image:height\" content=\"760\" \/>\n\t<meta property=\"og:image:type\" content=\"image\/jpeg\" \/>\n<meta name=\"twitter:card\" content=\"summary_large_image\" \/>\n<meta name=\"twitter:label1\" content=\"Est. reading time\" \/>\n\t<meta name=\"twitter:data1\" content=\"2 minutes\" \/>\n<!-- \/ Yoast SEO plugin. -->","yoast_head_json":{"title":"Meilleurs thermocouples de type K E J T N | Cheri-heater.com","description":"D\u00e9couvrez notre gamme de thermocouples polyvalents comprenant les types K, E, J, T et N, con\u00e7us pour une mesure pr\u00e9cise de la temp\u00e9rature dans diverses applications. Faites confiance \u00e0 nos thermocouples de qualit\u00e9 pour des mesures pr\u00e9cises et des performances fiables. Parcourez-les maintenant\u00a0!","robots":{"index":"index","follow":"follow","max-snippet":"max-snippet:-1","max-image-preview":"max-image-preview:large","max-video-preview":"max-video-preview:-1"},"canonical":"https:\/\/cheri-heater.com\/fr\/product\/kejtn-type-thermocouple\/","og_locale":"en_US","og_type":"article","og_title":"Meilleurs thermocouples de type K E J T N | Cheri-heater.com","og_description":"D\u00e9couvrez notre gamme de thermocouples polyvalents comprenant les types K, E, J, T et N, con\u00e7us pour une mesure pr\u00e9cise de la temp\u00e9rature dans diverses applications. Faites confiance \u00e0 nos thermocouples de qualit\u00e9 pour des mesures pr\u00e9cises et des performances fiables. Parcourez-les maintenant\u00a0!","og_url":"https:\/\/cheri-heater.com\/fr\/product\/kejtn-type-thermocouple\/","og_site_name":"Cheri Heater Technology Co.,Ltd.","article_modified_time":"2024-07-28T21:59:59+00:00","og_image":[{"width":760,"height":760,"url":"https:\/\/cheri-heater.com\/fr\/wp-content\/uploads\/2024\/06\/\u5fae\u4fe1\u56fe\u7247_202303061512584.jpg","type":"image\/jpeg"}],"twitter_card":"summary_large_image","twitter_misc":{"Est. reading time":"2 minutes"},"schema":{"@context":"https:\/\/schema.org","@graph":[{"@type":"WebPage","@id":"https:\/\/cheri-heater.com\/fr\/product\/kejtn-type-thermocouple\/","url":"https:\/\/cheri-heater.com\/fr\/product\/kejtn-type-thermocouple\/","name":"Meilleurs thermocouples de type K E J T N | Cheri-heater.com","isPartOf":{"@id":"https:\/\/cheri-heater.com\/fr\/#website"},"primaryImageOfPage":{"@id":"https:\/\/cheri-heater.com\/fr\/product\/kejtn-type-thermocouple\/#primaryimage"},"image":{"@id":"https:\/\/cheri-heater.com\/fr\/product\/kejtn-type-thermocouple\/#primaryimage"},"thumbnailUrl":"https:\/\/cheri-heater.com\/fr\/wp-content\/uploads\/2024\/06\/\u5fae\u4fe1\u56fe\u7247_202303061512584.jpg","datePublished":"2024-06-05T17:08:06+00:00","dateModified":"2024-07-28T21:59:59+00:00","description":"D\u00e9couvrez notre gamme de thermocouples polyvalents comprenant les types K, E, J, T et N, con\u00e7us pour une mesure pr\u00e9cise de la temp\u00e9rature dans diverses applications. Faites confiance \u00e0 nos thermocouples de qualit\u00e9 pour des mesures pr\u00e9cises et des performances fiables. Parcourez-les maintenant\u00a0!","breadcrumb":{"@id":"https:\/\/cheri-heater.com\/fr\/product\/kejtn-type-thermocouple\/#breadcrumb"},"inLanguage":"en-US","potentialAction":[{"@type":"ReadAction","target":["https:\/\/cheri-heater.com\/fr\/product\/kejtn-type-thermocouple\/"]}]},{"@type":"ImageObject","inLanguage":"en-US","@id":"https:\/\/cheri-heater.com\/fr\/product\/kejtn-type-thermocouple\/#primaryimage","url":"https:\/\/cheri-heater.com\/fr\/wp-content\/uploads\/2024\/06\/\u5fae\u4fe1\u56fe\u7247_202303061512584.jpg","contentUrl":"https:\/\/cheri-heater.com\/fr\/wp-content\/uploads\/2024\/06\/\u5fae\u4fe1\u56fe\u7247_202303061512584.jpg","width":760,"height":760},{"@type":"BreadcrumbList","@id":"https:\/\/cheri-heater.com\/fr\/product\/kejtn-type-thermocouple\/#breadcrumb","itemListElement":[{"@type":"ListItem","position":1,"name":"Home","item":"https:\/\/cheri-heater.com\/fr\/"},{"@type":"ListItem","position":2,"name":"Products","item":"https:\/\/cheri-heater.com\/fr\/products\/"},{"@type":"ListItem","position":3,"name":"Thermocouple type K, E, J, T, N"}]},{"@type":"WebSite","@id":"https:\/\/cheri-heater.com\/fr\/#website","url":"https:\/\/cheri-heater.com\/fr\/","name":"Cheri Heater Technology Co.,Ltd.","description":"","publisher":{"@id":"https:\/\/cheri-heater.com\/fr\/#organization"},"potentialAction":[{"@type":"SearchAction","target":{"@type":"EntryPoint","urlTemplate":"https:\/\/cheri-heater.com\/fr\/?s={search_term_string}"},"query-input":{"@type":"PropertyValueSpecification","valueRequired":true,"valueName":"search_term_string"}}],"inLanguage":"en-US"},{"@type":"Organization","@id":"https:\/\/cheri-heater.com\/fr\/#organization","name":"Cheri Heater Technology Co.,Ltd.","url":"https:\/\/cheri-heater.com\/fr\/","logo":{"@type":"ImageObject","inLanguage":"en-US","@id":"https:\/\/cheri-heater.com\/fr\/#\/schema\/logo\/image\/","url":"https:\/\/cheri-heater.com\/fr\/wp-content\/uploads\/2024\/06\/cropped-logo-resize.png","contentUrl":"https:\/\/cheri-heater.com\/fr\/wp-content\/uploads\/2024\/06\/cropped-logo-resize.png","width":346,"height":99,"caption":"Cheri Heater Technology Co.,Ltd."},"image":{"@id":"https:\/\/cheri-heater.com\/fr\/#\/schema\/logo\/image\/"}}]}},"_links":{"self":[{"href":"https:\/\/cheri-heater.com\/fr\/wp-json\/wp\/v2\/product\/1082","targetHints":{"allow":["GET"]}}],"collection":[{"href":"https:\/\/cheri-heater.com\/fr\/wp-json\/wp\/v2\/product"}],"about":[{"href":"https:\/\/cheri-heater.com\/fr\/wp-json\/wp\/v2\/types\/product"}],"wp:featuredmedia":[{"embeddable":true,"href":"https:\/\/cheri-heater.com\/fr\/wp-json\/wp\/v2\/media\/1086"}],"wp:attachment":[{"href":"https:\/\/cheri-heater.com\/fr\/wp-json\/wp\/v2\/media?parent=1082"}],"wp:term":[{"taxonomy":"product_brand","embeddable":true,"href":"https:\/\/cheri-heater.com\/fr\/wp-json\/wp\/v2\/product_brand?post=1082"},{"taxonomy":"product_cat","embeddable":true,"href":"https:\/\/cheri-heater.com\/fr\/wp-json\/wp\/v2\/product_cat?post=1082"},{"taxonomy":"product_tag","embeddable":true,"href":"https:\/\/cheri-heater.com\/fr\/wp-json\/wp\/v2\/product_tag?post=1082"}],"curies":[{"name":"wp","href":"https:\/\/api.w.org\/{rel}","templated":true}]}}