{"id":1097,"date":"2024-06-05T17:08:13","date_gmt":"2024-06-05T17:08:13","guid":{"rendered":"https:\/\/cheri-heater.com\/fr\/?post_type=product&#038;p=1097"},"modified":"2024-07-28T16:12:55","modified_gmt":"2024-07-28T16:12:55","slug":"rtd-sensor","status":"publish","type":"product","link":"https:\/\/cheri-heater.com\/fr\/product\/rtd-sensor\/","title":{"rendered":"Capteur RTD"},"content":{"rendered":"<p>Les d\u00e9tecteurs de temp\u00e9rature \u00e0 r\u00e9sistance (RTD) sont des capteurs de temp\u00e9rature qui contiennent une r\u00e9sistance dont la valeur change lorsque sa temp\u00e9rature change. Ils sont utilis\u00e9s depuis de nombreuses ann\u00e9es pour mesurer la temp\u00e9rature dans les laboratoires et les processus industriels, et ont acquis une r\u00e9putation de pr\u00e9cision, de r\u00e9p\u00e9tabilit\u00e9 et de stabilit\u00e9. Le RTD est l&#8217;un des capteurs de temp\u00e9rature les plus pr\u00e9cis. Non seulement il offre une bonne pr\u00e9cision, mais il offre \u00e9galement une excellente stabilit\u00e9 et r\u00e9p\u00e9tabilit\u00e9. Les RTD sont relativement insensibles au bruit \u00e9lectrique et sont donc bien adapt\u00e9s \u00e0 la mesure de la temp\u00e9rature dans les environnements industriels, en particulier autour des moteurs, des g\u00e9n\u00e9rateurs et d&#8217;autres \u00e9quipements haute tension.<\/p>\n","protected":false},"excerpt":{"rendered":"<p>Les d\u00e9tecteurs de temp\u00e9rature \u00e0 r\u00e9sistance (RTD) sont des capteurs de temp\u00e9rature qui contiennent une r\u00e9sistance dont la valeur change lorsque sa temp\u00e9rature change. Ils sont utilis\u00e9s depuis de nombreuses ann\u00e9es pour mesurer la temp\u00e9rature dans les laboratoires et les processus industriels, et ont acquis une r\u00e9putation de pr\u00e9cision, de r\u00e9p\u00e9tabilit\u00e9 et de stabilit\u00e9. Le [&hellip;]<\/p>\n","protected":false},"featured_media":1101,"template":"","meta":[],"product_brand":[],"product_cat":[27],"product_tag":[161],"class_list":{"0":"post-1097","1":"product","2":"type-product","3":"status-publish","4":"has-post-thumbnail","6":"product_cat-thermocouple","7":"product_tag-rtd-sensor","9":"first","10":"instock","11":"shipping-taxable","12":"product-type-simple"},"yoast_head":"<!-- This site is optimized with the Yoast SEO plugin v27.3 - https:\/\/yoast.com\/product\/yoast-seo-wordpress\/ -->\n<title>Principaux fabricants de capteurs RTD | Cheri-heater.com<\/title>\n<meta name=\"description\" content=\"Trouvez des capteurs RTD de qualit\u00e9 sup\u00e9rieure aupr\u00e8s d&#039;un fabricant de confiance pour des solutions de d\u00e9tection de temp\u00e9rature pr\u00e9cises. D\u00e9couvrez notre gamme de capteurs RTD fiables con\u00e7us pour la pr\u00e9cision et la durabilit\u00e9 dans divers secteurs. Contactez-nous d\u00e8s aujourd&#039;hui pour vos besoins de mesure de temp\u00e9rature !\" \/>\n<meta name=\"robots\" content=\"index, follow, max-snippet:-1, max-image-preview:large, max-video-preview:-1\" \/>\n<link rel=\"canonical\" href=\"https:\/\/cheri-heater.com\/fr\/product\/rtd-sensor\/\" \/>\n<meta property=\"og:locale\" content=\"en_US\" \/>\n<meta property=\"og:type\" content=\"article\" \/>\n<meta property=\"og:title\" content=\"Principaux fabricants de capteurs RTD | Cheri-heater.com\" \/>\n<meta property=\"og:description\" content=\"Trouvez des capteurs RTD de qualit\u00e9 sup\u00e9rieure aupr\u00e8s d&#039;un fabricant de confiance pour des solutions de d\u00e9tection de temp\u00e9rature pr\u00e9cises. D\u00e9couvrez notre gamme de capteurs RTD fiables con\u00e7us pour la pr\u00e9cision et la durabilit\u00e9 dans divers secteurs. Contactez-nous d\u00e8s aujourd&#039;hui pour vos besoins de mesure de temp\u00e9rature !\" \/>\n<meta property=\"og:url\" content=\"https:\/\/cheri-heater.com\/fr\/product\/rtd-sensor\/\" \/>\n<meta property=\"og:site_name\" content=\"Cheri Heater Technology Co.,Ltd.\" \/>\n<meta property=\"article:modified_time\" content=\"2024-07-28T16:12:55+00:00\" \/>\n<meta property=\"og:image\" content=\"https:\/\/cheri-heater.com\/fr\/wp-content\/uploads\/2024\/06\/\u5fae\u4fe1\u56fe\u7247_20230221123322.jpg\" \/>\n\t<meta property=\"og:image:width\" content=\"973\" \/>\n\t<meta property=\"og:image:height\" content=\"760\" \/>\n\t<meta property=\"og:image:type\" content=\"image\/jpeg\" \/>\n<meta name=\"twitter:card\" content=\"summary_large_image\" \/>\n<meta name=\"twitter:label1\" content=\"Est. reading time\" \/>\n\t<meta name=\"twitter:data1\" content=\"1 minute\" \/>\n<!-- \/ Yoast SEO plugin. -->","yoast_head_json":{"title":"Principaux fabricants de capteurs RTD | Cheri-heater.com","description":"Trouvez des capteurs RTD de qualit\u00e9 sup\u00e9rieure aupr\u00e8s d'un fabricant de confiance pour des solutions de d\u00e9tection de temp\u00e9rature pr\u00e9cises. D\u00e9couvrez notre gamme de capteurs RTD fiables con\u00e7us pour la pr\u00e9cision et la durabilit\u00e9 dans divers secteurs. Contactez-nous d\u00e8s aujourd'hui pour vos besoins de mesure de temp\u00e9rature !","robots":{"index":"index","follow":"follow","max-snippet":"max-snippet:-1","max-image-preview":"max-image-preview:large","max-video-preview":"max-video-preview:-1"},"canonical":"https:\/\/cheri-heater.com\/fr\/product\/rtd-sensor\/","og_locale":"en_US","og_type":"article","og_title":"Principaux fabricants de capteurs RTD | Cheri-heater.com","og_description":"Trouvez des capteurs RTD de qualit\u00e9 sup\u00e9rieure aupr\u00e8s d'un fabricant de confiance pour des solutions de d\u00e9tection de temp\u00e9rature pr\u00e9cises. D\u00e9couvrez notre gamme de capteurs RTD fiables con\u00e7us pour la pr\u00e9cision et la durabilit\u00e9 dans divers secteurs. Contactez-nous d\u00e8s aujourd'hui pour vos besoins de mesure de temp\u00e9rature !","og_url":"https:\/\/cheri-heater.com\/fr\/product\/rtd-sensor\/","og_site_name":"Cheri Heater Technology Co.,Ltd.","article_modified_time":"2024-07-28T16:12:55+00:00","og_image":[{"width":973,"height":760,"url":"https:\/\/cheri-heater.com\/fr\/wp-content\/uploads\/2024\/06\/\u5fae\u4fe1\u56fe\u7247_20230221123322.jpg","type":"image\/jpeg"}],"twitter_card":"summary_large_image","twitter_misc":{"Est. reading time":"1 minute"},"schema":{"@context":"https:\/\/schema.org","@graph":[{"@type":"WebPage","@id":"https:\/\/cheri-heater.com\/fr\/product\/rtd-sensor\/","url":"https:\/\/cheri-heater.com\/fr\/product\/rtd-sensor\/","name":"Principaux fabricants de capteurs RTD | Cheri-heater.com","isPartOf":{"@id":"https:\/\/cheri-heater.com\/fr\/#website"},"primaryImageOfPage":{"@id":"https:\/\/cheri-heater.com\/fr\/product\/rtd-sensor\/#primaryimage"},"image":{"@id":"https:\/\/cheri-heater.com\/fr\/product\/rtd-sensor\/#primaryimage"},"thumbnailUrl":"https:\/\/cheri-heater.com\/fr\/wp-content\/uploads\/2024\/06\/\u5fae\u4fe1\u56fe\u7247_20230221123322.jpg","datePublished":"2024-06-05T17:08:13+00:00","dateModified":"2024-07-28T16:12:55+00:00","description":"Trouvez des capteurs RTD de qualit\u00e9 sup\u00e9rieure aupr\u00e8s d'un fabricant de confiance pour des solutions de d\u00e9tection de temp\u00e9rature pr\u00e9cises. D\u00e9couvrez notre gamme de capteurs RTD fiables con\u00e7us pour la pr\u00e9cision et la durabilit\u00e9 dans divers secteurs. Contactez-nous d\u00e8s aujourd'hui pour vos besoins de mesure de temp\u00e9rature !","breadcrumb":{"@id":"https:\/\/cheri-heater.com\/fr\/product\/rtd-sensor\/#breadcrumb"},"inLanguage":"en-US","potentialAction":[{"@type":"ReadAction","target":["https:\/\/cheri-heater.com\/fr\/product\/rtd-sensor\/"]}]},{"@type":"ImageObject","inLanguage":"en-US","@id":"https:\/\/cheri-heater.com\/fr\/product\/rtd-sensor\/#primaryimage","url":"https:\/\/cheri-heater.com\/fr\/wp-content\/uploads\/2024\/06\/\u5fae\u4fe1\u56fe\u7247_20230221123322.jpg","contentUrl":"https:\/\/cheri-heater.com\/fr\/wp-content\/uploads\/2024\/06\/\u5fae\u4fe1\u56fe\u7247_20230221123322.jpg","width":973,"height":760},{"@type":"BreadcrumbList","@id":"https:\/\/cheri-heater.com\/fr\/product\/rtd-sensor\/#breadcrumb","itemListElement":[{"@type":"ListItem","position":1,"name":"Home","item":"https:\/\/cheri-heater.com\/fr\/"},{"@type":"ListItem","position":2,"name":"Products","item":"https:\/\/cheri-heater.com\/fr\/products\/"},{"@type":"ListItem","position":3,"name":"Capteur RTD"}]},{"@type":"WebSite","@id":"https:\/\/cheri-heater.com\/fr\/#website","url":"https:\/\/cheri-heater.com\/fr\/","name":"Cheri Heater Technology Co.,Ltd.","description":"","publisher":{"@id":"https:\/\/cheri-heater.com\/fr\/#organization"},"potentialAction":[{"@type":"SearchAction","target":{"@type":"EntryPoint","urlTemplate":"https:\/\/cheri-heater.com\/fr\/?s={search_term_string}"},"query-input":{"@type":"PropertyValueSpecification","valueRequired":true,"valueName":"search_term_string"}}],"inLanguage":"en-US"},{"@type":"Organization","@id":"https:\/\/cheri-heater.com\/fr\/#organization","name":"Cheri Heater Technology Co.,Ltd.","url":"https:\/\/cheri-heater.com\/fr\/","logo":{"@type":"ImageObject","inLanguage":"en-US","@id":"https:\/\/cheri-heater.com\/fr\/#\/schema\/logo\/image\/","url":"https:\/\/cheri-heater.com\/fr\/wp-content\/uploads\/2024\/06\/cropped-logo-resize.png","contentUrl":"https:\/\/cheri-heater.com\/fr\/wp-content\/uploads\/2024\/06\/cropped-logo-resize.png","width":346,"height":99,"caption":"Cheri Heater Technology Co.,Ltd."},"image":{"@id":"https:\/\/cheri-heater.com\/fr\/#\/schema\/logo\/image\/"}}]}},"_links":{"self":[{"href":"https:\/\/cheri-heater.com\/fr\/wp-json\/wp\/v2\/product\/1097","targetHints":{"allow":["GET"]}}],"collection":[{"href":"https:\/\/cheri-heater.com\/fr\/wp-json\/wp\/v2\/product"}],"about":[{"href":"https:\/\/cheri-heater.com\/fr\/wp-json\/wp\/v2\/types\/product"}],"wp:featuredmedia":[{"embeddable":true,"href":"https:\/\/cheri-heater.com\/fr\/wp-json\/wp\/v2\/media\/1101"}],"wp:attachment":[{"href":"https:\/\/cheri-heater.com\/fr\/wp-json\/wp\/v2\/media?parent=1097"}],"wp:term":[{"taxonomy":"product_brand","embeddable":true,"href":"https:\/\/cheri-heater.com\/fr\/wp-json\/wp\/v2\/product_brand?post=1097"},{"taxonomy":"product_cat","embeddable":true,"href":"https:\/\/cheri-heater.com\/fr\/wp-json\/wp\/v2\/product_cat?post=1097"},{"taxonomy":"product_tag","embeddable":true,"href":"https:\/\/cheri-heater.com\/fr\/wp-json\/wp\/v2\/product_tag?post=1097"}],"curies":[{"name":"wp","href":"https:\/\/api.w.org\/{rel}","templated":true}]}}