{"id":1106,"date":"2024-06-05T17:09:59","date_gmt":"2024-06-05T17:09:59","guid":{"rendered":"https:\/\/cheri-heater.com\/fr\/?post_type=product&#038;p=1106"},"modified":"2024-07-28T16:14:54","modified_gmt":"2024-07-28T16:14:54","slug":"sbr-type-pt-rh-thermocouple","status":"publish","type":"product","link":"https:\/\/cheri-heater.com\/fr\/product\/sbr-type-pt-rh-thermocouple\/","title":{"rendered":"Thermocouple Pt-Rh type S, B, R"},"content":{"rendered":"<p>&#8220;`html<\/p>\n<table dir=\"ltr\" width=\"750\" cellspacing=\"0\" cellpadding=\"0\" align=\"left\">\n<tbody>\n<tr valign=\"top\">\n<td rowspan=\"2\" bgcolor=\"#f3f4f8\" width=\"127\">\n<p class=\"western\" align=\"center\"><span style=\"font-size: small;\"><b><span style=\"font-family: \u5b8b\u4f53;\">Mat\u00e9riau du conducteur<\/span><\/b><\/span><\/p>\n<\/td>\n<td rowspan=\"2\" width=\"29\">\n<p class=\"western\" align=\"center\"><span style=\"font-size: small;\"><b><span style=\"font-family: \u5b8b\u4f53;\">Type<\/span><\/b><\/span><\/p>\n<\/td>\n<td rowspan=\"2\" width=\"36\">\n<p class=\"western\" align=\"center\"><span style=\"font-size: small;\"><b><span style=\"font-family: \u5b8b\u4f53;\">Qualit\u00e9<\/span><\/b><\/span><\/p>\n<\/td>\n<td colspan=\"4\" width=\"463\">\n<p class=\"western\" align=\"center\"><span style=\"font-size: small;\"><b><span style=\"font-family: \u5b8b\u4f53;\">Sp\u00e9cifications du tube de protection (mm<\/span><\/b><\/span><span style=\"font-family: \u5b8b\u4f53;\"><span style=\"font-size: small;\"><span lang=\"zh-CN\"><b>\uff09<\/b><\/span><\/span><\/span><\/p>\n<\/td>\n<td rowspan=\"2\" width=\"92\">\n<p class=\"western\" align=\"left\"><span style=\"font-size: small;\"><b><span style=\"font-family: \u5b8b\u4f53;\">Temp\u00e9rature C<\/span><\/b><\/span><\/p>\n<\/td>\n<\/tr>\n<tr valign=\"top\">\n<td width=\"86\">\n<p class=\"western\" align=\"left\"><span style=\"font-size: small;\"><b><span style=\"font-family: \u5b8b\u4f53;\">Longueur totale<\/span><\/b><\/span><\/p>\n<\/td>\n<td width=\"114\">\n<p class=\"western\" align=\"left\"><span style=\"font-size: small;\"><b><span style=\"font-family: \u5b8b\u4f53;\">Longueur d&#8217;immersion<\/span><\/b><\/span><\/p>\n<\/td>\n<td width=\"71\">\n<p class=\"western\" align=\"left\"><span style=\"font-size: small;\"><b><span style=\"font-family: \u5b8b\u4f53;\">Diam\u00e8tre<\/span><\/b><\/span><\/p>\n<\/td>\n<td width=\"192\">\n<p class=\"western\" align=\"left\"><span style=\"font-size: small;\"><b><span style=\"font-family: \u5b8b\u4f53;\">Mat\u00e9riau du tube de protection<\/span><\/b><\/span><\/p>\n<\/td>\n<\/tr>\n<tr valign=\"top\">\n<td bgcolor=\"#f3f4f8\" width=\"127\">\n<p class=\"western\" align=\"center\"><span style=\"font-size: small;\"><span style=\"font-family: \u5b8b\u4f53;\">PtRh10-Pt<\/span><\/span><\/p>\n<\/td>\n<td width=\"29\">\n<p class=\"western\" align=\"center\"><span style=\"font-size: small;\"><span style=\"font-family: \u5b8b\u4f53;\">WRP<\/span><\/span><\/p>\n<\/td>\n<td width=\"36\">\n<p class=\"western\" align=\"center\"><span style=\"font-size: small;\"><span style=\"font-family: \u5b8b\u4f53;\">S<\/span><\/span><\/p>\n<\/td>\n<td rowspan=\"3\" width=\"86\">\n<p class=\"western\" align=\"center\"><span style=\"font-size: small;\"><span style=\"font-family: \u5b8b\u4f53;\">300<\/span><\/span><\/p>\n<p class=\"western\" align=\"center\"><span style=\"font-size: small;\"><span style=\"font-family: \u5b8b\u4f53;\">350<\/span><\/span><\/p>\n<p class=\"western\" align=\"center\"><span style=\"font-size: small;\"><span style=\"font-family: \u5b8b\u4f53;\">400<\/span><\/span><\/p>\n<p class=\"western\" align=\"center\"><span style=\"font-size: small;\"><span style=\"font-family: \u5b8b\u4f53;\">450<\/span><\/span><\/p>\n<p class=\"western\" align=\"center\"><span style=\"font-size: small;\"><span style=\"font-family: \u5b8b\u4f53;\">550<\/span><\/span><\/p>\n<p class=\"western\" align=\"center\"><span style=\"font-size: small;\"><span style=\"font-family: \u5b8b\u4f53;\">650<\/span><\/span><\/p>\n<p class=\"western\" align=\"center\"><span style=\"font-size: small;\"><span style=\"font-family: \u5b8b\u4f53;\">900<\/span><\/span><\/p>\n<p class=\"western\" align=\"center\"><span style=\"font-size: small;\"><span style=\"font-family: \u5b8b\u4f53;\">1150<\/span><\/span><\/p>\n<p class=\"western\" align=\"center\"><span style=\"font-size: small;\"><span style=\"font-family: \u5b8b\u4f53;\">1300<\/span><\/span><\/p>\n<\/td>\n<td rowspan=\"3\" width=\"114\">\n<p class=\"western\" align=\"center\"><span style=\"font-size: small;\"><span style=\"font-family: \u5b8b\u4f53;\">150<\/span><\/span><\/p>\n<p class=\"western\" align=\"center\"><span style=\"font-size: small;\"><span style=\"font-family: \u5b8b\u4f53;\">200<\/span><\/span><\/p>\n<p class=\"western\" align=\"center\"><span style=\"font-size: small;\"><span style=\"font-family: \u5b8b\u4f53;\">250<\/span><\/span><\/p>\n<p class=\"western\" align=\"center\"><span style=\"font-size: small;\"><span style=\"font-family: \u5b8b\u4f53;\">300<\/span><\/span><\/p>\n<p class=\"western\" align=\"center\"><span style=\"font-size: small;\"><span style=\"font-family: \u5b8b\u4f53;\">400<\/span><\/span><\/p>\n<p class=\"western\" align=\"center\"><span style=\"font-size: small;\"><span style=\"font-family: \u5b8b\u4f53;\">500<\/span><\/span><\/p>\n<p class=\"western\" align=\"center\"><span style=\"font-size: small;\"><span style=\"font-family: \u5b8b\u4f53;\">750<\/span><\/span><\/p>\n<p class=\"western\" align=\"center\"><span style=\"font-size: small;\"><span style=\"font-family: \u5b8b\u4f53;\">1000<\/span><\/span><\/p>\n<p class=\"western\" align=\"center\"><span style=\"font-size: small;\"><span style=\"font-family: \u5b8b\u4f53;\">1100<\/span><\/span><\/p>\n<\/td>\n<td rowspan=\"4\" width=\"71\">\n<p class=\"western\" align=\"left\"><span style=\"font-size: small;\"><span style=\"font-family: \u5b8b\u4f53;\">8\/10\/16\/25<\/span><\/span><\/p>\n<\/td>\n<td width=\"192\">\n<p class=\"western\" align=\"left\"><span style=\"font-size: small;\"><span style=\"font-family: \u5b8b\u4f53;\">99,9% c\u00e9ramique Al2O3<\/span><\/span><\/p>\n<\/td>\n<td width=\"92\">\n<p class=\"western\" align=\"center\"><span style=\"font-size: small;\"><span style=\"font-family: \u5b8b\u4f53;\">0-1300<\/span><\/span><\/p>\n<\/td>\n<\/tr>\n<tr valign=\"top\">\n<td bgcolor=\"#f3f4f8\" width=\"127\">\n<p class=\"western\" align=\"center\"><span style=\"font-size: small;\"><span style=\"font-family: \u5b8b\u4f53;\">Pt-Rh30-Pt6<\/span><\/span><\/p>\n<\/td>\n<td width=\"29\">\n<p class=\"western\" align=\"center\"><span style=\"font-size: small;\"><span style=\"font-family: \u5b8b\u4f53;\">WRR<\/span><\/span><\/p>\n<\/td>\n<td width=\"36\">\n<p class=\"western\" align=\"center\"><span style=\"font-size: small;\"><span style=\"font-family: \u5b8b\u4f53;\">B<\/span><\/span><\/p>\n<\/td>\n<td width=\"192\">\n<p class=\"western\" align=\"left\"><span style=\"font-size: small;\"><span style=\"font-family: \u5b8b\u4f53;\">99,9% c\u00e9ramique Al2O3<\/span><\/span><\/p>\n<\/td>\n<td width=\"92\">\n<p class=\"western\" align=\"center\"><span style=\"font-size: small;\"><span style=\"font-family: \u5b8b\u4f53;\">0-1600<\/span><\/span><\/p>\n<\/td>\n<\/tr>\n<tr valign=\"top\">\n<td bgcolor=\"#f3f4f8\" width=\"127\">\n<p class=\"western\" align=\"center\"><span style=\"font-size: small;\"><span style=\"font-family: \u5b8b\u4f53;\">PtRh13-Pt<\/span><\/span><\/p>\n<\/td>\n<td width=\"29\">\n<p class=\"western\" align=\"center\"><span style=\"font-size: small;\"><span style=\"font-family: \u5b8b\u4f53;\">WRQ<\/span><\/span><\/p>\n<\/td>\n<td width=\"36\">\n<p class=\"western\" align=\"center\"><span style=\"font-size: small;\"><span style=\"font-family: \u5b8b\u4f53;\">R<\/span><\/span><\/p>\n<\/td>\n<td width=\"192\">\n<p class=\"western\" align=\"left\"><span style=\"font-size: small;\"><span style=\"font-family: \u5b8b\u4f53;\">99,9% c\u00e9ramique Al2O3<\/span><\/span><\/p>\n<\/td>\n<td width=\"92\">\n<p class=\"western\" align=\"center\"><span style=\"font-size: small;\"><span style=\"font-family: \u5b8b\u4f53;\">0-1300<\/span><\/span><\/p>\n<\/td>\n<\/tr>\n<tr valign=\"top\">\n<td bgcolor=\"#f3f4f8\" width=\"127\">\n<p class=\"western\" align=\"center\">&lt; span style=&#8221;font-size: small;&#8221;&gt;<span style=\"font-family: \u5b8b\u4f53;\">Mini PtRh10-Pt<\/span><\/p>\n<\/td>\n<td width=\"29\">\n<p class=\"western\" align=\"center\"><span style=\"font-size: small;\"><span style=\"font-family: \u5b8b\u4f53;\">WRP<\/span><\/span><\/p>\n<\/td>\n<td width=\"36\">\n<p class=\"western\" align=\"center\"><span style=\"font-size: small;\"><span style=\"font-family: \u5b8b\u4f53;\">S<\/span><\/span><\/p>\n<\/td>\n<td width=\"86\">\n<p class=\"western\" align=\"left\"><span style=\"font-size: small;\"><span style=\"font-family: \u5b8b\u4f53;\">150-1500<\/span><\/span><\/p>\n<\/td>\n<td width=\"114\">\n<p class=\"western\" align=\"left\"><span style=\"font-size: small;\"><span style=\"font-family: \u5b8b\u4f53;\">150-1500<\/span><\/span><\/p>\n<\/td>\n<td width=\"192\">\n<p class=\"western\" align=\"left\"><span style=\"font-size: small;\"><span style=\"font-family: \u5b8b\u4f53;\">99,9% c\u00e9ramique Al2O3<\/span><\/span><\/p>\n<\/td>\n<td width=\"92\">\n<p class=\"western\" align=\"center\"><span style=\"font-size: small;\"><span style=\"font-family: \u5b8b\u4f53;\">0-1300<\/span><\/span><\/p>\n<\/td>\n<\/tr>\n<\/tbody>\n<\/table>\n<p><img fetchpriority=\"high\" decoding=\"async\" class=\"aligncenter size-full wp-image-1114\" src=\"https:\/\/cheri-heater.com\/fr\/wp-content\/uploads\/2024\/06\/description-1-2.jpg\" alt=\"\" width=\"800\" height=\"800\" srcset=\"https:\/\/cheri-heater.com\/fr\/wp-content\/uploads\/2024\/06\/description-1-2.jpg 800w, https:\/\/cheri-heater.com\/fr\/wp-content\/uploads\/2024\/06\/description-1-2-300x300.jpg 300w, https:\/\/cheri-heater.com\/fr\/wp-content\/uploads\/2024\/06\/description-1-2-100x100.jpg 100w, https:\/\/cheri-heater.com\/fr\/wp-content\/uploads\/2024\/06\/description-1-2-600x600.jpg 600w, https:\/\/cheri-heater.com\/fr\/wp-content\/uploads\/2024\/06\/description-1-2-150x150.jpg 150w, https:\/\/cheri-heater.com\/fr\/wp-content\/uploads\/2024\/06\/description-1-2-768x768.jpg 768w\" sizes=\"(max-width: 800px) 100vw, 800px\" \/><\/p>\n<p><img decoding=\"async\" class=\"aligncenter size-full wp-image-1115 lazyload\" data-src=\"https:\/\/cheri-heater.com\/fr\/wp-content\/uploads\/2024\/06\/description-2-2.jpg\" alt=\"\" width=\"800\" height=\"800\" data-srcset=\"https:\/\/cheri-heater.com\/fr\/wp-content\/uploads\/2024\/06\/description-2-2.jpg 800w, https:\/\/cheri-heater.com\/fr\/wp-content\/uploads\/2024\/06\/description-2-2-300x300.jpg 300w, https:\/\/cheri-heater.com\/fr\/wp-content\/uploads\/2024\/06\/description-2-2-100x100.jpg 100w, https:\/\/cheri-heater.com\/fr\/wp-content\/uploads\/2024\/06\/description-2-2-600x600.jpg 600w, https:\/\/cheri-heater.com\/fr\/wp-content\/uploads\/2024\/06\/description-2-2-150x150.jpg 150w, https:\/\/cheri-heater.com\/fr\/wp-content\/uploads\/2024\/06\/description-2-2-768x768.jpg 768w\" data-sizes=\"(max-width: 800px) 100vw, 800px\" src=\"data:image\/svg+xml;base64,PHN2ZyB3aWR0aD0iMSIgaGVpZ2h0PSIxIiB4bWxucz0iaHR0cDovL3d3dy53My5vcmcvMjAwMC9zdmciPjwvc3ZnPg==\" style=\"--smush-placeholder-width: 800px; --smush-placeholder-aspect-ratio: 800\/800;\" \/><\/p>\n<p><img decoding=\"async\" class=\"aligncenter size-full wp-image-1116 lazyload\" data-src=\"https:\/\/cheri-heater.com\/fr\/wp-content\/uploads\/2024\/06\/description-3-1.jpg\" alt=\"\" width=\"800\" height=\"800\" data-srcset=\"https:\/\/cheri-heater.com\/fr\/wp-content\/uploads\/2024\/06\/description-3-1.jpg 800w, https:\/\/cheri-heater.com\/fr\/wp-content\/uploads\/2024\/06\/description-3-1-300x300.jpg 300w, https:\/\/cheri-heater.com\/fr\/wp-content\/uploads\/2024\/06\/description-3-1-100x100.jpg 100w, https:\/\/cheri-heater.com\/fr\/wp-content\/uploads\/2024\/06\/description-3-1-600x600.jpg 600w, https:\/\/cheri-heater.com\/fr\/wp-content\/uploads\/2024\/06\/description-3-1-150x150.jpg 150w, https:\/\/cheri-heater.com\/fr\/wp-content\/uploads\/2024\/06\/description-3-1-768x768.jpg 768w\" data-sizes=\"(max-width: 800px) 100vw, 800px\" src=\"data:image\/svg+xml;base64,PHN2ZyB3aWR0aD0iMSIgaGVpZ2h0PSIxIiB4bWxucz0iaHR0cDovL3d3dy53My5vcmcvMjAwMC9zdmciPjwvc3ZnPg==\" style=\"--smush-placeholder-width: 800px; --smush-placeholder-aspect-ratio: 800\/800;\" \/><\/p>\n<p><img decoding=\"async\" class=\"aligncenter size-full wp-image-1117 lazyload\" data-src=\"https:\/\/cheri-heater.com\/fr\/wp-content\/uploads\/2024\/06\/description-4-1.jpg\" alt=\"\" width=\"788\" height=\"1598\" data-srcset=\"https:\/\/cheri-heater.com\/fr\/wp-content\/uploads\/2024\/06\/description-4-1.jpg 788w, https:\/\/cheri-heater.com\/fr\/wp-content\/uploads\/2024\/06\/description-4-1-600x1217.jpg 600w, https:\/\/cheri-heater.com\/fr\/wp-content\/uploads\/2024\/06\/description-4-1-148x300.jpg 148w, https:\/\/cheri-heater.com\/fr\/wp-content\/uploads\/2024\/06\/description-4-1-505x1024.jpg 505w, https:\/\/cheri-heater.com\/fr\/wp-content\/uploads\/2024\/06\/description-4-1-768x1557.jpg 768w, https:\/\/cheri-heater.com\/fr\/wp-content\/uploads\/2024\/06\/description-4-1-757x1536.jpg 757w\" data-sizes=\"(max-width: 788px) 100vw, 788px\" src=\"data:image\/svg+xml;base64,PHN2ZyB3aWR0aD0iMSIgaGVpZ2h0PSIxIiB4bWxucz0iaHR0cDovL3d3dy53My5vcmcvMjAwMC9zdmciPjwvc3ZnPg==\" style=\"--smush-placeholder-width: 788px; --smush-placeholder-aspect-ratio: 788\/1598;\" \/><br \/>\n&#8220;`<\/p>\n","protected":false},"excerpt":{"rendered":"<p>Platinum-rhodium thermocouple<br \/>\nPlatinum Rhodium Assembling Type Thermocouple is widely used in production places with high temperature. It is mainly used to measure temperature in glass and ceramic industry and industrial salting furnace.<\/p>\n","protected":false},"featured_media":1111,"template":"","meta":[],"product_brand":[],"product_cat":[27],"product_tag":[162],"class_list":{"0":"post-1106","1":"product","2":"type-product","3":"status-publish","4":"has-post-thumbnail","6":"product_cat-thermocouple","7":"product_tag-sbr-type-pt-rh-thermocouple","9":"first","10":"instock","11":"shipping-taxable","12":"product-type-simple"},"yoast_head":"<!-- This site is optimized with the Yoast SEO plugin v27.3 - https:\/\/yoast.com\/product\/yoast-seo-wordpress\/ -->\n<title>Thermocouples Pt Rh de type S B R de qualit\u00e9 sup\u00e9rieure pour une mesure pr\u00e9cise de la temp\u00e9rature<\/title>\n<meta name=\"description\" content=\"Notre s\u00e9lection haut de gamme de thermocouples Pt-Rh de type S, B, R, con\u00e7us pour une mesure pr\u00e9cise de la temp\u00e9rature dans des environnements exigeants. Faites confiance \u00e0 la pr\u00e9cision et \u00e0 la fiabilit\u00e9 de nos thermocouples pour vos besoins critiques de surveillance de la temp\u00e9rature. D\u00e9couvrez notre gamme d\u00e8s maintenant\u00a0!\" \/>\n<meta name=\"robots\" content=\"index, follow, max-snippet:-1, max-image-preview:large, max-video-preview:-1\" \/>\n<link rel=\"canonical\" href=\"https:\/\/cheri-heater.com\/fr\/product\/sbr-type-pt-rh-thermocouple\/\" \/>\n<meta property=\"og:locale\" content=\"en_US\" \/>\n<meta property=\"og:type\" content=\"article\" \/>\n<meta property=\"og:title\" content=\"Thermocouples Pt Rh de type S B R de qualit\u00e9 sup\u00e9rieure pour une mesure pr\u00e9cise de la temp\u00e9rature\" \/>\n<meta property=\"og:description\" content=\"Notre s\u00e9lection haut de gamme de thermocouples Pt-Rh de type S, B, R, con\u00e7us pour une mesure pr\u00e9cise de la temp\u00e9rature dans des environnements exigeants. Faites confiance \u00e0 la pr\u00e9cision et \u00e0 la fiabilit\u00e9 de nos thermocouples pour vos besoins critiques de surveillance de la temp\u00e9rature. D\u00e9couvrez notre gamme d\u00e8s maintenant\u00a0!\" \/>\n<meta property=\"og:url\" content=\"https:\/\/cheri-heater.com\/fr\/product\/sbr-type-pt-rh-thermocouple\/\" \/>\n<meta property=\"og:site_name\" content=\"Cheri Heater Technology Co.,Ltd.\" \/>\n<meta property=\"article:modified_time\" content=\"2024-07-28T16:14:54+00:00\" \/>\n<meta property=\"og:image\" content=\"https:\/\/cheri-heater.com\/fr\/wp-content\/uploads\/2024\/06\/\u5fae\u4fe1\u56fe\u7247_202303151621482.jpg\" \/>\n\t<meta property=\"og:image:width\" content=\"760\" \/>\n\t<meta property=\"og:image:height\" content=\"760\" \/>\n\t<meta property=\"og:image:type\" content=\"image\/jpeg\" \/>\n<meta name=\"twitter:card\" content=\"summary_large_image\" \/>\n<meta name=\"twitter:label1\" content=\"Est. reading time\" \/>\n\t<meta name=\"twitter:data1\" content=\"2 minutes\" \/>\n<!-- \/ Yoast SEO plugin. -->","yoast_head_json":{"title":"Thermocouples Pt Rh de type S B R de qualit\u00e9 sup\u00e9rieure pour une mesure pr\u00e9cise de la temp\u00e9rature","description":"Notre s\u00e9lection haut de gamme de thermocouples Pt-Rh de type S, B, R, con\u00e7us pour une mesure pr\u00e9cise de la temp\u00e9rature dans des environnements exigeants. Faites confiance \u00e0 la pr\u00e9cision et \u00e0 la fiabilit\u00e9 de nos thermocouples pour vos besoins critiques de surveillance de la temp\u00e9rature. D\u00e9couvrez notre gamme d\u00e8s maintenant\u00a0!","robots":{"index":"index","follow":"follow","max-snippet":"max-snippet:-1","max-image-preview":"max-image-preview:large","max-video-preview":"max-video-preview:-1"},"canonical":"https:\/\/cheri-heater.com\/fr\/product\/sbr-type-pt-rh-thermocouple\/","og_locale":"en_US","og_type":"article","og_title":"Thermocouples Pt Rh de type S B R de qualit\u00e9 sup\u00e9rieure pour une mesure pr\u00e9cise de la temp\u00e9rature","og_description":"Notre s\u00e9lection haut de gamme de thermocouples Pt-Rh de type S, B, R, con\u00e7us pour une mesure pr\u00e9cise de la temp\u00e9rature dans des environnements exigeants. Faites confiance \u00e0 la pr\u00e9cision et \u00e0 la fiabilit\u00e9 de nos thermocouples pour vos besoins critiques de surveillance de la temp\u00e9rature. D\u00e9couvrez notre gamme d\u00e8s maintenant\u00a0!","og_url":"https:\/\/cheri-heater.com\/fr\/product\/sbr-type-pt-rh-thermocouple\/","og_site_name":"Cheri Heater Technology Co.,Ltd.","article_modified_time":"2024-07-28T16:14:54+00:00","og_image":[{"width":760,"height":760,"url":"https:\/\/cheri-heater.com\/fr\/wp-content\/uploads\/2024\/06\/\u5fae\u4fe1\u56fe\u7247_202303151621482.jpg","type":"image\/jpeg"}],"twitter_card":"summary_large_image","twitter_misc":{"Est. reading time":"2 minutes"},"schema":{"@context":"https:\/\/schema.org","@graph":[{"@type":"WebPage","@id":"https:\/\/cheri-heater.com\/fr\/product\/sbr-type-pt-rh-thermocouple\/","url":"https:\/\/cheri-heater.com\/fr\/product\/sbr-type-pt-rh-thermocouple\/","name":"Thermocouples Pt Rh de type S B R de qualit\u00e9 sup\u00e9rieure pour une mesure pr\u00e9cise de la temp\u00e9rature","isPartOf":{"@id":"https:\/\/cheri-heater.com\/fr\/#website"},"primaryImageOfPage":{"@id":"https:\/\/cheri-heater.com\/fr\/product\/sbr-type-pt-rh-thermocouple\/#primaryimage"},"image":{"@id":"https:\/\/cheri-heater.com\/fr\/product\/sbr-type-pt-rh-thermocouple\/#primaryimage"},"thumbnailUrl":"https:\/\/cheri-heater.com\/fr\/wp-content\/uploads\/2024\/06\/\u5fae\u4fe1\u56fe\u7247_202303151621482.jpg","datePublished":"2024-06-05T17:09:59+00:00","dateModified":"2024-07-28T16:14:54+00:00","description":"Notre s\u00e9lection haut de gamme de thermocouples Pt-Rh de type S, B, R, con\u00e7us pour une mesure pr\u00e9cise de la temp\u00e9rature dans des environnements exigeants. Faites confiance \u00e0 la pr\u00e9cision et \u00e0 la fiabilit\u00e9 de nos thermocouples pour vos besoins critiques de surveillance de la temp\u00e9rature. D\u00e9couvrez notre gamme d\u00e8s maintenant\u00a0!","breadcrumb":{"@id":"https:\/\/cheri-heater.com\/fr\/product\/sbr-type-pt-rh-thermocouple\/#breadcrumb"},"inLanguage":"en-US","potentialAction":[{"@type":"ReadAction","target":["https:\/\/cheri-heater.com\/fr\/product\/sbr-type-pt-rh-thermocouple\/"]}]},{"@type":"ImageObject","inLanguage":"en-US","@id":"https:\/\/cheri-heater.com\/fr\/product\/sbr-type-pt-rh-thermocouple\/#primaryimage","url":"https:\/\/cheri-heater.com\/fr\/wp-content\/uploads\/2024\/06\/\u5fae\u4fe1\u56fe\u7247_202303151621482.jpg","contentUrl":"https:\/\/cheri-heater.com\/fr\/wp-content\/uploads\/2024\/06\/\u5fae\u4fe1\u56fe\u7247_202303151621482.jpg","width":760,"height":760},{"@type":"BreadcrumbList","@id":"https:\/\/cheri-heater.com\/fr\/product\/sbr-type-pt-rh-thermocouple\/#breadcrumb","itemListElement":[{"@type":"ListItem","position":1,"name":"Home","item":"https:\/\/cheri-heater.com\/fr\/"},{"@type":"ListItem","position":2,"name":"Products","item":"https:\/\/cheri-heater.com\/fr\/products\/"},{"@type":"ListItem","position":3,"name":"Thermocouple Pt-Rh type S, B, R"}]},{"@type":"WebSite","@id":"https:\/\/cheri-heater.com\/fr\/#website","url":"https:\/\/cheri-heater.com\/fr\/","name":"Cheri Heater Technology Co.,Ltd.","description":"","publisher":{"@id":"https:\/\/cheri-heater.com\/fr\/#organization"},"potentialAction":[{"@type":"SearchAction","target":{"@type":"EntryPoint","urlTemplate":"https:\/\/cheri-heater.com\/fr\/?s={search_term_string}"},"query-input":{"@type":"PropertyValueSpecification","valueRequired":true,"valueName":"search_term_string"}}],"inLanguage":"en-US"},{"@type":"Organization","@id":"https:\/\/cheri-heater.com\/fr\/#organization","name":"Cheri Heater Technology Co.,Ltd.","url":"https:\/\/cheri-heater.com\/fr\/","logo":{"@type":"ImageObject","inLanguage":"en-US","@id":"https:\/\/cheri-heater.com\/fr\/#\/schema\/logo\/image\/","url":"https:\/\/cheri-heater.com\/fr\/wp-content\/uploads\/2024\/06\/cropped-logo-resize.png","contentUrl":"https:\/\/cheri-heater.com\/fr\/wp-content\/uploads\/2024\/06\/cropped-logo-resize.png","width":346,"height":99,"caption":"Cheri Heater Technology Co.,Ltd."},"image":{"@id":"https:\/\/cheri-heater.com\/fr\/#\/schema\/logo\/image\/"}}]}},"_links":{"self":[{"href":"https:\/\/cheri-heater.com\/fr\/wp-json\/wp\/v2\/product\/1106","targetHints":{"allow":["GET"]}}],"collection":[{"href":"https:\/\/cheri-heater.com\/fr\/wp-json\/wp\/v2\/product"}],"about":[{"href":"https:\/\/cheri-heater.com\/fr\/wp-json\/wp\/v2\/types\/product"}],"wp:featuredmedia":[{"embeddable":true,"href":"https:\/\/cheri-heater.com\/fr\/wp-json\/wp\/v2\/media\/1111"}],"wp:attachment":[{"href":"https:\/\/cheri-heater.com\/fr\/wp-json\/wp\/v2\/media?parent=1106"}],"wp:term":[{"taxonomy":"product_brand","embeddable":true,"href":"https:\/\/cheri-heater.com\/fr\/wp-json\/wp\/v2\/product_brand?post=1106"},{"taxonomy":"product_cat","embeddable":true,"href":"https:\/\/cheri-heater.com\/fr\/wp-json\/wp\/v2\/product_cat?post=1106"},{"taxonomy":"product_tag","embeddable":true,"href":"https:\/\/cheri-heater.com\/fr\/wp-json\/wp\/v2\/product_tag?post=1106"}],"curies":[{"name":"wp","href":"https:\/\/api.w.org\/{rel}","templated":true}]}}