{"id":1125,"date":"2024-06-05T17:19:12","date_gmt":"2024-06-05T17:19:12","guid":{"rendered":"https:\/\/cheri-heater.com\/fr\/?post_type=product&#038;p=1125"},"modified":"2024-07-28T15:20:14","modified_gmt":"2024-07-28T15:20:14","slug":"finned-tubular-heater","status":"publish","type":"product","link":"https:\/\/cheri-heater.com\/fr\/product\/finned-tubular-heater\/","title":{"rendered":"chauffage tubulaire \u00e0 ailettes"},"content":{"rendered":"<table width=\"100%\" cellspacing=\"0\" cellpadding=\"0\">\n<tbody>\n<tr valign=\"top\">\n<td width=\"42%\">\n<p class=\"western\" align=\"left\"><span style=\"font-family: \u5b8b\u4f53;\"><span style=\"font-size: small;\">Product category<\/span><\/span><\/p>\n<\/td>\n<td width=\"58%\">\n<p class=\"western\" align=\"left\"><span style=\"font-family: \u5b8b\u4f53;\"><span style=\"font-size: small;\">Finned heating tube<\/span><\/span><\/p>\n<\/td>\n<\/tr>\n<tr valign=\"top\">\n<td width=\"42%\">\n<p class=\"western\" align=\"left\"><span style=\"font-family: \u5b8b\u4f53;\"><span style=\"font-size: small;\">Model<\/span><\/span><\/p>\n<\/td>\n<td width=\"58%\">\n<p class=\"western\" align=\"left\"><span style=\"font-family: \u5b8b\u4f53;\"><span style=\"font-size: small;\"><span lang=\"en-US\">W-shaped<\/span><\/span><\/span><span style=\"font-family: \u5b8b\u4f53;\"><span style=\"font-size: small;\"><span lang=\"en-US\">\/U-shaped\/straight<\/span><\/span><\/span><\/p>\n<\/td>\n<\/tr>\n<tr valign=\"top\">\n<td width=\"42%\">\n<p class=\"western\" align=\"left\"><span style=\"font-family: \u5b8b\u4f53;\"><span style=\"font-size: small;\">Voltage<\/span><\/span><\/p>\n<\/td>\n<td width=\"58%\">\n<p class=\"western\" align=\"left\"><span style=\"font-family: \u5b8b\u4f53;\"><span style=\"font-size: small;\">Customized<\/span><\/span><\/p>\n<\/td>\n<\/tr>\n<tr valign=\"top\">\n<td width=\"42%\">\n<p class=\"western\" align=\"left\"><span style=\"font-family: \u5b8b\u4f53;\"><span style=\"font-size: small;\">Power<\/span><\/span><\/p>\n<\/td>\n<td width=\"58%\">\n<p class=\"western\" align=\"left\"><span style=\"font-family: \u5b8b\u4f53;\"><span style=\"font-size: small;\">Customized<\/span><\/span><\/p>\n<\/td>\n<\/tr>\n<tr valign=\"top\">\n<td width=\"42%\">\n<p class=\"western\" align=\"left\"><span style=\"font-family: \u5b8b\u4f53;\"><span style=\"font-size: small;\">Tube Diameter(mm)<\/span><\/span><\/p>\n<\/td>\n<td width=\"58%\">\n<p class=\"western\" align=\"left\"><span style=\"font-family: \u5b8b\u4f53;\"><span style=\"font-size: small;\">On demand customization<\/span><\/span><\/p>\n<\/td>\n<\/tr>\n<tr valign=\"top\">\n<td width=\"42%\">\n<p class=\"western\" align=\"left\"><span style=\"font-family: \u5b8b\u4f53;\"><span style=\"font-size: small;\">Sheath Material<\/span><\/span><span style=\"font-family: \u5b8b\u4f53;\"><span style=\"font-size: small;\"><span lang=\"zh-CN\">\uff08<\/span><\/span><\/span><span style=\"font-family: \u5b8b\u4f53;\"><span style=\"font-size: small;\">Stainless Steel<\/span><\/span><span style=\"font-family: \u5b8b\u4f53;\"><span style=\"font-size: small;\"><span lang=\"zh-CN\">\uff09<\/span><\/span><\/span><\/p>\n<\/td>\n<td width=\"58%\">\n<p class=\"western\" align=\"left\"><span style=\"font-family: \u5b8b\u4f53;\"><span style=\"font-size: small;\">201\/304 (Fin Material Aluminum\/Stainless steel)<\/span><\/span><\/p>\n<\/td>\n<\/tr>\n<tr valign=\"top\">\n<td width=\"42%\">\n<p class=\"western\" align=\"left\"><span style=\"font-family: \u5b8b\u4f53;\"><span style=\"font-size: small;\">Usage<\/span><\/span><\/p>\n<\/td>\n<td width=\"58%\">\n<p class=\"western\" align=\"left\"><span style=\"font-family: \u5b8b\u4f53;\"><span style=\"font-size: small;\">Industrial Oven\/Hot hair dryer.<\/span><\/span><\/p>\n<\/td>\n<\/tr>\n<tr valign=\"top\">\n<td width=\"42%\">\n<p class=\"western\" align=\"left\"><span style=\"font-family: \u5b8b\u4f53;\"><span style=\"font-size: small;\">Thread specification<\/span><\/span><\/p>\n<\/td>\n<td width=\"58%\">\n<p class=\"western\" align=\"left\"><span style=\"font-family: \u5b8b\u4f53;\"><span style=\"font-size: small;\">M10\/12\/16\/20\/24\/27\/30.etc.<\/span><\/span><\/p>\n<\/td>\n<\/tr>\n<\/tbody>\n<\/table>\n<p><img fetchpriority=\"high\" decoding=\"async\" class=\"aligncenter size-full wp-image-1138\" src=\"https:\/\/cheri-heater.com\/fr\/wp-content\/uploads\/2024\/06\/H9eebc13db6f24308b9c83965fa9b1af17.jpg\" alt=\"\" width=\"750\" height=\"400\" srcset=\"https:\/\/cheri-heater.com\/fr\/wp-content\/uploads\/2024\/06\/H9eebc13db6f24308b9c83965fa9b1af17.jpg 750w, https:\/\/cheri-heater.com\/fr\/wp-content\/uploads\/2024\/06\/H9eebc13db6f24308b9c83965fa9b1af17-600x320.jpg 600w, https:\/\/cheri-heater.com\/fr\/wp-content\/uploads\/2024\/06\/H9eebc13db6f24308b9c83965fa9b1af17-300x160.jpg 300w\" sizes=\"(max-width: 750px) 100vw, 750px\" \/><\/p>\n<p><img decoding=\"async\" class=\"aligncenter size-full wp-image-1139 lazyload\" data-src=\"https:\/\/cheri-heater.com\/fr\/wp-content\/uploads\/2024\/06\/H59c6492ce300472f95148d07030edc7d2.jpg\" alt=\"\" width=\"750\" height=\"619\" data-srcset=\"https:\/\/cheri-heater.com\/fr\/wp-content\/uploads\/2024\/06\/H59c6492ce300472f95148d07030edc7d2.jpg 750w, https:\/\/cheri-heater.com\/fr\/wp-content\/uploads\/2024\/06\/H59c6492ce300472f95148d07030edc7d2-600x495.jpg 600w, https:\/\/cheri-heater.com\/fr\/wp-content\/uploads\/2024\/06\/H59c6492ce300472f95148d07030edc7d2-300x248.jpg 300w\" data-sizes=\"(max-width: 750px) 100vw, 750px\" src=\"data:image\/svg+xml;base64,PHN2ZyB3aWR0aD0iMSIgaGVpZ2h0PSIxIiB4bWxucz0iaHR0cDovL3d3dy53My5vcmcvMjAwMC9zdmciPjwvc3ZnPg==\" style=\"--smush-placeholder-width: 750px; --smush-placeholder-aspect-ratio: 750\/619;\" \/><\/p>\n<p><img decoding=\"async\" class=\"aligncenter size-full wp-image-1140 lazyload\" data-src=\"https:\/\/cheri-heater.com\/fr\/wp-content\/uploads\/2024\/06\/H879ff686e5e8434293683cbfa757f501u.jpg\" alt=\"\" width=\"772\" height=\"278\" data-srcset=\"https:\/\/cheri-heater.com\/fr\/wp-content\/uploads\/2024\/06\/H879ff686e5e8434293683cbfa757f501u.jpg 772w, https:\/\/cheri-heater.com\/fr\/wp-content\/uploads\/2024\/06\/H879ff686e5e8434293683cbfa757f501u-600x216.jpg 600w, https:\/\/cheri-heater.com\/fr\/wp-content\/uploads\/2024\/06\/H879ff686e5e8434293683cbfa757f501u-300x108.jpg 300w, https:\/\/cheri-heater.com\/fr\/wp-content\/uploads\/2024\/06\/H879ff686e5e8434293683cbfa757f501u-768x277.jpg 768w\" data-sizes=\"(max-width: 772px) 100vw, 772px\" src=\"data:image\/svg+xml;base64,PHN2ZyB3aWR0aD0iMSIgaGVpZ2h0PSIxIiB4bWxucz0iaHR0cDovL3d3dy53My5vcmcvMjAwMC9zdmciPjwvc3ZnPg==\" style=\"--smush-placeholder-width: 772px; --smush-placeholder-aspect-ratio: 772\/278;\" \/><\/p>\n<p><img decoding=\"async\" class=\"aligncenter size-full wp-image-1141 lazyload\" data-src=\"https:\/\/cheri-heater.com\/fr\/wp-content\/uploads\/2024\/06\/H1888d911b0154c8c9c39ebef512fa15eH.jpg\" alt=\"\" width=\"750\" height=\"683\" data-srcset=\"https:\/\/cheri-heater.com\/fr\/wp-content\/uploads\/2024\/06\/H1888d911b0154c8c9c39ebef512fa15eH.jpg 750w, https:\/\/cheri-heater.com\/fr\/wp-content\/uploads\/2024\/06\/H1888d911b0154c8c9c39ebef512fa15eH-600x546.jpg 600w, https:\/\/cheri-heater.com\/fr\/wp-content\/uploads\/2024\/06\/H1888d911b0154c8c9c39ebef512fa15eH-300x273.jpg 300w\" data-sizes=\"(max-width: 750px) 100vw, 750px\" src=\"data:image\/svg+xml;base64,PHN2ZyB3aWR0aD0iMSIgaGVpZ2h0PSIxIiB4bWxucz0iaHR0cDovL3d3dy53My5vcmcvMjAwMC9zdmciPjwvc3ZnPg==\" style=\"--smush-placeholder-width: 750px; --smush-placeholder-aspect-ratio: 750\/683;\" \/><\/p>\n<p><img decoding=\"async\" class=\"aligncenter size-full wp-image-1142 lazyload\" data-src=\"https:\/\/cheri-heater.com\/fr\/wp-content\/uploads\/2024\/06\/H6625aa49ef194abd8662bc7375708ca3X.jpg\" alt=\"\" width=\"800\" height=\"393\" data-srcset=\"https:\/\/cheri-heater.com\/fr\/wp-content\/uploads\/2024\/06\/H6625aa49ef194abd8662bc7375708ca3X.jpg 800w, https:\/\/cheri-heater.com\/fr\/wp-content\/uploads\/2024\/06\/H6625aa49ef194abd8662bc7375708ca3X-600x295.jpg 600w, https:\/\/cheri-heater.com\/fr\/wp-content\/uploads\/2024\/06\/H6625aa49ef194abd8662bc7375708ca3X-300x147.jpg 300w, https:\/\/cheri-heater.com\/fr\/wp-content\/uploads\/2024\/06\/H6625aa49ef194abd8662bc7375708ca3X-768x377.jpg 768w\" data-sizes=\"(max-width: 800px) 100vw, 800px\" src=\"data:image\/svg+xml;base64,PHN2ZyB3aWR0aD0iMSIgaGVpZ2h0PSIxIiB4bWxucz0iaHR0cDovL3d3dy53My5vcmcvMjAwMC9zdmciPjwvc3ZnPg==\" style=\"--smush-placeholder-width: 800px; --smush-placeholder-aspect-ratio: 800\/393;\" \/><\/p>\n<p><img decoding=\"async\" class=\"aligncenter size-full wp-image-1143 lazyload\" data-src=\"https:\/\/cheri-heater.com\/fr\/wp-content\/uploads\/2024\/06\/Ha8542368b0434bffa65a1a37f60a6739p.jpg\" alt=\"\" width=\"812\" height=\"894\" data-srcset=\"https:\/\/cheri-heater.com\/fr\/wp-content\/uploads\/2024\/06\/Ha8542368b0434bffa65a1a37f60a6739p.jpg 812w, https:\/\/cheri-heater.com\/fr\/wp-content\/uploads\/2024\/06\/Ha8542368b0434bffa65a1a37f60a6739p-600x661.jpg 600w, https:\/\/cheri-heater.com\/fr\/wp-content\/uploads\/2024\/06\/Ha8542368b0434bffa65a1a37f60a6739p-272x300.jpg 272w, https:\/\/cheri-heater.com\/fr\/wp-content\/uploads\/2024\/06\/Ha8542368b0434bffa65a1a37f60a6739p-768x846.jpg 768w\" data-sizes=\"(max-width: 812px) 100vw, 812px\" src=\"data:image\/svg+xml;base64,PHN2ZyB3aWR0aD0iMSIgaGVpZ2h0PSIxIiB4bWxucz0iaHR0cDovL3d3dy53My5vcmcvMjAwMC9zdmciPjwvc3ZnPg==\" style=\"--smush-placeholder-width: 812px; --smush-placeholder-aspect-ratio: 812\/894;\" \/><\/p>\n<p><img decoding=\"async\" class=\"aligncenter size-full wp-image-1144 lazyload\" data-src=\"https:\/\/cheri-heater.com\/fr\/wp-content\/uploads\/2024\/06\/Hc8bb5ef6abb640d7b382464a32dc12f4m.jpg\" alt=\"\" width=\"800\" height=\"800\" data-srcset=\"https:\/\/cheri-heater.com\/fr\/wp-content\/uploads\/2024\/06\/Hc8bb5ef6abb640d7b382464a32dc12f4m.jpg 800w, https:\/\/cheri-heater.com\/fr\/wp-content\/uploads\/2024\/06\/Hc8bb5ef6abb640d7b382464a32dc12f4m-300x300.jpg 300w, https:\/\/cheri-heater.com\/fr\/wp-content\/uploads\/2024\/06\/Hc8bb5ef6abb640d7b382464a32dc12f4m-100x100.jpg 100w, https:\/\/cheri-heater.com\/fr\/wp-content\/uploads\/2024\/06\/Hc8bb5ef6abb640d7b382464a32dc12f4m-600x600.jpg 600w, https:\/\/cheri-heater.com\/fr\/wp-content\/uploads\/2024\/06\/Hc8bb5ef6abb640d7b382464a32dc12f4m-150x150.jpg 150w, https:\/\/cheri-heater.com\/fr\/wp-content\/uploads\/2024\/06\/Hc8bb5ef6abb640d7b382464a32dc12f4m-768x768.jpg 768w\" data-sizes=\"(max-width: 800px) 100vw, 800px\" src=\"data:image\/svg+xml;base64,PHN2ZyB3aWR0aD0iMSIgaGVpZ2h0PSIxIiB4bWxucz0iaHR0cDovL3d3dy53My5vcmcvMjAwMC9zdmciPjwvc3ZnPg==\" style=\"--smush-placeholder-width: 800px; --smush-placeholder-aspect-ratio: 800\/800;\" \/><\/p>\n<p><img decoding=\"async\" class=\"aligncenter size-full wp-image-1145 lazyload\" data-src=\"https:\/\/cheri-heater.com\/fr\/wp-content\/uploads\/2024\/06\/Hf10dc1a000fe4592bafe37fa75d50c7cj.jpg\" alt=\"\" width=\"887\" height=\"588\" data-srcset=\"https:\/\/cheri-heater.com\/fr\/wp-content\/uploads\/2024\/06\/Hf10dc1a000fe4592bafe37fa75d50c7cj.jpg 887w, https:\/\/cheri-heater.com\/fr\/wp-content\/uploads\/2024\/06\/Hf10dc1a000fe4592bafe37fa75d50c7cj-600x398.jpg 600w, https:\/\/cheri-heater.com\/fr\/wp-content\/uploads\/2024\/06\/Hf10dc1a000fe4592bafe37fa75d50c7cj-300x199.jpg 300w, https:\/\/cheri-heater.com\/fr\/wp-content\/uploads\/2024\/06\/Hf10dc1a000fe4592bafe37fa75d50c7cj-768x509.jpg 768w\" data-sizes=\"(max-width: 887px) 100vw, 887px\" src=\"data:image\/svg+xml;base64,PHN2ZyB3aWR0aD0iMSIgaGVpZ2h0PSIxIiB4bWxucz0iaHR0cDovL3d3dy53My5vcmcvMjAwMC9zdmciPjwvc3ZnPg==\" style=\"--smush-placeholder-width: 887px; --smush-placeholder-aspect-ratio: 887\/588;\" \/><\/p>\n","protected":false},"excerpt":{"rendered":"<p>Le chauffage tubulaire \u00e9lectrique \u00e0 ailettes pour conduit d&#8217;air est construit comme des \u00e9l\u00e9ments tubulaires de base avec l&#8217;ajout d&#8217;ailettes en spirale continues, 4-5 par pouce, bras\u00e9es en permanence au four sur la gaine. Les ailettes augmentent consid\u00e9rablement la surface et permettent un transfert de chaleur plus rapide vers l&#8217;air, ce qui entra\u00eene des temp\u00e9ratures de surface de l&#8217;\u00e9l\u00e9ment plus basses.<\/p>\n","protected":false},"featured_media":1136,"template":"","meta":[],"product_brand":[],"product_cat":[28],"product_tag":[159],"class_list":{"0":"post-1125","1":"product","2":"type-product","3":"status-publish","4":"has-post-thumbnail","6":"product_cat-tubular-heater","7":"product_tag-finned-tubular-heater","9":"first","10":"instock","11":"shipping-taxable","12":"product-type-simple"},"yoast_head":"<!-- This site is optimized with the Yoast SEO plugin v27.3 - https:\/\/yoast.com\/product\/yoast-seo-wordpress\/ -->\n<title>Chauffages Tubulaires \u00e0 Ailettes de Haute Qualit\u00e9 | Solutions de Chauffage Efficaces<\/title>\n<meta name=\"description\" content=\"Chauffages tubulaires \u00e0 ailettes de haute qualit\u00e9 con\u00e7us pour des solutions de chauffage efficaces et fiables. Parfaits pour diverses applications industrielles, nos chauffages garantissent une performance sup\u00e9rieure et une durabilit\u00e9. Obtenez des conseils d&#039;experts et un excellent support client pour trouver le produit id\u00e9al pour vos besoins. Achetez maintenant !\" \/>\n<meta name=\"robots\" content=\"index, follow, max-snippet:-1, max-image-preview:large, max-video-preview:-1\" \/>\n<link rel=\"canonical\" href=\"https:\/\/cheri-heater.com\/fr\/product\/finned-tubular-heater\/\" \/>\n<meta property=\"og:locale\" content=\"en_US\" \/>\n<meta property=\"og:type\" content=\"article\" \/>\n<meta property=\"og:title\" content=\"Chauffages Tubulaires \u00e0 Ailettes de Haute Qualit\u00e9 | Solutions de Chauffage Efficaces\" \/>\n<meta property=\"og:description\" content=\"Chauffages tubulaires \u00e0 ailettes de haute qualit\u00e9 con\u00e7us pour des solutions de chauffage efficaces et fiables. Parfaits pour diverses applications industrielles, nos chauffages garantissent une performance sup\u00e9rieure et une durabilit\u00e9. Obtenez des conseils d&#039;experts et un excellent support client pour trouver le produit id\u00e9al pour vos besoins. Achetez maintenant !\" \/>\n<meta property=\"og:url\" content=\"https:\/\/cheri-heater.com\/fr\/product\/finned-tubular-heater\/\" \/>\n<meta property=\"og:site_name\" content=\"Cheri Heater Technology Co.,Ltd.\" \/>\n<meta property=\"article:modified_time\" content=\"2024-07-28T15:20:14+00:00\" \/>\n<meta property=\"og:image\" content=\"https:\/\/cheri-heater.com\/fr\/wp-content\/uploads\/2024\/06\/Cheri-Electrothermal-Equipment-Limited-Company-11-2.jpg\" \/>\n\t<meta property=\"og:image:width\" content=\"712\" \/>\n\t<meta property=\"og:image:height\" content=\"506\" \/>\n\t<meta property=\"og:image:type\" content=\"image\/jpeg\" \/>\n<meta name=\"twitter:card\" content=\"summary_large_image\" \/>\n<meta name=\"twitter:label1\" content=\"Est. reading time\" \/>\n\t<meta name=\"twitter:data1\" content=\"2 minutes\" \/>\n<!-- \/ Yoast SEO plugin. -->","yoast_head_json":{"title":"Chauffages Tubulaires \u00e0 Ailettes de Haute Qualit\u00e9 | Solutions de Chauffage Efficaces","description":"Chauffages tubulaires \u00e0 ailettes de haute qualit\u00e9 con\u00e7us pour des solutions de chauffage efficaces et fiables. Parfaits pour diverses applications industrielles, nos chauffages garantissent une performance sup\u00e9rieure et une durabilit\u00e9. Obtenez des conseils d'experts et un excellent support client pour trouver le produit id\u00e9al pour vos besoins. Achetez maintenant !","robots":{"index":"index","follow":"follow","max-snippet":"max-snippet:-1","max-image-preview":"max-image-preview:large","max-video-preview":"max-video-preview:-1"},"canonical":"https:\/\/cheri-heater.com\/fr\/product\/finned-tubular-heater\/","og_locale":"en_US","og_type":"article","og_title":"Chauffages Tubulaires \u00e0 Ailettes de Haute Qualit\u00e9 | Solutions de Chauffage Efficaces","og_description":"Chauffages tubulaires \u00e0 ailettes de haute qualit\u00e9 con\u00e7us pour des solutions de chauffage efficaces et fiables. Parfaits pour diverses applications industrielles, nos chauffages garantissent une performance sup\u00e9rieure et une durabilit\u00e9. Obtenez des conseils d'experts et un excellent support client pour trouver le produit id\u00e9al pour vos besoins. Achetez maintenant !","og_url":"https:\/\/cheri-heater.com\/fr\/product\/finned-tubular-heater\/","og_site_name":"Cheri Heater Technology Co.,Ltd.","article_modified_time":"2024-07-28T15:20:14+00:00","og_image":[{"width":712,"height":506,"url":"https:\/\/cheri-heater.com\/fr\/wp-content\/uploads\/2024\/06\/Cheri-Electrothermal-Equipment-Limited-Company-11-2.jpg","type":"image\/jpeg"}],"twitter_card":"summary_large_image","twitter_misc":{"Est. reading time":"2 minutes"},"schema":{"@context":"https:\/\/schema.org","@graph":[{"@type":"WebPage","@id":"https:\/\/cheri-heater.com\/fr\/product\/finned-tubular-heater\/","url":"https:\/\/cheri-heater.com\/fr\/product\/finned-tubular-heater\/","name":"Chauffages Tubulaires \u00e0 Ailettes de Haute Qualit\u00e9 | Solutions de Chauffage Efficaces","isPartOf":{"@id":"https:\/\/cheri-heater.com\/fr\/#website"},"primaryImageOfPage":{"@id":"https:\/\/cheri-heater.com\/fr\/product\/finned-tubular-heater\/#primaryimage"},"image":{"@id":"https:\/\/cheri-heater.com\/fr\/product\/finned-tubular-heater\/#primaryimage"},"thumbnailUrl":"https:\/\/cheri-heater.com\/fr\/wp-content\/uploads\/2024\/06\/Cheri-Electrothermal-Equipment-Limited-Company-11-2.jpg","datePublished":"2024-06-05T17:19:12+00:00","dateModified":"2024-07-28T15:20:14+00:00","description":"Chauffages tubulaires \u00e0 ailettes de haute qualit\u00e9 con\u00e7us pour des solutions de chauffage efficaces et fiables. Parfaits pour diverses applications industrielles, nos chauffages garantissent une performance sup\u00e9rieure et une durabilit\u00e9. Obtenez des conseils d'experts et un excellent support client pour trouver le produit id\u00e9al pour vos besoins. Achetez maintenant !","breadcrumb":{"@id":"https:\/\/cheri-heater.com\/fr\/product\/finned-tubular-heater\/#breadcrumb"},"inLanguage":"en-US","potentialAction":[{"@type":"ReadAction","target":["https:\/\/cheri-heater.com\/fr\/product\/finned-tubular-heater\/"]}]},{"@type":"ImageObject","inLanguage":"en-US","@id":"https:\/\/cheri-heater.com\/fr\/product\/finned-tubular-heater\/#primaryimage","url":"https:\/\/cheri-heater.com\/fr\/wp-content\/uploads\/2024\/06\/Cheri-Electrothermal-Equipment-Limited-Company-11-2.jpg","contentUrl":"https:\/\/cheri-heater.com\/fr\/wp-content\/uploads\/2024\/06\/Cheri-Electrothermal-Equipment-Limited-Company-11-2.jpg","width":712,"height":506},{"@type":"BreadcrumbList","@id":"https:\/\/cheri-heater.com\/fr\/product\/finned-tubular-heater\/#breadcrumb","itemListElement":[{"@type":"ListItem","position":1,"name":"Home","item":"https:\/\/cheri-heater.com\/fr\/"},{"@type":"ListItem","position":2,"name":"Products","item":"https:\/\/cheri-heater.com\/fr\/products\/"},{"@type":"ListItem","position":3,"name":"chauffage tubulaire \u00e0 ailettes"}]},{"@type":"WebSite","@id":"https:\/\/cheri-heater.com\/fr\/#website","url":"https:\/\/cheri-heater.com\/fr\/","name":"Cheri Heater Technology Co.,Ltd.","description":"","publisher":{"@id":"https:\/\/cheri-heater.com\/fr\/#organization"},"potentialAction":[{"@type":"SearchAction","target":{"@type":"EntryPoint","urlTemplate":"https:\/\/cheri-heater.com\/fr\/?s={search_term_string}"},"query-input":{"@type":"PropertyValueSpecification","valueRequired":true,"valueName":"search_term_string"}}],"inLanguage":"en-US"},{"@type":"Organization","@id":"https:\/\/cheri-heater.com\/fr\/#organization","name":"Cheri Heater Technology Co.,Ltd.","url":"https:\/\/cheri-heater.com\/fr\/","logo":{"@type":"ImageObject","inLanguage":"en-US","@id":"https:\/\/cheri-heater.com\/fr\/#\/schema\/logo\/image\/","url":"https:\/\/cheri-heater.com\/fr\/wp-content\/uploads\/2024\/06\/cropped-logo-resize.png","contentUrl":"https:\/\/cheri-heater.com\/fr\/wp-content\/uploads\/2024\/06\/cropped-logo-resize.png","width":346,"height":99,"caption":"Cheri Heater Technology Co.,Ltd."},"image":{"@id":"https:\/\/cheri-heater.com\/fr\/#\/schema\/logo\/image\/"}}]}},"_links":{"self":[{"href":"https:\/\/cheri-heater.com\/fr\/wp-json\/wp\/v2\/product\/1125","targetHints":{"allow":["GET"]}}],"collection":[{"href":"https:\/\/cheri-heater.com\/fr\/wp-json\/wp\/v2\/product"}],"about":[{"href":"https:\/\/cheri-heater.com\/fr\/wp-json\/wp\/v2\/types\/product"}],"wp:featuredmedia":[{"embeddable":true,"href":"https:\/\/cheri-heater.com\/fr\/wp-json\/wp\/v2\/media\/1136"}],"wp:attachment":[{"href":"https:\/\/cheri-heater.com\/fr\/wp-json\/wp\/v2\/media?parent=1125"}],"wp:term":[{"taxonomy":"product_brand","embeddable":true,"href":"https:\/\/cheri-heater.com\/fr\/wp-json\/wp\/v2\/product_brand?post=1125"},{"taxonomy":"product_cat","embeddable":true,"href":"https:\/\/cheri-heater.com\/fr\/wp-json\/wp\/v2\/product_cat?post=1125"},{"taxonomy":"product_tag","embeddable":true,"href":"https:\/\/cheri-heater.com\/fr\/wp-json\/wp\/v2\/product_tag?post=1125"}],"curies":[{"name":"wp","href":"https:\/\/api.w.org\/{rel}","templated":true}]}}