{"id":1126,"date":"2024-06-05T17:21:32","date_gmt":"2024-06-05T17:21:32","guid":{"rendered":"https:\/\/cheri-heater.com\/fr\/?post_type=product&#038;p=1126"},"modified":"2024-07-28T15:18:31","modified_gmt":"2024-07-28T15:18:31","slug":"flange-tubular-heater","status":"publish","type":"product","link":"https:\/\/cheri-heater.com\/fr\/product\/flange-tubular-heater\/","title":{"rendered":"chauffage tubulaire \u00e0 bride"},"content":{"rendered":"<table width=\"750\" cellspacing=\"0\" cellpadding=\"0\">\n<tbody>\n<tr valign=\"top\">\n<td bgcolor=\"#f3f4f8\" width=\"226\">\n<p class=\"western\" align=\"left\">\n          <span style=\"font-family: \u9ed1\u4f53;\"><br \/>\n            <span style=\"font-size: medium;\"><br \/>\n              <span style=\"color: #333333;\">Product Name<\/span><br \/>\n            <\/span><br \/>\n          <\/span>\n        <\/p>\n<\/td>\n<td bgcolor=\"#f7f8fa\" width=\"522\">\n<p class=\"western\" align=\"left\">\n          <span style=\"font-family: \u9ed1\u4f53;\"><br \/>\n            <span style=\"font-size: medium;\"><br \/>\n              <span style=\"color: #333333;\">Flange Immersion Heater<\/span><br \/>\n            <\/span><br \/>\n          <\/span>\n        <\/p>\n<\/td>\n<\/tr>\n<tr valign=\"top\">\n<td bgcolor=\"#f3f4f8\" width=\"226\">\n<p class=\"western\" align=\"left\">\n          <span style=\"font-family: \u9ed1\u4f53;\"><br \/>\n            <span style=\"font-size: medium;\"><br \/>\n              <span style=\"color: #333333;\">Wattage Tolerance<\/span><br \/>\n            <\/span><br \/>\n          <\/span>\n        <\/p>\n<\/td>\n<td bgcolor=\"#ffffff\" width=\"522\">\n<p class=\"western\" align=\"left\">\n          <span style=\"font-family: \u9ed1\u4f53;\"><br \/>\n            <span style=\"font-size: medium;\"><br \/>\n              <span style=\"color: #333333;\">+5%, -10%<\/span><br \/>\n            <\/span><br \/>\n          <\/span>\n        <\/p>\n<\/td>\n<\/tr>\n<tr valign=\"top\">\n<td bgcolor=\"#f3f4f8\" width=\"226\">\n<p class=\"western\" align=\"left\">\n          <span style=\"font-family: \u9ed1\u4f53;\"><br \/>\n            <span style=\"font-size: medium;\"><br \/>\n              <span style=\"color: #333333;\">Resistance tolerance<\/span><br \/>\n            <\/span><br \/>\n          <\/span>\n        <\/p>\n<\/td>\n<td bgcolor=\"#f7f8fa\" width=\"522\">\n<p class=\"western\" align=\"left\">\n          <span style=\"font-family: \u9ed1\u4f53;\"><br \/>\n            <span style=\"font-size: medium;\"><br \/>\n              <span style=\"color: #333333;\">+10%, -5%<\/span><br \/>\n            <\/span><br \/>\n          <\/span>\n        <\/p>\n<\/td>\n<\/tr>\n<tr valign=\"top\">\n<td bgcolor=\"#f3f4f8\" width=\"226\">\n<p class=\"western\" align=\"left\">\n          <span style=\"font-family: \u9ed1\u4f53;\"><br \/>\n            <span style=\"font-size: medium;\"><br \/>\n              <span style=\"color: #333333;\">Insulation resistance (cold)<\/span><br \/>\n            <\/span><br \/>\n          <\/span>\n        <\/p>\n<\/td>\n<td bgcolor=\"#ffffff\" width=\"522\">\n<p class=\"western\" align=\"left\">\n          <span style=\"color: #333333;\"><br \/>\n            \u2265<br \/>\n            <span style=\"font-family: \u9ed1\u4f53;\"><br \/>\n              <span style=\"font-size: medium;\">500 M\u03a9<\/span><br \/>\n            <\/span><br \/>\n          <\/span>\n        <\/p>\n<\/td>\n<\/tr>\n<tr valign=\"top\">\n<td bgcolor=\"#f3f4f8\" width=\"226\">\n<p class=\"western\" align=\"left\">\n          <span style=\"font-family: \u9ed1\u4f53;\"><br \/>\n            <span style=\"font-size: medium;\"><br \/>\n              <span style=\"color: #333333;\">Maximum leakage current (cold)<\/span><br \/>\n            <\/span><br \/>\n          <\/span>\n        <\/p>\n<\/td>\n<td bgcolor=\"#f7f8fa\" width=\"522\">\n<p class=\"western\" align=\"left\">\n          <span style=\"color: #333333;\"><br \/>\n            \u2264<br \/>\n            <span style=\"font-family: \u9ed1\u4f53;\"><br \/>\n              <span style=\"font-size: medium;\">0.5 mA<\/span><br \/>\n            <\/span><br \/>\n          <\/span>\n        <\/p>\n<\/td>\n<\/tr>\n<tr valign=\"top\">\n<td bgcolor=\"#f3f4f8\" width=\"226\">\n<p class=\"western\" align=\"left\">\n          <span style=\"font-family: \u9ed1\u4f53;\"><br \/>\n            <span style=\"font-size: medium;\"><br \/>\n              <span style=\"color: #333333;\">Tube diameter<\/span><br \/>\n            <\/span><br \/>\n          <\/span>\n        <\/p>\n<\/td>\n<td bgcolor=\"#ffffff\" width=\"522\">\n<p class=\"western\" align=\"left\">\n          <span style=\"font-family: \u9ed1\u4f53;\"><br \/>\n            <span style=\"font-size: medium;\"><br \/>\n              <span style=\"color: #333333;\">\u03a66.5mm-\u03a620mm<\/span><br \/>\n            <\/span><br \/>\n          <\/span>\n        <\/p>\n<\/td>\n<\/tr>\n<tr valign=\"top\">\n<td bgcolor=\"#f3f4f8\" width=\"226\">\n<p class=\"western\" align=\"left\">\n          <span style=\"font-family: \u9ed1\u4f53;\"><br \/>\n            <span style=\"font-size: medium;\"><br \/>\n              <span style=\"color: #333333;\">Insulation Material<\/span><br \/>\n            <\/span><br \/>\n          <\/span>\n        <\/p>\n<\/td>\n<td bgcolor=\"#f7f8fa\" width=\"522\">\n<p class=\"western\" align=\"left\">\n          <span style=\"font-family: \u9ed1\u4f53;\"><br \/>\n            <span style=\"font-size: medium;\"><br \/>\n              <span style=\"color: #333333;\">High-purity Mgo<\/span><br \/>\n            <\/span><br \/>\n          <\/span>\n        <\/p>\n<\/td>\n<\/tr>\n<tr valign=\"top\">\n<td bgcolor=\"#f3f4f8\" width=\"226\">\n<p class=\"western\" align=\"left\">\n          <span style=\"font-family: \u9ed1\u4f53;\"><br \/>\n            <span style=\"font-size: medium;\"><br \/>\n              <span style=\"color: #333333;\">Resistance wire element<\/span><br \/>\n            <\/span><br \/>\n          <\/span>\n        <\/p>\n<\/td>\n<td bgcolor=\"#ffffff\" width=\"522\">\n<p class=\"western\" align=\"left\">\n          <span style=\"font-family: \u9ed1\u4f53;\"><br \/>\n            <span style=\"font-size: medium;\"><br \/>\n              <span style=\"color: #333333;\">Ni-Cr or FeCr<\/span><br \/>\n            <\/span><br \/>\n          <\/span>\n        <\/p>\n<\/td>\n<\/tr>\n<tr valign=\"top\">\n<td bgcolor=\"#f3f4f8\" width=\"226\">\n<p class=\"western\" align=\"left\">\n          <span style=\"font-family: \u9ed1\u4f53;\"><br \/>\n            <span style=\"font-size: medium;\"><br \/>\n              <span style=\"color: #333333;\">Lead Connection Option<\/span><br \/>\n            <\/span><br \/>\n          <\/span>\n        <\/p>\n<\/td>\n<td bgcolor=\"#f7f8fa\" width=\"522\">\n<p class=\"western\" align=\"left\">\n          <span style=\"font-family: \u9ed1\u4f53;\"><br \/>\n            <span style=\"font-size: medium;\"><br \/>\n              <span style=\"color: #333333;\">Crimped or Swaged leads<\/span><br \/>\n            <\/span><br \/>\n          <\/span>\n        <\/p>\n<\/td>\n<\/tr>\n<tr valign=\"top\">\n<td bgcolor=\"#f3f4f8\" width=\"226\">\n<p class=\"western\" align=\"left\">\n          <span style=\"font-family: \u9ed1\u4f53;\"><br \/>\n            <span style=\"font-size: medium;\"><br \/>\n              <span style=\"color: #333333;\">Voltage and power<\/span><br \/>\n            <\/span><br \/>\n          <\/span>\n        <\/p>\n<\/td>\n<td bgcolor=\"#ffffff\" width=\"522\">\n<p class=\"western\" align=\"left\">\n          <span style=\"font-family: \u9ed1\u4f53;\"><br \/>\n            <span style=\"font-size: medium;\"><br \/>\n              <span style=\"color: #333333;\">customized<\/span><br \/>\n            <\/span><br \/>\n          <\/span>\n        <\/p>\n<\/td>\n<\/tr>\n<tr valign=\"top\">\n<td bgcolor=\"#f3f4f8\" width=\"226\">\n<p class=\"western\" align=\"left\">\n          <span style=\"font-family: \u9ed1\u4f53;\"><br \/>\n            <span style=\"font-size: medium;\"><br \/>\n              <span style=\"color: #333333;\">Warranty<\/span><br \/>\n            <\/span><br \/>\n          <\/span>\n        <\/p>\n<\/td>\n<td bgcolor=\"#f7f8fa\" width=\"522\">\n<p class=\"western\" align=\"left\">\n          <span style=\"font-family: \u9ed1\u4f53;\"><br \/>\n            <span style=\"font-size: medium;\"><br \/>\n              <span style=\"color: #333333;\">one year<\/span><br \/>\n            <\/span><br \/>\n          <\/span>\n        <\/p>\n<\/td>\n<\/tr>\n<tr valign=\"top\">\n<td bgcolor=\"#f3f4f8\" width=\"226\">\n<p class=\"western\" align=\"left\">\n          <span style=\"font-family: \u9ed1\u4f53;\"><br \/>\n            <span style=\"font-size: medium;\"><br \/>\n              <span style=\"color: #333333;\">Material<\/span><br \/>\n            <\/span><br \/>\n          <\/span>\n        <\/p>\n<\/td>\n<td bgcolor=\"#ffffff\" width=\"522\">\n<p class=\"western\" align=\"left\">\n          <span style=\"font-family: \u9ed1\u4f53;\"><br \/>\n            <span style=\"font-size: medium;\"><br \/>\n              <span style=\"color: #333333;\">SS304\/SS316\/SS321\/Incoloy800 etc<\/span><br \/>\n            <\/span><br \/>\n          <\/span>\n        <\/p>\n<\/td>\n<\/tr>\n<tr>\n<td colspan=\"2\" align=\"center\">\n        <img fetchpriority=\"high\" decoding=\"async\" src=\"https:\/\/cdn.pixabay.com\/photo\/2016\/09\/05\/23\/46\/puzzle-1641504_960_720.jpg\" alt=\"Flange Immersion Heater\" width=\"300\" height=\"200\">\n      <\/td>\n<\/tr>\n<\/tbody>\n<\/table>\n","protected":false},"excerpt":{"rendered":"<p>Les \u00e9l\u00e9ments chauffants tubulaires sont utilis\u00e9s pour presque tous les types d&#8217;appareils de chauffage. Ils sont faciles \u00e0 fa\u00e7onner et offrent \u00e0 la fois la plus grande stabilit\u00e9 m\u00e9canique et les meilleures propri\u00e9t\u00e9s \u00e9lectriques.<\/p>\n","protected":false},"featured_media":1147,"template":"","meta":[],"product_brand":[],"product_cat":[28],"product_tag":[],"class_list":{"0":"post-1126","1":"product","2":"type-product","3":"status-publish","4":"has-post-thumbnail","6":"product_cat-tubular-heater","8":"first","9":"instock","10":"shipping-taxable","11":"product-type-simple"},"yoast_head":"<!-- This site is optimized with the Yoast SEO plugin v27.3 - https:\/\/yoast.com\/product\/yoast-seo-wordpress\/ -->\n<title>Meilleurs Chauffages Tubulaires \u00e0 Bride | Solutions de Chauffage Industrielles Fiables<\/title>\n<meta name=\"description\" content=\"Les meilleurs chauffages tubulaires \u00e0 bride pour un chauffage industriel fiable et efficace. Nos chauffages de haute qualit\u00e9 offrent une performance exceptionnelle et une durabilit\u00e9 pour diverses applications. Obtenez des conseils d&#039;experts et un service client exceptionnel pour trouver la solution de chauffage parfaite. D\u00e9couvrez notre s\u00e9lection d\u00e8s aujourd&#039;hui !\" \/>\n<meta name=\"robots\" content=\"index, follow, max-snippet:-1, max-image-preview:large, max-video-preview:-1\" \/>\n<link rel=\"canonical\" href=\"https:\/\/cheri-heater.com\/fr\/product\/flange-tubular-heater\/\" \/>\n<meta property=\"og:locale\" content=\"en_US\" \/>\n<meta property=\"og:type\" content=\"article\" \/>\n<meta property=\"og:title\" content=\"Meilleurs Chauffages Tubulaires \u00e0 Bride | Solutions de Chauffage Industrielles Fiables\" \/>\n<meta property=\"og:description\" content=\"Les meilleurs chauffages tubulaires \u00e0 bride pour un chauffage industriel fiable et efficace. Nos chauffages de haute qualit\u00e9 offrent une performance exceptionnelle et une durabilit\u00e9 pour diverses applications. Obtenez des conseils d&#039;experts et un service client exceptionnel pour trouver la solution de chauffage parfaite. D\u00e9couvrez notre s\u00e9lection d\u00e8s aujourd&#039;hui !\" \/>\n<meta property=\"og:url\" content=\"https:\/\/cheri-heater.com\/fr\/product\/flange-tubular-heater\/\" \/>\n<meta property=\"og:site_name\" content=\"Cheri Heater Technology Co.,Ltd.\" \/>\n<meta property=\"article:modified_time\" content=\"2024-07-28T15:18:31+00:00\" \/>\n<meta property=\"og:image\" content=\"https:\/\/cheri-heater.com\/fr\/wp-content\/uploads\/2024\/06\/front-1-1.jpg\" \/>\n\t<meta property=\"og:image:width\" content=\"760\" \/>\n\t<meta property=\"og:image:height\" content=\"760\" \/>\n\t<meta property=\"og:image:type\" content=\"image\/jpeg\" \/>\n<meta name=\"twitter:card\" content=\"summary_large_image\" \/>\n<meta name=\"twitter:label1\" content=\"Est. reading time\" \/>\n\t<meta name=\"twitter:data1\" content=\"1 minute\" \/>\n<!-- \/ Yoast SEO plugin. -->","yoast_head_json":{"title":"Meilleurs Chauffages Tubulaires \u00e0 Bride | Solutions de Chauffage Industrielles Fiables","description":"Les meilleurs chauffages tubulaires \u00e0 bride pour un chauffage industriel fiable et efficace. Nos chauffages de haute qualit\u00e9 offrent une performance exceptionnelle et une durabilit\u00e9 pour diverses applications. Obtenez des conseils d'experts et un service client exceptionnel pour trouver la solution de chauffage parfaite. D\u00e9couvrez notre s\u00e9lection d\u00e8s aujourd'hui !","robots":{"index":"index","follow":"follow","max-snippet":"max-snippet:-1","max-image-preview":"max-image-preview:large","max-video-preview":"max-video-preview:-1"},"canonical":"https:\/\/cheri-heater.com\/fr\/product\/flange-tubular-heater\/","og_locale":"en_US","og_type":"article","og_title":"Meilleurs Chauffages Tubulaires \u00e0 Bride | Solutions de Chauffage Industrielles Fiables","og_description":"Les meilleurs chauffages tubulaires \u00e0 bride pour un chauffage industriel fiable et efficace. Nos chauffages de haute qualit\u00e9 offrent une performance exceptionnelle et une durabilit\u00e9 pour diverses applications. Obtenez des conseils d'experts et un service client exceptionnel pour trouver la solution de chauffage parfaite. D\u00e9couvrez notre s\u00e9lection d\u00e8s aujourd'hui !","og_url":"https:\/\/cheri-heater.com\/fr\/product\/flange-tubular-heater\/","og_site_name":"Cheri Heater Technology Co.,Ltd.","article_modified_time":"2024-07-28T15:18:31+00:00","og_image":[{"width":760,"height":760,"url":"https:\/\/cheri-heater.com\/fr\/wp-content\/uploads\/2024\/06\/front-1-1.jpg","type":"image\/jpeg"}],"twitter_card":"summary_large_image","twitter_misc":{"Est. reading time":"1 minute"},"schema":{"@context":"https:\/\/schema.org","@graph":[{"@type":"WebPage","@id":"https:\/\/cheri-heater.com\/fr\/product\/flange-tubular-heater\/","url":"https:\/\/cheri-heater.com\/fr\/product\/flange-tubular-heater\/","name":"Meilleurs Chauffages Tubulaires \u00e0 Bride | Solutions de Chauffage Industrielles Fiables","isPartOf":{"@id":"https:\/\/cheri-heater.com\/fr\/#website"},"primaryImageOfPage":{"@id":"https:\/\/cheri-heater.com\/fr\/product\/flange-tubular-heater\/#primaryimage"},"image":{"@id":"https:\/\/cheri-heater.com\/fr\/product\/flange-tubular-heater\/#primaryimage"},"thumbnailUrl":"https:\/\/cheri-heater.com\/fr\/wp-content\/uploads\/2024\/06\/front-1-1.jpg","datePublished":"2024-06-05T17:21:32+00:00","dateModified":"2024-07-28T15:18:31+00:00","description":"Les meilleurs chauffages tubulaires \u00e0 bride pour un chauffage industriel fiable et efficace. Nos chauffages de haute qualit\u00e9 offrent une performance exceptionnelle et une durabilit\u00e9 pour diverses applications. Obtenez des conseils d'experts et un service client exceptionnel pour trouver la solution de chauffage parfaite. D\u00e9couvrez notre s\u00e9lection d\u00e8s aujourd'hui !","breadcrumb":{"@id":"https:\/\/cheri-heater.com\/fr\/product\/flange-tubular-heater\/#breadcrumb"},"inLanguage":"en-US","potentialAction":[{"@type":"ReadAction","target":["https:\/\/cheri-heater.com\/fr\/product\/flange-tubular-heater\/"]}]},{"@type":"ImageObject","inLanguage":"en-US","@id":"https:\/\/cheri-heater.com\/fr\/product\/flange-tubular-heater\/#primaryimage","url":"https:\/\/cheri-heater.com\/fr\/wp-content\/uploads\/2024\/06\/front-1-1.jpg","contentUrl":"https:\/\/cheri-heater.com\/fr\/wp-content\/uploads\/2024\/06\/front-1-1.jpg","width":760,"height":760},{"@type":"BreadcrumbList","@id":"https:\/\/cheri-heater.com\/fr\/product\/flange-tubular-heater\/#breadcrumb","itemListElement":[{"@type":"ListItem","position":1,"name":"Home","item":"https:\/\/cheri-heater.com\/fr\/"},{"@type":"ListItem","position":2,"name":"Products","item":"https:\/\/cheri-heater.com\/fr\/products\/"},{"@type":"ListItem","position":3,"name":"chauffage tubulaire \u00e0 bride"}]},{"@type":"WebSite","@id":"https:\/\/cheri-heater.com\/fr\/#website","url":"https:\/\/cheri-heater.com\/fr\/","name":"Cheri Heater Technology Co.,Ltd.","description":"","publisher":{"@id":"https:\/\/cheri-heater.com\/fr\/#organization"},"potentialAction":[{"@type":"SearchAction","target":{"@type":"EntryPoint","urlTemplate":"https:\/\/cheri-heater.com\/fr\/?s={search_term_string}"},"query-input":{"@type":"PropertyValueSpecification","valueRequired":true,"valueName":"search_term_string"}}],"inLanguage":"en-US"},{"@type":"Organization","@id":"https:\/\/cheri-heater.com\/fr\/#organization","name":"Cheri Heater Technology Co.,Ltd.","url":"https:\/\/cheri-heater.com\/fr\/","logo":{"@type":"ImageObject","inLanguage":"en-US","@id":"https:\/\/cheri-heater.com\/fr\/#\/schema\/logo\/image\/","url":"https:\/\/cheri-heater.com\/fr\/wp-content\/uploads\/2024\/06\/cropped-logo-resize.png","contentUrl":"https:\/\/cheri-heater.com\/fr\/wp-content\/uploads\/2024\/06\/cropped-logo-resize.png","width":346,"height":99,"caption":"Cheri Heater Technology Co.,Ltd."},"image":{"@id":"https:\/\/cheri-heater.com\/fr\/#\/schema\/logo\/image\/"}}]}},"_links":{"self":[{"href":"https:\/\/cheri-heater.com\/fr\/wp-json\/wp\/v2\/product\/1126","targetHints":{"allow":["GET"]}}],"collection":[{"href":"https:\/\/cheri-heater.com\/fr\/wp-json\/wp\/v2\/product"}],"about":[{"href":"https:\/\/cheri-heater.com\/fr\/wp-json\/wp\/v2\/types\/product"}],"wp:featuredmedia":[{"embeddable":true,"href":"https:\/\/cheri-heater.com\/fr\/wp-json\/wp\/v2\/media\/1147"}],"wp:attachment":[{"href":"https:\/\/cheri-heater.com\/fr\/wp-json\/wp\/v2\/media?parent=1126"}],"wp:term":[{"taxonomy":"product_brand","embeddable":true,"href":"https:\/\/cheri-heater.com\/fr\/wp-json\/wp\/v2\/product_brand?post=1126"},{"taxonomy":"product_cat","embeddable":true,"href":"https:\/\/cheri-heater.com\/fr\/wp-json\/wp\/v2\/product_cat?post=1126"},{"taxonomy":"product_tag","embeddable":true,"href":"https:\/\/cheri-heater.com\/fr\/wp-json\/wp\/v2\/product_tag?post=1126"}],"curies":[{"name":"wp","href":"https:\/\/api.w.org\/{rel}","templated":true}]}}