{"id":1127,"date":"2024-06-05T17:22:47","date_gmt":"2024-06-05T17:22:47","guid":{"rendered":"https:\/\/cheri-heater.com\/fr\/?post_type=product&#038;p=1127"},"modified":"2024-07-28T15:08:43","modified_gmt":"2024-07-28T15:08:43","slug":"immersion-tubular-heater","status":"publish","type":"product","link":"https:\/\/cheri-heater.com\/fr\/product\/immersion-tubular-heater\/","title":{"rendered":"Chauffage tubulaire \u00e0 immersion"},"content":{"rendered":"","protected":false},"excerpt":{"rendered":"","protected":false},"featured_media":1155,"template":"","meta":[],"product_brand":[],"product_cat":[28],"product_tag":[],"class_list":{"0":"post-1127","1":"product","2":"type-product","3":"status-publish","4":"has-post-thumbnail","6":"product_cat-tubular-heater","8":"first","9":"instock","10":"shipping-taxable","11":"product-type-simple"},"yoast_head":"<!-- This site is optimized with the Yoast SEO plugin v27.3 - https:\/\/yoast.com\/product\/yoast-seo-wordpress\/ -->\n<title>Meilleurs Chauffages Tubulaires \u00e0 Immersion | Solutions de Chauffage Industrielles<\/title>\n<meta name=\"description\" content=\"Les meilleurs chauffages tubulaires \u00e0 immersion pour un chauffage industriel efficace et fiable. Nos chauffages de haute qualit\u00e9 garantissent une performance sup\u00e9rieure et une durabilit\u00e9 pour diverses applications. Obtenez des conseils d&#039;experts et un excellent service client pour choisir la solution de chauffage parfaite. D\u00e9couvrez notre s\u00e9lection la mieux not\u00e9e d\u00e8s aujourd&#039;hui !\" \/>\n<meta name=\"robots\" content=\"index, follow, max-snippet:-1, max-image-preview:large, max-video-preview:-1\" \/>\n<link rel=\"canonical\" href=\"https:\/\/cheri-heater.com\/fr\/product\/immersion-tubular-heater\/\" \/>\n<meta property=\"og:locale\" content=\"en_US\" \/>\n<meta property=\"og:type\" content=\"article\" \/>\n<meta property=\"og:title\" content=\"Meilleurs Chauffages Tubulaires \u00e0 Immersion | Solutions de Chauffage Industrielles\" \/>\n<meta property=\"og:description\" content=\"Les meilleurs chauffages tubulaires \u00e0 immersion pour un chauffage industriel efficace et fiable. Nos chauffages de haute qualit\u00e9 garantissent une performance sup\u00e9rieure et une durabilit\u00e9 pour diverses applications. Obtenez des conseils d&#039;experts et un excellent service client pour choisir la solution de chauffage parfaite. D\u00e9couvrez notre s\u00e9lection la mieux not\u00e9e d\u00e8s aujourd&#039;hui !\" \/>\n<meta property=\"og:url\" content=\"https:\/\/cheri-heater.com\/fr\/product\/immersion-tubular-heater\/\" \/>\n<meta property=\"og:site_name\" content=\"Cheri Heater Technology Co.,Ltd.\" \/>\n<meta property=\"article:modified_time\" content=\"2024-07-28T15:08:43+00:00\" \/>\n<meta property=\"og:image\" content=\"https:\/\/cheri-heater.com\/fr\/wp-content\/uploads\/2024\/06\/\u5fae\u4fe1\u56fe\u7247_20230306151258.jpg\" \/>\n\t<meta property=\"og:image:width\" content=\"760\" \/>\n\t<meta property=\"og:image:height\" content=\"760\" \/>\n\t<meta property=\"og:image:type\" content=\"image\/jpeg\" \/>\n<meta name=\"twitter:card\" content=\"summary_large_image\" \/>\n<meta name=\"twitter:label1\" content=\"Est. reading time\" \/>\n\t<meta name=\"twitter:data1\" content=\"1 minute\" \/>\n<!-- \/ Yoast SEO plugin. -->","yoast_head_json":{"title":"Meilleurs Chauffages Tubulaires \u00e0 Immersion | Solutions de Chauffage Industrielles","description":"Les meilleurs chauffages tubulaires \u00e0 immersion pour un chauffage industriel efficace et fiable. Nos chauffages de haute qualit\u00e9 garantissent une performance sup\u00e9rieure et une durabilit\u00e9 pour diverses applications. Obtenez des conseils d'experts et un excellent service client pour choisir la solution de chauffage parfaite. D\u00e9couvrez notre s\u00e9lection la mieux not\u00e9e d\u00e8s aujourd'hui !","robots":{"index":"index","follow":"follow","max-snippet":"max-snippet:-1","max-image-preview":"max-image-preview:large","max-video-preview":"max-video-preview:-1"},"canonical":"https:\/\/cheri-heater.com\/fr\/product\/immersion-tubular-heater\/","og_locale":"en_US","og_type":"article","og_title":"Meilleurs Chauffages Tubulaires \u00e0 Immersion | Solutions de Chauffage Industrielles","og_description":"Les meilleurs chauffages tubulaires \u00e0 immersion pour un chauffage industriel efficace et fiable. Nos chauffages de haute qualit\u00e9 garantissent une performance sup\u00e9rieure et une durabilit\u00e9 pour diverses applications. Obtenez des conseils d'experts et un excellent service client pour choisir la solution de chauffage parfaite. D\u00e9couvrez notre s\u00e9lection la mieux not\u00e9e d\u00e8s aujourd'hui !","og_url":"https:\/\/cheri-heater.com\/fr\/product\/immersion-tubular-heater\/","og_site_name":"Cheri Heater Technology Co.,Ltd.","article_modified_time":"2024-07-28T15:08:43+00:00","og_image":[{"width":760,"height":760,"url":"https:\/\/cheri-heater.com\/fr\/wp-content\/uploads\/2024\/06\/\u5fae\u4fe1\u56fe\u7247_20230306151258.jpg","type":"image\/jpeg"}],"twitter_card":"summary_large_image","twitter_misc":{"Est. reading time":"1 minute"},"schema":{"@context":"https:\/\/schema.org","@graph":[{"@type":"WebPage","@id":"https:\/\/cheri-heater.com\/fr\/product\/immersion-tubular-heater\/","url":"https:\/\/cheri-heater.com\/fr\/product\/immersion-tubular-heater\/","name":"Meilleurs Chauffages Tubulaires \u00e0 Immersion | Solutions de Chauffage Industrielles","isPartOf":{"@id":"https:\/\/cheri-heater.com\/fr\/#website"},"primaryImageOfPage":{"@id":"https:\/\/cheri-heater.com\/fr\/product\/immersion-tubular-heater\/#primaryimage"},"image":{"@id":"https:\/\/cheri-heater.com\/fr\/product\/immersion-tubular-heater\/#primaryimage"},"thumbnailUrl":"https:\/\/cheri-heater.com\/fr\/wp-content\/uploads\/2024\/06\/\u5fae\u4fe1\u56fe\u7247_20230306151258.jpg","datePublished":"2024-06-05T17:22:47+00:00","dateModified":"2024-07-28T15:08:43+00:00","description":"Les meilleurs chauffages tubulaires \u00e0 immersion pour un chauffage industriel efficace et fiable. Nos chauffages de haute qualit\u00e9 garantissent une performance sup\u00e9rieure et une durabilit\u00e9 pour diverses applications. Obtenez des conseils d'experts et un excellent service client pour choisir la solution de chauffage parfaite. D\u00e9couvrez notre s\u00e9lection la mieux not\u00e9e d\u00e8s aujourd'hui !","breadcrumb":{"@id":"https:\/\/cheri-heater.com\/fr\/product\/immersion-tubular-heater\/#breadcrumb"},"inLanguage":"en-US","potentialAction":[{"@type":"ReadAction","target":["https:\/\/cheri-heater.com\/fr\/product\/immersion-tubular-heater\/"]}]},{"@type":"ImageObject","inLanguage":"en-US","@id":"https:\/\/cheri-heater.com\/fr\/product\/immersion-tubular-heater\/#primaryimage","url":"https:\/\/cheri-heater.com\/fr\/wp-content\/uploads\/2024\/06\/\u5fae\u4fe1\u56fe\u7247_20230306151258.jpg","contentUrl":"https:\/\/cheri-heater.com\/fr\/wp-content\/uploads\/2024\/06\/\u5fae\u4fe1\u56fe\u7247_20230306151258.jpg","width":760,"height":760},{"@type":"BreadcrumbList","@id":"https:\/\/cheri-heater.com\/fr\/product\/immersion-tubular-heater\/#breadcrumb","itemListElement":[{"@type":"ListItem","position":1,"name":"Home","item":"https:\/\/cheri-heater.com\/fr\/"},{"@type":"ListItem","position":2,"name":"Products","item":"https:\/\/cheri-heater.com\/fr\/products\/"},{"@type":"ListItem","position":3,"name":"Chauffage tubulaire \u00e0 immersion"}]},{"@type":"WebSite","@id":"https:\/\/cheri-heater.com\/fr\/#website","url":"https:\/\/cheri-heater.com\/fr\/","name":"Cheri Heater Technology Co.,Ltd.","description":"","publisher":{"@id":"https:\/\/cheri-heater.com\/fr\/#organization"},"potentialAction":[{"@type":"SearchAction","target":{"@type":"EntryPoint","urlTemplate":"https:\/\/cheri-heater.com\/fr\/?s={search_term_string}"},"query-input":{"@type":"PropertyValueSpecification","valueRequired":true,"valueName":"search_term_string"}}],"inLanguage":"en-US"},{"@type":"Organization","@id":"https:\/\/cheri-heater.com\/fr\/#organization","name":"Cheri Heater Technology Co.,Ltd.","url":"https:\/\/cheri-heater.com\/fr\/","logo":{"@type":"ImageObject","inLanguage":"en-US","@id":"https:\/\/cheri-heater.com\/fr\/#\/schema\/logo\/image\/","url":"https:\/\/cheri-heater.com\/fr\/wp-content\/uploads\/2024\/06\/cropped-logo-resize.png","contentUrl":"https:\/\/cheri-heater.com\/fr\/wp-content\/uploads\/2024\/06\/cropped-logo-resize.png","width":346,"height":99,"caption":"Cheri Heater Technology Co.,Ltd."},"image":{"@id":"https:\/\/cheri-heater.com\/fr\/#\/schema\/logo\/image\/"}}]}},"_links":{"self":[{"href":"https:\/\/cheri-heater.com\/fr\/wp-json\/wp\/v2\/product\/1127","targetHints":{"allow":["GET"]}}],"collection":[{"href":"https:\/\/cheri-heater.com\/fr\/wp-json\/wp\/v2\/product"}],"about":[{"href":"https:\/\/cheri-heater.com\/fr\/wp-json\/wp\/v2\/types\/product"}],"wp:featuredmedia":[{"embeddable":true,"href":"https:\/\/cheri-heater.com\/fr\/wp-json\/wp\/v2\/media\/1155"}],"wp:attachment":[{"href":"https:\/\/cheri-heater.com\/fr\/wp-json\/wp\/v2\/media?parent=1127"}],"wp:term":[{"taxonomy":"product_brand","embeddable":true,"href":"https:\/\/cheri-heater.com\/fr\/wp-json\/wp\/v2\/product_brand?post=1127"},{"taxonomy":"product_cat","embeddable":true,"href":"https:\/\/cheri-heater.com\/fr\/wp-json\/wp\/v2\/product_cat?post=1127"},{"taxonomy":"product_tag","embeddable":true,"href":"https:\/\/cheri-heater.com\/fr\/wp-json\/wp\/v2\/product_tag?post=1127"}],"curies":[{"name":"wp","href":"https:\/\/api.w.org\/{rel}","templated":true}]}}