{"id":1128,"date":"2024-06-05T17:25:30","date_gmt":"2024-06-05T17:25:30","guid":{"rendered":"https:\/\/cheri-heater.com\/fr\/?post_type=product&#038;p=1128"},"modified":"2024-07-28T15:06:45","modified_gmt":"2024-07-28T15:06:45","slug":"quatz-infrared-tube-heater","status":"publish","type":"product","link":"https:\/\/cheri-heater.com\/fr\/product\/quatz-infrared-tube-heater\/","title":{"rendered":"chauffage \u00e0 tube infrarouge en quartz"},"content":{"rendered":"<p class=\"western\" align=\"left\"><span style=\"font-family: Helvetica, Arial, sans-serif;\"><span style=\"font-size: medium;\"><span style=\"color: #222222;\">Lieu d&#8217;origine<\/span><\/span><\/span><\/p>\n<p class=\"western\" align=\"left\"><span style=\"font-family: Helvetica, Arial, sans-serif;\"><span style=\"font-size: medium;\"><span style=\"color: #222222;\">Jiangsu, Chine<\/span><\/span><\/span><\/p>\n<p class=\"western\" align=\"left\"><span style=\"font-family: Helvetica, Arial, sans-serif;\"><span style=\"font-size: medium;\"><span style=\"color: #222222;\">Type<\/span><\/span><\/span><\/p>\n<p class=\"western\" align=\"left\"><span style=\"font-family: Helvetica, Arial, sans-serif;\"><span style=\"font-size: medium;\"><span style=\"color: #222222;\">Pi\u00e8ces de chauffage \u00e9lectrique<\/span><\/span><\/span><\/p>\n<p class=\"western\" align=\"left\"><span style=\"font-family: Helvetica, Arial, sans-serif;\"><span style=\"font-size: medium;\"><span style=\"color: #222222;\">Marque<\/span><\/span><\/span><\/p>\n<p class=\"western\" align=\"left\"><span style=\"font-family: Helvetica, Arial, sans-serif;\"><span style=\"font-size: medium;\"><span style=\"color: #222222;\">Cheri<\/span><\/span><\/span><\/p>\n<p class=\"western\" align=\"left\"><span style=\"font-family: Helvetica, Arial, sans-serif;\"><span style=\"font-size: medium;\"><span style=\"color: #222222;\">Num\u00e9ro de mod\u00e8le<\/span><\/span><\/span><\/p>\n<p class=\"western\" align=\"left\"><span style=\"font-family: Helvetica, Arial, sans-serif;\"><span style=\"font-size: medium;\"><span style=\"color: #222222;\">\u00e9l\u00e9ment chauffant en quartz<\/span><\/span><\/span><\/p>\n<p class=\"western\" align=\"left\"><span style=\"font-family: Helvetica, Arial, sans-serif;\"><span style=\"font-size: medium;\"><span style=\"color: #222222;\">Nom du produit<\/span><\/span><\/span><\/p>\n<p class=\"western\" align=\"left\"><span style=\"font-family: Helvetica, Arial, sans-serif;\"><span style=\"font-size: medium;\"><span style=\"color: #222222;\">\u00c9l\u00e9ment chauffant en quartz infrarouge lointain<\/span><\/span><\/span><\/p>\n<p class=\"western\" align=\"left\"><span style=\"font-family: Helvetica, Arial, sans-serif;\"><span style=\"font-size: medium;\"><span style=\"color: #222222;\">Application<\/span><\/span><\/span><\/p>\n<p class=\"western\" align=\"left\"><span style=\"font-family: Helvetica, Arial, sans-serif;\"><span style=\"font-size: medium;\"><span style=\"color: #222222;\">Plastique, Cuir, Impression, Industriel<\/span><\/span><\/span><\/p>\n<p class=\"western\" align=\"left\"><span style=\"font-family: Helvetica, Arial, sans-serif;\"><span style=\"font-size: medium;\"><span style=\"color: #222222;\">Dur\u00e9e de vie<\/span><\/span><\/span><\/p>\n<p class=\"western\" align=\"left\"><span style=\"font-family: Helvetica, Arial, sans-serif;\"><span style=\"font-size: medium;\"><span style=\"color: #222222;\">Plus de 5000 heures<\/span><\/span><\/span><\/p>\n<p class=\"western\" align=\"left\"><span style=\"font-family: Helvetica, Arial, sans-serif;\"><span style=\"font-size: medium;\"><span style=\"color: #222222;\">Couleur<\/span><\/span><\/span><\/p>\n<p class=\"western\" align=\"left\"><span style=\"font-family: Helvetica, Arial, sans-serif;\"><span style=\"font-size: medium;\"><span style=\"color: #222222;\">Blanc, Dor\u00e9, Rouge<\/span><\/span><\/span><\/p>\n<p class=\"western\" align=\"left\"><span style=\"font-family: Helvetica, Arial, sans-serif;\"><span style=\"font-size: medium;\"><span style=\"color: #222222;\">Fil chauffant<\/span><\/span><\/span><\/p>\n<p class=\"western\" align=\"left\"><span style=\"font-family: Helvetica, Arial, sans-serif;\"><span style=\"font-size: medium;\"><span style=\"color: #222222;\">Alchrome<\/span><\/span><\/span><\/p>\n<p class=\"western\" align=\"left\"><span style=\"font-family: Helvetica, Arial, sans-serif;\"><span style=\"font-size: medium;\"><span style=\"color: #222222;\">Temp\u00e9rature de couleur<\/span><\/span><\/span><\/p>\n<p class=\"western\" align=\"left\"><span style=\"font-family: Helvetica, Arial, sans-serif;\"><span style=\"font-size: medium;\"><span style=\"color: #222222;\">1800K<\/span><\/span><\/span><\/p>\n<p class=\"western\" align=\"left\"><span style=\"font-family: Helvetica, Arial, sans-serif;\"><span style=\"font-size: medium;\"><span style=\"color: #222222;\">Diam\u00e8tre<\/span><\/span><\/span><\/p>\n<p class=\"western\" align=\"left\"><span style=\"font-family: Helvetica, Arial, sans-serif;\"><span style=\"font-size: medium;\"><span style=\"color: #222222;\">8-20mm<\/span><\/span><\/span><\/p>\n<p class=\"western\" align=\"left\"><span style=\"font-family: Helvetica, Arial, sans-serif;\"><span style=\"font-size: medium;\"><span style=\"color: #222222;\">Puissance<\/span><\/span><\/span><\/p>\n<p class=\"western\" align=\"left\"><span style=\"font-family: Helvetica, Arial, sans-serif;\"><span style=\"font-size: medium;\"><span style=\"color: #222222;\">100-3000w<\/span><\/span><\/span><\/p>\n<p class=\"western\" align=\"left\"><span style=\"font-family: Helvetica, Arial, sans-serif;\"><span style=\"font-size: medium;\"><span style=\"color: #222222;\">Longueur<\/span><\/span><\/span><\/p>\n<p class=\"western\" align=\"left\"><span style=\"font-family: Helvetica, Arial, sans-serif;\"><span style=\"font-size: medium;\"><span style=\"color: #222222;\">100-3000mm<\/span><\/span><\/span><\/p>\n<p align=\"left\"><img fetchpriority=\"high\" decoding=\"async\" class=\"aligncenter size-full wp-image-1160\" src=\"https:\/\/cheri-heater.com\/fr\/wp-content\/uploads\/2024\/06\/description-6-scaled.jpg\" alt=\"\" width=\"454\" height=\"2560\" srcset=\"https:\/\/cheri-heater.com\/fr\/wp-content\/uploads\/2024\/06\/description-6-scaled.jpg 454w, https:\/\/cheri-heater.com\/fr\/wp-content\/uploads\/2024\/06\/description-6-53x300.jpg 53w\" sizes=\"(max-width: 454px) 100vw, 454px\" \/><\/p>\n","protected":false},"excerpt":{"rendered":"<p>Lieu d&#8217;origine Jiangsu, Chine Type Pi\u00e8ces de chauffage \u00e9lectrique Marque Cheri Num\u00e9ro de mod\u00e8le \u00e9l\u00e9ment chauffant en quartz Nom du produit \u00c9l\u00e9ment chauffant en quartz infrarouge lointain Application Plastique, Cuir, Impression, Industriel Dur\u00e9e de vie Plus de 5000 heures Couleur Blanc, Dor\u00e9, Rouge Fil chauffant Alchrome Temp\u00e9rature de couleur 1800K Diam\u00e8tre 8-20mm Puissance 100-3000w Longueur [&hellip;]<\/p>\n","protected":false},"featured_media":1158,"template":"","meta":[],"product_brand":[],"product_cat":[28],"product_tag":[],"class_list":{"0":"post-1128","1":"product","2":"type-product","3":"status-publish","4":"has-post-thumbnail","6":"product_cat-tubular-heater","8":"first","9":"instock","10":"shipping-taxable","11":"product-type-simple"},"yoast_head":"<!-- This site is optimized with the Yoast SEO plugin v27.4 - https:\/\/yoast.com\/product\/yoast-seo-wordpress\/ -->\n<title>Meilleurs Chauffages \u00e0 Tube Infrarouge en Quartz | Solutions de Chauffage Efficaces<\/title>\n<meta name=\"description\" content=\"Les meilleurs chauffages \u00e0 tube infrarouge en quartz pour des solutions de chauffage efficaces et performantes. Nos chauffages de haute qualit\u00e9 offrent une performance rapide et \u00e9conome en \u00e9nergie pour diverses applications. Obtenez des conseils d&#039;experts et un service client exceptionnel pour trouver le produit parfait pour vos besoins. D\u00e9couvrez notre s\u00e9lection d\u00e8s aujourd&#039;hui !\" \/>\n<meta name=\"robots\" content=\"index, follow, max-snippet:-1, max-image-preview:large, max-video-preview:-1\" \/>\n<link rel=\"canonical\" href=\"https:\/\/cheri-heater.com\/fr\/product\/quatz-infrared-tube-heater\/\" \/>\n<meta property=\"og:locale\" content=\"en_US\" \/>\n<meta property=\"og:type\" content=\"article\" \/>\n<meta property=\"og:title\" content=\"Meilleurs Chauffages \u00e0 Tube Infrarouge en Quartz | Solutions de Chauffage Efficaces\" \/>\n<meta property=\"og:description\" content=\"Les meilleurs chauffages \u00e0 tube infrarouge en quartz pour des solutions de chauffage efficaces et performantes. Nos chauffages de haute qualit\u00e9 offrent une performance rapide et \u00e9conome en \u00e9nergie pour diverses applications. Obtenez des conseils d&#039;experts et un service client exceptionnel pour trouver le produit parfait pour vos besoins. D\u00e9couvrez notre s\u00e9lection d\u00e8s aujourd&#039;hui !\" \/>\n<meta property=\"og:url\" content=\"https:\/\/cheri-heater.com\/fr\/product\/quatz-infrared-tube-heater\/\" \/>\n<meta property=\"og:site_name\" content=\"Cheri Heater Technology Co.,Ltd.\" \/>\n<meta property=\"article:modified_time\" content=\"2024-07-28T15:06:45+00:00\" \/>\n<meta property=\"og:image\" content=\"https:\/\/cheri-heater.com\/fr\/wp-content\/uploads\/2024\/06\/H0437ce83668549aabe81d9e1366bafc9u.jpg_720x720q50.jpg\" \/>\n\t<meta property=\"og:image:width\" content=\"720\" \/>\n\t<meta property=\"og:image:height\" content=\"720\" \/>\n\t<meta property=\"og:image:type\" content=\"image\/jpeg\" \/>\n<meta name=\"twitter:card\" content=\"summary_large_image\" \/>\n<meta name=\"twitter:label1\" content=\"Est. reading time\" \/>\n\t<meta name=\"twitter:data1\" content=\"1 minute\" \/>\n<!-- \/ Yoast SEO plugin. -->","yoast_head_json":{"title":"Meilleurs Chauffages \u00e0 Tube Infrarouge en Quartz | Solutions de Chauffage Efficaces","description":"Les meilleurs chauffages \u00e0 tube infrarouge en quartz pour des solutions de chauffage efficaces et performantes. Nos chauffages de haute qualit\u00e9 offrent une performance rapide et \u00e9conome en \u00e9nergie pour diverses applications. Obtenez des conseils d'experts et un service client exceptionnel pour trouver le produit parfait pour vos besoins. D\u00e9couvrez notre s\u00e9lection d\u00e8s aujourd'hui !","robots":{"index":"index","follow":"follow","max-snippet":"max-snippet:-1","max-image-preview":"max-image-preview:large","max-video-preview":"max-video-preview:-1"},"canonical":"https:\/\/cheri-heater.com\/fr\/product\/quatz-infrared-tube-heater\/","og_locale":"en_US","og_type":"article","og_title":"Meilleurs Chauffages \u00e0 Tube Infrarouge en Quartz | Solutions de Chauffage Efficaces","og_description":"Les meilleurs chauffages \u00e0 tube infrarouge en quartz pour des solutions de chauffage efficaces et performantes. Nos chauffages de haute qualit\u00e9 offrent une performance rapide et \u00e9conome en \u00e9nergie pour diverses applications. Obtenez des conseils d'experts et un service client exceptionnel pour trouver le produit parfait pour vos besoins. D\u00e9couvrez notre s\u00e9lection d\u00e8s aujourd'hui !","og_url":"https:\/\/cheri-heater.com\/fr\/product\/quatz-infrared-tube-heater\/","og_site_name":"Cheri Heater Technology Co.,Ltd.","article_modified_time":"2024-07-28T15:06:45+00:00","og_image":[{"width":720,"height":720,"url":"https:\/\/cheri-heater.com\/fr\/wp-content\/uploads\/2024\/06\/H0437ce83668549aabe81d9e1366bafc9u.jpg_720x720q50.jpg","type":"image\/jpeg"}],"twitter_card":"summary_large_image","twitter_misc":{"Est. reading time":"1 minute"},"schema":{"@context":"https:\/\/schema.org","@graph":[{"@type":"WebPage","@id":"https:\/\/cheri-heater.com\/fr\/product\/quatz-infrared-tube-heater\/","url":"https:\/\/cheri-heater.com\/fr\/product\/quatz-infrared-tube-heater\/","name":"Meilleurs Chauffages \u00e0 Tube Infrarouge en Quartz | Solutions de Chauffage Efficaces","isPartOf":{"@id":"https:\/\/cheri-heater.com\/fr\/#website"},"primaryImageOfPage":{"@id":"https:\/\/cheri-heater.com\/fr\/product\/quatz-infrared-tube-heater\/#primaryimage"},"image":{"@id":"https:\/\/cheri-heater.com\/fr\/product\/quatz-infrared-tube-heater\/#primaryimage"},"thumbnailUrl":"https:\/\/cheri-heater.com\/fr\/wp-content\/uploads\/2024\/06\/H0437ce83668549aabe81d9e1366bafc9u.jpg_720x720q50.jpg","datePublished":"2024-06-05T17:25:30+00:00","dateModified":"2024-07-28T15:06:45+00:00","description":"Les meilleurs chauffages \u00e0 tube infrarouge en quartz pour des solutions de chauffage efficaces et performantes. Nos chauffages de haute qualit\u00e9 offrent une performance rapide et \u00e9conome en \u00e9nergie pour diverses applications. Obtenez des conseils d'experts et un service client exceptionnel pour trouver le produit parfait pour vos besoins. D\u00e9couvrez notre s\u00e9lection d\u00e8s aujourd'hui !","breadcrumb":{"@id":"https:\/\/cheri-heater.com\/fr\/product\/quatz-infrared-tube-heater\/#breadcrumb"},"inLanguage":"en-US","potentialAction":[{"@type":"ReadAction","target":["https:\/\/cheri-heater.com\/fr\/product\/quatz-infrared-tube-heater\/"]}]},{"@type":"ImageObject","inLanguage":"en-US","@id":"https:\/\/cheri-heater.com\/fr\/product\/quatz-infrared-tube-heater\/#primaryimage","url":"https:\/\/cheri-heater.com\/fr\/wp-content\/uploads\/2024\/06\/H0437ce83668549aabe81d9e1366bafc9u.jpg_720x720q50.jpg","contentUrl":"https:\/\/cheri-heater.com\/fr\/wp-content\/uploads\/2024\/06\/H0437ce83668549aabe81d9e1366bafc9u.jpg_720x720q50.jpg","width":720,"height":720},{"@type":"BreadcrumbList","@id":"https:\/\/cheri-heater.com\/fr\/product\/quatz-infrared-tube-heater\/#breadcrumb","itemListElement":[{"@type":"ListItem","position":1,"name":"Home","item":"https:\/\/cheri-heater.com\/fr\/"},{"@type":"ListItem","position":2,"name":"Products","item":"https:\/\/cheri-heater.com\/fr\/products\/"},{"@type":"ListItem","position":3,"name":"chauffage \u00e0 tube infrarouge en quartz"}]},{"@type":"WebSite","@id":"https:\/\/cheri-heater.com\/fr\/#website","url":"https:\/\/cheri-heater.com\/fr\/","name":"Cheri Heater Technology Co.,Ltd.","description":"","publisher":{"@id":"https:\/\/cheri-heater.com\/fr\/#organization"},"potentialAction":[{"@type":"SearchAction","target":{"@type":"EntryPoint","urlTemplate":"https:\/\/cheri-heater.com\/fr\/?s={search_term_string}"},"query-input":{"@type":"PropertyValueSpecification","valueRequired":true,"valueName":"search_term_string"}}],"inLanguage":"en-US"},{"@type":"Organization","@id":"https:\/\/cheri-heater.com\/fr\/#organization","name":"Cheri Heater Technology Co.,Ltd.","url":"https:\/\/cheri-heater.com\/fr\/","logo":{"@type":"ImageObject","inLanguage":"en-US","@id":"https:\/\/cheri-heater.com\/fr\/#\/schema\/logo\/image\/","url":"https:\/\/cheri-heater.com\/fr\/wp-content\/uploads\/2024\/06\/cropped-logo-resize.png","contentUrl":"https:\/\/cheri-heater.com\/fr\/wp-content\/uploads\/2024\/06\/cropped-logo-resize.png","width":346,"height":99,"caption":"Cheri Heater Technology Co.,Ltd."},"image":{"@id":"https:\/\/cheri-heater.com\/fr\/#\/schema\/logo\/image\/"}}]}},"_links":{"self":[{"href":"https:\/\/cheri-heater.com\/fr\/wp-json\/wp\/v2\/product\/1128","targetHints":{"allow":["GET"]}}],"collection":[{"href":"https:\/\/cheri-heater.com\/fr\/wp-json\/wp\/v2\/product"}],"about":[{"href":"https:\/\/cheri-heater.com\/fr\/wp-json\/wp\/v2\/types\/product"}],"wp:featuredmedia":[{"embeddable":true,"href":"https:\/\/cheri-heater.com\/fr\/wp-json\/wp\/v2\/media\/1158"}],"wp:attachment":[{"href":"https:\/\/cheri-heater.com\/fr\/wp-json\/wp\/v2\/media?parent=1128"}],"wp:term":[{"taxonomy":"product_brand","embeddable":true,"href":"https:\/\/cheri-heater.com\/fr\/wp-json\/wp\/v2\/product_brand?post=1128"},{"taxonomy":"product_cat","embeddable":true,"href":"https:\/\/cheri-heater.com\/fr\/wp-json\/wp\/v2\/product_cat?post=1128"},{"taxonomy":"product_tag","embeddable":true,"href":"https:\/\/cheri-heater.com\/fr\/wp-json\/wp\/v2\/product_tag?post=1128"}],"curies":[{"name":"wp","href":"https:\/\/api.w.org\/{rel}","templated":true}]}}