{"id":1129,"date":"2024-06-05T17:26:49","date_gmt":"2024-06-05T17:26:49","guid":{"rendered":"https:\/\/cheri-heater.com\/fr\/?post_type=product&#038;p=1129"},"modified":"2024-07-28T15:27:31","modified_gmt":"2024-07-28T15:27:31","slug":"thread-tubular-heater","status":"publish","type":"product","link":"https:\/\/cheri-heater.com\/fr\/product\/thread-tubular-heater\/","title":{"rendered":"chauffage tubulaire \u00e0 filetage"},"content":{"rendered":"<p align=\"left\"><span style=\"font-family: Arial, sans-serif;\"><span style=\"font-size: medium;\"><span style=\"color: #333333;\">Une large s\u00e9lection de tailles de bouchons viss\u00e9s, de puissances en kilowatts, de tensions, de mat\u00e9riaux de gaine, de bo\u00eetiers de bornes et de thermostats fait de ces chauffages compacts une solution id\u00e9ale pour tous types d&#8217;applications.<\/span><\/span><\/span><\/p>\n<table width=\"750\" cellspacing=\"0\" cellpadding=\"0\">\n<tbody>\n<tr valign=\"top\">\n<td width=\"179\">\n<p class=\"western\" align=\"left\"><span style=\"font-size: large;\"><b><span style=\"font-family: \u5b8b\u4f53;\">Nom du produit<\/span><\/b><\/span><\/p>\n<\/td>\n<td width=\"569\">\n<p class=\"western\" align=\"left\"><span style=\"font-family: \u5b8b\u4f53;\"><span style=\"font-size: large;\"><span lang=\"en-US\">Chauffe-immersion tubulaire \u00e0 filetage<\/span><\/span><\/span><\/p>\n<\/td>\n<\/tr>\n<tr valign=\"top\">\n<td width=\"179\">\n<p class=\"western\" align=\"left\"><span style=\"font-size: large;\"><b><span style=\"font-family: \u5b8b\u4f53;\">Avantage<\/span><\/b><\/span><\/p>\n<\/td>\n<td width=\"569\">\n<p class=\"western\" align=\"left\"><span style=\"font-size: large;\"><span style=\"font-family: \u5b8b\u4f53;\">temp\u00e9rature de fonctionnement \u00e9lev\u00e9e et longue dur\u00e9e de vie<\/span><\/span><\/p>\n<\/td>\n<\/tr>\n<tr valign=\"top\">\n<td width=\"179\">\n<p class=\"western\" align=\"left\"><span style=\"font-size: large;\"><b><span style=\"font-family: \u5b8b\u4f53;\">Certification<\/span><\/b><\/span><\/p>\n<\/td>\n<td width=\"569\">\n<p class=\"western\" align=\"left\"><span style=\"font-family: \u5b8b\u4f53;\"><span style=\"font-size: large;\">CE<\/span><\/span><\/p>\n<\/td>\n<\/tr>\n<tr valign=\"top\">\n<td width=\"179\">\n<p class=\"western\" align=\"left\"><span style=\"font-size: large;\"><b><span style=\"font-family: \u5b8b\u4f53;\">\u00c9l\u00e9ment chauffant<\/span><\/b><\/span><\/p>\n<\/td>\n<td width=\"569\">\n<p class=\"western\" align=\"left\"><span style=\"font-size: large;\"><span style=\"font-family: \u5b8b\u4f53;\">chauffe-eau<\/span><\/span><\/p>\n<\/td>\n<\/tr>\n<tr valign=\"top\">\n<td width=\"179\">\n<p class=\"western\" align=\"left\"><span style=\"font-size: large;\"><b><span style=\"font-family: \u5b8b\u4f53;\">Tension<\/span><\/b><\/span><\/p>\n<\/td>\n<td width=\"569\">\n<p class=\"western\" align=\"left\"><span style=\"font-size: large;\"><span style=\"font-family: \u5b8b\u4f53;\">120V, 240V, 480V, 600V, etc.<\/span><\/span><\/p>\n<\/td>\n<\/tr>\n<tr valign=\"top\">\n<td width=\"179\">\n<p class=\"western\" align=\"left\"><span style=\"font-size: large;\"><b><span style=\"font-family: \u5b8b\u4f53;\">Puissance<\/span><\/b><\/span><\/p>\n<\/td>\n<td width=\"569\">\n<p class=\"western\" align=\"left\"><span style=\"font-family: \u5b8b\u4f53;\"><span style=\"font-size: large;\"><span lang=\"en-US\">50-<\/span><\/span><\/span><span style=\"font-family: \u5b8b\u4f53;\"><span style=\"font-size: large;\"><span lang=\"en-US\">15<\/span><\/span><\/span><span style=\"font-family: \u5b8b\u4f53;\"><span style=\"font-size: large;\"><span lang=\"en-US\">000W, ou personnalis\u00e9<\/span><\/span><\/span><\/p>\n<\/td>\n<\/tr>\n<tr valign=\"top\">\n<td width=\"179\">\n<p class=\"western\" align=\"left\"><span style=\"font-size: large;\"><b><span style=\"font-family: \u5b8b\u4f53;\">\u00c9paisseur<\/span><\/b><\/span><\/p>\n<\/td>\n<td width=\"569\">\n<p class=\"western\" align=\"left\"><span style=\"font-size: large;\"><span style=\"font-family: \u5b8b\u4f53;\">personnalis\u00e9<\/span><\/span><\/p>\n<\/td>\n<\/tr>\n<tr valign=\"top\">\n<td width=\"179\">\n<p class=\"western\" align=\"left\"><span style=\"font-size: large;\"><b><span style=\"font-family: \u5b8b\u4f53;\">Date de livraison<\/span><\/b><\/span><\/p>\n<\/td>\n<td width=\"569\">\n<p class=\"western\" align=\"left\"><span style=\"font-size: large;\"><span style=\"font-family: \u5b8b\u4f53;\">7-15 jours<\/span><\/span><\/p>\n<\/td>\n<\/tr>\n<tr valign=\"top\">\n<td width=\"179\">\n<p class=\"western\" align=\"left\"><span style=\"font-size: large;\"><b><span style=\"font-family: \u5b8b\u4f53;\">Garantie<\/span><\/b><\/span><\/p>\n<\/td>\n<td width=\"569\">\n<p class=\"western\" align=\"left\"><span style=\"font-size: large;\"><span style=\"font-family: \u5b8b\u4f53;\">1 an<\/span><\/span><\/p>\n<\/td>\n<\/tr>\n<\/tbody>\n<\/table>\n","protected":false},"excerpt":{"rendered":"<p>Les chauffages \u00e0 bride d&#8217;immersion tubulaires \u00e9lectriques pour eau industrielle avec contr\u00f4le de la temp\u00e9rature sont directement ins\u00e9r\u00e9s par une ouverture filet\u00e9e dans la paroi d&#8217;un r\u00e9servoir ou par un raccord de tuyau correspondant ou un demi-raccord. Les tailles des chauffages \u00e0 visser sont disponibles avec des filetages de tuyau de 1&#8243;, 1-1\/4&#8243;, 1-1\/2&#8243;, 2&#8243;, 2-1\/2&#8243;.<\/p>\n","protected":false},"featured_media":1161,"template":"","meta":[],"product_brand":[],"product_cat":[28],"product_tag":[],"class_list":{"0":"post-1129","1":"product","2":"type-product","3":"status-publish","4":"has-post-thumbnail","6":"product_cat-tubular-heater","8":"first","9":"instock","10":"shipping-taxable","11":"product-type-simple"},"yoast_head":"<!-- This site is optimized with the Yoast SEO plugin v27.3 - https:\/\/yoast.com\/product\/yoast-seo-wordpress\/ -->\n<title>Chauffage Tubulaire \u00e0 Filetage Efficace pour des Solutions de Chauffage Fiables<\/title>\n<meta name=\"description\" content=\"Notre chauffage tubulaire \u00e0 filetage de haute qualit\u00e9, con\u00e7u pour des solutions de chauffage efficaces et fiables. Parfait pour diverses applications, nos chauffages garantissent une performance optimale et une durabilit\u00e9. Explorez maintenant!\" \/>\n<meta name=\"robots\" content=\"index, follow, max-snippet:-1, max-image-preview:large, max-video-preview:-1\" \/>\n<link rel=\"canonical\" href=\"https:\/\/cheri-heater.com\/fr\/product\/thread-tubular-heater\/\" \/>\n<meta property=\"og:locale\" content=\"en_US\" \/>\n<meta property=\"og:type\" content=\"article\" \/>\n<meta property=\"og:title\" content=\"Chauffage Tubulaire \u00e0 Filetage Efficace pour des Solutions de Chauffage Fiables\" \/>\n<meta property=\"og:description\" content=\"Notre chauffage tubulaire \u00e0 filetage de haute qualit\u00e9, con\u00e7u pour des solutions de chauffage efficaces et fiables. Parfait pour diverses applications, nos chauffages garantissent une performance optimale et une durabilit\u00e9. Explorez maintenant!\" \/>\n<meta property=\"og:url\" content=\"https:\/\/cheri-heater.com\/fr\/product\/thread-tubular-heater\/\" \/>\n<meta property=\"og:site_name\" content=\"Cheri Heater Technology Co.,Ltd.\" \/>\n<meta property=\"article:modified_time\" content=\"2024-07-28T15:27:31+00:00\" \/>\n<meta property=\"og:image\" content=\"https:\/\/cheri-heater.com\/fr\/wp-content\/uploads\/2024\/06\/Cheri-Electrothermal-Equipment-Limited-Company-5.jpg\" \/>\n\t<meta property=\"og:image:width\" content=\"712\" \/>\n\t<meta property=\"og:image:height\" content=\"579\" \/>\n\t<meta property=\"og:image:type\" content=\"image\/jpeg\" \/>\n<meta name=\"twitter:card\" content=\"summary_large_image\" \/>\n<meta name=\"twitter:label1\" content=\"Est. reading time\" \/>\n\t<meta name=\"twitter:data1\" content=\"1 minute\" \/>\n<!-- \/ Yoast SEO plugin. -->","yoast_head_json":{"title":"Chauffage Tubulaire \u00e0 Filetage Efficace pour des Solutions de Chauffage Fiables","description":"Notre chauffage tubulaire \u00e0 filetage de haute qualit\u00e9, con\u00e7u pour des solutions de chauffage efficaces et fiables. Parfait pour diverses applications, nos chauffages garantissent une performance optimale et une durabilit\u00e9. Explorez maintenant!","robots":{"index":"index","follow":"follow","max-snippet":"max-snippet:-1","max-image-preview":"max-image-preview:large","max-video-preview":"max-video-preview:-1"},"canonical":"https:\/\/cheri-heater.com\/fr\/product\/thread-tubular-heater\/","og_locale":"en_US","og_type":"article","og_title":"Chauffage Tubulaire \u00e0 Filetage Efficace pour des Solutions de Chauffage Fiables","og_description":"Notre chauffage tubulaire \u00e0 filetage de haute qualit\u00e9, con\u00e7u pour des solutions de chauffage efficaces et fiables. Parfait pour diverses applications, nos chauffages garantissent une performance optimale et une durabilit\u00e9. Explorez maintenant!","og_url":"https:\/\/cheri-heater.com\/fr\/product\/thread-tubular-heater\/","og_site_name":"Cheri Heater Technology Co.,Ltd.","article_modified_time":"2024-07-28T15:27:31+00:00","og_image":[{"width":712,"height":579,"url":"https:\/\/cheri-heater.com\/fr\/wp-content\/uploads\/2024\/06\/Cheri-Electrothermal-Equipment-Limited-Company-5.jpg","type":"image\/jpeg"}],"twitter_card":"summary_large_image","twitter_misc":{"Est. reading time":"1 minute"},"schema":{"@context":"https:\/\/schema.org","@graph":[{"@type":"WebPage","@id":"https:\/\/cheri-heater.com\/fr\/product\/thread-tubular-heater\/","url":"https:\/\/cheri-heater.com\/fr\/product\/thread-tubular-heater\/","name":"Chauffage Tubulaire \u00e0 Filetage Efficace pour des Solutions de Chauffage Fiables","isPartOf":{"@id":"https:\/\/cheri-heater.com\/fr\/#website"},"primaryImageOfPage":{"@id":"https:\/\/cheri-heater.com\/fr\/product\/thread-tubular-heater\/#primaryimage"},"image":{"@id":"https:\/\/cheri-heater.com\/fr\/product\/thread-tubular-heater\/#primaryimage"},"thumbnailUrl":"https:\/\/cheri-heater.com\/fr\/wp-content\/uploads\/2024\/06\/Cheri-Electrothermal-Equipment-Limited-Company-5.jpg","datePublished":"2024-06-05T17:26:49+00:00","dateModified":"2024-07-28T15:27:31+00:00","description":"Notre chauffage tubulaire \u00e0 filetage de haute qualit\u00e9, con\u00e7u pour des solutions de chauffage efficaces et fiables. Parfait pour diverses applications, nos chauffages garantissent une performance optimale et une durabilit\u00e9. Explorez maintenant!","breadcrumb":{"@id":"https:\/\/cheri-heater.com\/fr\/product\/thread-tubular-heater\/#breadcrumb"},"inLanguage":"en-US","potentialAction":[{"@type":"ReadAction","target":["https:\/\/cheri-heater.com\/fr\/product\/thread-tubular-heater\/"]}]},{"@type":"ImageObject","inLanguage":"en-US","@id":"https:\/\/cheri-heater.com\/fr\/product\/thread-tubular-heater\/#primaryimage","url":"https:\/\/cheri-heater.com\/fr\/wp-content\/uploads\/2024\/06\/Cheri-Electrothermal-Equipment-Limited-Company-5.jpg","contentUrl":"https:\/\/cheri-heater.com\/fr\/wp-content\/uploads\/2024\/06\/Cheri-Electrothermal-Equipment-Limited-Company-5.jpg","width":712,"height":579},{"@type":"BreadcrumbList","@id":"https:\/\/cheri-heater.com\/fr\/product\/thread-tubular-heater\/#breadcrumb","itemListElement":[{"@type":"ListItem","position":1,"name":"Home","item":"https:\/\/cheri-heater.com\/fr\/"},{"@type":"ListItem","position":2,"name":"Products","item":"https:\/\/cheri-heater.com\/fr\/products\/"},{"@type":"ListItem","position":3,"name":"chauffage tubulaire \u00e0 filetage"}]},{"@type":"WebSite","@id":"https:\/\/cheri-heater.com\/fr\/#website","url":"https:\/\/cheri-heater.com\/fr\/","name":"Cheri Heater Technology Co.,Ltd.","description":"","publisher":{"@id":"https:\/\/cheri-heater.com\/fr\/#organization"},"potentialAction":[{"@type":"SearchAction","target":{"@type":"EntryPoint","urlTemplate":"https:\/\/cheri-heater.com\/fr\/?s={search_term_string}"},"query-input":{"@type":"PropertyValueSpecification","valueRequired":true,"valueName":"search_term_string"}}],"inLanguage":"en-US"},{"@type":"Organization","@id":"https:\/\/cheri-heater.com\/fr\/#organization","name":"Cheri Heater Technology Co.,Ltd.","url":"https:\/\/cheri-heater.com\/fr\/","logo":{"@type":"ImageObject","inLanguage":"en-US","@id":"https:\/\/cheri-heater.com\/fr\/#\/schema\/logo\/image\/","url":"https:\/\/cheri-heater.com\/fr\/wp-content\/uploads\/2024\/06\/cropped-logo-resize.png","contentUrl":"https:\/\/cheri-heater.com\/fr\/wp-content\/uploads\/2024\/06\/cropped-logo-resize.png","width":346,"height":99,"caption":"Cheri Heater Technology Co.,Ltd."},"image":{"@id":"https:\/\/cheri-heater.com\/fr\/#\/schema\/logo\/image\/"}}]}},"_links":{"self":[{"href":"https:\/\/cheri-heater.com\/fr\/wp-json\/wp\/v2\/product\/1129","targetHints":{"allow":["GET"]}}],"collection":[{"href":"https:\/\/cheri-heater.com\/fr\/wp-json\/wp\/v2\/product"}],"about":[{"href":"https:\/\/cheri-heater.com\/fr\/wp-json\/wp\/v2\/types\/product"}],"wp:featuredmedia":[{"embeddable":true,"href":"https:\/\/cheri-heater.com\/fr\/wp-json\/wp\/v2\/media\/1161"}],"wp:attachment":[{"href":"https:\/\/cheri-heater.com\/fr\/wp-json\/wp\/v2\/media?parent=1129"}],"wp:term":[{"taxonomy":"product_brand","embeddable":true,"href":"https:\/\/cheri-heater.com\/fr\/wp-json\/wp\/v2\/product_brand?post=1129"},{"taxonomy":"product_cat","embeddable":true,"href":"https:\/\/cheri-heater.com\/fr\/wp-json\/wp\/v2\/product_cat?post=1129"},{"taxonomy":"product_tag","embeddable":true,"href":"https:\/\/cheri-heater.com\/fr\/wp-json\/wp\/v2\/product_tag?post=1129"}],"curies":[{"name":"wp","href":"https:\/\/api.w.org\/{rel}","templated":true}]}}